{"id":33562,"date":"2025-02-17T09:00:22","date_gmt":"2025-02-17T12:00:22","guid":{"rendered":"https:\/\/probelle.com.br\/?post_type=product&#038;p=33562"},"modified":"2025-02-25T09:15:34","modified_gmt":"2025-02-25T12:15:34","slug":"esfoliante-rostocorpo-150g-pessego","status":"publish","type":"product","link":"https:\/\/probelle.com.br\/es\/produto\/esfoliante-rostocorpo-150g-pessego\/","title":{"rendered":"Esfoliante Rosto&#038;Corpo 150g &#8211; P\u00eassego"},"content":{"rendered":"<p>Revele a beleza radiante da sua pele com o toque aveludado do p\u00eassego! Nosso Esfoliante Corporal e Facial de P\u00eassego, formulado com part\u00edculas esfoliantes naturais e Niacinamida, oferece 12 benef\u00edcios para a pele, incluindo limpeza profunda, remo\u00e7\u00e3o de c\u00e9lulas mortas, combate \u00e0 celulite e hidrata\u00e7\u00e3o intensa. A Niacinamida, um antioxidante poderoso, ajuda a uniformizar o tom da pele, reduzir manchas e prevenir o envelhecimento precoce, enquanto a Polpa de P\u00eassego, rica em vitaminas, nutre profundamente. O resultado \u00e9 uma pele mais suave, com brilho natural e um toque aveludado. Experimente agora e sinta sua pele renovada, mais firme e radiante.<\/p>\n<p><strong>Como Usar:<\/strong><br \/>\nAplique sobre a pele limpa e \u00famida durante o banho ou ap\u00f3s o banho. Massageie suavemente com movimentos circulares e enx\u00e1gue com \u00e1gua morna. Evite a \u00e1rea dos olhos.<\/p>\n","protected":false},"excerpt":{"rendered":"<p>Revitalize sua pele com o poder nutritivo do p\u00eassego! Este esfoliante 12 em 1 proporciona uma limpeza profunda, remove c\u00e9lulas mortas, uniformiza o tom e hidrata a pele, deixando um toque aveludado e um brilho natural. Com Niacinamida e Polpa de P\u00eassego, sua pele fica mais suave, nutrida e com apar\u00eancia rejuvenescida.<\/p>\n","protected":false},"featured_media":33567,"template":"","meta":{"_joinchat":[]},"product_brand":[],"product_cat":[24],"product_tag":[594],"class_list":{"0":"post-33562","1":"product","2":"type-product","3":"status-publish","4":"has-post-thumbnail","6":"product_cat-sem-categoria","7":"product_tag-produtos-probelle","9":"first","10":"instock","11":"shipping-taxable","12":"purchasable","13":"product-type-simple"},"yoast_head":"<!-- This site is optimized with the Yoast SEO Premium plugin v23.5 (Yoast SEO v26.5) - https:\/\/yoast.com\/wordpress\/plugins\/seo\/ -->\n<title>Esfoliante Rosto&amp;Corpo 150g - P\u00eassego ~ Probelle Cosm\u00e9ticos<\/title>\n<meta name=\"description\" content=\"Nosso Esfoliante Corporal e Facial de P\u00eassego, formulado com part\u00edculas esfoliantes naturais e Niacinamida, oferece 12 benef\u00edcios para a pele!\" \/>\n<meta name=\"robots\" content=\"index, follow, max-snippet:-1, max-image-preview:large, max-video-preview:-1\" \/>\n<link rel=\"canonical\" href=\"https:\/\/probelle.com.br\/es\/produto\/esfoliante-rostocorpo-150g-pessego\/\" \/>\n<meta property=\"og:locale\" content=\"es_ES\" \/>\n<meta property=\"og:type\" content=\"article\" \/>\n<meta property=\"og:title\" content=\"Esfoliante Rosto&amp;Corpo 150g - P\u00eassego\" \/>\n<meta property=\"og:description\" content=\"Nosso Esfoliante Corporal e Facial de P\u00eassego, formulado com part\u00edculas esfoliantes naturais e Niacinamida, oferece 12 benef\u00edcios para a pele!\" \/>\n<meta property=\"og:url\" content=\"https:\/\/probelle.com.br\/es\/produto\/esfoliante-rostocorpo-150g-pessego\/\" \/>\n<meta property=\"og:site_name\" content=\"Probelle Cosm\u00e9ticos\" \/>\n<meta property=\"article:publisher\" content=\"https:\/\/www.facebook.com\/probelle\/\" \/>\n<meta property=\"article:modified_time\" content=\"2025-02-25T12:15:34+00:00\" \/>\n<meta property=\"og:image\" content=\"https:\/\/probelle.com.br\/wp-content\/uploads\/2025\/02\/Esfoliante-150g-Pessego.png\" \/>\n\t<meta property=\"og:image:width\" content=\"400\" \/>\n\t<meta property=\"og:image:height\" content=\"400\" \/>\n\t<meta property=\"og:image:type\" content=\"image\/png\" \/>\n<meta name=\"twitter:card\" content=\"summary_large_image\" \/>\n<meta name=\"twitter:label1\" content=\"Tiempo de lectura\" \/>\n\t<meta name=\"twitter:data1\" content=\"1 minuto\" \/>\n<script type=\"application\/ld+json\" class=\"yoast-schema-graph\">{\"@context\":\"https:\/\/schema.org\",\"@graph\":[{\"@type\":\"WebPage\",\"@id\":\"https:\/\/probelle.com.br\/es\/produto\/esfoliante-rostocorpo-150g-pessego\/\",\"url\":\"https:\/\/probelle.com.br\/es\/produto\/esfoliante-rostocorpo-150g-pessego\/\",\"name\":\"Esfoliante Rosto&Corpo 150g - P\u00eassego ~ Probelle Cosm\u00e9ticos\",\"isPartOf\":{\"@id\":\"https:\/\/probelle.com.br\/es\/#website\"},\"primaryImageOfPage\":{\"@id\":\"https:\/\/probelle.com.br\/es\/produto\/esfoliante-rostocorpo-150g-pessego\/#primaryimage\"},\"image\":{\"@id\":\"https:\/\/probelle.com.br\/es\/produto\/esfoliante-rostocorpo-150g-pessego\/#primaryimage\"},\"thumbnailUrl\":\"https:\/\/probelle.com.br\/wp-content\/uploads\/2025\/02\/Esfoliante-150g-Pessego.png\",\"datePublished\":\"2025-02-17T12:00:22+00:00\",\"dateModified\":\"2025-02-25T12:15:34+00:00\",\"description\":\"Nosso Esfoliante Corporal e Facial de P\u00eassego, formulado com part\u00edculas esfoliantes naturais e Niacinamida, oferece 12 benef\u00edcios para a pele!\",\"breadcrumb\":{\"@id\":\"https:\/\/probelle.com.br\/es\/produto\/esfoliante-rostocorpo-150g-pessego\/#breadcrumb\"},\"inLanguage\":\"es\",\"potentialAction\":[{\"@type\":\"ReadAction\",\"target\":[\"https:\/\/probelle.com.br\/es\/produto\/esfoliante-rostocorpo-150g-pessego\/\"]}]},{\"@type\":\"ImageObject\",\"inLanguage\":\"es\",\"@id\":\"https:\/\/probelle.com.br\/es\/produto\/esfoliante-rostocorpo-150g-pessego\/#primaryimage\",\"url\":\"https:\/\/probelle.com.br\/wp-content\/uploads\/2025\/02\/Esfoliante-150g-Pessego.png\",\"contentUrl\":\"https:\/\/probelle.com.br\/wp-content\/uploads\/2025\/02\/Esfoliante-150g-Pessego.png\",\"width\":400,\"height\":400},{\"@type\":\"BreadcrumbList\",\"@id\":\"https:\/\/probelle.com.br\/es\/produto\/esfoliante-rostocorpo-150g-pessego\/#breadcrumb\",\"itemListElement\":[{\"@type\":\"ListItem\",\"position\":1,\"name\":\"Home\",\"item\":\"https:\/\/probelle.com.br\/es\/\"},{\"@type\":\"ListItem\",\"position\":2,\"name\":\"Loja\",\"item\":\"https:\/\/probelle.com.br\/loja\/\"},{\"@type\":\"ListItem\",\"position\":3,\"name\":\"Esfoliante Rosto&#038;Corpo 150g &#8211; P\u00eassego\"}]},{\"@type\":\"WebSite\",\"@id\":\"https:\/\/probelle.com.br\/es\/#website\",\"url\":\"https:\/\/probelle.com.br\/es\/\",\"name\":\"Probelle Cosm\u00e9ticos\",\"description\":\"Todo mundo tem em casa.\",\"publisher\":{\"@id\":\"https:\/\/probelle.com.br\/es\/#organization\"},\"potentialAction\":[{\"@type\":\"SearchAction\",\"target\":{\"@type\":\"EntryPoint\",\"urlTemplate\":\"https:\/\/probelle.com.br\/es\/?s={search_term_string}\"},\"query-input\":{\"@type\":\"PropertyValueSpecification\",\"valueRequired\":true,\"valueName\":\"search_term_string\"}}],\"inLanguage\":\"es\"},{\"@type\":\"Organization\",\"@id\":\"https:\/\/probelle.com.br\/es\/#organization\",\"name\":\"Probelle Cosm\u00e9ticos\",\"url\":\"https:\/\/probelle.com.br\/es\/\",\"logo\":{\"@type\":\"ImageObject\",\"inLanguage\":\"es\",\"@id\":\"https:\/\/probelle.com.br\/es\/#\/schema\/logo\/image\/\",\"url\":\"https:\/\/probelle.com.br\/wp-content\/uploads\/2022\/08\/Para-o-sitee.jpg\",\"contentUrl\":\"https:\/\/probelle.com.br\/wp-content\/uploads\/2022\/08\/Para-o-sitee.jpg\",\"width\":1000,\"height\":750,\"caption\":\"Probelle Cosm\u00e9ticos\"},\"image\":{\"@id\":\"https:\/\/probelle.com.br\/es\/#\/schema\/logo\/image\/\"},\"sameAs\":[\"https:\/\/www.facebook.com\/probelle\/\",\"https:\/\/www.instagram.com\/probellecosmeticos\/\",\"https:\/\/www.youtube.com\/c\/ProbelleCosm\u00e9ticos\/\",\"https:\/\/br.linkedin.com\/company\/probellecosmeticos\",\"https:\/\/br.pinterest.com\/probellecosmeticos\/\"]}]}<\/script>\n<!-- \/ Yoast SEO Premium plugin. -->","yoast_head_json":{"title":"Esfoliante Rosto&Corpo 150g - P\u00eassego ~ Probelle Cosm\u00e9ticos","description":"Nosso Esfoliante Corporal e Facial de P\u00eassego, formulado com part\u00edculas esfoliantes naturais e Niacinamida, oferece 12 benef\u00edcios para a pele!","robots":{"index":"index","follow":"follow","max-snippet":"max-snippet:-1","max-image-preview":"max-image-preview:large","max-video-preview":"max-video-preview:-1"},"canonical":"https:\/\/probelle.com.br\/es\/produto\/esfoliante-rostocorpo-150g-pessego\/","og_locale":"es_ES","og_type":"article","og_title":"Esfoliante Rosto&Corpo 150g - P\u00eassego","og_description":"Nosso Esfoliante Corporal e Facial de P\u00eassego, formulado com part\u00edculas esfoliantes naturais e Niacinamida, oferece 12 benef\u00edcios para a pele!","og_url":"https:\/\/probelle.com.br\/es\/produto\/esfoliante-rostocorpo-150g-pessego\/","og_site_name":"Probelle Cosm\u00e9ticos","article_publisher":"https:\/\/www.facebook.com\/probelle\/","article_modified_time":"2025-02-25T12:15:34+00:00","og_image":[{"width":400,"height":400,"url":"https:\/\/probelle.com.br\/wp-content\/uploads\/2025\/02\/Esfoliante-150g-Pessego.png","type":"image\/png"}],"twitter_card":"summary_large_image","twitter_misc":{"Tiempo de lectura":"1 minuto"},"schema":{"@context":"https:\/\/schema.org","@graph":[{"@type":"WebPage","@id":"https:\/\/probelle.com.br\/es\/produto\/esfoliante-rostocorpo-150g-pessego\/","url":"https:\/\/probelle.com.br\/es\/produto\/esfoliante-rostocorpo-150g-pessego\/","name":"Esfoliante Rosto&Corpo 150g - P\u00eassego ~ Probelle Cosm\u00e9ticos","isPartOf":{"@id":"https:\/\/probelle.com.br\/es\/#website"},"primaryImageOfPage":{"@id":"https:\/\/probelle.com.br\/es\/produto\/esfoliante-rostocorpo-150g-pessego\/#primaryimage"},"image":{"@id":"https:\/\/probelle.com.br\/es\/produto\/esfoliante-rostocorpo-150g-pessego\/#primaryimage"},"thumbnailUrl":"https:\/\/probelle.com.br\/wp-content\/uploads\/2025\/02\/Esfoliante-150g-Pessego.png","datePublished":"2025-02-17T12:00:22+00:00","dateModified":"2025-02-25T12:15:34+00:00","description":"Nosso Esfoliante Corporal e Facial de P\u00eassego, formulado com part\u00edculas esfoliantes naturais e Niacinamida, oferece 12 benef\u00edcios para a pele!","breadcrumb":{"@id":"https:\/\/probelle.com.br\/es\/produto\/esfoliante-rostocorpo-150g-pessego\/#breadcrumb"},"inLanguage":"es","potentialAction":[{"@type":"ReadAction","target":["https:\/\/probelle.com.br\/es\/produto\/esfoliante-rostocorpo-150g-pessego\/"]}]},{"@type":"ImageObject","inLanguage":"es","@id":"https:\/\/probelle.com.br\/es\/produto\/esfoliante-rostocorpo-150g-pessego\/#primaryimage","url":"https:\/\/probelle.com.br\/wp-content\/uploads\/2025\/02\/Esfoliante-150g-Pessego.png","contentUrl":"https:\/\/probelle.com.br\/wp-content\/uploads\/2025\/02\/Esfoliante-150g-Pessego.png","width":400,"height":400},{"@type":"BreadcrumbList","@id":"https:\/\/probelle.com.br\/es\/produto\/esfoliante-rostocorpo-150g-pessego\/#breadcrumb","itemListElement":[{"@type":"ListItem","position":1,"name":"Home","item":"https:\/\/probelle.com.br\/es\/"},{"@type":"ListItem","position":2,"name":"Loja","item":"https:\/\/probelle.com.br\/loja\/"},{"@type":"ListItem","position":3,"name":"Esfoliante Rosto&#038;Corpo 150g &#8211; P\u00eassego"}]},{"@type":"WebSite","@id":"https:\/\/probelle.com.br\/es\/#website","url":"https:\/\/probelle.com.br\/es\/","name":"Probelle Cosm\u00e9ticos","description":"Todo mundo tem em casa.","publisher":{"@id":"https:\/\/probelle.com.br\/es\/#organization"},"potentialAction":[{"@type":"SearchAction","target":{"@type":"EntryPoint","urlTemplate":"https:\/\/probelle.com.br\/es\/?s={search_term_string}"},"query-input":{"@type":"PropertyValueSpecification","valueRequired":true,"valueName":"search_term_string"}}],"inLanguage":"es"},{"@type":"Organization","@id":"https:\/\/probelle.com.br\/es\/#organization","name":"Probelle Cosm\u00e9ticos","url":"https:\/\/probelle.com.br\/es\/","logo":{"@type":"ImageObject","inLanguage":"es","@id":"https:\/\/probelle.com.br\/es\/#\/schema\/logo\/image\/","url":"https:\/\/probelle.com.br\/wp-content\/uploads\/2022\/08\/Para-o-sitee.jpg","contentUrl":"https:\/\/probelle.com.br\/wp-content\/uploads\/2022\/08\/Para-o-sitee.jpg","width":1000,"height":750,"caption":"Probelle Cosm\u00e9ticos"},"image":{"@id":"https:\/\/probelle.com.br\/es\/#\/schema\/logo\/image\/"},"sameAs":["https:\/\/www.facebook.com\/probelle\/","https:\/\/www.instagram.com\/probellecosmeticos\/","https:\/\/www.youtube.com\/c\/ProbelleCosm\u00e9ticos\/","https:\/\/br.linkedin.com\/company\/probellecosmeticos","https:\/\/br.pinterest.com\/probellecosmeticos\/"]}]}},"_links":{"self":[{"href":"https:\/\/probelle.com.br\/es\/wp-json\/wp\/v2\/product\/33562","targetHints":{"allow":["GET"]}}],"collection":[{"href":"https:\/\/probelle.com.br\/es\/wp-json\/wp\/v2\/product"}],"about":[{"href":"https:\/\/probelle.com.br\/es\/wp-json\/wp\/v2\/types\/product"}],"wp:featuredmedia":[{"embeddable":true,"href":"https:\/\/probelle.com.br\/es\/wp-json\/wp\/v2\/media\/33567"}],"wp:attachment":[{"href":"https:\/\/probelle.com.br\/es\/wp-json\/wp\/v2\/media?parent=33562"}],"wp:term":[{"taxonomy":"product_brand","embeddable":true,"href":"https:\/\/probelle.com.br\/es\/wp-json\/wp\/v2\/product_brand?post=33562"},{"taxonomy":"product_cat","embeddable":true,"href":"https:\/\/probelle.com.br\/es\/wp-json\/wp\/v2\/product_cat?post=33562"},{"taxonomy":"product_tag","embeddable":true,"href":"https:\/\/probelle.com.br\/es\/wp-json\/wp\/v2\/product_tag?post=33562"}],"curies":[{"name":"wp","href":"https:\/\/api.w.org\/{rel}","templated":true}]}}