{"id":32283,"date":"2024-12-12T10:54:19","date_gmt":"2024-12-12T13:54:19","guid":{"rendered":"https:\/\/probelle.com.br\/?post_type=product&#038;p=32283"},"modified":"2024-12-12T10:54:21","modified_gmt":"2024-12-12T13:54:21","slug":"gelatina-infantil-carinho-uva","status":"publish","type":"product","link":"https:\/\/probelle.com.br\/es\/produto\/gelatina-infantil-carinho-uva\/","title":{"rendered":"Gelatina Ativadora Carinho Uva"},"content":{"rendered":"<p>A <strong>Gelatina Carinho Uva<\/strong> \u00e9 a escolha perfeita para definir e hidratar seus cachos com uma textura leve e n\u00e3o pegajosa. Ela proporciona cachos macios, sem frizz e com um brilho incr\u00edvel. Enriquecida com <strong>\u00d3leo de Uva<\/strong> e <strong>\u00d3leo de Coco<\/strong>, a f\u00f3rmula nutre profundamente os fios, deixando-os mais macios e radiantes. O <strong>Extrato de Aloe Vera<\/strong> acalma o couro cabeludo, enquanto a <strong>Glicerina<\/strong> mant\u00e9m a hidrata\u00e7\u00e3o natural dos cabelos. Al\u00e9m de definir os cachos, ela controla o volume e reduz o frizz, tornando os cabelos mais f\u00e1ceis de pentear e estilizar. Sua f\u00f3rmula <strong>hipoalerg\u00eanica<\/strong> e <strong>vegana<\/strong> \u00e9 dermatologicamente testada, garantindo seguran\u00e7a e efic\u00e1cia, inclusive para o uso infantil.<\/p>\n","protected":false},"excerpt":{"rendered":"<p>A <strong>Gelatina Carinho Uva<\/strong> define, hidrata e controla o volume dos cachos, deixando-os macios, com brilho e sem frizz. Enriquecida com \u00d3leo de Uva e Coco, \u00e9 hipoalerg\u00eanica, vegana e dermatologicamente testada.<\/p>\n","protected":false},"featured_media":32284,"template":"","meta":{"_joinchat":[]},"product_brand":[],"product_cat":[823],"product_tag":[594],"class_list":{"0":"post-32283","1":"product","2":"type-product","3":"status-publish","4":"has-post-thumbnail","6":"product_cat-carinho","7":"product_tag-produtos-probelle","9":"first","10":"instock","11":"shipping-taxable","12":"purchasable","13":"product-type-simple"},"yoast_head":"<!-- This site is optimized with the Yoast SEO Premium plugin v23.5 (Yoast SEO v26.5) - https:\/\/yoast.com\/wordpress\/plugins\/seo\/ -->\n<title>Gelatina Ativadora Carinho Uva ~ Probelle Cosm\u00e9ticos<\/title>\n<meta name=\"description\" content=\"Gelatina Carinho Uva define e hidrata cachos com brilho e sem frizz. Enriquecida com \u00d3leo de Uva e Coco, acalma o couro cabeludo e mant\u00e9m a hidrata\u00e7\u00e3o, sendo hipoalerg\u00eanica, vegana e segura para uso infantil.\" \/>\n<meta name=\"robots\" content=\"index, follow, max-snippet:-1, max-image-preview:large, max-video-preview:-1\" \/>\n<link rel=\"canonical\" href=\"https:\/\/probelle.com.br\/es\/produto\/gelatina-infantil-carinho-uva\/\" \/>\n<meta property=\"og:locale\" content=\"es_ES\" \/>\n<meta property=\"og:type\" content=\"article\" \/>\n<meta property=\"og:title\" content=\"Gelatina Ativadora Carinho Uva\" \/>\n<meta property=\"og:description\" content=\"Gelatina Carinho Uva define e hidrata cachos com brilho e sem frizz. Enriquecida com \u00d3leo de Uva e Coco, acalma o couro cabeludo e mant\u00e9m a hidrata\u00e7\u00e3o, sendo hipoalerg\u00eanica, vegana e segura para uso infantil.\" \/>\n<meta property=\"og:url\" content=\"https:\/\/probelle.com.br\/es\/produto\/gelatina-infantil-carinho-uva\/\" \/>\n<meta property=\"og:site_name\" content=\"Probelle Cosm\u00e9ticos\" \/>\n<meta property=\"article:publisher\" content=\"https:\/\/www.facebook.com\/probelle\/\" \/>\n<meta property=\"article:modified_time\" content=\"2024-12-12T13:54:21+00:00\" \/>\n<meta property=\"og:image\" content=\"https:\/\/probelle.com.br\/wp-content\/uploads\/2024\/12\/Carinho-Uva.png\" \/>\n\t<meta property=\"og:image:width\" content=\"400\" \/>\n\t<meta property=\"og:image:height\" content=\"400\" \/>\n\t<meta property=\"og:image:type\" content=\"image\/png\" \/>\n<meta name=\"twitter:card\" content=\"summary_large_image\" \/>\n<meta name=\"twitter:label1\" content=\"Tiempo de lectura\" \/>\n\t<meta name=\"twitter:data1\" content=\"1 minuto\" \/>\n<script type=\"application\/ld+json\" class=\"yoast-schema-graph\">{\"@context\":\"https:\/\/schema.org\",\"@graph\":[{\"@type\":\"WebPage\",\"@id\":\"https:\/\/probelle.com.br\/es\/produto\/gelatina-infantil-carinho-uva\/\",\"url\":\"https:\/\/probelle.com.br\/es\/produto\/gelatina-infantil-carinho-uva\/\",\"name\":\"Gelatina Ativadora Carinho Uva ~ Probelle Cosm\u00e9ticos\",\"isPartOf\":{\"@id\":\"https:\/\/probelle.com.br\/es\/#website\"},\"primaryImageOfPage\":{\"@id\":\"https:\/\/probelle.com.br\/es\/produto\/gelatina-infantil-carinho-uva\/#primaryimage\"},\"image\":{\"@id\":\"https:\/\/probelle.com.br\/es\/produto\/gelatina-infantil-carinho-uva\/#primaryimage\"},\"thumbnailUrl\":\"https:\/\/probelle.com.br\/wp-content\/uploads\/2024\/12\/Carinho-Uva.png\",\"datePublished\":\"2024-12-12T13:54:19+00:00\",\"dateModified\":\"2024-12-12T13:54:21+00:00\",\"description\":\"Gelatina Carinho Uva define e hidrata cachos com brilho e sem frizz. Enriquecida com \u00d3leo de Uva e Coco, acalma o couro cabeludo e mant\u00e9m a hidrata\u00e7\u00e3o, sendo hipoalerg\u00eanica, vegana e segura para uso infantil.\",\"breadcrumb\":{\"@id\":\"https:\/\/probelle.com.br\/es\/produto\/gelatina-infantil-carinho-uva\/#breadcrumb\"},\"inLanguage\":\"es\",\"potentialAction\":[{\"@type\":\"ReadAction\",\"target\":[\"https:\/\/probelle.com.br\/es\/produto\/gelatina-infantil-carinho-uva\/\"]}]},{\"@type\":\"ImageObject\",\"inLanguage\":\"es\",\"@id\":\"https:\/\/probelle.com.br\/es\/produto\/gelatina-infantil-carinho-uva\/#primaryimage\",\"url\":\"https:\/\/probelle.com.br\/wp-content\/uploads\/2024\/12\/Carinho-Uva.png\",\"contentUrl\":\"https:\/\/probelle.com.br\/wp-content\/uploads\/2024\/12\/Carinho-Uva.png\",\"width\":400,\"height\":400},{\"@type\":\"BreadcrumbList\",\"@id\":\"https:\/\/probelle.com.br\/es\/produto\/gelatina-infantil-carinho-uva\/#breadcrumb\",\"itemListElement\":[{\"@type\":\"ListItem\",\"position\":1,\"name\":\"Home\",\"item\":\"https:\/\/probelle.com.br\/es\/\"},{\"@type\":\"ListItem\",\"position\":2,\"name\":\"Loja\",\"item\":\"https:\/\/probelle.com.br\/loja\/\"},{\"@type\":\"ListItem\",\"position\":3,\"name\":\"Gelatina Ativadora Carinho Uva\"}]},{\"@type\":\"WebSite\",\"@id\":\"https:\/\/probelle.com.br\/es\/#website\",\"url\":\"https:\/\/probelle.com.br\/es\/\",\"name\":\"Probelle Cosm\u00e9ticos\",\"description\":\"Todo mundo tem em casa.\",\"publisher\":{\"@id\":\"https:\/\/probelle.com.br\/es\/#organization\"},\"potentialAction\":[{\"@type\":\"SearchAction\",\"target\":{\"@type\":\"EntryPoint\",\"urlTemplate\":\"https:\/\/probelle.com.br\/es\/?s={search_term_string}\"},\"query-input\":{\"@type\":\"PropertyValueSpecification\",\"valueRequired\":true,\"valueName\":\"search_term_string\"}}],\"inLanguage\":\"es\"},{\"@type\":\"Organization\",\"@id\":\"https:\/\/probelle.com.br\/es\/#organization\",\"name\":\"Probelle Cosm\u00e9ticos\",\"url\":\"https:\/\/probelle.com.br\/es\/\",\"logo\":{\"@type\":\"ImageObject\",\"inLanguage\":\"es\",\"@id\":\"https:\/\/probelle.com.br\/es\/#\/schema\/logo\/image\/\",\"url\":\"https:\/\/probelle.com.br\/wp-content\/uploads\/2022\/08\/Para-o-sitee.jpg\",\"contentUrl\":\"https:\/\/probelle.com.br\/wp-content\/uploads\/2022\/08\/Para-o-sitee.jpg\",\"width\":1000,\"height\":750,\"caption\":\"Probelle Cosm\u00e9ticos\"},\"image\":{\"@id\":\"https:\/\/probelle.com.br\/es\/#\/schema\/logo\/image\/\"},\"sameAs\":[\"https:\/\/www.facebook.com\/probelle\/\",\"https:\/\/www.instagram.com\/probellecosmeticos\/\",\"https:\/\/www.youtube.com\/c\/ProbelleCosm\u00e9ticos\/\",\"https:\/\/br.linkedin.com\/company\/probellecosmeticos\",\"https:\/\/br.pinterest.com\/probellecosmeticos\/\"]}]}<\/script>\n<!-- \/ Yoast SEO Premium plugin. -->","yoast_head_json":{"title":"Gelatina Ativadora Carinho Uva ~ Probelle Cosm\u00e9ticos","description":"Gelatina Carinho Uva define e hidrata cachos com brilho e sem frizz. Enriquecida com \u00d3leo de Uva e Coco, acalma o couro cabeludo e mant\u00e9m a hidrata\u00e7\u00e3o, sendo hipoalerg\u00eanica, vegana e segura para uso infantil.","robots":{"index":"index","follow":"follow","max-snippet":"max-snippet:-1","max-image-preview":"max-image-preview:large","max-video-preview":"max-video-preview:-1"},"canonical":"https:\/\/probelle.com.br\/es\/produto\/gelatina-infantil-carinho-uva\/","og_locale":"es_ES","og_type":"article","og_title":"Gelatina Ativadora Carinho Uva","og_description":"Gelatina Carinho Uva define e hidrata cachos com brilho e sem frizz. Enriquecida com \u00d3leo de Uva e Coco, acalma o couro cabeludo e mant\u00e9m a hidrata\u00e7\u00e3o, sendo hipoalerg\u00eanica, vegana e segura para uso infantil.","og_url":"https:\/\/probelle.com.br\/es\/produto\/gelatina-infantil-carinho-uva\/","og_site_name":"Probelle Cosm\u00e9ticos","article_publisher":"https:\/\/www.facebook.com\/probelle\/","article_modified_time":"2024-12-12T13:54:21+00:00","og_image":[{"width":400,"height":400,"url":"https:\/\/probelle.com.br\/wp-content\/uploads\/2024\/12\/Carinho-Uva.png","type":"image\/png"}],"twitter_card":"summary_large_image","twitter_misc":{"Tiempo de lectura":"1 minuto"},"schema":{"@context":"https:\/\/schema.org","@graph":[{"@type":"WebPage","@id":"https:\/\/probelle.com.br\/es\/produto\/gelatina-infantil-carinho-uva\/","url":"https:\/\/probelle.com.br\/es\/produto\/gelatina-infantil-carinho-uva\/","name":"Gelatina Ativadora Carinho Uva ~ Probelle Cosm\u00e9ticos","isPartOf":{"@id":"https:\/\/probelle.com.br\/es\/#website"},"primaryImageOfPage":{"@id":"https:\/\/probelle.com.br\/es\/produto\/gelatina-infantil-carinho-uva\/#primaryimage"},"image":{"@id":"https:\/\/probelle.com.br\/es\/produto\/gelatina-infantil-carinho-uva\/#primaryimage"},"thumbnailUrl":"https:\/\/probelle.com.br\/wp-content\/uploads\/2024\/12\/Carinho-Uva.png","datePublished":"2024-12-12T13:54:19+00:00","dateModified":"2024-12-12T13:54:21+00:00","description":"Gelatina Carinho Uva define e hidrata cachos com brilho e sem frizz. Enriquecida com \u00d3leo de Uva e Coco, acalma o couro cabeludo e mant\u00e9m a hidrata\u00e7\u00e3o, sendo hipoalerg\u00eanica, vegana e segura para uso infantil.","breadcrumb":{"@id":"https:\/\/probelle.com.br\/es\/produto\/gelatina-infantil-carinho-uva\/#breadcrumb"},"inLanguage":"es","potentialAction":[{"@type":"ReadAction","target":["https:\/\/probelle.com.br\/es\/produto\/gelatina-infantil-carinho-uva\/"]}]},{"@type":"ImageObject","inLanguage":"es","@id":"https:\/\/probelle.com.br\/es\/produto\/gelatina-infantil-carinho-uva\/#primaryimage","url":"https:\/\/probelle.com.br\/wp-content\/uploads\/2024\/12\/Carinho-Uva.png","contentUrl":"https:\/\/probelle.com.br\/wp-content\/uploads\/2024\/12\/Carinho-Uva.png","width":400,"height":400},{"@type":"BreadcrumbList","@id":"https:\/\/probelle.com.br\/es\/produto\/gelatina-infantil-carinho-uva\/#breadcrumb","itemListElement":[{"@type":"ListItem","position":1,"name":"Home","item":"https:\/\/probelle.com.br\/es\/"},{"@type":"ListItem","position":2,"name":"Loja","item":"https:\/\/probelle.com.br\/loja\/"},{"@type":"ListItem","position":3,"name":"Gelatina Ativadora Carinho Uva"}]},{"@type":"WebSite","@id":"https:\/\/probelle.com.br\/es\/#website","url":"https:\/\/probelle.com.br\/es\/","name":"Probelle Cosm\u00e9ticos","description":"Todo mundo tem em casa.","publisher":{"@id":"https:\/\/probelle.com.br\/es\/#organization"},"potentialAction":[{"@type":"SearchAction","target":{"@type":"EntryPoint","urlTemplate":"https:\/\/probelle.com.br\/es\/?s={search_term_string}"},"query-input":{"@type":"PropertyValueSpecification","valueRequired":true,"valueName":"search_term_string"}}],"inLanguage":"es"},{"@type":"Organization","@id":"https:\/\/probelle.com.br\/es\/#organization","name":"Probelle Cosm\u00e9ticos","url":"https:\/\/probelle.com.br\/es\/","logo":{"@type":"ImageObject","inLanguage":"es","@id":"https:\/\/probelle.com.br\/es\/#\/schema\/logo\/image\/","url":"https:\/\/probelle.com.br\/wp-content\/uploads\/2022\/08\/Para-o-sitee.jpg","contentUrl":"https:\/\/probelle.com.br\/wp-content\/uploads\/2022\/08\/Para-o-sitee.jpg","width":1000,"height":750,"caption":"Probelle Cosm\u00e9ticos"},"image":{"@id":"https:\/\/probelle.com.br\/es\/#\/schema\/logo\/image\/"},"sameAs":["https:\/\/www.facebook.com\/probelle\/","https:\/\/www.instagram.com\/probellecosmeticos\/","https:\/\/www.youtube.com\/c\/ProbelleCosm\u00e9ticos\/","https:\/\/br.linkedin.com\/company\/probellecosmeticos","https:\/\/br.pinterest.com\/probellecosmeticos\/"]}]}},"_links":{"self":[{"href":"https:\/\/probelle.com.br\/es\/wp-json\/wp\/v2\/product\/32283","targetHints":{"allow":["GET"]}}],"collection":[{"href":"https:\/\/probelle.com.br\/es\/wp-json\/wp\/v2\/product"}],"about":[{"href":"https:\/\/probelle.com.br\/es\/wp-json\/wp\/v2\/types\/product"}],"wp:featuredmedia":[{"embeddable":true,"href":"https:\/\/probelle.com.br\/es\/wp-json\/wp\/v2\/media\/32284"}],"wp:attachment":[{"href":"https:\/\/probelle.com.br\/es\/wp-json\/wp\/v2\/media?parent=32283"}],"wp:term":[{"taxonomy":"product_brand","embeddable":true,"href":"https:\/\/probelle.com.br\/es\/wp-json\/wp\/v2\/product_brand?post=32283"},{"taxonomy":"product_cat","embeddable":true,"href":"https:\/\/probelle.com.br\/es\/wp-json\/wp\/v2\/product_cat?post=32283"},{"taxonomy":"product_tag","embeddable":true,"href":"https:\/\/probelle.com.br\/es\/wp-json\/wp\/v2\/product_tag?post=32283"}],"curies":[{"name":"wp","href":"https:\/\/api.w.org\/{rel}","templated":true}]}}