{"id":32217,"date":"2024-12-02T09:18:29","date_gmt":"2024-12-02T12:18:29","guid":{"rendered":"https:\/\/probelle.com.br\/?post_type=product&#038;p=32217"},"modified":"2025-02-13T13:10:49","modified_gmt":"2025-02-13T16:10:49","slug":"brazilian-protein-blond-keratin","status":"publish","type":"product","link":"https:\/\/probelle.com.br\/es\/produto\/brazilian-protein-blond-keratin\/","title":{"rendered":"Brazilian Protein Blond Keratin"},"content":{"rendered":"<p class=\"cvGsUA direction-ltr align-start para-style-body\"><span class=\"OYPEnA text-decoration-none text-strikethrough-none\">Desenvolvida com tecnologia avan\u00e7ada, essa solu\u00e7\u00e3o n\u00e3o s\u00f3 proporciona um liso chapado, mas tamb\u00e9m \u00e9 enriquecida com pigmentos matizadores. Esses pigmentos n\u00e3o apenas minimizam os riscos de altera\u00e7\u00e3o da cor em cabelos com colora\u00e7\u00e3o, mas tamb\u00e9m intensificam a tonalidade.<\/span><\/p>\n<p class=\"cvGsUA direction-ltr align-start para-style-body\"><span class=\"OYPEnA text-decoration-none text-strikethrough-none\">Ideal para aqueles com nuances loiras, a f\u00f3rmula do\u00a0<\/span><span class=\"OYPEnA text-decoration-none text-strikethrough-none\">SUPER BLOND KERATIN<\/span><span class=\"OYPEnA text-decoration-none text-strikethrough-none\">\u00a0incorpora mat\u00e9rias-primas de peso molecular ultra baixo, garantindo uma penetra\u00e7\u00e3o profunda no c\u00f3rtex capilar.<\/span><\/p>\n<p class=\"cvGsUA direction-ltr align-start para-style-body\"><span class=\"OYPEnA text-decoration-none text-strikethrough-none\">O resultado \u00e9 um alisamento impec\u00e1vel, associado a propriedades antioxidantes, que proporcionam n\u00e3o apenas um movimento natural, mas tamb\u00e9m um brilho espelhado deslumbrante. Descubra a transforma\u00e7\u00e3o radiante que sua beleza loira merece.<\/span><\/p>\n","protected":false},"excerpt":{"rendered":"<p class=\"cvGsUA direction-ltr align-start para-style-body\"><strong><span class=\"OYPEnA text-decoration-none text-strikethrough-none\">Transforma\u00e7\u00e3o Radiante para Cabelos Loiros<\/span><\/strong><\/p>\n<p class=\"cvGsUA direction-ltr align-start para-style-body\"><span class=\"OYPEnA text-decoration-none text-strikethrough-none\">Apresentamos o\u00a0<\/span><span class=\"OYPEnA text-decoration-none text-strikethrough-none\">SUPER BLOND KERATIN<\/span><span class=\"OYPEnA text-decoration-none text-strikethrough-none\">, um alisamento de desempenho excepcional, impulsionado por uma f\u00f3rmula \u00fanica de Queratina Vegetal e \u00d3leo de Argan.<\/span><\/p>\n","protected":false},"featured_media":32253,"template":"","meta":{"_joinchat":[]},"product_brand":[],"product_cat":[320,314,599,24],"product_tag":[594],"class_list":{"0":"post-32217","1":"product","2":"type-product","3":"status-publish","4":"has-post-thumbnail","6":"product_cat-botox","7":"product_cat-botox-international","8":"product_cat-transformacao","9":"product_cat-sem-categoria","10":"product_tag-produtos-probelle","12":"first","13":"outofstock","14":"shipping-taxable","15":"purchasable","16":"product-type-simple"},"yoast_head":"<!-- This site is optimized with the Yoast SEO Premium plugin v23.5 (Yoast SEO v26.5) - https:\/\/yoast.com\/wordpress\/plugins\/seo\/ -->\n<title>Brazilian Protein Blond Keratin ~ Probelle Cosm\u00e9ticos<\/title>\n<meta name=\"description\" content=\"Desenvolvida com tecnologia avan\u00e7ada, essa solu\u00e7\u00e3o n\u00e3o s\u00f3 proporciona um liso chapado, mas tamb\u00e9m \u00e9 enriquecida com pigmentos matizadores. Esses pigmentos n\u00e3o apenas minimizam os riscos de altera\u00e7\u00e3o da cor em cabelos com colora\u00e7\u00e3o, mas tamb\u00e9m intensificam a tonalidade.\" \/>\n<meta name=\"robots\" content=\"index, follow, max-snippet:-1, max-image-preview:large, max-video-preview:-1\" \/>\n<link rel=\"canonical\" href=\"https:\/\/probelle.com.br\/es\/produto\/brazilian-protein-blond-keratin\/\" \/>\n<meta property=\"og:locale\" content=\"es_ES\" \/>\n<meta property=\"og:type\" content=\"article\" \/>\n<meta property=\"og:title\" content=\"Brazilian Protein Blond Keratin\" \/>\n<meta property=\"og:description\" content=\"Desenvolvida com tecnologia avan\u00e7ada, essa solu\u00e7\u00e3o n\u00e3o s\u00f3 proporciona um liso chapado, mas tamb\u00e9m \u00e9 enriquecida com pigmentos matizadores. Esses pigmentos n\u00e3o apenas minimizam os riscos de altera\u00e7\u00e3o da cor em cabelos com colora\u00e7\u00e3o, mas tamb\u00e9m intensificam a tonalidade.\" \/>\n<meta property=\"og:url\" content=\"https:\/\/probelle.com.br\/es\/produto\/brazilian-protein-blond-keratin\/\" \/>\n<meta property=\"og:site_name\" content=\"Probelle Cosm\u00e9ticos\" \/>\n<meta property=\"article:publisher\" content=\"https:\/\/www.facebook.com\/probelle\/\" \/>\n<meta property=\"article:modified_time\" content=\"2025-02-13T16:10:49+00:00\" \/>\n<meta property=\"og:image\" content=\"https:\/\/probelle.com.br\/wp-content\/uploads\/2024\/12\/Blond-Keratin.png\" \/>\n\t<meta property=\"og:image:width\" content=\"400\" \/>\n\t<meta property=\"og:image:height\" content=\"400\" \/>\n\t<meta property=\"og:image:type\" content=\"image\/png\" \/>\n<meta name=\"twitter:card\" content=\"summary_large_image\" \/>\n<meta name=\"twitter:label1\" content=\"Tiempo de lectura\" \/>\n\t<meta name=\"twitter:data1\" content=\"1 minuto\" \/>\n<script type=\"application\/ld+json\" class=\"yoast-schema-graph\">{\"@context\":\"https:\/\/schema.org\",\"@graph\":[{\"@type\":\"WebPage\",\"@id\":\"https:\/\/probelle.com.br\/es\/produto\/brazilian-protein-blond-keratin\/\",\"url\":\"https:\/\/probelle.com.br\/es\/produto\/brazilian-protein-blond-keratin\/\",\"name\":\"Brazilian Protein Blond Keratin ~ Probelle Cosm\u00e9ticos\",\"isPartOf\":{\"@id\":\"https:\/\/probelle.com.br\/es\/#website\"},\"primaryImageOfPage\":{\"@id\":\"https:\/\/probelle.com.br\/es\/produto\/brazilian-protein-blond-keratin\/#primaryimage\"},\"image\":{\"@id\":\"https:\/\/probelle.com.br\/es\/produto\/brazilian-protein-blond-keratin\/#primaryimage\"},\"thumbnailUrl\":\"https:\/\/probelle.com.br\/wp-content\/uploads\/2024\/12\/Blond-Keratin.png\",\"datePublished\":\"2024-12-02T12:18:29+00:00\",\"dateModified\":\"2025-02-13T16:10:49+00:00\",\"description\":\"Desenvolvida com tecnologia avan\u00e7ada, essa solu\u00e7\u00e3o n\u00e3o s\u00f3 proporciona um liso chapado, mas tamb\u00e9m \u00e9 enriquecida com pigmentos matizadores. Esses pigmentos n\u00e3o apenas minimizam os riscos de altera\u00e7\u00e3o da cor em cabelos com colora\u00e7\u00e3o, mas tamb\u00e9m intensificam a tonalidade.\",\"breadcrumb\":{\"@id\":\"https:\/\/probelle.com.br\/es\/produto\/brazilian-protein-blond-keratin\/#breadcrumb\"},\"inLanguage\":\"es\",\"potentialAction\":[{\"@type\":\"ReadAction\",\"target\":[\"https:\/\/probelle.com.br\/es\/produto\/brazilian-protein-blond-keratin\/\"]}]},{\"@type\":\"ImageObject\",\"inLanguage\":\"es\",\"@id\":\"https:\/\/probelle.com.br\/es\/produto\/brazilian-protein-blond-keratin\/#primaryimage\",\"url\":\"https:\/\/probelle.com.br\/wp-content\/uploads\/2024\/12\/Blond-Keratin.png\",\"contentUrl\":\"https:\/\/probelle.com.br\/wp-content\/uploads\/2024\/12\/Blond-Keratin.png\",\"width\":400,\"height\":400},{\"@type\":\"BreadcrumbList\",\"@id\":\"https:\/\/probelle.com.br\/es\/produto\/brazilian-protein-blond-keratin\/#breadcrumb\",\"itemListElement\":[{\"@type\":\"ListItem\",\"position\":1,\"name\":\"Home\",\"item\":\"https:\/\/probelle.com.br\/es\/\"},{\"@type\":\"ListItem\",\"position\":2,\"name\":\"Loja\",\"item\":\"https:\/\/probelle.com.br\/loja\/\"},{\"@type\":\"ListItem\",\"position\":3,\"name\":\"Brazilian Protein Blond Keratin\"}]},{\"@type\":\"WebSite\",\"@id\":\"https:\/\/probelle.com.br\/es\/#website\",\"url\":\"https:\/\/probelle.com.br\/es\/\",\"name\":\"Probelle Cosm\u00e9ticos\",\"description\":\"Todo mundo tem em casa.\",\"publisher\":{\"@id\":\"https:\/\/probelle.com.br\/es\/#organization\"},\"potentialAction\":[{\"@type\":\"SearchAction\",\"target\":{\"@type\":\"EntryPoint\",\"urlTemplate\":\"https:\/\/probelle.com.br\/es\/?s={search_term_string}\"},\"query-input\":{\"@type\":\"PropertyValueSpecification\",\"valueRequired\":true,\"valueName\":\"search_term_string\"}}],\"inLanguage\":\"es\"},{\"@type\":\"Organization\",\"@id\":\"https:\/\/probelle.com.br\/es\/#organization\",\"name\":\"Probelle Cosm\u00e9ticos\",\"url\":\"https:\/\/probelle.com.br\/es\/\",\"logo\":{\"@type\":\"ImageObject\",\"inLanguage\":\"es\",\"@id\":\"https:\/\/probelle.com.br\/es\/#\/schema\/logo\/image\/\",\"url\":\"https:\/\/probelle.com.br\/wp-content\/uploads\/2022\/08\/Para-o-sitee.jpg\",\"contentUrl\":\"https:\/\/probelle.com.br\/wp-content\/uploads\/2022\/08\/Para-o-sitee.jpg\",\"width\":1000,\"height\":750,\"caption\":\"Probelle Cosm\u00e9ticos\"},\"image\":{\"@id\":\"https:\/\/probelle.com.br\/es\/#\/schema\/logo\/image\/\"},\"sameAs\":[\"https:\/\/www.facebook.com\/probelle\/\",\"https:\/\/www.instagram.com\/probellecosmeticos\/\",\"https:\/\/www.youtube.com\/c\/ProbelleCosm\u00e9ticos\/\",\"https:\/\/br.linkedin.com\/company\/probellecosmeticos\",\"https:\/\/br.pinterest.com\/probellecosmeticos\/\"]}]}<\/script>\n<!-- \/ Yoast SEO Premium plugin. -->","yoast_head_json":{"title":"Brazilian Protein Blond Keratin ~ Probelle Cosm\u00e9ticos","description":"Desenvolvida com tecnologia avan\u00e7ada, essa solu\u00e7\u00e3o n\u00e3o s\u00f3 proporciona um liso chapado, mas tamb\u00e9m \u00e9 enriquecida com pigmentos matizadores. Esses pigmentos n\u00e3o apenas minimizam os riscos de altera\u00e7\u00e3o da cor em cabelos com colora\u00e7\u00e3o, mas tamb\u00e9m intensificam a tonalidade.","robots":{"index":"index","follow":"follow","max-snippet":"max-snippet:-1","max-image-preview":"max-image-preview:large","max-video-preview":"max-video-preview:-1"},"canonical":"https:\/\/probelle.com.br\/es\/produto\/brazilian-protein-blond-keratin\/","og_locale":"es_ES","og_type":"article","og_title":"Brazilian Protein Blond Keratin","og_description":"Desenvolvida com tecnologia avan\u00e7ada, essa solu\u00e7\u00e3o n\u00e3o s\u00f3 proporciona um liso chapado, mas tamb\u00e9m \u00e9 enriquecida com pigmentos matizadores. Esses pigmentos n\u00e3o apenas minimizam os riscos de altera\u00e7\u00e3o da cor em cabelos com colora\u00e7\u00e3o, mas tamb\u00e9m intensificam a tonalidade.","og_url":"https:\/\/probelle.com.br\/es\/produto\/brazilian-protein-blond-keratin\/","og_site_name":"Probelle Cosm\u00e9ticos","article_publisher":"https:\/\/www.facebook.com\/probelle\/","article_modified_time":"2025-02-13T16:10:49+00:00","og_image":[{"width":400,"height":400,"url":"https:\/\/probelle.com.br\/wp-content\/uploads\/2024\/12\/Blond-Keratin.png","type":"image\/png"}],"twitter_card":"summary_large_image","twitter_misc":{"Tiempo de lectura":"1 minuto"},"schema":{"@context":"https:\/\/schema.org","@graph":[{"@type":"WebPage","@id":"https:\/\/probelle.com.br\/es\/produto\/brazilian-protein-blond-keratin\/","url":"https:\/\/probelle.com.br\/es\/produto\/brazilian-protein-blond-keratin\/","name":"Brazilian Protein Blond Keratin ~ Probelle Cosm\u00e9ticos","isPartOf":{"@id":"https:\/\/probelle.com.br\/es\/#website"},"primaryImageOfPage":{"@id":"https:\/\/probelle.com.br\/es\/produto\/brazilian-protein-blond-keratin\/#primaryimage"},"image":{"@id":"https:\/\/probelle.com.br\/es\/produto\/brazilian-protein-blond-keratin\/#primaryimage"},"thumbnailUrl":"https:\/\/probelle.com.br\/wp-content\/uploads\/2024\/12\/Blond-Keratin.png","datePublished":"2024-12-02T12:18:29+00:00","dateModified":"2025-02-13T16:10:49+00:00","description":"Desenvolvida com tecnologia avan\u00e7ada, essa solu\u00e7\u00e3o n\u00e3o s\u00f3 proporciona um liso chapado, mas tamb\u00e9m \u00e9 enriquecida com pigmentos matizadores. Esses pigmentos n\u00e3o apenas minimizam os riscos de altera\u00e7\u00e3o da cor em cabelos com colora\u00e7\u00e3o, mas tamb\u00e9m intensificam a tonalidade.","breadcrumb":{"@id":"https:\/\/probelle.com.br\/es\/produto\/brazilian-protein-blond-keratin\/#breadcrumb"},"inLanguage":"es","potentialAction":[{"@type":"ReadAction","target":["https:\/\/probelle.com.br\/es\/produto\/brazilian-protein-blond-keratin\/"]}]},{"@type":"ImageObject","inLanguage":"es","@id":"https:\/\/probelle.com.br\/es\/produto\/brazilian-protein-blond-keratin\/#primaryimage","url":"https:\/\/probelle.com.br\/wp-content\/uploads\/2024\/12\/Blond-Keratin.png","contentUrl":"https:\/\/probelle.com.br\/wp-content\/uploads\/2024\/12\/Blond-Keratin.png","width":400,"height":400},{"@type":"BreadcrumbList","@id":"https:\/\/probelle.com.br\/es\/produto\/brazilian-protein-blond-keratin\/#breadcrumb","itemListElement":[{"@type":"ListItem","position":1,"name":"Home","item":"https:\/\/probelle.com.br\/es\/"},{"@type":"ListItem","position":2,"name":"Loja","item":"https:\/\/probelle.com.br\/loja\/"},{"@type":"ListItem","position":3,"name":"Brazilian Protein Blond Keratin"}]},{"@type":"WebSite","@id":"https:\/\/probelle.com.br\/es\/#website","url":"https:\/\/probelle.com.br\/es\/","name":"Probelle Cosm\u00e9ticos","description":"Todo mundo tem em casa.","publisher":{"@id":"https:\/\/probelle.com.br\/es\/#organization"},"potentialAction":[{"@type":"SearchAction","target":{"@type":"EntryPoint","urlTemplate":"https:\/\/probelle.com.br\/es\/?s={search_term_string}"},"query-input":{"@type":"PropertyValueSpecification","valueRequired":true,"valueName":"search_term_string"}}],"inLanguage":"es"},{"@type":"Organization","@id":"https:\/\/probelle.com.br\/es\/#organization","name":"Probelle Cosm\u00e9ticos","url":"https:\/\/probelle.com.br\/es\/","logo":{"@type":"ImageObject","inLanguage":"es","@id":"https:\/\/probelle.com.br\/es\/#\/schema\/logo\/image\/","url":"https:\/\/probelle.com.br\/wp-content\/uploads\/2022\/08\/Para-o-sitee.jpg","contentUrl":"https:\/\/probelle.com.br\/wp-content\/uploads\/2022\/08\/Para-o-sitee.jpg","width":1000,"height":750,"caption":"Probelle Cosm\u00e9ticos"},"image":{"@id":"https:\/\/probelle.com.br\/es\/#\/schema\/logo\/image\/"},"sameAs":["https:\/\/www.facebook.com\/probelle\/","https:\/\/www.instagram.com\/probellecosmeticos\/","https:\/\/www.youtube.com\/c\/ProbelleCosm\u00e9ticos\/","https:\/\/br.linkedin.com\/company\/probellecosmeticos","https:\/\/br.pinterest.com\/probellecosmeticos\/"]}]}},"_links":{"self":[{"href":"https:\/\/probelle.com.br\/es\/wp-json\/wp\/v2\/product\/32217","targetHints":{"allow":["GET"]}}],"collection":[{"href":"https:\/\/probelle.com.br\/es\/wp-json\/wp\/v2\/product"}],"about":[{"href":"https:\/\/probelle.com.br\/es\/wp-json\/wp\/v2\/types\/product"}],"wp:featuredmedia":[{"embeddable":true,"href":"https:\/\/probelle.com.br\/es\/wp-json\/wp\/v2\/media\/32253"}],"wp:attachment":[{"href":"https:\/\/probelle.com.br\/es\/wp-json\/wp\/v2\/media?parent=32217"}],"wp:term":[{"taxonomy":"product_brand","embeddable":true,"href":"https:\/\/probelle.com.br\/es\/wp-json\/wp\/v2\/product_brand?post=32217"},{"taxonomy":"product_cat","embeddable":true,"href":"https:\/\/probelle.com.br\/es\/wp-json\/wp\/v2\/product_cat?post=32217"},{"taxonomy":"product_tag","embeddable":true,"href":"https:\/\/probelle.com.br\/es\/wp-json\/wp\/v2\/product_tag?post=32217"}],"curies":[{"name":"wp","href":"https:\/\/api.w.org\/{rel}","templated":true}]}}