{"id":26745,"date":"2024-07-02T10:08:32","date_gmt":"2024-07-02T13:08:32","guid":{"rendered":"https:\/\/probelle.com.br\/?post_type=product&#038;p=26745"},"modified":"2024-12-12T11:03:08","modified_gmt":"2024-12-12T14:03:08","slug":"linha-carinho-para-cabelos-crespos","status":"publish","type":"product","link":"https:\/\/probelle.com.br\/es\/produto\/linha-carinho-para-cabelos-crespos\/","title":{"rendered":"Linha Carinho para cabelos Crespos"},"content":{"rendered":"<p><b>Kit Carinho para Cabelos Crespos &#8211; Amor e Cuidado Intenso para seus Cachos Deslumbrantes. Cachos Vibrantes, Cuidado Especial. <\/b><\/p>\n<p>&nbsp;<\/p>\n<p><b>Apresentamos o Kit Carinho para Cabelos Crespos da Linha Infantil Carinho da Probelle. Desenvolvido especialmente para os cachos deslumbrantes dos pequenos. <\/b><\/p>\n","protected":false},"excerpt":{"rendered":"<p><span style=\"font-weight: 400;\">Nossa combina\u00e7\u00e3o de Shampoo e Condicionador \u00e9 um verdadeiro ritual de amor e nutri\u00e7\u00e3o para cada fio.<\/span><\/p>\n<p><span style=\"font-weight: 400;\">Defini\u00e7\u00e3o Magn\u00edfica e Hidrata\u00e7\u00e3o Profunda. Comece com nosso Shampoo suave, que limpa com carinho enquanto nutre e fortalece seus cachos crespos. Em seguida, aplique o Condicionador Carinho, que desembara\u00e7a e hidrata intensamente, revelando cachos cheios de vida, brilho e movimento.<\/span><\/p>\n<p><span style=\"font-weight: 400;\">Cachos Felizes, Sorrisos Radiantes. Com nossa f\u00f3rmula enriquecida com ingredientes naturais e 6 \u00f3leos essenciais &#8211; Semente de Uva, Semente de Girassol, Castanha, Flor de L\u00f3tus, Argan e Linha\u00e7a &#8211; cada cacho recebe um abra\u00e7o de cuidado e carinho. O resultado s\u00e3o cachos felizes, prontos para conquistar o mundo.<\/span><\/p>\n","protected":false},"featured_media":26401,"template":"","meta":{"_joinchat":[]},"product_brand":[],"product_cat":[823,602],"product_tag":[594],"class_list":{"0":"post-26745","1":"product","2":"type-product","3":"status-publish","4":"has-post-thumbnail","6":"product_cat-carinho","7":"product_cat-tratamento","8":"product_tag-produtos-probelle","10":"first","11":"instock","12":"shipping-taxable","13":"purchasable","14":"product-type-simple"},"yoast_head":"<!-- This site is optimized with the Yoast SEO Premium plugin v23.5 (Yoast SEO v26.5) - https:\/\/yoast.com\/wordpress\/plugins\/seo\/ -->\n<title>Linha Carinho para cabelos Crespos<\/title>\n<meta name=\"description\" content=\"Apresentamos o Kit Carinho para Cabelos Crespos da Linha Infantil Carinho da Probelle. Desenvolvido especialmente para os cachos deslumbrantes dos pequenos.\" \/>\n<meta name=\"robots\" content=\"index, follow, max-snippet:-1, max-image-preview:large, max-video-preview:-1\" \/>\n<link rel=\"canonical\" href=\"https:\/\/probelle.com.br\/es\/produto\/linha-carinho-para-cabelos-crespos\/\" \/>\n<meta property=\"og:locale\" content=\"es_ES\" \/>\n<meta property=\"og:type\" content=\"article\" \/>\n<meta property=\"og:title\" content=\"Linha Carinho para cabelos Crespos\" \/>\n<meta property=\"og:description\" content=\"Apresentamos o Kit Carinho para Cabelos Crespos da Linha Infantil Carinho da Probelle. Desenvolvido especialmente para os cachos deslumbrantes dos pequenos.\" \/>\n<meta property=\"og:url\" content=\"https:\/\/probelle.com.br\/es\/produto\/linha-carinho-para-cabelos-crespos\/\" \/>\n<meta property=\"og:site_name\" content=\"Probelle Cosm\u00e9ticos\" \/>\n<meta property=\"article:publisher\" content=\"https:\/\/www.facebook.com\/probelle\/\" \/>\n<meta property=\"article:modified_time\" content=\"2024-12-12T14:03:08+00:00\" \/>\n<meta property=\"og:image\" content=\"https:\/\/probelle.com.br\/wp-content\/uploads\/2024\/06\/Crespo-1-683x1024.png\" \/>\n\t<meta property=\"og:image:width\" content=\"683\" \/>\n\t<meta property=\"og:image:height\" content=\"1024\" \/>\n\t<meta property=\"og:image:type\" content=\"image\/png\" \/>\n<meta name=\"twitter:card\" content=\"summary_large_image\" \/>\n<meta name=\"twitter:label1\" content=\"Tiempo de lectura\" \/>\n\t<meta name=\"twitter:data1\" content=\"1 minuto\" \/>\n<script type=\"application\/ld+json\" class=\"yoast-schema-graph\">{\"@context\":\"https:\/\/schema.org\",\"@graph\":[{\"@type\":\"WebPage\",\"@id\":\"https:\/\/probelle.com.br\/es\/produto\/linha-carinho-para-cabelos-crespos\/\",\"url\":\"https:\/\/probelle.com.br\/es\/produto\/linha-carinho-para-cabelos-crespos\/\",\"name\":\"Linha Carinho para cabelos Crespos\",\"isPartOf\":{\"@id\":\"https:\/\/probelle.com.br\/es\/#website\"},\"primaryImageOfPage\":{\"@id\":\"https:\/\/probelle.com.br\/es\/produto\/linha-carinho-para-cabelos-crespos\/#primaryimage\"},\"image\":{\"@id\":\"https:\/\/probelle.com.br\/es\/produto\/linha-carinho-para-cabelos-crespos\/#primaryimage\"},\"thumbnailUrl\":\"https:\/\/probelle.com.br\/wp-content\/uploads\/2024\/06\/Crespo-1.png\",\"datePublished\":\"2024-07-02T13:08:32+00:00\",\"dateModified\":\"2024-12-12T14:03:08+00:00\",\"description\":\"Apresentamos o Kit Carinho para Cabelos Crespos da Linha Infantil Carinho da Probelle. Desenvolvido especialmente para os cachos deslumbrantes dos pequenos.\",\"breadcrumb\":{\"@id\":\"https:\/\/probelle.com.br\/es\/produto\/linha-carinho-para-cabelos-crespos\/#breadcrumb\"},\"inLanguage\":\"es\",\"potentialAction\":[{\"@type\":\"ReadAction\",\"target\":[\"https:\/\/probelle.com.br\/es\/produto\/linha-carinho-para-cabelos-crespos\/\"]}]},{\"@type\":\"ImageObject\",\"inLanguage\":\"es\",\"@id\":\"https:\/\/probelle.com.br\/es\/produto\/linha-carinho-para-cabelos-crespos\/#primaryimage\",\"url\":\"https:\/\/probelle.com.br\/wp-content\/uploads\/2024\/06\/Crespo-1.png\",\"contentUrl\":\"https:\/\/probelle.com.br\/wp-content\/uploads\/2024\/06\/Crespo-1.png\",\"width\":1280,\"height\":1920,\"caption\":\"Linha Carinho para Cabelos Crespos\"},{\"@type\":\"BreadcrumbList\",\"@id\":\"https:\/\/probelle.com.br\/es\/produto\/linha-carinho-para-cabelos-crespos\/#breadcrumb\",\"itemListElement\":[{\"@type\":\"ListItem\",\"position\":1,\"name\":\"Home\",\"item\":\"https:\/\/probelle.com.br\/es\/\"},{\"@type\":\"ListItem\",\"position\":2,\"name\":\"Loja\",\"item\":\"https:\/\/probelle.com.br\/loja\/\"},{\"@type\":\"ListItem\",\"position\":3,\"name\":\"Linha Carinho para cabelos Crespos\"}]},{\"@type\":\"WebSite\",\"@id\":\"https:\/\/probelle.com.br\/es\/#website\",\"url\":\"https:\/\/probelle.com.br\/es\/\",\"name\":\"Probelle Cosm\u00e9ticos\",\"description\":\"Todo mundo tem em casa.\",\"publisher\":{\"@id\":\"https:\/\/probelle.com.br\/es\/#organization\"},\"potentialAction\":[{\"@type\":\"SearchAction\",\"target\":{\"@type\":\"EntryPoint\",\"urlTemplate\":\"https:\/\/probelle.com.br\/es\/?s={search_term_string}\"},\"query-input\":{\"@type\":\"PropertyValueSpecification\",\"valueRequired\":true,\"valueName\":\"search_term_string\"}}],\"inLanguage\":\"es\"},{\"@type\":\"Organization\",\"@id\":\"https:\/\/probelle.com.br\/es\/#organization\",\"name\":\"Probelle Cosm\u00e9ticos\",\"url\":\"https:\/\/probelle.com.br\/es\/\",\"logo\":{\"@type\":\"ImageObject\",\"inLanguage\":\"es\",\"@id\":\"https:\/\/probelle.com.br\/es\/#\/schema\/logo\/image\/\",\"url\":\"https:\/\/probelle.com.br\/wp-content\/uploads\/2022\/08\/Para-o-sitee.jpg\",\"contentUrl\":\"https:\/\/probelle.com.br\/wp-content\/uploads\/2022\/08\/Para-o-sitee.jpg\",\"width\":1000,\"height\":750,\"caption\":\"Probelle Cosm\u00e9ticos\"},\"image\":{\"@id\":\"https:\/\/probelle.com.br\/es\/#\/schema\/logo\/image\/\"},\"sameAs\":[\"https:\/\/www.facebook.com\/probelle\/\",\"https:\/\/www.instagram.com\/probellecosmeticos\/\",\"https:\/\/www.youtube.com\/c\/ProbelleCosm\u00e9ticos\/\",\"https:\/\/br.linkedin.com\/company\/probellecosmeticos\",\"https:\/\/br.pinterest.com\/probellecosmeticos\/\"]}]}<\/script>\n<!-- \/ Yoast SEO Premium plugin. -->","yoast_head_json":{"title":"Linha Carinho para cabelos Crespos","description":"Apresentamos o Kit Carinho para Cabelos Crespos da Linha Infantil Carinho da Probelle. Desenvolvido especialmente para os cachos deslumbrantes dos pequenos.","robots":{"index":"index","follow":"follow","max-snippet":"max-snippet:-1","max-image-preview":"max-image-preview:large","max-video-preview":"max-video-preview:-1"},"canonical":"https:\/\/probelle.com.br\/es\/produto\/linha-carinho-para-cabelos-crespos\/","og_locale":"es_ES","og_type":"article","og_title":"Linha Carinho para cabelos Crespos","og_description":"Apresentamos o Kit Carinho para Cabelos Crespos da Linha Infantil Carinho da Probelle. Desenvolvido especialmente para os cachos deslumbrantes dos pequenos.","og_url":"https:\/\/probelle.com.br\/es\/produto\/linha-carinho-para-cabelos-crespos\/","og_site_name":"Probelle Cosm\u00e9ticos","article_publisher":"https:\/\/www.facebook.com\/probelle\/","article_modified_time":"2024-12-12T14:03:08+00:00","og_image":[{"width":683,"height":1024,"url":"https:\/\/probelle.com.br\/wp-content\/uploads\/2024\/06\/Crespo-1-683x1024.png","type":"image\/png"}],"twitter_card":"summary_large_image","twitter_misc":{"Tiempo de lectura":"1 minuto"},"schema":{"@context":"https:\/\/schema.org","@graph":[{"@type":"WebPage","@id":"https:\/\/probelle.com.br\/es\/produto\/linha-carinho-para-cabelos-crespos\/","url":"https:\/\/probelle.com.br\/es\/produto\/linha-carinho-para-cabelos-crespos\/","name":"Linha Carinho para cabelos Crespos","isPartOf":{"@id":"https:\/\/probelle.com.br\/es\/#website"},"primaryImageOfPage":{"@id":"https:\/\/probelle.com.br\/es\/produto\/linha-carinho-para-cabelos-crespos\/#primaryimage"},"image":{"@id":"https:\/\/probelle.com.br\/es\/produto\/linha-carinho-para-cabelos-crespos\/#primaryimage"},"thumbnailUrl":"https:\/\/probelle.com.br\/wp-content\/uploads\/2024\/06\/Crespo-1.png","datePublished":"2024-07-02T13:08:32+00:00","dateModified":"2024-12-12T14:03:08+00:00","description":"Apresentamos o Kit Carinho para Cabelos Crespos da Linha Infantil Carinho da Probelle. Desenvolvido especialmente para os cachos deslumbrantes dos pequenos.","breadcrumb":{"@id":"https:\/\/probelle.com.br\/es\/produto\/linha-carinho-para-cabelos-crespos\/#breadcrumb"},"inLanguage":"es","potentialAction":[{"@type":"ReadAction","target":["https:\/\/probelle.com.br\/es\/produto\/linha-carinho-para-cabelos-crespos\/"]}]},{"@type":"ImageObject","inLanguage":"es","@id":"https:\/\/probelle.com.br\/es\/produto\/linha-carinho-para-cabelos-crespos\/#primaryimage","url":"https:\/\/probelle.com.br\/wp-content\/uploads\/2024\/06\/Crespo-1.png","contentUrl":"https:\/\/probelle.com.br\/wp-content\/uploads\/2024\/06\/Crespo-1.png","width":1280,"height":1920,"caption":"Linha Carinho para Cabelos Crespos"},{"@type":"BreadcrumbList","@id":"https:\/\/probelle.com.br\/es\/produto\/linha-carinho-para-cabelos-crespos\/#breadcrumb","itemListElement":[{"@type":"ListItem","position":1,"name":"Home","item":"https:\/\/probelle.com.br\/es\/"},{"@type":"ListItem","position":2,"name":"Loja","item":"https:\/\/probelle.com.br\/loja\/"},{"@type":"ListItem","position":3,"name":"Linha Carinho para cabelos Crespos"}]},{"@type":"WebSite","@id":"https:\/\/probelle.com.br\/es\/#website","url":"https:\/\/probelle.com.br\/es\/","name":"Probelle Cosm\u00e9ticos","description":"Todo mundo tem em casa.","publisher":{"@id":"https:\/\/probelle.com.br\/es\/#organization"},"potentialAction":[{"@type":"SearchAction","target":{"@type":"EntryPoint","urlTemplate":"https:\/\/probelle.com.br\/es\/?s={search_term_string}"},"query-input":{"@type":"PropertyValueSpecification","valueRequired":true,"valueName":"search_term_string"}}],"inLanguage":"es"},{"@type":"Organization","@id":"https:\/\/probelle.com.br\/es\/#organization","name":"Probelle Cosm\u00e9ticos","url":"https:\/\/probelle.com.br\/es\/","logo":{"@type":"ImageObject","inLanguage":"es","@id":"https:\/\/probelle.com.br\/es\/#\/schema\/logo\/image\/","url":"https:\/\/probelle.com.br\/wp-content\/uploads\/2022\/08\/Para-o-sitee.jpg","contentUrl":"https:\/\/probelle.com.br\/wp-content\/uploads\/2022\/08\/Para-o-sitee.jpg","width":1000,"height":750,"caption":"Probelle Cosm\u00e9ticos"},"image":{"@id":"https:\/\/probelle.com.br\/es\/#\/schema\/logo\/image\/"},"sameAs":["https:\/\/www.facebook.com\/probelle\/","https:\/\/www.instagram.com\/probellecosmeticos\/","https:\/\/www.youtube.com\/c\/ProbelleCosm\u00e9ticos\/","https:\/\/br.linkedin.com\/company\/probellecosmeticos","https:\/\/br.pinterest.com\/probellecosmeticos\/"]}]}},"_links":{"self":[{"href":"https:\/\/probelle.com.br\/es\/wp-json\/wp\/v2\/product\/26745","targetHints":{"allow":["GET"]}}],"collection":[{"href":"https:\/\/probelle.com.br\/es\/wp-json\/wp\/v2\/product"}],"about":[{"href":"https:\/\/probelle.com.br\/es\/wp-json\/wp\/v2\/types\/product"}],"wp:featuredmedia":[{"embeddable":true,"href":"https:\/\/probelle.com.br\/es\/wp-json\/wp\/v2\/media\/26401"}],"wp:attachment":[{"href":"https:\/\/probelle.com.br\/es\/wp-json\/wp\/v2\/media?parent=26745"}],"wp:term":[{"taxonomy":"product_brand","embeddable":true,"href":"https:\/\/probelle.com.br\/es\/wp-json\/wp\/v2\/product_brand?post=26745"},{"taxonomy":"product_cat","embeddable":true,"href":"https:\/\/probelle.com.br\/es\/wp-json\/wp\/v2\/product_cat?post=26745"},{"taxonomy":"product_tag","embeddable":true,"href":"https:\/\/probelle.com.br\/es\/wp-json\/wp\/v2\/product_tag?post=26745"}],"curies":[{"name":"wp","href":"https:\/\/api.w.org\/{rel}","templated":true}]}}