{"id":26737,"date":"2024-07-02T09:55:59","date_gmt":"2024-07-02T12:55:59","guid":{"rendered":"https:\/\/probelle.com.br\/?post_type=product&#038;p=26737"},"modified":"2024-12-12T11:04:19","modified_gmt":"2024-12-12T14:04:19","slug":"linha-carinho-para-cabelos-lisos","status":"publish","type":"product","link":"https:\/\/probelle.com.br\/es\/produto\/linha-carinho-para-cabelos-lisos\/","title":{"rendered":"Linha Carinho para cabelos Lisos"},"content":{"rendered":"<p><span style=\"font-weight: 400;\">Cabelinhos Felizes, Cuidado Especial.<\/span><span style=\"font-weight: 400;\"><br \/>\n<\/span><span style=\"font-weight: 400;\">Deixe os cabelos dos seus pequenos brilharem com Linha Infantil Carinho da Probelle para Cabelos Lisos. Nosso Shampoo, cuidadosamente formulado, proporciona uma limpeza suave e eficaz, retirando impurezas enquanto mant\u00e9m o couro cabeludo das crian\u00e7as saud\u00e1vel e feliz. Cabelos limpos e prontos para aventuras!<\/span><\/p>\n<p><span style=\"font-weight: 400;\">Maciez M\u00e1gica e Desembara\u00e7o sem n\u00f3s.<\/span><span style=\"font-weight: 400;\"><br \/>\n<\/span><span style=\"font-weight: 400;\"> O Condicionador Carinho \u00e9 como um abra\u00e7o suave para os fios. Com ingredientes especiais, ele desembara\u00e7a com facilidade, deixando os cabelos macios e brilhantes. Cada aplica\u00e7\u00e3o \u00e9 um toque de carinho e suavidade que fazem a hora do penteado uma brincadeira divertida.<\/span><\/p>\n<p><span style=\"font-weight: 400;\">Experi\u00eancia Sensorial \u00danica.<\/span><span style=\"font-weight: 400;\"><br \/>\n<\/span><span style=\"font-weight: 400;\"> Imagine a fragr\u00e2ncia suave e encantadora que transforma o banho em uma experi\u00eancia sensorial \u00fanica. A Linha Infantil Carinho da Probelle para Cabelos Lisos torna os cuidados com os cabelinhos um momento de divers\u00e3o e cuidado, enquanto criam mem\u00f3rias m\u00e1gicas. <\/span><span style=\"font-weight: 400;\"><br \/>\n<\/span><span style=\"font-weight: 400;\"><br \/>\n<\/span><span style=\"font-weight: 400;\">\u00d3leos Essenciais para um Cuidado Completo.<\/span><span style=\"font-weight: 400;\"><br \/>\n<\/span><span style=\"font-weight: 400;\">Nossa f\u00f3rmula \u00e9 enriquecida com 6 \u00d3leos Essenciais: Semente de Uva, Semente de Girassol, Castanha, Flor de L\u00f3tus, Argan e Linha\u00e7a. Cada um traz sua magia \u00fanica, nutrindo e fortalecendo os cabelos dos pequenos de maneira suave e delicada.<\/span><\/p>\n<p>&nbsp;<\/p>\n","protected":false},"excerpt":{"rendered":"<p><span style=\"font-weight: 400;\"><b>Apresentamos a Dupla Encantadora da Probelle: o Shampoo e Condicionador Carinho da Probelle, criados especialmente para os pequenos exploradores e suas madeixas delicadas.<\/b><\/span><\/p>\n<p>&nbsp;<\/p>\n","protected":false},"featured_media":26398,"template":"","meta":{"_joinchat":[]},"product_brand":[],"product_cat":[823,788,602],"product_tag":[594],"class_list":{"0":"post-26737","1":"product","2":"type-product","3":"status-publish","4":"has-post-thumbnail","6":"product_cat-carinho","7":"product_cat-linha-infantil","8":"product_cat-tratamento","9":"product_tag-produtos-probelle","11":"first","12":"instock","13":"shipping-taxable","14":"purchasable","15":"product-type-simple"},"yoast_head":"<!-- This site is optimized with the Yoast SEO Premium plugin v23.5 (Yoast SEO v26.5) - https:\/\/yoast.com\/wordpress\/plugins\/seo\/ -->\n<title>Linha Carinho para cabelos Lisos ~ Probelle Cosm\u00e9ticos<\/title>\n<meta name=\"description\" content=\"Apresentamos a Dupla Encantadora da Probelle: o Shampoo e Condicionador Carinho da Probelle, criados especialmente para os pequenos exploradores e suas madeixas delicadas.\" \/>\n<meta name=\"robots\" content=\"index, follow, max-snippet:-1, max-image-preview:large, max-video-preview:-1\" \/>\n<link rel=\"canonical\" href=\"https:\/\/probelle.com.br\/es\/produto\/linha-carinho-para-cabelos-lisos\/\" \/>\n<meta property=\"og:locale\" content=\"es_ES\" \/>\n<meta property=\"og:type\" content=\"article\" \/>\n<meta property=\"og:title\" content=\"Linha Carinho para cabelos Lisos\" \/>\n<meta property=\"og:description\" content=\"Apresentamos a Dupla Encantadora da Probelle: o Shampoo e Condicionador Carinho da Probelle, criados especialmente para os pequenos exploradores e suas madeixas delicadas.\" \/>\n<meta property=\"og:url\" content=\"https:\/\/probelle.com.br\/es\/produto\/linha-carinho-para-cabelos-lisos\/\" \/>\n<meta property=\"og:site_name\" content=\"Probelle Cosm\u00e9ticos\" \/>\n<meta property=\"article:publisher\" content=\"https:\/\/www.facebook.com\/probelle\/\" \/>\n<meta property=\"article:modified_time\" content=\"2024-12-12T14:04:19+00:00\" \/>\n<meta property=\"og:image\" content=\"https:\/\/probelle.com.br\/wp-content\/uploads\/2024\/06\/Liso-1.png\" \/>\n\t<meta property=\"og:image:width\" content=\"1280\" \/>\n\t<meta property=\"og:image:height\" content=\"1920\" \/>\n\t<meta property=\"og:image:type\" content=\"image\/png\" \/>\n<meta name=\"twitter:card\" content=\"summary_large_image\" \/>\n<meta name=\"twitter:label1\" content=\"Tiempo de lectura\" \/>\n\t<meta name=\"twitter:data1\" content=\"2 minutos\" \/>\n<script type=\"application\/ld+json\" class=\"yoast-schema-graph\">{\"@context\":\"https:\/\/schema.org\",\"@graph\":[{\"@type\":\"WebPage\",\"@id\":\"https:\/\/probelle.com.br\/es\/produto\/linha-carinho-para-cabelos-lisos\/\",\"url\":\"https:\/\/probelle.com.br\/es\/produto\/linha-carinho-para-cabelos-lisos\/\",\"name\":\"Linha Carinho para cabelos Lisos ~ Probelle Cosm\u00e9ticos\",\"isPartOf\":{\"@id\":\"https:\/\/probelle.com.br\/es\/#website\"},\"primaryImageOfPage\":{\"@id\":\"https:\/\/probelle.com.br\/es\/produto\/linha-carinho-para-cabelos-lisos\/#primaryimage\"},\"image\":{\"@id\":\"https:\/\/probelle.com.br\/es\/produto\/linha-carinho-para-cabelos-lisos\/#primaryimage\"},\"thumbnailUrl\":\"https:\/\/probelle.com.br\/wp-content\/uploads\/2024\/06\/Liso-1.png\",\"datePublished\":\"2024-07-02T12:55:59+00:00\",\"dateModified\":\"2024-12-12T14:04:19+00:00\",\"description\":\"Apresentamos a Dupla Encantadora da Probelle: o Shampoo e Condicionador Carinho da Probelle, criados especialmente para os pequenos exploradores e suas madeixas delicadas.\",\"breadcrumb\":{\"@id\":\"https:\/\/probelle.com.br\/es\/produto\/linha-carinho-para-cabelos-lisos\/#breadcrumb\"},\"inLanguage\":\"es\",\"potentialAction\":[{\"@type\":\"ReadAction\",\"target\":[\"https:\/\/probelle.com.br\/es\/produto\/linha-carinho-para-cabelos-lisos\/\"]}]},{\"@type\":\"ImageObject\",\"inLanguage\":\"es\",\"@id\":\"https:\/\/probelle.com.br\/es\/produto\/linha-carinho-para-cabelos-lisos\/#primaryimage\",\"url\":\"https:\/\/probelle.com.br\/wp-content\/uploads\/2024\/06\/Liso-1.png\",\"contentUrl\":\"https:\/\/probelle.com.br\/wp-content\/uploads\/2024\/06\/Liso-1.png\",\"width\":1280,\"height\":1920,\"caption\":\"Linha Carinho para Cabelos Lisos\"},{\"@type\":\"BreadcrumbList\",\"@id\":\"https:\/\/probelle.com.br\/es\/produto\/linha-carinho-para-cabelos-lisos\/#breadcrumb\",\"itemListElement\":[{\"@type\":\"ListItem\",\"position\":1,\"name\":\"Home\",\"item\":\"https:\/\/probelle.com.br\/es\/\"},{\"@type\":\"ListItem\",\"position\":2,\"name\":\"Loja\",\"item\":\"https:\/\/probelle.com.br\/loja\/\"},{\"@type\":\"ListItem\",\"position\":3,\"name\":\"Linha Carinho para cabelos Lisos\"}]},{\"@type\":\"WebSite\",\"@id\":\"https:\/\/probelle.com.br\/es\/#website\",\"url\":\"https:\/\/probelle.com.br\/es\/\",\"name\":\"Probelle Cosm\u00e9ticos\",\"description\":\"Todo mundo tem em casa.\",\"publisher\":{\"@id\":\"https:\/\/probelle.com.br\/es\/#organization\"},\"potentialAction\":[{\"@type\":\"SearchAction\",\"target\":{\"@type\":\"EntryPoint\",\"urlTemplate\":\"https:\/\/probelle.com.br\/es\/?s={search_term_string}\"},\"query-input\":{\"@type\":\"PropertyValueSpecification\",\"valueRequired\":true,\"valueName\":\"search_term_string\"}}],\"inLanguage\":\"es\"},{\"@type\":\"Organization\",\"@id\":\"https:\/\/probelle.com.br\/es\/#organization\",\"name\":\"Probelle Cosm\u00e9ticos\",\"url\":\"https:\/\/probelle.com.br\/es\/\",\"logo\":{\"@type\":\"ImageObject\",\"inLanguage\":\"es\",\"@id\":\"https:\/\/probelle.com.br\/es\/#\/schema\/logo\/image\/\",\"url\":\"https:\/\/probelle.com.br\/wp-content\/uploads\/2022\/08\/Para-o-sitee.jpg\",\"contentUrl\":\"https:\/\/probelle.com.br\/wp-content\/uploads\/2022\/08\/Para-o-sitee.jpg\",\"width\":1000,\"height\":750,\"caption\":\"Probelle Cosm\u00e9ticos\"},\"image\":{\"@id\":\"https:\/\/probelle.com.br\/es\/#\/schema\/logo\/image\/\"},\"sameAs\":[\"https:\/\/www.facebook.com\/probelle\/\",\"https:\/\/www.instagram.com\/probellecosmeticos\/\",\"https:\/\/www.youtube.com\/c\/ProbelleCosm\u00e9ticos\/\",\"https:\/\/br.linkedin.com\/company\/probellecosmeticos\",\"https:\/\/br.pinterest.com\/probellecosmeticos\/\"]}]}<\/script>\n<!-- \/ Yoast SEO Premium plugin. -->","yoast_head_json":{"title":"Linha Carinho para cabelos Lisos ~ Probelle Cosm\u00e9ticos","description":"Apresentamos a Dupla Encantadora da Probelle: o Shampoo e Condicionador Carinho da Probelle, criados especialmente para os pequenos exploradores e suas madeixas delicadas.","robots":{"index":"index","follow":"follow","max-snippet":"max-snippet:-1","max-image-preview":"max-image-preview:large","max-video-preview":"max-video-preview:-1"},"canonical":"https:\/\/probelle.com.br\/es\/produto\/linha-carinho-para-cabelos-lisos\/","og_locale":"es_ES","og_type":"article","og_title":"Linha Carinho para cabelos Lisos","og_description":"Apresentamos a Dupla Encantadora da Probelle: o Shampoo e Condicionador Carinho da Probelle, criados especialmente para os pequenos exploradores e suas madeixas delicadas.","og_url":"https:\/\/probelle.com.br\/es\/produto\/linha-carinho-para-cabelos-lisos\/","og_site_name":"Probelle Cosm\u00e9ticos","article_publisher":"https:\/\/www.facebook.com\/probelle\/","article_modified_time":"2024-12-12T14:04:19+00:00","og_image":[{"width":1280,"height":1920,"url":"https:\/\/probelle.com.br\/wp-content\/uploads\/2024\/06\/Liso-1.png","type":"image\/png"}],"twitter_card":"summary_large_image","twitter_misc":{"Tiempo de lectura":"2 minutos"},"schema":{"@context":"https:\/\/schema.org","@graph":[{"@type":"WebPage","@id":"https:\/\/probelle.com.br\/es\/produto\/linha-carinho-para-cabelos-lisos\/","url":"https:\/\/probelle.com.br\/es\/produto\/linha-carinho-para-cabelos-lisos\/","name":"Linha Carinho para cabelos Lisos ~ Probelle Cosm\u00e9ticos","isPartOf":{"@id":"https:\/\/probelle.com.br\/es\/#website"},"primaryImageOfPage":{"@id":"https:\/\/probelle.com.br\/es\/produto\/linha-carinho-para-cabelos-lisos\/#primaryimage"},"image":{"@id":"https:\/\/probelle.com.br\/es\/produto\/linha-carinho-para-cabelos-lisos\/#primaryimage"},"thumbnailUrl":"https:\/\/probelle.com.br\/wp-content\/uploads\/2024\/06\/Liso-1.png","datePublished":"2024-07-02T12:55:59+00:00","dateModified":"2024-12-12T14:04:19+00:00","description":"Apresentamos a Dupla Encantadora da Probelle: o Shampoo e Condicionador Carinho da Probelle, criados especialmente para os pequenos exploradores e suas madeixas delicadas.","breadcrumb":{"@id":"https:\/\/probelle.com.br\/es\/produto\/linha-carinho-para-cabelos-lisos\/#breadcrumb"},"inLanguage":"es","potentialAction":[{"@type":"ReadAction","target":["https:\/\/probelle.com.br\/es\/produto\/linha-carinho-para-cabelos-lisos\/"]}]},{"@type":"ImageObject","inLanguage":"es","@id":"https:\/\/probelle.com.br\/es\/produto\/linha-carinho-para-cabelos-lisos\/#primaryimage","url":"https:\/\/probelle.com.br\/wp-content\/uploads\/2024\/06\/Liso-1.png","contentUrl":"https:\/\/probelle.com.br\/wp-content\/uploads\/2024\/06\/Liso-1.png","width":1280,"height":1920,"caption":"Linha Carinho para Cabelos Lisos"},{"@type":"BreadcrumbList","@id":"https:\/\/probelle.com.br\/es\/produto\/linha-carinho-para-cabelos-lisos\/#breadcrumb","itemListElement":[{"@type":"ListItem","position":1,"name":"Home","item":"https:\/\/probelle.com.br\/es\/"},{"@type":"ListItem","position":2,"name":"Loja","item":"https:\/\/probelle.com.br\/loja\/"},{"@type":"ListItem","position":3,"name":"Linha Carinho para cabelos Lisos"}]},{"@type":"WebSite","@id":"https:\/\/probelle.com.br\/es\/#website","url":"https:\/\/probelle.com.br\/es\/","name":"Probelle Cosm\u00e9ticos","description":"Todo mundo tem em casa.","publisher":{"@id":"https:\/\/probelle.com.br\/es\/#organization"},"potentialAction":[{"@type":"SearchAction","target":{"@type":"EntryPoint","urlTemplate":"https:\/\/probelle.com.br\/es\/?s={search_term_string}"},"query-input":{"@type":"PropertyValueSpecification","valueRequired":true,"valueName":"search_term_string"}}],"inLanguage":"es"},{"@type":"Organization","@id":"https:\/\/probelle.com.br\/es\/#organization","name":"Probelle Cosm\u00e9ticos","url":"https:\/\/probelle.com.br\/es\/","logo":{"@type":"ImageObject","inLanguage":"es","@id":"https:\/\/probelle.com.br\/es\/#\/schema\/logo\/image\/","url":"https:\/\/probelle.com.br\/wp-content\/uploads\/2022\/08\/Para-o-sitee.jpg","contentUrl":"https:\/\/probelle.com.br\/wp-content\/uploads\/2022\/08\/Para-o-sitee.jpg","width":1000,"height":750,"caption":"Probelle Cosm\u00e9ticos"},"image":{"@id":"https:\/\/probelle.com.br\/es\/#\/schema\/logo\/image\/"},"sameAs":["https:\/\/www.facebook.com\/probelle\/","https:\/\/www.instagram.com\/probellecosmeticos\/","https:\/\/www.youtube.com\/c\/ProbelleCosm\u00e9ticos\/","https:\/\/br.linkedin.com\/company\/probellecosmeticos","https:\/\/br.pinterest.com\/probellecosmeticos\/"]}]}},"_links":{"self":[{"href":"https:\/\/probelle.com.br\/es\/wp-json\/wp\/v2\/product\/26737","targetHints":{"allow":["GET"]}}],"collection":[{"href":"https:\/\/probelle.com.br\/es\/wp-json\/wp\/v2\/product"}],"about":[{"href":"https:\/\/probelle.com.br\/es\/wp-json\/wp\/v2\/types\/product"}],"wp:featuredmedia":[{"embeddable":true,"href":"https:\/\/probelle.com.br\/es\/wp-json\/wp\/v2\/media\/26398"}],"wp:attachment":[{"href":"https:\/\/probelle.com.br\/es\/wp-json\/wp\/v2\/media?parent=26737"}],"wp:term":[{"taxonomy":"product_brand","embeddable":true,"href":"https:\/\/probelle.com.br\/es\/wp-json\/wp\/v2\/product_brand?post=26737"},{"taxonomy":"product_cat","embeddable":true,"href":"https:\/\/probelle.com.br\/es\/wp-json\/wp\/v2\/product_cat?post=26737"},{"taxonomy":"product_tag","embeddable":true,"href":"https:\/\/probelle.com.br\/es\/wp-json\/wp\/v2\/product_tag?post=26737"}],"curies":[{"name":"wp","href":"https:\/\/api.w.org\/{rel}","templated":true}]}}