{"id":25398,"date":"2023-09-28T15:17:42","date_gmt":"2023-09-28T18:17:42","guid":{"rendered":"https:\/\/probelle.com.br\/?post_type=product&#038;p=25398"},"modified":"2024-07-03T10:37:47","modified_gmt":"2024-07-03T13:37:47","slug":"super-bonita-liso-brilho-espelhado-kit-linha-completa","status":"publish","type":"product","link":"https:\/\/probelle.com.br\/es\/produto\/super-bonita-liso-brilho-espelhado-kit-linha-completa\/","title":{"rendered":"Super Bonita Liso Brilho Espelhado Kit Linha Completa"},"content":{"rendered":"<p><strong>Descubra o Segredo para um Liso Perfeito com a Linha Super Bonita Liso Brilho Espelhado<\/strong><\/p>\n<p>Voc\u00ea sonha com cabelos lisos, brilhantes e com um efeito espelhado de arrasar? N\u00e3o procure mais! Apresentamos a linha Super Bonita Liso Brilho Espelhado, o seu segredo para conquistar um liso perfeito e deslumbrante.<\/p>\n<p>Nossa f\u00f3rmula excepcional \u00e9 enriquecida com um complexo sin\u00e9rgico de 7 ativos de \u00faltima gera\u00e7\u00e3o, projetados especificamente para cuidar dos cabelos lisos. Essa combina\u00e7\u00e3o \u00fanica de ingredientes age profundamente na estrutura capilar, proporcionando um brilho espelhado que irradia confian\u00e7a.<\/p>\n<p>A linha Super Bonita Liso Brilho Espelhado conta com <strong>shampoo, condicionador e m\u00e1scara<\/strong>. O<strong> shampoo<\/strong> \u00e9 de limpeza delicada, suave e de movimento natural, com a\u00e7\u00e3o anti-radicais livres, toque macio e incr\u00edvel efeito desembara\u00e7ante. O <strong>Condicionador<\/strong> de m\u00e1xima defini\u00e7\u00e3o, com efeito prolongador de liso, desmaia fio antigravidade ultra condicionante e desembara\u00e7ante. J\u00e1 o <strong>creme de tratamento<\/strong> foi especialmente desenvolvido para deixar os cabelos Ultra Hidratados, lisos super alinhados, sem frizz, cheios de brilho e com aquele desmaio chapado incr\u00edvel, devido aos ativos que prolongam o efeito liso!<\/p>\n<p>A linha possui f\u00f3rmula excepcional, com a combina\u00e7\u00e3o sin\u00e9rgica de 7 ativos de \u00faltima gera\u00e7\u00e3o para o cuidado com os cabelos lisos que age em toda a estrutura capilar, alinhando e hidratando de imediato os fios, devolvendo a beleza, maciez e brilho com m\u00e1xima defini\u00e7\u00e3o. O incr\u00edvel poder dos seus ativos e um complexo de \u00f3leos excepcionais recuperam a nutri\u00e7\u00e3o e brilho dos fios com a\u00e7\u00e3o emoliente e reparadora dos \u00e1cidos graxos que agem diretamente no interior da fibra capilar.<\/p>\n","protected":false},"excerpt":{"rendered":"<p>Apresentamos a linha Super Bonita Liso Brilho Espelhado, sua f\u00f3rmula excepcional para cabelos lisos proporciona brilho espelhado, hidrata\u00e7\u00e3o profunda e efeito prolongador do liso. Com 7 ativos de \u00faltima gera\u00e7\u00e3o, nossos produtos alinham, hidratam e d\u00e3o defini\u00e7\u00e3o aos fios, deixando-os deslumbrantes. Descubra o segredo para um liso perfeito!<\/p>\n","protected":false},"featured_media":25400,"template":"","meta":{"_joinchat":[]},"product_brand":[],"product_cat":[643,311],"product_tag":[594],"class_list":{"0":"post-25398","1":"product","2":"type-product","3":"status-publish","4":"has-post-thumbnail","6":"product_cat-kit","7":"product_cat-super-bonita","8":"product_tag-produtos-probelle","10":"first","11":"outofstock","12":"shipping-taxable","13":"purchasable","14":"product-type-simple"},"yoast_head":"<!-- This site is optimized with the Yoast SEO Premium plugin v23.5 (Yoast SEO v26.5) - https:\/\/yoast.com\/wordpress\/plugins\/seo\/ -->\n<title>Super Bonita Liso Brilho Espelhado: O Segredo para um Liso Perfeito<\/title>\n<meta name=\"description\" content=\"Transforme seus cabelos lisos com a linha Super Bonita Liso Brilho Espelhado. Cachos incrivelmente hidratados, brilhantes e perfeitamente alinhados. Experimente agora e revele seu liso deslumbrante!\" \/>\n<meta name=\"robots\" content=\"index, follow, max-snippet:-1, max-image-preview:large, max-video-preview:-1\" \/>\n<link rel=\"canonical\" href=\"https:\/\/probelle.com.br\/es\/produto\/super-bonita-liso-brilho-espelhado-kit-linha-completa\/\" \/>\n<meta property=\"og:locale\" content=\"es_ES\" \/>\n<meta property=\"og:type\" content=\"article\" \/>\n<meta property=\"og:title\" content=\"Super Bonita Liso Brilho Espelhado Kit Linha Completa\" \/>\n<meta property=\"og:description\" content=\"Transforme seus cabelos lisos com a linha Super Bonita Liso Brilho Espelhado. Cachos incrivelmente hidratados, brilhantes e perfeitamente alinhados. Experimente agora e revele seu liso deslumbrante!\" \/>\n<meta property=\"og:url\" content=\"https:\/\/probelle.com.br\/es\/produto\/super-bonita-liso-brilho-espelhado-kit-linha-completa\/\" \/>\n<meta property=\"og:site_name\" content=\"Probelle Cosm\u00e9ticos\" \/>\n<meta property=\"article:publisher\" content=\"https:\/\/www.facebook.com\/probelle\/\" \/>\n<meta property=\"article:modified_time\" content=\"2024-07-03T13:37:47+00:00\" \/>\n<meta property=\"og:image\" content=\"https:\/\/probelle.com.br\/wp-content\/uploads\/2023\/09\/Super-Bonita-Liso-Brilho-Espelhado.jpg\" \/>\n\t<meta property=\"og:image:width\" content=\"800\" \/>\n\t<meta property=\"og:image:height\" content=\"800\" \/>\n\t<meta property=\"og:image:type\" content=\"image\/jpeg\" \/>\n<meta name=\"twitter:card\" content=\"summary_large_image\" \/>\n<meta name=\"twitter:label1\" content=\"Tiempo de lectura\" \/>\n\t<meta name=\"twitter:data1\" content=\"2 minutos\" \/>\n<script type=\"application\/ld+json\" class=\"yoast-schema-graph\">{\"@context\":\"https:\/\/schema.org\",\"@graph\":[{\"@type\":\"WebPage\",\"@id\":\"https:\/\/probelle.com.br\/es\/produto\/super-bonita-liso-brilho-espelhado-kit-linha-completa\/\",\"url\":\"https:\/\/probelle.com.br\/es\/produto\/super-bonita-liso-brilho-espelhado-kit-linha-completa\/\",\"name\":\"Super Bonita Liso Brilho Espelhado: O Segredo para um Liso Perfeito\",\"isPartOf\":{\"@id\":\"https:\/\/probelle.com.br\/es\/#website\"},\"primaryImageOfPage\":{\"@id\":\"https:\/\/probelle.com.br\/es\/produto\/super-bonita-liso-brilho-espelhado-kit-linha-completa\/#primaryimage\"},\"image\":{\"@id\":\"https:\/\/probelle.com.br\/es\/produto\/super-bonita-liso-brilho-espelhado-kit-linha-completa\/#primaryimage\"},\"thumbnailUrl\":\"https:\/\/probelle.com.br\/wp-content\/uploads\/2023\/09\/Super-Bonita-Liso-Brilho-Espelhado.jpg\",\"datePublished\":\"2023-09-28T18:17:42+00:00\",\"dateModified\":\"2024-07-03T13:37:47+00:00\",\"description\":\"Transforme seus cabelos lisos com a linha Super Bonita Liso Brilho Espelhado. Cachos incrivelmente hidratados, brilhantes e perfeitamente alinhados. Experimente agora e revele seu liso deslumbrante!\",\"breadcrumb\":{\"@id\":\"https:\/\/probelle.com.br\/es\/produto\/super-bonita-liso-brilho-espelhado-kit-linha-completa\/#breadcrumb\"},\"inLanguage\":\"es\",\"potentialAction\":[{\"@type\":\"ReadAction\",\"target\":[\"https:\/\/probelle.com.br\/es\/produto\/super-bonita-liso-brilho-espelhado-kit-linha-completa\/\"]}]},{\"@type\":\"ImageObject\",\"inLanguage\":\"es\",\"@id\":\"https:\/\/probelle.com.br\/es\/produto\/super-bonita-liso-brilho-espelhado-kit-linha-completa\/#primaryimage\",\"url\":\"https:\/\/probelle.com.br\/wp-content\/uploads\/2023\/09\/Super-Bonita-Liso-Brilho-Espelhado.jpg\",\"contentUrl\":\"https:\/\/probelle.com.br\/wp-content\/uploads\/2023\/09\/Super-Bonita-Liso-Brilho-Espelhado.jpg\",\"width\":800,\"height\":800,\"caption\":\"Super Bonita Liso Brilho Espelhado\"},{\"@type\":\"BreadcrumbList\",\"@id\":\"https:\/\/probelle.com.br\/es\/produto\/super-bonita-liso-brilho-espelhado-kit-linha-completa\/#breadcrumb\",\"itemListElement\":[{\"@type\":\"ListItem\",\"position\":1,\"name\":\"Home\",\"item\":\"https:\/\/probelle.com.br\/es\/\"},{\"@type\":\"ListItem\",\"position\":2,\"name\":\"Loja\",\"item\":\"https:\/\/probelle.com.br\/loja\/\"},{\"@type\":\"ListItem\",\"position\":3,\"name\":\"Super Bonita Liso Brilho Espelhado Kit Linha Completa\"}]},{\"@type\":\"WebSite\",\"@id\":\"https:\/\/probelle.com.br\/es\/#website\",\"url\":\"https:\/\/probelle.com.br\/es\/\",\"name\":\"Probelle Cosm\u00e9ticos\",\"description\":\"Todo mundo tem em casa.\",\"publisher\":{\"@id\":\"https:\/\/probelle.com.br\/es\/#organization\"},\"potentialAction\":[{\"@type\":\"SearchAction\",\"target\":{\"@type\":\"EntryPoint\",\"urlTemplate\":\"https:\/\/probelle.com.br\/es\/?s={search_term_string}\"},\"query-input\":{\"@type\":\"PropertyValueSpecification\",\"valueRequired\":true,\"valueName\":\"search_term_string\"}}],\"inLanguage\":\"es\"},{\"@type\":\"Organization\",\"@id\":\"https:\/\/probelle.com.br\/es\/#organization\",\"name\":\"Probelle Cosm\u00e9ticos\",\"url\":\"https:\/\/probelle.com.br\/es\/\",\"logo\":{\"@type\":\"ImageObject\",\"inLanguage\":\"es\",\"@id\":\"https:\/\/probelle.com.br\/es\/#\/schema\/logo\/image\/\",\"url\":\"https:\/\/probelle.com.br\/wp-content\/uploads\/2022\/08\/Para-o-sitee.jpg\",\"contentUrl\":\"https:\/\/probelle.com.br\/wp-content\/uploads\/2022\/08\/Para-o-sitee.jpg\",\"width\":1000,\"height\":750,\"caption\":\"Probelle Cosm\u00e9ticos\"},\"image\":{\"@id\":\"https:\/\/probelle.com.br\/es\/#\/schema\/logo\/image\/\"},\"sameAs\":[\"https:\/\/www.facebook.com\/probelle\/\",\"https:\/\/www.instagram.com\/probellecosmeticos\/\",\"https:\/\/www.youtube.com\/c\/ProbelleCosm\u00e9ticos\/\",\"https:\/\/br.linkedin.com\/company\/probellecosmeticos\",\"https:\/\/br.pinterest.com\/probellecosmeticos\/\"]}]}<\/script>\n<!-- \/ Yoast SEO Premium plugin. -->","yoast_head_json":{"title":"Super Bonita Liso Brilho Espelhado: O Segredo para um Liso Perfeito","description":"Transforme seus cabelos lisos com a linha Super Bonita Liso Brilho Espelhado. Cachos incrivelmente hidratados, brilhantes e perfeitamente alinhados. Experimente agora e revele seu liso deslumbrante!","robots":{"index":"index","follow":"follow","max-snippet":"max-snippet:-1","max-image-preview":"max-image-preview:large","max-video-preview":"max-video-preview:-1"},"canonical":"https:\/\/probelle.com.br\/es\/produto\/super-bonita-liso-brilho-espelhado-kit-linha-completa\/","og_locale":"es_ES","og_type":"article","og_title":"Super Bonita Liso Brilho Espelhado Kit Linha Completa","og_description":"Transforme seus cabelos lisos com a linha Super Bonita Liso Brilho Espelhado. Cachos incrivelmente hidratados, brilhantes e perfeitamente alinhados. Experimente agora e revele seu liso deslumbrante!","og_url":"https:\/\/probelle.com.br\/es\/produto\/super-bonita-liso-brilho-espelhado-kit-linha-completa\/","og_site_name":"Probelle Cosm\u00e9ticos","article_publisher":"https:\/\/www.facebook.com\/probelle\/","article_modified_time":"2024-07-03T13:37:47+00:00","og_image":[{"width":800,"height":800,"url":"https:\/\/probelle.com.br\/wp-content\/uploads\/2023\/09\/Super-Bonita-Liso-Brilho-Espelhado.jpg","type":"image\/jpeg"}],"twitter_card":"summary_large_image","twitter_misc":{"Tiempo de lectura":"2 minutos"},"schema":{"@context":"https:\/\/schema.org","@graph":[{"@type":"WebPage","@id":"https:\/\/probelle.com.br\/es\/produto\/super-bonita-liso-brilho-espelhado-kit-linha-completa\/","url":"https:\/\/probelle.com.br\/es\/produto\/super-bonita-liso-brilho-espelhado-kit-linha-completa\/","name":"Super Bonita Liso Brilho Espelhado: O Segredo para um Liso Perfeito","isPartOf":{"@id":"https:\/\/probelle.com.br\/es\/#website"},"primaryImageOfPage":{"@id":"https:\/\/probelle.com.br\/es\/produto\/super-bonita-liso-brilho-espelhado-kit-linha-completa\/#primaryimage"},"image":{"@id":"https:\/\/probelle.com.br\/es\/produto\/super-bonita-liso-brilho-espelhado-kit-linha-completa\/#primaryimage"},"thumbnailUrl":"https:\/\/probelle.com.br\/wp-content\/uploads\/2023\/09\/Super-Bonita-Liso-Brilho-Espelhado.jpg","datePublished":"2023-09-28T18:17:42+00:00","dateModified":"2024-07-03T13:37:47+00:00","description":"Transforme seus cabelos lisos com a linha Super Bonita Liso Brilho Espelhado. Cachos incrivelmente hidratados, brilhantes e perfeitamente alinhados. Experimente agora e revele seu liso deslumbrante!","breadcrumb":{"@id":"https:\/\/probelle.com.br\/es\/produto\/super-bonita-liso-brilho-espelhado-kit-linha-completa\/#breadcrumb"},"inLanguage":"es","potentialAction":[{"@type":"ReadAction","target":["https:\/\/probelle.com.br\/es\/produto\/super-bonita-liso-brilho-espelhado-kit-linha-completa\/"]}]},{"@type":"ImageObject","inLanguage":"es","@id":"https:\/\/probelle.com.br\/es\/produto\/super-bonita-liso-brilho-espelhado-kit-linha-completa\/#primaryimage","url":"https:\/\/probelle.com.br\/wp-content\/uploads\/2023\/09\/Super-Bonita-Liso-Brilho-Espelhado.jpg","contentUrl":"https:\/\/probelle.com.br\/wp-content\/uploads\/2023\/09\/Super-Bonita-Liso-Brilho-Espelhado.jpg","width":800,"height":800,"caption":"Super Bonita Liso Brilho Espelhado"},{"@type":"BreadcrumbList","@id":"https:\/\/probelle.com.br\/es\/produto\/super-bonita-liso-brilho-espelhado-kit-linha-completa\/#breadcrumb","itemListElement":[{"@type":"ListItem","position":1,"name":"Home","item":"https:\/\/probelle.com.br\/es\/"},{"@type":"ListItem","position":2,"name":"Loja","item":"https:\/\/probelle.com.br\/loja\/"},{"@type":"ListItem","position":3,"name":"Super Bonita Liso Brilho Espelhado Kit Linha Completa"}]},{"@type":"WebSite","@id":"https:\/\/probelle.com.br\/es\/#website","url":"https:\/\/probelle.com.br\/es\/","name":"Probelle Cosm\u00e9ticos","description":"Todo mundo tem em casa.","publisher":{"@id":"https:\/\/probelle.com.br\/es\/#organization"},"potentialAction":[{"@type":"SearchAction","target":{"@type":"EntryPoint","urlTemplate":"https:\/\/probelle.com.br\/es\/?s={search_term_string}"},"query-input":{"@type":"PropertyValueSpecification","valueRequired":true,"valueName":"search_term_string"}}],"inLanguage":"es"},{"@type":"Organization","@id":"https:\/\/probelle.com.br\/es\/#organization","name":"Probelle Cosm\u00e9ticos","url":"https:\/\/probelle.com.br\/es\/","logo":{"@type":"ImageObject","inLanguage":"es","@id":"https:\/\/probelle.com.br\/es\/#\/schema\/logo\/image\/","url":"https:\/\/probelle.com.br\/wp-content\/uploads\/2022\/08\/Para-o-sitee.jpg","contentUrl":"https:\/\/probelle.com.br\/wp-content\/uploads\/2022\/08\/Para-o-sitee.jpg","width":1000,"height":750,"caption":"Probelle Cosm\u00e9ticos"},"image":{"@id":"https:\/\/probelle.com.br\/es\/#\/schema\/logo\/image\/"},"sameAs":["https:\/\/www.facebook.com\/probelle\/","https:\/\/www.instagram.com\/probellecosmeticos\/","https:\/\/www.youtube.com\/c\/ProbelleCosm\u00e9ticos\/","https:\/\/br.linkedin.com\/company\/probellecosmeticos","https:\/\/br.pinterest.com\/probellecosmeticos\/"]}]}},"_links":{"self":[{"href":"https:\/\/probelle.com.br\/es\/wp-json\/wp\/v2\/product\/25398","targetHints":{"allow":["GET"]}}],"collection":[{"href":"https:\/\/probelle.com.br\/es\/wp-json\/wp\/v2\/product"}],"about":[{"href":"https:\/\/probelle.com.br\/es\/wp-json\/wp\/v2\/types\/product"}],"wp:featuredmedia":[{"embeddable":true,"href":"https:\/\/probelle.com.br\/es\/wp-json\/wp\/v2\/media\/25400"}],"wp:attachment":[{"href":"https:\/\/probelle.com.br\/es\/wp-json\/wp\/v2\/media?parent=25398"}],"wp:term":[{"taxonomy":"product_brand","embeddable":true,"href":"https:\/\/probelle.com.br\/es\/wp-json\/wp\/v2\/product_brand?post=25398"},{"taxonomy":"product_cat","embeddable":true,"href":"https:\/\/probelle.com.br\/es\/wp-json\/wp\/v2\/product_cat?post=25398"},{"taxonomy":"product_tag","embeddable":true,"href":"https:\/\/probelle.com.br\/es\/wp-json\/wp\/v2\/product_tag?post=25398"}],"curies":[{"name":"wp","href":"https:\/\/api.w.org\/{rel}","templated":true}]}}