{"id":25392,"date":"2023-09-28T14:53:15","date_gmt":"2023-09-28T17:53:15","guid":{"rendered":"https:\/\/probelle.com.br\/?post_type=product&#038;p=25392"},"modified":"2024-07-03T10:36:48","modified_gmt":"2024-07-03T13:36:48","slug":"super-bonita-crespo-babosa-kit-linha-completa","status":"publish","type":"product","link":"https:\/\/probelle.com.br\/es\/produto\/super-bonita-crespo-babosa-kit-linha-completa\/","title":{"rendered":"Super Bonita Crespo Babosa Kit Linha Completa"},"content":{"rendered":"<p><strong>Super Bonita Crespo Babosa: Cachos Hidratados e Definidos com o Poder da Babosa<\/strong><\/p>\n<p>Descubra a m\u00e1gica da linha Super Bonita Crespo Babosa e transforme seus cachos com uma hidrata\u00e7\u00e3o profunda e defini\u00e7\u00e3o espetacular. Feita sob medida para cabelos crespos e cresp\u00edssimos, essa cole\u00e7\u00e3o de cuidados capilares ir\u00e1 revolucionar sua rotina de beleza, com <strong>shampoo, condicionador, creme de pentear, creme de tratamento e gelatina fixadora<\/strong>.<\/p>\n<p>O <strong>Shampoo e Condicionador<\/strong> possuem extrato de babosa e contam com a exclusiva tecnologia PRODEW 500, uma mistura de Amino\u00e1cidos desenvolvida para se transformar na nova tecnologia para tratamento capilar.<\/p>\n<p>O queridinho <strong>Creme de Tratamento Super Bonita Crespo Babosa<\/strong> \u00e9 ideal para cabelos fracos, ressecados e com queda, por tratar a fibra capilar de dentro para fora, com recupera\u00e7\u00e3o m\u00e1xima da estrutura e repara\u00e7\u00e3o dos fios.<\/p>\n<p>Agora vamos falar de finaliza\u00e7\u00e3o de LUXO? Para essa etapa contamos com o Creme de Pentear e a Gelatina Fixadora. O <strong>Creme de Pentear Super Bonita Crespo Babosa<\/strong>, al\u00e9m da babosa conta com a queratina, \u00f3leo de mamona e um super blend de 14 amino\u00e1cidos que juntos ajudam a hidratar, restaurar, definir e desembara\u00e7ar os fios, al\u00e9m de deixar os cabelos fortes e macios.<\/p>\n<p>J\u00e1 a <strong>Gelatina Fixadora<\/strong> \u00e9 um finalizador de alta performance com alto poder de hidrata\u00e7\u00e3o, por conta da Babosa que oferece sa\u00fade para os cabelos crespos e cresp\u00edssimos, recuperando a curvatura dos fios que perdem forma com a desidrata\u00e7\u00e3o e resgata de forma imediata o volume com defini\u00e7\u00e3o profunda nos cachos, deixando aquele t\u00e3o desejado brilho umidificado que tanto amamos.<\/p>\n<p>Aproveite a verdadeira beleza de seus cachos com a linha Super Bonita Crespo Babosa. Cuide de seus cabelos como eles merecem e transforme sua rotina de beleza hoje mesmo.<\/p>\n<p>Transforme seus cachos com a hidrata\u00e7\u00e3o poderosa da babosa. Compre agora e descubra o segredo para cachos incr\u00edveis!<\/p>\n","protected":false},"excerpt":{"rendered":"<p>Descubra a cole\u00e7\u00e3o Super Bonita Crespo Babosa, uma linha de cuidados capilares criada especialmente para cabelos crespos e cresp\u00edssimos. Com extrato de babosa e a avan\u00e7ada tecnologia PRODEW 500, nossa f\u00f3rmula proporciona hidrata\u00e7\u00e3o profunda, fortalecimento dos fios e cachos perfeitamente definidos. Transforme seus cachos com o poder da babosa!<\/p>\n","protected":false},"featured_media":25395,"template":"","meta":{"_joinchat":[]},"product_brand":[],"product_cat":[643,311],"product_tag":[594],"class_list":{"0":"post-25392","1":"product","2":"type-product","3":"status-publish","4":"has-post-thumbnail","6":"product_cat-kit","7":"product_cat-super-bonita","8":"product_tag-produtos-probelle","10":"first","11":"instock","12":"shipping-taxable","13":"purchasable","14":"product-type-simple"},"yoast_head":"<!-- This site is optimized with the Yoast SEO Premium plugin v23.5 (Yoast SEO v26.5) - https:\/\/yoast.com\/wordpress\/plugins\/seo\/ -->\n<title>Super Bonita Crespo Babosa: Cachos Hidratados e Definidos<\/title>\n<meta name=\"description\" content=\"Revitalize seus cachos com a linha Super Bonita Crespo Babosa. Hidrata\u00e7\u00e3o profunda, fortalecimento e defini\u00e7\u00e3o espetacular para cabelos crespos. Experimente agora!\" \/>\n<meta name=\"robots\" content=\"index, follow, max-snippet:-1, max-image-preview:large, max-video-preview:-1\" \/>\n<link rel=\"canonical\" href=\"https:\/\/probelle.com.br\/es\/produto\/super-bonita-crespo-babosa-kit-linha-completa\/\" \/>\n<meta property=\"og:locale\" content=\"es_ES\" \/>\n<meta property=\"og:type\" content=\"article\" \/>\n<meta property=\"og:title\" content=\"Super Bonita Crespo Babosa Kit Linha Completa\" \/>\n<meta property=\"og:description\" content=\"Revitalize seus cachos com a linha Super Bonita Crespo Babosa. Hidrata\u00e7\u00e3o profunda, fortalecimento e defini\u00e7\u00e3o espetacular para cabelos crespos. Experimente agora!\" \/>\n<meta property=\"og:url\" content=\"https:\/\/probelle.com.br\/es\/produto\/super-bonita-crespo-babosa-kit-linha-completa\/\" \/>\n<meta property=\"og:site_name\" content=\"Probelle Cosm\u00e9ticos\" \/>\n<meta property=\"article:publisher\" content=\"https:\/\/www.facebook.com\/probelle\/\" \/>\n<meta property=\"article:modified_time\" content=\"2024-07-03T13:36:48+00:00\" \/>\n<meta property=\"og:image\" content=\"https:\/\/probelle.com.br\/wp-content\/uploads\/2023\/09\/Super-Bonita-Crespo-Babosa.jpg\" \/>\n\t<meta property=\"og:image:width\" content=\"800\" \/>\n\t<meta property=\"og:image:height\" content=\"800\" \/>\n\t<meta property=\"og:image:type\" content=\"image\/jpeg\" \/>\n<meta name=\"twitter:card\" content=\"summary_large_image\" \/>\n<meta name=\"twitter:label1\" content=\"Tiempo de lectura\" \/>\n\t<meta name=\"twitter:data1\" content=\"2 minutos\" \/>\n<script type=\"application\/ld+json\" class=\"yoast-schema-graph\">{\"@context\":\"https:\/\/schema.org\",\"@graph\":[{\"@type\":\"WebPage\",\"@id\":\"https:\/\/probelle.com.br\/es\/produto\/super-bonita-crespo-babosa-kit-linha-completa\/\",\"url\":\"https:\/\/probelle.com.br\/es\/produto\/super-bonita-crespo-babosa-kit-linha-completa\/\",\"name\":\"Super Bonita Crespo Babosa: Cachos Hidratados e Definidos\",\"isPartOf\":{\"@id\":\"https:\/\/probelle.com.br\/es\/#website\"},\"primaryImageOfPage\":{\"@id\":\"https:\/\/probelle.com.br\/es\/produto\/super-bonita-crespo-babosa-kit-linha-completa\/#primaryimage\"},\"image\":{\"@id\":\"https:\/\/probelle.com.br\/es\/produto\/super-bonita-crespo-babosa-kit-linha-completa\/#primaryimage\"},\"thumbnailUrl\":\"https:\/\/probelle.com.br\/wp-content\/uploads\/2023\/09\/Super-Bonita-Crespo-Babosa.jpg\",\"datePublished\":\"2023-09-28T17:53:15+00:00\",\"dateModified\":\"2024-07-03T13:36:48+00:00\",\"description\":\"Revitalize seus cachos com a linha Super Bonita Crespo Babosa. Hidrata\u00e7\u00e3o profunda, fortalecimento e defini\u00e7\u00e3o espetacular para cabelos crespos. Experimente agora!\",\"breadcrumb\":{\"@id\":\"https:\/\/probelle.com.br\/es\/produto\/super-bonita-crespo-babosa-kit-linha-completa\/#breadcrumb\"},\"inLanguage\":\"es\",\"potentialAction\":[{\"@type\":\"ReadAction\",\"target\":[\"https:\/\/probelle.com.br\/es\/produto\/super-bonita-crespo-babosa-kit-linha-completa\/\"]}]},{\"@type\":\"ImageObject\",\"inLanguage\":\"es\",\"@id\":\"https:\/\/probelle.com.br\/es\/produto\/super-bonita-crespo-babosa-kit-linha-completa\/#primaryimage\",\"url\":\"https:\/\/probelle.com.br\/wp-content\/uploads\/2023\/09\/Super-Bonita-Crespo-Babosa.jpg\",\"contentUrl\":\"https:\/\/probelle.com.br\/wp-content\/uploads\/2023\/09\/Super-Bonita-Crespo-Babosa.jpg\",\"width\":800,\"height\":800,\"caption\":\"Super Bonita Crespo Babosa\"},{\"@type\":\"BreadcrumbList\",\"@id\":\"https:\/\/probelle.com.br\/es\/produto\/super-bonita-crespo-babosa-kit-linha-completa\/#breadcrumb\",\"itemListElement\":[{\"@type\":\"ListItem\",\"position\":1,\"name\":\"Home\",\"item\":\"https:\/\/probelle.com.br\/es\/\"},{\"@type\":\"ListItem\",\"position\":2,\"name\":\"Loja\",\"item\":\"https:\/\/probelle.com.br\/loja\/\"},{\"@type\":\"ListItem\",\"position\":3,\"name\":\"Super Bonita Crespo Babosa Kit Linha Completa\"}]},{\"@type\":\"WebSite\",\"@id\":\"https:\/\/probelle.com.br\/es\/#website\",\"url\":\"https:\/\/probelle.com.br\/es\/\",\"name\":\"Probelle Cosm\u00e9ticos\",\"description\":\"Todo mundo tem em casa.\",\"publisher\":{\"@id\":\"https:\/\/probelle.com.br\/es\/#organization\"},\"potentialAction\":[{\"@type\":\"SearchAction\",\"target\":{\"@type\":\"EntryPoint\",\"urlTemplate\":\"https:\/\/probelle.com.br\/es\/?s={search_term_string}\"},\"query-input\":{\"@type\":\"PropertyValueSpecification\",\"valueRequired\":true,\"valueName\":\"search_term_string\"}}],\"inLanguage\":\"es\"},{\"@type\":\"Organization\",\"@id\":\"https:\/\/probelle.com.br\/es\/#organization\",\"name\":\"Probelle Cosm\u00e9ticos\",\"url\":\"https:\/\/probelle.com.br\/es\/\",\"logo\":{\"@type\":\"ImageObject\",\"inLanguage\":\"es\",\"@id\":\"https:\/\/probelle.com.br\/es\/#\/schema\/logo\/image\/\",\"url\":\"https:\/\/probelle.com.br\/wp-content\/uploads\/2022\/08\/Para-o-sitee.jpg\",\"contentUrl\":\"https:\/\/probelle.com.br\/wp-content\/uploads\/2022\/08\/Para-o-sitee.jpg\",\"width\":1000,\"height\":750,\"caption\":\"Probelle Cosm\u00e9ticos\"},\"image\":{\"@id\":\"https:\/\/probelle.com.br\/es\/#\/schema\/logo\/image\/\"},\"sameAs\":[\"https:\/\/www.facebook.com\/probelle\/\",\"https:\/\/www.instagram.com\/probellecosmeticos\/\",\"https:\/\/www.youtube.com\/c\/ProbelleCosm\u00e9ticos\/\",\"https:\/\/br.linkedin.com\/company\/probellecosmeticos\",\"https:\/\/br.pinterest.com\/probellecosmeticos\/\"]}]}<\/script>\n<!-- \/ Yoast SEO Premium plugin. -->","yoast_head_json":{"title":"Super Bonita Crespo Babosa: Cachos Hidratados e Definidos","description":"Revitalize seus cachos com a linha Super Bonita Crespo Babosa. Hidrata\u00e7\u00e3o profunda, fortalecimento e defini\u00e7\u00e3o espetacular para cabelos crespos. Experimente agora!","robots":{"index":"index","follow":"follow","max-snippet":"max-snippet:-1","max-image-preview":"max-image-preview:large","max-video-preview":"max-video-preview:-1"},"canonical":"https:\/\/probelle.com.br\/es\/produto\/super-bonita-crespo-babosa-kit-linha-completa\/","og_locale":"es_ES","og_type":"article","og_title":"Super Bonita Crespo Babosa Kit Linha Completa","og_description":"Revitalize seus cachos com a linha Super Bonita Crespo Babosa. Hidrata\u00e7\u00e3o profunda, fortalecimento e defini\u00e7\u00e3o espetacular para cabelos crespos. Experimente agora!","og_url":"https:\/\/probelle.com.br\/es\/produto\/super-bonita-crespo-babosa-kit-linha-completa\/","og_site_name":"Probelle Cosm\u00e9ticos","article_publisher":"https:\/\/www.facebook.com\/probelle\/","article_modified_time":"2024-07-03T13:36:48+00:00","og_image":[{"width":800,"height":800,"url":"https:\/\/probelle.com.br\/wp-content\/uploads\/2023\/09\/Super-Bonita-Crespo-Babosa.jpg","type":"image\/jpeg"}],"twitter_card":"summary_large_image","twitter_misc":{"Tiempo de lectura":"2 minutos"},"schema":{"@context":"https:\/\/schema.org","@graph":[{"@type":"WebPage","@id":"https:\/\/probelle.com.br\/es\/produto\/super-bonita-crespo-babosa-kit-linha-completa\/","url":"https:\/\/probelle.com.br\/es\/produto\/super-bonita-crespo-babosa-kit-linha-completa\/","name":"Super Bonita Crespo Babosa: Cachos Hidratados e Definidos","isPartOf":{"@id":"https:\/\/probelle.com.br\/es\/#website"},"primaryImageOfPage":{"@id":"https:\/\/probelle.com.br\/es\/produto\/super-bonita-crespo-babosa-kit-linha-completa\/#primaryimage"},"image":{"@id":"https:\/\/probelle.com.br\/es\/produto\/super-bonita-crespo-babosa-kit-linha-completa\/#primaryimage"},"thumbnailUrl":"https:\/\/probelle.com.br\/wp-content\/uploads\/2023\/09\/Super-Bonita-Crespo-Babosa.jpg","datePublished":"2023-09-28T17:53:15+00:00","dateModified":"2024-07-03T13:36:48+00:00","description":"Revitalize seus cachos com a linha Super Bonita Crespo Babosa. Hidrata\u00e7\u00e3o profunda, fortalecimento e defini\u00e7\u00e3o espetacular para cabelos crespos. Experimente agora!","breadcrumb":{"@id":"https:\/\/probelle.com.br\/es\/produto\/super-bonita-crespo-babosa-kit-linha-completa\/#breadcrumb"},"inLanguage":"es","potentialAction":[{"@type":"ReadAction","target":["https:\/\/probelle.com.br\/es\/produto\/super-bonita-crespo-babosa-kit-linha-completa\/"]}]},{"@type":"ImageObject","inLanguage":"es","@id":"https:\/\/probelle.com.br\/es\/produto\/super-bonita-crespo-babosa-kit-linha-completa\/#primaryimage","url":"https:\/\/probelle.com.br\/wp-content\/uploads\/2023\/09\/Super-Bonita-Crespo-Babosa.jpg","contentUrl":"https:\/\/probelle.com.br\/wp-content\/uploads\/2023\/09\/Super-Bonita-Crespo-Babosa.jpg","width":800,"height":800,"caption":"Super Bonita Crespo Babosa"},{"@type":"BreadcrumbList","@id":"https:\/\/probelle.com.br\/es\/produto\/super-bonita-crespo-babosa-kit-linha-completa\/#breadcrumb","itemListElement":[{"@type":"ListItem","position":1,"name":"Home","item":"https:\/\/probelle.com.br\/es\/"},{"@type":"ListItem","position":2,"name":"Loja","item":"https:\/\/probelle.com.br\/loja\/"},{"@type":"ListItem","position":3,"name":"Super Bonita Crespo Babosa Kit Linha Completa"}]},{"@type":"WebSite","@id":"https:\/\/probelle.com.br\/es\/#website","url":"https:\/\/probelle.com.br\/es\/","name":"Probelle Cosm\u00e9ticos","description":"Todo mundo tem em casa.","publisher":{"@id":"https:\/\/probelle.com.br\/es\/#organization"},"potentialAction":[{"@type":"SearchAction","target":{"@type":"EntryPoint","urlTemplate":"https:\/\/probelle.com.br\/es\/?s={search_term_string}"},"query-input":{"@type":"PropertyValueSpecification","valueRequired":true,"valueName":"search_term_string"}}],"inLanguage":"es"},{"@type":"Organization","@id":"https:\/\/probelle.com.br\/es\/#organization","name":"Probelle Cosm\u00e9ticos","url":"https:\/\/probelle.com.br\/es\/","logo":{"@type":"ImageObject","inLanguage":"es","@id":"https:\/\/probelle.com.br\/es\/#\/schema\/logo\/image\/","url":"https:\/\/probelle.com.br\/wp-content\/uploads\/2022\/08\/Para-o-sitee.jpg","contentUrl":"https:\/\/probelle.com.br\/wp-content\/uploads\/2022\/08\/Para-o-sitee.jpg","width":1000,"height":750,"caption":"Probelle Cosm\u00e9ticos"},"image":{"@id":"https:\/\/probelle.com.br\/es\/#\/schema\/logo\/image\/"},"sameAs":["https:\/\/www.facebook.com\/probelle\/","https:\/\/www.instagram.com\/probellecosmeticos\/","https:\/\/www.youtube.com\/c\/ProbelleCosm\u00e9ticos\/","https:\/\/br.linkedin.com\/company\/probellecosmeticos","https:\/\/br.pinterest.com\/probellecosmeticos\/"]}]}},"_links":{"self":[{"href":"https:\/\/probelle.com.br\/es\/wp-json\/wp\/v2\/product\/25392","targetHints":{"allow":["GET"]}}],"collection":[{"href":"https:\/\/probelle.com.br\/es\/wp-json\/wp\/v2\/product"}],"about":[{"href":"https:\/\/probelle.com.br\/es\/wp-json\/wp\/v2\/types\/product"}],"wp:featuredmedia":[{"embeddable":true,"href":"https:\/\/probelle.com.br\/es\/wp-json\/wp\/v2\/media\/25395"}],"wp:attachment":[{"href":"https:\/\/probelle.com.br\/es\/wp-json\/wp\/v2\/media?parent=25392"}],"wp:term":[{"taxonomy":"product_brand","embeddable":true,"href":"https:\/\/probelle.com.br\/es\/wp-json\/wp\/v2\/product_brand?post=25392"},{"taxonomy":"product_cat","embeddable":true,"href":"https:\/\/probelle.com.br\/es\/wp-json\/wp\/v2\/product_cat?post=25392"},{"taxonomy":"product_tag","embeddable":true,"href":"https:\/\/probelle.com.br\/es\/wp-json\/wp\/v2\/product_tag?post=25392"}],"curies":[{"name":"wp","href":"https:\/\/api.w.org\/{rel}","templated":true}]}}