{"id":25374,"date":"2023-09-28T13:36:06","date_gmt":"2023-09-28T16:36:06","guid":{"rendered":"https:\/\/probelle.com.br\/?post_type=product&#038;p=25374"},"modified":"2025-04-30T10:06:09","modified_gmt":"2025-04-30T13:06:09","slug":"super-bonita-cachos-dos-sonhos-kit-linha-completa","status":"publish","type":"product","link":"https:\/\/probelle.com.br\/es\/produto\/super-bonita-cachos-dos-sonhos-kit-linha-completa\/","title":{"rendered":"Super Bonita Cachos dos Sonhos Kit Linha Completa"},"content":{"rendered":"<p>O Kit Super Bonita Cachos dos Sonhos \u00e9 a solu\u00e7\u00e3o perfeita para cabelos ondulados e cacheados dos tipos 2B, 2C, 3A, 3B e 3C. Este conjunto completo inclui um <strong>shampoo, condicionador, creme de pentear, creme de tratamento e gelatina fixadora<\/strong>, proporcionando cuidados completos para seus preciosos cachos.<\/p>\n<p>Toda cacheada merece ter seus sonhos de cachos realizados, e a linha Super Bonita faz exatamente isso. Desenvolvida para cabelos ondulados e cacheados, essa linha conta com ativos especiais que estimulam o crescimento dos fios, conferindo-lhes for\u00e7a e resist\u00eancia.<\/p>\n<p>Aproveite o melhor que seus cachos podem oferecer com o Kit Super Bonita Cachos dos Sonhos e desfrute de cabelos ondulados e cacheados incrivelmente bonitos e saud\u00e1veis. Seus sonhos de cachos est\u00e3o prestes a se tornar realidade!<\/p>\n","protected":false},"excerpt":{"rendered":"<p>O Kit Super Bonita Cachos dos Sonhos \u00e9 a solu\u00e7\u00e3o perfeita para cabelos ondulados e cacheados dos tipos 2B, 2C, 3A, 3B e 3C. Este conjunto completo inclui shampoo, condicionador, creme de pentear, creme de tratamento e gelatina fixadora. Desenvolvido com ativos especiais, esse kit acelera o crescimento dos fios, proporcionando for\u00e7a, resist\u00eancia e cachos perfeitamente definidos. Experimente a magia de cachos dos sonhos com este kit de cuidados capilares.<\/p>\n","protected":false},"featured_media":25376,"template":"","meta":{"_joinchat":[]},"product_brand":[],"product_cat":[643,311],"product_tag":[594],"class_list":{"0":"post-25374","1":"product","2":"type-product","3":"status-publish","4":"has-post-thumbnail","6":"product_cat-kit","7":"product_cat-super-bonita","8":"product_tag-produtos-probelle","10":"first","11":"instock","12":"shipping-taxable","13":"purchasable","14":"product-type-simple"},"yoast_head":"<!-- This site is optimized with the Yoast SEO Premium plugin v23.5 (Yoast SEO v26.5) - https:\/\/yoast.com\/wordpress\/plugins\/seo\/ -->\n<title>Kit Super Bonita Cachos dos Sonhos: O Segredo para Cachos Perfeitos<\/title>\n<meta name=\"description\" content=\"Descubra o segredo para cachos perfeitos com o Kit Super Bonita Cachos dos Sonhos. Este conjunto de produtos \u00e9 especialmente formulado para cabelos ondulados e cacheados, desde 2B at\u00e9 3C. Transforme seus sonhos de cachos incr\u00edveis em realidade com essa linha de tratamento capilar.\" \/>\n<meta name=\"robots\" content=\"index, follow, max-snippet:-1, max-image-preview:large, max-video-preview:-1\" \/>\n<link rel=\"canonical\" href=\"https:\/\/probelle.com.br\/es\/produto\/super-bonita-cachos-dos-sonhos-kit-linha-completa\/\" \/>\n<meta property=\"og:locale\" content=\"es_ES\" \/>\n<meta property=\"og:type\" content=\"article\" \/>\n<meta property=\"og:title\" content=\"Super Bonita Cachos dos Sonhos Kit Linha Completa\" \/>\n<meta property=\"og:description\" content=\"Descubra o segredo para cachos perfeitos com o Kit Super Bonita Cachos dos Sonhos. Este conjunto de produtos \u00e9 especialmente formulado para cabelos ondulados e cacheados, desde 2B at\u00e9 3C. Transforme seus sonhos de cachos incr\u00edveis em realidade com essa linha de tratamento capilar.\" \/>\n<meta property=\"og:url\" content=\"https:\/\/probelle.com.br\/es\/produto\/super-bonita-cachos-dos-sonhos-kit-linha-completa\/\" \/>\n<meta property=\"og:site_name\" content=\"Probelle Cosm\u00e9ticos\" \/>\n<meta property=\"article:publisher\" content=\"https:\/\/www.facebook.com\/probelle\/\" \/>\n<meta property=\"article:modified_time\" content=\"2025-04-30T13:06:09+00:00\" \/>\n<meta property=\"og:image\" content=\"https:\/\/probelle.com.br\/wp-content\/uploads\/2023\/09\/Super-Bonita-Cachos-dos-Sonhos.jpg\" \/>\n\t<meta property=\"og:image:width\" content=\"800\" \/>\n\t<meta property=\"og:image:height\" content=\"800\" \/>\n\t<meta property=\"og:image:type\" content=\"image\/jpeg\" \/>\n<meta name=\"twitter:card\" content=\"summary_large_image\" \/>\n<meta name=\"twitter:label1\" content=\"Tiempo de lectura\" \/>\n\t<meta name=\"twitter:data1\" content=\"1 minuto\" \/>\n<script type=\"application\/ld+json\" class=\"yoast-schema-graph\">{\"@context\":\"https:\/\/schema.org\",\"@graph\":[{\"@type\":\"WebPage\",\"@id\":\"https:\/\/probelle.com.br\/es\/produto\/super-bonita-cachos-dos-sonhos-kit-linha-completa\/\",\"url\":\"https:\/\/probelle.com.br\/es\/produto\/super-bonita-cachos-dos-sonhos-kit-linha-completa\/\",\"name\":\"Kit Super Bonita Cachos dos Sonhos: O Segredo para Cachos Perfeitos\",\"isPartOf\":{\"@id\":\"https:\/\/probelle.com.br\/es\/#website\"},\"primaryImageOfPage\":{\"@id\":\"https:\/\/probelle.com.br\/es\/produto\/super-bonita-cachos-dos-sonhos-kit-linha-completa\/#primaryimage\"},\"image\":{\"@id\":\"https:\/\/probelle.com.br\/es\/produto\/super-bonita-cachos-dos-sonhos-kit-linha-completa\/#primaryimage\"},\"thumbnailUrl\":\"https:\/\/probelle.com.br\/wp-content\/uploads\/2023\/09\/Super-Bonita-Cachos-dos-Sonhos.jpg\",\"datePublished\":\"2023-09-28T16:36:06+00:00\",\"dateModified\":\"2025-04-30T13:06:09+00:00\",\"description\":\"Descubra o segredo para cachos perfeitos com o Kit Super Bonita Cachos dos Sonhos. Este conjunto de produtos \u00e9 especialmente formulado para cabelos ondulados e cacheados, desde 2B at\u00e9 3C. Transforme seus sonhos de cachos incr\u00edveis em realidade com essa linha de tratamento capilar.\",\"breadcrumb\":{\"@id\":\"https:\/\/probelle.com.br\/es\/produto\/super-bonita-cachos-dos-sonhos-kit-linha-completa\/#breadcrumb\"},\"inLanguage\":\"es\",\"potentialAction\":[{\"@type\":\"ReadAction\",\"target\":[\"https:\/\/probelle.com.br\/es\/produto\/super-bonita-cachos-dos-sonhos-kit-linha-completa\/\"]}]},{\"@type\":\"ImageObject\",\"inLanguage\":\"es\",\"@id\":\"https:\/\/probelle.com.br\/es\/produto\/super-bonita-cachos-dos-sonhos-kit-linha-completa\/#primaryimage\",\"url\":\"https:\/\/probelle.com.br\/wp-content\/uploads\/2023\/09\/Super-Bonita-Cachos-dos-Sonhos.jpg\",\"contentUrl\":\"https:\/\/probelle.com.br\/wp-content\/uploads\/2023\/09\/Super-Bonita-Cachos-dos-Sonhos.jpg\",\"width\":800,\"height\":800,\"caption\":\"Super Bonita Cachos dos Sonhos\"},{\"@type\":\"BreadcrumbList\",\"@id\":\"https:\/\/probelle.com.br\/es\/produto\/super-bonita-cachos-dos-sonhos-kit-linha-completa\/#breadcrumb\",\"itemListElement\":[{\"@type\":\"ListItem\",\"position\":1,\"name\":\"Home\",\"item\":\"https:\/\/probelle.com.br\/es\/\"},{\"@type\":\"ListItem\",\"position\":2,\"name\":\"Loja\",\"item\":\"https:\/\/probelle.com.br\/loja\/\"},{\"@type\":\"ListItem\",\"position\":3,\"name\":\"Super Bonita Cachos dos Sonhos Kit Linha Completa\"}]},{\"@type\":\"WebSite\",\"@id\":\"https:\/\/probelle.com.br\/es\/#website\",\"url\":\"https:\/\/probelle.com.br\/es\/\",\"name\":\"Probelle Cosm\u00e9ticos\",\"description\":\"Todo mundo tem em casa.\",\"publisher\":{\"@id\":\"https:\/\/probelle.com.br\/es\/#organization\"},\"potentialAction\":[{\"@type\":\"SearchAction\",\"target\":{\"@type\":\"EntryPoint\",\"urlTemplate\":\"https:\/\/probelle.com.br\/es\/?s={search_term_string}\"},\"query-input\":{\"@type\":\"PropertyValueSpecification\",\"valueRequired\":true,\"valueName\":\"search_term_string\"}}],\"inLanguage\":\"es\"},{\"@type\":\"Organization\",\"@id\":\"https:\/\/probelle.com.br\/es\/#organization\",\"name\":\"Probelle Cosm\u00e9ticos\",\"url\":\"https:\/\/probelle.com.br\/es\/\",\"logo\":{\"@type\":\"ImageObject\",\"inLanguage\":\"es\",\"@id\":\"https:\/\/probelle.com.br\/es\/#\/schema\/logo\/image\/\",\"url\":\"https:\/\/probelle.com.br\/wp-content\/uploads\/2022\/08\/Para-o-sitee.jpg\",\"contentUrl\":\"https:\/\/probelle.com.br\/wp-content\/uploads\/2022\/08\/Para-o-sitee.jpg\",\"width\":1000,\"height\":750,\"caption\":\"Probelle Cosm\u00e9ticos\"},\"image\":{\"@id\":\"https:\/\/probelle.com.br\/es\/#\/schema\/logo\/image\/\"},\"sameAs\":[\"https:\/\/www.facebook.com\/probelle\/\",\"https:\/\/www.instagram.com\/probellecosmeticos\/\",\"https:\/\/www.youtube.com\/c\/ProbelleCosm\u00e9ticos\/\",\"https:\/\/br.linkedin.com\/company\/probellecosmeticos\",\"https:\/\/br.pinterest.com\/probellecosmeticos\/\"]}]}<\/script>\n<!-- \/ Yoast SEO Premium plugin. -->","yoast_head_json":{"title":"Kit Super Bonita Cachos dos Sonhos: O Segredo para Cachos Perfeitos","description":"Descubra o segredo para cachos perfeitos com o Kit Super Bonita Cachos dos Sonhos. Este conjunto de produtos \u00e9 especialmente formulado para cabelos ondulados e cacheados, desde 2B at\u00e9 3C. Transforme seus sonhos de cachos incr\u00edveis em realidade com essa linha de tratamento capilar.","robots":{"index":"index","follow":"follow","max-snippet":"max-snippet:-1","max-image-preview":"max-image-preview:large","max-video-preview":"max-video-preview:-1"},"canonical":"https:\/\/probelle.com.br\/es\/produto\/super-bonita-cachos-dos-sonhos-kit-linha-completa\/","og_locale":"es_ES","og_type":"article","og_title":"Super Bonita Cachos dos Sonhos Kit Linha Completa","og_description":"Descubra o segredo para cachos perfeitos com o Kit Super Bonita Cachos dos Sonhos. Este conjunto de produtos \u00e9 especialmente formulado para cabelos ondulados e cacheados, desde 2B at\u00e9 3C. Transforme seus sonhos de cachos incr\u00edveis em realidade com essa linha de tratamento capilar.","og_url":"https:\/\/probelle.com.br\/es\/produto\/super-bonita-cachos-dos-sonhos-kit-linha-completa\/","og_site_name":"Probelle Cosm\u00e9ticos","article_publisher":"https:\/\/www.facebook.com\/probelle\/","article_modified_time":"2025-04-30T13:06:09+00:00","og_image":[{"width":800,"height":800,"url":"https:\/\/probelle.com.br\/wp-content\/uploads\/2023\/09\/Super-Bonita-Cachos-dos-Sonhos.jpg","type":"image\/jpeg"}],"twitter_card":"summary_large_image","twitter_misc":{"Tiempo de lectura":"1 minuto"},"schema":{"@context":"https:\/\/schema.org","@graph":[{"@type":"WebPage","@id":"https:\/\/probelle.com.br\/es\/produto\/super-bonita-cachos-dos-sonhos-kit-linha-completa\/","url":"https:\/\/probelle.com.br\/es\/produto\/super-bonita-cachos-dos-sonhos-kit-linha-completa\/","name":"Kit Super Bonita Cachos dos Sonhos: O Segredo para Cachos Perfeitos","isPartOf":{"@id":"https:\/\/probelle.com.br\/es\/#website"},"primaryImageOfPage":{"@id":"https:\/\/probelle.com.br\/es\/produto\/super-bonita-cachos-dos-sonhos-kit-linha-completa\/#primaryimage"},"image":{"@id":"https:\/\/probelle.com.br\/es\/produto\/super-bonita-cachos-dos-sonhos-kit-linha-completa\/#primaryimage"},"thumbnailUrl":"https:\/\/probelle.com.br\/wp-content\/uploads\/2023\/09\/Super-Bonita-Cachos-dos-Sonhos.jpg","datePublished":"2023-09-28T16:36:06+00:00","dateModified":"2025-04-30T13:06:09+00:00","description":"Descubra o segredo para cachos perfeitos com o Kit Super Bonita Cachos dos Sonhos. Este conjunto de produtos \u00e9 especialmente formulado para cabelos ondulados e cacheados, desde 2B at\u00e9 3C. Transforme seus sonhos de cachos incr\u00edveis em realidade com essa linha de tratamento capilar.","breadcrumb":{"@id":"https:\/\/probelle.com.br\/es\/produto\/super-bonita-cachos-dos-sonhos-kit-linha-completa\/#breadcrumb"},"inLanguage":"es","potentialAction":[{"@type":"ReadAction","target":["https:\/\/probelle.com.br\/es\/produto\/super-bonita-cachos-dos-sonhos-kit-linha-completa\/"]}]},{"@type":"ImageObject","inLanguage":"es","@id":"https:\/\/probelle.com.br\/es\/produto\/super-bonita-cachos-dos-sonhos-kit-linha-completa\/#primaryimage","url":"https:\/\/probelle.com.br\/wp-content\/uploads\/2023\/09\/Super-Bonita-Cachos-dos-Sonhos.jpg","contentUrl":"https:\/\/probelle.com.br\/wp-content\/uploads\/2023\/09\/Super-Bonita-Cachos-dos-Sonhos.jpg","width":800,"height":800,"caption":"Super Bonita Cachos dos Sonhos"},{"@type":"BreadcrumbList","@id":"https:\/\/probelle.com.br\/es\/produto\/super-bonita-cachos-dos-sonhos-kit-linha-completa\/#breadcrumb","itemListElement":[{"@type":"ListItem","position":1,"name":"Home","item":"https:\/\/probelle.com.br\/es\/"},{"@type":"ListItem","position":2,"name":"Loja","item":"https:\/\/probelle.com.br\/loja\/"},{"@type":"ListItem","position":3,"name":"Super Bonita Cachos dos Sonhos Kit Linha Completa"}]},{"@type":"WebSite","@id":"https:\/\/probelle.com.br\/es\/#website","url":"https:\/\/probelle.com.br\/es\/","name":"Probelle Cosm\u00e9ticos","description":"Todo mundo tem em casa.","publisher":{"@id":"https:\/\/probelle.com.br\/es\/#organization"},"potentialAction":[{"@type":"SearchAction","target":{"@type":"EntryPoint","urlTemplate":"https:\/\/probelle.com.br\/es\/?s={search_term_string}"},"query-input":{"@type":"PropertyValueSpecification","valueRequired":true,"valueName":"search_term_string"}}],"inLanguage":"es"},{"@type":"Organization","@id":"https:\/\/probelle.com.br\/es\/#organization","name":"Probelle Cosm\u00e9ticos","url":"https:\/\/probelle.com.br\/es\/","logo":{"@type":"ImageObject","inLanguage":"es","@id":"https:\/\/probelle.com.br\/es\/#\/schema\/logo\/image\/","url":"https:\/\/probelle.com.br\/wp-content\/uploads\/2022\/08\/Para-o-sitee.jpg","contentUrl":"https:\/\/probelle.com.br\/wp-content\/uploads\/2022\/08\/Para-o-sitee.jpg","width":1000,"height":750,"caption":"Probelle Cosm\u00e9ticos"},"image":{"@id":"https:\/\/probelle.com.br\/es\/#\/schema\/logo\/image\/"},"sameAs":["https:\/\/www.facebook.com\/probelle\/","https:\/\/www.instagram.com\/probellecosmeticos\/","https:\/\/www.youtube.com\/c\/ProbelleCosm\u00e9ticos\/","https:\/\/br.linkedin.com\/company\/probellecosmeticos","https:\/\/br.pinterest.com\/probellecosmeticos\/"]}]}},"_links":{"self":[{"href":"https:\/\/probelle.com.br\/es\/wp-json\/wp\/v2\/product\/25374","targetHints":{"allow":["GET"]}}],"collection":[{"href":"https:\/\/probelle.com.br\/es\/wp-json\/wp\/v2\/product"}],"about":[{"href":"https:\/\/probelle.com.br\/es\/wp-json\/wp\/v2\/types\/product"}],"wp:featuredmedia":[{"embeddable":true,"href":"https:\/\/probelle.com.br\/es\/wp-json\/wp\/v2\/media\/25376"}],"wp:attachment":[{"href":"https:\/\/probelle.com.br\/es\/wp-json\/wp\/v2\/media?parent=25374"}],"wp:term":[{"taxonomy":"product_brand","embeddable":true,"href":"https:\/\/probelle.com.br\/es\/wp-json\/wp\/v2\/product_brand?post=25374"},{"taxonomy":"product_cat","embeddable":true,"href":"https:\/\/probelle.com.br\/es\/wp-json\/wp\/v2\/product_cat?post=25374"},{"taxonomy":"product_tag","embeddable":true,"href":"https:\/\/probelle.com.br\/es\/wp-json\/wp\/v2\/product_tag?post=25374"}],"curies":[{"name":"wp","href":"https:\/\/api.w.org\/{rel}","templated":true}]}}