{"id":25269,"date":"2023-09-27T15:17:21","date_gmt":"2023-09-27T18:17:21","guid":{"rendered":"https:\/\/probelle.com.br\/?post_type=product&#038;p=25269"},"modified":"2024-12-10T10:50:00","modified_gmt":"2024-12-10T13:50:00","slug":"lumino-max-kit-linha-completa","status":"publish","type":"product","link":"https:\/\/probelle.com.br\/es\/produto\/lumino-max-kit-linha-completa\/","title":{"rendered":"Lumino Max Kit Linha Completa"},"content":{"rendered":"<p><strong>Kit Linha Lumino Max:<\/strong>\u00a0 Composto por Shampoo, Condicionador, M\u00e1scara, Leave-In e Termoprotetor Multiuso.<br \/>\nA linha Lumino Max foi desenvolvida para evitar o aparecimento de pontas duplas e degenera\u00e7\u00f5es capilares por processos qu\u00edmicos, a Linha Lumino Max oferece o equil\u00edbrio perfeito para seus cabelos, mantendo a raiz livre de oleosidade e as pontas profundamente nutridas.<\/p>\n","protected":false},"excerpt":{"rendered":"<p>O Kit Lumino Max \u00e9 a solu\u00e7\u00e3o completa para cabelos equilibrados e radiantes. Este conjunto abrangente inclui o Shampoo Lumino Max, que proporciona limpeza suave e reposi\u00e7\u00e3o de elementos essenciais; o Condicionador Lumino Max, que rep\u00f5e amino\u00e1cidos e prote\u00ednas perdidos; a M\u00e1scara Lumino Max, com alta concentra\u00e7\u00e3o de nutrilip\u00eddios para nutri\u00e7\u00e3o intensiva; o Leave-in Lumino Max, para prote\u00e7\u00e3o di\u00e1ria; e o Termoprotetor Multiuso, que protege contra altas temperaturas. Ideal para cabelos com raiz oleosa e pontas secas, este kit proporciona equil\u00edbrio capilar e brilho radiante em cada uso.<\/p>\n","protected":false},"featured_media":25281,"template":"","meta":{"_joinchat":[]},"product_brand":[],"product_cat":[643,290,602],"product_tag":[594],"class_list":{"0":"post-25269","1":"product","2":"type-product","3":"status-publish","4":"has-post-thumbnail","6":"product_cat-kit","7":"product_cat-lumino-max","8":"product_cat-tratamento","9":"product_tag-produtos-probelle","11":"first","12":"outofstock","13":"shipping-taxable","14":"purchasable","15":"product-type-simple"},"yoast_head":"<!-- This site is optimized with the Yoast SEO Premium plugin v23.5 (Yoast SEO v26.5) - https:\/\/yoast.com\/wordpress\/plugins\/seo\/ -->\n<title>Kit Lumino Max: Cabelos Equilibrados e Radiantes em um Conjunto Completo<\/title>\n<meta name=\"description\" content=\"Descubra o segredo para cabelos equilibrados, radiantes e cheios de vida com o Kit Lumino Max. Este conjunto completo inclui o Shampoo, Condicionador, M\u00e1scara, Leave-in e Termoprotetor Multiuso da linha Lumino Max. Ideal para cabelos com raiz oleosa e pontas secas, este kit oferece limpeza suave, reposi\u00e7\u00e3o de nutrientes essenciais, nutri\u00e7\u00e3o intensiva e prote\u00e7\u00e3o t\u00e9rmica. D\u00ea aos seus cabelos o equil\u00edbrio que eles merecem e desfrute do brilho radiante que voc\u00ea sempre desejou.\" \/>\n<meta name=\"robots\" content=\"index, follow, max-snippet:-1, max-image-preview:large, max-video-preview:-1\" \/>\n<link rel=\"canonical\" href=\"https:\/\/probelle.com.br\/es\/produto\/lumino-max-kit-linha-completa\/\" \/>\n<meta property=\"og:locale\" content=\"es_ES\" \/>\n<meta property=\"og:type\" content=\"article\" \/>\n<meta property=\"og:title\" content=\"Lumino Max Kit Linha Completa\" \/>\n<meta property=\"og:description\" content=\"Descubra o segredo para cabelos equilibrados, radiantes e cheios de vida com o Kit Lumino Max. Este conjunto completo inclui o Shampoo, Condicionador, M\u00e1scara, Leave-in e Termoprotetor Multiuso da linha Lumino Max. Ideal para cabelos com raiz oleosa e pontas secas, este kit oferece limpeza suave, reposi\u00e7\u00e3o de nutrientes essenciais, nutri\u00e7\u00e3o intensiva e prote\u00e7\u00e3o t\u00e9rmica. D\u00ea aos seus cabelos o equil\u00edbrio que eles merecem e desfrute do brilho radiante que voc\u00ea sempre desejou.\" \/>\n<meta property=\"og:url\" content=\"https:\/\/probelle.com.br\/es\/produto\/lumino-max-kit-linha-completa\/\" \/>\n<meta property=\"og:site_name\" content=\"Probelle Cosm\u00e9ticos\" \/>\n<meta property=\"article:publisher\" content=\"https:\/\/www.facebook.com\/probelle\/\" \/>\n<meta property=\"article:modified_time\" content=\"2024-12-10T13:50:00+00:00\" \/>\n<meta property=\"og:image\" content=\"https:\/\/probelle.com.br\/wp-content\/uploads\/2023\/09\/Lumino-Max.jpg\" \/>\n\t<meta property=\"og:image:width\" content=\"800\" \/>\n\t<meta property=\"og:image:height\" content=\"800\" \/>\n\t<meta property=\"og:image:type\" content=\"image\/jpeg\" \/>\n<meta name=\"twitter:card\" content=\"summary_large_image\" \/>\n<meta name=\"twitter:label1\" content=\"Tiempo de lectura\" \/>\n\t<meta name=\"twitter:data1\" content=\"1 minuto\" \/>\n<script type=\"application\/ld+json\" class=\"yoast-schema-graph\">{\"@context\":\"https:\/\/schema.org\",\"@graph\":[{\"@type\":\"WebPage\",\"@id\":\"https:\/\/probelle.com.br\/es\/produto\/lumino-max-kit-linha-completa\/\",\"url\":\"https:\/\/probelle.com.br\/es\/produto\/lumino-max-kit-linha-completa\/\",\"name\":\"Kit Lumino Max: Cabelos Equilibrados e Radiantes em um Conjunto Completo\",\"isPartOf\":{\"@id\":\"https:\/\/probelle.com.br\/es\/#website\"},\"primaryImageOfPage\":{\"@id\":\"https:\/\/probelle.com.br\/es\/produto\/lumino-max-kit-linha-completa\/#primaryimage\"},\"image\":{\"@id\":\"https:\/\/probelle.com.br\/es\/produto\/lumino-max-kit-linha-completa\/#primaryimage\"},\"thumbnailUrl\":\"https:\/\/probelle.com.br\/wp-content\/uploads\/2023\/09\/Lumino-Max.jpg\",\"datePublished\":\"2023-09-27T18:17:21+00:00\",\"dateModified\":\"2024-12-10T13:50:00+00:00\",\"description\":\"Descubra o segredo para cabelos equilibrados, radiantes e cheios de vida com o Kit Lumino Max. Este conjunto completo inclui o Shampoo, Condicionador, M\u00e1scara, Leave-in e Termoprotetor Multiuso da linha Lumino Max. Ideal para cabelos com raiz oleosa e pontas secas, este kit oferece limpeza suave, reposi\u00e7\u00e3o de nutrientes essenciais, nutri\u00e7\u00e3o intensiva e prote\u00e7\u00e3o t\u00e9rmica. D\u00ea aos seus cabelos o equil\u00edbrio que eles merecem e desfrute do brilho radiante que voc\u00ea sempre desejou.\",\"breadcrumb\":{\"@id\":\"https:\/\/probelle.com.br\/es\/produto\/lumino-max-kit-linha-completa\/#breadcrumb\"},\"inLanguage\":\"es\",\"potentialAction\":[{\"@type\":\"ReadAction\",\"target\":[\"https:\/\/probelle.com.br\/es\/produto\/lumino-max-kit-linha-completa\/\"]}]},{\"@type\":\"ImageObject\",\"inLanguage\":\"es\",\"@id\":\"https:\/\/probelle.com.br\/es\/produto\/lumino-max-kit-linha-completa\/#primaryimage\",\"url\":\"https:\/\/probelle.com.br\/wp-content\/uploads\/2023\/09\/Lumino-Max.jpg\",\"contentUrl\":\"https:\/\/probelle.com.br\/wp-content\/uploads\/2023\/09\/Lumino-Max.jpg\",\"width\":800,\"height\":800,\"caption\":\"Kit Lumino Max\"},{\"@type\":\"BreadcrumbList\",\"@id\":\"https:\/\/probelle.com.br\/es\/produto\/lumino-max-kit-linha-completa\/#breadcrumb\",\"itemListElement\":[{\"@type\":\"ListItem\",\"position\":1,\"name\":\"Home\",\"item\":\"https:\/\/probelle.com.br\/es\/\"},{\"@type\":\"ListItem\",\"position\":2,\"name\":\"Loja\",\"item\":\"https:\/\/probelle.com.br\/loja\/\"},{\"@type\":\"ListItem\",\"position\":3,\"name\":\"Lumino Max Kit Linha Completa\"}]},{\"@type\":\"WebSite\",\"@id\":\"https:\/\/probelle.com.br\/es\/#website\",\"url\":\"https:\/\/probelle.com.br\/es\/\",\"name\":\"Probelle Cosm\u00e9ticos\",\"description\":\"Todo mundo tem em casa.\",\"publisher\":{\"@id\":\"https:\/\/probelle.com.br\/es\/#organization\"},\"potentialAction\":[{\"@type\":\"SearchAction\",\"target\":{\"@type\":\"EntryPoint\",\"urlTemplate\":\"https:\/\/probelle.com.br\/es\/?s={search_term_string}\"},\"query-input\":{\"@type\":\"PropertyValueSpecification\",\"valueRequired\":true,\"valueName\":\"search_term_string\"}}],\"inLanguage\":\"es\"},{\"@type\":\"Organization\",\"@id\":\"https:\/\/probelle.com.br\/es\/#organization\",\"name\":\"Probelle Cosm\u00e9ticos\",\"url\":\"https:\/\/probelle.com.br\/es\/\",\"logo\":{\"@type\":\"ImageObject\",\"inLanguage\":\"es\",\"@id\":\"https:\/\/probelle.com.br\/es\/#\/schema\/logo\/image\/\",\"url\":\"https:\/\/probelle.com.br\/wp-content\/uploads\/2022\/08\/Para-o-sitee.jpg\",\"contentUrl\":\"https:\/\/probelle.com.br\/wp-content\/uploads\/2022\/08\/Para-o-sitee.jpg\",\"width\":1000,\"height\":750,\"caption\":\"Probelle Cosm\u00e9ticos\"},\"image\":{\"@id\":\"https:\/\/probelle.com.br\/es\/#\/schema\/logo\/image\/\"},\"sameAs\":[\"https:\/\/www.facebook.com\/probelle\/\",\"https:\/\/www.instagram.com\/probellecosmeticos\/\",\"https:\/\/www.youtube.com\/c\/ProbelleCosm\u00e9ticos\/\",\"https:\/\/br.linkedin.com\/company\/probellecosmeticos\",\"https:\/\/br.pinterest.com\/probellecosmeticos\/\"]}]}<\/script>\n<!-- \/ Yoast SEO Premium plugin. -->","yoast_head_json":{"title":"Kit Lumino Max: Cabelos Equilibrados e Radiantes em um Conjunto Completo","description":"Descubra o segredo para cabelos equilibrados, radiantes e cheios de vida com o Kit Lumino Max. Este conjunto completo inclui o Shampoo, Condicionador, M\u00e1scara, Leave-in e Termoprotetor Multiuso da linha Lumino Max. Ideal para cabelos com raiz oleosa e pontas secas, este kit oferece limpeza suave, reposi\u00e7\u00e3o de nutrientes essenciais, nutri\u00e7\u00e3o intensiva e prote\u00e7\u00e3o t\u00e9rmica. D\u00ea aos seus cabelos o equil\u00edbrio que eles merecem e desfrute do brilho radiante que voc\u00ea sempre desejou.","robots":{"index":"index","follow":"follow","max-snippet":"max-snippet:-1","max-image-preview":"max-image-preview:large","max-video-preview":"max-video-preview:-1"},"canonical":"https:\/\/probelle.com.br\/es\/produto\/lumino-max-kit-linha-completa\/","og_locale":"es_ES","og_type":"article","og_title":"Lumino Max Kit Linha Completa","og_description":"Descubra o segredo para cabelos equilibrados, radiantes e cheios de vida com o Kit Lumino Max. Este conjunto completo inclui o Shampoo, Condicionador, M\u00e1scara, Leave-in e Termoprotetor Multiuso da linha Lumino Max. Ideal para cabelos com raiz oleosa e pontas secas, este kit oferece limpeza suave, reposi\u00e7\u00e3o de nutrientes essenciais, nutri\u00e7\u00e3o intensiva e prote\u00e7\u00e3o t\u00e9rmica. D\u00ea aos seus cabelos o equil\u00edbrio que eles merecem e desfrute do brilho radiante que voc\u00ea sempre desejou.","og_url":"https:\/\/probelle.com.br\/es\/produto\/lumino-max-kit-linha-completa\/","og_site_name":"Probelle Cosm\u00e9ticos","article_publisher":"https:\/\/www.facebook.com\/probelle\/","article_modified_time":"2024-12-10T13:50:00+00:00","og_image":[{"width":800,"height":800,"url":"https:\/\/probelle.com.br\/wp-content\/uploads\/2023\/09\/Lumino-Max.jpg","type":"image\/jpeg"}],"twitter_card":"summary_large_image","twitter_misc":{"Tiempo de lectura":"1 minuto"},"schema":{"@context":"https:\/\/schema.org","@graph":[{"@type":"WebPage","@id":"https:\/\/probelle.com.br\/es\/produto\/lumino-max-kit-linha-completa\/","url":"https:\/\/probelle.com.br\/es\/produto\/lumino-max-kit-linha-completa\/","name":"Kit Lumino Max: Cabelos Equilibrados e Radiantes em um Conjunto Completo","isPartOf":{"@id":"https:\/\/probelle.com.br\/es\/#website"},"primaryImageOfPage":{"@id":"https:\/\/probelle.com.br\/es\/produto\/lumino-max-kit-linha-completa\/#primaryimage"},"image":{"@id":"https:\/\/probelle.com.br\/es\/produto\/lumino-max-kit-linha-completa\/#primaryimage"},"thumbnailUrl":"https:\/\/probelle.com.br\/wp-content\/uploads\/2023\/09\/Lumino-Max.jpg","datePublished":"2023-09-27T18:17:21+00:00","dateModified":"2024-12-10T13:50:00+00:00","description":"Descubra o segredo para cabelos equilibrados, radiantes e cheios de vida com o Kit Lumino Max. Este conjunto completo inclui o Shampoo, Condicionador, M\u00e1scara, Leave-in e Termoprotetor Multiuso da linha Lumino Max. Ideal para cabelos com raiz oleosa e pontas secas, este kit oferece limpeza suave, reposi\u00e7\u00e3o de nutrientes essenciais, nutri\u00e7\u00e3o intensiva e prote\u00e7\u00e3o t\u00e9rmica. D\u00ea aos seus cabelos o equil\u00edbrio que eles merecem e desfrute do brilho radiante que voc\u00ea sempre desejou.","breadcrumb":{"@id":"https:\/\/probelle.com.br\/es\/produto\/lumino-max-kit-linha-completa\/#breadcrumb"},"inLanguage":"es","potentialAction":[{"@type":"ReadAction","target":["https:\/\/probelle.com.br\/es\/produto\/lumino-max-kit-linha-completa\/"]}]},{"@type":"ImageObject","inLanguage":"es","@id":"https:\/\/probelle.com.br\/es\/produto\/lumino-max-kit-linha-completa\/#primaryimage","url":"https:\/\/probelle.com.br\/wp-content\/uploads\/2023\/09\/Lumino-Max.jpg","contentUrl":"https:\/\/probelle.com.br\/wp-content\/uploads\/2023\/09\/Lumino-Max.jpg","width":800,"height":800,"caption":"Kit Lumino Max"},{"@type":"BreadcrumbList","@id":"https:\/\/probelle.com.br\/es\/produto\/lumino-max-kit-linha-completa\/#breadcrumb","itemListElement":[{"@type":"ListItem","position":1,"name":"Home","item":"https:\/\/probelle.com.br\/es\/"},{"@type":"ListItem","position":2,"name":"Loja","item":"https:\/\/probelle.com.br\/loja\/"},{"@type":"ListItem","position":3,"name":"Lumino Max Kit Linha Completa"}]},{"@type":"WebSite","@id":"https:\/\/probelle.com.br\/es\/#website","url":"https:\/\/probelle.com.br\/es\/","name":"Probelle Cosm\u00e9ticos","description":"Todo mundo tem em casa.","publisher":{"@id":"https:\/\/probelle.com.br\/es\/#organization"},"potentialAction":[{"@type":"SearchAction","target":{"@type":"EntryPoint","urlTemplate":"https:\/\/probelle.com.br\/es\/?s={search_term_string}"},"query-input":{"@type":"PropertyValueSpecification","valueRequired":true,"valueName":"search_term_string"}}],"inLanguage":"es"},{"@type":"Organization","@id":"https:\/\/probelle.com.br\/es\/#organization","name":"Probelle Cosm\u00e9ticos","url":"https:\/\/probelle.com.br\/es\/","logo":{"@type":"ImageObject","inLanguage":"es","@id":"https:\/\/probelle.com.br\/es\/#\/schema\/logo\/image\/","url":"https:\/\/probelle.com.br\/wp-content\/uploads\/2022\/08\/Para-o-sitee.jpg","contentUrl":"https:\/\/probelle.com.br\/wp-content\/uploads\/2022\/08\/Para-o-sitee.jpg","width":1000,"height":750,"caption":"Probelle Cosm\u00e9ticos"},"image":{"@id":"https:\/\/probelle.com.br\/es\/#\/schema\/logo\/image\/"},"sameAs":["https:\/\/www.facebook.com\/probelle\/","https:\/\/www.instagram.com\/probellecosmeticos\/","https:\/\/www.youtube.com\/c\/ProbelleCosm\u00e9ticos\/","https:\/\/br.linkedin.com\/company\/probellecosmeticos","https:\/\/br.pinterest.com\/probellecosmeticos\/"]}]}},"_links":{"self":[{"href":"https:\/\/probelle.com.br\/es\/wp-json\/wp\/v2\/product\/25269","targetHints":{"allow":["GET"]}}],"collection":[{"href":"https:\/\/probelle.com.br\/es\/wp-json\/wp\/v2\/product"}],"about":[{"href":"https:\/\/probelle.com.br\/es\/wp-json\/wp\/v2\/types\/product"}],"wp:featuredmedia":[{"embeddable":true,"href":"https:\/\/probelle.com.br\/es\/wp-json\/wp\/v2\/media\/25281"}],"wp:attachment":[{"href":"https:\/\/probelle.com.br\/es\/wp-json\/wp\/v2\/media?parent=25269"}],"wp:term":[{"taxonomy":"product_brand","embeddable":true,"href":"https:\/\/probelle.com.br\/es\/wp-json\/wp\/v2\/product_brand?post=25269"},{"taxonomy":"product_cat","embeddable":true,"href":"https:\/\/probelle.com.br\/es\/wp-json\/wp\/v2\/product_cat?post=25269"},{"taxonomy":"product_tag","embeddable":true,"href":"https:\/\/probelle.com.br\/es\/wp-json\/wp\/v2\/product_tag?post=25269"}],"curies":[{"name":"wp","href":"https:\/\/api.w.org\/{rel}","templated":true}]}}