{"id":25262,"date":"2023-09-27T14:54:08","date_gmt":"2023-09-27T17:54:08","guid":{"rendered":"https:\/\/probelle.com.br\/?post_type=product&#038;p=25262"},"modified":"2024-07-17T05:04:11","modified_gmt":"2024-07-17T08:04:11","slug":"kit-verao-probelle-voce-pronta-para-o-verao","status":"publish","type":"product","link":"https:\/\/probelle.com.br\/es\/produto\/kit-verao-probelle-voce-pronta-para-o-verao\/","title":{"rendered":"Kit Ver\u00e3o Probelle: Voc\u00ea pronta para o Ver\u00e3o"},"content":{"rendered":"<p>Este ver\u00e3o, brilhe com confian\u00e7a com o Kit Ver\u00e3o ProBelle. Composto pela Linha Lumino Max, formulada especialmente para cabelos oleosos na raiz e secos nas pontas, este kit \u00e9 a sua solu\u00e7\u00e3o para manter seus cabelos saud\u00e1veis sob o sol escaldante.<\/p>\n<p><strong>Linha Lumino Max:<\/strong> Desenvolvida para evitar o aparecimento de pontas duplas e degenera\u00e7\u00f5es capilares por processos qu\u00edmicos, a Linha Lumino Max oferece o equil\u00edbrio perfeito para seus cabelos, mantendo a raiz livre de oleosidade e as pontas profundamente nutridas.<\/p>\n<p><strong>Kit Duplo Clareador:<\/strong> Formulado para todos os seus desejos de clareamento, este kit oferece um desempenho excepcional com a\u00e7\u00e3o anti-amarelo. Desenvolvido com mat\u00e9rias-primas de alta tecnologia e textura incr\u00edvel que minimiza o ressecamento, protegendo seus cabelos durante os processos de descolora\u00e7\u00e3o, mechas, reflexos e clareamento.<\/p>\n<p><strong>Cargas M\u00e1ximas:<\/strong> Enriquecidas com queratina e \u00f3leos essenciais, as Cargas M\u00e1ximas s\u00e3o o verdadeiro booster de suplementa\u00e7\u00e3o capilar. Deixe seus cabelos fortes, saud\u00e1veis e com resultados imediatos e de longa dura\u00e7\u00e3o.<\/p>\n<p>Este ver\u00e3o, aproveite o sol com cabelos radiantes e saud\u00e1veis. O Kit Ver\u00e3o ProBelle \u00e9 a sua escolha para manter seus cabelos protegidos, brilhantes e prontos para todas as aventuras sob o sol.<\/p>\n<p><strong>Experimente agora e celebre a esta\u00e7\u00e3o com confian\u00e7a!<\/strong><\/p>\n","protected":false},"excerpt":{"rendered":"<p><strong>Kit Ver\u00e3o Probelle:<\/strong>\u00a0 Prepare seus cabelos para brilhar sob o sol com este kit completo. Com a Linha Lumino Max, voc\u00ea equilibra cabelos oleosos na raiz e secos nas pontas, evitando pontas duplas e degenera\u00e7\u00f5es capilares. O Kit Duplo Clareador oferece desempenho superior em descolora\u00e7\u00e3o, reflexos e clareamento, com a\u00e7\u00e3o anti-amarelo. E com as Cargas M\u00e1ximas, seus cabelos ganham for\u00e7a, sa\u00fade e resultados imediatos e duradouros. Mantenha seus cabelos perfeitos durante o ver\u00e3o.<\/p>\n","protected":false},"featured_media":25265,"template":"","meta":{"_joinchat":[]},"product_brand":[],"product_cat":[643,223,602],"product_tag":[594],"class_list":{"0":"post-25262","1":"product","2":"type-product","3":"status-publish","4":"has-post-thumbnail","6":"product_cat-kit","7":"product_cat-queratina","8":"product_cat-tratamento","9":"product_tag-produtos-probelle","11":"first","12":"outofstock","13":"shipping-taxable","14":"purchasable","15":"product-type-simple"},"yoast_head":"<!-- This site is optimized with the Yoast SEO Premium plugin v23.5 (Yoast SEO v26.5) - https:\/\/yoast.com\/wordpress\/plugins\/seo\/ -->\n<title>Kit Ver\u00e3o Probelle: Cabelos Radiantes e Protegidos para a Esta\u00e7\u00e3o<\/title>\n<meta name=\"description\" content=\"Kit Ver\u00e3o ProBelle: Cabelos Prontos para o Sol e Brilho Radiante. Prepare-se para o ver\u00e3o com nossa sele\u00e7\u00e3o especial de cuidados capilares.\" \/>\n<meta name=\"robots\" content=\"index, follow, max-snippet:-1, max-image-preview:large, max-video-preview:-1\" \/>\n<link rel=\"canonical\" href=\"https:\/\/probelle.com.br\/es\/produto\/kit-verao-probelle-voce-pronta-para-o-verao\/\" \/>\n<meta property=\"og:locale\" content=\"es_ES\" \/>\n<meta property=\"og:type\" content=\"article\" \/>\n<meta property=\"og:title\" content=\"Kit Ver\u00e3o Probelle: Voc\u00ea pronta para o Ver\u00e3o\" \/>\n<meta property=\"og:description\" content=\"Kit Ver\u00e3o ProBelle: Cabelos Prontos para o Sol e Brilho Radiante. Prepare-se para o ver\u00e3o com nossa sele\u00e7\u00e3o especial de cuidados capilares.\" \/>\n<meta property=\"og:url\" content=\"https:\/\/probelle.com.br\/es\/produto\/kit-verao-probelle-voce-pronta-para-o-verao\/\" \/>\n<meta property=\"og:site_name\" content=\"Probelle Cosm\u00e9ticos\" \/>\n<meta property=\"article:publisher\" content=\"https:\/\/www.facebook.com\/probelle\/\" \/>\n<meta property=\"article:modified_time\" content=\"2024-07-17T08:04:11+00:00\" \/>\n<meta property=\"og:image\" content=\"https:\/\/probelle.com.br\/wp-content\/uploads\/2023\/09\/Verao-Probelle.jpg\" \/>\n\t<meta property=\"og:image:width\" content=\"800\" \/>\n\t<meta property=\"og:image:height\" content=\"800\" \/>\n\t<meta property=\"og:image:type\" content=\"image\/jpeg\" \/>\n<meta name=\"twitter:card\" content=\"summary_large_image\" \/>\n<meta name=\"twitter:label1\" content=\"Tiempo de lectura\" \/>\n\t<meta name=\"twitter:data1\" content=\"2 minutos\" \/>\n<script type=\"application\/ld+json\" class=\"yoast-schema-graph\">{\"@context\":\"https:\/\/schema.org\",\"@graph\":[{\"@type\":\"WebPage\",\"@id\":\"https:\/\/probelle.com.br\/es\/produto\/kit-verao-probelle-voce-pronta-para-o-verao\/\",\"url\":\"https:\/\/probelle.com.br\/es\/produto\/kit-verao-probelle-voce-pronta-para-o-verao\/\",\"name\":\"Kit Ver\u00e3o Probelle: Cabelos Radiantes e Protegidos para a Esta\u00e7\u00e3o\",\"isPartOf\":{\"@id\":\"https:\/\/probelle.com.br\/es\/#website\"},\"primaryImageOfPage\":{\"@id\":\"https:\/\/probelle.com.br\/es\/produto\/kit-verao-probelle-voce-pronta-para-o-verao\/#primaryimage\"},\"image\":{\"@id\":\"https:\/\/probelle.com.br\/es\/produto\/kit-verao-probelle-voce-pronta-para-o-verao\/#primaryimage\"},\"thumbnailUrl\":\"https:\/\/probelle.com.br\/wp-content\/uploads\/2023\/09\/Verao-Probelle.jpg\",\"datePublished\":\"2023-09-27T17:54:08+00:00\",\"dateModified\":\"2024-07-17T08:04:11+00:00\",\"description\":\"Kit Ver\u00e3o ProBelle: Cabelos Prontos para o Sol e Brilho Radiante. Prepare-se para o ver\u00e3o com nossa sele\u00e7\u00e3o especial de cuidados capilares.\",\"breadcrumb\":{\"@id\":\"https:\/\/probelle.com.br\/es\/produto\/kit-verao-probelle-voce-pronta-para-o-verao\/#breadcrumb\"},\"inLanguage\":\"es\",\"potentialAction\":[{\"@type\":\"ReadAction\",\"target\":[\"https:\/\/probelle.com.br\/es\/produto\/kit-verao-probelle-voce-pronta-para-o-verao\/\"]}]},{\"@type\":\"ImageObject\",\"inLanguage\":\"es\",\"@id\":\"https:\/\/probelle.com.br\/es\/produto\/kit-verao-probelle-voce-pronta-para-o-verao\/#primaryimage\",\"url\":\"https:\/\/probelle.com.br\/wp-content\/uploads\/2023\/09\/Verao-Probelle.jpg\",\"contentUrl\":\"https:\/\/probelle.com.br\/wp-content\/uploads\/2023\/09\/Verao-Probelle.jpg\",\"width\":800,\"height\":800,\"caption\":\"Kit Ver\u00e3o Probelle\"},{\"@type\":\"BreadcrumbList\",\"@id\":\"https:\/\/probelle.com.br\/es\/produto\/kit-verao-probelle-voce-pronta-para-o-verao\/#breadcrumb\",\"itemListElement\":[{\"@type\":\"ListItem\",\"position\":1,\"name\":\"Home\",\"item\":\"https:\/\/probelle.com.br\/es\/\"},{\"@type\":\"ListItem\",\"position\":2,\"name\":\"Loja\",\"item\":\"https:\/\/probelle.com.br\/loja\/\"},{\"@type\":\"ListItem\",\"position\":3,\"name\":\"Kit Ver\u00e3o Probelle: Voc\u00ea pronta para o Ver\u00e3o\"}]},{\"@type\":\"WebSite\",\"@id\":\"https:\/\/probelle.com.br\/es\/#website\",\"url\":\"https:\/\/probelle.com.br\/es\/\",\"name\":\"Probelle Cosm\u00e9ticos\",\"description\":\"Todo mundo tem em casa.\",\"publisher\":{\"@id\":\"https:\/\/probelle.com.br\/es\/#organization\"},\"potentialAction\":[{\"@type\":\"SearchAction\",\"target\":{\"@type\":\"EntryPoint\",\"urlTemplate\":\"https:\/\/probelle.com.br\/es\/?s={search_term_string}\"},\"query-input\":{\"@type\":\"PropertyValueSpecification\",\"valueRequired\":true,\"valueName\":\"search_term_string\"}}],\"inLanguage\":\"es\"},{\"@type\":\"Organization\",\"@id\":\"https:\/\/probelle.com.br\/es\/#organization\",\"name\":\"Probelle Cosm\u00e9ticos\",\"url\":\"https:\/\/probelle.com.br\/es\/\",\"logo\":{\"@type\":\"ImageObject\",\"inLanguage\":\"es\",\"@id\":\"https:\/\/probelle.com.br\/es\/#\/schema\/logo\/image\/\",\"url\":\"https:\/\/probelle.com.br\/wp-content\/uploads\/2022\/08\/Para-o-sitee.jpg\",\"contentUrl\":\"https:\/\/probelle.com.br\/wp-content\/uploads\/2022\/08\/Para-o-sitee.jpg\",\"width\":1000,\"height\":750,\"caption\":\"Probelle Cosm\u00e9ticos\"},\"image\":{\"@id\":\"https:\/\/probelle.com.br\/es\/#\/schema\/logo\/image\/\"},\"sameAs\":[\"https:\/\/www.facebook.com\/probelle\/\",\"https:\/\/www.instagram.com\/probellecosmeticos\/\",\"https:\/\/www.youtube.com\/c\/ProbelleCosm\u00e9ticos\/\",\"https:\/\/br.linkedin.com\/company\/probellecosmeticos\",\"https:\/\/br.pinterest.com\/probellecosmeticos\/\"]}]}<\/script>\n<!-- \/ Yoast SEO Premium plugin. -->","yoast_head_json":{"title":"Kit Ver\u00e3o Probelle: Cabelos Radiantes e Protegidos para a Esta\u00e7\u00e3o","description":"Kit Ver\u00e3o ProBelle: Cabelos Prontos para o Sol e Brilho Radiante. Prepare-se para o ver\u00e3o com nossa sele\u00e7\u00e3o especial de cuidados capilares.","robots":{"index":"index","follow":"follow","max-snippet":"max-snippet:-1","max-image-preview":"max-image-preview:large","max-video-preview":"max-video-preview:-1"},"canonical":"https:\/\/probelle.com.br\/es\/produto\/kit-verao-probelle-voce-pronta-para-o-verao\/","og_locale":"es_ES","og_type":"article","og_title":"Kit Ver\u00e3o Probelle: Voc\u00ea pronta para o Ver\u00e3o","og_description":"Kit Ver\u00e3o ProBelle: Cabelos Prontos para o Sol e Brilho Radiante. Prepare-se para o ver\u00e3o com nossa sele\u00e7\u00e3o especial de cuidados capilares.","og_url":"https:\/\/probelle.com.br\/es\/produto\/kit-verao-probelle-voce-pronta-para-o-verao\/","og_site_name":"Probelle Cosm\u00e9ticos","article_publisher":"https:\/\/www.facebook.com\/probelle\/","article_modified_time":"2024-07-17T08:04:11+00:00","og_image":[{"width":800,"height":800,"url":"https:\/\/probelle.com.br\/wp-content\/uploads\/2023\/09\/Verao-Probelle.jpg","type":"image\/jpeg"}],"twitter_card":"summary_large_image","twitter_misc":{"Tiempo de lectura":"2 minutos"},"schema":{"@context":"https:\/\/schema.org","@graph":[{"@type":"WebPage","@id":"https:\/\/probelle.com.br\/es\/produto\/kit-verao-probelle-voce-pronta-para-o-verao\/","url":"https:\/\/probelle.com.br\/es\/produto\/kit-verao-probelle-voce-pronta-para-o-verao\/","name":"Kit Ver\u00e3o Probelle: Cabelos Radiantes e Protegidos para a Esta\u00e7\u00e3o","isPartOf":{"@id":"https:\/\/probelle.com.br\/es\/#website"},"primaryImageOfPage":{"@id":"https:\/\/probelle.com.br\/es\/produto\/kit-verao-probelle-voce-pronta-para-o-verao\/#primaryimage"},"image":{"@id":"https:\/\/probelle.com.br\/es\/produto\/kit-verao-probelle-voce-pronta-para-o-verao\/#primaryimage"},"thumbnailUrl":"https:\/\/probelle.com.br\/wp-content\/uploads\/2023\/09\/Verao-Probelle.jpg","datePublished":"2023-09-27T17:54:08+00:00","dateModified":"2024-07-17T08:04:11+00:00","description":"Kit Ver\u00e3o ProBelle: Cabelos Prontos para o Sol e Brilho Radiante. Prepare-se para o ver\u00e3o com nossa sele\u00e7\u00e3o especial de cuidados capilares.","breadcrumb":{"@id":"https:\/\/probelle.com.br\/es\/produto\/kit-verao-probelle-voce-pronta-para-o-verao\/#breadcrumb"},"inLanguage":"es","potentialAction":[{"@type":"ReadAction","target":["https:\/\/probelle.com.br\/es\/produto\/kit-verao-probelle-voce-pronta-para-o-verao\/"]}]},{"@type":"ImageObject","inLanguage":"es","@id":"https:\/\/probelle.com.br\/es\/produto\/kit-verao-probelle-voce-pronta-para-o-verao\/#primaryimage","url":"https:\/\/probelle.com.br\/wp-content\/uploads\/2023\/09\/Verao-Probelle.jpg","contentUrl":"https:\/\/probelle.com.br\/wp-content\/uploads\/2023\/09\/Verao-Probelle.jpg","width":800,"height":800,"caption":"Kit Ver\u00e3o Probelle"},{"@type":"BreadcrumbList","@id":"https:\/\/probelle.com.br\/es\/produto\/kit-verao-probelle-voce-pronta-para-o-verao\/#breadcrumb","itemListElement":[{"@type":"ListItem","position":1,"name":"Home","item":"https:\/\/probelle.com.br\/es\/"},{"@type":"ListItem","position":2,"name":"Loja","item":"https:\/\/probelle.com.br\/loja\/"},{"@type":"ListItem","position":3,"name":"Kit Ver\u00e3o Probelle: Voc\u00ea pronta para o Ver\u00e3o"}]},{"@type":"WebSite","@id":"https:\/\/probelle.com.br\/es\/#website","url":"https:\/\/probelle.com.br\/es\/","name":"Probelle Cosm\u00e9ticos","description":"Todo mundo tem em casa.","publisher":{"@id":"https:\/\/probelle.com.br\/es\/#organization"},"potentialAction":[{"@type":"SearchAction","target":{"@type":"EntryPoint","urlTemplate":"https:\/\/probelle.com.br\/es\/?s={search_term_string}"},"query-input":{"@type":"PropertyValueSpecification","valueRequired":true,"valueName":"search_term_string"}}],"inLanguage":"es"},{"@type":"Organization","@id":"https:\/\/probelle.com.br\/es\/#organization","name":"Probelle Cosm\u00e9ticos","url":"https:\/\/probelle.com.br\/es\/","logo":{"@type":"ImageObject","inLanguage":"es","@id":"https:\/\/probelle.com.br\/es\/#\/schema\/logo\/image\/","url":"https:\/\/probelle.com.br\/wp-content\/uploads\/2022\/08\/Para-o-sitee.jpg","contentUrl":"https:\/\/probelle.com.br\/wp-content\/uploads\/2022\/08\/Para-o-sitee.jpg","width":1000,"height":750,"caption":"Probelle Cosm\u00e9ticos"},"image":{"@id":"https:\/\/probelle.com.br\/es\/#\/schema\/logo\/image\/"},"sameAs":["https:\/\/www.facebook.com\/probelle\/","https:\/\/www.instagram.com\/probellecosmeticos\/","https:\/\/www.youtube.com\/c\/ProbelleCosm\u00e9ticos\/","https:\/\/br.linkedin.com\/company\/probellecosmeticos","https:\/\/br.pinterest.com\/probellecosmeticos\/"]}]}},"_links":{"self":[{"href":"https:\/\/probelle.com.br\/es\/wp-json\/wp\/v2\/product\/25262","targetHints":{"allow":["GET"]}}],"collection":[{"href":"https:\/\/probelle.com.br\/es\/wp-json\/wp\/v2\/product"}],"about":[{"href":"https:\/\/probelle.com.br\/es\/wp-json\/wp\/v2\/types\/product"}],"wp:featuredmedia":[{"embeddable":true,"href":"https:\/\/probelle.com.br\/es\/wp-json\/wp\/v2\/media\/25265"}],"wp:attachment":[{"href":"https:\/\/probelle.com.br\/es\/wp-json\/wp\/v2\/media?parent=25262"}],"wp:term":[{"taxonomy":"product_brand","embeddable":true,"href":"https:\/\/probelle.com.br\/es\/wp-json\/wp\/v2\/product_brand?post=25262"},{"taxonomy":"product_cat","embeddable":true,"href":"https:\/\/probelle.com.br\/es\/wp-json\/wp\/v2\/product_cat?post=25262"},{"taxonomy":"product_tag","embeddable":true,"href":"https:\/\/probelle.com.br\/es\/wp-json\/wp\/v2\/product_tag?post=25262"}],"curies":[{"name":"wp","href":"https:\/\/api.w.org\/{rel}","templated":true}]}}