{"id":23344,"date":"2023-07-28T15:02:35","date_gmt":"2023-07-28T18:02:35","guid":{"rendered":"https:\/\/probelle.com.br\/?post_type=product&#038;p=23344"},"modified":"2025-03-11T13:25:18","modified_gmt":"2025-03-11T16:25:18","slug":"coloracao-poderosa-cor","status":"publish","type":"product","link":"https:\/\/probelle.com.br\/es\/produto\/coloracao-poderosa-cor\/","title":{"rendered":"Colora\u00e7\u00e3o Poderosa Cor"},"content":{"rendered":"<p>A colora\u00e7\u00e3o creme Poderosa Cor \u00e9 a escolha perfeita para quem busca um resultado profissional em casa. Sua f\u00f3rmula de alta performance colore os fios mantendo a sa\u00fade dos cabelos, al\u00e9m de efeito de longa dura\u00e7\u00e3o e surpreendente cobertura com cores vibrantes.<\/p>\n<p>Os \u00f3leos de argan, linha\u00e7a, girassol e uva presentes na composi\u00e7\u00e3o ajudam na prote\u00e7\u00e3o dos fios e ader\u00eancia dos tons, deixando os fios com movimento natural e elasticidade.<\/p>\n<p>Poderosa Cor est\u00e1 dispon\u00edvel em uma ampla paleta de cores, para voc\u00ea encontrar o tom perfeito para o seu cabelo.<\/p>\n<p><strong>Benef\u00edcios:<\/strong><\/p>\n<ul>\n<li style=\"list-style-type: none;\">\n<ul>\n<li>Colore os fios sem danific\u00e1-los<\/li>\n<li>Efeito de longa dura\u00e7\u00e3o<\/li>\n<li>Cobertura surpreendente<\/li>\n<li>Cores vibrantes<\/li>\n<li>Prote\u00e7\u00e3o dos fios<\/li>\n<li>Movimento natural<\/li>\n<li>Elasticidade<\/li>\n<\/ul>\n<\/li>\n<\/ul>\n<p><strong>Como usar:<\/strong><\/p>\n<ol>\n<li style=\"list-style-type: none;\">\n<ol>\n<li>Leia atentamente as instru\u00e7\u00f5es do folheto explicativo.<\/li>\n<li>Prepare a mistura de acordo com as instru\u00e7\u00f5es.<\/li>\n<li>Aplique a mistura no cabelo \u00famido, come\u00e7ando pelas ra\u00edzes e indo at\u00e9 as pontas.<\/li>\n<li>Deixe agir por 30 minutos.<\/li>\n<li>Enx\u00e1gue bem e aplique o condicionador.<\/li>\n<\/ol>\n<\/li>\n<\/ol>\n<p><strong>Resultado:<\/strong><\/p>\n<p>Cabelos com cor vibrante, saud\u00e1vel e protegidos.<\/p>\n<p><strong>Experimente Poderosa Cor e descubra a diferen\u00e7a!<\/strong><\/p>\n","protected":false},"excerpt":{"rendered":"<p><strong>Poderosa Cor<\/strong> \u00e9 uma colora\u00e7\u00e3o creme que oferece um resultado profissional em casa. Sua f\u00f3rmula de alta performance colore os fios mantendo a sa\u00fade dos cabelos, al\u00e9m de efeito de longa dura\u00e7\u00e3o e surpreendente cobertura com cores vibrantes. Os \u00f3leos de argan, linha\u00e7a, girassol e uva presentes na composi\u00e7\u00e3o ajudam na prote\u00e7\u00e3o dos fios e ader\u00eancia dos tons, deixando os fios com movimento natural e elasticidade. Poderosa Cor est\u00e1 dispon\u00edvel em uma ampla paleta de cores, para voc\u00ea encontrar o tom perfeito para o seu cabelo.<\/p>\n","protected":false},"featured_media":23636,"template":"","meta":{"_joinchat":[]},"product_brand":[],"product_cat":[603],"product_tag":[594],"class_list":{"0":"post-23344","1":"product","2":"type-product","3":"status-publish","4":"has-post-thumbnail","6":"product_cat-coloracao","7":"product_tag-produtos-probelle","9":"first","10":"instock","11":"shipping-taxable","12":"purchasable","13":"product-type-variable"},"yoast_head":"<!-- This site is optimized with the Yoast SEO Premium plugin v23.5 (Yoast SEO v26.5) - https:\/\/yoast.com\/wordpress\/plugins\/seo\/ -->\n<title>Colora\u00e7\u00e3o Poderosa Cor ~ Probelle Cosm\u00e9ticos<\/title>\n<meta name=\"robots\" content=\"index, follow, max-snippet:-1, max-image-preview:large, max-video-preview:-1\" \/>\n<link rel=\"canonical\" href=\"https:\/\/probelle.com.br\/es\/produto\/coloracao-poderosa-cor\/\" \/>\n<meta property=\"og:locale\" content=\"es_ES\" \/>\n<meta property=\"og:type\" content=\"article\" \/>\n<meta property=\"og:title\" content=\"Colora\u00e7\u00e3o Poderosa Cor\" \/>\n<meta property=\"og:description\" content=\"Poderosa Cor \u00e9 uma colora\u00e7\u00e3o creme que oferece um resultado profissional em casa. Sua f\u00f3rmula de alta performance colore os fios mantendo a sa\u00fade dos cabelos, al\u00e9m de efeito de longa dura\u00e7\u00e3o e surpreendente cobertura com cores vibrantes. Os \u00f3leos de argan, linha\u00e7a, girassol e uva presentes na composi\u00e7\u00e3o ajudam na prote\u00e7\u00e3o dos fios e ader\u00eancia dos tons, deixando os fios com movimento natural e elasticidade. Poderosa Cor est\u00e1 dispon\u00edvel em uma ampla paleta de cores, para voc\u00ea encontrar o tom perfeito para o seu cabelo.\" \/>\n<meta property=\"og:url\" content=\"https:\/\/probelle.com.br\/es\/produto\/coloracao-poderosa-cor\/\" \/>\n<meta property=\"og:site_name\" content=\"Probelle Cosm\u00e9ticos\" \/>\n<meta property=\"article:publisher\" content=\"https:\/\/www.facebook.com\/probelle\/\" \/>\n<meta property=\"article:modified_time\" content=\"2025-03-11T16:25:18+00:00\" \/>\n<meta property=\"og:image\" content=\"https:\/\/probelle.com.br\/wp-content\/uploads\/2023\/07\/poderosacor.jpg\" \/>\n\t<meta property=\"og:image:width\" content=\"1024\" \/>\n\t<meta property=\"og:image:height\" content=\"1024\" \/>\n\t<meta property=\"og:image:type\" content=\"image\/jpeg\" \/>\n<meta name=\"twitter:card\" content=\"summary_large_image\" \/>\n<meta name=\"twitter:label1\" content=\"Tiempo de lectura\" \/>\n\t<meta name=\"twitter:data1\" content=\"1 minuto\" \/>\n<script type=\"application\/ld+json\" class=\"yoast-schema-graph\">{\"@context\":\"https:\/\/schema.org\",\"@graph\":[{\"@type\":\"WebPage\",\"@id\":\"https:\/\/probelle.com.br\/es\/produto\/coloracao-poderosa-cor\/\",\"url\":\"https:\/\/probelle.com.br\/es\/produto\/coloracao-poderosa-cor\/\",\"name\":\"Colora\u00e7\u00e3o Poderosa Cor ~ Probelle Cosm\u00e9ticos\",\"isPartOf\":{\"@id\":\"https:\/\/probelle.com.br\/es\/#website\"},\"primaryImageOfPage\":{\"@id\":\"https:\/\/probelle.com.br\/es\/produto\/coloracao-poderosa-cor\/#primaryimage\"},\"image\":{\"@id\":\"https:\/\/probelle.com.br\/es\/produto\/coloracao-poderosa-cor\/#primaryimage\"},\"thumbnailUrl\":\"https:\/\/probelle.com.br\/wp-content\/uploads\/2023\/07\/poderosacor.jpg\",\"datePublished\":\"2023-07-28T18:02:35+00:00\",\"dateModified\":\"2025-03-11T16:25:18+00:00\",\"breadcrumb\":{\"@id\":\"https:\/\/probelle.com.br\/es\/produto\/coloracao-poderosa-cor\/#breadcrumb\"},\"inLanguage\":\"es\",\"potentialAction\":[{\"@type\":\"ReadAction\",\"target\":[\"https:\/\/probelle.com.br\/es\/produto\/coloracao-poderosa-cor\/\"]}]},{\"@type\":\"ImageObject\",\"inLanguage\":\"es\",\"@id\":\"https:\/\/probelle.com.br\/es\/produto\/coloracao-poderosa-cor\/#primaryimage\",\"url\":\"https:\/\/probelle.com.br\/wp-content\/uploads\/2023\/07\/poderosacor.jpg\",\"contentUrl\":\"https:\/\/probelle.com.br\/wp-content\/uploads\/2023\/07\/poderosacor.jpg\",\"width\":1024,\"height\":1024},{\"@type\":\"BreadcrumbList\",\"@id\":\"https:\/\/probelle.com.br\/es\/produto\/coloracao-poderosa-cor\/#breadcrumb\",\"itemListElement\":[{\"@type\":\"ListItem\",\"position\":1,\"name\":\"Home\",\"item\":\"https:\/\/probelle.com.br\/es\/\"},{\"@type\":\"ListItem\",\"position\":2,\"name\":\"Loja\",\"item\":\"https:\/\/probelle.com.br\/loja\/\"},{\"@type\":\"ListItem\",\"position\":3,\"name\":\"Colora\u00e7\u00e3o Poderosa Cor\"}]},{\"@type\":\"WebSite\",\"@id\":\"https:\/\/probelle.com.br\/es\/#website\",\"url\":\"https:\/\/probelle.com.br\/es\/\",\"name\":\"Probelle Cosm\u00e9ticos\",\"description\":\"Todo mundo tem em casa.\",\"publisher\":{\"@id\":\"https:\/\/probelle.com.br\/es\/#organization\"},\"potentialAction\":[{\"@type\":\"SearchAction\",\"target\":{\"@type\":\"EntryPoint\",\"urlTemplate\":\"https:\/\/probelle.com.br\/es\/?s={search_term_string}\"},\"query-input\":{\"@type\":\"PropertyValueSpecification\",\"valueRequired\":true,\"valueName\":\"search_term_string\"}}],\"inLanguage\":\"es\"},{\"@type\":\"Organization\",\"@id\":\"https:\/\/probelle.com.br\/es\/#organization\",\"name\":\"Probelle Cosm\u00e9ticos\",\"url\":\"https:\/\/probelle.com.br\/es\/\",\"logo\":{\"@type\":\"ImageObject\",\"inLanguage\":\"es\",\"@id\":\"https:\/\/probelle.com.br\/es\/#\/schema\/logo\/image\/\",\"url\":\"https:\/\/probelle.com.br\/wp-content\/uploads\/2022\/08\/Para-o-sitee.jpg\",\"contentUrl\":\"https:\/\/probelle.com.br\/wp-content\/uploads\/2022\/08\/Para-o-sitee.jpg\",\"width\":1000,\"height\":750,\"caption\":\"Probelle Cosm\u00e9ticos\"},\"image\":{\"@id\":\"https:\/\/probelle.com.br\/es\/#\/schema\/logo\/image\/\"},\"sameAs\":[\"https:\/\/www.facebook.com\/probelle\/\",\"https:\/\/www.instagram.com\/probellecosmeticos\/\",\"https:\/\/www.youtube.com\/c\/ProbelleCosm\u00e9ticos\/\",\"https:\/\/br.linkedin.com\/company\/probellecosmeticos\",\"https:\/\/br.pinterest.com\/probellecosmeticos\/\"]}]}<\/script>\n<!-- \/ Yoast SEO Premium plugin. -->","yoast_head_json":{"title":"Colora\u00e7\u00e3o Poderosa Cor ~ Probelle Cosm\u00e9ticos","robots":{"index":"index","follow":"follow","max-snippet":"max-snippet:-1","max-image-preview":"max-image-preview:large","max-video-preview":"max-video-preview:-1"},"canonical":"https:\/\/probelle.com.br\/es\/produto\/coloracao-poderosa-cor\/","og_locale":"es_ES","og_type":"article","og_title":"Colora\u00e7\u00e3o Poderosa Cor","og_description":"Poderosa Cor \u00e9 uma colora\u00e7\u00e3o creme que oferece um resultado profissional em casa. Sua f\u00f3rmula de alta performance colore os fios mantendo a sa\u00fade dos cabelos, al\u00e9m de efeito de longa dura\u00e7\u00e3o e surpreendente cobertura com cores vibrantes. Os \u00f3leos de argan, linha\u00e7a, girassol e uva presentes na composi\u00e7\u00e3o ajudam na prote\u00e7\u00e3o dos fios e ader\u00eancia dos tons, deixando os fios com movimento natural e elasticidade. Poderosa Cor est\u00e1 dispon\u00edvel em uma ampla paleta de cores, para voc\u00ea encontrar o tom perfeito para o seu cabelo.","og_url":"https:\/\/probelle.com.br\/es\/produto\/coloracao-poderosa-cor\/","og_site_name":"Probelle Cosm\u00e9ticos","article_publisher":"https:\/\/www.facebook.com\/probelle\/","article_modified_time":"2025-03-11T16:25:18+00:00","og_image":[{"width":1024,"height":1024,"url":"https:\/\/probelle.com.br\/wp-content\/uploads\/2023\/07\/poderosacor.jpg","type":"image\/jpeg"}],"twitter_card":"summary_large_image","twitter_misc":{"Tiempo de lectura":"1 minuto"},"schema":{"@context":"https:\/\/schema.org","@graph":[{"@type":"WebPage","@id":"https:\/\/probelle.com.br\/es\/produto\/coloracao-poderosa-cor\/","url":"https:\/\/probelle.com.br\/es\/produto\/coloracao-poderosa-cor\/","name":"Colora\u00e7\u00e3o Poderosa Cor ~ Probelle Cosm\u00e9ticos","isPartOf":{"@id":"https:\/\/probelle.com.br\/es\/#website"},"primaryImageOfPage":{"@id":"https:\/\/probelle.com.br\/es\/produto\/coloracao-poderosa-cor\/#primaryimage"},"image":{"@id":"https:\/\/probelle.com.br\/es\/produto\/coloracao-poderosa-cor\/#primaryimage"},"thumbnailUrl":"https:\/\/probelle.com.br\/wp-content\/uploads\/2023\/07\/poderosacor.jpg","datePublished":"2023-07-28T18:02:35+00:00","dateModified":"2025-03-11T16:25:18+00:00","breadcrumb":{"@id":"https:\/\/probelle.com.br\/es\/produto\/coloracao-poderosa-cor\/#breadcrumb"},"inLanguage":"es","potentialAction":[{"@type":"ReadAction","target":["https:\/\/probelle.com.br\/es\/produto\/coloracao-poderosa-cor\/"]}]},{"@type":"ImageObject","inLanguage":"es","@id":"https:\/\/probelle.com.br\/es\/produto\/coloracao-poderosa-cor\/#primaryimage","url":"https:\/\/probelle.com.br\/wp-content\/uploads\/2023\/07\/poderosacor.jpg","contentUrl":"https:\/\/probelle.com.br\/wp-content\/uploads\/2023\/07\/poderosacor.jpg","width":1024,"height":1024},{"@type":"BreadcrumbList","@id":"https:\/\/probelle.com.br\/es\/produto\/coloracao-poderosa-cor\/#breadcrumb","itemListElement":[{"@type":"ListItem","position":1,"name":"Home","item":"https:\/\/probelle.com.br\/es\/"},{"@type":"ListItem","position":2,"name":"Loja","item":"https:\/\/probelle.com.br\/loja\/"},{"@type":"ListItem","position":3,"name":"Colora\u00e7\u00e3o Poderosa Cor"}]},{"@type":"WebSite","@id":"https:\/\/probelle.com.br\/es\/#website","url":"https:\/\/probelle.com.br\/es\/","name":"Probelle Cosm\u00e9ticos","description":"Todo mundo tem em casa.","publisher":{"@id":"https:\/\/probelle.com.br\/es\/#organization"},"potentialAction":[{"@type":"SearchAction","target":{"@type":"EntryPoint","urlTemplate":"https:\/\/probelle.com.br\/es\/?s={search_term_string}"},"query-input":{"@type":"PropertyValueSpecification","valueRequired":true,"valueName":"search_term_string"}}],"inLanguage":"es"},{"@type":"Organization","@id":"https:\/\/probelle.com.br\/es\/#organization","name":"Probelle Cosm\u00e9ticos","url":"https:\/\/probelle.com.br\/es\/","logo":{"@type":"ImageObject","inLanguage":"es","@id":"https:\/\/probelle.com.br\/es\/#\/schema\/logo\/image\/","url":"https:\/\/probelle.com.br\/wp-content\/uploads\/2022\/08\/Para-o-sitee.jpg","contentUrl":"https:\/\/probelle.com.br\/wp-content\/uploads\/2022\/08\/Para-o-sitee.jpg","width":1000,"height":750,"caption":"Probelle Cosm\u00e9ticos"},"image":{"@id":"https:\/\/probelle.com.br\/es\/#\/schema\/logo\/image\/"},"sameAs":["https:\/\/www.facebook.com\/probelle\/","https:\/\/www.instagram.com\/probellecosmeticos\/","https:\/\/www.youtube.com\/c\/ProbelleCosm\u00e9ticos\/","https:\/\/br.linkedin.com\/company\/probellecosmeticos","https:\/\/br.pinterest.com\/probellecosmeticos\/"]}]}},"_links":{"self":[{"href":"https:\/\/probelle.com.br\/es\/wp-json\/wp\/v2\/product\/23344","targetHints":{"allow":["GET"]}}],"collection":[{"href":"https:\/\/probelle.com.br\/es\/wp-json\/wp\/v2\/product"}],"about":[{"href":"https:\/\/probelle.com.br\/es\/wp-json\/wp\/v2\/types\/product"}],"wp:featuredmedia":[{"embeddable":true,"href":"https:\/\/probelle.com.br\/es\/wp-json\/wp\/v2\/media\/23636"}],"wp:attachment":[{"href":"https:\/\/probelle.com.br\/es\/wp-json\/wp\/v2\/media?parent=23344"}],"wp:term":[{"taxonomy":"product_brand","embeddable":true,"href":"https:\/\/probelle.com.br\/es\/wp-json\/wp\/v2\/product_brand?post=23344"},{"taxonomy":"product_cat","embeddable":true,"href":"https:\/\/probelle.com.br\/es\/wp-json\/wp\/v2\/product_cat?post=23344"},{"taxonomy":"product_tag","embeddable":true,"href":"https:\/\/probelle.com.br\/es\/wp-json\/wp\/v2\/product_tag?post=23344"}],"curies":[{"name":"wp","href":"https:\/\/api.w.org\/{rel}","templated":true}]}}