{"id":23309,"date":"2023-07-28T14:36:08","date_gmt":"2023-07-28T17:36:08","guid":{"rendered":"https:\/\/probelle.com.br\/produto\/creme-de-tratamento-cachos-ostentacao-900ml\/"},"modified":"2024-07-03T10:41:47","modified_gmt":"2024-07-03T13:41:47","slug":"creme-de-tratamento-cachos-ostentacao-900ml","status":"publish","type":"product","link":"https:\/\/probelle.com.br\/es\/produto\/creme-de-tratamento-cachos-ostentacao-900ml\/","title":{"rendered":"Creme de Tratamento Cachos Ostenta\u00e7\u00e3o 900mL"},"content":{"rendered":"<p>O Creme de Tratamento Cachos Ostenta\u00e7\u00e3o Super Bonita foi especialmente desenvolvido para garantir o fortalecimento, hidrata\u00e7\u00e3o e controle de frizz dos cabelos ondulados e cacheados do tipo 2B, 2C, 3A, 3B e 3C. Sua f\u00f3rmula enriquecida com complexo de \u00d3leos e uma combina\u00e7\u00e3o intensa de extratos que tratam profundamente o seu cabelo fortalecendo a barreira de umidade do fio, combatem o ressecamento com a\u00e7\u00e3o energizante para que a hidrata\u00e7\u00e3o permane\u00e7a por mais tempo, garantindo assim um cabelo com movimento natural e m\u00e1ximo volume com sedosidade e nutri\u00e7\u00e3o. Esse produto ainda permite que voc\u00ea d\u00ea aos fios uma dose de brilho extra e mais volume nos cachos gra\u00e7as aos poderes dos seus \u00f3leos.<\/p>\n","protected":false},"excerpt":{"rendered":"<p>Ostenta\u00e7\u00e3o de verdade \u00e9 ter um Black com m\u00e1ximo volume com uma linha que cuida dos seus cachos para voc\u00ea sentir ainda mais Super Bonita. Para cabelos tipo 2B, 2C, 3A, 3B e 3C.<\/p>\n","protected":false},"featured_media":23918,"template":"","meta":{"_joinchat":[]},"product_brand":[],"product_cat":[311],"product_tag":[594],"class_list":{"0":"post-23309","1":"product","2":"type-product","3":"status-publish","4":"has-post-thumbnail","6":"product_cat-super-bonita","7":"product_tag-produtos-probelle","9":"first","10":"instock","11":"shipping-taxable","12":"purchasable","13":"product-type-simple"},"yoast_head":"<!-- This site is optimized with the Yoast SEO Premium plugin v23.5 (Yoast SEO v26.5) - https:\/\/yoast.com\/wordpress\/plugins\/seo\/ -->\n<title>Creme de Tratamento Cachos Ostenta\u00e7\u00e3o 900mL ~ Probelle Cosm\u00e9ticos<\/title>\n<meta name=\"robots\" content=\"index, follow, max-snippet:-1, max-image-preview:large, max-video-preview:-1\" \/>\n<link rel=\"canonical\" href=\"https:\/\/probelle.com.br\/es\/produto\/creme-de-tratamento-cachos-ostentacao-900ml\/\" \/>\n<meta property=\"og:locale\" content=\"es_ES\" \/>\n<meta property=\"og:type\" content=\"article\" \/>\n<meta property=\"og:title\" content=\"Creme de Tratamento Cachos Ostenta\u00e7\u00e3o 900mL\" \/>\n<meta property=\"og:description\" content=\"Ostenta\u00e7\u00e3o de verdade \u00e9 ter um Black com m\u00e1ximo volume com uma linha que cuida dos seus cachos para voc\u00ea sentir ainda mais Super Bonita. Para cabelos tipo 2B, 2C, 3A, 3B e 3C.\" \/>\n<meta property=\"og:url\" content=\"https:\/\/probelle.com.br\/es\/produto\/creme-de-tratamento-cachos-ostentacao-900ml\/\" \/>\n<meta property=\"og:site_name\" content=\"Probelle Cosm\u00e9ticos\" \/>\n<meta property=\"article:publisher\" content=\"https:\/\/www.facebook.com\/probelle\/\" \/>\n<meta property=\"article:modified_time\" content=\"2024-07-03T13:41:47+00:00\" \/>\n<meta property=\"og:image\" content=\"https:\/\/probelle.com.br\/wp-content\/uploads\/2023\/07\/cachos-ostentacao-c.-tratamento.jpg\" \/>\n\t<meta property=\"og:image:width\" content=\"1024\" \/>\n\t<meta property=\"og:image:height\" content=\"1024\" \/>\n\t<meta property=\"og:image:type\" content=\"image\/jpeg\" \/>\n<meta name=\"twitter:card\" content=\"summary_large_image\" \/>\n<meta name=\"twitter:label1\" content=\"Tiempo de lectura\" \/>\n\t<meta name=\"twitter:data1\" content=\"1 minuto\" \/>\n<script type=\"application\/ld+json\" class=\"yoast-schema-graph\">{\"@context\":\"https:\/\/schema.org\",\"@graph\":[{\"@type\":\"WebPage\",\"@id\":\"https:\/\/probelle.com.br\/es\/produto\/creme-de-tratamento-cachos-ostentacao-900ml\/\",\"url\":\"https:\/\/probelle.com.br\/es\/produto\/creme-de-tratamento-cachos-ostentacao-900ml\/\",\"name\":\"Creme de Tratamento Cachos Ostenta\u00e7\u00e3o 900mL ~ Probelle Cosm\u00e9ticos\",\"isPartOf\":{\"@id\":\"https:\/\/probelle.com.br\/es\/#website\"},\"primaryImageOfPage\":{\"@id\":\"https:\/\/probelle.com.br\/es\/produto\/creme-de-tratamento-cachos-ostentacao-900ml\/#primaryimage\"},\"image\":{\"@id\":\"https:\/\/probelle.com.br\/es\/produto\/creme-de-tratamento-cachos-ostentacao-900ml\/#primaryimage\"},\"thumbnailUrl\":\"https:\/\/probelle.com.br\/wp-content\/uploads\/2023\/07\/cachos-ostentacao-c.-tratamento.jpg\",\"datePublished\":\"2023-07-28T17:36:08+00:00\",\"dateModified\":\"2024-07-03T13:41:47+00:00\",\"breadcrumb\":{\"@id\":\"https:\/\/probelle.com.br\/es\/produto\/creme-de-tratamento-cachos-ostentacao-900ml\/#breadcrumb\"},\"inLanguage\":\"es\",\"potentialAction\":[{\"@type\":\"ReadAction\",\"target\":[\"https:\/\/probelle.com.br\/es\/produto\/creme-de-tratamento-cachos-ostentacao-900ml\/\"]}]},{\"@type\":\"ImageObject\",\"inLanguage\":\"es\",\"@id\":\"https:\/\/probelle.com.br\/es\/produto\/creme-de-tratamento-cachos-ostentacao-900ml\/#primaryimage\",\"url\":\"https:\/\/probelle.com.br\/wp-content\/uploads\/2023\/07\/cachos-ostentacao-c.-tratamento.jpg\",\"contentUrl\":\"https:\/\/probelle.com.br\/wp-content\/uploads\/2023\/07\/cachos-ostentacao-c.-tratamento.jpg\",\"width\":1024,\"height\":1024},{\"@type\":\"BreadcrumbList\",\"@id\":\"https:\/\/probelle.com.br\/es\/produto\/creme-de-tratamento-cachos-ostentacao-900ml\/#breadcrumb\",\"itemListElement\":[{\"@type\":\"ListItem\",\"position\":1,\"name\":\"Home\",\"item\":\"https:\/\/probelle.com.br\/es\/\"},{\"@type\":\"ListItem\",\"position\":2,\"name\":\"Loja\",\"item\":\"https:\/\/probelle.com.br\/loja\/\"},{\"@type\":\"ListItem\",\"position\":3,\"name\":\"Creme de Tratamento Cachos Ostenta\u00e7\u00e3o 900mL\"}]},{\"@type\":\"WebSite\",\"@id\":\"https:\/\/probelle.com.br\/es\/#website\",\"url\":\"https:\/\/probelle.com.br\/es\/\",\"name\":\"Probelle Cosm\u00e9ticos\",\"description\":\"Todo mundo tem em casa.\",\"publisher\":{\"@id\":\"https:\/\/probelle.com.br\/es\/#organization\"},\"potentialAction\":[{\"@type\":\"SearchAction\",\"target\":{\"@type\":\"EntryPoint\",\"urlTemplate\":\"https:\/\/probelle.com.br\/es\/?s={search_term_string}\"},\"query-input\":{\"@type\":\"PropertyValueSpecification\",\"valueRequired\":true,\"valueName\":\"search_term_string\"}}],\"inLanguage\":\"es\"},{\"@type\":\"Organization\",\"@id\":\"https:\/\/probelle.com.br\/es\/#organization\",\"name\":\"Probelle Cosm\u00e9ticos\",\"url\":\"https:\/\/probelle.com.br\/es\/\",\"logo\":{\"@type\":\"ImageObject\",\"inLanguage\":\"es\",\"@id\":\"https:\/\/probelle.com.br\/es\/#\/schema\/logo\/image\/\",\"url\":\"https:\/\/probelle.com.br\/wp-content\/uploads\/2022\/08\/Para-o-sitee.jpg\",\"contentUrl\":\"https:\/\/probelle.com.br\/wp-content\/uploads\/2022\/08\/Para-o-sitee.jpg\",\"width\":1000,\"height\":750,\"caption\":\"Probelle Cosm\u00e9ticos\"},\"image\":{\"@id\":\"https:\/\/probelle.com.br\/es\/#\/schema\/logo\/image\/\"},\"sameAs\":[\"https:\/\/www.facebook.com\/probelle\/\",\"https:\/\/www.instagram.com\/probellecosmeticos\/\",\"https:\/\/www.youtube.com\/c\/ProbelleCosm\u00e9ticos\/\",\"https:\/\/br.linkedin.com\/company\/probellecosmeticos\",\"https:\/\/br.pinterest.com\/probellecosmeticos\/\"]}]}<\/script>\n<!-- \/ Yoast SEO Premium plugin. -->","yoast_head_json":{"title":"Creme de Tratamento Cachos Ostenta\u00e7\u00e3o 900mL ~ Probelle Cosm\u00e9ticos","robots":{"index":"index","follow":"follow","max-snippet":"max-snippet:-1","max-image-preview":"max-image-preview:large","max-video-preview":"max-video-preview:-1"},"canonical":"https:\/\/probelle.com.br\/es\/produto\/creme-de-tratamento-cachos-ostentacao-900ml\/","og_locale":"es_ES","og_type":"article","og_title":"Creme de Tratamento Cachos Ostenta\u00e7\u00e3o 900mL","og_description":"Ostenta\u00e7\u00e3o de verdade \u00e9 ter um Black com m\u00e1ximo volume com uma linha que cuida dos seus cachos para voc\u00ea sentir ainda mais Super Bonita. Para cabelos tipo 2B, 2C, 3A, 3B e 3C.","og_url":"https:\/\/probelle.com.br\/es\/produto\/creme-de-tratamento-cachos-ostentacao-900ml\/","og_site_name":"Probelle Cosm\u00e9ticos","article_publisher":"https:\/\/www.facebook.com\/probelle\/","article_modified_time":"2024-07-03T13:41:47+00:00","og_image":[{"width":1024,"height":1024,"url":"https:\/\/probelle.com.br\/wp-content\/uploads\/2023\/07\/cachos-ostentacao-c.-tratamento.jpg","type":"image\/jpeg"}],"twitter_card":"summary_large_image","twitter_misc":{"Tiempo de lectura":"1 minuto"},"schema":{"@context":"https:\/\/schema.org","@graph":[{"@type":"WebPage","@id":"https:\/\/probelle.com.br\/es\/produto\/creme-de-tratamento-cachos-ostentacao-900ml\/","url":"https:\/\/probelle.com.br\/es\/produto\/creme-de-tratamento-cachos-ostentacao-900ml\/","name":"Creme de Tratamento Cachos Ostenta\u00e7\u00e3o 900mL ~ Probelle Cosm\u00e9ticos","isPartOf":{"@id":"https:\/\/probelle.com.br\/es\/#website"},"primaryImageOfPage":{"@id":"https:\/\/probelle.com.br\/es\/produto\/creme-de-tratamento-cachos-ostentacao-900ml\/#primaryimage"},"image":{"@id":"https:\/\/probelle.com.br\/es\/produto\/creme-de-tratamento-cachos-ostentacao-900ml\/#primaryimage"},"thumbnailUrl":"https:\/\/probelle.com.br\/wp-content\/uploads\/2023\/07\/cachos-ostentacao-c.-tratamento.jpg","datePublished":"2023-07-28T17:36:08+00:00","dateModified":"2024-07-03T13:41:47+00:00","breadcrumb":{"@id":"https:\/\/probelle.com.br\/es\/produto\/creme-de-tratamento-cachos-ostentacao-900ml\/#breadcrumb"},"inLanguage":"es","potentialAction":[{"@type":"ReadAction","target":["https:\/\/probelle.com.br\/es\/produto\/creme-de-tratamento-cachos-ostentacao-900ml\/"]}]},{"@type":"ImageObject","inLanguage":"es","@id":"https:\/\/probelle.com.br\/es\/produto\/creme-de-tratamento-cachos-ostentacao-900ml\/#primaryimage","url":"https:\/\/probelle.com.br\/wp-content\/uploads\/2023\/07\/cachos-ostentacao-c.-tratamento.jpg","contentUrl":"https:\/\/probelle.com.br\/wp-content\/uploads\/2023\/07\/cachos-ostentacao-c.-tratamento.jpg","width":1024,"height":1024},{"@type":"BreadcrumbList","@id":"https:\/\/probelle.com.br\/es\/produto\/creme-de-tratamento-cachos-ostentacao-900ml\/#breadcrumb","itemListElement":[{"@type":"ListItem","position":1,"name":"Home","item":"https:\/\/probelle.com.br\/es\/"},{"@type":"ListItem","position":2,"name":"Loja","item":"https:\/\/probelle.com.br\/loja\/"},{"@type":"ListItem","position":3,"name":"Creme de Tratamento Cachos Ostenta\u00e7\u00e3o 900mL"}]},{"@type":"WebSite","@id":"https:\/\/probelle.com.br\/es\/#website","url":"https:\/\/probelle.com.br\/es\/","name":"Probelle Cosm\u00e9ticos","description":"Todo mundo tem em casa.","publisher":{"@id":"https:\/\/probelle.com.br\/es\/#organization"},"potentialAction":[{"@type":"SearchAction","target":{"@type":"EntryPoint","urlTemplate":"https:\/\/probelle.com.br\/es\/?s={search_term_string}"},"query-input":{"@type":"PropertyValueSpecification","valueRequired":true,"valueName":"search_term_string"}}],"inLanguage":"es"},{"@type":"Organization","@id":"https:\/\/probelle.com.br\/es\/#organization","name":"Probelle Cosm\u00e9ticos","url":"https:\/\/probelle.com.br\/es\/","logo":{"@type":"ImageObject","inLanguage":"es","@id":"https:\/\/probelle.com.br\/es\/#\/schema\/logo\/image\/","url":"https:\/\/probelle.com.br\/wp-content\/uploads\/2022\/08\/Para-o-sitee.jpg","contentUrl":"https:\/\/probelle.com.br\/wp-content\/uploads\/2022\/08\/Para-o-sitee.jpg","width":1000,"height":750,"caption":"Probelle Cosm\u00e9ticos"},"image":{"@id":"https:\/\/probelle.com.br\/es\/#\/schema\/logo\/image\/"},"sameAs":["https:\/\/www.facebook.com\/probelle\/","https:\/\/www.instagram.com\/probellecosmeticos\/","https:\/\/www.youtube.com\/c\/ProbelleCosm\u00e9ticos\/","https:\/\/br.linkedin.com\/company\/probellecosmeticos","https:\/\/br.pinterest.com\/probellecosmeticos\/"]}]}},"_links":{"self":[{"href":"https:\/\/probelle.com.br\/es\/wp-json\/wp\/v2\/product\/23309","targetHints":{"allow":["GET"]}}],"collection":[{"href":"https:\/\/probelle.com.br\/es\/wp-json\/wp\/v2\/product"}],"about":[{"href":"https:\/\/probelle.com.br\/es\/wp-json\/wp\/v2\/types\/product"}],"wp:featuredmedia":[{"embeddable":true,"href":"https:\/\/probelle.com.br\/es\/wp-json\/wp\/v2\/media\/23918"}],"wp:attachment":[{"href":"https:\/\/probelle.com.br\/es\/wp-json\/wp\/v2\/media?parent=23309"}],"wp:term":[{"taxonomy":"product_brand","embeddable":true,"href":"https:\/\/probelle.com.br\/es\/wp-json\/wp\/v2\/product_brand?post=23309"},{"taxonomy":"product_cat","embeddable":true,"href":"https:\/\/probelle.com.br\/es\/wp-json\/wp\/v2\/product_cat?post=23309"},{"taxonomy":"product_tag","embeddable":true,"href":"https:\/\/probelle.com.br\/es\/wp-json\/wp\/v2\/product_tag?post=23309"}],"curies":[{"name":"wp","href":"https:\/\/api.w.org\/{rel}","templated":true}]}}