{"id":23307,"date":"2023-07-28T14:36:07","date_gmt":"2023-07-28T17:36:07","guid":{"rendered":"https:\/\/probelle.com.br\/produto\/creme-de-tratamento-brilho-liso-espelhado-900ml\/"},"modified":"2024-07-17T00:47:28","modified_gmt":"2024-07-17T03:47:28","slug":"creme-de-tratamento-brilho-liso-espelhado-900ml","status":"publish","type":"product","link":"https:\/\/probelle.com.br\/es\/produto\/creme-de-tratamento-brilho-liso-espelhado-900ml\/","title":{"rendered":"Creme de Tratamento Brilho Liso Espelhado 900mL"},"content":{"rendered":"<p>O Creme de Tratamento Ultraprofundo Liso Brilho Espelhado foi especialmente desenvolvido para deixar os cabelos Ultra Hidratados, lisos super alinhados, sem frizz, cheios de brilho e com aquele desmaio chapado incr\u00edvel, devido aos ativos que prolongam o efeito liso! Sua f\u00f3rmula com complexos de poderos\u00edssimos \u00f3leos, fortalecem e nutrem seus cabelos lisos formando uma pel\u00edcula protetora em torno do fio, restaurando a apar\u00eancia saud\u00e1vel dos cabelos e proporcionando brilho luminoso natural.<\/p>\n","protected":false},"excerpt":{"rendered":"<p>Voc\u00ea merece ter um Liso com muito brilho ofuscando qualquer recalque ent\u00e3o deixa que seu brilho apare\u00e7a com a linha que cuida do seu liso Brilho Espelhado.<\/p>\n","protected":false},"featured_media":23909,"template":"","meta":{"_joinchat":[]},"product_brand":[],"product_cat":[311],"product_tag":[594],"class_list":{"0":"post-23307","1":"product","2":"type-product","3":"status-publish","4":"has-post-thumbnail","6":"product_cat-super-bonita","7":"product_tag-produtos-probelle","9":"first","10":"instock","11":"shipping-taxable","12":"purchasable","13":"product-type-simple"},"yoast_head":"<!-- This site is optimized with the Yoast SEO Premium plugin v23.5 (Yoast SEO v26.5) - https:\/\/yoast.com\/wordpress\/plugins\/seo\/ -->\n<title>Creme de Tratamento Brilho Liso Espelhado 900mL ~ Probelle Cosm\u00e9ticos<\/title>\n<meta name=\"robots\" content=\"index, follow, max-snippet:-1, max-image-preview:large, max-video-preview:-1\" \/>\n<link rel=\"canonical\" href=\"https:\/\/probelle.com.br\/es\/produto\/creme-de-tratamento-brilho-liso-espelhado-900ml\/\" \/>\n<meta property=\"og:locale\" content=\"es_ES\" \/>\n<meta property=\"og:type\" content=\"article\" \/>\n<meta property=\"og:title\" content=\"Creme de Tratamento Brilho Liso Espelhado 900mL\" \/>\n<meta property=\"og:description\" content=\"Voc\u00ea merece ter um Liso com muito brilho ofuscando qualquer recalque ent\u00e3o deixa que seu brilho apare\u00e7a com a linha que cuida do seu liso Brilho Espelhado.\" \/>\n<meta property=\"og:url\" content=\"https:\/\/probelle.com.br\/es\/produto\/creme-de-tratamento-brilho-liso-espelhado-900ml\/\" \/>\n<meta property=\"og:site_name\" content=\"Probelle Cosm\u00e9ticos\" \/>\n<meta property=\"article:publisher\" content=\"https:\/\/www.facebook.com\/probelle\/\" \/>\n<meta property=\"article:modified_time\" content=\"2024-07-17T03:47:28+00:00\" \/>\n<meta property=\"og:image\" content=\"https:\/\/probelle.com.br\/wp-content\/uploads\/2023\/07\/liso-brilho-espelhado-c.-tratamento.jpg\" \/>\n\t<meta property=\"og:image:width\" content=\"1024\" \/>\n\t<meta property=\"og:image:height\" content=\"1024\" \/>\n\t<meta property=\"og:image:type\" content=\"image\/jpeg\" \/>\n<meta name=\"twitter:card\" content=\"summary_large_image\" \/>\n<meta name=\"twitter:label1\" content=\"Tiempo de lectura\" \/>\n\t<meta name=\"twitter:data1\" content=\"1 minuto\" \/>\n<script type=\"application\/ld+json\" class=\"yoast-schema-graph\">{\"@context\":\"https:\/\/schema.org\",\"@graph\":[{\"@type\":\"WebPage\",\"@id\":\"https:\/\/probelle.com.br\/es\/produto\/creme-de-tratamento-brilho-liso-espelhado-900ml\/\",\"url\":\"https:\/\/probelle.com.br\/es\/produto\/creme-de-tratamento-brilho-liso-espelhado-900ml\/\",\"name\":\"Creme de Tratamento Brilho Liso Espelhado 900mL ~ Probelle Cosm\u00e9ticos\",\"isPartOf\":{\"@id\":\"https:\/\/probelle.com.br\/es\/#website\"},\"primaryImageOfPage\":{\"@id\":\"https:\/\/probelle.com.br\/es\/produto\/creme-de-tratamento-brilho-liso-espelhado-900ml\/#primaryimage\"},\"image\":{\"@id\":\"https:\/\/probelle.com.br\/es\/produto\/creme-de-tratamento-brilho-liso-espelhado-900ml\/#primaryimage\"},\"thumbnailUrl\":\"https:\/\/probelle.com.br\/wp-content\/uploads\/2023\/07\/liso-brilho-espelhado-c.-tratamento.jpg\",\"datePublished\":\"2023-07-28T17:36:07+00:00\",\"dateModified\":\"2024-07-17T03:47:28+00:00\",\"breadcrumb\":{\"@id\":\"https:\/\/probelle.com.br\/es\/produto\/creme-de-tratamento-brilho-liso-espelhado-900ml\/#breadcrumb\"},\"inLanguage\":\"es\",\"potentialAction\":[{\"@type\":\"ReadAction\",\"target\":[\"https:\/\/probelle.com.br\/es\/produto\/creme-de-tratamento-brilho-liso-espelhado-900ml\/\"]}]},{\"@type\":\"ImageObject\",\"inLanguage\":\"es\",\"@id\":\"https:\/\/probelle.com.br\/es\/produto\/creme-de-tratamento-brilho-liso-espelhado-900ml\/#primaryimage\",\"url\":\"https:\/\/probelle.com.br\/wp-content\/uploads\/2023\/07\/liso-brilho-espelhado-c.-tratamento.jpg\",\"contentUrl\":\"https:\/\/probelle.com.br\/wp-content\/uploads\/2023\/07\/liso-brilho-espelhado-c.-tratamento.jpg\",\"width\":1024,\"height\":1024},{\"@type\":\"BreadcrumbList\",\"@id\":\"https:\/\/probelle.com.br\/es\/produto\/creme-de-tratamento-brilho-liso-espelhado-900ml\/#breadcrumb\",\"itemListElement\":[{\"@type\":\"ListItem\",\"position\":1,\"name\":\"Home\",\"item\":\"https:\/\/probelle.com.br\/es\/\"},{\"@type\":\"ListItem\",\"position\":2,\"name\":\"Loja\",\"item\":\"https:\/\/probelle.com.br\/loja\/\"},{\"@type\":\"ListItem\",\"position\":3,\"name\":\"Creme de Tratamento Brilho Liso Espelhado 900mL\"}]},{\"@type\":\"WebSite\",\"@id\":\"https:\/\/probelle.com.br\/es\/#website\",\"url\":\"https:\/\/probelle.com.br\/es\/\",\"name\":\"Probelle Cosm\u00e9ticos\",\"description\":\"Todo mundo tem em casa.\",\"publisher\":{\"@id\":\"https:\/\/probelle.com.br\/es\/#organization\"},\"potentialAction\":[{\"@type\":\"SearchAction\",\"target\":{\"@type\":\"EntryPoint\",\"urlTemplate\":\"https:\/\/probelle.com.br\/es\/?s={search_term_string}\"},\"query-input\":{\"@type\":\"PropertyValueSpecification\",\"valueRequired\":true,\"valueName\":\"search_term_string\"}}],\"inLanguage\":\"es\"},{\"@type\":\"Organization\",\"@id\":\"https:\/\/probelle.com.br\/es\/#organization\",\"name\":\"Probelle Cosm\u00e9ticos\",\"url\":\"https:\/\/probelle.com.br\/es\/\",\"logo\":{\"@type\":\"ImageObject\",\"inLanguage\":\"es\",\"@id\":\"https:\/\/probelle.com.br\/es\/#\/schema\/logo\/image\/\",\"url\":\"https:\/\/probelle.com.br\/wp-content\/uploads\/2022\/08\/Para-o-sitee.jpg\",\"contentUrl\":\"https:\/\/probelle.com.br\/wp-content\/uploads\/2022\/08\/Para-o-sitee.jpg\",\"width\":1000,\"height\":750,\"caption\":\"Probelle Cosm\u00e9ticos\"},\"image\":{\"@id\":\"https:\/\/probelle.com.br\/es\/#\/schema\/logo\/image\/\"},\"sameAs\":[\"https:\/\/www.facebook.com\/probelle\/\",\"https:\/\/www.instagram.com\/probellecosmeticos\/\",\"https:\/\/www.youtube.com\/c\/ProbelleCosm\u00e9ticos\/\",\"https:\/\/br.linkedin.com\/company\/probellecosmeticos\",\"https:\/\/br.pinterest.com\/probellecosmeticos\/\"]}]}<\/script>\n<!-- \/ Yoast SEO Premium plugin. -->","yoast_head_json":{"title":"Creme de Tratamento Brilho Liso Espelhado 900mL ~ Probelle Cosm\u00e9ticos","robots":{"index":"index","follow":"follow","max-snippet":"max-snippet:-1","max-image-preview":"max-image-preview:large","max-video-preview":"max-video-preview:-1"},"canonical":"https:\/\/probelle.com.br\/es\/produto\/creme-de-tratamento-brilho-liso-espelhado-900ml\/","og_locale":"es_ES","og_type":"article","og_title":"Creme de Tratamento Brilho Liso Espelhado 900mL","og_description":"Voc\u00ea merece ter um Liso com muito brilho ofuscando qualquer recalque ent\u00e3o deixa que seu brilho apare\u00e7a com a linha que cuida do seu liso Brilho Espelhado.","og_url":"https:\/\/probelle.com.br\/es\/produto\/creme-de-tratamento-brilho-liso-espelhado-900ml\/","og_site_name":"Probelle Cosm\u00e9ticos","article_publisher":"https:\/\/www.facebook.com\/probelle\/","article_modified_time":"2024-07-17T03:47:28+00:00","og_image":[{"width":1024,"height":1024,"url":"https:\/\/probelle.com.br\/wp-content\/uploads\/2023\/07\/liso-brilho-espelhado-c.-tratamento.jpg","type":"image\/jpeg"}],"twitter_card":"summary_large_image","twitter_misc":{"Tiempo de lectura":"1 minuto"},"schema":{"@context":"https:\/\/schema.org","@graph":[{"@type":"WebPage","@id":"https:\/\/probelle.com.br\/es\/produto\/creme-de-tratamento-brilho-liso-espelhado-900ml\/","url":"https:\/\/probelle.com.br\/es\/produto\/creme-de-tratamento-brilho-liso-espelhado-900ml\/","name":"Creme de Tratamento Brilho Liso Espelhado 900mL ~ Probelle Cosm\u00e9ticos","isPartOf":{"@id":"https:\/\/probelle.com.br\/es\/#website"},"primaryImageOfPage":{"@id":"https:\/\/probelle.com.br\/es\/produto\/creme-de-tratamento-brilho-liso-espelhado-900ml\/#primaryimage"},"image":{"@id":"https:\/\/probelle.com.br\/es\/produto\/creme-de-tratamento-brilho-liso-espelhado-900ml\/#primaryimage"},"thumbnailUrl":"https:\/\/probelle.com.br\/wp-content\/uploads\/2023\/07\/liso-brilho-espelhado-c.-tratamento.jpg","datePublished":"2023-07-28T17:36:07+00:00","dateModified":"2024-07-17T03:47:28+00:00","breadcrumb":{"@id":"https:\/\/probelle.com.br\/es\/produto\/creme-de-tratamento-brilho-liso-espelhado-900ml\/#breadcrumb"},"inLanguage":"es","potentialAction":[{"@type":"ReadAction","target":["https:\/\/probelle.com.br\/es\/produto\/creme-de-tratamento-brilho-liso-espelhado-900ml\/"]}]},{"@type":"ImageObject","inLanguage":"es","@id":"https:\/\/probelle.com.br\/es\/produto\/creme-de-tratamento-brilho-liso-espelhado-900ml\/#primaryimage","url":"https:\/\/probelle.com.br\/wp-content\/uploads\/2023\/07\/liso-brilho-espelhado-c.-tratamento.jpg","contentUrl":"https:\/\/probelle.com.br\/wp-content\/uploads\/2023\/07\/liso-brilho-espelhado-c.-tratamento.jpg","width":1024,"height":1024},{"@type":"BreadcrumbList","@id":"https:\/\/probelle.com.br\/es\/produto\/creme-de-tratamento-brilho-liso-espelhado-900ml\/#breadcrumb","itemListElement":[{"@type":"ListItem","position":1,"name":"Home","item":"https:\/\/probelle.com.br\/es\/"},{"@type":"ListItem","position":2,"name":"Loja","item":"https:\/\/probelle.com.br\/loja\/"},{"@type":"ListItem","position":3,"name":"Creme de Tratamento Brilho Liso Espelhado 900mL"}]},{"@type":"WebSite","@id":"https:\/\/probelle.com.br\/es\/#website","url":"https:\/\/probelle.com.br\/es\/","name":"Probelle Cosm\u00e9ticos","description":"Todo mundo tem em casa.","publisher":{"@id":"https:\/\/probelle.com.br\/es\/#organization"},"potentialAction":[{"@type":"SearchAction","target":{"@type":"EntryPoint","urlTemplate":"https:\/\/probelle.com.br\/es\/?s={search_term_string}"},"query-input":{"@type":"PropertyValueSpecification","valueRequired":true,"valueName":"search_term_string"}}],"inLanguage":"es"},{"@type":"Organization","@id":"https:\/\/probelle.com.br\/es\/#organization","name":"Probelle Cosm\u00e9ticos","url":"https:\/\/probelle.com.br\/es\/","logo":{"@type":"ImageObject","inLanguage":"es","@id":"https:\/\/probelle.com.br\/es\/#\/schema\/logo\/image\/","url":"https:\/\/probelle.com.br\/wp-content\/uploads\/2022\/08\/Para-o-sitee.jpg","contentUrl":"https:\/\/probelle.com.br\/wp-content\/uploads\/2022\/08\/Para-o-sitee.jpg","width":1000,"height":750,"caption":"Probelle Cosm\u00e9ticos"},"image":{"@id":"https:\/\/probelle.com.br\/es\/#\/schema\/logo\/image\/"},"sameAs":["https:\/\/www.facebook.com\/probelle\/","https:\/\/www.instagram.com\/probellecosmeticos\/","https:\/\/www.youtube.com\/c\/ProbelleCosm\u00e9ticos\/","https:\/\/br.linkedin.com\/company\/probellecosmeticos","https:\/\/br.pinterest.com\/probellecosmeticos\/"]}]}},"_links":{"self":[{"href":"https:\/\/probelle.com.br\/es\/wp-json\/wp\/v2\/product\/23307","targetHints":{"allow":["GET"]}}],"collection":[{"href":"https:\/\/probelle.com.br\/es\/wp-json\/wp\/v2\/product"}],"about":[{"href":"https:\/\/probelle.com.br\/es\/wp-json\/wp\/v2\/types\/product"}],"wp:featuredmedia":[{"embeddable":true,"href":"https:\/\/probelle.com.br\/es\/wp-json\/wp\/v2\/media\/23909"}],"wp:attachment":[{"href":"https:\/\/probelle.com.br\/es\/wp-json\/wp\/v2\/media?parent=23307"}],"wp:term":[{"taxonomy":"product_brand","embeddable":true,"href":"https:\/\/probelle.com.br\/es\/wp-json\/wp\/v2\/product_brand?post=23307"},{"taxonomy":"product_cat","embeddable":true,"href":"https:\/\/probelle.com.br\/es\/wp-json\/wp\/v2\/product_cat?post=23307"},{"taxonomy":"product_tag","embeddable":true,"href":"https:\/\/probelle.com.br\/es\/wp-json\/wp\/v2\/product_tag?post=23307"}],"curies":[{"name":"wp","href":"https:\/\/api.w.org\/{rel}","templated":true}]}}