{"id":23302,"date":"2023-07-28T14:36:04","date_gmt":"2023-07-28T17:36:04","guid":{"rendered":"https:\/\/probelle.com.br\/produto\/creme-p-pentear-crespo-agua-de-coco-800ml\/"},"modified":"2024-07-03T11:02:23","modified_gmt":"2024-07-03T14:02:23","slug":"creme-para-pentear-crespo-agua-de-coco-800ml","status":"publish","type":"product","link":"https:\/\/probelle.com.br\/es\/produto\/creme-para-pentear-crespo-agua-de-coco-800ml\/","title":{"rendered":"Creme para Pentear Crespo \u00c1gua de Coco 800mL"},"content":{"rendered":"<p>O Creme para Pentear Crespo \u00c1gua de Coco \u00e9 formulado com \u00e1gua de coco, \u00f3leo de mamona e \u00f3leo de coco, que hidratam, modelam, desembara\u00e7am e facilitam o penteado dos cabelos crespos. A \u00e1gua de coco \u00e9 um umectante natural que ajuda a reter a umidade nos fios, enquanto o \u00f3leo de mamona e o \u00f3leo de coco nutrem e protegem os cabelos. O creme tamb\u00e9m cont\u00e9m agentes emolientes que ajudam a suavizar e dar brilho aos cabelos.<\/p>\n<p>O Creme para Pentear Crespo \u00c1gua de Coco \u00e9 ideal para cabelos crespos, mas tamb\u00e9m pode ser usado em outros tipos de cabelo. Para usar, aplique o creme nos cabelos \u00famidos e penteie como de costume. O creme vai ajudar a definir os cachos, controlar o frizz e facilitar o penteado.<\/p>\n","protected":false},"excerpt":{"rendered":"<p>O Creme para Pentear Crespo \u00c1gua de Coco hidrata, modela, desembara\u00e7a e facilita o penteado dos cabelos crespos, com defini\u00e7\u00e3o e controle do frizz.<\/p>\n","protected":false},"featured_media":23942,"template":"","meta":{"_joinchat":[]},"product_brand":[],"product_cat":[311],"product_tag":[594],"class_list":{"0":"post-23302","1":"product","2":"type-product","3":"status-publish","4":"has-post-thumbnail","6":"product_cat-super-bonita","7":"product_tag-produtos-probelle","9":"first","10":"outofstock","11":"shipping-taxable","12":"purchasable","13":"product-type-simple"},"yoast_head":"<!-- This site is optimized with the Yoast SEO Premium plugin v23.5 (Yoast SEO v26.5) - https:\/\/yoast.com\/wordpress\/plugins\/seo\/ -->\n<title>Creme para Pentear Crespo \u00c1gua de Coco 800mL ~ Probelle Cosm\u00e9ticos<\/title>\n<meta name=\"description\" content=\"Creme para Pentear Crespo \u00c1gua de Coco, hidrata\u00e7\u00e3o, modelagem, desembara\u00e7o, facilita\u00e7\u00e3o do penteado, defini\u00e7\u00e3o, controle do frizz, \u00e1gua de coco, \u00f3leo de mamona, \u00f3leo de coco, cabelos crespos, outros tipos de cabelo\" \/>\n<meta name=\"robots\" content=\"index, follow, max-snippet:-1, max-image-preview:large, max-video-preview:-1\" \/>\n<link rel=\"canonical\" href=\"https:\/\/probelle.com.br\/es\/produto\/creme-para-pentear-crespo-agua-de-coco-800ml\/\" \/>\n<meta property=\"og:locale\" content=\"es_ES\" \/>\n<meta property=\"og:type\" content=\"article\" \/>\n<meta property=\"og:title\" content=\"Creme para Pentear Crespo \u00c1gua de Coco 800mL\" \/>\n<meta property=\"og:description\" content=\"Creme para Pentear Crespo \u00c1gua de Coco, hidrata\u00e7\u00e3o, modelagem, desembara\u00e7o, facilita\u00e7\u00e3o do penteado, defini\u00e7\u00e3o, controle do frizz, \u00e1gua de coco, \u00f3leo de mamona, \u00f3leo de coco, cabelos crespos, outros tipos de cabelo\" \/>\n<meta property=\"og:url\" content=\"https:\/\/probelle.com.br\/es\/produto\/creme-para-pentear-crespo-agua-de-coco-800ml\/\" \/>\n<meta property=\"og:site_name\" content=\"Probelle Cosm\u00e9ticos\" \/>\n<meta property=\"article:publisher\" content=\"https:\/\/www.facebook.com\/probelle\/\" \/>\n<meta property=\"article:modified_time\" content=\"2024-07-03T14:02:23+00:00\" \/>\n<meta property=\"og:image\" content=\"https:\/\/probelle.com.br\/wp-content\/uploads\/2023\/07\/crespo-agua-de-coco-c.-pentear.jpg\" \/>\n\t<meta property=\"og:image:width\" content=\"1024\" \/>\n\t<meta property=\"og:image:height\" content=\"1024\" \/>\n\t<meta property=\"og:image:type\" content=\"image\/jpeg\" \/>\n<meta name=\"twitter:card\" content=\"summary_large_image\" \/>\n<meta name=\"twitter:label1\" content=\"Tiempo de lectura\" \/>\n\t<meta name=\"twitter:data1\" content=\"1 minuto\" \/>\n<script type=\"application\/ld+json\" class=\"yoast-schema-graph\">{\"@context\":\"https:\/\/schema.org\",\"@graph\":[{\"@type\":\"WebPage\",\"@id\":\"https:\/\/probelle.com.br\/es\/produto\/creme-para-pentear-crespo-agua-de-coco-800ml\/\",\"url\":\"https:\/\/probelle.com.br\/es\/produto\/creme-para-pentear-crespo-agua-de-coco-800ml\/\",\"name\":\"Creme para Pentear Crespo \u00c1gua de Coco 800mL ~ Probelle Cosm\u00e9ticos\",\"isPartOf\":{\"@id\":\"https:\/\/probelle.com.br\/es\/#website\"},\"primaryImageOfPage\":{\"@id\":\"https:\/\/probelle.com.br\/es\/produto\/creme-para-pentear-crespo-agua-de-coco-800ml\/#primaryimage\"},\"image\":{\"@id\":\"https:\/\/probelle.com.br\/es\/produto\/creme-para-pentear-crespo-agua-de-coco-800ml\/#primaryimage\"},\"thumbnailUrl\":\"https:\/\/probelle.com.br\/wp-content\/uploads\/2023\/07\/crespo-agua-de-coco-c.-pentear.jpg\",\"datePublished\":\"2023-07-28T17:36:04+00:00\",\"dateModified\":\"2024-07-03T14:02:23+00:00\",\"description\":\"Creme para Pentear Crespo \u00c1gua de Coco, hidrata\u00e7\u00e3o, modelagem, desembara\u00e7o, facilita\u00e7\u00e3o do penteado, defini\u00e7\u00e3o, controle do frizz, \u00e1gua de coco, \u00f3leo de mamona, \u00f3leo de coco, cabelos crespos, outros tipos de cabelo\",\"breadcrumb\":{\"@id\":\"https:\/\/probelle.com.br\/es\/produto\/creme-para-pentear-crespo-agua-de-coco-800ml\/#breadcrumb\"},\"inLanguage\":\"es\",\"potentialAction\":[{\"@type\":\"ReadAction\",\"target\":[\"https:\/\/probelle.com.br\/es\/produto\/creme-para-pentear-crespo-agua-de-coco-800ml\/\"]}]},{\"@type\":\"ImageObject\",\"inLanguage\":\"es\",\"@id\":\"https:\/\/probelle.com.br\/es\/produto\/creme-para-pentear-crespo-agua-de-coco-800ml\/#primaryimage\",\"url\":\"https:\/\/probelle.com.br\/wp-content\/uploads\/2023\/07\/crespo-agua-de-coco-c.-pentear.jpg\",\"contentUrl\":\"https:\/\/probelle.com.br\/wp-content\/uploads\/2023\/07\/crespo-agua-de-coco-c.-pentear.jpg\",\"width\":1024,\"height\":1024},{\"@type\":\"BreadcrumbList\",\"@id\":\"https:\/\/probelle.com.br\/es\/produto\/creme-para-pentear-crespo-agua-de-coco-800ml\/#breadcrumb\",\"itemListElement\":[{\"@type\":\"ListItem\",\"position\":1,\"name\":\"Home\",\"item\":\"https:\/\/probelle.com.br\/es\/\"},{\"@type\":\"ListItem\",\"position\":2,\"name\":\"Loja\",\"item\":\"https:\/\/probelle.com.br\/loja\/\"},{\"@type\":\"ListItem\",\"position\":3,\"name\":\"Creme para Pentear Crespo \u00c1gua de Coco 800mL\"}]},{\"@type\":\"WebSite\",\"@id\":\"https:\/\/probelle.com.br\/es\/#website\",\"url\":\"https:\/\/probelle.com.br\/es\/\",\"name\":\"Probelle Cosm\u00e9ticos\",\"description\":\"Todo mundo tem em casa.\",\"publisher\":{\"@id\":\"https:\/\/probelle.com.br\/es\/#organization\"},\"potentialAction\":[{\"@type\":\"SearchAction\",\"target\":{\"@type\":\"EntryPoint\",\"urlTemplate\":\"https:\/\/probelle.com.br\/es\/?s={search_term_string}\"},\"query-input\":{\"@type\":\"PropertyValueSpecification\",\"valueRequired\":true,\"valueName\":\"search_term_string\"}}],\"inLanguage\":\"es\"},{\"@type\":\"Organization\",\"@id\":\"https:\/\/probelle.com.br\/es\/#organization\",\"name\":\"Probelle Cosm\u00e9ticos\",\"url\":\"https:\/\/probelle.com.br\/es\/\",\"logo\":{\"@type\":\"ImageObject\",\"inLanguage\":\"es\",\"@id\":\"https:\/\/probelle.com.br\/es\/#\/schema\/logo\/image\/\",\"url\":\"https:\/\/probelle.com.br\/wp-content\/uploads\/2022\/08\/Para-o-sitee.jpg\",\"contentUrl\":\"https:\/\/probelle.com.br\/wp-content\/uploads\/2022\/08\/Para-o-sitee.jpg\",\"width\":1000,\"height\":750,\"caption\":\"Probelle Cosm\u00e9ticos\"},\"image\":{\"@id\":\"https:\/\/probelle.com.br\/es\/#\/schema\/logo\/image\/\"},\"sameAs\":[\"https:\/\/www.facebook.com\/probelle\/\",\"https:\/\/www.instagram.com\/probellecosmeticos\/\",\"https:\/\/www.youtube.com\/c\/ProbelleCosm\u00e9ticos\/\",\"https:\/\/br.linkedin.com\/company\/probellecosmeticos\",\"https:\/\/br.pinterest.com\/probellecosmeticos\/\"]}]}<\/script>\n<!-- \/ Yoast SEO Premium plugin. -->","yoast_head_json":{"title":"Creme para Pentear Crespo \u00c1gua de Coco 800mL ~ Probelle Cosm\u00e9ticos","description":"Creme para Pentear Crespo \u00c1gua de Coco, hidrata\u00e7\u00e3o, modelagem, desembara\u00e7o, facilita\u00e7\u00e3o do penteado, defini\u00e7\u00e3o, controle do frizz, \u00e1gua de coco, \u00f3leo de mamona, \u00f3leo de coco, cabelos crespos, outros tipos de cabelo","robots":{"index":"index","follow":"follow","max-snippet":"max-snippet:-1","max-image-preview":"max-image-preview:large","max-video-preview":"max-video-preview:-1"},"canonical":"https:\/\/probelle.com.br\/es\/produto\/creme-para-pentear-crespo-agua-de-coco-800ml\/","og_locale":"es_ES","og_type":"article","og_title":"Creme para Pentear Crespo \u00c1gua de Coco 800mL","og_description":"Creme para Pentear Crespo \u00c1gua de Coco, hidrata\u00e7\u00e3o, modelagem, desembara\u00e7o, facilita\u00e7\u00e3o do penteado, defini\u00e7\u00e3o, controle do frizz, \u00e1gua de coco, \u00f3leo de mamona, \u00f3leo de coco, cabelos crespos, outros tipos de cabelo","og_url":"https:\/\/probelle.com.br\/es\/produto\/creme-para-pentear-crespo-agua-de-coco-800ml\/","og_site_name":"Probelle Cosm\u00e9ticos","article_publisher":"https:\/\/www.facebook.com\/probelle\/","article_modified_time":"2024-07-03T14:02:23+00:00","og_image":[{"width":1024,"height":1024,"url":"https:\/\/probelle.com.br\/wp-content\/uploads\/2023\/07\/crespo-agua-de-coco-c.-pentear.jpg","type":"image\/jpeg"}],"twitter_card":"summary_large_image","twitter_misc":{"Tiempo de lectura":"1 minuto"},"schema":{"@context":"https:\/\/schema.org","@graph":[{"@type":"WebPage","@id":"https:\/\/probelle.com.br\/es\/produto\/creme-para-pentear-crespo-agua-de-coco-800ml\/","url":"https:\/\/probelle.com.br\/es\/produto\/creme-para-pentear-crespo-agua-de-coco-800ml\/","name":"Creme para Pentear Crespo \u00c1gua de Coco 800mL ~ Probelle Cosm\u00e9ticos","isPartOf":{"@id":"https:\/\/probelle.com.br\/es\/#website"},"primaryImageOfPage":{"@id":"https:\/\/probelle.com.br\/es\/produto\/creme-para-pentear-crespo-agua-de-coco-800ml\/#primaryimage"},"image":{"@id":"https:\/\/probelle.com.br\/es\/produto\/creme-para-pentear-crespo-agua-de-coco-800ml\/#primaryimage"},"thumbnailUrl":"https:\/\/probelle.com.br\/wp-content\/uploads\/2023\/07\/crespo-agua-de-coco-c.-pentear.jpg","datePublished":"2023-07-28T17:36:04+00:00","dateModified":"2024-07-03T14:02:23+00:00","description":"Creme para Pentear Crespo \u00c1gua de Coco, hidrata\u00e7\u00e3o, modelagem, desembara\u00e7o, facilita\u00e7\u00e3o do penteado, defini\u00e7\u00e3o, controle do frizz, \u00e1gua de coco, \u00f3leo de mamona, \u00f3leo de coco, cabelos crespos, outros tipos de cabelo","breadcrumb":{"@id":"https:\/\/probelle.com.br\/es\/produto\/creme-para-pentear-crespo-agua-de-coco-800ml\/#breadcrumb"},"inLanguage":"es","potentialAction":[{"@type":"ReadAction","target":["https:\/\/probelle.com.br\/es\/produto\/creme-para-pentear-crespo-agua-de-coco-800ml\/"]}]},{"@type":"ImageObject","inLanguage":"es","@id":"https:\/\/probelle.com.br\/es\/produto\/creme-para-pentear-crespo-agua-de-coco-800ml\/#primaryimage","url":"https:\/\/probelle.com.br\/wp-content\/uploads\/2023\/07\/crespo-agua-de-coco-c.-pentear.jpg","contentUrl":"https:\/\/probelle.com.br\/wp-content\/uploads\/2023\/07\/crespo-agua-de-coco-c.-pentear.jpg","width":1024,"height":1024},{"@type":"BreadcrumbList","@id":"https:\/\/probelle.com.br\/es\/produto\/creme-para-pentear-crespo-agua-de-coco-800ml\/#breadcrumb","itemListElement":[{"@type":"ListItem","position":1,"name":"Home","item":"https:\/\/probelle.com.br\/es\/"},{"@type":"ListItem","position":2,"name":"Loja","item":"https:\/\/probelle.com.br\/loja\/"},{"@type":"ListItem","position":3,"name":"Creme para Pentear Crespo \u00c1gua de Coco 800mL"}]},{"@type":"WebSite","@id":"https:\/\/probelle.com.br\/es\/#website","url":"https:\/\/probelle.com.br\/es\/","name":"Probelle Cosm\u00e9ticos","description":"Todo mundo tem em casa.","publisher":{"@id":"https:\/\/probelle.com.br\/es\/#organization"},"potentialAction":[{"@type":"SearchAction","target":{"@type":"EntryPoint","urlTemplate":"https:\/\/probelle.com.br\/es\/?s={search_term_string}"},"query-input":{"@type":"PropertyValueSpecification","valueRequired":true,"valueName":"search_term_string"}}],"inLanguage":"es"},{"@type":"Organization","@id":"https:\/\/probelle.com.br\/es\/#organization","name":"Probelle Cosm\u00e9ticos","url":"https:\/\/probelle.com.br\/es\/","logo":{"@type":"ImageObject","inLanguage":"es","@id":"https:\/\/probelle.com.br\/es\/#\/schema\/logo\/image\/","url":"https:\/\/probelle.com.br\/wp-content\/uploads\/2022\/08\/Para-o-sitee.jpg","contentUrl":"https:\/\/probelle.com.br\/wp-content\/uploads\/2022\/08\/Para-o-sitee.jpg","width":1000,"height":750,"caption":"Probelle Cosm\u00e9ticos"},"image":{"@id":"https:\/\/probelle.com.br\/es\/#\/schema\/logo\/image\/"},"sameAs":["https:\/\/www.facebook.com\/probelle\/","https:\/\/www.instagram.com\/probellecosmeticos\/","https:\/\/www.youtube.com\/c\/ProbelleCosm\u00e9ticos\/","https:\/\/br.linkedin.com\/company\/probellecosmeticos","https:\/\/br.pinterest.com\/probellecosmeticos\/"]}]}},"_links":{"self":[{"href":"https:\/\/probelle.com.br\/es\/wp-json\/wp\/v2\/product\/23302","targetHints":{"allow":["GET"]}}],"collection":[{"href":"https:\/\/probelle.com.br\/es\/wp-json\/wp\/v2\/product"}],"about":[{"href":"https:\/\/probelle.com.br\/es\/wp-json\/wp\/v2\/types\/product"}],"wp:featuredmedia":[{"embeddable":true,"href":"https:\/\/probelle.com.br\/es\/wp-json\/wp\/v2\/media\/23942"}],"wp:attachment":[{"href":"https:\/\/probelle.com.br\/es\/wp-json\/wp\/v2\/media?parent=23302"}],"wp:term":[{"taxonomy":"product_brand","embeddable":true,"href":"https:\/\/probelle.com.br\/es\/wp-json\/wp\/v2\/product_brand?post=23302"},{"taxonomy":"product_cat","embeddable":true,"href":"https:\/\/probelle.com.br\/es\/wp-json\/wp\/v2\/product_cat?post=23302"},{"taxonomy":"product_tag","embeddable":true,"href":"https:\/\/probelle.com.br\/es\/wp-json\/wp\/v2\/product_tag?post=23302"}],"curies":[{"name":"wp","href":"https:\/\/api.w.org\/{rel}","templated":true}]}}