{"id":23300,"date":"2023-07-28T14:36:03","date_gmt":"2023-07-28T17:36:03","guid":{"rendered":"https:\/\/probelle.com.br\/produto\/gelatina-fixadora-agua-de-coco-300g\/"},"modified":"2024-07-17T04:21:25","modified_gmt":"2024-07-17T07:21:25","slug":"gelatina-fixadora-agua-de-coco-300g","status":"publish","type":"product","link":"https:\/\/probelle.com.br\/es\/produto\/gelatina-fixadora-agua-de-coco-300g\/","title":{"rendered":"Gelatina Fixadora \u00c1gua de Coco 300g"},"content":{"rendered":"<p>A Gelatina Fixadora \u00c1gua de Coco 300g \u00e9 formulada com \u00e1gua de coco, \u00f3leo de coco e concentrado de queratina. Esses ingredientes ajudam a hidratar, nutrir, proteger os fios e definir os cachos. A gelatina tamb\u00e9m ajuda a controlar o frizz e proporcionar brilho intenso.<\/p>\n","protected":false},"excerpt":{"rendered":"<p>A Gelatina Fixadora \u00c1gua de Coco 300g \u00e9 um finalizador de alto desempenho que ajuda a definir os cachos, controlar o frizz, proporcionar brilho intenso e volume.<\/p>\n","protected":false},"featured_media":23936,"template":"","meta":{"_joinchat":[]},"product_brand":[],"product_cat":[311],"product_tag":[594],"class_list":{"0":"post-23300","1":"product","2":"type-product","3":"status-publish","4":"has-post-thumbnail","6":"product_cat-super-bonita","7":"product_tag-produtos-probelle","9":"first","10":"outofstock","11":"shipping-taxable","12":"purchasable","13":"product-type-simple"},"yoast_head":"<!-- This site is optimized with the Yoast SEO Premium plugin v23.5 (Yoast SEO v26.5) - https:\/\/yoast.com\/wordpress\/plugins\/seo\/ -->\n<title>Gelatina Fixadora \u00c1gua de Coco 300g ~ Probelle Cosm\u00e9ticos<\/title>\n<meta name=\"description\" content=\"Gelatina Fixadora \u00c1gua de Coco 300g, finalizador de alto desempenho, definir cachos, controlar frizz, brilho intenso, volume, \u00e1gua de coco, \u00f3leo de coco, concentrado de queratina, cabelos secos, cabelos danificados, cabelos crespos, cabelos cacheados.\" \/>\n<meta name=\"robots\" content=\"index, follow, max-snippet:-1, max-image-preview:large, max-video-preview:-1\" \/>\n<link rel=\"canonical\" href=\"https:\/\/probelle.com.br\/es\/produto\/gelatina-fixadora-agua-de-coco-300g\/\" \/>\n<meta property=\"og:locale\" content=\"es_ES\" \/>\n<meta property=\"og:type\" content=\"article\" \/>\n<meta property=\"og:title\" content=\"Gelatina Fixadora \u00c1gua de Coco 300g\" \/>\n<meta property=\"og:description\" content=\"Gelatina Fixadora \u00c1gua de Coco 300g, finalizador de alto desempenho, definir cachos, controlar frizz, brilho intenso, volume, \u00e1gua de coco, \u00f3leo de coco, concentrado de queratina, cabelos secos, cabelos danificados, cabelos crespos, cabelos cacheados.\" \/>\n<meta property=\"og:url\" content=\"https:\/\/probelle.com.br\/es\/produto\/gelatina-fixadora-agua-de-coco-300g\/\" \/>\n<meta property=\"og:site_name\" content=\"Probelle Cosm\u00e9ticos\" \/>\n<meta property=\"article:publisher\" content=\"https:\/\/www.facebook.com\/probelle\/\" \/>\n<meta property=\"article:modified_time\" content=\"2024-07-17T07:21:25+00:00\" \/>\n<meta property=\"og:image\" content=\"https:\/\/probelle.com.br\/wp-content\/uploads\/2023\/07\/gelatina-agua-de-coco.jpg\" \/>\n\t<meta property=\"og:image:width\" content=\"1024\" \/>\n\t<meta property=\"og:image:height\" content=\"1024\" \/>\n\t<meta property=\"og:image:type\" content=\"image\/jpeg\" \/>\n<meta name=\"twitter:card\" content=\"summary_large_image\" \/>\n<meta name=\"twitter:label1\" content=\"Tiempo de lectura\" \/>\n\t<meta name=\"twitter:data1\" content=\"1 minuto\" \/>\n<script type=\"application\/ld+json\" class=\"yoast-schema-graph\">{\"@context\":\"https:\/\/schema.org\",\"@graph\":[{\"@type\":\"WebPage\",\"@id\":\"https:\/\/probelle.com.br\/es\/produto\/gelatina-fixadora-agua-de-coco-300g\/\",\"url\":\"https:\/\/probelle.com.br\/es\/produto\/gelatina-fixadora-agua-de-coco-300g\/\",\"name\":\"Gelatina Fixadora \u00c1gua de Coco 300g ~ Probelle Cosm\u00e9ticos\",\"isPartOf\":{\"@id\":\"https:\/\/probelle.com.br\/es\/#website\"},\"primaryImageOfPage\":{\"@id\":\"https:\/\/probelle.com.br\/es\/produto\/gelatina-fixadora-agua-de-coco-300g\/#primaryimage\"},\"image\":{\"@id\":\"https:\/\/probelle.com.br\/es\/produto\/gelatina-fixadora-agua-de-coco-300g\/#primaryimage\"},\"thumbnailUrl\":\"https:\/\/probelle.com.br\/wp-content\/uploads\/2023\/07\/gelatina-agua-de-coco.jpg\",\"datePublished\":\"2023-07-28T17:36:03+00:00\",\"dateModified\":\"2024-07-17T07:21:25+00:00\",\"description\":\"Gelatina Fixadora \u00c1gua de Coco 300g, finalizador de alto desempenho, definir cachos, controlar frizz, brilho intenso, volume, \u00e1gua de coco, \u00f3leo de coco, concentrado de queratina, cabelos secos, cabelos danificados, cabelos crespos, cabelos cacheados.\",\"breadcrumb\":{\"@id\":\"https:\/\/probelle.com.br\/es\/produto\/gelatina-fixadora-agua-de-coco-300g\/#breadcrumb\"},\"inLanguage\":\"es\",\"potentialAction\":[{\"@type\":\"ReadAction\",\"target\":[\"https:\/\/probelle.com.br\/es\/produto\/gelatina-fixadora-agua-de-coco-300g\/\"]}]},{\"@type\":\"ImageObject\",\"inLanguage\":\"es\",\"@id\":\"https:\/\/probelle.com.br\/es\/produto\/gelatina-fixadora-agua-de-coco-300g\/#primaryimage\",\"url\":\"https:\/\/probelle.com.br\/wp-content\/uploads\/2023\/07\/gelatina-agua-de-coco.jpg\",\"contentUrl\":\"https:\/\/probelle.com.br\/wp-content\/uploads\/2023\/07\/gelatina-agua-de-coco.jpg\",\"width\":1024,\"height\":1024},{\"@type\":\"BreadcrumbList\",\"@id\":\"https:\/\/probelle.com.br\/es\/produto\/gelatina-fixadora-agua-de-coco-300g\/#breadcrumb\",\"itemListElement\":[{\"@type\":\"ListItem\",\"position\":1,\"name\":\"Home\",\"item\":\"https:\/\/probelle.com.br\/es\/\"},{\"@type\":\"ListItem\",\"position\":2,\"name\":\"Loja\",\"item\":\"https:\/\/probelle.com.br\/loja\/\"},{\"@type\":\"ListItem\",\"position\":3,\"name\":\"Gelatina Fixadora \u00c1gua de Coco 300g\"}]},{\"@type\":\"WebSite\",\"@id\":\"https:\/\/probelle.com.br\/es\/#website\",\"url\":\"https:\/\/probelle.com.br\/es\/\",\"name\":\"Probelle Cosm\u00e9ticos\",\"description\":\"Todo mundo tem em casa.\",\"publisher\":{\"@id\":\"https:\/\/probelle.com.br\/es\/#organization\"},\"potentialAction\":[{\"@type\":\"SearchAction\",\"target\":{\"@type\":\"EntryPoint\",\"urlTemplate\":\"https:\/\/probelle.com.br\/es\/?s={search_term_string}\"},\"query-input\":{\"@type\":\"PropertyValueSpecification\",\"valueRequired\":true,\"valueName\":\"search_term_string\"}}],\"inLanguage\":\"es\"},{\"@type\":\"Organization\",\"@id\":\"https:\/\/probelle.com.br\/es\/#organization\",\"name\":\"Probelle Cosm\u00e9ticos\",\"url\":\"https:\/\/probelle.com.br\/es\/\",\"logo\":{\"@type\":\"ImageObject\",\"inLanguage\":\"es\",\"@id\":\"https:\/\/probelle.com.br\/es\/#\/schema\/logo\/image\/\",\"url\":\"https:\/\/probelle.com.br\/wp-content\/uploads\/2022\/08\/Para-o-sitee.jpg\",\"contentUrl\":\"https:\/\/probelle.com.br\/wp-content\/uploads\/2022\/08\/Para-o-sitee.jpg\",\"width\":1000,\"height\":750,\"caption\":\"Probelle Cosm\u00e9ticos\"},\"image\":{\"@id\":\"https:\/\/probelle.com.br\/es\/#\/schema\/logo\/image\/\"},\"sameAs\":[\"https:\/\/www.facebook.com\/probelle\/\",\"https:\/\/www.instagram.com\/probellecosmeticos\/\",\"https:\/\/www.youtube.com\/c\/ProbelleCosm\u00e9ticos\/\",\"https:\/\/br.linkedin.com\/company\/probellecosmeticos\",\"https:\/\/br.pinterest.com\/probellecosmeticos\/\"]}]}<\/script>\n<!-- \/ Yoast SEO Premium plugin. -->","yoast_head_json":{"title":"Gelatina Fixadora \u00c1gua de Coco 300g ~ Probelle Cosm\u00e9ticos","description":"Gelatina Fixadora \u00c1gua de Coco 300g, finalizador de alto desempenho, definir cachos, controlar frizz, brilho intenso, volume, \u00e1gua de coco, \u00f3leo de coco, concentrado de queratina, cabelos secos, cabelos danificados, cabelos crespos, cabelos cacheados.","robots":{"index":"index","follow":"follow","max-snippet":"max-snippet:-1","max-image-preview":"max-image-preview:large","max-video-preview":"max-video-preview:-1"},"canonical":"https:\/\/probelle.com.br\/es\/produto\/gelatina-fixadora-agua-de-coco-300g\/","og_locale":"es_ES","og_type":"article","og_title":"Gelatina Fixadora \u00c1gua de Coco 300g","og_description":"Gelatina Fixadora \u00c1gua de Coco 300g, finalizador de alto desempenho, definir cachos, controlar frizz, brilho intenso, volume, \u00e1gua de coco, \u00f3leo de coco, concentrado de queratina, cabelos secos, cabelos danificados, cabelos crespos, cabelos cacheados.","og_url":"https:\/\/probelle.com.br\/es\/produto\/gelatina-fixadora-agua-de-coco-300g\/","og_site_name":"Probelle Cosm\u00e9ticos","article_publisher":"https:\/\/www.facebook.com\/probelle\/","article_modified_time":"2024-07-17T07:21:25+00:00","og_image":[{"width":1024,"height":1024,"url":"https:\/\/probelle.com.br\/wp-content\/uploads\/2023\/07\/gelatina-agua-de-coco.jpg","type":"image\/jpeg"}],"twitter_card":"summary_large_image","twitter_misc":{"Tiempo de lectura":"1 minuto"},"schema":{"@context":"https:\/\/schema.org","@graph":[{"@type":"WebPage","@id":"https:\/\/probelle.com.br\/es\/produto\/gelatina-fixadora-agua-de-coco-300g\/","url":"https:\/\/probelle.com.br\/es\/produto\/gelatina-fixadora-agua-de-coco-300g\/","name":"Gelatina Fixadora \u00c1gua de Coco 300g ~ Probelle Cosm\u00e9ticos","isPartOf":{"@id":"https:\/\/probelle.com.br\/es\/#website"},"primaryImageOfPage":{"@id":"https:\/\/probelle.com.br\/es\/produto\/gelatina-fixadora-agua-de-coco-300g\/#primaryimage"},"image":{"@id":"https:\/\/probelle.com.br\/es\/produto\/gelatina-fixadora-agua-de-coco-300g\/#primaryimage"},"thumbnailUrl":"https:\/\/probelle.com.br\/wp-content\/uploads\/2023\/07\/gelatina-agua-de-coco.jpg","datePublished":"2023-07-28T17:36:03+00:00","dateModified":"2024-07-17T07:21:25+00:00","description":"Gelatina Fixadora \u00c1gua de Coco 300g, finalizador de alto desempenho, definir cachos, controlar frizz, brilho intenso, volume, \u00e1gua de coco, \u00f3leo de coco, concentrado de queratina, cabelos secos, cabelos danificados, cabelos crespos, cabelos cacheados.","breadcrumb":{"@id":"https:\/\/probelle.com.br\/es\/produto\/gelatina-fixadora-agua-de-coco-300g\/#breadcrumb"},"inLanguage":"es","potentialAction":[{"@type":"ReadAction","target":["https:\/\/probelle.com.br\/es\/produto\/gelatina-fixadora-agua-de-coco-300g\/"]}]},{"@type":"ImageObject","inLanguage":"es","@id":"https:\/\/probelle.com.br\/es\/produto\/gelatina-fixadora-agua-de-coco-300g\/#primaryimage","url":"https:\/\/probelle.com.br\/wp-content\/uploads\/2023\/07\/gelatina-agua-de-coco.jpg","contentUrl":"https:\/\/probelle.com.br\/wp-content\/uploads\/2023\/07\/gelatina-agua-de-coco.jpg","width":1024,"height":1024},{"@type":"BreadcrumbList","@id":"https:\/\/probelle.com.br\/es\/produto\/gelatina-fixadora-agua-de-coco-300g\/#breadcrumb","itemListElement":[{"@type":"ListItem","position":1,"name":"Home","item":"https:\/\/probelle.com.br\/es\/"},{"@type":"ListItem","position":2,"name":"Loja","item":"https:\/\/probelle.com.br\/loja\/"},{"@type":"ListItem","position":3,"name":"Gelatina Fixadora \u00c1gua de Coco 300g"}]},{"@type":"WebSite","@id":"https:\/\/probelle.com.br\/es\/#website","url":"https:\/\/probelle.com.br\/es\/","name":"Probelle Cosm\u00e9ticos","description":"Todo mundo tem em casa.","publisher":{"@id":"https:\/\/probelle.com.br\/es\/#organization"},"potentialAction":[{"@type":"SearchAction","target":{"@type":"EntryPoint","urlTemplate":"https:\/\/probelle.com.br\/es\/?s={search_term_string}"},"query-input":{"@type":"PropertyValueSpecification","valueRequired":true,"valueName":"search_term_string"}}],"inLanguage":"es"},{"@type":"Organization","@id":"https:\/\/probelle.com.br\/es\/#organization","name":"Probelle Cosm\u00e9ticos","url":"https:\/\/probelle.com.br\/es\/","logo":{"@type":"ImageObject","inLanguage":"es","@id":"https:\/\/probelle.com.br\/es\/#\/schema\/logo\/image\/","url":"https:\/\/probelle.com.br\/wp-content\/uploads\/2022\/08\/Para-o-sitee.jpg","contentUrl":"https:\/\/probelle.com.br\/wp-content\/uploads\/2022\/08\/Para-o-sitee.jpg","width":1000,"height":750,"caption":"Probelle Cosm\u00e9ticos"},"image":{"@id":"https:\/\/probelle.com.br\/es\/#\/schema\/logo\/image\/"},"sameAs":["https:\/\/www.facebook.com\/probelle\/","https:\/\/www.instagram.com\/probellecosmeticos\/","https:\/\/www.youtube.com\/c\/ProbelleCosm\u00e9ticos\/","https:\/\/br.linkedin.com\/company\/probellecosmeticos","https:\/\/br.pinterest.com\/probellecosmeticos\/"]}]}},"_links":{"self":[{"href":"https:\/\/probelle.com.br\/es\/wp-json\/wp\/v2\/product\/23300","targetHints":{"allow":["GET"]}}],"collection":[{"href":"https:\/\/probelle.com.br\/es\/wp-json\/wp\/v2\/product"}],"about":[{"href":"https:\/\/probelle.com.br\/es\/wp-json\/wp\/v2\/types\/product"}],"wp:featuredmedia":[{"embeddable":true,"href":"https:\/\/probelle.com.br\/es\/wp-json\/wp\/v2\/media\/23936"}],"wp:attachment":[{"href":"https:\/\/probelle.com.br\/es\/wp-json\/wp\/v2\/media?parent=23300"}],"wp:term":[{"taxonomy":"product_brand","embeddable":true,"href":"https:\/\/probelle.com.br\/es\/wp-json\/wp\/v2\/product_brand?post=23300"},{"taxonomy":"product_cat","embeddable":true,"href":"https:\/\/probelle.com.br\/es\/wp-json\/wp\/v2\/product_cat?post=23300"},{"taxonomy":"product_tag","embeddable":true,"href":"https:\/\/probelle.com.br\/es\/wp-json\/wp\/v2\/product_tag?post=23300"}],"curies":[{"name":"wp","href":"https:\/\/api.w.org\/{rel}","templated":true}]}}