{"id":23298,"date":"2023-07-28T14:36:03","date_gmt":"2023-07-28T17:36:03","guid":{"rendered":"https:\/\/probelle.com.br\/produto\/gelatina-fixadora-de-babosa-300g\/"},"modified":"2024-07-03T11:04:47","modified_gmt":"2024-07-03T14:04:47","slug":"gelatina-fixadora-de-babosa-300g","status":"publish","type":"product","link":"https:\/\/probelle.com.br\/es\/produto\/gelatina-fixadora-de-babosa-300g\/","title":{"rendered":"Gelatina Fixadora de Babosa 300g"},"content":{"rendered":"<p>A Gelatina Fixadora de Babosa 300g \u00e9 formulada com babosa, que \u00e9 um poderoso hidratante e reparador de danos. A babosa ajuda a recuperar a curvatura dos fios, resgatar de forma imediata o volume e proporcionar defini\u00e7\u00e3o profunda nos cachos. A gelatina tamb\u00e9m ajuda a controlar o frizz e proporcionar brilho intenso.<\/p>\n","protected":false},"excerpt":{"rendered":"<p>A Gelatina Fixadora de Babosa 300g \u00e9 um finalizador de alta performance que ajuda a definir os cachos, controlar o frizz e proporcionar brilho intenso aos cabelos crespos e cresp\u00edssimos.<\/p>\n","protected":false},"featured_media":23933,"template":"","meta":{"_joinchat":[]},"product_brand":[],"product_cat":[311],"product_tag":[594],"class_list":{"0":"post-23298","1":"product","2":"type-product","3":"status-publish","4":"has-post-thumbnail","6":"product_cat-super-bonita","7":"product_tag-produtos-probelle","9":"first","10":"instock","11":"shipping-taxable","12":"purchasable","13":"product-type-simple"},"yoast_head":"<!-- This site is optimized with the Yoast SEO Premium plugin v23.5 (Yoast SEO v26.5) - https:\/\/yoast.com\/wordpress\/plugins\/seo\/ -->\n<title>Gelatina Fixadora de Babosa 300g ~ Probelle Cosm\u00e9ticos<\/title>\n<meta name=\"description\" content=\"Gelatina Fixadora de Babosa 300g, finalizador de alta performance, definir cachos, controlar frizz, brilho intenso, babosa, hidrata\u00e7\u00e3o, reparador de danos, recupera\u00e7\u00e3o da curvatura dos fios, resgate de volume, defini\u00e7\u00e3o profunda, cabelos crespos e cresp\u00edssimos.\" \/>\n<meta name=\"robots\" content=\"index, follow, max-snippet:-1, max-image-preview:large, max-video-preview:-1\" \/>\n<link rel=\"canonical\" href=\"https:\/\/probelle.com.br\/es\/produto\/gelatina-fixadora-de-babosa-300g\/\" \/>\n<meta property=\"og:locale\" content=\"es_ES\" \/>\n<meta property=\"og:type\" content=\"article\" \/>\n<meta property=\"og:title\" content=\"Gelatina Fixadora de Babosa 300g\" \/>\n<meta property=\"og:description\" content=\"Gelatina Fixadora de Babosa 300g, finalizador de alta performance, definir cachos, controlar frizz, brilho intenso, babosa, hidrata\u00e7\u00e3o, reparador de danos, recupera\u00e7\u00e3o da curvatura dos fios, resgate de volume, defini\u00e7\u00e3o profunda, cabelos crespos e cresp\u00edssimos.\" \/>\n<meta property=\"og:url\" content=\"https:\/\/probelle.com.br\/es\/produto\/gelatina-fixadora-de-babosa-300g\/\" \/>\n<meta property=\"og:site_name\" content=\"Probelle Cosm\u00e9ticos\" \/>\n<meta property=\"article:publisher\" content=\"https:\/\/www.facebook.com\/probelle\/\" \/>\n<meta property=\"article:modified_time\" content=\"2024-07-03T14:04:47+00:00\" \/>\n<meta property=\"og:image\" content=\"https:\/\/probelle.com.br\/wp-content\/uploads\/2023\/07\/gelatina-babosa.jpg\" \/>\n\t<meta property=\"og:image:width\" content=\"1024\" \/>\n\t<meta property=\"og:image:height\" content=\"1024\" \/>\n\t<meta property=\"og:image:type\" content=\"image\/jpeg\" \/>\n<meta name=\"twitter:card\" content=\"summary_large_image\" \/>\n<meta name=\"twitter:label1\" content=\"Tiempo de lectura\" \/>\n\t<meta name=\"twitter:data1\" content=\"1 minuto\" \/>\n<script type=\"application\/ld+json\" class=\"yoast-schema-graph\">{\"@context\":\"https:\/\/schema.org\",\"@graph\":[{\"@type\":\"WebPage\",\"@id\":\"https:\/\/probelle.com.br\/es\/produto\/gelatina-fixadora-de-babosa-300g\/\",\"url\":\"https:\/\/probelle.com.br\/es\/produto\/gelatina-fixadora-de-babosa-300g\/\",\"name\":\"Gelatina Fixadora de Babosa 300g ~ Probelle Cosm\u00e9ticos\",\"isPartOf\":{\"@id\":\"https:\/\/probelle.com.br\/es\/#website\"},\"primaryImageOfPage\":{\"@id\":\"https:\/\/probelle.com.br\/es\/produto\/gelatina-fixadora-de-babosa-300g\/#primaryimage\"},\"image\":{\"@id\":\"https:\/\/probelle.com.br\/es\/produto\/gelatina-fixadora-de-babosa-300g\/#primaryimage\"},\"thumbnailUrl\":\"https:\/\/probelle.com.br\/wp-content\/uploads\/2023\/07\/gelatina-babosa.jpg\",\"datePublished\":\"2023-07-28T17:36:03+00:00\",\"dateModified\":\"2024-07-03T14:04:47+00:00\",\"description\":\"Gelatina Fixadora de Babosa 300g, finalizador de alta performance, definir cachos, controlar frizz, brilho intenso, babosa, hidrata\u00e7\u00e3o, reparador de danos, recupera\u00e7\u00e3o da curvatura dos fios, resgate de volume, defini\u00e7\u00e3o profunda, cabelos crespos e cresp\u00edssimos.\",\"breadcrumb\":{\"@id\":\"https:\/\/probelle.com.br\/es\/produto\/gelatina-fixadora-de-babosa-300g\/#breadcrumb\"},\"inLanguage\":\"es\",\"potentialAction\":[{\"@type\":\"ReadAction\",\"target\":[\"https:\/\/probelle.com.br\/es\/produto\/gelatina-fixadora-de-babosa-300g\/\"]}]},{\"@type\":\"ImageObject\",\"inLanguage\":\"es\",\"@id\":\"https:\/\/probelle.com.br\/es\/produto\/gelatina-fixadora-de-babosa-300g\/#primaryimage\",\"url\":\"https:\/\/probelle.com.br\/wp-content\/uploads\/2023\/07\/gelatina-babosa.jpg\",\"contentUrl\":\"https:\/\/probelle.com.br\/wp-content\/uploads\/2023\/07\/gelatina-babosa.jpg\",\"width\":1024,\"height\":1024},{\"@type\":\"BreadcrumbList\",\"@id\":\"https:\/\/probelle.com.br\/es\/produto\/gelatina-fixadora-de-babosa-300g\/#breadcrumb\",\"itemListElement\":[{\"@type\":\"ListItem\",\"position\":1,\"name\":\"Home\",\"item\":\"https:\/\/probelle.com.br\/es\/\"},{\"@type\":\"ListItem\",\"position\":2,\"name\":\"Loja\",\"item\":\"https:\/\/probelle.com.br\/loja\/\"},{\"@type\":\"ListItem\",\"position\":3,\"name\":\"Gelatina Fixadora de Babosa 300g\"}]},{\"@type\":\"WebSite\",\"@id\":\"https:\/\/probelle.com.br\/es\/#website\",\"url\":\"https:\/\/probelle.com.br\/es\/\",\"name\":\"Probelle Cosm\u00e9ticos\",\"description\":\"Todo mundo tem em casa.\",\"publisher\":{\"@id\":\"https:\/\/probelle.com.br\/es\/#organization\"},\"potentialAction\":[{\"@type\":\"SearchAction\",\"target\":{\"@type\":\"EntryPoint\",\"urlTemplate\":\"https:\/\/probelle.com.br\/es\/?s={search_term_string}\"},\"query-input\":{\"@type\":\"PropertyValueSpecification\",\"valueRequired\":true,\"valueName\":\"search_term_string\"}}],\"inLanguage\":\"es\"},{\"@type\":\"Organization\",\"@id\":\"https:\/\/probelle.com.br\/es\/#organization\",\"name\":\"Probelle Cosm\u00e9ticos\",\"url\":\"https:\/\/probelle.com.br\/es\/\",\"logo\":{\"@type\":\"ImageObject\",\"inLanguage\":\"es\",\"@id\":\"https:\/\/probelle.com.br\/es\/#\/schema\/logo\/image\/\",\"url\":\"https:\/\/probelle.com.br\/wp-content\/uploads\/2022\/08\/Para-o-sitee.jpg\",\"contentUrl\":\"https:\/\/probelle.com.br\/wp-content\/uploads\/2022\/08\/Para-o-sitee.jpg\",\"width\":1000,\"height\":750,\"caption\":\"Probelle Cosm\u00e9ticos\"},\"image\":{\"@id\":\"https:\/\/probelle.com.br\/es\/#\/schema\/logo\/image\/\"},\"sameAs\":[\"https:\/\/www.facebook.com\/probelle\/\",\"https:\/\/www.instagram.com\/probellecosmeticos\/\",\"https:\/\/www.youtube.com\/c\/ProbelleCosm\u00e9ticos\/\",\"https:\/\/br.linkedin.com\/company\/probellecosmeticos\",\"https:\/\/br.pinterest.com\/probellecosmeticos\/\"]}]}<\/script>\n<!-- \/ Yoast SEO Premium plugin. -->","yoast_head_json":{"title":"Gelatina Fixadora de Babosa 300g ~ Probelle Cosm\u00e9ticos","description":"Gelatina Fixadora de Babosa 300g, finalizador de alta performance, definir cachos, controlar frizz, brilho intenso, babosa, hidrata\u00e7\u00e3o, reparador de danos, recupera\u00e7\u00e3o da curvatura dos fios, resgate de volume, defini\u00e7\u00e3o profunda, cabelos crespos e cresp\u00edssimos.","robots":{"index":"index","follow":"follow","max-snippet":"max-snippet:-1","max-image-preview":"max-image-preview:large","max-video-preview":"max-video-preview:-1"},"canonical":"https:\/\/probelle.com.br\/es\/produto\/gelatina-fixadora-de-babosa-300g\/","og_locale":"es_ES","og_type":"article","og_title":"Gelatina Fixadora de Babosa 300g","og_description":"Gelatina Fixadora de Babosa 300g, finalizador de alta performance, definir cachos, controlar frizz, brilho intenso, babosa, hidrata\u00e7\u00e3o, reparador de danos, recupera\u00e7\u00e3o da curvatura dos fios, resgate de volume, defini\u00e7\u00e3o profunda, cabelos crespos e cresp\u00edssimos.","og_url":"https:\/\/probelle.com.br\/es\/produto\/gelatina-fixadora-de-babosa-300g\/","og_site_name":"Probelle Cosm\u00e9ticos","article_publisher":"https:\/\/www.facebook.com\/probelle\/","article_modified_time":"2024-07-03T14:04:47+00:00","og_image":[{"width":1024,"height":1024,"url":"https:\/\/probelle.com.br\/wp-content\/uploads\/2023\/07\/gelatina-babosa.jpg","type":"image\/jpeg"}],"twitter_card":"summary_large_image","twitter_misc":{"Tiempo de lectura":"1 minuto"},"schema":{"@context":"https:\/\/schema.org","@graph":[{"@type":"WebPage","@id":"https:\/\/probelle.com.br\/es\/produto\/gelatina-fixadora-de-babosa-300g\/","url":"https:\/\/probelle.com.br\/es\/produto\/gelatina-fixadora-de-babosa-300g\/","name":"Gelatina Fixadora de Babosa 300g ~ Probelle Cosm\u00e9ticos","isPartOf":{"@id":"https:\/\/probelle.com.br\/es\/#website"},"primaryImageOfPage":{"@id":"https:\/\/probelle.com.br\/es\/produto\/gelatina-fixadora-de-babosa-300g\/#primaryimage"},"image":{"@id":"https:\/\/probelle.com.br\/es\/produto\/gelatina-fixadora-de-babosa-300g\/#primaryimage"},"thumbnailUrl":"https:\/\/probelle.com.br\/wp-content\/uploads\/2023\/07\/gelatina-babosa.jpg","datePublished":"2023-07-28T17:36:03+00:00","dateModified":"2024-07-03T14:04:47+00:00","description":"Gelatina Fixadora de Babosa 300g, finalizador de alta performance, definir cachos, controlar frizz, brilho intenso, babosa, hidrata\u00e7\u00e3o, reparador de danos, recupera\u00e7\u00e3o da curvatura dos fios, resgate de volume, defini\u00e7\u00e3o profunda, cabelos crespos e cresp\u00edssimos.","breadcrumb":{"@id":"https:\/\/probelle.com.br\/es\/produto\/gelatina-fixadora-de-babosa-300g\/#breadcrumb"},"inLanguage":"es","potentialAction":[{"@type":"ReadAction","target":["https:\/\/probelle.com.br\/es\/produto\/gelatina-fixadora-de-babosa-300g\/"]}]},{"@type":"ImageObject","inLanguage":"es","@id":"https:\/\/probelle.com.br\/es\/produto\/gelatina-fixadora-de-babosa-300g\/#primaryimage","url":"https:\/\/probelle.com.br\/wp-content\/uploads\/2023\/07\/gelatina-babosa.jpg","contentUrl":"https:\/\/probelle.com.br\/wp-content\/uploads\/2023\/07\/gelatina-babosa.jpg","width":1024,"height":1024},{"@type":"BreadcrumbList","@id":"https:\/\/probelle.com.br\/es\/produto\/gelatina-fixadora-de-babosa-300g\/#breadcrumb","itemListElement":[{"@type":"ListItem","position":1,"name":"Home","item":"https:\/\/probelle.com.br\/es\/"},{"@type":"ListItem","position":2,"name":"Loja","item":"https:\/\/probelle.com.br\/loja\/"},{"@type":"ListItem","position":3,"name":"Gelatina Fixadora de Babosa 300g"}]},{"@type":"WebSite","@id":"https:\/\/probelle.com.br\/es\/#website","url":"https:\/\/probelle.com.br\/es\/","name":"Probelle Cosm\u00e9ticos","description":"Todo mundo tem em casa.","publisher":{"@id":"https:\/\/probelle.com.br\/es\/#organization"},"potentialAction":[{"@type":"SearchAction","target":{"@type":"EntryPoint","urlTemplate":"https:\/\/probelle.com.br\/es\/?s={search_term_string}"},"query-input":{"@type":"PropertyValueSpecification","valueRequired":true,"valueName":"search_term_string"}}],"inLanguage":"es"},{"@type":"Organization","@id":"https:\/\/probelle.com.br\/es\/#organization","name":"Probelle Cosm\u00e9ticos","url":"https:\/\/probelle.com.br\/es\/","logo":{"@type":"ImageObject","inLanguage":"es","@id":"https:\/\/probelle.com.br\/es\/#\/schema\/logo\/image\/","url":"https:\/\/probelle.com.br\/wp-content\/uploads\/2022\/08\/Para-o-sitee.jpg","contentUrl":"https:\/\/probelle.com.br\/wp-content\/uploads\/2022\/08\/Para-o-sitee.jpg","width":1000,"height":750,"caption":"Probelle Cosm\u00e9ticos"},"image":{"@id":"https:\/\/probelle.com.br\/es\/#\/schema\/logo\/image\/"},"sameAs":["https:\/\/www.facebook.com\/probelle\/","https:\/\/www.instagram.com\/probellecosmeticos\/","https:\/\/www.youtube.com\/c\/ProbelleCosm\u00e9ticos\/","https:\/\/br.linkedin.com\/company\/probellecosmeticos","https:\/\/br.pinterest.com\/probellecosmeticos\/"]}]}},"_links":{"self":[{"href":"https:\/\/probelle.com.br\/es\/wp-json\/wp\/v2\/product\/23298","targetHints":{"allow":["GET"]}}],"collection":[{"href":"https:\/\/probelle.com.br\/es\/wp-json\/wp\/v2\/product"}],"about":[{"href":"https:\/\/probelle.com.br\/es\/wp-json\/wp\/v2\/types\/product"}],"wp:featuredmedia":[{"embeddable":true,"href":"https:\/\/probelle.com.br\/es\/wp-json\/wp\/v2\/media\/23933"}],"wp:attachment":[{"href":"https:\/\/probelle.com.br\/es\/wp-json\/wp\/v2\/media?parent=23298"}],"wp:term":[{"taxonomy":"product_brand","embeddable":true,"href":"https:\/\/probelle.com.br\/es\/wp-json\/wp\/v2\/product_brand?post=23298"},{"taxonomy":"product_cat","embeddable":true,"href":"https:\/\/probelle.com.br\/es\/wp-json\/wp\/v2\/product_cat?post=23298"},{"taxonomy":"product_tag","embeddable":true,"href":"https:\/\/probelle.com.br\/es\/wp-json\/wp\/v2\/product_tag?post=23298"}],"curies":[{"name":"wp","href":"https:\/\/api.w.org\/{rel}","templated":true}]}}