{"id":23293,"date":"2023-07-28T14:36:02","date_gmt":"2023-07-28T17:36:02","guid":{"rendered":"https:\/\/probelle.com.br\/produto\/kit-shampoo-condicionador-450ml\/"},"modified":"2024-07-03T10:52:40","modified_gmt":"2024-07-03T13:52:40","slug":"kit-shampoo-condicionador-450ml-brilho-liso-espelhado","status":"publish","type":"product","link":"https:\/\/probelle.com.br\/es\/produto\/kit-shampoo-condicionador-450ml-brilho-liso-espelhado\/","title":{"rendered":"KIT Shampoo + Condicionador 500mL Brilho Liso Espelhado"},"content":{"rendered":"<p>Extraordin\u00e1rio Shampoo de Limpeza delicada, suave e de movimento natural, com a\u00e7\u00e3o anti-radicais livres, toque macio e incr\u00edvel efeito desembara\u00e7ante. Sua f\u00f3rmula excepcional, possui a combina\u00e7\u00e3o sin\u00e9rgica de 7 ativos de \u00faltima gera\u00e7\u00e3o para o cuidado com os cabelos lisos; que juntos promovem o alinhamento dos fios, nutri\u00e7\u00e3o profunda atrav\u00e9s da forma\u00e7\u00e3o de uma pel\u00edcula protetora em torno do fio, restaurando a apar\u00eancia saud\u00e1vel dos cabelos e proporcionando brilho luminoso natural espelhado.<\/p>\n","protected":false},"excerpt":{"rendered":"<p>Voc\u00ea merece ter um Liso com muito brilho ofuscando qualquer recalque ent\u00e3o deixa que seu brilho apare\u00e7a com a linha que cuida do seu liso Brilho Espelhado. O Kit Shampoo + Condicionador 500mL Brilho Liso Espelhado \u00e9 um produto de alta qualidade que vai ajudar voc\u00ea a manter seus cabelos lisos bonitos e saud\u00e1veis.<\/p>\n","protected":false},"featured_media":23959,"template":"","meta":{"_joinchat":[]},"product_brand":[],"product_cat":[311],"product_tag":[594],"class_list":{"0":"post-23293","1":"product","2":"type-product","3":"status-publish","4":"has-post-thumbnail","6":"product_cat-super-bonita","7":"product_tag-produtos-probelle","9":"first","10":"outofstock","11":"shipping-taxable","12":"purchasable","13":"product-type-simple"},"yoast_head":"<!-- This site is optimized with the Yoast SEO Premium plugin v23.5 (Yoast SEO v26.5) - https:\/\/yoast.com\/wordpress\/plugins\/seo\/ -->\n<title>KIT Shampoo + Condicionador 500mL Brilho Liso Espelhado ~ Probelle Cosm\u00e9ticos<\/title>\n<meta name=\"description\" content=\"Kit Shampoo + Condicionador 500mL Brilho Liso Espelhado, hidrata\u00e7\u00e3o, nutri\u00e7\u00e3o, prote\u00e7\u00e3o, alinhamento dos fios, brilho, maciez, cabelos lisos, 7 ativos de \u00faltima gera\u00e7\u00e3o, a\u00e7\u00e3o anti-radicais livres, toque macio, incr\u00edvel efeito desembara\u00e7ante, a\u00e7\u00e3o prolongadara do liso, desmaia fio antigravidade, ultra condicionante, complexo de \u00f3leos excepcionais, a\u00e7\u00e3o emoliente e reparadora dos \u00e1cidos graxos.\" \/>\n<meta name=\"robots\" content=\"index, follow, max-snippet:-1, max-image-preview:large, max-video-preview:-1\" \/>\n<link rel=\"canonical\" href=\"https:\/\/probelle.com.br\/es\/produto\/kit-shampoo-condicionador-450ml-brilho-liso-espelhado\/\" \/>\n<meta property=\"og:locale\" content=\"es_ES\" \/>\n<meta property=\"og:type\" content=\"article\" \/>\n<meta property=\"og:title\" content=\"KIT Shampoo + Condicionador 500mL Brilho Liso Espelhado\" \/>\n<meta property=\"og:description\" content=\"Kit Shampoo + Condicionador 500mL Brilho Liso Espelhado, hidrata\u00e7\u00e3o, nutri\u00e7\u00e3o, prote\u00e7\u00e3o, alinhamento dos fios, brilho, maciez, cabelos lisos, 7 ativos de \u00faltima gera\u00e7\u00e3o, a\u00e7\u00e3o anti-radicais livres, toque macio, incr\u00edvel efeito desembara\u00e7ante, a\u00e7\u00e3o prolongadara do liso, desmaia fio antigravidade, ultra condicionante, complexo de \u00f3leos excepcionais, a\u00e7\u00e3o emoliente e reparadora dos \u00e1cidos graxos.\" \/>\n<meta property=\"og:url\" content=\"https:\/\/probelle.com.br\/es\/produto\/kit-shampoo-condicionador-450ml-brilho-liso-espelhado\/\" \/>\n<meta property=\"og:site_name\" content=\"Probelle Cosm\u00e9ticos\" \/>\n<meta property=\"article:publisher\" content=\"https:\/\/www.facebook.com\/probelle\/\" \/>\n<meta property=\"article:modified_time\" content=\"2024-07-03T13:52:40+00:00\" \/>\n<meta property=\"og:image\" content=\"https:\/\/probelle.com.br\/wp-content\/uploads\/2023\/07\/kit-liso-f.jpg\" \/>\n\t<meta property=\"og:image:width\" content=\"1024\" \/>\n\t<meta property=\"og:image:height\" content=\"1024\" \/>\n\t<meta property=\"og:image:type\" content=\"image\/jpeg\" \/>\n<meta name=\"twitter:card\" content=\"summary_large_image\" \/>\n<meta name=\"twitter:label1\" content=\"Tiempo de lectura\" \/>\n\t<meta name=\"twitter:data1\" content=\"1 minuto\" \/>\n<script type=\"application\/ld+json\" class=\"yoast-schema-graph\">{\"@context\":\"https:\/\/schema.org\",\"@graph\":[{\"@type\":\"WebPage\",\"@id\":\"https:\/\/probelle.com.br\/es\/produto\/kit-shampoo-condicionador-450ml-brilho-liso-espelhado\/\",\"url\":\"https:\/\/probelle.com.br\/es\/produto\/kit-shampoo-condicionador-450ml-brilho-liso-espelhado\/\",\"name\":\"KIT Shampoo + Condicionador 500mL Brilho Liso Espelhado ~ Probelle Cosm\u00e9ticos\",\"isPartOf\":{\"@id\":\"https:\/\/probelle.com.br\/es\/#website\"},\"primaryImageOfPage\":{\"@id\":\"https:\/\/probelle.com.br\/es\/produto\/kit-shampoo-condicionador-450ml-brilho-liso-espelhado\/#primaryimage\"},\"image\":{\"@id\":\"https:\/\/probelle.com.br\/es\/produto\/kit-shampoo-condicionador-450ml-brilho-liso-espelhado\/#primaryimage\"},\"thumbnailUrl\":\"https:\/\/probelle.com.br\/wp-content\/uploads\/2023\/07\/kit-liso-f.jpg\",\"datePublished\":\"2023-07-28T17:36:02+00:00\",\"dateModified\":\"2024-07-03T13:52:40+00:00\",\"description\":\"Kit Shampoo + Condicionador 500mL Brilho Liso Espelhado, hidrata\u00e7\u00e3o, nutri\u00e7\u00e3o, prote\u00e7\u00e3o, alinhamento dos fios, brilho, maciez, cabelos lisos, 7 ativos de \u00faltima gera\u00e7\u00e3o, a\u00e7\u00e3o anti-radicais livres, toque macio, incr\u00edvel efeito desembara\u00e7ante, a\u00e7\u00e3o prolongadara do liso, desmaia fio antigravidade, ultra condicionante, complexo de \u00f3leos excepcionais, a\u00e7\u00e3o emoliente e reparadora dos \u00e1cidos graxos.\",\"breadcrumb\":{\"@id\":\"https:\/\/probelle.com.br\/es\/produto\/kit-shampoo-condicionador-450ml-brilho-liso-espelhado\/#breadcrumb\"},\"inLanguage\":\"es\",\"potentialAction\":[{\"@type\":\"ReadAction\",\"target\":[\"https:\/\/probelle.com.br\/es\/produto\/kit-shampoo-condicionador-450ml-brilho-liso-espelhado\/\"]}]},{\"@type\":\"ImageObject\",\"inLanguage\":\"es\",\"@id\":\"https:\/\/probelle.com.br\/es\/produto\/kit-shampoo-condicionador-450ml-brilho-liso-espelhado\/#primaryimage\",\"url\":\"https:\/\/probelle.com.br\/wp-content\/uploads\/2023\/07\/kit-liso-f.jpg\",\"contentUrl\":\"https:\/\/probelle.com.br\/wp-content\/uploads\/2023\/07\/kit-liso-f.jpg\",\"width\":1024,\"height\":1024},{\"@type\":\"BreadcrumbList\",\"@id\":\"https:\/\/probelle.com.br\/es\/produto\/kit-shampoo-condicionador-450ml-brilho-liso-espelhado\/#breadcrumb\",\"itemListElement\":[{\"@type\":\"ListItem\",\"position\":1,\"name\":\"Home\",\"item\":\"https:\/\/probelle.com.br\/es\/\"},{\"@type\":\"ListItem\",\"position\":2,\"name\":\"Loja\",\"item\":\"https:\/\/probelle.com.br\/loja\/\"},{\"@type\":\"ListItem\",\"position\":3,\"name\":\"KIT Shampoo + Condicionador 500mL Brilho Liso Espelhado\"}]},{\"@type\":\"WebSite\",\"@id\":\"https:\/\/probelle.com.br\/es\/#website\",\"url\":\"https:\/\/probelle.com.br\/es\/\",\"name\":\"Probelle Cosm\u00e9ticos\",\"description\":\"Todo mundo tem em casa.\",\"publisher\":{\"@id\":\"https:\/\/probelle.com.br\/es\/#organization\"},\"potentialAction\":[{\"@type\":\"SearchAction\",\"target\":{\"@type\":\"EntryPoint\",\"urlTemplate\":\"https:\/\/probelle.com.br\/es\/?s={search_term_string}\"},\"query-input\":{\"@type\":\"PropertyValueSpecification\",\"valueRequired\":true,\"valueName\":\"search_term_string\"}}],\"inLanguage\":\"es\"},{\"@type\":\"Organization\",\"@id\":\"https:\/\/probelle.com.br\/es\/#organization\",\"name\":\"Probelle Cosm\u00e9ticos\",\"url\":\"https:\/\/probelle.com.br\/es\/\",\"logo\":{\"@type\":\"ImageObject\",\"inLanguage\":\"es\",\"@id\":\"https:\/\/probelle.com.br\/es\/#\/schema\/logo\/image\/\",\"url\":\"https:\/\/probelle.com.br\/wp-content\/uploads\/2022\/08\/Para-o-sitee.jpg\",\"contentUrl\":\"https:\/\/probelle.com.br\/wp-content\/uploads\/2022\/08\/Para-o-sitee.jpg\",\"width\":1000,\"height\":750,\"caption\":\"Probelle Cosm\u00e9ticos\"},\"image\":{\"@id\":\"https:\/\/probelle.com.br\/es\/#\/schema\/logo\/image\/\"},\"sameAs\":[\"https:\/\/www.facebook.com\/probelle\/\",\"https:\/\/www.instagram.com\/probellecosmeticos\/\",\"https:\/\/www.youtube.com\/c\/ProbelleCosm\u00e9ticos\/\",\"https:\/\/br.linkedin.com\/company\/probellecosmeticos\",\"https:\/\/br.pinterest.com\/probellecosmeticos\/\"]}]}<\/script>\n<!-- \/ Yoast SEO Premium plugin. -->","yoast_head_json":{"title":"KIT Shampoo + Condicionador 500mL Brilho Liso Espelhado ~ Probelle Cosm\u00e9ticos","description":"Kit Shampoo + Condicionador 500mL Brilho Liso Espelhado, hidrata\u00e7\u00e3o, nutri\u00e7\u00e3o, prote\u00e7\u00e3o, alinhamento dos fios, brilho, maciez, cabelos lisos, 7 ativos de \u00faltima gera\u00e7\u00e3o, a\u00e7\u00e3o anti-radicais livres, toque macio, incr\u00edvel efeito desembara\u00e7ante, a\u00e7\u00e3o prolongadara do liso, desmaia fio antigravidade, ultra condicionante, complexo de \u00f3leos excepcionais, a\u00e7\u00e3o emoliente e reparadora dos \u00e1cidos graxos.","robots":{"index":"index","follow":"follow","max-snippet":"max-snippet:-1","max-image-preview":"max-image-preview:large","max-video-preview":"max-video-preview:-1"},"canonical":"https:\/\/probelle.com.br\/es\/produto\/kit-shampoo-condicionador-450ml-brilho-liso-espelhado\/","og_locale":"es_ES","og_type":"article","og_title":"KIT Shampoo + Condicionador 500mL Brilho Liso Espelhado","og_description":"Kit Shampoo + Condicionador 500mL Brilho Liso Espelhado, hidrata\u00e7\u00e3o, nutri\u00e7\u00e3o, prote\u00e7\u00e3o, alinhamento dos fios, brilho, maciez, cabelos lisos, 7 ativos de \u00faltima gera\u00e7\u00e3o, a\u00e7\u00e3o anti-radicais livres, toque macio, incr\u00edvel efeito desembara\u00e7ante, a\u00e7\u00e3o prolongadara do liso, desmaia fio antigravidade, ultra condicionante, complexo de \u00f3leos excepcionais, a\u00e7\u00e3o emoliente e reparadora dos \u00e1cidos graxos.","og_url":"https:\/\/probelle.com.br\/es\/produto\/kit-shampoo-condicionador-450ml-brilho-liso-espelhado\/","og_site_name":"Probelle Cosm\u00e9ticos","article_publisher":"https:\/\/www.facebook.com\/probelle\/","article_modified_time":"2024-07-03T13:52:40+00:00","og_image":[{"width":1024,"height":1024,"url":"https:\/\/probelle.com.br\/wp-content\/uploads\/2023\/07\/kit-liso-f.jpg","type":"image\/jpeg"}],"twitter_card":"summary_large_image","twitter_misc":{"Tiempo de lectura":"1 minuto"},"schema":{"@context":"https:\/\/schema.org","@graph":[{"@type":"WebPage","@id":"https:\/\/probelle.com.br\/es\/produto\/kit-shampoo-condicionador-450ml-brilho-liso-espelhado\/","url":"https:\/\/probelle.com.br\/es\/produto\/kit-shampoo-condicionador-450ml-brilho-liso-espelhado\/","name":"KIT Shampoo + Condicionador 500mL Brilho Liso Espelhado ~ Probelle Cosm\u00e9ticos","isPartOf":{"@id":"https:\/\/probelle.com.br\/es\/#website"},"primaryImageOfPage":{"@id":"https:\/\/probelle.com.br\/es\/produto\/kit-shampoo-condicionador-450ml-brilho-liso-espelhado\/#primaryimage"},"image":{"@id":"https:\/\/probelle.com.br\/es\/produto\/kit-shampoo-condicionador-450ml-brilho-liso-espelhado\/#primaryimage"},"thumbnailUrl":"https:\/\/probelle.com.br\/wp-content\/uploads\/2023\/07\/kit-liso-f.jpg","datePublished":"2023-07-28T17:36:02+00:00","dateModified":"2024-07-03T13:52:40+00:00","description":"Kit Shampoo + Condicionador 500mL Brilho Liso Espelhado, hidrata\u00e7\u00e3o, nutri\u00e7\u00e3o, prote\u00e7\u00e3o, alinhamento dos fios, brilho, maciez, cabelos lisos, 7 ativos de \u00faltima gera\u00e7\u00e3o, a\u00e7\u00e3o anti-radicais livres, toque macio, incr\u00edvel efeito desembara\u00e7ante, a\u00e7\u00e3o prolongadara do liso, desmaia fio antigravidade, ultra condicionante, complexo de \u00f3leos excepcionais, a\u00e7\u00e3o emoliente e reparadora dos \u00e1cidos graxos.","breadcrumb":{"@id":"https:\/\/probelle.com.br\/es\/produto\/kit-shampoo-condicionador-450ml-brilho-liso-espelhado\/#breadcrumb"},"inLanguage":"es","potentialAction":[{"@type":"ReadAction","target":["https:\/\/probelle.com.br\/es\/produto\/kit-shampoo-condicionador-450ml-brilho-liso-espelhado\/"]}]},{"@type":"ImageObject","inLanguage":"es","@id":"https:\/\/probelle.com.br\/es\/produto\/kit-shampoo-condicionador-450ml-brilho-liso-espelhado\/#primaryimage","url":"https:\/\/probelle.com.br\/wp-content\/uploads\/2023\/07\/kit-liso-f.jpg","contentUrl":"https:\/\/probelle.com.br\/wp-content\/uploads\/2023\/07\/kit-liso-f.jpg","width":1024,"height":1024},{"@type":"BreadcrumbList","@id":"https:\/\/probelle.com.br\/es\/produto\/kit-shampoo-condicionador-450ml-brilho-liso-espelhado\/#breadcrumb","itemListElement":[{"@type":"ListItem","position":1,"name":"Home","item":"https:\/\/probelle.com.br\/es\/"},{"@type":"ListItem","position":2,"name":"Loja","item":"https:\/\/probelle.com.br\/loja\/"},{"@type":"ListItem","position":3,"name":"KIT Shampoo + Condicionador 500mL Brilho Liso Espelhado"}]},{"@type":"WebSite","@id":"https:\/\/probelle.com.br\/es\/#website","url":"https:\/\/probelle.com.br\/es\/","name":"Probelle Cosm\u00e9ticos","description":"Todo mundo tem em casa.","publisher":{"@id":"https:\/\/probelle.com.br\/es\/#organization"},"potentialAction":[{"@type":"SearchAction","target":{"@type":"EntryPoint","urlTemplate":"https:\/\/probelle.com.br\/es\/?s={search_term_string}"},"query-input":{"@type":"PropertyValueSpecification","valueRequired":true,"valueName":"search_term_string"}}],"inLanguage":"es"},{"@type":"Organization","@id":"https:\/\/probelle.com.br\/es\/#organization","name":"Probelle Cosm\u00e9ticos","url":"https:\/\/probelle.com.br\/es\/","logo":{"@type":"ImageObject","inLanguage":"es","@id":"https:\/\/probelle.com.br\/es\/#\/schema\/logo\/image\/","url":"https:\/\/probelle.com.br\/wp-content\/uploads\/2022\/08\/Para-o-sitee.jpg","contentUrl":"https:\/\/probelle.com.br\/wp-content\/uploads\/2022\/08\/Para-o-sitee.jpg","width":1000,"height":750,"caption":"Probelle Cosm\u00e9ticos"},"image":{"@id":"https:\/\/probelle.com.br\/es\/#\/schema\/logo\/image\/"},"sameAs":["https:\/\/www.facebook.com\/probelle\/","https:\/\/www.instagram.com\/probellecosmeticos\/","https:\/\/www.youtube.com\/c\/ProbelleCosm\u00e9ticos\/","https:\/\/br.linkedin.com\/company\/probellecosmeticos","https:\/\/br.pinterest.com\/probellecosmeticos\/"]}]}},"_links":{"self":[{"href":"https:\/\/probelle.com.br\/es\/wp-json\/wp\/v2\/product\/23293","targetHints":{"allow":["GET"]}}],"collection":[{"href":"https:\/\/probelle.com.br\/es\/wp-json\/wp\/v2\/product"}],"about":[{"href":"https:\/\/probelle.com.br\/es\/wp-json\/wp\/v2\/types\/product"}],"wp:featuredmedia":[{"embeddable":true,"href":"https:\/\/probelle.com.br\/es\/wp-json\/wp\/v2\/media\/23959"}],"wp:attachment":[{"href":"https:\/\/probelle.com.br\/es\/wp-json\/wp\/v2\/media?parent=23293"}],"wp:term":[{"taxonomy":"product_brand","embeddable":true,"href":"https:\/\/probelle.com.br\/es\/wp-json\/wp\/v2\/product_brand?post=23293"},{"taxonomy":"product_cat","embeddable":true,"href":"https:\/\/probelle.com.br\/es\/wp-json\/wp\/v2\/product_cat?post=23293"},{"taxonomy":"product_tag","embeddable":true,"href":"https:\/\/probelle.com.br\/es\/wp-json\/wp\/v2\/product_tag?post=23293"}],"curies":[{"name":"wp","href":"https:\/\/api.w.org\/{rel}","templated":true}]}}