{"id":23291,"date":"2023-07-28T14:36:02","date_gmt":"2023-07-28T17:36:02","guid":{"rendered":"https:\/\/probelle.com.br\/produto\/pack-shampoo-condicionador-2l-2\/"},"modified":"2024-07-03T10:54:28","modified_gmt":"2024-07-03T13:54:28","slug":"pack-shampoo-condicionador-2l-cachos-dos-sonhos","status":"publish","type":"product","link":"https:\/\/probelle.com.br\/es\/produto\/pack-shampoo-condicionador-2l-cachos-dos-sonhos\/","title":{"rendered":"Pack Shampoo + Condicionador 2L Cachos dos Sonhos"},"content":{"rendered":"<p>O Pacote Shampoo + Condicionador 2L Cachos dos Sonhos \u00e9 formulado com uma combina\u00e7\u00e3o perfeita de ativos, incluindo \u00d3leo de R\u00edcino, \u00d3leo de Coco, Extrato de Bambu, Extrato de Centella Asi\u00e1tica e um Blend de 14 Amino\u00e1cidos, trabalha em harmonia para combater o ressecamento e a oleosidade excessiva na raiz.<b><\/b><\/p>\n<p><span style=\"font-size: 1rem;\">A a\u00e7\u00e3o protetora contra radicais livres mant\u00e9m seus cachos longe dos danos, enquanto a f\u00f3rmula incrivelmente desembara\u00e7ante desfaz n\u00f3s com facilidade. A nutri\u00e7\u00e3o profunda resultante deixa seus cabelos super hidratados, suaves ao toque e naturalmente brilhantes.<\/span><\/p>\n<p><span style=\"font-size: 1rem;\">Com uma f\u00f3rmula sofisticada e luxuosa, este shampoo n\u00e3o \u00e9 apenas uma limpeza &#8211; \u00e9 uma experi\u00eancia transformadora. <\/span>Experimente a maravilha do nosso Shampoo de Limpeza Delicada e Suave, o segredo para desvendar a verdadeira defini\u00e7\u00e3o dos seus cabelos ondulados 2B, 2C e cacheados 3A, 3B e 3C.<\/p>\n<p>Desperte a magia da defini\u00e7\u00e3o suprema em seus cabelos com nosso Condicionador de M\u00e1xima Defini\u00e7\u00e3o. O sonho de cabelos ondulados e cacheados perfeitamente definidos est\u00e1 ao seu alcance.<\/p>\n<p>D\u00ea vida aos seus cabelos ondulados 2B, 2C e cacheados 3A, 3B e 3C com o poder do nosso Duo de Cuidados Extraordin\u00e1rios. Revele a defini\u00e7\u00e3o, brilho e for\u00e7a que sempre desejou.<\/p>\n","protected":false},"excerpt":{"rendered":"<p>O Pacote Shampoo + Condicionador 2L Cachos dos Sonhos \u00e9 um produto de alta qualidade que vai ajudar voc\u00ea a manter seus cabelos ondulados 2B e 2C e cacheados 3A, 3B e 3C bonitos e saud\u00e1veis.<\/p>\n","protected":false},"featured_media":24696,"template":"","meta":{"_joinchat":[]},"product_brand":[],"product_cat":[339,311,602,347],"product_tag":[594],"class_list":{"0":"post-23291","1":"product","2":"type-product","3":"status-publish","4":"has-post-thumbnail","6":"product_cat-cachos-dos-sonhos-super-bonita","7":"product_cat-super-bonita","8":"product_cat-tratamento","9":"product_cat-tratamento-super-bonita","10":"product_tag-produtos-probelle","12":"first","13":"instock","14":"shipping-taxable","15":"purchasable","16":"product-type-simple"},"yoast_head":"<!-- This site is optimized with the Yoast SEO Premium plugin v23.5 (Yoast SEO v26.5) - https:\/\/yoast.com\/wordpress\/plugins\/seo\/ -->\n<title>Pack Shampoo + Condicionador 2L Cachos dos Sonhos ~ Probelle Cosm\u00e9ticos<\/title>\n<meta name=\"description\" content=\"Obtenha ondas e cachos perfeitamente definidos e fortalecidos com nosso extraordin\u00e1rio Duo de Cuidados Capilares. O Shampoo de Limpeza Delicada e Suave combate ressecamento e oleosidade, enquanto o Condicionador de M\u00e1xima Defini\u00e7\u00e3o proporciona um efeito antigravidade e hidrata\u00e7\u00e3o profunda. Transforme seu cabelo em uma jornada extraordin\u00e1ria de beleza e vitalidade!\" \/>\n<meta name=\"robots\" content=\"index, follow, max-snippet:-1, max-image-preview:large, max-video-preview:-1\" \/>\n<link rel=\"canonical\" href=\"https:\/\/probelle.com.br\/es\/produto\/pack-shampoo-condicionador-2l-cachos-dos-sonhos\/\" \/>\n<meta property=\"og:locale\" content=\"es_ES\" \/>\n<meta property=\"og:type\" content=\"article\" \/>\n<meta property=\"og:title\" content=\"Pack Shampoo + Condicionador 2L Cachos dos Sonhos\" \/>\n<meta property=\"og:description\" content=\"Obtenha ondas e cachos perfeitamente definidos e fortalecidos com nosso extraordin\u00e1rio Duo de Cuidados Capilares. O Shampoo de Limpeza Delicada e Suave combate ressecamento e oleosidade, enquanto o Condicionador de M\u00e1xima Defini\u00e7\u00e3o proporciona um efeito antigravidade e hidrata\u00e7\u00e3o profunda. Transforme seu cabelo em uma jornada extraordin\u00e1ria de beleza e vitalidade!\" \/>\n<meta property=\"og:url\" content=\"https:\/\/probelle.com.br\/es\/produto\/pack-shampoo-condicionador-2l-cachos-dos-sonhos\/\" \/>\n<meta property=\"og:site_name\" content=\"Probelle Cosm\u00e9ticos\" \/>\n<meta property=\"article:publisher\" content=\"https:\/\/www.facebook.com\/probelle\/\" \/>\n<meta property=\"article:modified_time\" content=\"2024-07-03T13:54:28+00:00\" \/>\n<meta property=\"og:image\" content=\"https:\/\/probelle.com.br\/wp-content\/uploads\/2023\/07\/kit-cachos-dos-sonhos-1.jpg\" \/>\n\t<meta property=\"og:image:width\" content=\"1024\" \/>\n\t<meta property=\"og:image:height\" content=\"1024\" \/>\n\t<meta property=\"og:image:type\" content=\"image\/jpeg\" \/>\n<meta name=\"twitter:card\" content=\"summary_large_image\" \/>\n<meta name=\"twitter:label1\" content=\"Tiempo de lectura\" \/>\n\t<meta name=\"twitter:data1\" content=\"2 minutos\" \/>\n<script type=\"application\/ld+json\" class=\"yoast-schema-graph\">{\"@context\":\"https:\/\/schema.org\",\"@graph\":[{\"@type\":\"WebPage\",\"@id\":\"https:\/\/probelle.com.br\/es\/produto\/pack-shampoo-condicionador-2l-cachos-dos-sonhos\/\",\"url\":\"https:\/\/probelle.com.br\/es\/produto\/pack-shampoo-condicionador-2l-cachos-dos-sonhos\/\",\"name\":\"Pack Shampoo + Condicionador 2L Cachos dos Sonhos ~ Probelle Cosm\u00e9ticos\",\"isPartOf\":{\"@id\":\"https:\/\/probelle.com.br\/es\/#website\"},\"primaryImageOfPage\":{\"@id\":\"https:\/\/probelle.com.br\/es\/produto\/pack-shampoo-condicionador-2l-cachos-dos-sonhos\/#primaryimage\"},\"image\":{\"@id\":\"https:\/\/probelle.com.br\/es\/produto\/pack-shampoo-condicionador-2l-cachos-dos-sonhos\/#primaryimage\"},\"thumbnailUrl\":\"https:\/\/probelle.com.br\/wp-content\/uploads\/2023\/07\/kit-cachos-dos-sonhos-1.jpg\",\"datePublished\":\"2023-07-28T17:36:02+00:00\",\"dateModified\":\"2024-07-03T13:54:28+00:00\",\"description\":\"Obtenha ondas e cachos perfeitamente definidos e fortalecidos com nosso extraordin\u00e1rio Duo de Cuidados Capilares. O Shampoo de Limpeza Delicada e Suave combate ressecamento e oleosidade, enquanto o Condicionador de M\u00e1xima Defini\u00e7\u00e3o proporciona um efeito antigravidade e hidrata\u00e7\u00e3o profunda. Transforme seu cabelo em uma jornada extraordin\u00e1ria de beleza e vitalidade!\",\"breadcrumb\":{\"@id\":\"https:\/\/probelle.com.br\/es\/produto\/pack-shampoo-condicionador-2l-cachos-dos-sonhos\/#breadcrumb\"},\"inLanguage\":\"es\",\"potentialAction\":[{\"@type\":\"ReadAction\",\"target\":[\"https:\/\/probelle.com.br\/es\/produto\/pack-shampoo-condicionador-2l-cachos-dos-sonhos\/\"]}]},{\"@type\":\"ImageObject\",\"inLanguage\":\"es\",\"@id\":\"https:\/\/probelle.com.br\/es\/produto\/pack-shampoo-condicionador-2l-cachos-dos-sonhos\/#primaryimage\",\"url\":\"https:\/\/probelle.com.br\/wp-content\/uploads\/2023\/07\/kit-cachos-dos-sonhos-1.jpg\",\"contentUrl\":\"https:\/\/probelle.com.br\/wp-content\/uploads\/2023\/07\/kit-cachos-dos-sonhos-1.jpg\",\"width\":1024,\"height\":1024,\"caption\":\"Kit Cachos dos Sonhos\"},{\"@type\":\"BreadcrumbList\",\"@id\":\"https:\/\/probelle.com.br\/es\/produto\/pack-shampoo-condicionador-2l-cachos-dos-sonhos\/#breadcrumb\",\"itemListElement\":[{\"@type\":\"ListItem\",\"position\":1,\"name\":\"Home\",\"item\":\"https:\/\/probelle.com.br\/es\/\"},{\"@type\":\"ListItem\",\"position\":2,\"name\":\"Loja\",\"item\":\"https:\/\/probelle.com.br\/loja\/\"},{\"@type\":\"ListItem\",\"position\":3,\"name\":\"Pack Shampoo + Condicionador 2L Cachos dos Sonhos\"}]},{\"@type\":\"WebSite\",\"@id\":\"https:\/\/probelle.com.br\/es\/#website\",\"url\":\"https:\/\/probelle.com.br\/es\/\",\"name\":\"Probelle Cosm\u00e9ticos\",\"description\":\"Todo mundo tem em casa.\",\"publisher\":{\"@id\":\"https:\/\/probelle.com.br\/es\/#organization\"},\"potentialAction\":[{\"@type\":\"SearchAction\",\"target\":{\"@type\":\"EntryPoint\",\"urlTemplate\":\"https:\/\/probelle.com.br\/es\/?s={search_term_string}\"},\"query-input\":{\"@type\":\"PropertyValueSpecification\",\"valueRequired\":true,\"valueName\":\"search_term_string\"}}],\"inLanguage\":\"es\"},{\"@type\":\"Organization\",\"@id\":\"https:\/\/probelle.com.br\/es\/#organization\",\"name\":\"Probelle Cosm\u00e9ticos\",\"url\":\"https:\/\/probelle.com.br\/es\/\",\"logo\":{\"@type\":\"ImageObject\",\"inLanguage\":\"es\",\"@id\":\"https:\/\/probelle.com.br\/es\/#\/schema\/logo\/image\/\",\"url\":\"https:\/\/probelle.com.br\/wp-content\/uploads\/2022\/08\/Para-o-sitee.jpg\",\"contentUrl\":\"https:\/\/probelle.com.br\/wp-content\/uploads\/2022\/08\/Para-o-sitee.jpg\",\"width\":1000,\"height\":750,\"caption\":\"Probelle Cosm\u00e9ticos\"},\"image\":{\"@id\":\"https:\/\/probelle.com.br\/es\/#\/schema\/logo\/image\/\"},\"sameAs\":[\"https:\/\/www.facebook.com\/probelle\/\",\"https:\/\/www.instagram.com\/probellecosmeticos\/\",\"https:\/\/www.youtube.com\/c\/ProbelleCosm\u00e9ticos\/\",\"https:\/\/br.linkedin.com\/company\/probellecosmeticos\",\"https:\/\/br.pinterest.com\/probellecosmeticos\/\"]}]}<\/script>\n<!-- \/ Yoast SEO Premium plugin. -->","yoast_head_json":{"title":"Pack Shampoo + Condicionador 2L Cachos dos Sonhos ~ Probelle Cosm\u00e9ticos","description":"Obtenha ondas e cachos perfeitamente definidos e fortalecidos com nosso extraordin\u00e1rio Duo de Cuidados Capilares. O Shampoo de Limpeza Delicada e Suave combate ressecamento e oleosidade, enquanto o Condicionador de M\u00e1xima Defini\u00e7\u00e3o proporciona um efeito antigravidade e hidrata\u00e7\u00e3o profunda. Transforme seu cabelo em uma jornada extraordin\u00e1ria de beleza e vitalidade!","robots":{"index":"index","follow":"follow","max-snippet":"max-snippet:-1","max-image-preview":"max-image-preview:large","max-video-preview":"max-video-preview:-1"},"canonical":"https:\/\/probelle.com.br\/es\/produto\/pack-shampoo-condicionador-2l-cachos-dos-sonhos\/","og_locale":"es_ES","og_type":"article","og_title":"Pack Shampoo + Condicionador 2L Cachos dos Sonhos","og_description":"Obtenha ondas e cachos perfeitamente definidos e fortalecidos com nosso extraordin\u00e1rio Duo de Cuidados Capilares. O Shampoo de Limpeza Delicada e Suave combate ressecamento e oleosidade, enquanto o Condicionador de M\u00e1xima Defini\u00e7\u00e3o proporciona um efeito antigravidade e hidrata\u00e7\u00e3o profunda. Transforme seu cabelo em uma jornada extraordin\u00e1ria de beleza e vitalidade!","og_url":"https:\/\/probelle.com.br\/es\/produto\/pack-shampoo-condicionador-2l-cachos-dos-sonhos\/","og_site_name":"Probelle Cosm\u00e9ticos","article_publisher":"https:\/\/www.facebook.com\/probelle\/","article_modified_time":"2024-07-03T13:54:28+00:00","og_image":[{"width":1024,"height":1024,"url":"https:\/\/probelle.com.br\/wp-content\/uploads\/2023\/07\/kit-cachos-dos-sonhos-1.jpg","type":"image\/jpeg"}],"twitter_card":"summary_large_image","twitter_misc":{"Tiempo de lectura":"2 minutos"},"schema":{"@context":"https:\/\/schema.org","@graph":[{"@type":"WebPage","@id":"https:\/\/probelle.com.br\/es\/produto\/pack-shampoo-condicionador-2l-cachos-dos-sonhos\/","url":"https:\/\/probelle.com.br\/es\/produto\/pack-shampoo-condicionador-2l-cachos-dos-sonhos\/","name":"Pack Shampoo + Condicionador 2L Cachos dos Sonhos ~ Probelle Cosm\u00e9ticos","isPartOf":{"@id":"https:\/\/probelle.com.br\/es\/#website"},"primaryImageOfPage":{"@id":"https:\/\/probelle.com.br\/es\/produto\/pack-shampoo-condicionador-2l-cachos-dos-sonhos\/#primaryimage"},"image":{"@id":"https:\/\/probelle.com.br\/es\/produto\/pack-shampoo-condicionador-2l-cachos-dos-sonhos\/#primaryimage"},"thumbnailUrl":"https:\/\/probelle.com.br\/wp-content\/uploads\/2023\/07\/kit-cachos-dos-sonhos-1.jpg","datePublished":"2023-07-28T17:36:02+00:00","dateModified":"2024-07-03T13:54:28+00:00","description":"Obtenha ondas e cachos perfeitamente definidos e fortalecidos com nosso extraordin\u00e1rio Duo de Cuidados Capilares. O Shampoo de Limpeza Delicada e Suave combate ressecamento e oleosidade, enquanto o Condicionador de M\u00e1xima Defini\u00e7\u00e3o proporciona um efeito antigravidade e hidrata\u00e7\u00e3o profunda. Transforme seu cabelo em uma jornada extraordin\u00e1ria de beleza e vitalidade!","breadcrumb":{"@id":"https:\/\/probelle.com.br\/es\/produto\/pack-shampoo-condicionador-2l-cachos-dos-sonhos\/#breadcrumb"},"inLanguage":"es","potentialAction":[{"@type":"ReadAction","target":["https:\/\/probelle.com.br\/es\/produto\/pack-shampoo-condicionador-2l-cachos-dos-sonhos\/"]}]},{"@type":"ImageObject","inLanguage":"es","@id":"https:\/\/probelle.com.br\/es\/produto\/pack-shampoo-condicionador-2l-cachos-dos-sonhos\/#primaryimage","url":"https:\/\/probelle.com.br\/wp-content\/uploads\/2023\/07\/kit-cachos-dos-sonhos-1.jpg","contentUrl":"https:\/\/probelle.com.br\/wp-content\/uploads\/2023\/07\/kit-cachos-dos-sonhos-1.jpg","width":1024,"height":1024,"caption":"Kit Cachos dos Sonhos"},{"@type":"BreadcrumbList","@id":"https:\/\/probelle.com.br\/es\/produto\/pack-shampoo-condicionador-2l-cachos-dos-sonhos\/#breadcrumb","itemListElement":[{"@type":"ListItem","position":1,"name":"Home","item":"https:\/\/probelle.com.br\/es\/"},{"@type":"ListItem","position":2,"name":"Loja","item":"https:\/\/probelle.com.br\/loja\/"},{"@type":"ListItem","position":3,"name":"Pack Shampoo + Condicionador 2L Cachos dos Sonhos"}]},{"@type":"WebSite","@id":"https:\/\/probelle.com.br\/es\/#website","url":"https:\/\/probelle.com.br\/es\/","name":"Probelle Cosm\u00e9ticos","description":"Todo mundo tem em casa.","publisher":{"@id":"https:\/\/probelle.com.br\/es\/#organization"},"potentialAction":[{"@type":"SearchAction","target":{"@type":"EntryPoint","urlTemplate":"https:\/\/probelle.com.br\/es\/?s={search_term_string}"},"query-input":{"@type":"PropertyValueSpecification","valueRequired":true,"valueName":"search_term_string"}}],"inLanguage":"es"},{"@type":"Organization","@id":"https:\/\/probelle.com.br\/es\/#organization","name":"Probelle Cosm\u00e9ticos","url":"https:\/\/probelle.com.br\/es\/","logo":{"@type":"ImageObject","inLanguage":"es","@id":"https:\/\/probelle.com.br\/es\/#\/schema\/logo\/image\/","url":"https:\/\/probelle.com.br\/wp-content\/uploads\/2022\/08\/Para-o-sitee.jpg","contentUrl":"https:\/\/probelle.com.br\/wp-content\/uploads\/2022\/08\/Para-o-sitee.jpg","width":1000,"height":750,"caption":"Probelle Cosm\u00e9ticos"},"image":{"@id":"https:\/\/probelle.com.br\/es\/#\/schema\/logo\/image\/"},"sameAs":["https:\/\/www.facebook.com\/probelle\/","https:\/\/www.instagram.com\/probellecosmeticos\/","https:\/\/www.youtube.com\/c\/ProbelleCosm\u00e9ticos\/","https:\/\/br.linkedin.com\/company\/probellecosmeticos","https:\/\/br.pinterest.com\/probellecosmeticos\/"]}]}},"_links":{"self":[{"href":"https:\/\/probelle.com.br\/es\/wp-json\/wp\/v2\/product\/23291","targetHints":{"allow":["GET"]}}],"collection":[{"href":"https:\/\/probelle.com.br\/es\/wp-json\/wp\/v2\/product"}],"about":[{"href":"https:\/\/probelle.com.br\/es\/wp-json\/wp\/v2\/types\/product"}],"wp:featuredmedia":[{"embeddable":true,"href":"https:\/\/probelle.com.br\/es\/wp-json\/wp\/v2\/media\/24696"}],"wp:attachment":[{"href":"https:\/\/probelle.com.br\/es\/wp-json\/wp\/v2\/media?parent=23291"}],"wp:term":[{"taxonomy":"product_brand","embeddable":true,"href":"https:\/\/probelle.com.br\/es\/wp-json\/wp\/v2\/product_brand?post=23291"},{"taxonomy":"product_cat","embeddable":true,"href":"https:\/\/probelle.com.br\/es\/wp-json\/wp\/v2\/product_cat?post=23291"},{"taxonomy":"product_tag","embeddable":true,"href":"https:\/\/probelle.com.br\/es\/wp-json\/wp\/v2\/product_tag?post=23291"}],"curies":[{"name":"wp","href":"https:\/\/api.w.org\/{rel}","templated":true}]}}