{"id":23276,"date":"2023-07-28T14:35:58","date_gmt":"2023-07-28T17:35:58","guid":{"rendered":"https:\/\/probelle.com.br\/?post_type=product&#038;p=23276"},"modified":"2025-02-13T10:12:38","modified_gmt":"2025-02-13T13:12:38","slug":"coloracao-perfeita","status":"publish","type":"product","link":"https:\/\/probelle.com.br\/es\/produto\/coloracao-perfeita\/","title":{"rendered":"Colora\u00e7\u00e3o Perfeita"},"content":{"rendered":"<div class=\"elementor-element elementor-element-52091620 elementor-widget elementor-widget-text-editor\" data-id=\"52091620\" data-element_type=\"widget\" data-widget_type=\"text-editor.default\">\n<div class=\"elementor-widget-container\">\n<p>PARA COLORIR SEM ACABAR COM A SA\u00daDE DOS SEUS FIOS<\/p>\n<\/div>\n<\/div>\n<div class=\"elementor-element elementor-element-6b1d8c9a elementor-widget elementor-widget-text-editor\" data-id=\"6b1d8c9a\" data-element_type=\"widget\" data-widget_type=\"text-editor.default\">\n<div class=\"elementor-widget-container\">\n<p>A nossa colora\u00e7\u00e3o Perfeita faz jus ao nome, possui elevado poder colorante e com intensa cobertura dos fios brancos, al\u00e9m de alta performance para mudan\u00e7a de cor.<\/p>\n<p>Todas as caixas possuem uma colora\u00e7\u00e3o com qualidade premium que \u00e9 refer\u00eancia de inova\u00e7\u00e3o no mercado.<\/p>\n<p>Sua f\u00f3rmula altamente luxuosa conta com o poder de seis \u00f3leos essenciais que ajudam na sa\u00fade dos fios durante o processo.<\/p>\n<\/div>\n<\/div>\n","protected":false},"excerpt":{"rendered":"<p>PARA COLORIR SEM ACABAR COM A SA\u00daDE DOS SEUS FIOS A nossa colora\u00e7\u00e3o Perfeita faz jus ao nome, possui elevado poder colorante e com intensa cobertura dos fios brancos, al\u00e9m de alta performance para mudan\u00e7a de cor. Todas as caixas possuem uma colora\u00e7\u00e3o com qualidade premium que \u00e9 refer\u00eancia de inova\u00e7\u00e3o no mercado. Sua f\u00f3rmula &hellip; <\/p>\n<p class=\"link-more\"><a href=\"https:\/\/probelle.com.br\/es\/produto\/coloracao-perfeita\/\" class=\"more-link\">Continuar leyendo<span class=\"screen-reader-text\"> \u00abColora\u00e7\u00e3o Perfeita\u00bb<\/span><\/a><\/p>\n","protected":false},"featured_media":25244,"template":"","meta":{"_joinchat":[]},"product_brand":[],"product_cat":[603],"product_tag":[594],"class_list":{"0":"post-23276","1":"product","2":"type-product","3":"status-publish","4":"has-post-thumbnail","6":"product_cat-coloracao","7":"product_tag-produtos-probelle","9":"first","10":"outofstock","11":"shipping-taxable","12":"product-type-variable","13":"has-default-attributes"},"yoast_head":"<!-- This site is optimized with the Yoast SEO Premium plugin v23.5 (Yoast SEO v26.5) - https:\/\/yoast.com\/wordpress\/plugins\/seo\/ -->\n<title>Colora\u00e7\u00e3o Perfeita ~ Probelle Cosm\u00e9ticos<\/title>\n<meta name=\"robots\" content=\"index, follow, max-snippet:-1, max-image-preview:large, max-video-preview:-1\" \/>\n<link rel=\"canonical\" href=\"https:\/\/probelle.com.br\/es\/produto\/coloracao-perfeita\/\" \/>\n<meta property=\"og:locale\" content=\"es_ES\" \/>\n<meta property=\"og:type\" content=\"article\" \/>\n<meta property=\"og:title\" content=\"Colora\u00e7\u00e3o Perfeita\" \/>\n<meta property=\"og:description\" content=\"PARA COLORIR SEM ACABAR COM A SA\u00daDE DOS SEUS FIOS A nossa colora\u00e7\u00e3o Perfeita faz jus ao nome, possui elevado poder colorante e com intensa cobertura dos fios brancos, al\u00e9m de alta performance para mudan\u00e7a de cor. Todas as caixas possuem uma colora\u00e7\u00e3o com qualidade premium que \u00e9 refer\u00eancia de inova\u00e7\u00e3o no mercado. Sua f\u00f3rmula &hellip; Continuar leyendo &quot;Colora\u00e7\u00e3o Perfeita&quot;\" \/>\n<meta property=\"og:url\" content=\"https:\/\/probelle.com.br\/es\/produto\/coloracao-perfeita\/\" \/>\n<meta property=\"og:site_name\" content=\"Probelle Cosm\u00e9ticos\" \/>\n<meta property=\"article:publisher\" content=\"https:\/\/www.facebook.com\/probelle\/\" \/>\n<meta property=\"article:modified_time\" content=\"2025-02-13T13:12:38+00:00\" \/>\n<meta property=\"og:image\" content=\"https:\/\/probelle.com.br\/wp-content\/uploads\/2023\/07\/Perfeita.jpg\" \/>\n\t<meta property=\"og:image:width\" content=\"800\" \/>\n\t<meta property=\"og:image:height\" content=\"800\" \/>\n\t<meta property=\"og:image:type\" content=\"image\/jpeg\" \/>\n<meta name=\"twitter:card\" content=\"summary_large_image\" \/>\n<meta name=\"twitter:label1\" content=\"Tiempo de lectura\" \/>\n\t<meta name=\"twitter:data1\" content=\"1 minuto\" \/>\n<script type=\"application\/ld+json\" class=\"yoast-schema-graph\">{\"@context\":\"https:\/\/schema.org\",\"@graph\":[{\"@type\":\"WebPage\",\"@id\":\"https:\/\/probelle.com.br\/es\/produto\/coloracao-perfeita\/\",\"url\":\"https:\/\/probelle.com.br\/es\/produto\/coloracao-perfeita\/\",\"name\":\"Colora\u00e7\u00e3o Perfeita ~ Probelle Cosm\u00e9ticos\",\"isPartOf\":{\"@id\":\"https:\/\/probelle.com.br\/es\/#website\"},\"primaryImageOfPage\":{\"@id\":\"https:\/\/probelle.com.br\/es\/produto\/coloracao-perfeita\/#primaryimage\"},\"image\":{\"@id\":\"https:\/\/probelle.com.br\/es\/produto\/coloracao-perfeita\/#primaryimage\"},\"thumbnailUrl\":\"https:\/\/probelle.com.br\/wp-content\/uploads\/2023\/07\/Perfeita.jpg\",\"datePublished\":\"2023-07-28T17:35:58+00:00\",\"dateModified\":\"2025-02-13T13:12:38+00:00\",\"breadcrumb\":{\"@id\":\"https:\/\/probelle.com.br\/es\/produto\/coloracao-perfeita\/#breadcrumb\"},\"inLanguage\":\"es\",\"potentialAction\":[{\"@type\":\"ReadAction\",\"target\":[\"https:\/\/probelle.com.br\/es\/produto\/coloracao-perfeita\/\"]}]},{\"@type\":\"ImageObject\",\"inLanguage\":\"es\",\"@id\":\"https:\/\/probelle.com.br\/es\/produto\/coloracao-perfeita\/#primaryimage\",\"url\":\"https:\/\/probelle.com.br\/wp-content\/uploads\/2023\/07\/Perfeita.jpg\",\"contentUrl\":\"https:\/\/probelle.com.br\/wp-content\/uploads\/2023\/07\/Perfeita.jpg\",\"width\":800,\"height\":800},{\"@type\":\"BreadcrumbList\",\"@id\":\"https:\/\/probelle.com.br\/es\/produto\/coloracao-perfeita\/#breadcrumb\",\"itemListElement\":[{\"@type\":\"ListItem\",\"position\":1,\"name\":\"Home\",\"item\":\"https:\/\/probelle.com.br\/es\/\"},{\"@type\":\"ListItem\",\"position\":2,\"name\":\"Loja\",\"item\":\"https:\/\/probelle.com.br\/loja\/\"},{\"@type\":\"ListItem\",\"position\":3,\"name\":\"Colora\u00e7\u00e3o Perfeita\"}]},{\"@type\":\"WebSite\",\"@id\":\"https:\/\/probelle.com.br\/es\/#website\",\"url\":\"https:\/\/probelle.com.br\/es\/\",\"name\":\"Probelle Cosm\u00e9ticos\",\"description\":\"Todo mundo tem em casa.\",\"publisher\":{\"@id\":\"https:\/\/probelle.com.br\/es\/#organization\"},\"potentialAction\":[{\"@type\":\"SearchAction\",\"target\":{\"@type\":\"EntryPoint\",\"urlTemplate\":\"https:\/\/probelle.com.br\/es\/?s={search_term_string}\"},\"query-input\":{\"@type\":\"PropertyValueSpecification\",\"valueRequired\":true,\"valueName\":\"search_term_string\"}}],\"inLanguage\":\"es\"},{\"@type\":\"Organization\",\"@id\":\"https:\/\/probelle.com.br\/es\/#organization\",\"name\":\"Probelle Cosm\u00e9ticos\",\"url\":\"https:\/\/probelle.com.br\/es\/\",\"logo\":{\"@type\":\"ImageObject\",\"inLanguage\":\"es\",\"@id\":\"https:\/\/probelle.com.br\/es\/#\/schema\/logo\/image\/\",\"url\":\"https:\/\/probelle.com.br\/wp-content\/uploads\/2022\/08\/Para-o-sitee.jpg\",\"contentUrl\":\"https:\/\/probelle.com.br\/wp-content\/uploads\/2022\/08\/Para-o-sitee.jpg\",\"width\":1000,\"height\":750,\"caption\":\"Probelle Cosm\u00e9ticos\"},\"image\":{\"@id\":\"https:\/\/probelle.com.br\/es\/#\/schema\/logo\/image\/\"},\"sameAs\":[\"https:\/\/www.facebook.com\/probelle\/\",\"https:\/\/www.instagram.com\/probellecosmeticos\/\",\"https:\/\/www.youtube.com\/c\/ProbelleCosm\u00e9ticos\/\",\"https:\/\/br.linkedin.com\/company\/probellecosmeticos\",\"https:\/\/br.pinterest.com\/probellecosmeticos\/\"]}]}<\/script>\n<!-- \/ Yoast SEO Premium plugin. -->","yoast_head_json":{"title":"Colora\u00e7\u00e3o Perfeita ~ Probelle Cosm\u00e9ticos","robots":{"index":"index","follow":"follow","max-snippet":"max-snippet:-1","max-image-preview":"max-image-preview:large","max-video-preview":"max-video-preview:-1"},"canonical":"https:\/\/probelle.com.br\/es\/produto\/coloracao-perfeita\/","og_locale":"es_ES","og_type":"article","og_title":"Colora\u00e7\u00e3o Perfeita","og_description":"PARA COLORIR SEM ACABAR COM A SA\u00daDE DOS SEUS FIOS A nossa colora\u00e7\u00e3o Perfeita faz jus ao nome, possui elevado poder colorante e com intensa cobertura dos fios brancos, al\u00e9m de alta performance para mudan\u00e7a de cor. Todas as caixas possuem uma colora\u00e7\u00e3o com qualidade premium que \u00e9 refer\u00eancia de inova\u00e7\u00e3o no mercado. Sua f\u00f3rmula &hellip; Continuar leyendo \"Colora\u00e7\u00e3o Perfeita\"","og_url":"https:\/\/probelle.com.br\/es\/produto\/coloracao-perfeita\/","og_site_name":"Probelle Cosm\u00e9ticos","article_publisher":"https:\/\/www.facebook.com\/probelle\/","article_modified_time":"2025-02-13T13:12:38+00:00","og_image":[{"width":800,"height":800,"url":"https:\/\/probelle.com.br\/wp-content\/uploads\/2023\/07\/Perfeita.jpg","type":"image\/jpeg"}],"twitter_card":"summary_large_image","twitter_misc":{"Tiempo de lectura":"1 minuto"},"schema":{"@context":"https:\/\/schema.org","@graph":[{"@type":"WebPage","@id":"https:\/\/probelle.com.br\/es\/produto\/coloracao-perfeita\/","url":"https:\/\/probelle.com.br\/es\/produto\/coloracao-perfeita\/","name":"Colora\u00e7\u00e3o Perfeita ~ Probelle Cosm\u00e9ticos","isPartOf":{"@id":"https:\/\/probelle.com.br\/es\/#website"},"primaryImageOfPage":{"@id":"https:\/\/probelle.com.br\/es\/produto\/coloracao-perfeita\/#primaryimage"},"image":{"@id":"https:\/\/probelle.com.br\/es\/produto\/coloracao-perfeita\/#primaryimage"},"thumbnailUrl":"https:\/\/probelle.com.br\/wp-content\/uploads\/2023\/07\/Perfeita.jpg","datePublished":"2023-07-28T17:35:58+00:00","dateModified":"2025-02-13T13:12:38+00:00","breadcrumb":{"@id":"https:\/\/probelle.com.br\/es\/produto\/coloracao-perfeita\/#breadcrumb"},"inLanguage":"es","potentialAction":[{"@type":"ReadAction","target":["https:\/\/probelle.com.br\/es\/produto\/coloracao-perfeita\/"]}]},{"@type":"ImageObject","inLanguage":"es","@id":"https:\/\/probelle.com.br\/es\/produto\/coloracao-perfeita\/#primaryimage","url":"https:\/\/probelle.com.br\/wp-content\/uploads\/2023\/07\/Perfeita.jpg","contentUrl":"https:\/\/probelle.com.br\/wp-content\/uploads\/2023\/07\/Perfeita.jpg","width":800,"height":800},{"@type":"BreadcrumbList","@id":"https:\/\/probelle.com.br\/es\/produto\/coloracao-perfeita\/#breadcrumb","itemListElement":[{"@type":"ListItem","position":1,"name":"Home","item":"https:\/\/probelle.com.br\/es\/"},{"@type":"ListItem","position":2,"name":"Loja","item":"https:\/\/probelle.com.br\/loja\/"},{"@type":"ListItem","position":3,"name":"Colora\u00e7\u00e3o Perfeita"}]},{"@type":"WebSite","@id":"https:\/\/probelle.com.br\/es\/#website","url":"https:\/\/probelle.com.br\/es\/","name":"Probelle Cosm\u00e9ticos","description":"Todo mundo tem em casa.","publisher":{"@id":"https:\/\/probelle.com.br\/es\/#organization"},"potentialAction":[{"@type":"SearchAction","target":{"@type":"EntryPoint","urlTemplate":"https:\/\/probelle.com.br\/es\/?s={search_term_string}"},"query-input":{"@type":"PropertyValueSpecification","valueRequired":true,"valueName":"search_term_string"}}],"inLanguage":"es"},{"@type":"Organization","@id":"https:\/\/probelle.com.br\/es\/#organization","name":"Probelle Cosm\u00e9ticos","url":"https:\/\/probelle.com.br\/es\/","logo":{"@type":"ImageObject","inLanguage":"es","@id":"https:\/\/probelle.com.br\/es\/#\/schema\/logo\/image\/","url":"https:\/\/probelle.com.br\/wp-content\/uploads\/2022\/08\/Para-o-sitee.jpg","contentUrl":"https:\/\/probelle.com.br\/wp-content\/uploads\/2022\/08\/Para-o-sitee.jpg","width":1000,"height":750,"caption":"Probelle Cosm\u00e9ticos"},"image":{"@id":"https:\/\/probelle.com.br\/es\/#\/schema\/logo\/image\/"},"sameAs":["https:\/\/www.facebook.com\/probelle\/","https:\/\/www.instagram.com\/probellecosmeticos\/","https:\/\/www.youtube.com\/c\/ProbelleCosm\u00e9ticos\/","https:\/\/br.linkedin.com\/company\/probellecosmeticos","https:\/\/br.pinterest.com\/probellecosmeticos\/"]}]}},"_links":{"self":[{"href":"https:\/\/probelle.com.br\/es\/wp-json\/wp\/v2\/product\/23276","targetHints":{"allow":["GET"]}}],"collection":[{"href":"https:\/\/probelle.com.br\/es\/wp-json\/wp\/v2\/product"}],"about":[{"href":"https:\/\/probelle.com.br\/es\/wp-json\/wp\/v2\/types\/product"}],"wp:featuredmedia":[{"embeddable":true,"href":"https:\/\/probelle.com.br\/es\/wp-json\/wp\/v2\/media\/25244"}],"wp:attachment":[{"href":"https:\/\/probelle.com.br\/es\/wp-json\/wp\/v2\/media?parent=23276"}],"wp:term":[{"taxonomy":"product_brand","embeddable":true,"href":"https:\/\/probelle.com.br\/es\/wp-json\/wp\/v2\/product_brand?post=23276"},{"taxonomy":"product_cat","embeddable":true,"href":"https:\/\/probelle.com.br\/es\/wp-json\/wp\/v2\/product_cat?post=23276"},{"taxonomy":"product_tag","embeddable":true,"href":"https:\/\/probelle.com.br\/es\/wp-json\/wp\/v2\/product_tag?post=23276"}],"curies":[{"name":"wp","href":"https:\/\/api.w.org\/{rel}","templated":true}]}}