{"id":23187,"date":"2023-07-28T14:35:36","date_gmt":"2023-07-28T17:35:36","guid":{"rendered":"https:\/\/probelle.com.br\/?post_type=product&#038;p=23187"},"modified":"2025-05-05T13:34:41","modified_gmt":"2025-05-05T16:34:41","slug":"coloracao-kit-super-bonita","status":"publish","type":"product","link":"https:\/\/probelle.com.br\/es\/produto\/coloracao-kit-super-bonita\/","title":{"rendered":"Colora\u00e7\u00e3o Kit Super Bonita"},"content":{"rendered":"<p>A Colora\u00e7\u00e3o Kit Super Bonita \u00e9 especialmente formulada com ingredientes que ajudam a obter uma cor de cabelo luxuosa e sofisticada, com a\u00e7\u00e3o de longa dura\u00e7\u00e3o. O produto tamb\u00e9m cont\u00e9m alta concentra\u00e7\u00e3o de ativos que ajudam a proteger os fios do ressecamento e danos, deixando-os macios, sedosos e brilhantes.<\/p>\n<p>O resultado \u00e9 uma cor de cabelo de alta qualidade, com a\u00e7\u00e3o de longa dura\u00e7\u00e3o e que protege os fios do ressecamento e danos.<\/p>\n","protected":false},"excerpt":{"rendered":"<p>A Colora\u00e7\u00e3o Kit Super Bonita \u00e9 um produto de alta qualidade que vai ajudar voc\u00ea a obter uma cor de cabelo luxuosa e sofisticada, com a\u00e7\u00e3o de longa dura\u00e7\u00e3o.<\/p>\n","protected":false},"featured_media":25219,"template":"","meta":{"_joinchat":[]},"product_brand":[],"product_cat":[603],"product_tag":[],"class_list":{"0":"post-23187","1":"product","2":"type-product","3":"status-publish","4":"has-post-thumbnail","6":"product_cat-coloracao","8":"first","9":"instock","10":"shipping-taxable","11":"product-type-external"},"yoast_head":"<!-- This site is optimized with the Yoast SEO Premium plugin v23.5 (Yoast SEO v26.5) - https:\/\/yoast.com\/wordpress\/plugins\/seo\/ -->\n<title>Colora\u00e7\u00e3o Kit Super Bonita ~ Probelle Cosm\u00e9ticos<\/title>\n<meta name=\"description\" content=\"Colora\u00e7\u00e3o Kit Super Bonita, produto para cabelos, colora\u00e7\u00e3o, alta qualidade, luxuosa, sofisticada, a\u00e7\u00e3o de longa dura\u00e7\u00e3o, prote\u00e7\u00e3o contra ressecamento e danos, maciez, sedosidade e brilho.\" \/>\n<meta name=\"robots\" content=\"index, follow, max-snippet:-1, max-image-preview:large, max-video-preview:-1\" \/>\n<link rel=\"canonical\" href=\"https:\/\/probelle.com.br\/es\/produto\/coloracao-kit-super-bonita\/\" \/>\n<meta property=\"og:locale\" content=\"es_ES\" \/>\n<meta property=\"og:type\" content=\"article\" \/>\n<meta property=\"og:title\" content=\"Colora\u00e7\u00e3o Kit Super Bonita\" \/>\n<meta property=\"og:description\" content=\"Colora\u00e7\u00e3o Kit Super Bonita, produto para cabelos, colora\u00e7\u00e3o, alta qualidade, luxuosa, sofisticada, a\u00e7\u00e3o de longa dura\u00e7\u00e3o, prote\u00e7\u00e3o contra ressecamento e danos, maciez, sedosidade e brilho.\" \/>\n<meta property=\"og:url\" content=\"https:\/\/probelle.com.br\/es\/produto\/coloracao-kit-super-bonita\/\" \/>\n<meta property=\"og:site_name\" content=\"Probelle Cosm\u00e9ticos\" \/>\n<meta property=\"article:publisher\" content=\"https:\/\/www.facebook.com\/probelle\/\" \/>\n<meta property=\"article:modified_time\" content=\"2025-05-05T16:34:41+00:00\" \/>\n<meta property=\"og:image\" content=\"https:\/\/probelle.com.br\/wp-content\/uploads\/2023\/07\/Super-Bonita.jpg\" \/>\n\t<meta property=\"og:image:width\" content=\"800\" \/>\n\t<meta property=\"og:image:height\" content=\"800\" \/>\n\t<meta property=\"og:image:type\" content=\"image\/jpeg\" \/>\n<meta name=\"twitter:card\" content=\"summary_large_image\" \/>\n<meta name=\"twitter:label1\" content=\"Tiempo de lectura\" \/>\n\t<meta name=\"twitter:data1\" content=\"1 minuto\" \/>\n<script type=\"application\/ld+json\" class=\"yoast-schema-graph\">{\"@context\":\"https:\/\/schema.org\",\"@graph\":[{\"@type\":\"WebPage\",\"@id\":\"https:\/\/probelle.com.br\/es\/produto\/coloracao-kit-super-bonita\/\",\"url\":\"https:\/\/probelle.com.br\/es\/produto\/coloracao-kit-super-bonita\/\",\"name\":\"Colora\u00e7\u00e3o Kit Super Bonita ~ Probelle Cosm\u00e9ticos\",\"isPartOf\":{\"@id\":\"https:\/\/probelle.com.br\/es\/#website\"},\"primaryImageOfPage\":{\"@id\":\"https:\/\/probelle.com.br\/es\/produto\/coloracao-kit-super-bonita\/#primaryimage\"},\"image\":{\"@id\":\"https:\/\/probelle.com.br\/es\/produto\/coloracao-kit-super-bonita\/#primaryimage\"},\"thumbnailUrl\":\"https:\/\/probelle.com.br\/wp-content\/uploads\/2023\/07\/Super-Bonita.jpg\",\"datePublished\":\"2023-07-28T17:35:36+00:00\",\"dateModified\":\"2025-05-05T16:34:41+00:00\",\"description\":\"Colora\u00e7\u00e3o Kit Super Bonita, produto para cabelos, colora\u00e7\u00e3o, alta qualidade, luxuosa, sofisticada, a\u00e7\u00e3o de longa dura\u00e7\u00e3o, prote\u00e7\u00e3o contra ressecamento e danos, maciez, sedosidade e brilho.\",\"breadcrumb\":{\"@id\":\"https:\/\/probelle.com.br\/es\/produto\/coloracao-kit-super-bonita\/#breadcrumb\"},\"inLanguage\":\"es\",\"potentialAction\":[{\"@type\":\"ReadAction\",\"target\":[\"https:\/\/probelle.com.br\/es\/produto\/coloracao-kit-super-bonita\/\"]}]},{\"@type\":\"ImageObject\",\"inLanguage\":\"es\",\"@id\":\"https:\/\/probelle.com.br\/es\/produto\/coloracao-kit-super-bonita\/#primaryimage\",\"url\":\"https:\/\/probelle.com.br\/wp-content\/uploads\/2023\/07\/Super-Bonita.jpg\",\"contentUrl\":\"https:\/\/probelle.com.br\/wp-content\/uploads\/2023\/07\/Super-Bonita.jpg\",\"width\":800,\"height\":800},{\"@type\":\"BreadcrumbList\",\"@id\":\"https:\/\/probelle.com.br\/es\/produto\/coloracao-kit-super-bonita\/#breadcrumb\",\"itemListElement\":[{\"@type\":\"ListItem\",\"position\":1,\"name\":\"Home\",\"item\":\"https:\/\/probelle.com.br\/es\/\"},{\"@type\":\"ListItem\",\"position\":2,\"name\":\"Loja\",\"item\":\"https:\/\/probelle.com.br\/loja\/\"},{\"@type\":\"ListItem\",\"position\":3,\"name\":\"Colora\u00e7\u00e3o Kit Super Bonita\"}]},{\"@type\":\"WebSite\",\"@id\":\"https:\/\/probelle.com.br\/es\/#website\",\"url\":\"https:\/\/probelle.com.br\/es\/\",\"name\":\"Probelle Cosm\u00e9ticos\",\"description\":\"Todo mundo tem em casa.\",\"publisher\":{\"@id\":\"https:\/\/probelle.com.br\/es\/#organization\"},\"potentialAction\":[{\"@type\":\"SearchAction\",\"target\":{\"@type\":\"EntryPoint\",\"urlTemplate\":\"https:\/\/probelle.com.br\/es\/?s={search_term_string}\"},\"query-input\":{\"@type\":\"PropertyValueSpecification\",\"valueRequired\":true,\"valueName\":\"search_term_string\"}}],\"inLanguage\":\"es\"},{\"@type\":\"Organization\",\"@id\":\"https:\/\/probelle.com.br\/es\/#organization\",\"name\":\"Probelle Cosm\u00e9ticos\",\"url\":\"https:\/\/probelle.com.br\/es\/\",\"logo\":{\"@type\":\"ImageObject\",\"inLanguage\":\"es\",\"@id\":\"https:\/\/probelle.com.br\/es\/#\/schema\/logo\/image\/\",\"url\":\"https:\/\/probelle.com.br\/wp-content\/uploads\/2022\/08\/Para-o-sitee.jpg\",\"contentUrl\":\"https:\/\/probelle.com.br\/wp-content\/uploads\/2022\/08\/Para-o-sitee.jpg\",\"width\":1000,\"height\":750,\"caption\":\"Probelle Cosm\u00e9ticos\"},\"image\":{\"@id\":\"https:\/\/probelle.com.br\/es\/#\/schema\/logo\/image\/\"},\"sameAs\":[\"https:\/\/www.facebook.com\/probelle\/\",\"https:\/\/www.instagram.com\/probellecosmeticos\/\",\"https:\/\/www.youtube.com\/c\/ProbelleCosm\u00e9ticos\/\",\"https:\/\/br.linkedin.com\/company\/probellecosmeticos\",\"https:\/\/br.pinterest.com\/probellecosmeticos\/\"]}]}<\/script>\n<!-- \/ Yoast SEO Premium plugin. -->","yoast_head_json":{"title":"Colora\u00e7\u00e3o Kit Super Bonita ~ Probelle Cosm\u00e9ticos","description":"Colora\u00e7\u00e3o Kit Super Bonita, produto para cabelos, colora\u00e7\u00e3o, alta qualidade, luxuosa, sofisticada, a\u00e7\u00e3o de longa dura\u00e7\u00e3o, prote\u00e7\u00e3o contra ressecamento e danos, maciez, sedosidade e brilho.","robots":{"index":"index","follow":"follow","max-snippet":"max-snippet:-1","max-image-preview":"max-image-preview:large","max-video-preview":"max-video-preview:-1"},"canonical":"https:\/\/probelle.com.br\/es\/produto\/coloracao-kit-super-bonita\/","og_locale":"es_ES","og_type":"article","og_title":"Colora\u00e7\u00e3o Kit Super Bonita","og_description":"Colora\u00e7\u00e3o Kit Super Bonita, produto para cabelos, colora\u00e7\u00e3o, alta qualidade, luxuosa, sofisticada, a\u00e7\u00e3o de longa dura\u00e7\u00e3o, prote\u00e7\u00e3o contra ressecamento e danos, maciez, sedosidade e brilho.","og_url":"https:\/\/probelle.com.br\/es\/produto\/coloracao-kit-super-bonita\/","og_site_name":"Probelle Cosm\u00e9ticos","article_publisher":"https:\/\/www.facebook.com\/probelle\/","article_modified_time":"2025-05-05T16:34:41+00:00","og_image":[{"width":800,"height":800,"url":"https:\/\/probelle.com.br\/wp-content\/uploads\/2023\/07\/Super-Bonita.jpg","type":"image\/jpeg"}],"twitter_card":"summary_large_image","twitter_misc":{"Tiempo de lectura":"1 minuto"},"schema":{"@context":"https:\/\/schema.org","@graph":[{"@type":"WebPage","@id":"https:\/\/probelle.com.br\/es\/produto\/coloracao-kit-super-bonita\/","url":"https:\/\/probelle.com.br\/es\/produto\/coloracao-kit-super-bonita\/","name":"Colora\u00e7\u00e3o Kit Super Bonita ~ Probelle Cosm\u00e9ticos","isPartOf":{"@id":"https:\/\/probelle.com.br\/es\/#website"},"primaryImageOfPage":{"@id":"https:\/\/probelle.com.br\/es\/produto\/coloracao-kit-super-bonita\/#primaryimage"},"image":{"@id":"https:\/\/probelle.com.br\/es\/produto\/coloracao-kit-super-bonita\/#primaryimage"},"thumbnailUrl":"https:\/\/probelle.com.br\/wp-content\/uploads\/2023\/07\/Super-Bonita.jpg","datePublished":"2023-07-28T17:35:36+00:00","dateModified":"2025-05-05T16:34:41+00:00","description":"Colora\u00e7\u00e3o Kit Super Bonita, produto para cabelos, colora\u00e7\u00e3o, alta qualidade, luxuosa, sofisticada, a\u00e7\u00e3o de longa dura\u00e7\u00e3o, prote\u00e7\u00e3o contra ressecamento e danos, maciez, sedosidade e brilho.","breadcrumb":{"@id":"https:\/\/probelle.com.br\/es\/produto\/coloracao-kit-super-bonita\/#breadcrumb"},"inLanguage":"es","potentialAction":[{"@type":"ReadAction","target":["https:\/\/probelle.com.br\/es\/produto\/coloracao-kit-super-bonita\/"]}]},{"@type":"ImageObject","inLanguage":"es","@id":"https:\/\/probelle.com.br\/es\/produto\/coloracao-kit-super-bonita\/#primaryimage","url":"https:\/\/probelle.com.br\/wp-content\/uploads\/2023\/07\/Super-Bonita.jpg","contentUrl":"https:\/\/probelle.com.br\/wp-content\/uploads\/2023\/07\/Super-Bonita.jpg","width":800,"height":800},{"@type":"BreadcrumbList","@id":"https:\/\/probelle.com.br\/es\/produto\/coloracao-kit-super-bonita\/#breadcrumb","itemListElement":[{"@type":"ListItem","position":1,"name":"Home","item":"https:\/\/probelle.com.br\/es\/"},{"@type":"ListItem","position":2,"name":"Loja","item":"https:\/\/probelle.com.br\/loja\/"},{"@type":"ListItem","position":3,"name":"Colora\u00e7\u00e3o Kit Super Bonita"}]},{"@type":"WebSite","@id":"https:\/\/probelle.com.br\/es\/#website","url":"https:\/\/probelle.com.br\/es\/","name":"Probelle Cosm\u00e9ticos","description":"Todo mundo tem em casa.","publisher":{"@id":"https:\/\/probelle.com.br\/es\/#organization"},"potentialAction":[{"@type":"SearchAction","target":{"@type":"EntryPoint","urlTemplate":"https:\/\/probelle.com.br\/es\/?s={search_term_string}"},"query-input":{"@type":"PropertyValueSpecification","valueRequired":true,"valueName":"search_term_string"}}],"inLanguage":"es"},{"@type":"Organization","@id":"https:\/\/probelle.com.br\/es\/#organization","name":"Probelle Cosm\u00e9ticos","url":"https:\/\/probelle.com.br\/es\/","logo":{"@type":"ImageObject","inLanguage":"es","@id":"https:\/\/probelle.com.br\/es\/#\/schema\/logo\/image\/","url":"https:\/\/probelle.com.br\/wp-content\/uploads\/2022\/08\/Para-o-sitee.jpg","contentUrl":"https:\/\/probelle.com.br\/wp-content\/uploads\/2022\/08\/Para-o-sitee.jpg","width":1000,"height":750,"caption":"Probelle Cosm\u00e9ticos"},"image":{"@id":"https:\/\/probelle.com.br\/es\/#\/schema\/logo\/image\/"},"sameAs":["https:\/\/www.facebook.com\/probelle\/","https:\/\/www.instagram.com\/probellecosmeticos\/","https:\/\/www.youtube.com\/c\/ProbelleCosm\u00e9ticos\/","https:\/\/br.linkedin.com\/company\/probellecosmeticos","https:\/\/br.pinterest.com\/probellecosmeticos\/"]}]}},"_links":{"self":[{"href":"https:\/\/probelle.com.br\/es\/wp-json\/wp\/v2\/product\/23187","targetHints":{"allow":["GET"]}}],"collection":[{"href":"https:\/\/probelle.com.br\/es\/wp-json\/wp\/v2\/product"}],"about":[{"href":"https:\/\/probelle.com.br\/es\/wp-json\/wp\/v2\/types\/product"}],"wp:featuredmedia":[{"embeddable":true,"href":"https:\/\/probelle.com.br\/es\/wp-json\/wp\/v2\/media\/25219"}],"wp:attachment":[{"href":"https:\/\/probelle.com.br\/es\/wp-json\/wp\/v2\/media?parent=23187"}],"wp:term":[{"taxonomy":"product_brand","embeddable":true,"href":"https:\/\/probelle.com.br\/es\/wp-json\/wp\/v2\/product_brand?post=23187"},{"taxonomy":"product_cat","embeddable":true,"href":"https:\/\/probelle.com.br\/es\/wp-json\/wp\/v2\/product_cat?post=23187"},{"taxonomy":"product_tag","embeddable":true,"href":"https:\/\/probelle.com.br\/es\/wp-json\/wp\/v2\/product_tag?post=23187"}],"curies":[{"name":"wp","href":"https:\/\/api.w.org\/{rel}","templated":true}]}}