{"id":23116,"date":"2023-07-28T14:35:17","date_gmt":"2023-07-28T17:35:17","guid":{"rendered":"https:\/\/probelle.com.br\/produto\/tratamento-intensivo-carga-maxima-de-queratina-brasileira-60ml\/"},"modified":"2025-02-04T14:29:51","modified_gmt":"2025-02-04T17:29:51","slug":"tratamento-intensivo-carga-maxima-de-queratina-brasileira-60ml","status":"publish","type":"product","link":"https:\/\/probelle.com.br\/es\/produto\/tratamento-intensivo-carga-maxima-de-queratina-brasileira-60ml\/","title":{"rendered":"Tratamento Intensivo Carga M\u00e1xima de Queratina Brasileira 60mL"},"content":{"rendered":"<p>O Tratamento Intensivo Carga M\u00e1xima de Queratina Brasileira 60mL \u00e9 formulado com uma combina\u00e7\u00e3o sin\u00e9rgica de queratina vegetal hidrolisada e quaternizada, vinagre de ma\u00e7\u00e3 e a Tecnologia LUNA MATRIX\u2122 SYSTEM. Esses ingredientes ajudam a reconstruir poderosamente os fios dos danos causados pelos processos qu\u00edmicos, proporcionando cabelos fortes e saud\u00e1veis com resultado imediato e de longa dura\u00e7\u00e3o.<\/p>\n","protected":false},"excerpt":{"rendered":"<p>O Tratamento Intensivo Carga M\u00e1xima de Queratina Brasileira 60mL \u00e9 um produto de alta qualidade que vai ajudar voc\u00ea a manter seus cabelos fortes e saud\u00e1veis.<\/p>\n","protected":false},"featured_media":23968,"template":"","meta":{"_joinchat":[]},"product_brand":[],"product_cat":[602],"product_tag":[594],"class_list":{"0":"post-23116","1":"product","2":"type-product","3":"status-publish","4":"has-post-thumbnail","6":"product_cat-tratamento","7":"product_tag-produtos-probelle","9":"first","10":"outofstock","11":"shipping-taxable","12":"purchasable","13":"product-type-simple"},"yoast_head":"<!-- This site is optimized with the Yoast SEO Premium plugin v23.5 (Yoast SEO v26.5) - https:\/\/yoast.com\/wordpress\/plugins\/seo\/ -->\n<title>Tratamento Intensivo Carga M\u00e1xima de Queratina Brasileira 60mL ~ Probelle Cosm\u00e9ticos<\/title>\n<meta name=\"description\" content=\"Tratamento Intensivo Carga M\u00e1xima de Queratina Brasileira 60mL, hidrata\u00e7\u00e3o, nutri\u00e7\u00e3o, prote\u00e7\u00e3o, regenera\u00e7\u00e3o proteica, fortalecimento, cabelos fortes e saud\u00e1veis, queratina vegetal hidrolisada, queratina vegetal quaternizada, vinagre de ma\u00e7\u00e3, Tecnologia LUNA MATRIX\u2122 SYSTEM, reconstru\u00e7\u00e3o dos fios, danos causados por processos qu\u00edmicos.\" \/>\n<meta name=\"robots\" content=\"index, follow, max-snippet:-1, max-image-preview:large, max-video-preview:-1\" \/>\n<link rel=\"canonical\" href=\"https:\/\/probelle.com.br\/es\/produto\/tratamento-intensivo-carga-maxima-de-queratina-brasileira-60ml\/\" \/>\n<meta property=\"og:locale\" content=\"es_ES\" \/>\n<meta property=\"og:type\" content=\"article\" \/>\n<meta property=\"og:title\" content=\"Tratamento Intensivo Carga M\u00e1xima de Queratina Brasileira 60mL\" \/>\n<meta property=\"og:description\" content=\"Tratamento Intensivo Carga M\u00e1xima de Queratina Brasileira 60mL, hidrata\u00e7\u00e3o, nutri\u00e7\u00e3o, prote\u00e7\u00e3o, regenera\u00e7\u00e3o proteica, fortalecimento, cabelos fortes e saud\u00e1veis, queratina vegetal hidrolisada, queratina vegetal quaternizada, vinagre de ma\u00e7\u00e3, Tecnologia LUNA MATRIX\u2122 SYSTEM, reconstru\u00e7\u00e3o dos fios, danos causados por processos qu\u00edmicos.\" \/>\n<meta property=\"og:url\" content=\"https:\/\/probelle.com.br\/es\/produto\/tratamento-intensivo-carga-maxima-de-queratina-brasileira-60ml\/\" \/>\n<meta property=\"og:site_name\" content=\"Probelle Cosm\u00e9ticos\" \/>\n<meta property=\"article:publisher\" content=\"https:\/\/www.facebook.com\/probelle\/\" \/>\n<meta property=\"article:modified_time\" content=\"2025-02-04T17:29:51+00:00\" \/>\n<meta property=\"og:image\" content=\"https:\/\/probelle.com.br\/wp-content\/uploads\/2023\/07\/Cartucho-e-bisnagas-png.jpg\" \/>\n\t<meta property=\"og:image:width\" content=\"1024\" \/>\n\t<meta property=\"og:image:height\" content=\"1024\" \/>\n\t<meta property=\"og:image:type\" content=\"image\/jpeg\" \/>\n<meta name=\"twitter:card\" content=\"summary_large_image\" \/>\n<meta name=\"twitter:label1\" content=\"Tiempo de lectura\" \/>\n\t<meta name=\"twitter:data1\" content=\"1 minuto\" \/>\n<script type=\"application\/ld+json\" class=\"yoast-schema-graph\">{\"@context\":\"https:\/\/schema.org\",\"@graph\":[{\"@type\":\"WebPage\",\"@id\":\"https:\/\/probelle.com.br\/es\/produto\/tratamento-intensivo-carga-maxima-de-queratina-brasileira-60ml\/\",\"url\":\"https:\/\/probelle.com.br\/es\/produto\/tratamento-intensivo-carga-maxima-de-queratina-brasileira-60ml\/\",\"name\":\"Tratamento Intensivo Carga M\u00e1xima de Queratina Brasileira 60mL ~ Probelle Cosm\u00e9ticos\",\"isPartOf\":{\"@id\":\"https:\/\/probelle.com.br\/es\/#website\"},\"primaryImageOfPage\":{\"@id\":\"https:\/\/probelle.com.br\/es\/produto\/tratamento-intensivo-carga-maxima-de-queratina-brasileira-60ml\/#primaryimage\"},\"image\":{\"@id\":\"https:\/\/probelle.com.br\/es\/produto\/tratamento-intensivo-carga-maxima-de-queratina-brasileira-60ml\/#primaryimage\"},\"thumbnailUrl\":\"https:\/\/probelle.com.br\/wp-content\/uploads\/2023\/07\/Cartucho-e-bisnagas-png.jpg\",\"datePublished\":\"2023-07-28T17:35:17+00:00\",\"dateModified\":\"2025-02-04T17:29:51+00:00\",\"description\":\"Tratamento Intensivo Carga M\u00e1xima de Queratina Brasileira 60mL, hidrata\u00e7\u00e3o, nutri\u00e7\u00e3o, prote\u00e7\u00e3o, regenera\u00e7\u00e3o proteica, fortalecimento, cabelos fortes e saud\u00e1veis, queratina vegetal hidrolisada, queratina vegetal quaternizada, vinagre de ma\u00e7\u00e3, Tecnologia LUNA MATRIX\u2122 SYSTEM, reconstru\u00e7\u00e3o dos fios, danos causados por processos qu\u00edmicos.\",\"breadcrumb\":{\"@id\":\"https:\/\/probelle.com.br\/es\/produto\/tratamento-intensivo-carga-maxima-de-queratina-brasileira-60ml\/#breadcrumb\"},\"inLanguage\":\"es\",\"potentialAction\":[{\"@type\":\"ReadAction\",\"target\":[\"https:\/\/probelle.com.br\/es\/produto\/tratamento-intensivo-carga-maxima-de-queratina-brasileira-60ml\/\"]}]},{\"@type\":\"ImageObject\",\"inLanguage\":\"es\",\"@id\":\"https:\/\/probelle.com.br\/es\/produto\/tratamento-intensivo-carga-maxima-de-queratina-brasileira-60ml\/#primaryimage\",\"url\":\"https:\/\/probelle.com.br\/wp-content\/uploads\/2023\/07\/Cartucho-e-bisnagas-png.jpg\",\"contentUrl\":\"https:\/\/probelle.com.br\/wp-content\/uploads\/2023\/07\/Cartucho-e-bisnagas-png.jpg\",\"width\":1024,\"height\":1024},{\"@type\":\"BreadcrumbList\",\"@id\":\"https:\/\/probelle.com.br\/es\/produto\/tratamento-intensivo-carga-maxima-de-queratina-brasileira-60ml\/#breadcrumb\",\"itemListElement\":[{\"@type\":\"ListItem\",\"position\":1,\"name\":\"Home\",\"item\":\"https:\/\/probelle.com.br\/es\/\"},{\"@type\":\"ListItem\",\"position\":2,\"name\":\"Loja\",\"item\":\"https:\/\/probelle.com.br\/loja\/\"},{\"@type\":\"ListItem\",\"position\":3,\"name\":\"Tratamento Intensivo Carga M\u00e1xima de Queratina Brasileira 60mL\"}]},{\"@type\":\"WebSite\",\"@id\":\"https:\/\/probelle.com.br\/es\/#website\",\"url\":\"https:\/\/probelle.com.br\/es\/\",\"name\":\"Probelle Cosm\u00e9ticos\",\"description\":\"Todo mundo tem em casa.\",\"publisher\":{\"@id\":\"https:\/\/probelle.com.br\/es\/#organization\"},\"potentialAction\":[{\"@type\":\"SearchAction\",\"target\":{\"@type\":\"EntryPoint\",\"urlTemplate\":\"https:\/\/probelle.com.br\/es\/?s={search_term_string}\"},\"query-input\":{\"@type\":\"PropertyValueSpecification\",\"valueRequired\":true,\"valueName\":\"search_term_string\"}}],\"inLanguage\":\"es\"},{\"@type\":\"Organization\",\"@id\":\"https:\/\/probelle.com.br\/es\/#organization\",\"name\":\"Probelle Cosm\u00e9ticos\",\"url\":\"https:\/\/probelle.com.br\/es\/\",\"logo\":{\"@type\":\"ImageObject\",\"inLanguage\":\"es\",\"@id\":\"https:\/\/probelle.com.br\/es\/#\/schema\/logo\/image\/\",\"url\":\"https:\/\/probelle.com.br\/wp-content\/uploads\/2022\/08\/Para-o-sitee.jpg\",\"contentUrl\":\"https:\/\/probelle.com.br\/wp-content\/uploads\/2022\/08\/Para-o-sitee.jpg\",\"width\":1000,\"height\":750,\"caption\":\"Probelle Cosm\u00e9ticos\"},\"image\":{\"@id\":\"https:\/\/probelle.com.br\/es\/#\/schema\/logo\/image\/\"},\"sameAs\":[\"https:\/\/www.facebook.com\/probelle\/\",\"https:\/\/www.instagram.com\/probellecosmeticos\/\",\"https:\/\/www.youtube.com\/c\/ProbelleCosm\u00e9ticos\/\",\"https:\/\/br.linkedin.com\/company\/probellecosmeticos\",\"https:\/\/br.pinterest.com\/probellecosmeticos\/\"]}]}<\/script>\n<!-- \/ Yoast SEO Premium plugin. -->","yoast_head_json":{"title":"Tratamento Intensivo Carga M\u00e1xima de Queratina Brasileira 60mL ~ Probelle Cosm\u00e9ticos","description":"Tratamento Intensivo Carga M\u00e1xima de Queratina Brasileira 60mL, hidrata\u00e7\u00e3o, nutri\u00e7\u00e3o, prote\u00e7\u00e3o, regenera\u00e7\u00e3o proteica, fortalecimento, cabelos fortes e saud\u00e1veis, queratina vegetal hidrolisada, queratina vegetal quaternizada, vinagre de ma\u00e7\u00e3, Tecnologia LUNA MATRIX\u2122 SYSTEM, reconstru\u00e7\u00e3o dos fios, danos causados por processos qu\u00edmicos.","robots":{"index":"index","follow":"follow","max-snippet":"max-snippet:-1","max-image-preview":"max-image-preview:large","max-video-preview":"max-video-preview:-1"},"canonical":"https:\/\/probelle.com.br\/es\/produto\/tratamento-intensivo-carga-maxima-de-queratina-brasileira-60ml\/","og_locale":"es_ES","og_type":"article","og_title":"Tratamento Intensivo Carga M\u00e1xima de Queratina Brasileira 60mL","og_description":"Tratamento Intensivo Carga M\u00e1xima de Queratina Brasileira 60mL, hidrata\u00e7\u00e3o, nutri\u00e7\u00e3o, prote\u00e7\u00e3o, regenera\u00e7\u00e3o proteica, fortalecimento, cabelos fortes e saud\u00e1veis, queratina vegetal hidrolisada, queratina vegetal quaternizada, vinagre de ma\u00e7\u00e3, Tecnologia LUNA MATRIX\u2122 SYSTEM, reconstru\u00e7\u00e3o dos fios, danos causados por processos qu\u00edmicos.","og_url":"https:\/\/probelle.com.br\/es\/produto\/tratamento-intensivo-carga-maxima-de-queratina-brasileira-60ml\/","og_site_name":"Probelle Cosm\u00e9ticos","article_publisher":"https:\/\/www.facebook.com\/probelle\/","article_modified_time":"2025-02-04T17:29:51+00:00","og_image":[{"width":1024,"height":1024,"url":"https:\/\/probelle.com.br\/wp-content\/uploads\/2023\/07\/Cartucho-e-bisnagas-png.jpg","type":"image\/jpeg"}],"twitter_card":"summary_large_image","twitter_misc":{"Tiempo de lectura":"1 minuto"},"schema":{"@context":"https:\/\/schema.org","@graph":[{"@type":"WebPage","@id":"https:\/\/probelle.com.br\/es\/produto\/tratamento-intensivo-carga-maxima-de-queratina-brasileira-60ml\/","url":"https:\/\/probelle.com.br\/es\/produto\/tratamento-intensivo-carga-maxima-de-queratina-brasileira-60ml\/","name":"Tratamento Intensivo Carga M\u00e1xima de Queratina Brasileira 60mL ~ Probelle Cosm\u00e9ticos","isPartOf":{"@id":"https:\/\/probelle.com.br\/es\/#website"},"primaryImageOfPage":{"@id":"https:\/\/probelle.com.br\/es\/produto\/tratamento-intensivo-carga-maxima-de-queratina-brasileira-60ml\/#primaryimage"},"image":{"@id":"https:\/\/probelle.com.br\/es\/produto\/tratamento-intensivo-carga-maxima-de-queratina-brasileira-60ml\/#primaryimage"},"thumbnailUrl":"https:\/\/probelle.com.br\/wp-content\/uploads\/2023\/07\/Cartucho-e-bisnagas-png.jpg","datePublished":"2023-07-28T17:35:17+00:00","dateModified":"2025-02-04T17:29:51+00:00","description":"Tratamento Intensivo Carga M\u00e1xima de Queratina Brasileira 60mL, hidrata\u00e7\u00e3o, nutri\u00e7\u00e3o, prote\u00e7\u00e3o, regenera\u00e7\u00e3o proteica, fortalecimento, cabelos fortes e saud\u00e1veis, queratina vegetal hidrolisada, queratina vegetal quaternizada, vinagre de ma\u00e7\u00e3, Tecnologia LUNA MATRIX\u2122 SYSTEM, reconstru\u00e7\u00e3o dos fios, danos causados por processos qu\u00edmicos.","breadcrumb":{"@id":"https:\/\/probelle.com.br\/es\/produto\/tratamento-intensivo-carga-maxima-de-queratina-brasileira-60ml\/#breadcrumb"},"inLanguage":"es","potentialAction":[{"@type":"ReadAction","target":["https:\/\/probelle.com.br\/es\/produto\/tratamento-intensivo-carga-maxima-de-queratina-brasileira-60ml\/"]}]},{"@type":"ImageObject","inLanguage":"es","@id":"https:\/\/probelle.com.br\/es\/produto\/tratamento-intensivo-carga-maxima-de-queratina-brasileira-60ml\/#primaryimage","url":"https:\/\/probelle.com.br\/wp-content\/uploads\/2023\/07\/Cartucho-e-bisnagas-png.jpg","contentUrl":"https:\/\/probelle.com.br\/wp-content\/uploads\/2023\/07\/Cartucho-e-bisnagas-png.jpg","width":1024,"height":1024},{"@type":"BreadcrumbList","@id":"https:\/\/probelle.com.br\/es\/produto\/tratamento-intensivo-carga-maxima-de-queratina-brasileira-60ml\/#breadcrumb","itemListElement":[{"@type":"ListItem","position":1,"name":"Home","item":"https:\/\/probelle.com.br\/es\/"},{"@type":"ListItem","position":2,"name":"Loja","item":"https:\/\/probelle.com.br\/loja\/"},{"@type":"ListItem","position":3,"name":"Tratamento Intensivo Carga M\u00e1xima de Queratina Brasileira 60mL"}]},{"@type":"WebSite","@id":"https:\/\/probelle.com.br\/es\/#website","url":"https:\/\/probelle.com.br\/es\/","name":"Probelle Cosm\u00e9ticos","description":"Todo mundo tem em casa.","publisher":{"@id":"https:\/\/probelle.com.br\/es\/#organization"},"potentialAction":[{"@type":"SearchAction","target":{"@type":"EntryPoint","urlTemplate":"https:\/\/probelle.com.br\/es\/?s={search_term_string}"},"query-input":{"@type":"PropertyValueSpecification","valueRequired":true,"valueName":"search_term_string"}}],"inLanguage":"es"},{"@type":"Organization","@id":"https:\/\/probelle.com.br\/es\/#organization","name":"Probelle Cosm\u00e9ticos","url":"https:\/\/probelle.com.br\/es\/","logo":{"@type":"ImageObject","inLanguage":"es","@id":"https:\/\/probelle.com.br\/es\/#\/schema\/logo\/image\/","url":"https:\/\/probelle.com.br\/wp-content\/uploads\/2022\/08\/Para-o-sitee.jpg","contentUrl":"https:\/\/probelle.com.br\/wp-content\/uploads\/2022\/08\/Para-o-sitee.jpg","width":1000,"height":750,"caption":"Probelle Cosm\u00e9ticos"},"image":{"@id":"https:\/\/probelle.com.br\/es\/#\/schema\/logo\/image\/"},"sameAs":["https:\/\/www.facebook.com\/probelle\/","https:\/\/www.instagram.com\/probellecosmeticos\/","https:\/\/www.youtube.com\/c\/ProbelleCosm\u00e9ticos\/","https:\/\/br.linkedin.com\/company\/probellecosmeticos","https:\/\/br.pinterest.com\/probellecosmeticos\/"]}]}},"_links":{"self":[{"href":"https:\/\/probelle.com.br\/es\/wp-json\/wp\/v2\/product\/23116","targetHints":{"allow":["GET"]}}],"collection":[{"href":"https:\/\/probelle.com.br\/es\/wp-json\/wp\/v2\/product"}],"about":[{"href":"https:\/\/probelle.com.br\/es\/wp-json\/wp\/v2\/types\/product"}],"wp:featuredmedia":[{"embeddable":true,"href":"https:\/\/probelle.com.br\/es\/wp-json\/wp\/v2\/media\/23968"}],"wp:attachment":[{"href":"https:\/\/probelle.com.br\/es\/wp-json\/wp\/v2\/media?parent=23116"}],"wp:term":[{"taxonomy":"product_brand","embeddable":true,"href":"https:\/\/probelle.com.br\/es\/wp-json\/wp\/v2\/product_brand?post=23116"},{"taxonomy":"product_cat","embeddable":true,"href":"https:\/\/probelle.com.br\/es\/wp-json\/wp\/v2\/product_cat?post=23116"},{"taxonomy":"product_tag","embeddable":true,"href":"https:\/\/probelle.com.br\/es\/wp-json\/wp\/v2\/product_tag?post=23116"}],"curies":[{"name":"wp","href":"https:\/\/api.w.org\/{rel}","templated":true}]}}