{"id":23115,"date":"2023-07-28T14:35:16","date_gmt":"2023-07-28T17:35:16","guid":{"rendered":"https:\/\/probelle.com.br\/produto\/agua-40v-900ml\/"},"modified":"2024-11-29T15:13:46","modified_gmt":"2024-11-29T18:13:46","slug":"agua-40v-900ml","status":"publish","type":"product","link":"https:\/\/probelle.com.br\/es\/produto\/agua-40v-900ml\/","title":{"rendered":"\u00c1gua 40V 900mL"},"content":{"rendered":"<p><span style=\"font-size: 1rem;\">A \u00c1gua Oxigenada 40V 900mL \u00e9 uma emuls\u00e3o reveladora estabilizada de alta performance. Ela \u00e9 compat\u00edvel com todos os descolorantes e colora\u00e7\u00f5es, e proporciona um clareamento uniforme sem manchas. Sua textura cremosa facilita a aplica\u00e7\u00e3o e o produto \u00e9 dermatologicamente testado.<\/span><\/p>\n<p>A \u00c1gua Oxigenada 40V <span style=\"font-size: 1rem;\">900<\/span>mL \u00e9 a escolha perfeita para quem deseja clarear os cabelos ou mudar a cor dos fios. Ela tamb\u00e9m pode ser usada para matizar os cabelos loiros, eliminando o efeito oxidado e uniformizando a cor.<\/p>\n<p>A \u00c1gua Oxigenada 40V <span style=\"font-size: 1rem;\">900<\/span>mL est\u00e1 dispon\u00edvel em embalagem de <span style=\"font-size: 1rem;\">900<\/span>mL.<\/p>\n","protected":false},"excerpt":{"rendered":"<ul>\n<li style=\"list-style-type: none;\">\n<ul>\n<li>Emuls\u00e3o reveladora estabilizada de alta performance.<\/li>\n<li>Compat\u00edvel com todos os descolorantes e colora\u00e7\u00f5es.<\/li>\n<li>Clareamento uniforme sem manchas.<\/li>\n<li>Textura cremosa de f\u00e1cil aplica\u00e7\u00e3o.<\/li>\n<li>Dermatologicamente testado.<\/li>\n<\/ul>\n<\/li>\n<\/ul>\n","protected":false},"featured_media":14517,"template":"","meta":{"_joinchat":[]},"product_brand":[],"product_cat":[601],"product_tag":[594],"class_list":{"0":"post-23115","1":"product","2":"type-product","3":"status-publish","4":"has-post-thumbnail","6":"product_cat-loiros","7":"product_tag-produtos-probelle","9":"first","10":"instock","11":"shipping-taxable","12":"purchasable","13":"product-type-simple"},"yoast_head":"<!-- This site is optimized with the Yoast SEO Premium plugin v23.5 (Yoast SEO v26.5) - https:\/\/yoast.com\/wordpress\/plugins\/seo\/ -->\n<title>\u00c1gua 40V 900mL ~ Probelle Cosm\u00e9ticos<\/title>\n<meta name=\"description\" content=\"Emuls\u00e3o reveladora estabilizada de alta performance, compat\u00edvel com todos os descolorantes e colora\u00e7\u00f5es. Proporciona clareamento uniforme sem manchas, textura cremosa de f\u00e1cil aplica\u00e7\u00e3o e \u00e9 dermatologicamente testada.\" \/>\n<meta name=\"robots\" content=\"index, follow, max-snippet:-1, max-image-preview:large, max-video-preview:-1\" \/>\n<link rel=\"canonical\" href=\"https:\/\/probelle.com.br\/es\/produto\/agua-40v-900ml\/\" \/>\n<meta property=\"og:locale\" content=\"es_ES\" \/>\n<meta property=\"og:type\" content=\"article\" \/>\n<meta property=\"og:title\" content=\"\u00c1gua 40V 900mL\" \/>\n<meta property=\"og:description\" content=\"Emuls\u00e3o reveladora estabilizada de alta performance, compat\u00edvel com todos os descolorantes e colora\u00e7\u00f5es. Proporciona clareamento uniforme sem manchas, textura cremosa de f\u00e1cil aplica\u00e7\u00e3o e \u00e9 dermatologicamente testada.\" \/>\n<meta property=\"og:url\" content=\"https:\/\/probelle.com.br\/es\/produto\/agua-40v-900ml\/\" \/>\n<meta property=\"og:site_name\" content=\"Probelle Cosm\u00e9ticos\" \/>\n<meta property=\"article:publisher\" content=\"https:\/\/www.facebook.com\/probelle\/\" \/>\n<meta property=\"article:modified_time\" content=\"2024-11-29T18:13:46+00:00\" \/>\n<meta property=\"og:image\" content=\"https:\/\/probelle.com.br\/wp-content\/uploads\/2022\/10\/AGUA-OXIGENADA.jpg\" \/>\n\t<meta property=\"og:image:width\" content=\"400\" \/>\n\t<meta property=\"og:image:height\" content=\"400\" \/>\n\t<meta property=\"og:image:type\" content=\"image\/jpeg\" \/>\n<meta name=\"twitter:card\" content=\"summary_large_image\" \/>\n<meta name=\"twitter:label1\" content=\"Tiempo de lectura\" \/>\n\t<meta name=\"twitter:data1\" content=\"1 minuto\" \/>\n<script type=\"application\/ld+json\" class=\"yoast-schema-graph\">{\"@context\":\"https:\/\/schema.org\",\"@graph\":[{\"@type\":\"WebPage\",\"@id\":\"https:\/\/probelle.com.br\/es\/produto\/agua-40v-900ml\/\",\"url\":\"https:\/\/probelle.com.br\/es\/produto\/agua-40v-900ml\/\",\"name\":\"\u00c1gua 40V 900mL ~ Probelle Cosm\u00e9ticos\",\"isPartOf\":{\"@id\":\"https:\/\/probelle.com.br\/es\/#website\"},\"primaryImageOfPage\":{\"@id\":\"https:\/\/probelle.com.br\/es\/produto\/agua-40v-900ml\/#primaryimage\"},\"image\":{\"@id\":\"https:\/\/probelle.com.br\/es\/produto\/agua-40v-900ml\/#primaryimage\"},\"thumbnailUrl\":\"https:\/\/probelle.com.br\/wp-content\/uploads\/2022\/10\/AGUA-OXIGENADA.jpg\",\"datePublished\":\"2023-07-28T17:35:16+00:00\",\"dateModified\":\"2024-11-29T18:13:46+00:00\",\"description\":\"Emuls\u00e3o reveladora estabilizada de alta performance, compat\u00edvel com todos os descolorantes e colora\u00e7\u00f5es. Proporciona clareamento uniforme sem manchas, textura cremosa de f\u00e1cil aplica\u00e7\u00e3o e \u00e9 dermatologicamente testada.\",\"breadcrumb\":{\"@id\":\"https:\/\/probelle.com.br\/es\/produto\/agua-40v-900ml\/#breadcrumb\"},\"inLanguage\":\"es\",\"potentialAction\":[{\"@type\":\"ReadAction\",\"target\":[\"https:\/\/probelle.com.br\/es\/produto\/agua-40v-900ml\/\"]}]},{\"@type\":\"ImageObject\",\"inLanguage\":\"es\",\"@id\":\"https:\/\/probelle.com.br\/es\/produto\/agua-40v-900ml\/#primaryimage\",\"url\":\"https:\/\/probelle.com.br\/wp-content\/uploads\/2022\/10\/AGUA-OXIGENADA.jpg\",\"contentUrl\":\"https:\/\/probelle.com.br\/wp-content\/uploads\/2022\/10\/AGUA-OXIGENADA.jpg\",\"width\":400,\"height\":400,\"caption\":\"\u00c1GUA-OXIGENADA\"},{\"@type\":\"BreadcrumbList\",\"@id\":\"https:\/\/probelle.com.br\/es\/produto\/agua-40v-900ml\/#breadcrumb\",\"itemListElement\":[{\"@type\":\"ListItem\",\"position\":1,\"name\":\"Home\",\"item\":\"https:\/\/probelle.com.br\/es\/\"},{\"@type\":\"ListItem\",\"position\":2,\"name\":\"Loja\",\"item\":\"https:\/\/probelle.com.br\/loja\/\"},{\"@type\":\"ListItem\",\"position\":3,\"name\":\"\u00c1gua 40V 900mL\"}]},{\"@type\":\"WebSite\",\"@id\":\"https:\/\/probelle.com.br\/es\/#website\",\"url\":\"https:\/\/probelle.com.br\/es\/\",\"name\":\"Probelle Cosm\u00e9ticos\",\"description\":\"Todo mundo tem em casa.\",\"publisher\":{\"@id\":\"https:\/\/probelle.com.br\/es\/#organization\"},\"potentialAction\":[{\"@type\":\"SearchAction\",\"target\":{\"@type\":\"EntryPoint\",\"urlTemplate\":\"https:\/\/probelle.com.br\/es\/?s={search_term_string}\"},\"query-input\":{\"@type\":\"PropertyValueSpecification\",\"valueRequired\":true,\"valueName\":\"search_term_string\"}}],\"inLanguage\":\"es\"},{\"@type\":\"Organization\",\"@id\":\"https:\/\/probelle.com.br\/es\/#organization\",\"name\":\"Probelle Cosm\u00e9ticos\",\"url\":\"https:\/\/probelle.com.br\/es\/\",\"logo\":{\"@type\":\"ImageObject\",\"inLanguage\":\"es\",\"@id\":\"https:\/\/probelle.com.br\/es\/#\/schema\/logo\/image\/\",\"url\":\"https:\/\/probelle.com.br\/wp-content\/uploads\/2022\/08\/Para-o-sitee.jpg\",\"contentUrl\":\"https:\/\/probelle.com.br\/wp-content\/uploads\/2022\/08\/Para-o-sitee.jpg\",\"width\":1000,\"height\":750,\"caption\":\"Probelle Cosm\u00e9ticos\"},\"image\":{\"@id\":\"https:\/\/probelle.com.br\/es\/#\/schema\/logo\/image\/\"},\"sameAs\":[\"https:\/\/www.facebook.com\/probelle\/\",\"https:\/\/www.instagram.com\/probellecosmeticos\/\",\"https:\/\/www.youtube.com\/c\/ProbelleCosm\u00e9ticos\/\",\"https:\/\/br.linkedin.com\/company\/probellecosmeticos\",\"https:\/\/br.pinterest.com\/probellecosmeticos\/\"]}]}<\/script>\n<!-- \/ Yoast SEO Premium plugin. -->","yoast_head_json":{"title":"\u00c1gua 40V 900mL ~ Probelle Cosm\u00e9ticos","description":"Emuls\u00e3o reveladora estabilizada de alta performance, compat\u00edvel com todos os descolorantes e colora\u00e7\u00f5es. Proporciona clareamento uniforme sem manchas, textura cremosa de f\u00e1cil aplica\u00e7\u00e3o e \u00e9 dermatologicamente testada.","robots":{"index":"index","follow":"follow","max-snippet":"max-snippet:-1","max-image-preview":"max-image-preview:large","max-video-preview":"max-video-preview:-1"},"canonical":"https:\/\/probelle.com.br\/es\/produto\/agua-40v-900ml\/","og_locale":"es_ES","og_type":"article","og_title":"\u00c1gua 40V 900mL","og_description":"Emuls\u00e3o reveladora estabilizada de alta performance, compat\u00edvel com todos os descolorantes e colora\u00e7\u00f5es. Proporciona clareamento uniforme sem manchas, textura cremosa de f\u00e1cil aplica\u00e7\u00e3o e \u00e9 dermatologicamente testada.","og_url":"https:\/\/probelle.com.br\/es\/produto\/agua-40v-900ml\/","og_site_name":"Probelle Cosm\u00e9ticos","article_publisher":"https:\/\/www.facebook.com\/probelle\/","article_modified_time":"2024-11-29T18:13:46+00:00","og_image":[{"width":400,"height":400,"url":"https:\/\/probelle.com.br\/wp-content\/uploads\/2022\/10\/AGUA-OXIGENADA.jpg","type":"image\/jpeg"}],"twitter_card":"summary_large_image","twitter_misc":{"Tiempo de lectura":"1 minuto"},"schema":{"@context":"https:\/\/schema.org","@graph":[{"@type":"WebPage","@id":"https:\/\/probelle.com.br\/es\/produto\/agua-40v-900ml\/","url":"https:\/\/probelle.com.br\/es\/produto\/agua-40v-900ml\/","name":"\u00c1gua 40V 900mL ~ Probelle Cosm\u00e9ticos","isPartOf":{"@id":"https:\/\/probelle.com.br\/es\/#website"},"primaryImageOfPage":{"@id":"https:\/\/probelle.com.br\/es\/produto\/agua-40v-900ml\/#primaryimage"},"image":{"@id":"https:\/\/probelle.com.br\/es\/produto\/agua-40v-900ml\/#primaryimage"},"thumbnailUrl":"https:\/\/probelle.com.br\/wp-content\/uploads\/2022\/10\/AGUA-OXIGENADA.jpg","datePublished":"2023-07-28T17:35:16+00:00","dateModified":"2024-11-29T18:13:46+00:00","description":"Emuls\u00e3o reveladora estabilizada de alta performance, compat\u00edvel com todos os descolorantes e colora\u00e7\u00f5es. Proporciona clareamento uniforme sem manchas, textura cremosa de f\u00e1cil aplica\u00e7\u00e3o e \u00e9 dermatologicamente testada.","breadcrumb":{"@id":"https:\/\/probelle.com.br\/es\/produto\/agua-40v-900ml\/#breadcrumb"},"inLanguage":"es","potentialAction":[{"@type":"ReadAction","target":["https:\/\/probelle.com.br\/es\/produto\/agua-40v-900ml\/"]}]},{"@type":"ImageObject","inLanguage":"es","@id":"https:\/\/probelle.com.br\/es\/produto\/agua-40v-900ml\/#primaryimage","url":"https:\/\/probelle.com.br\/wp-content\/uploads\/2022\/10\/AGUA-OXIGENADA.jpg","contentUrl":"https:\/\/probelle.com.br\/wp-content\/uploads\/2022\/10\/AGUA-OXIGENADA.jpg","width":400,"height":400,"caption":"\u00c1GUA-OXIGENADA"},{"@type":"BreadcrumbList","@id":"https:\/\/probelle.com.br\/es\/produto\/agua-40v-900ml\/#breadcrumb","itemListElement":[{"@type":"ListItem","position":1,"name":"Home","item":"https:\/\/probelle.com.br\/es\/"},{"@type":"ListItem","position":2,"name":"Loja","item":"https:\/\/probelle.com.br\/loja\/"},{"@type":"ListItem","position":3,"name":"\u00c1gua 40V 900mL"}]},{"@type":"WebSite","@id":"https:\/\/probelle.com.br\/es\/#website","url":"https:\/\/probelle.com.br\/es\/","name":"Probelle Cosm\u00e9ticos","description":"Todo mundo tem em casa.","publisher":{"@id":"https:\/\/probelle.com.br\/es\/#organization"},"potentialAction":[{"@type":"SearchAction","target":{"@type":"EntryPoint","urlTemplate":"https:\/\/probelle.com.br\/es\/?s={search_term_string}"},"query-input":{"@type":"PropertyValueSpecification","valueRequired":true,"valueName":"search_term_string"}}],"inLanguage":"es"},{"@type":"Organization","@id":"https:\/\/probelle.com.br\/es\/#organization","name":"Probelle Cosm\u00e9ticos","url":"https:\/\/probelle.com.br\/es\/","logo":{"@type":"ImageObject","inLanguage":"es","@id":"https:\/\/probelle.com.br\/es\/#\/schema\/logo\/image\/","url":"https:\/\/probelle.com.br\/wp-content\/uploads\/2022\/08\/Para-o-sitee.jpg","contentUrl":"https:\/\/probelle.com.br\/wp-content\/uploads\/2022\/08\/Para-o-sitee.jpg","width":1000,"height":750,"caption":"Probelle Cosm\u00e9ticos"},"image":{"@id":"https:\/\/probelle.com.br\/es\/#\/schema\/logo\/image\/"},"sameAs":["https:\/\/www.facebook.com\/probelle\/","https:\/\/www.instagram.com\/probellecosmeticos\/","https:\/\/www.youtube.com\/c\/ProbelleCosm\u00e9ticos\/","https:\/\/br.linkedin.com\/company\/probellecosmeticos","https:\/\/br.pinterest.com\/probellecosmeticos\/"]}]}},"_links":{"self":[{"href":"https:\/\/probelle.com.br\/es\/wp-json\/wp\/v2\/product\/23115","targetHints":{"allow":["GET"]}}],"collection":[{"href":"https:\/\/probelle.com.br\/es\/wp-json\/wp\/v2\/product"}],"about":[{"href":"https:\/\/probelle.com.br\/es\/wp-json\/wp\/v2\/types\/product"}],"wp:featuredmedia":[{"embeddable":true,"href":"https:\/\/probelle.com.br\/es\/wp-json\/wp\/v2\/media\/14517"}],"wp:attachment":[{"href":"https:\/\/probelle.com.br\/es\/wp-json\/wp\/v2\/media?parent=23115"}],"wp:term":[{"taxonomy":"product_brand","embeddable":true,"href":"https:\/\/probelle.com.br\/es\/wp-json\/wp\/v2\/product_brand?post=23115"},{"taxonomy":"product_cat","embeddable":true,"href":"https:\/\/probelle.com.br\/es\/wp-json\/wp\/v2\/product_cat?post=23115"},{"taxonomy":"product_tag","embeddable":true,"href":"https:\/\/probelle.com.br\/es\/wp-json\/wp\/v2\/product_tag?post=23115"}],"curies":[{"name":"wp","href":"https:\/\/api.w.org\/{rel}","templated":true}]}}