{"id":23079,"date":"2023-07-28T14:35:08","date_gmt":"2023-07-28T17:35:08","guid":{"rendered":"https:\/\/probelle.com.br\/produto\/botox-japonesa-solta-cachos-200g\/"},"modified":"2025-02-04T14:30:58","modified_gmt":"2025-02-04T17:30:58","slug":"botox-japonesa-solta-cachos-200g","status":"publish","type":"product","link":"https:\/\/probelle.com.br\/es\/produto\/botox-japonesa-solta-cachos-200g\/","title":{"rendered":"Botox Japonesa Solta Cachos 200g"},"content":{"rendered":"<p>O Harmonizador de Cachos Btx Japonesa 200g \u00e9 formulado com uma combina\u00e7\u00e3o de ingredientes que ajudam a promover intenso tratamento aos cabelos crespos de Cachos Fechados do tipo 3C E 4A, devolvendo o brilho e a sedosidade. Sua f\u00f3rmula enriquecida com \u00f3leos especiais como \u00f3leo de argan, \u00f3<span class=\"citation-0 citation-end-0\">leo de coco, \u00d3leo de Mamona, Manteiga de Karit\u00e9 e Queratina reconstr\u00f3i em profundidade os cabelos durante o processo de harmoniza\u00e7\u00e3o garantindo vitalidade prolongada.<\/span><\/p>\n","protected":false},"excerpt":{"rendered":"<p>O Harmonizador de Cachos Btx Japonesa 200g \u00e9 um produto de alta qualidade que vai ajudar voc\u00ea a manter seus cabelos crespos com cachos abertos, hidratados, nutridos e modelados.<\/p>\n","protected":false},"featured_media":7079,"template":"","meta":{"_joinchat":[]},"product_brand":[],"product_cat":[600],"product_tag":[594],"class_list":{"0":"post-23079","1":"product","2":"type-product","3":"status-publish","4":"has-post-thumbnail","6":"product_cat-progressivas-e-botox","7":"product_tag-produtos-probelle","9":"first","10":"outofstock","11":"shipping-taxable","12":"purchasable","13":"product-type-simple"},"yoast_head":"<!-- This site is optimized with the Yoast SEO Premium plugin v23.5 (Yoast SEO v26.5) - https:\/\/yoast.com\/wordpress\/plugins\/seo\/ -->\n<title>Botox Japonesa Solta Cachos 200g ~ Probelle Cosm\u00e9ticos<\/title>\n<meta name=\"description\" content=\"Harmonizador de Cachos Btx Japonesa 200g, harmonizador de cachos, cabelo crespo, cachos abertos, hidrata\u00e7\u00e3o, nutri\u00e7\u00e3o, modelagem, \u00f3leo de argan, \u00f3leo de coco, \u00f3leo de mamona, manteiga de karit\u00e9, queratina, tratamento profundo, vitalidade prolongada.\" \/>\n<meta name=\"robots\" content=\"index, follow, max-snippet:-1, max-image-preview:large, max-video-preview:-1\" \/>\n<link rel=\"canonical\" href=\"https:\/\/probelle.com.br\/es\/produto\/botox-japonesa-solta-cachos-200g\/\" \/>\n<meta property=\"og:locale\" content=\"es_ES\" \/>\n<meta property=\"og:type\" content=\"article\" \/>\n<meta property=\"og:title\" content=\"Botox Japonesa Solta Cachos 200g\" \/>\n<meta property=\"og:description\" content=\"Harmonizador de Cachos Btx Japonesa 200g, harmonizador de cachos, cabelo crespo, cachos abertos, hidrata\u00e7\u00e3o, nutri\u00e7\u00e3o, modelagem, \u00f3leo de argan, \u00f3leo de coco, \u00f3leo de mamona, manteiga de karit\u00e9, queratina, tratamento profundo, vitalidade prolongada.\" \/>\n<meta property=\"og:url\" content=\"https:\/\/probelle.com.br\/es\/produto\/botox-japonesa-solta-cachos-200g\/\" \/>\n<meta property=\"og:site_name\" content=\"Probelle Cosm\u00e9ticos\" \/>\n<meta property=\"article:publisher\" content=\"https:\/\/www.facebook.com\/probelle\/\" \/>\n<meta property=\"article:modified_time\" content=\"2025-02-04T17:30:58+00:00\" \/>\n<meta property=\"og:image\" content=\"https:\/\/probelle.com.br\/wp-content\/uploads\/2021\/05\/btx-cachos-japonesa.png\" \/>\n\t<meta property=\"og:image:width\" content=\"584\" \/>\n\t<meta property=\"og:image:height\" content=\"451\" \/>\n\t<meta property=\"og:image:type\" content=\"image\/png\" \/>\n<meta name=\"twitter:card\" content=\"summary_large_image\" \/>\n<meta name=\"twitter:label1\" content=\"Tiempo de lectura\" \/>\n\t<meta name=\"twitter:data1\" content=\"1 minuto\" \/>\n<script type=\"application\/ld+json\" class=\"yoast-schema-graph\">{\"@context\":\"https:\/\/schema.org\",\"@graph\":[{\"@type\":\"WebPage\",\"@id\":\"https:\/\/probelle.com.br\/es\/produto\/botox-japonesa-solta-cachos-200g\/\",\"url\":\"https:\/\/probelle.com.br\/es\/produto\/botox-japonesa-solta-cachos-200g\/\",\"name\":\"Botox Japonesa Solta Cachos 200g ~ Probelle Cosm\u00e9ticos\",\"isPartOf\":{\"@id\":\"https:\/\/probelle.com.br\/es\/#website\"},\"primaryImageOfPage\":{\"@id\":\"https:\/\/probelle.com.br\/es\/produto\/botox-japonesa-solta-cachos-200g\/#primaryimage\"},\"image\":{\"@id\":\"https:\/\/probelle.com.br\/es\/produto\/botox-japonesa-solta-cachos-200g\/#primaryimage\"},\"thumbnailUrl\":\"https:\/\/probelle.com.br\/wp-content\/uploads\/2021\/05\/btx-cachos-japonesa.png\",\"datePublished\":\"2023-07-28T17:35:08+00:00\",\"dateModified\":\"2025-02-04T17:30:58+00:00\",\"description\":\"Harmonizador de Cachos Btx Japonesa 200g, harmonizador de cachos, cabelo crespo, cachos abertos, hidrata\u00e7\u00e3o, nutri\u00e7\u00e3o, modelagem, \u00f3leo de argan, \u00f3leo de coco, \u00f3leo de mamona, manteiga de karit\u00e9, queratina, tratamento profundo, vitalidade prolongada.\",\"breadcrumb\":{\"@id\":\"https:\/\/probelle.com.br\/es\/produto\/botox-japonesa-solta-cachos-200g\/#breadcrumb\"},\"inLanguage\":\"es\",\"potentialAction\":[{\"@type\":\"ReadAction\",\"target\":[\"https:\/\/probelle.com.br\/es\/produto\/botox-japonesa-solta-cachos-200g\/\"]}]},{\"@type\":\"ImageObject\",\"inLanguage\":\"es\",\"@id\":\"https:\/\/probelle.com.br\/es\/produto\/botox-japonesa-solta-cachos-200g\/#primaryimage\",\"url\":\"https:\/\/probelle.com.br\/wp-content\/uploads\/2021\/05\/btx-cachos-japonesa.png\",\"contentUrl\":\"https:\/\/probelle.com.br\/wp-content\/uploads\/2021\/05\/btx-cachos-japonesa.png\",\"width\":584,\"height\":451},{\"@type\":\"BreadcrumbList\",\"@id\":\"https:\/\/probelle.com.br\/es\/produto\/botox-japonesa-solta-cachos-200g\/#breadcrumb\",\"itemListElement\":[{\"@type\":\"ListItem\",\"position\":1,\"name\":\"Home\",\"item\":\"https:\/\/probelle.com.br\/es\/\"},{\"@type\":\"ListItem\",\"position\":2,\"name\":\"Loja\",\"item\":\"https:\/\/probelle.com.br\/loja\/\"},{\"@type\":\"ListItem\",\"position\":3,\"name\":\"Botox Japonesa Solta Cachos 200g\"}]},{\"@type\":\"WebSite\",\"@id\":\"https:\/\/probelle.com.br\/es\/#website\",\"url\":\"https:\/\/probelle.com.br\/es\/\",\"name\":\"Probelle Cosm\u00e9ticos\",\"description\":\"Todo mundo tem em casa.\",\"publisher\":{\"@id\":\"https:\/\/probelle.com.br\/es\/#organization\"},\"potentialAction\":[{\"@type\":\"SearchAction\",\"target\":{\"@type\":\"EntryPoint\",\"urlTemplate\":\"https:\/\/probelle.com.br\/es\/?s={search_term_string}\"},\"query-input\":{\"@type\":\"PropertyValueSpecification\",\"valueRequired\":true,\"valueName\":\"search_term_string\"}}],\"inLanguage\":\"es\"},{\"@type\":\"Organization\",\"@id\":\"https:\/\/probelle.com.br\/es\/#organization\",\"name\":\"Probelle Cosm\u00e9ticos\",\"url\":\"https:\/\/probelle.com.br\/es\/\",\"logo\":{\"@type\":\"ImageObject\",\"inLanguage\":\"es\",\"@id\":\"https:\/\/probelle.com.br\/es\/#\/schema\/logo\/image\/\",\"url\":\"https:\/\/probelle.com.br\/wp-content\/uploads\/2022\/08\/Para-o-sitee.jpg\",\"contentUrl\":\"https:\/\/probelle.com.br\/wp-content\/uploads\/2022\/08\/Para-o-sitee.jpg\",\"width\":1000,\"height\":750,\"caption\":\"Probelle Cosm\u00e9ticos\"},\"image\":{\"@id\":\"https:\/\/probelle.com.br\/es\/#\/schema\/logo\/image\/\"},\"sameAs\":[\"https:\/\/www.facebook.com\/probelle\/\",\"https:\/\/www.instagram.com\/probellecosmeticos\/\",\"https:\/\/www.youtube.com\/c\/ProbelleCosm\u00e9ticos\/\",\"https:\/\/br.linkedin.com\/company\/probellecosmeticos\",\"https:\/\/br.pinterest.com\/probellecosmeticos\/\"]}]}<\/script>\n<!-- \/ Yoast SEO Premium plugin. -->","yoast_head_json":{"title":"Botox Japonesa Solta Cachos 200g ~ Probelle Cosm\u00e9ticos","description":"Harmonizador de Cachos Btx Japonesa 200g, harmonizador de cachos, cabelo crespo, cachos abertos, hidrata\u00e7\u00e3o, nutri\u00e7\u00e3o, modelagem, \u00f3leo de argan, \u00f3leo de coco, \u00f3leo de mamona, manteiga de karit\u00e9, queratina, tratamento profundo, vitalidade prolongada.","robots":{"index":"index","follow":"follow","max-snippet":"max-snippet:-1","max-image-preview":"max-image-preview:large","max-video-preview":"max-video-preview:-1"},"canonical":"https:\/\/probelle.com.br\/es\/produto\/botox-japonesa-solta-cachos-200g\/","og_locale":"es_ES","og_type":"article","og_title":"Botox Japonesa Solta Cachos 200g","og_description":"Harmonizador de Cachos Btx Japonesa 200g, harmonizador de cachos, cabelo crespo, cachos abertos, hidrata\u00e7\u00e3o, nutri\u00e7\u00e3o, modelagem, \u00f3leo de argan, \u00f3leo de coco, \u00f3leo de mamona, manteiga de karit\u00e9, queratina, tratamento profundo, vitalidade prolongada.","og_url":"https:\/\/probelle.com.br\/es\/produto\/botox-japonesa-solta-cachos-200g\/","og_site_name":"Probelle Cosm\u00e9ticos","article_publisher":"https:\/\/www.facebook.com\/probelle\/","article_modified_time":"2025-02-04T17:30:58+00:00","og_image":[{"width":584,"height":451,"url":"https:\/\/probelle.com.br\/wp-content\/uploads\/2021\/05\/btx-cachos-japonesa.png","type":"image\/png"}],"twitter_card":"summary_large_image","twitter_misc":{"Tiempo de lectura":"1 minuto"},"schema":{"@context":"https:\/\/schema.org","@graph":[{"@type":"WebPage","@id":"https:\/\/probelle.com.br\/es\/produto\/botox-japonesa-solta-cachos-200g\/","url":"https:\/\/probelle.com.br\/es\/produto\/botox-japonesa-solta-cachos-200g\/","name":"Botox Japonesa Solta Cachos 200g ~ Probelle Cosm\u00e9ticos","isPartOf":{"@id":"https:\/\/probelle.com.br\/es\/#website"},"primaryImageOfPage":{"@id":"https:\/\/probelle.com.br\/es\/produto\/botox-japonesa-solta-cachos-200g\/#primaryimage"},"image":{"@id":"https:\/\/probelle.com.br\/es\/produto\/botox-japonesa-solta-cachos-200g\/#primaryimage"},"thumbnailUrl":"https:\/\/probelle.com.br\/wp-content\/uploads\/2021\/05\/btx-cachos-japonesa.png","datePublished":"2023-07-28T17:35:08+00:00","dateModified":"2025-02-04T17:30:58+00:00","description":"Harmonizador de Cachos Btx Japonesa 200g, harmonizador de cachos, cabelo crespo, cachos abertos, hidrata\u00e7\u00e3o, nutri\u00e7\u00e3o, modelagem, \u00f3leo de argan, \u00f3leo de coco, \u00f3leo de mamona, manteiga de karit\u00e9, queratina, tratamento profundo, vitalidade prolongada.","breadcrumb":{"@id":"https:\/\/probelle.com.br\/es\/produto\/botox-japonesa-solta-cachos-200g\/#breadcrumb"},"inLanguage":"es","potentialAction":[{"@type":"ReadAction","target":["https:\/\/probelle.com.br\/es\/produto\/botox-japonesa-solta-cachos-200g\/"]}]},{"@type":"ImageObject","inLanguage":"es","@id":"https:\/\/probelle.com.br\/es\/produto\/botox-japonesa-solta-cachos-200g\/#primaryimage","url":"https:\/\/probelle.com.br\/wp-content\/uploads\/2021\/05\/btx-cachos-japonesa.png","contentUrl":"https:\/\/probelle.com.br\/wp-content\/uploads\/2021\/05\/btx-cachos-japonesa.png","width":584,"height":451},{"@type":"BreadcrumbList","@id":"https:\/\/probelle.com.br\/es\/produto\/botox-japonesa-solta-cachos-200g\/#breadcrumb","itemListElement":[{"@type":"ListItem","position":1,"name":"Home","item":"https:\/\/probelle.com.br\/es\/"},{"@type":"ListItem","position":2,"name":"Loja","item":"https:\/\/probelle.com.br\/loja\/"},{"@type":"ListItem","position":3,"name":"Botox Japonesa Solta Cachos 200g"}]},{"@type":"WebSite","@id":"https:\/\/probelle.com.br\/es\/#website","url":"https:\/\/probelle.com.br\/es\/","name":"Probelle Cosm\u00e9ticos","description":"Todo mundo tem em casa.","publisher":{"@id":"https:\/\/probelle.com.br\/es\/#organization"},"potentialAction":[{"@type":"SearchAction","target":{"@type":"EntryPoint","urlTemplate":"https:\/\/probelle.com.br\/es\/?s={search_term_string}"},"query-input":{"@type":"PropertyValueSpecification","valueRequired":true,"valueName":"search_term_string"}}],"inLanguage":"es"},{"@type":"Organization","@id":"https:\/\/probelle.com.br\/es\/#organization","name":"Probelle Cosm\u00e9ticos","url":"https:\/\/probelle.com.br\/es\/","logo":{"@type":"ImageObject","inLanguage":"es","@id":"https:\/\/probelle.com.br\/es\/#\/schema\/logo\/image\/","url":"https:\/\/probelle.com.br\/wp-content\/uploads\/2022\/08\/Para-o-sitee.jpg","contentUrl":"https:\/\/probelle.com.br\/wp-content\/uploads\/2022\/08\/Para-o-sitee.jpg","width":1000,"height":750,"caption":"Probelle Cosm\u00e9ticos"},"image":{"@id":"https:\/\/probelle.com.br\/es\/#\/schema\/logo\/image\/"},"sameAs":["https:\/\/www.facebook.com\/probelle\/","https:\/\/www.instagram.com\/probellecosmeticos\/","https:\/\/www.youtube.com\/c\/ProbelleCosm\u00e9ticos\/","https:\/\/br.linkedin.com\/company\/probellecosmeticos","https:\/\/br.pinterest.com\/probellecosmeticos\/"]}]}},"_links":{"self":[{"href":"https:\/\/probelle.com.br\/es\/wp-json\/wp\/v2\/product\/23079","targetHints":{"allow":["GET"]}}],"collection":[{"href":"https:\/\/probelle.com.br\/es\/wp-json\/wp\/v2\/product"}],"about":[{"href":"https:\/\/probelle.com.br\/es\/wp-json\/wp\/v2\/types\/product"}],"wp:featuredmedia":[{"embeddable":true,"href":"https:\/\/probelle.com.br\/es\/wp-json\/wp\/v2\/media\/7079"}],"wp:attachment":[{"href":"https:\/\/probelle.com.br\/es\/wp-json\/wp\/v2\/media?parent=23079"}],"wp:term":[{"taxonomy":"product_brand","embeddable":true,"href":"https:\/\/probelle.com.br\/es\/wp-json\/wp\/v2\/product_brand?post=23079"},{"taxonomy":"product_cat","embeddable":true,"href":"https:\/\/probelle.com.br\/es\/wp-json\/wp\/v2\/product_cat?post=23079"},{"taxonomy":"product_tag","embeddable":true,"href":"https:\/\/probelle.com.br\/es\/wp-json\/wp\/v2\/product_tag?post=23079"}],"curies":[{"name":"wp","href":"https:\/\/api.w.org\/{rel}","templated":true}]}}