{"id":23073,"date":"2023-07-28T14:35:06","date_gmt":"2023-07-28T17:35:06","guid":{"rendered":"https:\/\/probelle.com.br\/produto\/mini-botox-gloss-zero-absoluto-probelle-150g\/"},"modified":"2023-08-24T14:02:48","modified_gmt":"2023-08-24T17:02:48","slug":"mini-botox-gloss-zero-absoluto-probelle-150g","status":"publish","type":"product","link":"https:\/\/probelle.com.br\/es\/produto\/mini-botox-gloss-zero-absoluto-probelle-150g\/","title":{"rendered":"Mini BTX Zero Absoluto 150g"},"content":{"rendered":"<div class=\"group w-full text-token-text-primary border-b border-black\/10 dark:border-gray-900\/50 dark:bg-gray-800\">\n<div class=\"flex p-4 gap-4 text-base md:gap-6 md:max-w-2xl lg:max-w-[38rem] xl:max-w-3xl md:py-6 lg:px-0 m-auto\">\n<div class=\"relative flex w-[calc(100%-50px)] flex-col gap-1 md:gap-3 lg:w-[calc(100%-115px)]\">\n<div class=\"flex flex-grow flex-col gap-3 max-w-full\">\n<div class=\"min-h-[20px] flex flex-col items-start gap-3 overflow-x-auto whitespace-pre-wrap break-words\">\n<div class=\"empty:hidden\">BTX ZERO ABSOLUTO A\u00e7\u00e3o: Desenvolvido com alt\u00edssima tecnologia e formulado especialmente com mat\u00e9rias primas de baix\u00edssimo peso molecular, promove assentamento dos cabelos e elimina\u00e7\u00e3o do frizz, em raz\u00e3o da sua alta capacidade de penetrabilidade no c\u00f3rtex Resultado: Resultado imediato e de longa dura\u00e7\u00e3o, com nutri\u00e7\u00e3o absoluta, aumento da elasticidade e maleabilidade com brilho excepcional e densifica\u00e7\u00e3o capilar. Cabelos fortalecidos, ultra macios, com brilho acetinado e resultado de longa dura\u00e7\u00e3o. Fibra blindada, selada e cauterizada com superprote\u00e7\u00e3o.<\/div>\n<\/div>\n<\/div>\n<div class=\"text-gray-400 flex self-end lg:self-center justify-center mt-2 gap-2 md:gap-3 lg:gap-1 lg:absolute lg:top-0 lg:translate-x-full lg:right-0 lg:mt-0 lg:pl-2 visible\"><\/div>\n<div class=\"flex justify-between lg:block\"><\/div>\n<\/div>\n<\/div>\n<\/div>\n<div class=\"group w-full text-token-text-primary border-b border-black\/10 dark:border-gray-900\/50 bg-gray-50 dark:bg-[#444654]\">\n<div class=\"flex p-4 gap-4 text-base md:gap-6 md:max-w-2xl lg:max-w-[38rem] xl:max-w-3xl md:py-6 lg:px-0 m-auto\">\n<div class=\"flex-shrink-0 flex flex-col relative items-end\">\n<div class=\"w-[30px]\">\n<div class=\"relative p-1 rounded-sm h-[30px] w-[30px] text-white flex items-center justify-center\">ChatGPT<\/div>\n<\/div>\n<div class=\"text-xs flex items-center justify-center gap-1 invisible absolute left-0 top-2 -ml-4 -translate-x-full group-hover:visible !invisible\"><\/div>\n<\/div>\n<div class=\"relative flex w-[calc(100%-50px)] flex-col gap-1 md:gap-3 lg:w-[calc(100%-115px)]\">\n<div class=\"flex flex-grow flex-col gap-3 max-w-full\">\n<div class=\"min-h-[20px] flex flex-col items-start gap-3 overflow-x-auto whitespace-pre-wrap break-words\">\n<div class=\"markdown prose w-full break-words dark:prose-invert light\">\n<p><strong>BTX Zero Absoluto: A Revolu\u00e7\u00e3o na Transforma\u00e7\u00e3o Capilar<\/strong><\/p>\n<p>Conhe\u00e7a o BTX Zero Absoluto, uma verdadeira revolu\u00e7\u00e3o em transforma\u00e7\u00e3o capilar. Formulado com tecnologia de ponta e mat\u00e9rias-primas de peso molecular reduzido, este produto inovador oferece o assentamento dos cabelos e a elimina\u00e7\u00e3o do frizz, gra\u00e7as \u00e0 sua capacidade de penetra\u00e7\u00e3o no c\u00f3rtex capilar.<\/p>\n<p>Os resultados proporcionados pelo BTX Zero Absoluto s\u00e3o nada menos que extraordin\u00e1rios. Logo ap\u00f3s a aplica\u00e7\u00e3o, voc\u00ea notar\u00e1 uma transforma\u00e7\u00e3o imediata e duradoura, com nutri\u00e7\u00e3o profunda, aumento da elasticidade e maleabilidade, al\u00e9m de um brilho excepcional que irradia sa\u00fade. Seus cabelos ser\u00e3o fortalecidos e ultra macios, com um brilho acetinado que persiste ao longo do tempo. A fibra capilar ser\u00e1 blindada, selada e cauterizada, oferecendo superprote\u00e7\u00e3o aos seus fios.<\/p>\n<p><strong>Destaques do Produto:<\/strong><\/p>\n<ul>\n<li>Transforma\u00e7\u00e3o Inovadora: Tecnologia de peso molecular reduzido.<\/li>\n<li>Resultados Imediatos e Duradouros: Cabelos visivelmente transformados.<\/li>\n<li>Nutri\u00e7\u00e3o Profunda: Fortalecimento e vitalidade intensos.<\/li>\n<li>Brilho Excepcional: Seus cabelos reluzir\u00e3o com sa\u00fade.<\/li>\n<li>Fibra Blindada e Selada: Prote\u00e7\u00e3o m\u00e1xima para fios revitalizados.<\/li>\n<\/ul>\n<p>Experimente a revolu\u00e7\u00e3o capilar com BTX Zero Absoluto. Transforme seus cabelos em uma express\u00e3o de beleza e sa\u00fade inigual\u00e1veis.<\/p>\n<p><strong>Dica de Beleza:<\/strong> Utilize este produto regularmente para manter seus cabelos protegidos e revitalizados ao m\u00e1ximo. Seus fios merecem cuidado de alta qualidade.<\/p>\n<\/div>\n<\/div>\n<\/div>\n<\/div>\n<\/div>\n<\/div>\n","protected":false},"excerpt":{"rendered":"<p>BTX Zero Absoluto \u00e9 a revolu\u00e7\u00e3o que seus cabelos merecem. Com tecnologia avan\u00e7ada e mat\u00e9rias-primas de peso molecular reduzido, ele elimina o frizz e proporciona nutri\u00e7\u00e3o intensa. Seus cabelos ficar\u00e3o fortalecidos, ultra macios e com um brilho acetinado de longa dura\u00e7\u00e3o. Experimente a transforma\u00e7\u00e3o completa com fibra capilar blindada, selada e cauterizada para uma superprote\u00e7\u00e3o.<\/p>\n","protected":false},"featured_media":24826,"template":"","meta":{"_joinchat":[]},"product_brand":[],"product_cat":[320,218,217,600,599],"product_tag":[594],"class_list":{"0":"post-23073","1":"product","2":"type-product","3":"status-publish","4":"has-post-thumbnail","6":"product_cat-botox","7":"product_cat-btx","8":"product_cat-progressivas","9":"product_cat-progressivas-e-botox","10":"product_cat-transformacao","11":"product_tag-produtos-probelle","13":"first","14":"instock","15":"shipping-taxable","16":"purchasable","17":"product-type-simple"},"yoast_head":"<!-- This site is optimized with the Yoast SEO Premium plugin v23.5 (Yoast SEO v26.5) - https:\/\/yoast.com\/wordpress\/plugins\/seo\/ -->\n<title>BTX Zero Absoluto: Transforma\u00e7\u00e3o Capilar para Cabelos Fortalecidos e Ultra Macios | Probelle<\/title>\n<meta name=\"description\" content=\"Experimente a revolu\u00e7\u00e3o em transforma\u00e7\u00e3o capilar com BTX Zero Absoluto. Resultados imediatos e duradouros, nutri\u00e7\u00e3o profunda, brilho excepcional e cabelos ultra macios. Transforme seus fios em uma express\u00e3o de beleza e sa\u00fade. Descubra agora!\" \/>\n<meta name=\"robots\" content=\"index, follow, max-snippet:-1, max-image-preview:large, max-video-preview:-1\" \/>\n<link rel=\"canonical\" href=\"https:\/\/probelle.com.br\/es\/produto\/mini-botox-gloss-zero-absoluto-probelle-150g\/\" \/>\n<meta property=\"og:locale\" content=\"es_ES\" \/>\n<meta property=\"og:type\" content=\"article\" \/>\n<meta property=\"og:title\" content=\"Mini BTX Zero Absoluto 150g\" \/>\n<meta property=\"og:description\" content=\"Experimente a revolu\u00e7\u00e3o em transforma\u00e7\u00e3o capilar com BTX Zero Absoluto. Resultados imediatos e duradouros, nutri\u00e7\u00e3o profunda, brilho excepcional e cabelos ultra macios. Transforme seus fios em uma express\u00e3o de beleza e sa\u00fade. Descubra agora!\" \/>\n<meta property=\"og:url\" content=\"https:\/\/probelle.com.br\/es\/produto\/mini-botox-gloss-zero-absoluto-probelle-150g\/\" \/>\n<meta property=\"og:site_name\" content=\"Probelle Cosm\u00e9ticos\" \/>\n<meta property=\"article:publisher\" content=\"https:\/\/www.facebook.com\/probelle\/\" \/>\n<meta property=\"article:modified_time\" content=\"2023-08-24T17:02:48+00:00\" \/>\n<meta property=\"og:image\" content=\"https:\/\/probelle.com.br\/wp-content\/uploads\/2023\/07\/btx-zero-absoluto-150g.png\" \/>\n\t<meta property=\"og:image:width\" content=\"1018\" \/>\n\t<meta property=\"og:image:height\" content=\"1018\" \/>\n\t<meta property=\"og:image:type\" content=\"image\/png\" \/>\n<meta name=\"twitter:card\" content=\"summary_large_image\" \/>\n<meta name=\"twitter:label1\" content=\"Tiempo de lectura\" \/>\n\t<meta name=\"twitter:data1\" content=\"2 minutos\" \/>\n<script type=\"application\/ld+json\" class=\"yoast-schema-graph\">{\"@context\":\"https:\/\/schema.org\",\"@graph\":[{\"@type\":\"WebPage\",\"@id\":\"https:\/\/probelle.com.br\/es\/produto\/mini-botox-gloss-zero-absoluto-probelle-150g\/\",\"url\":\"https:\/\/probelle.com.br\/es\/produto\/mini-botox-gloss-zero-absoluto-probelle-150g\/\",\"name\":\"BTX Zero Absoluto: Transforma\u00e7\u00e3o Capilar para Cabelos Fortalecidos e Ultra Macios | Probelle\",\"isPartOf\":{\"@id\":\"https:\/\/probelle.com.br\/es\/#website\"},\"primaryImageOfPage\":{\"@id\":\"https:\/\/probelle.com.br\/es\/produto\/mini-botox-gloss-zero-absoluto-probelle-150g\/#primaryimage\"},\"image\":{\"@id\":\"https:\/\/probelle.com.br\/es\/produto\/mini-botox-gloss-zero-absoluto-probelle-150g\/#primaryimage\"},\"thumbnailUrl\":\"https:\/\/probelle.com.br\/wp-content\/uploads\/2023\/07\/btx-zero-absoluto-150g.png\",\"datePublished\":\"2023-07-28T17:35:06+00:00\",\"dateModified\":\"2023-08-24T17:02:48+00:00\",\"description\":\"Experimente a revolu\u00e7\u00e3o em transforma\u00e7\u00e3o capilar com BTX Zero Absoluto. Resultados imediatos e duradouros, nutri\u00e7\u00e3o profunda, brilho excepcional e cabelos ultra macios. Transforme seus fios em uma express\u00e3o de beleza e sa\u00fade. Descubra agora!\",\"breadcrumb\":{\"@id\":\"https:\/\/probelle.com.br\/es\/produto\/mini-botox-gloss-zero-absoluto-probelle-150g\/#breadcrumb\"},\"inLanguage\":\"es\",\"potentialAction\":[{\"@type\":\"ReadAction\",\"target\":[\"https:\/\/probelle.com.br\/es\/produto\/mini-botox-gloss-zero-absoluto-probelle-150g\/\"]}]},{\"@type\":\"ImageObject\",\"inLanguage\":\"es\",\"@id\":\"https:\/\/probelle.com.br\/es\/produto\/mini-botox-gloss-zero-absoluto-probelle-150g\/#primaryimage\",\"url\":\"https:\/\/probelle.com.br\/wp-content\/uploads\/2023\/07\/btx-zero-absoluto-150g.png\",\"contentUrl\":\"https:\/\/probelle.com.br\/wp-content\/uploads\/2023\/07\/btx-zero-absoluto-150g.png\",\"width\":1018,\"height\":1018,\"caption\":\"BTX Zero Absoluto 150g\"},{\"@type\":\"BreadcrumbList\",\"@id\":\"https:\/\/probelle.com.br\/es\/produto\/mini-botox-gloss-zero-absoluto-probelle-150g\/#breadcrumb\",\"itemListElement\":[{\"@type\":\"ListItem\",\"position\":1,\"name\":\"Home\",\"item\":\"https:\/\/probelle.com.br\/es\/\"},{\"@type\":\"ListItem\",\"position\":2,\"name\":\"Loja\",\"item\":\"https:\/\/probelle.com.br\/loja\/\"},{\"@type\":\"ListItem\",\"position\":3,\"name\":\"Mini BTX Zero Absoluto 150g\"}]},{\"@type\":\"WebSite\",\"@id\":\"https:\/\/probelle.com.br\/es\/#website\",\"url\":\"https:\/\/probelle.com.br\/es\/\",\"name\":\"Probelle Cosm\u00e9ticos\",\"description\":\"Todo mundo tem em casa.\",\"publisher\":{\"@id\":\"https:\/\/probelle.com.br\/es\/#organization\"},\"potentialAction\":[{\"@type\":\"SearchAction\",\"target\":{\"@type\":\"EntryPoint\",\"urlTemplate\":\"https:\/\/probelle.com.br\/es\/?s={search_term_string}\"},\"query-input\":{\"@type\":\"PropertyValueSpecification\",\"valueRequired\":true,\"valueName\":\"search_term_string\"}}],\"inLanguage\":\"es\"},{\"@type\":\"Organization\",\"@id\":\"https:\/\/probelle.com.br\/es\/#organization\",\"name\":\"Probelle Cosm\u00e9ticos\",\"url\":\"https:\/\/probelle.com.br\/es\/\",\"logo\":{\"@type\":\"ImageObject\",\"inLanguage\":\"es\",\"@id\":\"https:\/\/probelle.com.br\/es\/#\/schema\/logo\/image\/\",\"url\":\"https:\/\/probelle.com.br\/wp-content\/uploads\/2022\/08\/Para-o-sitee.jpg\",\"contentUrl\":\"https:\/\/probelle.com.br\/wp-content\/uploads\/2022\/08\/Para-o-sitee.jpg\",\"width\":1000,\"height\":750,\"caption\":\"Probelle Cosm\u00e9ticos\"},\"image\":{\"@id\":\"https:\/\/probelle.com.br\/es\/#\/schema\/logo\/image\/\"},\"sameAs\":[\"https:\/\/www.facebook.com\/probelle\/\",\"https:\/\/www.instagram.com\/probellecosmeticos\/\",\"https:\/\/www.youtube.com\/c\/ProbelleCosm\u00e9ticos\/\",\"https:\/\/br.linkedin.com\/company\/probellecosmeticos\",\"https:\/\/br.pinterest.com\/probellecosmeticos\/\"]}]}<\/script>\n<!-- \/ Yoast SEO Premium plugin. -->","yoast_head_json":{"title":"BTX Zero Absoluto: Transforma\u00e7\u00e3o Capilar para Cabelos Fortalecidos e Ultra Macios | Probelle","description":"Experimente a revolu\u00e7\u00e3o em transforma\u00e7\u00e3o capilar com BTX Zero Absoluto. Resultados imediatos e duradouros, nutri\u00e7\u00e3o profunda, brilho excepcional e cabelos ultra macios. Transforme seus fios em uma express\u00e3o de beleza e sa\u00fade. Descubra agora!","robots":{"index":"index","follow":"follow","max-snippet":"max-snippet:-1","max-image-preview":"max-image-preview:large","max-video-preview":"max-video-preview:-1"},"canonical":"https:\/\/probelle.com.br\/es\/produto\/mini-botox-gloss-zero-absoluto-probelle-150g\/","og_locale":"es_ES","og_type":"article","og_title":"Mini BTX Zero Absoluto 150g","og_description":"Experimente a revolu\u00e7\u00e3o em transforma\u00e7\u00e3o capilar com BTX Zero Absoluto. Resultados imediatos e duradouros, nutri\u00e7\u00e3o profunda, brilho excepcional e cabelos ultra macios. Transforme seus fios em uma express\u00e3o de beleza e sa\u00fade. Descubra agora!","og_url":"https:\/\/probelle.com.br\/es\/produto\/mini-botox-gloss-zero-absoluto-probelle-150g\/","og_site_name":"Probelle Cosm\u00e9ticos","article_publisher":"https:\/\/www.facebook.com\/probelle\/","article_modified_time":"2023-08-24T17:02:48+00:00","og_image":[{"width":1018,"height":1018,"url":"https:\/\/probelle.com.br\/wp-content\/uploads\/2023\/07\/btx-zero-absoluto-150g.png","type":"image\/png"}],"twitter_card":"summary_large_image","twitter_misc":{"Tiempo de lectura":"2 minutos"},"schema":{"@context":"https:\/\/schema.org","@graph":[{"@type":"WebPage","@id":"https:\/\/probelle.com.br\/es\/produto\/mini-botox-gloss-zero-absoluto-probelle-150g\/","url":"https:\/\/probelle.com.br\/es\/produto\/mini-botox-gloss-zero-absoluto-probelle-150g\/","name":"BTX Zero Absoluto: Transforma\u00e7\u00e3o Capilar para Cabelos Fortalecidos e Ultra Macios | Probelle","isPartOf":{"@id":"https:\/\/probelle.com.br\/es\/#website"},"primaryImageOfPage":{"@id":"https:\/\/probelle.com.br\/es\/produto\/mini-botox-gloss-zero-absoluto-probelle-150g\/#primaryimage"},"image":{"@id":"https:\/\/probelle.com.br\/es\/produto\/mini-botox-gloss-zero-absoluto-probelle-150g\/#primaryimage"},"thumbnailUrl":"https:\/\/probelle.com.br\/wp-content\/uploads\/2023\/07\/btx-zero-absoluto-150g.png","datePublished":"2023-07-28T17:35:06+00:00","dateModified":"2023-08-24T17:02:48+00:00","description":"Experimente a revolu\u00e7\u00e3o em transforma\u00e7\u00e3o capilar com BTX Zero Absoluto. Resultados imediatos e duradouros, nutri\u00e7\u00e3o profunda, brilho excepcional e cabelos ultra macios. Transforme seus fios em uma express\u00e3o de beleza e sa\u00fade. Descubra agora!","breadcrumb":{"@id":"https:\/\/probelle.com.br\/es\/produto\/mini-botox-gloss-zero-absoluto-probelle-150g\/#breadcrumb"},"inLanguage":"es","potentialAction":[{"@type":"ReadAction","target":["https:\/\/probelle.com.br\/es\/produto\/mini-botox-gloss-zero-absoluto-probelle-150g\/"]}]},{"@type":"ImageObject","inLanguage":"es","@id":"https:\/\/probelle.com.br\/es\/produto\/mini-botox-gloss-zero-absoluto-probelle-150g\/#primaryimage","url":"https:\/\/probelle.com.br\/wp-content\/uploads\/2023\/07\/btx-zero-absoluto-150g.png","contentUrl":"https:\/\/probelle.com.br\/wp-content\/uploads\/2023\/07\/btx-zero-absoluto-150g.png","width":1018,"height":1018,"caption":"BTX Zero Absoluto 150g"},{"@type":"BreadcrumbList","@id":"https:\/\/probelle.com.br\/es\/produto\/mini-botox-gloss-zero-absoluto-probelle-150g\/#breadcrumb","itemListElement":[{"@type":"ListItem","position":1,"name":"Home","item":"https:\/\/probelle.com.br\/es\/"},{"@type":"ListItem","position":2,"name":"Loja","item":"https:\/\/probelle.com.br\/loja\/"},{"@type":"ListItem","position":3,"name":"Mini BTX Zero Absoluto 150g"}]},{"@type":"WebSite","@id":"https:\/\/probelle.com.br\/es\/#website","url":"https:\/\/probelle.com.br\/es\/","name":"Probelle Cosm\u00e9ticos","description":"Todo mundo tem em casa.","publisher":{"@id":"https:\/\/probelle.com.br\/es\/#organization"},"potentialAction":[{"@type":"SearchAction","target":{"@type":"EntryPoint","urlTemplate":"https:\/\/probelle.com.br\/es\/?s={search_term_string}"},"query-input":{"@type":"PropertyValueSpecification","valueRequired":true,"valueName":"search_term_string"}}],"inLanguage":"es"},{"@type":"Organization","@id":"https:\/\/probelle.com.br\/es\/#organization","name":"Probelle Cosm\u00e9ticos","url":"https:\/\/probelle.com.br\/es\/","logo":{"@type":"ImageObject","inLanguage":"es","@id":"https:\/\/probelle.com.br\/es\/#\/schema\/logo\/image\/","url":"https:\/\/probelle.com.br\/wp-content\/uploads\/2022\/08\/Para-o-sitee.jpg","contentUrl":"https:\/\/probelle.com.br\/wp-content\/uploads\/2022\/08\/Para-o-sitee.jpg","width":1000,"height":750,"caption":"Probelle Cosm\u00e9ticos"},"image":{"@id":"https:\/\/probelle.com.br\/es\/#\/schema\/logo\/image\/"},"sameAs":["https:\/\/www.facebook.com\/probelle\/","https:\/\/www.instagram.com\/probellecosmeticos\/","https:\/\/www.youtube.com\/c\/ProbelleCosm\u00e9ticos\/","https:\/\/br.linkedin.com\/company\/probellecosmeticos","https:\/\/br.pinterest.com\/probellecosmeticos\/"]}]}},"_links":{"self":[{"href":"https:\/\/probelle.com.br\/es\/wp-json\/wp\/v2\/product\/23073","targetHints":{"allow":["GET"]}}],"collection":[{"href":"https:\/\/probelle.com.br\/es\/wp-json\/wp\/v2\/product"}],"about":[{"href":"https:\/\/probelle.com.br\/es\/wp-json\/wp\/v2\/types\/product"}],"wp:featuredmedia":[{"embeddable":true,"href":"https:\/\/probelle.com.br\/es\/wp-json\/wp\/v2\/media\/24826"}],"wp:attachment":[{"href":"https:\/\/probelle.com.br\/es\/wp-json\/wp\/v2\/media?parent=23073"}],"wp:term":[{"taxonomy":"product_brand","embeddable":true,"href":"https:\/\/probelle.com.br\/es\/wp-json\/wp\/v2\/product_brand?post=23073"},{"taxonomy":"product_cat","embeddable":true,"href":"https:\/\/probelle.com.br\/es\/wp-json\/wp\/v2\/product_cat?post=23073"},{"taxonomy":"product_tag","embeddable":true,"href":"https:\/\/probelle.com.br\/es\/wp-json\/wp\/v2\/product_tag?post=23073"}],"curies":[{"name":"wp","href":"https:\/\/api.w.org\/{rel}","templated":true}]}}