{"id":23059,"date":"2023-07-28T14:35:01","date_gmt":"2023-07-28T17:35:01","guid":{"rendered":"https:\/\/probelle.com.br\/produto\/perfume-capilar-17ml-desire-free-probelle\/"},"modified":"2023-08-21T13:33:20","modified_gmt":"2023-08-21T16:33:20","slug":"perfume-capilar-17ml-desire-free-probelle","status":"publish","type":"product","link":"https:\/\/probelle.com.br\/es\/produto\/perfume-capilar-17ml-desire-free-probelle\/","title":{"rendered":"Perfume Capilar 17mL &#8211; Desire Free Probelle"},"content":{"rendered":"<p>O Perfume Capilar 17mL &#8211; Desire Free Probelle \u00e9 formulado com uma combina\u00e7\u00e3o de ingredientes que ajudam a neutralizar a fuma\u00e7a de cigarros, a polui\u00e7\u00e3o e as frituras. O produto tamb\u00e9m ajuda a manter seu cabelo com brilho inigual\u00e1vel e toque sedoso. O resultado \u00e9 um cabelo com um perfume sofisticado e duradouro, perfeito para a mulher moderna, sedutora, meiga, carinhosa, espont\u00e2nea e plenamente realizada.<\/p>\n","protected":false},"excerpt":{"rendered":"<p>O Perfume Capilar 17mL &#8211; Desire Free Probelle \u00e9 um produto de alta qualidade que vai ajudar voc\u00ea a manter seu cabelo com um perfume sofisticado e duradouro.<\/p>\n","protected":false},"featured_media":24022,"template":"","meta":{"_joinchat":[]},"product_brand":[],"product_cat":[598],"product_tag":[594],"class_list":{"0":"post-23059","1":"product","2":"type-product","3":"status-publish","4":"has-post-thumbnail","6":"product_cat-perfumes","7":"product_tag-produtos-probelle","9":"first","10":"instock","11":"shipping-taxable","12":"purchasable","13":"product-type-simple"},"yoast_head":"<!-- This site is optimized with the Yoast SEO Premium plugin v23.5 (Yoast SEO v26.5) - https:\/\/yoast.com\/wordpress\/plugins\/seo\/ -->\n<title>Perfume Capilar 17mL - Desire Free Probelle ~ Probelle Cosm\u00e9ticos<\/title>\n<meta name=\"description\" content=\"Perfume Capilar 17mL - Desire Free Probelle, perfume capilar, perfume feminino, perfume para o cabelo, neutralizador de fuma\u00e7a de cigarros, neutralizador de polui\u00e7\u00e3o, neutralizador de frituras, brilho inigual\u00e1vel, toque sedoso, mulher moderna, sedutora, meiga, carinhosa, espont\u00e2nea, plenamente realizada, floral oriental poderoso, notas de bergamota, tangerina, pimenta rosa, p\u00e9talas de flores, gard\u00eania, algod\u00e3o doce, s\u00e2ndalo, alm\u00edscar branco e baunilha.\" \/>\n<meta name=\"robots\" content=\"index, follow, max-snippet:-1, max-image-preview:large, max-video-preview:-1\" \/>\n<link rel=\"canonical\" href=\"https:\/\/probelle.com.br\/es\/produto\/perfume-capilar-17ml-desire-free-probelle\/\" \/>\n<meta property=\"og:locale\" content=\"es_ES\" \/>\n<meta property=\"og:type\" content=\"article\" \/>\n<meta property=\"og:title\" content=\"Perfume Capilar 17mL - Desire Free Probelle\" \/>\n<meta property=\"og:description\" content=\"Perfume Capilar 17mL - Desire Free Probelle, perfume capilar, perfume feminino, perfume para o cabelo, neutralizador de fuma\u00e7a de cigarros, neutralizador de polui\u00e7\u00e3o, neutralizador de frituras, brilho inigual\u00e1vel, toque sedoso, mulher moderna, sedutora, meiga, carinhosa, espont\u00e2nea, plenamente realizada, floral oriental poderoso, notas de bergamota, tangerina, pimenta rosa, p\u00e9talas de flores, gard\u00eania, algod\u00e3o doce, s\u00e2ndalo, alm\u00edscar branco e baunilha.\" \/>\n<meta property=\"og:url\" content=\"https:\/\/probelle.com.br\/es\/produto\/perfume-capilar-17ml-desire-free-probelle\/\" \/>\n<meta property=\"og:site_name\" content=\"Probelle Cosm\u00e9ticos\" \/>\n<meta property=\"article:publisher\" content=\"https:\/\/www.facebook.com\/probelle\/\" \/>\n<meta property=\"article:modified_time\" content=\"2023-08-21T16:33:20+00:00\" \/>\n<meta property=\"og:image\" content=\"https:\/\/probelle.com.br\/wp-content\/uploads\/2023\/07\/perfume-capilar-desire-free-1.jpg\" \/>\n\t<meta property=\"og:image:width\" content=\"1024\" \/>\n\t<meta property=\"og:image:height\" content=\"1024\" \/>\n\t<meta property=\"og:image:type\" content=\"image\/jpeg\" \/>\n<meta name=\"twitter:card\" content=\"summary_large_image\" \/>\n<meta name=\"twitter:label1\" content=\"Tiempo de lectura\" \/>\n\t<meta name=\"twitter:data1\" content=\"1 minuto\" \/>\n<script type=\"application\/ld+json\" class=\"yoast-schema-graph\">{\"@context\":\"https:\/\/schema.org\",\"@graph\":[{\"@type\":\"WebPage\",\"@id\":\"https:\/\/probelle.com.br\/es\/produto\/perfume-capilar-17ml-desire-free-probelle\/\",\"url\":\"https:\/\/probelle.com.br\/es\/produto\/perfume-capilar-17ml-desire-free-probelle\/\",\"name\":\"Perfume Capilar 17mL - Desire Free Probelle ~ Probelle Cosm\u00e9ticos\",\"isPartOf\":{\"@id\":\"https:\/\/probelle.com.br\/es\/#website\"},\"primaryImageOfPage\":{\"@id\":\"https:\/\/probelle.com.br\/es\/produto\/perfume-capilar-17ml-desire-free-probelle\/#primaryimage\"},\"image\":{\"@id\":\"https:\/\/probelle.com.br\/es\/produto\/perfume-capilar-17ml-desire-free-probelle\/#primaryimage\"},\"thumbnailUrl\":\"https:\/\/probelle.com.br\/wp-content\/uploads\/2023\/07\/perfume-capilar-desire-free-1.jpg\",\"datePublished\":\"2023-07-28T17:35:01+00:00\",\"dateModified\":\"2023-08-21T16:33:20+00:00\",\"description\":\"Perfume Capilar 17mL - Desire Free Probelle, perfume capilar, perfume feminino, perfume para o cabelo, neutralizador de fuma\u00e7a de cigarros, neutralizador de polui\u00e7\u00e3o, neutralizador de frituras, brilho inigual\u00e1vel, toque sedoso, mulher moderna, sedutora, meiga, carinhosa, espont\u00e2nea, plenamente realizada, floral oriental poderoso, notas de bergamota, tangerina, pimenta rosa, p\u00e9talas de flores, gard\u00eania, algod\u00e3o doce, s\u00e2ndalo, alm\u00edscar branco e baunilha.\",\"breadcrumb\":{\"@id\":\"https:\/\/probelle.com.br\/es\/produto\/perfume-capilar-17ml-desire-free-probelle\/#breadcrumb\"},\"inLanguage\":\"es\",\"potentialAction\":[{\"@type\":\"ReadAction\",\"target\":[\"https:\/\/probelle.com.br\/es\/produto\/perfume-capilar-17ml-desire-free-probelle\/\"]}]},{\"@type\":\"ImageObject\",\"inLanguage\":\"es\",\"@id\":\"https:\/\/probelle.com.br\/es\/produto\/perfume-capilar-17ml-desire-free-probelle\/#primaryimage\",\"url\":\"https:\/\/probelle.com.br\/wp-content\/uploads\/2023\/07\/perfume-capilar-desire-free-1.jpg\",\"contentUrl\":\"https:\/\/probelle.com.br\/wp-content\/uploads\/2023\/07\/perfume-capilar-desire-free-1.jpg\",\"width\":1024,\"height\":1024},{\"@type\":\"BreadcrumbList\",\"@id\":\"https:\/\/probelle.com.br\/es\/produto\/perfume-capilar-17ml-desire-free-probelle\/#breadcrumb\",\"itemListElement\":[{\"@type\":\"ListItem\",\"position\":1,\"name\":\"Home\",\"item\":\"https:\/\/probelle.com.br\/es\/\"},{\"@type\":\"ListItem\",\"position\":2,\"name\":\"Loja\",\"item\":\"https:\/\/probelle.com.br\/loja\/\"},{\"@type\":\"ListItem\",\"position\":3,\"name\":\"Perfume Capilar 17mL &#8211; Desire Free Probelle\"}]},{\"@type\":\"WebSite\",\"@id\":\"https:\/\/probelle.com.br\/es\/#website\",\"url\":\"https:\/\/probelle.com.br\/es\/\",\"name\":\"Probelle Cosm\u00e9ticos\",\"description\":\"Todo mundo tem em casa.\",\"publisher\":{\"@id\":\"https:\/\/probelle.com.br\/es\/#organization\"},\"potentialAction\":[{\"@type\":\"SearchAction\",\"target\":{\"@type\":\"EntryPoint\",\"urlTemplate\":\"https:\/\/probelle.com.br\/es\/?s={search_term_string}\"},\"query-input\":{\"@type\":\"PropertyValueSpecification\",\"valueRequired\":true,\"valueName\":\"search_term_string\"}}],\"inLanguage\":\"es\"},{\"@type\":\"Organization\",\"@id\":\"https:\/\/probelle.com.br\/es\/#organization\",\"name\":\"Probelle Cosm\u00e9ticos\",\"url\":\"https:\/\/probelle.com.br\/es\/\",\"logo\":{\"@type\":\"ImageObject\",\"inLanguage\":\"es\",\"@id\":\"https:\/\/probelle.com.br\/es\/#\/schema\/logo\/image\/\",\"url\":\"https:\/\/probelle.com.br\/wp-content\/uploads\/2022\/08\/Para-o-sitee.jpg\",\"contentUrl\":\"https:\/\/probelle.com.br\/wp-content\/uploads\/2022\/08\/Para-o-sitee.jpg\",\"width\":1000,\"height\":750,\"caption\":\"Probelle Cosm\u00e9ticos\"},\"image\":{\"@id\":\"https:\/\/probelle.com.br\/es\/#\/schema\/logo\/image\/\"},\"sameAs\":[\"https:\/\/www.facebook.com\/probelle\/\",\"https:\/\/www.instagram.com\/probellecosmeticos\/\",\"https:\/\/www.youtube.com\/c\/ProbelleCosm\u00e9ticos\/\",\"https:\/\/br.linkedin.com\/company\/probellecosmeticos\",\"https:\/\/br.pinterest.com\/probellecosmeticos\/\"]}]}<\/script>\n<!-- \/ Yoast SEO Premium plugin. -->","yoast_head_json":{"title":"Perfume Capilar 17mL - Desire Free Probelle ~ Probelle Cosm\u00e9ticos","description":"Perfume Capilar 17mL - Desire Free Probelle, perfume capilar, perfume feminino, perfume para o cabelo, neutralizador de fuma\u00e7a de cigarros, neutralizador de polui\u00e7\u00e3o, neutralizador de frituras, brilho inigual\u00e1vel, toque sedoso, mulher moderna, sedutora, meiga, carinhosa, espont\u00e2nea, plenamente realizada, floral oriental poderoso, notas de bergamota, tangerina, pimenta rosa, p\u00e9talas de flores, gard\u00eania, algod\u00e3o doce, s\u00e2ndalo, alm\u00edscar branco e baunilha.","robots":{"index":"index","follow":"follow","max-snippet":"max-snippet:-1","max-image-preview":"max-image-preview:large","max-video-preview":"max-video-preview:-1"},"canonical":"https:\/\/probelle.com.br\/es\/produto\/perfume-capilar-17ml-desire-free-probelle\/","og_locale":"es_ES","og_type":"article","og_title":"Perfume Capilar 17mL - Desire Free Probelle","og_description":"Perfume Capilar 17mL - Desire Free Probelle, perfume capilar, perfume feminino, perfume para o cabelo, neutralizador de fuma\u00e7a de cigarros, neutralizador de polui\u00e7\u00e3o, neutralizador de frituras, brilho inigual\u00e1vel, toque sedoso, mulher moderna, sedutora, meiga, carinhosa, espont\u00e2nea, plenamente realizada, floral oriental poderoso, notas de bergamota, tangerina, pimenta rosa, p\u00e9talas de flores, gard\u00eania, algod\u00e3o doce, s\u00e2ndalo, alm\u00edscar branco e baunilha.","og_url":"https:\/\/probelle.com.br\/es\/produto\/perfume-capilar-17ml-desire-free-probelle\/","og_site_name":"Probelle Cosm\u00e9ticos","article_publisher":"https:\/\/www.facebook.com\/probelle\/","article_modified_time":"2023-08-21T16:33:20+00:00","og_image":[{"width":1024,"height":1024,"url":"https:\/\/probelle.com.br\/wp-content\/uploads\/2023\/07\/perfume-capilar-desire-free-1.jpg","type":"image\/jpeg"}],"twitter_card":"summary_large_image","twitter_misc":{"Tiempo de lectura":"1 minuto"},"schema":{"@context":"https:\/\/schema.org","@graph":[{"@type":"WebPage","@id":"https:\/\/probelle.com.br\/es\/produto\/perfume-capilar-17ml-desire-free-probelle\/","url":"https:\/\/probelle.com.br\/es\/produto\/perfume-capilar-17ml-desire-free-probelle\/","name":"Perfume Capilar 17mL - Desire Free Probelle ~ Probelle Cosm\u00e9ticos","isPartOf":{"@id":"https:\/\/probelle.com.br\/es\/#website"},"primaryImageOfPage":{"@id":"https:\/\/probelle.com.br\/es\/produto\/perfume-capilar-17ml-desire-free-probelle\/#primaryimage"},"image":{"@id":"https:\/\/probelle.com.br\/es\/produto\/perfume-capilar-17ml-desire-free-probelle\/#primaryimage"},"thumbnailUrl":"https:\/\/probelle.com.br\/wp-content\/uploads\/2023\/07\/perfume-capilar-desire-free-1.jpg","datePublished":"2023-07-28T17:35:01+00:00","dateModified":"2023-08-21T16:33:20+00:00","description":"Perfume Capilar 17mL - Desire Free Probelle, perfume capilar, perfume feminino, perfume para o cabelo, neutralizador de fuma\u00e7a de cigarros, neutralizador de polui\u00e7\u00e3o, neutralizador de frituras, brilho inigual\u00e1vel, toque sedoso, mulher moderna, sedutora, meiga, carinhosa, espont\u00e2nea, plenamente realizada, floral oriental poderoso, notas de bergamota, tangerina, pimenta rosa, p\u00e9talas de flores, gard\u00eania, algod\u00e3o doce, s\u00e2ndalo, alm\u00edscar branco e baunilha.","breadcrumb":{"@id":"https:\/\/probelle.com.br\/es\/produto\/perfume-capilar-17ml-desire-free-probelle\/#breadcrumb"},"inLanguage":"es","potentialAction":[{"@type":"ReadAction","target":["https:\/\/probelle.com.br\/es\/produto\/perfume-capilar-17ml-desire-free-probelle\/"]}]},{"@type":"ImageObject","inLanguage":"es","@id":"https:\/\/probelle.com.br\/es\/produto\/perfume-capilar-17ml-desire-free-probelle\/#primaryimage","url":"https:\/\/probelle.com.br\/wp-content\/uploads\/2023\/07\/perfume-capilar-desire-free-1.jpg","contentUrl":"https:\/\/probelle.com.br\/wp-content\/uploads\/2023\/07\/perfume-capilar-desire-free-1.jpg","width":1024,"height":1024},{"@type":"BreadcrumbList","@id":"https:\/\/probelle.com.br\/es\/produto\/perfume-capilar-17ml-desire-free-probelle\/#breadcrumb","itemListElement":[{"@type":"ListItem","position":1,"name":"Home","item":"https:\/\/probelle.com.br\/es\/"},{"@type":"ListItem","position":2,"name":"Loja","item":"https:\/\/probelle.com.br\/loja\/"},{"@type":"ListItem","position":3,"name":"Perfume Capilar 17mL &#8211; Desire Free Probelle"}]},{"@type":"WebSite","@id":"https:\/\/probelle.com.br\/es\/#website","url":"https:\/\/probelle.com.br\/es\/","name":"Probelle Cosm\u00e9ticos","description":"Todo mundo tem em casa.","publisher":{"@id":"https:\/\/probelle.com.br\/es\/#organization"},"potentialAction":[{"@type":"SearchAction","target":{"@type":"EntryPoint","urlTemplate":"https:\/\/probelle.com.br\/es\/?s={search_term_string}"},"query-input":{"@type":"PropertyValueSpecification","valueRequired":true,"valueName":"search_term_string"}}],"inLanguage":"es"},{"@type":"Organization","@id":"https:\/\/probelle.com.br\/es\/#organization","name":"Probelle Cosm\u00e9ticos","url":"https:\/\/probelle.com.br\/es\/","logo":{"@type":"ImageObject","inLanguage":"es","@id":"https:\/\/probelle.com.br\/es\/#\/schema\/logo\/image\/","url":"https:\/\/probelle.com.br\/wp-content\/uploads\/2022\/08\/Para-o-sitee.jpg","contentUrl":"https:\/\/probelle.com.br\/wp-content\/uploads\/2022\/08\/Para-o-sitee.jpg","width":1000,"height":750,"caption":"Probelle Cosm\u00e9ticos"},"image":{"@id":"https:\/\/probelle.com.br\/es\/#\/schema\/logo\/image\/"},"sameAs":["https:\/\/www.facebook.com\/probelle\/","https:\/\/www.instagram.com\/probellecosmeticos\/","https:\/\/www.youtube.com\/c\/ProbelleCosm\u00e9ticos\/","https:\/\/br.linkedin.com\/company\/probellecosmeticos","https:\/\/br.pinterest.com\/probellecosmeticos\/"]}]}},"_links":{"self":[{"href":"https:\/\/probelle.com.br\/es\/wp-json\/wp\/v2\/product\/23059","targetHints":{"allow":["GET"]}}],"collection":[{"href":"https:\/\/probelle.com.br\/es\/wp-json\/wp\/v2\/product"}],"about":[{"href":"https:\/\/probelle.com.br\/es\/wp-json\/wp\/v2\/types\/product"}],"wp:featuredmedia":[{"embeddable":true,"href":"https:\/\/probelle.com.br\/es\/wp-json\/wp\/v2\/media\/24022"}],"wp:attachment":[{"href":"https:\/\/probelle.com.br\/es\/wp-json\/wp\/v2\/media?parent=23059"}],"wp:term":[{"taxonomy":"product_brand","embeddable":true,"href":"https:\/\/probelle.com.br\/es\/wp-json\/wp\/v2\/product_brand?post=23059"},{"taxonomy":"product_cat","embeddable":true,"href":"https:\/\/probelle.com.br\/es\/wp-json\/wp\/v2\/product_cat?post=23059"},{"taxonomy":"product_tag","embeddable":true,"href":"https:\/\/probelle.com.br\/es\/wp-json\/wp\/v2\/product_tag?post=23059"}],"curies":[{"name":"wp","href":"https:\/\/api.w.org\/{rel}","templated":true}]}}