{"id":23036,"date":"2023-07-28T14:34:57","date_gmt":"2023-07-28T17:34:57","guid":{"rendered":"https:\/\/probelle.com.br\/produto\/ativador-de-cachos-250ml\/"},"modified":"2024-09-07T10:22:16","modified_gmt":"2024-09-07T13:22:16","slug":"ativador-de-cachos-250ml-explosao-de-cachos","status":"publish","type":"product","link":"https:\/\/probelle.com.br\/es\/produto\/ativador-de-cachos-250ml-explosao-de-cachos\/","title":{"rendered":"Ativador de Cachos 250mL Explos\u00e3o de Cachos"},"content":{"rendered":"<p>O Ativador de Cachos 250mL Explos\u00e3o de Cachos \u00e9 um leave-in especialmente desenvolvido para produ\u00e7\u00e3o de cachos com m\u00e1ximo volume. O produto possui alt\u00edssima performance para enrolar a fibra com balan\u00e7o natural, sem enx\u00e1gue. O Ativador de Cachos 250mL Explos\u00e3o de Cachos tamb\u00e9m \u00e9 formulado com ingredientes que nutrem em profundidade, proporcionando cachos macios e sedosos. O produto cria um filme ao redor da fibra que impede a entrada e a sa\u00edda de umidade, garantindo o m\u00e1ximo volume.<\/p>\n","protected":false},"excerpt":{"rendered":"<p>O Ativador de Cachos 250mL Explos\u00e3o de Cachos \u00e9 um produto de alta qualidade que vai ajudar voc\u00ea a produzir cachos com m\u00e1ximo volume, sem enx\u00e1gue. O produto tamb\u00e9m \u00e9 formulado com ingredientes que nutrem em profundidade, proporcionando cachos macios e sedosos.<\/p>\n","protected":false},"featured_media":24122,"template":"","meta":{"_joinchat":[]},"product_brand":[],"product_cat":[214],"product_tag":[594],"class_list":{"0":"post-23036","1":"product","2":"type-product","3":"status-publish","4":"has-post-thumbnail","6":"product_cat-home-care","7":"product_tag-produtos-probelle","9":"first","10":"outofstock","11":"shipping-taxable","12":"purchasable","13":"product-type-simple"},"yoast_head":"<!-- This site is optimized with the Yoast SEO Premium plugin v23.5 (Yoast SEO v26.5) - https:\/\/yoast.com\/wordpress\/plugins\/seo\/ -->\n<title>Ativador de Cachos 250mL Explos\u00e3o de Cachos ~ Probelle Cosm\u00e9ticos<\/title>\n<meta name=\"description\" content=\"Ativador de Cachos 250mL Explos\u00e3o de Cachos, leave-in para cabelos, produ\u00e7\u00e3o de cachos com m\u00e1ximo volume, alt\u00edssima performance, enrolar a fibra com balan\u00e7o natural, sem enx\u00e1gue, nutri\u00e7\u00e3o em profundidade, cachos macios e sedosos, filme ao redor da fibra, entrada e sa\u00edda de umidade, m\u00e1ximo volume.\" \/>\n<meta name=\"robots\" content=\"index, follow, max-snippet:-1, max-image-preview:large, max-video-preview:-1\" \/>\n<link rel=\"canonical\" href=\"https:\/\/probelle.com.br\/es\/produto\/ativador-de-cachos-250ml-explosao-de-cachos\/\" \/>\n<meta property=\"og:locale\" content=\"es_ES\" \/>\n<meta property=\"og:type\" content=\"article\" \/>\n<meta property=\"og:title\" content=\"Ativador de Cachos 250mL Explos\u00e3o de Cachos\" \/>\n<meta property=\"og:description\" content=\"Ativador de Cachos 250mL Explos\u00e3o de Cachos, leave-in para cabelos, produ\u00e7\u00e3o de cachos com m\u00e1ximo volume, alt\u00edssima performance, enrolar a fibra com balan\u00e7o natural, sem enx\u00e1gue, nutri\u00e7\u00e3o em profundidade, cachos macios e sedosos, filme ao redor da fibra, entrada e sa\u00edda de umidade, m\u00e1ximo volume.\" \/>\n<meta property=\"og:url\" content=\"https:\/\/probelle.com.br\/es\/produto\/ativador-de-cachos-250ml-explosao-de-cachos\/\" \/>\n<meta property=\"og:site_name\" content=\"Probelle Cosm\u00e9ticos\" \/>\n<meta property=\"article:publisher\" content=\"https:\/\/www.facebook.com\/probelle\/\" \/>\n<meta property=\"article:modified_time\" content=\"2024-09-07T13:22:16+00:00\" \/>\n<meta property=\"og:image\" content=\"https:\/\/probelle.com.br\/wp-content\/uploads\/2023\/07\/Embalagem_9-2.jpg\" \/>\n\t<meta property=\"og:image:width\" content=\"1024\" \/>\n\t<meta property=\"og:image:height\" content=\"1024\" \/>\n\t<meta property=\"og:image:type\" content=\"image\/jpeg\" \/>\n<meta name=\"twitter:card\" content=\"summary_large_image\" \/>\n<meta name=\"twitter:label1\" content=\"Tiempo de lectura\" \/>\n\t<meta name=\"twitter:data1\" content=\"1 minuto\" \/>\n<script type=\"application\/ld+json\" class=\"yoast-schema-graph\">{\"@context\":\"https:\/\/schema.org\",\"@graph\":[{\"@type\":\"WebPage\",\"@id\":\"https:\/\/probelle.com.br\/es\/produto\/ativador-de-cachos-250ml-explosao-de-cachos\/\",\"url\":\"https:\/\/probelle.com.br\/es\/produto\/ativador-de-cachos-250ml-explosao-de-cachos\/\",\"name\":\"Ativador de Cachos 250mL Explos\u00e3o de Cachos ~ Probelle Cosm\u00e9ticos\",\"isPartOf\":{\"@id\":\"https:\/\/probelle.com.br\/es\/#website\"},\"primaryImageOfPage\":{\"@id\":\"https:\/\/probelle.com.br\/es\/produto\/ativador-de-cachos-250ml-explosao-de-cachos\/#primaryimage\"},\"image\":{\"@id\":\"https:\/\/probelle.com.br\/es\/produto\/ativador-de-cachos-250ml-explosao-de-cachos\/#primaryimage\"},\"thumbnailUrl\":\"https:\/\/probelle.com.br\/wp-content\/uploads\/2023\/07\/Embalagem_9-2.jpg\",\"datePublished\":\"2023-07-28T17:34:57+00:00\",\"dateModified\":\"2024-09-07T13:22:16+00:00\",\"description\":\"Ativador de Cachos 250mL Explos\u00e3o de Cachos, leave-in para cabelos, produ\u00e7\u00e3o de cachos com m\u00e1ximo volume, alt\u00edssima performance, enrolar a fibra com balan\u00e7o natural, sem enx\u00e1gue, nutri\u00e7\u00e3o em profundidade, cachos macios e sedosos, filme ao redor da fibra, entrada e sa\u00edda de umidade, m\u00e1ximo volume.\",\"breadcrumb\":{\"@id\":\"https:\/\/probelle.com.br\/es\/produto\/ativador-de-cachos-250ml-explosao-de-cachos\/#breadcrumb\"},\"inLanguage\":\"es\",\"potentialAction\":[{\"@type\":\"ReadAction\",\"target\":[\"https:\/\/probelle.com.br\/es\/produto\/ativador-de-cachos-250ml-explosao-de-cachos\/\"]}]},{\"@type\":\"ImageObject\",\"inLanguage\":\"es\",\"@id\":\"https:\/\/probelle.com.br\/es\/produto\/ativador-de-cachos-250ml-explosao-de-cachos\/#primaryimage\",\"url\":\"https:\/\/probelle.com.br\/wp-content\/uploads\/2023\/07\/Embalagem_9-2.jpg\",\"contentUrl\":\"https:\/\/probelle.com.br\/wp-content\/uploads\/2023\/07\/Embalagem_9-2.jpg\",\"width\":1024,\"height\":1024},{\"@type\":\"BreadcrumbList\",\"@id\":\"https:\/\/probelle.com.br\/es\/produto\/ativador-de-cachos-250ml-explosao-de-cachos\/#breadcrumb\",\"itemListElement\":[{\"@type\":\"ListItem\",\"position\":1,\"name\":\"Home\",\"item\":\"https:\/\/probelle.com.br\/es\/\"},{\"@type\":\"ListItem\",\"position\":2,\"name\":\"Loja\",\"item\":\"https:\/\/probelle.com.br\/loja\/\"},{\"@type\":\"ListItem\",\"position\":3,\"name\":\"Ativador de Cachos 250mL Explos\u00e3o de Cachos\"}]},{\"@type\":\"WebSite\",\"@id\":\"https:\/\/probelle.com.br\/es\/#website\",\"url\":\"https:\/\/probelle.com.br\/es\/\",\"name\":\"Probelle Cosm\u00e9ticos\",\"description\":\"Todo mundo tem em casa.\",\"publisher\":{\"@id\":\"https:\/\/probelle.com.br\/es\/#organization\"},\"potentialAction\":[{\"@type\":\"SearchAction\",\"target\":{\"@type\":\"EntryPoint\",\"urlTemplate\":\"https:\/\/probelle.com.br\/es\/?s={search_term_string}\"},\"query-input\":{\"@type\":\"PropertyValueSpecification\",\"valueRequired\":true,\"valueName\":\"search_term_string\"}}],\"inLanguage\":\"es\"},{\"@type\":\"Organization\",\"@id\":\"https:\/\/probelle.com.br\/es\/#organization\",\"name\":\"Probelle Cosm\u00e9ticos\",\"url\":\"https:\/\/probelle.com.br\/es\/\",\"logo\":{\"@type\":\"ImageObject\",\"inLanguage\":\"es\",\"@id\":\"https:\/\/probelle.com.br\/es\/#\/schema\/logo\/image\/\",\"url\":\"https:\/\/probelle.com.br\/wp-content\/uploads\/2022\/08\/Para-o-sitee.jpg\",\"contentUrl\":\"https:\/\/probelle.com.br\/wp-content\/uploads\/2022\/08\/Para-o-sitee.jpg\",\"width\":1000,\"height\":750,\"caption\":\"Probelle Cosm\u00e9ticos\"},\"image\":{\"@id\":\"https:\/\/probelle.com.br\/es\/#\/schema\/logo\/image\/\"},\"sameAs\":[\"https:\/\/www.facebook.com\/probelle\/\",\"https:\/\/www.instagram.com\/probellecosmeticos\/\",\"https:\/\/www.youtube.com\/c\/ProbelleCosm\u00e9ticos\/\",\"https:\/\/br.linkedin.com\/company\/probellecosmeticos\",\"https:\/\/br.pinterest.com\/probellecosmeticos\/\"]}]}<\/script>\n<!-- \/ Yoast SEO Premium plugin. -->","yoast_head_json":{"title":"Ativador de Cachos 250mL Explos\u00e3o de Cachos ~ Probelle Cosm\u00e9ticos","description":"Ativador de Cachos 250mL Explos\u00e3o de Cachos, leave-in para cabelos, produ\u00e7\u00e3o de cachos com m\u00e1ximo volume, alt\u00edssima performance, enrolar a fibra com balan\u00e7o natural, sem enx\u00e1gue, nutri\u00e7\u00e3o em profundidade, cachos macios e sedosos, filme ao redor da fibra, entrada e sa\u00edda de umidade, m\u00e1ximo volume.","robots":{"index":"index","follow":"follow","max-snippet":"max-snippet:-1","max-image-preview":"max-image-preview:large","max-video-preview":"max-video-preview:-1"},"canonical":"https:\/\/probelle.com.br\/es\/produto\/ativador-de-cachos-250ml-explosao-de-cachos\/","og_locale":"es_ES","og_type":"article","og_title":"Ativador de Cachos 250mL Explos\u00e3o de Cachos","og_description":"Ativador de Cachos 250mL Explos\u00e3o de Cachos, leave-in para cabelos, produ\u00e7\u00e3o de cachos com m\u00e1ximo volume, alt\u00edssima performance, enrolar a fibra com balan\u00e7o natural, sem enx\u00e1gue, nutri\u00e7\u00e3o em profundidade, cachos macios e sedosos, filme ao redor da fibra, entrada e sa\u00edda de umidade, m\u00e1ximo volume.","og_url":"https:\/\/probelle.com.br\/es\/produto\/ativador-de-cachos-250ml-explosao-de-cachos\/","og_site_name":"Probelle Cosm\u00e9ticos","article_publisher":"https:\/\/www.facebook.com\/probelle\/","article_modified_time":"2024-09-07T13:22:16+00:00","og_image":[{"width":1024,"height":1024,"url":"https:\/\/probelle.com.br\/wp-content\/uploads\/2023\/07\/Embalagem_9-2.jpg","type":"image\/jpeg"}],"twitter_card":"summary_large_image","twitter_misc":{"Tiempo de lectura":"1 minuto"},"schema":{"@context":"https:\/\/schema.org","@graph":[{"@type":"WebPage","@id":"https:\/\/probelle.com.br\/es\/produto\/ativador-de-cachos-250ml-explosao-de-cachos\/","url":"https:\/\/probelle.com.br\/es\/produto\/ativador-de-cachos-250ml-explosao-de-cachos\/","name":"Ativador de Cachos 250mL Explos\u00e3o de Cachos ~ Probelle Cosm\u00e9ticos","isPartOf":{"@id":"https:\/\/probelle.com.br\/es\/#website"},"primaryImageOfPage":{"@id":"https:\/\/probelle.com.br\/es\/produto\/ativador-de-cachos-250ml-explosao-de-cachos\/#primaryimage"},"image":{"@id":"https:\/\/probelle.com.br\/es\/produto\/ativador-de-cachos-250ml-explosao-de-cachos\/#primaryimage"},"thumbnailUrl":"https:\/\/probelle.com.br\/wp-content\/uploads\/2023\/07\/Embalagem_9-2.jpg","datePublished":"2023-07-28T17:34:57+00:00","dateModified":"2024-09-07T13:22:16+00:00","description":"Ativador de Cachos 250mL Explos\u00e3o de Cachos, leave-in para cabelos, produ\u00e7\u00e3o de cachos com m\u00e1ximo volume, alt\u00edssima performance, enrolar a fibra com balan\u00e7o natural, sem enx\u00e1gue, nutri\u00e7\u00e3o em profundidade, cachos macios e sedosos, filme ao redor da fibra, entrada e sa\u00edda de umidade, m\u00e1ximo volume.","breadcrumb":{"@id":"https:\/\/probelle.com.br\/es\/produto\/ativador-de-cachos-250ml-explosao-de-cachos\/#breadcrumb"},"inLanguage":"es","potentialAction":[{"@type":"ReadAction","target":["https:\/\/probelle.com.br\/es\/produto\/ativador-de-cachos-250ml-explosao-de-cachos\/"]}]},{"@type":"ImageObject","inLanguage":"es","@id":"https:\/\/probelle.com.br\/es\/produto\/ativador-de-cachos-250ml-explosao-de-cachos\/#primaryimage","url":"https:\/\/probelle.com.br\/wp-content\/uploads\/2023\/07\/Embalagem_9-2.jpg","contentUrl":"https:\/\/probelle.com.br\/wp-content\/uploads\/2023\/07\/Embalagem_9-2.jpg","width":1024,"height":1024},{"@type":"BreadcrumbList","@id":"https:\/\/probelle.com.br\/es\/produto\/ativador-de-cachos-250ml-explosao-de-cachos\/#breadcrumb","itemListElement":[{"@type":"ListItem","position":1,"name":"Home","item":"https:\/\/probelle.com.br\/es\/"},{"@type":"ListItem","position":2,"name":"Loja","item":"https:\/\/probelle.com.br\/loja\/"},{"@type":"ListItem","position":3,"name":"Ativador de Cachos 250mL Explos\u00e3o de Cachos"}]},{"@type":"WebSite","@id":"https:\/\/probelle.com.br\/es\/#website","url":"https:\/\/probelle.com.br\/es\/","name":"Probelle Cosm\u00e9ticos","description":"Todo mundo tem em casa.","publisher":{"@id":"https:\/\/probelle.com.br\/es\/#organization"},"potentialAction":[{"@type":"SearchAction","target":{"@type":"EntryPoint","urlTemplate":"https:\/\/probelle.com.br\/es\/?s={search_term_string}"},"query-input":{"@type":"PropertyValueSpecification","valueRequired":true,"valueName":"search_term_string"}}],"inLanguage":"es"},{"@type":"Organization","@id":"https:\/\/probelle.com.br\/es\/#organization","name":"Probelle Cosm\u00e9ticos","url":"https:\/\/probelle.com.br\/es\/","logo":{"@type":"ImageObject","inLanguage":"es","@id":"https:\/\/probelle.com.br\/es\/#\/schema\/logo\/image\/","url":"https:\/\/probelle.com.br\/wp-content\/uploads\/2022\/08\/Para-o-sitee.jpg","contentUrl":"https:\/\/probelle.com.br\/wp-content\/uploads\/2022\/08\/Para-o-sitee.jpg","width":1000,"height":750,"caption":"Probelle Cosm\u00e9ticos"},"image":{"@id":"https:\/\/probelle.com.br\/es\/#\/schema\/logo\/image\/"},"sameAs":["https:\/\/www.facebook.com\/probelle\/","https:\/\/www.instagram.com\/probellecosmeticos\/","https:\/\/www.youtube.com\/c\/ProbelleCosm\u00e9ticos\/","https:\/\/br.linkedin.com\/company\/probellecosmeticos","https:\/\/br.pinterest.com\/probellecosmeticos\/"]}]}},"_links":{"self":[{"href":"https:\/\/probelle.com.br\/es\/wp-json\/wp\/v2\/product\/23036","targetHints":{"allow":["GET"]}}],"collection":[{"href":"https:\/\/probelle.com.br\/es\/wp-json\/wp\/v2\/product"}],"about":[{"href":"https:\/\/probelle.com.br\/es\/wp-json\/wp\/v2\/types\/product"}],"wp:featuredmedia":[{"embeddable":true,"href":"https:\/\/probelle.com.br\/es\/wp-json\/wp\/v2\/media\/24122"}],"wp:attachment":[{"href":"https:\/\/probelle.com.br\/es\/wp-json\/wp\/v2\/media?parent=23036"}],"wp:term":[{"taxonomy":"product_brand","embeddable":true,"href":"https:\/\/probelle.com.br\/es\/wp-json\/wp\/v2\/product_brand?post=23036"},{"taxonomy":"product_cat","embeddable":true,"href":"https:\/\/probelle.com.br\/es\/wp-json\/wp\/v2\/product_cat?post=23036"},{"taxonomy":"product_tag","embeddable":true,"href":"https:\/\/probelle.com.br\/es\/wp-json\/wp\/v2\/product_tag?post=23036"}],"curies":[{"name":"wp","href":"https:\/\/api.w.org\/{rel}","templated":true}]}}