{"id":23022,"date":"2023-07-28T14:34:50","date_gmt":"2023-07-28T17:34:50","guid":{"rendered":"https:\/\/probelle.com.br\/produto\/fluido-relax-140ml\/"},"modified":"2025-02-10T15:55:45","modified_gmt":"2025-02-10T18:55:45","slug":"fluido-relax-140ml-force-ultra","status":"publish","type":"product","link":"https:\/\/probelle.com.br\/es\/produto\/fluido-relax-140ml-force-ultra\/","title":{"rendered":"Fluido Relax 140mL Force ultra"},"content":{"rendered":"<p>O Fluido Relax 140mL Force ultra \u00e9 especialmente formulado com silicones de \u00faltima gera\u00e7\u00e3o e enriquecido com queratina. O produto promove nutri\u00e7\u00e3o excepcional dos cabelos secos e muito rebeldes, sem deixar o aspecto pesado. O Fluido Relax 140mL Force ultra tamb\u00e9m devolve o movimento natural, com a\u00e7\u00e3o disciplinante de longa dura\u00e7\u00e3o. O produto tamb\u00e9m cria uma barreira anti umidade e sensorial macio e suave. O resultado \u00e9 um cabelo com brilho sofisticado e feito de longa dura\u00e7\u00e3o.<\/p>\n","protected":false},"excerpt":{"rendered":"<p>O Fluido Relax 140mL Force ultra \u00e9 um produto de alta qualidade que vai ajudar voc\u00ea a nutrir, disciplinar e dar brilho aos cabelos secos e muito rebeldes, sem deixar o aspecto pesado.<\/p>\n","protected":false},"featured_media":24077,"template":"","meta":{"_joinchat":[]},"product_brand":[],"product_cat":[597],"product_tag":[594],"class_list":{"0":"post-23022","1":"product","2":"type-product","3":"status-publish","4":"has-post-thumbnail","6":"product_cat-oleos-e-sprays","7":"product_tag-produtos-probelle","9":"first","10":"outofstock","11":"shipping-taxable","12":"purchasable","13":"product-type-simple"},"yoast_head":"<!-- This site is optimized with the Yoast SEO Premium plugin v23.5 (Yoast SEO v26.5) - https:\/\/yoast.com\/wordpress\/plugins\/seo\/ -->\n<title>Fluido Relax 140mL Force ultra ~ Probelle Cosm\u00e9ticos<\/title>\n<meta name=\"description\" content=\"Fluido Relax 140mL Force ultra, produto para cabelos, nutri\u00e7\u00e3o, disciplina, brilho, cabelos secos, muito rebeldes, silicones de \u00faltima gera\u00e7\u00e3o, queratina, movimento natural, a\u00e7\u00e3o disciplinante de longa dura\u00e7\u00e3o, barreira anti umidade, sensorial macio e suave, brilho sofisticado, feito de longa dura\u00e7\u00e3o.\" \/>\n<meta name=\"robots\" content=\"index, follow, max-snippet:-1, max-image-preview:large, max-video-preview:-1\" \/>\n<link rel=\"canonical\" href=\"https:\/\/probelle.com.br\/es\/produto\/fluido-relax-140ml-force-ultra\/\" \/>\n<meta property=\"og:locale\" content=\"es_ES\" \/>\n<meta property=\"og:type\" content=\"article\" \/>\n<meta property=\"og:title\" content=\"Fluido Relax 140mL Force ultra\" \/>\n<meta property=\"og:description\" content=\"Fluido Relax 140mL Force ultra, produto para cabelos, nutri\u00e7\u00e3o, disciplina, brilho, cabelos secos, muito rebeldes, silicones de \u00faltima gera\u00e7\u00e3o, queratina, movimento natural, a\u00e7\u00e3o disciplinante de longa dura\u00e7\u00e3o, barreira anti umidade, sensorial macio e suave, brilho sofisticado, feito de longa dura\u00e7\u00e3o.\" \/>\n<meta property=\"og:url\" content=\"https:\/\/probelle.com.br\/es\/produto\/fluido-relax-140ml-force-ultra\/\" \/>\n<meta property=\"og:site_name\" content=\"Probelle Cosm\u00e9ticos\" \/>\n<meta property=\"article:publisher\" content=\"https:\/\/www.facebook.com\/probelle\/\" \/>\n<meta property=\"article:modified_time\" content=\"2025-02-10T18:55:45+00:00\" \/>\n<meta property=\"og:image\" content=\"https:\/\/probelle.com.br\/wp-content\/uploads\/2023\/07\/Fluido-Relax-Sem-Fundo.jpg\" \/>\n\t<meta property=\"og:image:width\" content=\"1024\" \/>\n\t<meta property=\"og:image:height\" content=\"1024\" \/>\n\t<meta property=\"og:image:type\" content=\"image\/jpeg\" \/>\n<meta name=\"twitter:card\" content=\"summary_large_image\" \/>\n<meta name=\"twitter:label1\" content=\"Tiempo de lectura\" \/>\n\t<meta name=\"twitter:data1\" content=\"1 minuto\" \/>\n<script type=\"application\/ld+json\" class=\"yoast-schema-graph\">{\"@context\":\"https:\/\/schema.org\",\"@graph\":[{\"@type\":\"WebPage\",\"@id\":\"https:\/\/probelle.com.br\/es\/produto\/fluido-relax-140ml-force-ultra\/\",\"url\":\"https:\/\/probelle.com.br\/es\/produto\/fluido-relax-140ml-force-ultra\/\",\"name\":\"Fluido Relax 140mL Force ultra ~ Probelle Cosm\u00e9ticos\",\"isPartOf\":{\"@id\":\"https:\/\/probelle.com.br\/es\/#website\"},\"primaryImageOfPage\":{\"@id\":\"https:\/\/probelle.com.br\/es\/produto\/fluido-relax-140ml-force-ultra\/#primaryimage\"},\"image\":{\"@id\":\"https:\/\/probelle.com.br\/es\/produto\/fluido-relax-140ml-force-ultra\/#primaryimage\"},\"thumbnailUrl\":\"https:\/\/probelle.com.br\/wp-content\/uploads\/2023\/07\/Fluido-Relax-Sem-Fundo.jpg\",\"datePublished\":\"2023-07-28T17:34:50+00:00\",\"dateModified\":\"2025-02-10T18:55:45+00:00\",\"description\":\"Fluido Relax 140mL Force ultra, produto para cabelos, nutri\u00e7\u00e3o, disciplina, brilho, cabelos secos, muito rebeldes, silicones de \u00faltima gera\u00e7\u00e3o, queratina, movimento natural, a\u00e7\u00e3o disciplinante de longa dura\u00e7\u00e3o, barreira anti umidade, sensorial macio e suave, brilho sofisticado, feito de longa dura\u00e7\u00e3o.\",\"breadcrumb\":{\"@id\":\"https:\/\/probelle.com.br\/es\/produto\/fluido-relax-140ml-force-ultra\/#breadcrumb\"},\"inLanguage\":\"es\",\"potentialAction\":[{\"@type\":\"ReadAction\",\"target\":[\"https:\/\/probelle.com.br\/es\/produto\/fluido-relax-140ml-force-ultra\/\"]}]},{\"@type\":\"ImageObject\",\"inLanguage\":\"es\",\"@id\":\"https:\/\/probelle.com.br\/es\/produto\/fluido-relax-140ml-force-ultra\/#primaryimage\",\"url\":\"https:\/\/probelle.com.br\/wp-content\/uploads\/2023\/07\/Fluido-Relax-Sem-Fundo.jpg\",\"contentUrl\":\"https:\/\/probelle.com.br\/wp-content\/uploads\/2023\/07\/Fluido-Relax-Sem-Fundo.jpg\",\"width\":1024,\"height\":1024},{\"@type\":\"BreadcrumbList\",\"@id\":\"https:\/\/probelle.com.br\/es\/produto\/fluido-relax-140ml-force-ultra\/#breadcrumb\",\"itemListElement\":[{\"@type\":\"ListItem\",\"position\":1,\"name\":\"Home\",\"item\":\"https:\/\/probelle.com.br\/es\/\"},{\"@type\":\"ListItem\",\"position\":2,\"name\":\"Loja\",\"item\":\"https:\/\/probelle.com.br\/loja\/\"},{\"@type\":\"ListItem\",\"position\":3,\"name\":\"Fluido Relax 140mL Force ultra\"}]},{\"@type\":\"WebSite\",\"@id\":\"https:\/\/probelle.com.br\/es\/#website\",\"url\":\"https:\/\/probelle.com.br\/es\/\",\"name\":\"Probelle Cosm\u00e9ticos\",\"description\":\"Todo mundo tem em casa.\",\"publisher\":{\"@id\":\"https:\/\/probelle.com.br\/es\/#organization\"},\"potentialAction\":[{\"@type\":\"SearchAction\",\"target\":{\"@type\":\"EntryPoint\",\"urlTemplate\":\"https:\/\/probelle.com.br\/es\/?s={search_term_string}\"},\"query-input\":{\"@type\":\"PropertyValueSpecification\",\"valueRequired\":true,\"valueName\":\"search_term_string\"}}],\"inLanguage\":\"es\"},{\"@type\":\"Organization\",\"@id\":\"https:\/\/probelle.com.br\/es\/#organization\",\"name\":\"Probelle Cosm\u00e9ticos\",\"url\":\"https:\/\/probelle.com.br\/es\/\",\"logo\":{\"@type\":\"ImageObject\",\"inLanguage\":\"es\",\"@id\":\"https:\/\/probelle.com.br\/es\/#\/schema\/logo\/image\/\",\"url\":\"https:\/\/probelle.com.br\/wp-content\/uploads\/2022\/08\/Para-o-sitee.jpg\",\"contentUrl\":\"https:\/\/probelle.com.br\/wp-content\/uploads\/2022\/08\/Para-o-sitee.jpg\",\"width\":1000,\"height\":750,\"caption\":\"Probelle Cosm\u00e9ticos\"},\"image\":{\"@id\":\"https:\/\/probelle.com.br\/es\/#\/schema\/logo\/image\/\"},\"sameAs\":[\"https:\/\/www.facebook.com\/probelle\/\",\"https:\/\/www.instagram.com\/probellecosmeticos\/\",\"https:\/\/www.youtube.com\/c\/ProbelleCosm\u00e9ticos\/\",\"https:\/\/br.linkedin.com\/company\/probellecosmeticos\",\"https:\/\/br.pinterest.com\/probellecosmeticos\/\"]}]}<\/script>\n<!-- \/ Yoast SEO Premium plugin. -->","yoast_head_json":{"title":"Fluido Relax 140mL Force ultra ~ Probelle Cosm\u00e9ticos","description":"Fluido Relax 140mL Force ultra, produto para cabelos, nutri\u00e7\u00e3o, disciplina, brilho, cabelos secos, muito rebeldes, silicones de \u00faltima gera\u00e7\u00e3o, queratina, movimento natural, a\u00e7\u00e3o disciplinante de longa dura\u00e7\u00e3o, barreira anti umidade, sensorial macio e suave, brilho sofisticado, feito de longa dura\u00e7\u00e3o.","robots":{"index":"index","follow":"follow","max-snippet":"max-snippet:-1","max-image-preview":"max-image-preview:large","max-video-preview":"max-video-preview:-1"},"canonical":"https:\/\/probelle.com.br\/es\/produto\/fluido-relax-140ml-force-ultra\/","og_locale":"es_ES","og_type":"article","og_title":"Fluido Relax 140mL Force ultra","og_description":"Fluido Relax 140mL Force ultra, produto para cabelos, nutri\u00e7\u00e3o, disciplina, brilho, cabelos secos, muito rebeldes, silicones de \u00faltima gera\u00e7\u00e3o, queratina, movimento natural, a\u00e7\u00e3o disciplinante de longa dura\u00e7\u00e3o, barreira anti umidade, sensorial macio e suave, brilho sofisticado, feito de longa dura\u00e7\u00e3o.","og_url":"https:\/\/probelle.com.br\/es\/produto\/fluido-relax-140ml-force-ultra\/","og_site_name":"Probelle Cosm\u00e9ticos","article_publisher":"https:\/\/www.facebook.com\/probelle\/","article_modified_time":"2025-02-10T18:55:45+00:00","og_image":[{"width":1024,"height":1024,"url":"https:\/\/probelle.com.br\/wp-content\/uploads\/2023\/07\/Fluido-Relax-Sem-Fundo.jpg","type":"image\/jpeg"}],"twitter_card":"summary_large_image","twitter_misc":{"Tiempo de lectura":"1 minuto"},"schema":{"@context":"https:\/\/schema.org","@graph":[{"@type":"WebPage","@id":"https:\/\/probelle.com.br\/es\/produto\/fluido-relax-140ml-force-ultra\/","url":"https:\/\/probelle.com.br\/es\/produto\/fluido-relax-140ml-force-ultra\/","name":"Fluido Relax 140mL Force ultra ~ Probelle Cosm\u00e9ticos","isPartOf":{"@id":"https:\/\/probelle.com.br\/es\/#website"},"primaryImageOfPage":{"@id":"https:\/\/probelle.com.br\/es\/produto\/fluido-relax-140ml-force-ultra\/#primaryimage"},"image":{"@id":"https:\/\/probelle.com.br\/es\/produto\/fluido-relax-140ml-force-ultra\/#primaryimage"},"thumbnailUrl":"https:\/\/probelle.com.br\/wp-content\/uploads\/2023\/07\/Fluido-Relax-Sem-Fundo.jpg","datePublished":"2023-07-28T17:34:50+00:00","dateModified":"2025-02-10T18:55:45+00:00","description":"Fluido Relax 140mL Force ultra, produto para cabelos, nutri\u00e7\u00e3o, disciplina, brilho, cabelos secos, muito rebeldes, silicones de \u00faltima gera\u00e7\u00e3o, queratina, movimento natural, a\u00e7\u00e3o disciplinante de longa dura\u00e7\u00e3o, barreira anti umidade, sensorial macio e suave, brilho sofisticado, feito de longa dura\u00e7\u00e3o.","breadcrumb":{"@id":"https:\/\/probelle.com.br\/es\/produto\/fluido-relax-140ml-force-ultra\/#breadcrumb"},"inLanguage":"es","potentialAction":[{"@type":"ReadAction","target":["https:\/\/probelle.com.br\/es\/produto\/fluido-relax-140ml-force-ultra\/"]}]},{"@type":"ImageObject","inLanguage":"es","@id":"https:\/\/probelle.com.br\/es\/produto\/fluido-relax-140ml-force-ultra\/#primaryimage","url":"https:\/\/probelle.com.br\/wp-content\/uploads\/2023\/07\/Fluido-Relax-Sem-Fundo.jpg","contentUrl":"https:\/\/probelle.com.br\/wp-content\/uploads\/2023\/07\/Fluido-Relax-Sem-Fundo.jpg","width":1024,"height":1024},{"@type":"BreadcrumbList","@id":"https:\/\/probelle.com.br\/es\/produto\/fluido-relax-140ml-force-ultra\/#breadcrumb","itemListElement":[{"@type":"ListItem","position":1,"name":"Home","item":"https:\/\/probelle.com.br\/es\/"},{"@type":"ListItem","position":2,"name":"Loja","item":"https:\/\/probelle.com.br\/loja\/"},{"@type":"ListItem","position":3,"name":"Fluido Relax 140mL Force ultra"}]},{"@type":"WebSite","@id":"https:\/\/probelle.com.br\/es\/#website","url":"https:\/\/probelle.com.br\/es\/","name":"Probelle Cosm\u00e9ticos","description":"Todo mundo tem em casa.","publisher":{"@id":"https:\/\/probelle.com.br\/es\/#organization"},"potentialAction":[{"@type":"SearchAction","target":{"@type":"EntryPoint","urlTemplate":"https:\/\/probelle.com.br\/es\/?s={search_term_string}"},"query-input":{"@type":"PropertyValueSpecification","valueRequired":true,"valueName":"search_term_string"}}],"inLanguage":"es"},{"@type":"Organization","@id":"https:\/\/probelle.com.br\/es\/#organization","name":"Probelle Cosm\u00e9ticos","url":"https:\/\/probelle.com.br\/es\/","logo":{"@type":"ImageObject","inLanguage":"es","@id":"https:\/\/probelle.com.br\/es\/#\/schema\/logo\/image\/","url":"https:\/\/probelle.com.br\/wp-content\/uploads\/2022\/08\/Para-o-sitee.jpg","contentUrl":"https:\/\/probelle.com.br\/wp-content\/uploads\/2022\/08\/Para-o-sitee.jpg","width":1000,"height":750,"caption":"Probelle Cosm\u00e9ticos"},"image":{"@id":"https:\/\/probelle.com.br\/es\/#\/schema\/logo\/image\/"},"sameAs":["https:\/\/www.facebook.com\/probelle\/","https:\/\/www.instagram.com\/probellecosmeticos\/","https:\/\/www.youtube.com\/c\/ProbelleCosm\u00e9ticos\/","https:\/\/br.linkedin.com\/company\/probellecosmeticos","https:\/\/br.pinterest.com\/probellecosmeticos\/"]}]}},"_links":{"self":[{"href":"https:\/\/probelle.com.br\/es\/wp-json\/wp\/v2\/product\/23022","targetHints":{"allow":["GET"]}}],"collection":[{"href":"https:\/\/probelle.com.br\/es\/wp-json\/wp\/v2\/product"}],"about":[{"href":"https:\/\/probelle.com.br\/es\/wp-json\/wp\/v2\/types\/product"}],"wp:featuredmedia":[{"embeddable":true,"href":"https:\/\/probelle.com.br\/es\/wp-json\/wp\/v2\/media\/24077"}],"wp:attachment":[{"href":"https:\/\/probelle.com.br\/es\/wp-json\/wp\/v2\/media?parent=23022"}],"wp:term":[{"taxonomy":"product_brand","embeddable":true,"href":"https:\/\/probelle.com.br\/es\/wp-json\/wp\/v2\/product_brand?post=23022"},{"taxonomy":"product_cat","embeddable":true,"href":"https:\/\/probelle.com.br\/es\/wp-json\/wp\/v2\/product_cat?post=23022"},{"taxonomy":"product_tag","embeddable":true,"href":"https:\/\/probelle.com.br\/es\/wp-json\/wp\/v2\/product_tag?post=23022"}],"curies":[{"name":"wp","href":"https:\/\/api.w.org\/{rel}","templated":true}]}}