{"id":21446,"date":"2023-05-07T17:26:49","date_gmt":"2023-05-07T20:26:49","guid":{"rendered":"https:\/\/probelle.com.br\/produto\/jabon-intimo-feel-good\/"},"modified":"2023-05-19T10:04:36","modified_gmt":"2023-05-19T13:04:36","slug":"jabon-intimo-feel-good","status":"publish","type":"product","link":"https:\/\/probelle.com.br\/es\/produto\/jabon-intimo-feel-good\/","title":{"rendered":"Jab\u00f3n \u00cdntimo SENTIRSE BIEN"},"content":{"rendered":"<p align=\"left\">Extraordinario jab\u00f3n \u00edntimo para una limpieza suave y delicada. Act\u00faa de forma natural alargando el tiempo de higiene y dejando una agradable sensaci\u00f3n de confort y bienestar para que te sientas bien en todo momento del d\u00eda.<\/p>\n","protected":false},"excerpt":{"rendered":"<p>Extraordinario jab\u00f3n \u00edntimo para una limpieza suave y delicada. Act\u00faa de forma natural alargando el tiempo de higiene y dejando una agradable sensaci\u00f3n de confort y bienestar para que te sientas bien en todo momento del d\u00eda.<\/p>\n","protected":false},"featured_media":21406,"template":"","meta":{"_joinchat":[]},"product_brand":[],"product_cat":[288],"product_tag":[],"class_list":{"0":"post-21446","1":"product","2":"type-product","3":"status-publish","4":"has-post-thumbnail","6":"product_cat-laboratorio-es","8":"first","9":"instock","10":"shipping-taxable","11":"product-type-simple"},"yoast_head":"<!-- This site is optimized with the Yoast SEO Premium plugin v23.5 (Yoast SEO v26.5) - https:\/\/yoast.com\/wordpress\/plugins\/seo\/ -->\n<title>Jab\u00f3n \u00cdntimo SENTIRSE BIEN ~ Probelle Cosm\u00e9ticos<\/title>\n<meta name=\"description\" content=\"Extraordinario jab\u00f3n \u00edntimo para una limpieza delicada y suave. Act\u00faa de forma natural alargando el tiempo de higiene y dejando una agradable sensaci\u00f3n de confort y bienestar para que te sientas bien en todo momento del d\u00eda.\" \/>\n<meta name=\"robots\" content=\"index, follow, max-snippet:-1, max-image-preview:large, max-video-preview:-1\" \/>\n<link rel=\"canonical\" href=\"https:\/\/probelle.com.br\/es\/produto\/jabon-intimo-feel-good\/\" \/>\n<meta property=\"og:locale\" content=\"es_ES\" \/>\n<meta property=\"og:type\" content=\"article\" \/>\n<meta property=\"og:title\" content=\"Jab\u00f3n \u00cdntimo SENTIRSE BIEN\" \/>\n<meta property=\"og:description\" content=\"Extraordinario jab\u00f3n \u00edntimo para una limpieza delicada y suave. Act\u00faa de forma natural alargando el tiempo de higiene y dejando una agradable sensaci\u00f3n de confort y bienestar para que te sientas bien en todo momento del d\u00eda.\" \/>\n<meta property=\"og:url\" content=\"https:\/\/probelle.com.br\/es\/produto\/jabon-intimo-feel-good\/\" \/>\n<meta property=\"og:site_name\" content=\"Probelle Cosm\u00e9ticos\" \/>\n<meta property=\"article:publisher\" content=\"https:\/\/www.facebook.com\/probelle\/\" \/>\n<meta property=\"article:modified_time\" content=\"2023-05-19T13:04:36+00:00\" \/>\n<meta property=\"og:image\" content=\"https:\/\/probelle.com.br\/wp-content\/uploads\/2023\/05\/THUMB-2.jpg\" \/>\n\t<meta property=\"og:image:width\" content=\"400\" \/>\n\t<meta property=\"og:image:height\" content=\"400\" \/>\n\t<meta property=\"og:image:type\" content=\"image\/jpeg\" \/>\n<meta name=\"twitter:card\" content=\"summary_large_image\" \/>\n<meta name=\"twitter:label1\" content=\"Tiempo de lectura\" \/>\n\t<meta name=\"twitter:data1\" content=\"1 minuto\" \/>\n<script type=\"application\/ld+json\" class=\"yoast-schema-graph\">{\"@context\":\"https:\/\/schema.org\",\"@graph\":[{\"@type\":\"WebPage\",\"@id\":\"https:\/\/probelle.com.br\/es\/produto\/jabon-intimo-feel-good\/\",\"url\":\"https:\/\/probelle.com.br\/es\/produto\/jabon-intimo-feel-good\/\",\"name\":\"Jab\u00f3n \u00cdntimo SENTIRSE BIEN ~ Probelle Cosm\u00e9ticos\",\"isPartOf\":{\"@id\":\"https:\/\/probelle.com.br\/es\/#website\"},\"primaryImageOfPage\":{\"@id\":\"https:\/\/probelle.com.br\/es\/produto\/jabon-intimo-feel-good\/#primaryimage\"},\"image\":{\"@id\":\"https:\/\/probelle.com.br\/es\/produto\/jabon-intimo-feel-good\/#primaryimage\"},\"thumbnailUrl\":\"https:\/\/probelle.com.br\/wp-content\/uploads\/2023\/05\/THUMB-2.jpg\",\"datePublished\":\"2023-05-07T20:26:49+00:00\",\"dateModified\":\"2023-05-19T13:04:36+00:00\",\"description\":\"Extraordinario jab\u00f3n \u00edntimo para una limpieza delicada y suave. Act\u00faa de forma natural alargando el tiempo de higiene y dejando una agradable sensaci\u00f3n de confort y bienestar para que te sientas bien en todo momento del d\u00eda.\",\"breadcrumb\":{\"@id\":\"https:\/\/probelle.com.br\/es\/produto\/jabon-intimo-feel-good\/#breadcrumb\"},\"inLanguage\":\"es\",\"potentialAction\":[{\"@type\":\"ReadAction\",\"target\":[\"https:\/\/probelle.com.br\/es\/produto\/jabon-intimo-feel-good\/\"]}]},{\"@type\":\"ImageObject\",\"inLanguage\":\"es\",\"@id\":\"https:\/\/probelle.com.br\/es\/produto\/jabon-intimo-feel-good\/#primaryimage\",\"url\":\"https:\/\/probelle.com.br\/wp-content\/uploads\/2023\/05\/THUMB-2.jpg\",\"contentUrl\":\"https:\/\/probelle.com.br\/wp-content\/uploads\/2023\/05\/THUMB-2.jpg\",\"width\":400,\"height\":400},{\"@type\":\"BreadcrumbList\",\"@id\":\"https:\/\/probelle.com.br\/es\/produto\/jabon-intimo-feel-good\/#breadcrumb\",\"itemListElement\":[{\"@type\":\"ListItem\",\"position\":1,\"name\":\"Home\",\"item\":\"https:\/\/probelle.com.br\/es\/\"},{\"@type\":\"ListItem\",\"position\":2,\"name\":\"Loja\",\"item\":\"https:\/\/probelle.com.br\/loja\/\"},{\"@type\":\"ListItem\",\"position\":3,\"name\":\"Jab\u00f3n \u00cdntimo SENTIRSE BIEN\"}]},{\"@type\":\"WebSite\",\"@id\":\"https:\/\/probelle.com.br\/es\/#website\",\"url\":\"https:\/\/probelle.com.br\/es\/\",\"name\":\"Probelle Cosm\u00e9ticos\",\"description\":\"Todo mundo tem em casa.\",\"publisher\":{\"@id\":\"https:\/\/probelle.com.br\/es\/#organization\"},\"potentialAction\":[{\"@type\":\"SearchAction\",\"target\":{\"@type\":\"EntryPoint\",\"urlTemplate\":\"https:\/\/probelle.com.br\/es\/?s={search_term_string}\"},\"query-input\":{\"@type\":\"PropertyValueSpecification\",\"valueRequired\":true,\"valueName\":\"search_term_string\"}}],\"inLanguage\":\"es\"},{\"@type\":\"Organization\",\"@id\":\"https:\/\/probelle.com.br\/es\/#organization\",\"name\":\"Probelle Cosm\u00e9ticos\",\"url\":\"https:\/\/probelle.com.br\/es\/\",\"logo\":{\"@type\":\"ImageObject\",\"inLanguage\":\"es\",\"@id\":\"https:\/\/probelle.com.br\/es\/#\/schema\/logo\/image\/\",\"url\":\"https:\/\/probelle.com.br\/wp-content\/uploads\/2022\/08\/Para-o-sitee.jpg\",\"contentUrl\":\"https:\/\/probelle.com.br\/wp-content\/uploads\/2022\/08\/Para-o-sitee.jpg\",\"width\":1000,\"height\":750,\"caption\":\"Probelle Cosm\u00e9ticos\"},\"image\":{\"@id\":\"https:\/\/probelle.com.br\/es\/#\/schema\/logo\/image\/\"},\"sameAs\":[\"https:\/\/www.facebook.com\/probelle\/\",\"https:\/\/www.instagram.com\/probellecosmeticos\/\",\"https:\/\/www.youtube.com\/c\/ProbelleCosm\u00e9ticos\/\",\"https:\/\/br.linkedin.com\/company\/probellecosmeticos\",\"https:\/\/br.pinterest.com\/probellecosmeticos\/\"]}]}<\/script>\n<!-- \/ Yoast SEO Premium plugin. -->","yoast_head_json":{"title":"Jab\u00f3n \u00cdntimo SENTIRSE BIEN ~ Probelle Cosm\u00e9ticos","description":"Extraordinario jab\u00f3n \u00edntimo para una limpieza delicada y suave. Act\u00faa de forma natural alargando el tiempo de higiene y dejando una agradable sensaci\u00f3n de confort y bienestar para que te sientas bien en todo momento del d\u00eda.","robots":{"index":"index","follow":"follow","max-snippet":"max-snippet:-1","max-image-preview":"max-image-preview:large","max-video-preview":"max-video-preview:-1"},"canonical":"https:\/\/probelle.com.br\/es\/produto\/jabon-intimo-feel-good\/","og_locale":"es_ES","og_type":"article","og_title":"Jab\u00f3n \u00cdntimo SENTIRSE BIEN","og_description":"Extraordinario jab\u00f3n \u00edntimo para una limpieza delicada y suave. Act\u00faa de forma natural alargando el tiempo de higiene y dejando una agradable sensaci\u00f3n de confort y bienestar para que te sientas bien en todo momento del d\u00eda.","og_url":"https:\/\/probelle.com.br\/es\/produto\/jabon-intimo-feel-good\/","og_site_name":"Probelle Cosm\u00e9ticos","article_publisher":"https:\/\/www.facebook.com\/probelle\/","article_modified_time":"2023-05-19T13:04:36+00:00","og_image":[{"width":400,"height":400,"url":"https:\/\/probelle.com.br\/wp-content\/uploads\/2023\/05\/THUMB-2.jpg","type":"image\/jpeg"}],"twitter_card":"summary_large_image","twitter_misc":{"Tiempo de lectura":"1 minuto"},"schema":{"@context":"https:\/\/schema.org","@graph":[{"@type":"WebPage","@id":"https:\/\/probelle.com.br\/es\/produto\/jabon-intimo-feel-good\/","url":"https:\/\/probelle.com.br\/es\/produto\/jabon-intimo-feel-good\/","name":"Jab\u00f3n \u00cdntimo SENTIRSE BIEN ~ Probelle Cosm\u00e9ticos","isPartOf":{"@id":"https:\/\/probelle.com.br\/es\/#website"},"primaryImageOfPage":{"@id":"https:\/\/probelle.com.br\/es\/produto\/jabon-intimo-feel-good\/#primaryimage"},"image":{"@id":"https:\/\/probelle.com.br\/es\/produto\/jabon-intimo-feel-good\/#primaryimage"},"thumbnailUrl":"https:\/\/probelle.com.br\/wp-content\/uploads\/2023\/05\/THUMB-2.jpg","datePublished":"2023-05-07T20:26:49+00:00","dateModified":"2023-05-19T13:04:36+00:00","description":"Extraordinario jab\u00f3n \u00edntimo para una limpieza delicada y suave. Act\u00faa de forma natural alargando el tiempo de higiene y dejando una agradable sensaci\u00f3n de confort y bienestar para que te sientas bien en todo momento del d\u00eda.","breadcrumb":{"@id":"https:\/\/probelle.com.br\/es\/produto\/jabon-intimo-feel-good\/#breadcrumb"},"inLanguage":"es","potentialAction":[{"@type":"ReadAction","target":["https:\/\/probelle.com.br\/es\/produto\/jabon-intimo-feel-good\/"]}]},{"@type":"ImageObject","inLanguage":"es","@id":"https:\/\/probelle.com.br\/es\/produto\/jabon-intimo-feel-good\/#primaryimage","url":"https:\/\/probelle.com.br\/wp-content\/uploads\/2023\/05\/THUMB-2.jpg","contentUrl":"https:\/\/probelle.com.br\/wp-content\/uploads\/2023\/05\/THUMB-2.jpg","width":400,"height":400},{"@type":"BreadcrumbList","@id":"https:\/\/probelle.com.br\/es\/produto\/jabon-intimo-feel-good\/#breadcrumb","itemListElement":[{"@type":"ListItem","position":1,"name":"Home","item":"https:\/\/probelle.com.br\/es\/"},{"@type":"ListItem","position":2,"name":"Loja","item":"https:\/\/probelle.com.br\/loja\/"},{"@type":"ListItem","position":3,"name":"Jab\u00f3n \u00cdntimo SENTIRSE BIEN"}]},{"@type":"WebSite","@id":"https:\/\/probelle.com.br\/es\/#website","url":"https:\/\/probelle.com.br\/es\/","name":"Probelle Cosm\u00e9ticos","description":"Todo mundo tem em casa.","publisher":{"@id":"https:\/\/probelle.com.br\/es\/#organization"},"potentialAction":[{"@type":"SearchAction","target":{"@type":"EntryPoint","urlTemplate":"https:\/\/probelle.com.br\/es\/?s={search_term_string}"},"query-input":{"@type":"PropertyValueSpecification","valueRequired":true,"valueName":"search_term_string"}}],"inLanguage":"es"},{"@type":"Organization","@id":"https:\/\/probelle.com.br\/es\/#organization","name":"Probelle Cosm\u00e9ticos","url":"https:\/\/probelle.com.br\/es\/","logo":{"@type":"ImageObject","inLanguage":"es","@id":"https:\/\/probelle.com.br\/es\/#\/schema\/logo\/image\/","url":"https:\/\/probelle.com.br\/wp-content\/uploads\/2022\/08\/Para-o-sitee.jpg","contentUrl":"https:\/\/probelle.com.br\/wp-content\/uploads\/2022\/08\/Para-o-sitee.jpg","width":1000,"height":750,"caption":"Probelle Cosm\u00e9ticos"},"image":{"@id":"https:\/\/probelle.com.br\/es\/#\/schema\/logo\/image\/"},"sameAs":["https:\/\/www.facebook.com\/probelle\/","https:\/\/www.instagram.com\/probellecosmeticos\/","https:\/\/www.youtube.com\/c\/ProbelleCosm\u00e9ticos\/","https:\/\/br.linkedin.com\/company\/probellecosmeticos","https:\/\/br.pinterest.com\/probellecosmeticos\/"]}]}},"_links":{"self":[{"href":"https:\/\/probelle.com.br\/es\/wp-json\/wp\/v2\/product\/21446","targetHints":{"allow":["GET"]}}],"collection":[{"href":"https:\/\/probelle.com.br\/es\/wp-json\/wp\/v2\/product"}],"about":[{"href":"https:\/\/probelle.com.br\/es\/wp-json\/wp\/v2\/types\/product"}],"wp:featuredmedia":[{"embeddable":true,"href":"https:\/\/probelle.com.br\/es\/wp-json\/wp\/v2\/media\/21406"}],"wp:attachment":[{"href":"https:\/\/probelle.com.br\/es\/wp-json\/wp\/v2\/media?parent=21446"}],"wp:term":[{"taxonomy":"product_brand","embeddable":true,"href":"https:\/\/probelle.com.br\/es\/wp-json\/wp\/v2\/product_brand?post=21446"},{"taxonomy":"product_cat","embeddable":true,"href":"https:\/\/probelle.com.br\/es\/wp-json\/wp\/v2\/product_cat?post=21446"},{"taxonomy":"product_tag","embeddable":true,"href":"https:\/\/probelle.com.br\/es\/wp-json\/wp\/v2\/product_tag?post=21446"}],"curies":[{"name":"wp","href":"https:\/\/api.w.org\/{rel}","templated":true}]}}