{"id":21350,"date":"2022-10-13T10:07:07","date_gmt":"2022-10-13T13:07:07","guid":{"rendered":"https:\/\/probelle.com.br\/transformacion\/"},"modified":"2023-04-28T17:28:38","modified_gmt":"2023-04-28T20:28:38","slug":"transformacion","status":"publish","type":"page","link":"https:\/\/probelle.com.br\/es\/produtos\/transformacion\/","title":{"rendered":"Transformaci\u00f3n"},"content":{"rendered":"\t\t<div data-elementor-type=\"wp-page\" data-elementor-id=\"21350\" class=\"elementor elementor-21350 elementor-12677\" data-elementor-post-type=\"page\">\n\t\t\t\t\t\t<section class=\"elementor-section elementor-top-section elementor-element elementor-element-d1c417a elementor-section-height-min-height elementor-section-boxed elementor-section-height-default elementor-section-items-middle\" data-id=\"d1c417a\" data-element_type=\"section\" data-settings=\"{&quot;background_background&quot;:&quot;classic&quot;}\">\n\t\t\t\t\t\t<div class=\"elementor-container elementor-column-gap-default\">\n\t\t\t\t\t<div class=\"elementor-column elementor-col-50 elementor-top-column elementor-element elementor-element-3c3ea9e\" data-id=\"3c3ea9e\" data-element_type=\"column\">\n\t\t\t<div class=\"elementor-widget-wrap\">\n\t\t\t\t\t\t\t<\/div>\n\t\t<\/div>\n\t\t\t\t<div class=\"elementor-column elementor-col-50 elementor-top-column elementor-element elementor-element-55256db\" data-id=\"55256db\" data-element_type=\"column\">\n\t\t\t<div class=\"elementor-widget-wrap elementor-element-populated\">\n\t\t\t\t\t\t<div class=\"elementor-element elementor-element-0d9a64f elementor-widget elementor-widget-heading\" data-id=\"0d9a64f\" data-element_type=\"widget\" data-widget_type=\"heading.default\">\n\t\t\t\t<div class=\"elementor-widget-container\">\n\t\t\t\t\t<h2 class=\"elementor-heading-title elementor-size-default\">Transformaci\u00f3n<\/h2>\t\t\t\t<\/div>\n\t\t\t\t<\/div>\n\t\t\t\t<div class=\"elementor-element elementor-element-3132506 elementor-widget elementor-widget-text-editor\" data-id=\"3132506\" data-element_type=\"widget\" data-widget_type=\"text-editor.default\">\n\t\t\t\t<div class=\"elementor-widget-container\">\n\t\t\t\t\t\t\t\t\t<p>Consigue la suavidad de tus sue\u00f1os.<\/p>\n\t\t\t\t\t\t\t\t<\/div>\n\t\t\t\t<\/div>\n\t\t\t\t\t<\/div>\n\t\t<\/div>\n\t\t\t\t\t<\/div>\n\t\t<\/section>\n\t\t\t\t<section class=\"elementor-section elementor-top-section elementor-element elementor-element-42d5e31 elementor-section-boxed elementor-section-height-default elementor-section-height-default\" data-id=\"42d5e31\" data-element_type=\"section\">\n\t\t\t\t\t\t<div class=\"elementor-container elementor-column-gap-default\">\n\t\t\t\t\t<div class=\"elementor-column elementor-col-50 elementor-top-column elementor-element elementor-element-8b8a918\" data-id=\"8b8a918\" data-element_type=\"column\">\n\t\t\t<div class=\"elementor-widget-wrap elementor-element-populated\">\n\t\t\t\t\t\t<div class=\"elementor-element elementor-element-259395d elementor-widget elementor-widget-image\" data-id=\"259395d\" data-element_type=\"widget\" data-widget_type=\"image.default\">\n\t\t\t\t<div class=\"elementor-widget-container\">\n\t\t\t\t\t\t\t\t\t\t\t\t\t\t\t<picture><source srcset=\"https:\/\/probelle.com.br\/wp-content\/webp-express\/webp-images\/uploads\/2022\/10\/BTX-Probelle-Novo.png.webp 500w, https:\/\/probelle.com.br\/wp-content\/webp-express\/webp-images\/uploads\/2022\/10\/BTX-Probelle-Novo-300x240.png.webp 300w\" sizes=\"100vw\" type=\"image\/webp\"><img fetchpriority=\"high\" decoding=\"async\" width=\"500\" height=\"400\" src=\"https:\/\/probelle.com.br\/wp-content\/uploads\/2022\/10\/BTX-Probelle-Novo.png\" class=\"attachment-large size-large wp-image-16896 webpexpress-processed\" alt=\"\" srcset=\"https:\/\/probelle.com.br\/wp-content\/uploads\/2022\/10\/BTX-Probelle-Novo.png 500w, https:\/\/probelle.com.br\/wp-content\/uploads\/2022\/10\/BTX-Probelle-Novo-300x240.png 300w\" sizes=\"100vw\"><\/picture>\t\t\t\t\t\t\t\t\t\t\t\t\t\t\t<\/div>\n\t\t\t\t<\/div>\n\t\t\t\t<div class=\"elementor-element elementor-element-e9d4b08 elementor-widget elementor-widget-heading\" data-id=\"e9d4b08\" data-element_type=\"widget\" data-widget_type=\"heading.default\">\n\t\t\t\t<div class=\"elementor-widget-container\">\n\t\t\t\t\t<h2 class=\"elementor-heading-title elementor-size-default\">BTX<\/h2>\t\t\t\t<\/div>\n\t\t\t\t<\/div>\n\t\t\t\t<div class=\"elementor-element elementor-element-91a1e6b elementor-widget elementor-widget-text-editor\" data-id=\"91a1e6b\" data-element_type=\"widget\" data-widget_type=\"text-editor.default\">\n\t\t\t\t<div class=\"elementor-widget-container\">\n\t\t\t\t\t\t\t\t\t<p><span style=\"font-weight: 400;\">Realineaci\u00f3n t\u00e9rmica de muy alto rendimiento, cabello de todo tipo de resistencia que ofrece muy bajo riesgo de cambio de tono.<\/span><\/p>\n\t\t\t\t\t\t\t\t<\/div>\n\t\t\t\t<\/div>\n\t\t\t\t<div class=\"elementor-element elementor-element-47469a7 elementor-mobile-align-center elementor-icon-list--layout-traditional elementor-list-item-link-full_width elementor-widget elementor-widget-icon-list\" data-id=\"47469a7\" data-element_type=\"widget\" data-widget_type=\"icon-list.default\">\n\t\t\t\t<div class=\"elementor-widget-container\">\n\t\t\t\t\t\t\t<ul class=\"elementor-icon-list-items\">\n\t\t\t\t\t\t\t<li class=\"elementor-icon-list-item\">\n\t\t\t\t\t\t\t\t\t\t\t<a href=\"https:\/\/probelle.com.br\/btx\/\">\n\n\t\t\t\t\t\t\t\t\t\t\t\t<span class=\"elementor-icon-list-icon\">\n\t\t\t\t\t\t\t<i aria-hidden=\"true\" class=\"fas fa-chevron-right\"><\/i>\t\t\t\t\t\t<\/span>\n\t\t\t\t\t\t\t\t\t\t<span class=\"elementor-icon-list-text\">Saber mas<\/span>\n\t\t\t\t\t\t\t\t\t\t\t<\/a>\n\t\t\t\t\t\t\t\t\t<\/li>\n\t\t\t\t\t\t<\/ul>\n\t\t\t\t\t\t<\/div>\n\t\t\t\t<\/div>\n\t\t\t\t\t<\/div>\n\t\t<\/div>\n\t\t\t\t<div class=\"elementor-column elementor-col-50 elementor-top-column elementor-element elementor-element-8c9978b\" data-id=\"8c9978b\" data-element_type=\"column\">\n\t\t\t<div class=\"elementor-widget-wrap elementor-element-populated\">\n\t\t\t\t\t\t<div class=\"elementor-element elementor-element-af8376c elementor-widget elementor-widget-image\" data-id=\"af8376c\" data-element_type=\"widget\" data-widget_type=\"image.default\">\n\t\t\t\t<div class=\"elementor-widget-container\">\n\t\t\t\t\t\t\t\t\t\t\t\t\t\t\t<picture><source srcset=\"https:\/\/probelle.com.br\/wp-content\/webp-express\/webp-images\/uploads\/2022\/10\/Progressiva-Probelle-Novo.png.webp 500w, https:\/\/probelle.com.br\/wp-content\/webp-express\/webp-images\/uploads\/2022\/10\/Progressiva-Probelle-Novo-300x240.png.webp 300w\" sizes=\"100vw\" type=\"image\/webp\"><img decoding=\"async\" width=\"500\" height=\"400\" src=\"https:\/\/probelle.com.br\/wp-content\/uploads\/2022\/10\/Progressiva-Probelle-Novo.png\" class=\"attachment-large size-large wp-image-16899 webpexpress-processed\" alt=\"\" srcset=\"https:\/\/probelle.com.br\/wp-content\/uploads\/2022\/10\/Progressiva-Probelle-Novo.png 500w, https:\/\/probelle.com.br\/wp-content\/uploads\/2022\/10\/Progressiva-Probelle-Novo-300x240.png 300w\" sizes=\"100vw\"><\/picture>\t\t\t\t\t\t\t\t\t\t\t\t\t\t\t<\/div>\n\t\t\t\t<\/div>\n\t\t\t\t<div class=\"elementor-element elementor-element-9960997 elementor-widget elementor-widget-heading\" data-id=\"9960997\" data-element_type=\"widget\" data-widget_type=\"heading.default\">\n\t\t\t\t<div class=\"elementor-widget-container\">\n\t\t\t\t\t<h2 class=\"elementor-heading-title elementor-size-default\">Progresiva<\/h2>\t\t\t\t<\/div>\n\t\t\t\t<\/div>\n\t\t\t\t<div class=\"elementor-element elementor-element-19c06a5 elementor-widget elementor-widget-text-editor\" data-id=\"19c06a5\" data-element_type=\"widget\" data-widget_type=\"text-editor.default\">\n\t\t\t\t<div class=\"elementor-widget-container\">\n\t\t\t\t\t\t\t\t\t<p><span style=\"font-weight: 400;\">Cepillo sin formol, en dos pasos. Mega suave r\u00e1pido, f\u00e1cil y duradero.<\/span><\/p>\n\t\t\t\t\t\t\t\t<\/div>\n\t\t\t\t<\/div>\n\t\t\t\t<div class=\"elementor-element elementor-element-0580f90 elementor-mobile-align-center elementor-icon-list--layout-traditional elementor-list-item-link-full_width elementor-widget elementor-widget-icon-list\" data-id=\"0580f90\" data-element_type=\"widget\" data-widget_type=\"icon-list.default\">\n\t\t\t\t<div class=\"elementor-widget-container\">\n\t\t\t\t\t\t\t<ul class=\"elementor-icon-list-items\">\n\t\t\t\t\t\t\t<li class=\"elementor-icon-list-item\">\n\t\t\t\t\t\t\t\t\t\t\t<a href=\"https:\/\/probelle.com.br\/smooth-infusion\/\">\n\n\t\t\t\t\t\t\t\t\t\t\t\t<span class=\"elementor-icon-list-icon\">\n\t\t\t\t\t\t\t<i aria-hidden=\"true\" class=\"fas fa-chevron-right\"><\/i>\t\t\t\t\t\t<\/span>\n\t\t\t\t\t\t\t\t\t\t<span class=\"elementor-icon-list-text\">Saber mas<\/span>\n\t\t\t\t\t\t\t\t\t\t\t<\/a>\n\t\t\t\t\t\t\t\t\t<\/li>\n\t\t\t\t\t\t<\/ul>\n\t\t\t\t\t\t<\/div>\n\t\t\t\t<\/div>\n\t\t\t\t\t<\/div>\n\t\t<\/div>\n\t\t\t\t\t<\/div>\n\t\t<\/section>\n\t\t\t\t<\/div>\n\t\t","protected":false},"excerpt":{"rendered":"<p>Transformaci\u00f3n Consigue la suavidad de tus sue\u00f1os. BTX Realineaci\u00f3n t\u00e9rmica de muy alto rendimiento, cabello de todo tipo de resistencia que ofrece muy bajo riesgo de cambio de tono. Saber mas Progresiva Cepillo sin formol, en dos pasos. Mega suave r\u00e1pido, f\u00e1cil y duradero. Saber mas<\/p>\n","protected":false},"author":3,"featured_media":0,"parent":23452,"menu_order":0,"comment_status":"closed","ping_status":"closed","template":"elementor_header_footer","meta":{"_joinchat":[],"footnotes":""},"class_list":["post-21350","page","type-page","status-publish","hentry"],"yoast_head":"<!-- This site is optimized with the Yoast SEO Premium plugin v23.5 (Yoast SEO v26.5) - https:\/\/yoast.com\/wordpress\/plugins\/seo\/ -->\n<title>Transformaci\u00f3n ~ Probelle Cosm\u00e9ticos<\/title>\n<meta name=\"robots\" content=\"index, follow, max-snippet:-1, max-image-preview:large, max-video-preview:-1\" \/>\n<link rel=\"canonical\" href=\"https:\/\/probelle.com.br\/es\/produtos\/transformacion\/\" \/>\n<meta property=\"og:locale\" content=\"es_ES\" \/>\n<meta property=\"og:type\" content=\"article\" \/>\n<meta property=\"og:title\" content=\"Transformaci\u00f3n\" \/>\n<meta property=\"og:description\" content=\"Transformaci\u00f3n Consigue la suavidad de tus sue\u00f1os. BTX Realineaci\u00f3n t\u00e9rmica de muy alto rendimiento, cabello de todo tipo de resistencia que ofrece muy bajo riesgo de cambio de tono. Saber mas Progresiva Cepillo sin formol, en dos pasos. Mega suave r\u00e1pido, f\u00e1cil y duradero. Saber mas\" \/>\n<meta property=\"og:url\" content=\"https:\/\/probelle.com.br\/es\/produtos\/transformacion\/\" \/>\n<meta property=\"og:site_name\" content=\"Probelle Cosm\u00e9ticos\" \/>\n<meta property=\"article:publisher\" content=\"https:\/\/www.facebook.com\/probelle\/\" \/>\n<meta property=\"article:modified_time\" content=\"2023-04-28T20:28:38+00:00\" \/>\n<meta property=\"og:image\" content=\"https:\/\/probelle.com.br\/wp-content\/uploads\/2022\/10\/BTX-Probelle-Novo.png\" \/>\n<meta name=\"twitter:card\" content=\"summary_large_image\" \/>\n<script type=\"application\/ld+json\" class=\"yoast-schema-graph\">{\"@context\":\"https:\/\/schema.org\",\"@graph\":[{\"@type\":\"WebPage\",\"@id\":\"https:\/\/probelle.com.br\/es\/produtos\/transformacion\/\",\"url\":\"https:\/\/probelle.com.br\/es\/produtos\/transformacion\/\",\"name\":\"Transformaci\u00f3n ~ Probelle Cosm\u00e9ticos\",\"isPartOf\":{\"@id\":\"https:\/\/probelle.com.br\/es\/#website\"},\"primaryImageOfPage\":{\"@id\":\"https:\/\/probelle.com.br\/es\/produtos\/transformacion\/#primaryimage\"},\"image\":{\"@id\":\"https:\/\/probelle.com.br\/es\/produtos\/transformacion\/#primaryimage\"},\"thumbnailUrl\":\"https:\/\/probelle.com.br\/wp-content\/uploads\/2022\/10\/BTX-Probelle-Novo.png\",\"datePublished\":\"2022-10-13T13:07:07+00:00\",\"dateModified\":\"2023-04-28T20:28:38+00:00\",\"breadcrumb\":{\"@id\":\"https:\/\/probelle.com.br\/es\/produtos\/transformacion\/#breadcrumb\"},\"inLanguage\":\"es\",\"potentialAction\":[{\"@type\":\"ReadAction\",\"target\":[\"https:\/\/probelle.com.br\/es\/produtos\/transformacion\/\"]}]},{\"@type\":\"ImageObject\",\"inLanguage\":\"es\",\"@id\":\"https:\/\/probelle.com.br\/es\/produtos\/transformacion\/#primaryimage\",\"url\":\"https:\/\/probelle.com.br\/wp-content\/uploads\/2022\/10\/BTX-Probelle-Novo.png\",\"contentUrl\":\"https:\/\/probelle.com.br\/wp-content\/uploads\/2022\/10\/BTX-Probelle-Novo.png\"},{\"@type\":\"BreadcrumbList\",\"@id\":\"https:\/\/probelle.com.br\/es\/produtos\/transformacion\/#breadcrumb\",\"itemListElement\":[{\"@type\":\"ListItem\",\"position\":1,\"name\":\"Home\",\"item\":\"https:\/\/probelle.com.br\/es\/\"},{\"@type\":\"ListItem\",\"position\":2,\"name\":\"Produtos\",\"item\":\"https:\/\/probelle.com.br\/es\/produtos\/\"},{\"@type\":\"ListItem\",\"position\":3,\"name\":\"Transformaci\u00f3n\"}]},{\"@type\":\"WebSite\",\"@id\":\"https:\/\/probelle.com.br\/es\/#website\",\"url\":\"https:\/\/probelle.com.br\/es\/\",\"name\":\"Probelle Cosm\u00e9ticos\",\"description\":\"Todo mundo tem em casa.\",\"publisher\":{\"@id\":\"https:\/\/probelle.com.br\/es\/#organization\"},\"potentialAction\":[{\"@type\":\"SearchAction\",\"target\":{\"@type\":\"EntryPoint\",\"urlTemplate\":\"https:\/\/probelle.com.br\/es\/?s={search_term_string}\"},\"query-input\":{\"@type\":\"PropertyValueSpecification\",\"valueRequired\":true,\"valueName\":\"search_term_string\"}}],\"inLanguage\":\"es\"},{\"@type\":\"Organization\",\"@id\":\"https:\/\/probelle.com.br\/es\/#organization\",\"name\":\"Probelle Cosm\u00e9ticos\",\"url\":\"https:\/\/probelle.com.br\/es\/\",\"logo\":{\"@type\":\"ImageObject\",\"inLanguage\":\"es\",\"@id\":\"https:\/\/probelle.com.br\/es\/#\/schema\/logo\/image\/\",\"url\":\"https:\/\/probelle.com.br\/wp-content\/uploads\/2022\/08\/Para-o-sitee.jpg\",\"contentUrl\":\"https:\/\/probelle.com.br\/wp-content\/uploads\/2022\/08\/Para-o-sitee.jpg\",\"width\":1000,\"height\":750,\"caption\":\"Probelle Cosm\u00e9ticos\"},\"image\":{\"@id\":\"https:\/\/probelle.com.br\/es\/#\/schema\/logo\/image\/\"},\"sameAs\":[\"https:\/\/www.facebook.com\/probelle\/\",\"https:\/\/www.instagram.com\/probellecosmeticos\/\",\"https:\/\/www.youtube.com\/c\/ProbelleCosm\u00e9ticos\/\",\"https:\/\/br.linkedin.com\/company\/probellecosmeticos\",\"https:\/\/br.pinterest.com\/probellecosmeticos\/\"]}]}<\/script>\n<!-- \/ Yoast SEO Premium plugin. -->","yoast_head_json":{"title":"Transformaci\u00f3n ~ Probelle Cosm\u00e9ticos","robots":{"index":"index","follow":"follow","max-snippet":"max-snippet:-1","max-image-preview":"max-image-preview:large","max-video-preview":"max-video-preview:-1"},"canonical":"https:\/\/probelle.com.br\/es\/produtos\/transformacion\/","og_locale":"es_ES","og_type":"article","og_title":"Transformaci\u00f3n","og_description":"Transformaci\u00f3n Consigue la suavidad de tus sue\u00f1os. BTX Realineaci\u00f3n t\u00e9rmica de muy alto rendimiento, cabello de todo tipo de resistencia que ofrece muy bajo riesgo de cambio de tono. Saber mas Progresiva Cepillo sin formol, en dos pasos. Mega suave r\u00e1pido, f\u00e1cil y duradero. Saber mas","og_url":"https:\/\/probelle.com.br\/es\/produtos\/transformacion\/","og_site_name":"Probelle Cosm\u00e9ticos","article_publisher":"https:\/\/www.facebook.com\/probelle\/","article_modified_time":"2023-04-28T20:28:38+00:00","og_image":[{"url":"https:\/\/probelle.com.br\/wp-content\/uploads\/2022\/10\/BTX-Probelle-Novo.png","type":"","width":"","height":""}],"twitter_card":"summary_large_image","schema":{"@context":"https:\/\/schema.org","@graph":[{"@type":"WebPage","@id":"https:\/\/probelle.com.br\/es\/produtos\/transformacion\/","url":"https:\/\/probelle.com.br\/es\/produtos\/transformacion\/","name":"Transformaci\u00f3n ~ Probelle Cosm\u00e9ticos","isPartOf":{"@id":"https:\/\/probelle.com.br\/es\/#website"},"primaryImageOfPage":{"@id":"https:\/\/probelle.com.br\/es\/produtos\/transformacion\/#primaryimage"},"image":{"@id":"https:\/\/probelle.com.br\/es\/produtos\/transformacion\/#primaryimage"},"thumbnailUrl":"https:\/\/probelle.com.br\/wp-content\/uploads\/2022\/10\/BTX-Probelle-Novo.png","datePublished":"2022-10-13T13:07:07+00:00","dateModified":"2023-04-28T20:28:38+00:00","breadcrumb":{"@id":"https:\/\/probelle.com.br\/es\/produtos\/transformacion\/#breadcrumb"},"inLanguage":"es","potentialAction":[{"@type":"ReadAction","target":["https:\/\/probelle.com.br\/es\/produtos\/transformacion\/"]}]},{"@type":"ImageObject","inLanguage":"es","@id":"https:\/\/probelle.com.br\/es\/produtos\/transformacion\/#primaryimage","url":"https:\/\/probelle.com.br\/wp-content\/uploads\/2022\/10\/BTX-Probelle-Novo.png","contentUrl":"https:\/\/probelle.com.br\/wp-content\/uploads\/2022\/10\/BTX-Probelle-Novo.png"},{"@type":"BreadcrumbList","@id":"https:\/\/probelle.com.br\/es\/produtos\/transformacion\/#breadcrumb","itemListElement":[{"@type":"ListItem","position":1,"name":"Home","item":"https:\/\/probelle.com.br\/es\/"},{"@type":"ListItem","position":2,"name":"Produtos","item":"https:\/\/probelle.com.br\/es\/produtos\/"},{"@type":"ListItem","position":3,"name":"Transformaci\u00f3n"}]},{"@type":"WebSite","@id":"https:\/\/probelle.com.br\/es\/#website","url":"https:\/\/probelle.com.br\/es\/","name":"Probelle Cosm\u00e9ticos","description":"Todo mundo tem em casa.","publisher":{"@id":"https:\/\/probelle.com.br\/es\/#organization"},"potentialAction":[{"@type":"SearchAction","target":{"@type":"EntryPoint","urlTemplate":"https:\/\/probelle.com.br\/es\/?s={search_term_string}"},"query-input":{"@type":"PropertyValueSpecification","valueRequired":true,"valueName":"search_term_string"}}],"inLanguage":"es"},{"@type":"Organization","@id":"https:\/\/probelle.com.br\/es\/#organization","name":"Probelle Cosm\u00e9ticos","url":"https:\/\/probelle.com.br\/es\/","logo":{"@type":"ImageObject","inLanguage":"es","@id":"https:\/\/probelle.com.br\/es\/#\/schema\/logo\/image\/","url":"https:\/\/probelle.com.br\/wp-content\/uploads\/2022\/08\/Para-o-sitee.jpg","contentUrl":"https:\/\/probelle.com.br\/wp-content\/uploads\/2022\/08\/Para-o-sitee.jpg","width":1000,"height":750,"caption":"Probelle Cosm\u00e9ticos"},"image":{"@id":"https:\/\/probelle.com.br\/es\/#\/schema\/logo\/image\/"},"sameAs":["https:\/\/www.facebook.com\/probelle\/","https:\/\/www.instagram.com\/probellecosmeticos\/","https:\/\/www.youtube.com\/c\/ProbelleCosm\u00e9ticos\/","https:\/\/br.linkedin.com\/company\/probellecosmeticos","https:\/\/br.pinterest.com\/probellecosmeticos\/"]}]}},"_links":{"self":[{"href":"https:\/\/probelle.com.br\/es\/wp-json\/wp\/v2\/pages\/21350","targetHints":{"allow":["GET"]}}],"collection":[{"href":"https:\/\/probelle.com.br\/es\/wp-json\/wp\/v2\/pages"}],"about":[{"href":"https:\/\/probelle.com.br\/es\/wp-json\/wp\/v2\/types\/page"}],"author":[{"embeddable":true,"href":"https:\/\/probelle.com.br\/es\/wp-json\/wp\/v2\/users\/3"}],"replies":[{"embeddable":true,"href":"https:\/\/probelle.com.br\/es\/wp-json\/wp\/v2\/comments?post=21350"}],"version-history":[{"count":1,"href":"https:\/\/probelle.com.br\/es\/wp-json\/wp\/v2\/pages\/21350\/revisions"}],"predecessor-version":[{"id":21351,"href":"https:\/\/probelle.com.br\/es\/wp-json\/wp\/v2\/pages\/21350\/revisions\/21351"}],"up":[{"embeddable":true,"href":"https:\/\/probelle.com.br\/es\/wp-json\/wp\/v2\/pages\/23452"}],"wp:attachment":[{"href":"https:\/\/probelle.com.br\/es\/wp-json\/wp\/v2\/media?parent=21350"}],"curies":[{"name":"wp","href":"https:\/\/api.w.org\/{rel}","templated":true}]}}