{"id":21348,"date":"2022-10-13T10:00:12","date_gmt":"2022-10-13T13:00:12","guid":{"rendered":"https:\/\/probelle.com.br\/rubios\/"},"modified":"2023-04-28T17:27:37","modified_gmt":"2023-04-28T20:27:37","slug":"rubios","status":"publish","type":"page","link":"https:\/\/probelle.com.br\/es\/produtos\/rubios\/","title":{"rendered":"Rubios"},"content":{"rendered":"\t\t<div data-elementor-type=\"wp-page\" data-elementor-id=\"21348\" class=\"elementor elementor-21348 elementor-12659\" data-elementor-post-type=\"page\">\n\t\t\t\t\t\t<section class=\"elementor-section elementor-top-section elementor-element elementor-element-cfe4ceb elementor-section-height-min-height elementor-section-boxed elementor-section-height-default elementor-section-items-middle\" data-id=\"cfe4ceb\" data-element_type=\"section\" data-settings=\"{&quot;background_background&quot;:&quot;classic&quot;}\">\n\t\t\t\t\t\t<div class=\"elementor-container elementor-column-gap-default\">\n\t\t\t\t\t<div class=\"elementor-column elementor-col-50 elementor-top-column elementor-element elementor-element-652f720\" data-id=\"652f720\" data-element_type=\"column\">\n\t\t\t<div class=\"elementor-widget-wrap elementor-element-populated\">\n\t\t\t\t\t\t<div class=\"elementor-element elementor-element-a100301 elementor-widget elementor-widget-heading\" data-id=\"a100301\" data-element_type=\"widget\" data-widget_type=\"heading.default\">\n\t\t\t\t<div class=\"elementor-widget-container\">\n\t\t\t\t\t<h2 class=\"elementor-heading-title elementor-size-default\">Rubios<\/h2>\t\t\t\t<\/div>\n\t\t\t\t<\/div>\n\t\t\t\t<div class=\"elementor-element elementor-element-bc385b9 elementor-widget elementor-widget-text-editor\" data-id=\"bc385b9\" data-element_type=\"widget\" data-widget_type=\"text-editor.default\">\n\t\t\t\t<div class=\"elementor-widget-container\">\n\t\t\t\t\t\t\t\t\t<p>Rubios sanos, con brillo y movimiento natural.<\/p>\n\t\t\t\t\t\t\t\t<\/div>\n\t\t\t\t<\/div>\n\t\t\t\t\t<\/div>\n\t\t<\/div>\n\t\t\t\t<div class=\"elementor-column elementor-col-50 elementor-top-column elementor-element elementor-element-ba34b11\" data-id=\"ba34b11\" data-element_type=\"column\">\n\t\t\t<div class=\"elementor-widget-wrap\">\n\t\t\t\t\t\t\t<\/div>\n\t\t<\/div>\n\t\t\t\t\t<\/div>\n\t\t<\/section>\n\t\t\t\t<section class=\"elementor-section elementor-top-section elementor-element elementor-element-0cf35c9 elementor-section-boxed elementor-section-height-default elementor-section-height-default\" data-id=\"0cf35c9\" data-element_type=\"section\">\n\t\t\t\t\t\t<div class=\"elementor-container elementor-column-gap-default\">\n\t\t\t\t\t<div class=\"elementor-column elementor-col-25 elementor-top-column elementor-element elementor-element-f5f7566\" data-id=\"f5f7566\" data-element_type=\"column\">\n\t\t\t<div class=\"elementor-widget-wrap elementor-element-populated\">\n\t\t\t\t\t\t<div class=\"elementor-element elementor-element-2e8cd9a elementor-widget elementor-widget-image\" data-id=\"2e8cd9a\" data-element_type=\"widget\" data-widget_type=\"image.default\">\n\t\t\t\t<div class=\"elementor-widget-container\">\n\t\t\t\t\t\t\t\t\t\t\t\t\t\t\t<picture><source srcset=\"https:\/\/probelle.com.br\/wp-content\/webp-express\/webp-images\/uploads\/2022\/10\/Agua-Oxigenada-Probelle-Novo.png.webp 500w, https:\/\/probelle.com.br\/wp-content\/webp-express\/webp-images\/uploads\/2022\/10\/Agua-Oxigenada-Probelle-Novo-300x240.png.webp 300w\" sizes=\"100vw\" type=\"image\/webp\"><img fetchpriority=\"high\" decoding=\"async\" width=\"500\" height=\"400\" src=\"https:\/\/probelle.com.br\/wp-content\/uploads\/2022\/10\/Agua-Oxigenada-Probelle-Novo.png\" class=\"attachment-large size-large wp-image-16884 webpexpress-processed\" alt=\"\" srcset=\"https:\/\/probelle.com.br\/wp-content\/uploads\/2022\/10\/Agua-Oxigenada-Probelle-Novo.png 500w, https:\/\/probelle.com.br\/wp-content\/uploads\/2022\/10\/Agua-Oxigenada-Probelle-Novo-300x240.png 300w\" sizes=\"100vw\"><\/picture>\t\t\t\t\t\t\t\t\t\t\t\t\t\t\t<\/div>\n\t\t\t\t<\/div>\n\t\t\t\t<div class=\"elementor-element elementor-element-01cd37b elementor-widget elementor-widget-heading\" data-id=\"01cd37b\" data-element_type=\"widget\" data-widget_type=\"heading.default\">\n\t\t\t\t<div class=\"elementor-widget-container\">\n\t\t\t\t\t<h2 class=\"elementor-heading-title elementor-size-default\">Agua oxigenada<\/h2>\t\t\t\t<\/div>\n\t\t\t\t<\/div>\n\t\t\t\t<div class=\"elementor-element elementor-element-c21d8bd elementor-widget elementor-widget-text-editor\" data-id=\"c21d8bd\" data-element_type=\"widget\" data-widget_type=\"text-editor.default\">\n\t\t\t\t<div class=\"elementor-widget-container\">\n\t\t\t\t\t\t\t\t\t<p><span style=\"font-weight: 400;\">Aclarador uniforme sin manchas, f\u00f3rmula con textura cremosa de f\u00e1cil aplicaci\u00f3n. <\/span><\/p>\n\t\t\t\t\t\t\t\t<\/div>\n\t\t\t\t<\/div>\n\t\t\t\t<div class=\"elementor-element elementor-element-909766a elementor-mobile-align-center elementor-icon-list--layout-traditional elementor-list-item-link-full_width elementor-widget elementor-widget-icon-list\" data-id=\"909766a\" data-element_type=\"widget\" data-widget_type=\"icon-list.default\">\n\t\t\t\t<div class=\"elementor-widget-container\">\n\t\t\t\t\t\t\t<ul class=\"elementor-icon-list-items\">\n\t\t\t\t\t\t\t<li class=\"elementor-icon-list-item\">\n\t\t\t\t\t\t\t\t\t\t\t<a href=\"https:\/\/probelle.com.br\/agua-oxigenada\/\">\n\n\t\t\t\t\t\t\t\t\t\t\t\t<span class=\"elementor-icon-list-icon\">\n\t\t\t\t\t\t\t<i aria-hidden=\"true\" class=\"fas fa-chevron-right\"><\/i>\t\t\t\t\t\t<\/span>\n\t\t\t\t\t\t\t\t\t\t<span class=\"elementor-icon-list-text\">Saber mas<\/span>\n\t\t\t\t\t\t\t\t\t\t\t<\/a>\n\t\t\t\t\t\t\t\t\t<\/li>\n\t\t\t\t\t\t<\/ul>\n\t\t\t\t\t\t<\/div>\n\t\t\t\t<\/div>\n\t\t\t\t\t<\/div>\n\t\t<\/div>\n\t\t\t\t<div class=\"elementor-column elementor-col-25 elementor-top-column elementor-element elementor-element-54ec21b\" data-id=\"54ec21b\" data-element_type=\"column\">\n\t\t\t<div class=\"elementor-widget-wrap elementor-element-populated\">\n\t\t\t\t\t\t<div class=\"elementor-element elementor-element-a3e20ec elementor-widget elementor-widget-image\" data-id=\"a3e20ec\" data-element_type=\"widget\" data-widget_type=\"image.default\">\n\t\t\t\t<div class=\"elementor-widget-container\">\n\t\t\t\t\t\t\t\t\t\t\t\t\t\t\t<picture><source srcset=\"https:\/\/probelle.com.br\/wp-content\/webp-express\/webp-images\/uploads\/2022\/10\/Po-descolorante-Probelle-Novo.png.webp 500w, https:\/\/probelle.com.br\/wp-content\/webp-express\/webp-images\/uploads\/2022\/10\/Po-descolorante-Probelle-Novo-300x240.png.webp 300w\" sizes=\"100vw\" type=\"image\/webp\"><img decoding=\"async\" width=\"500\" height=\"400\" src=\"https:\/\/probelle.com.br\/wp-content\/uploads\/2022\/10\/Po-descolorante-Probelle-Novo.png\" class=\"attachment-large size-large wp-image-16890 webpexpress-processed\" alt=\"\" srcset=\"https:\/\/probelle.com.br\/wp-content\/uploads\/2022\/10\/Po-descolorante-Probelle-Novo.png 500w, https:\/\/probelle.com.br\/wp-content\/uploads\/2022\/10\/Po-descolorante-Probelle-Novo-300x240.png 300w\" sizes=\"100vw\"><\/picture>\t\t\t\t\t\t\t\t\t\t\t\t\t\t\t<\/div>\n\t\t\t\t<\/div>\n\t\t\t\t<div class=\"elementor-element elementor-element-bdd6f69 elementor-widget elementor-widget-heading\" data-id=\"bdd6f69\" data-element_type=\"widget\" data-widget_type=\"heading.default\">\n\t\t\t\t<div class=\"elementor-widget-container\">\n\t\t\t\t\t<h2 class=\"elementor-heading-title elementor-size-default\">Polvo de blanquear<\/h2>\t\t\t\t<\/div>\n\t\t\t\t<\/div>\n\t\t\t\t<div class=\"elementor-element elementor-element-61eafef elementor-widget elementor-widget-text-editor\" data-id=\"61eafef\" data-element_type=\"widget\" data-widget_type=\"text-editor.default\">\n\t\t\t\t<div class=\"elementor-widget-container\">\n\t\t\t\t\t\t\t\t\t<p><span style=\"font-weight: 400;\">Polvo decolorante profesional de alto rendimiento para decoloraciones, mechas y balayage.<\/span><\/p>\n\t\t\t\t\t\t\t\t<\/div>\n\t\t\t\t<\/div>\n\t\t\t\t<div class=\"elementor-element elementor-element-6369c97 elementor-mobile-align-center elementor-icon-list--layout-traditional elementor-list-item-link-full_width elementor-widget elementor-widget-icon-list\" data-id=\"6369c97\" data-element_type=\"widget\" data-widget_type=\"icon-list.default\">\n\t\t\t\t<div class=\"elementor-widget-container\">\n\t\t\t\t\t\t\t<ul class=\"elementor-icon-list-items\">\n\t\t\t\t\t\t\t<li class=\"elementor-icon-list-item\">\n\t\t\t\t\t\t\t\t\t\t\t<a href=\"https:\/\/probelle.com.br\/po-descolorante\/\">\n\n\t\t\t\t\t\t\t\t\t\t\t\t<span class=\"elementor-icon-list-icon\">\n\t\t\t\t\t\t\t<i aria-hidden=\"true\" class=\"fas fa-chevron-right\"><\/i>\t\t\t\t\t\t<\/span>\n\t\t\t\t\t\t\t\t\t\t<span class=\"elementor-icon-list-text\">Saber mas<\/span>\n\t\t\t\t\t\t\t\t\t\t\t<\/a>\n\t\t\t\t\t\t\t\t\t<\/li>\n\t\t\t\t\t\t<\/ul>\n\t\t\t\t\t\t<\/div>\n\t\t\t\t<\/div>\n\t\t\t\t\t<\/div>\n\t\t<\/div>\n\t\t\t\t<div class=\"elementor-column elementor-col-25 elementor-top-column elementor-element elementor-element-5fe1f16\" data-id=\"5fe1f16\" data-element_type=\"column\">\n\t\t\t<div class=\"elementor-widget-wrap elementor-element-populated\">\n\t\t\t\t\t\t<div class=\"elementor-element elementor-element-6f035d9 elementor-widget elementor-widget-image\" data-id=\"6f035d9\" data-element_type=\"widget\" data-widget_type=\"image.default\">\n\t\t\t\t<div class=\"elementor-widget-container\">\n\t\t\t\t\t\t\t\t\t\t\t\t\t\t\t<picture><source srcset=\"https:\/\/probelle.com.br\/wp-content\/webp-express\/webp-images\/uploads\/2022\/11\/MASCARA-MATIZADORA.png.webp 500w, https:\/\/probelle.com.br\/wp-content\/webp-express\/webp-images\/uploads\/2022\/11\/MASCARA-MATIZADORA-300x240.png.webp 300w\" sizes=\"100vw\" type=\"image\/webp\"><img decoding=\"async\" width=\"500\" height=\"400\" src=\"https:\/\/probelle.com.br\/wp-content\/uploads\/2022\/11\/MASCARA-MATIZADORA.png\" class=\"attachment-large size-large wp-image-17529 webpexpress-processed\" alt=\"\" srcset=\"https:\/\/probelle.com.br\/wp-content\/uploads\/2022\/11\/MASCARA-MATIZADORA.png 500w, https:\/\/probelle.com.br\/wp-content\/uploads\/2022\/11\/MASCARA-MATIZADORA-300x240.png 300w\" sizes=\"100vw\"><\/picture>\t\t\t\t\t\t\t\t\t\t\t\t\t\t\t<\/div>\n\t\t\t\t<\/div>\n\t\t\t\t<div class=\"elementor-element elementor-element-2a88a63 elementor-widget elementor-widget-heading\" data-id=\"2a88a63\" data-element_type=\"widget\" data-widget_type=\"heading.default\">\n\t\t\t\t<div class=\"elementor-widget-container\">\n\t\t\t\t\t<h2 class=\"elementor-heading-title elementor-size-default\">Mascarilla Sombreadora<\/h2>\t\t\t\t<\/div>\n\t\t\t\t<\/div>\n\t\t\t\t<div class=\"elementor-element elementor-element-cb2c071 elementor-widget elementor-widget-text-editor\" data-id=\"cb2c071\" data-element_type=\"widget\" data-widget_type=\"text-editor.default\">\n\t\t\t\t<div class=\"elementor-widget-container\">\n\t\t\t\t\t\t\t\t\t<p>Desarrollado especialmente para eliminar la oxidaci\u00f3n y el cabello rubio platinado, con mechas o canas. Adem\u00e1s de reponer Amino\u00e1cidos y Queratina en profundidad.<\/p>\n\t\t\t\t\t\t\t\t<\/div>\n\t\t\t\t<\/div>\n\t\t\t\t<div class=\"elementor-element elementor-element-3c5f6fb elementor-mobile-align-center elementor-icon-list--layout-traditional elementor-list-item-link-full_width elementor-widget elementor-widget-icon-list\" data-id=\"3c5f6fb\" data-element_type=\"widget\" data-widget_type=\"icon-list.default\">\n\t\t\t\t<div class=\"elementor-widget-container\">\n\t\t\t\t\t\t\t<ul class=\"elementor-icon-list-items\">\n\t\t\t\t\t\t\t<li class=\"elementor-icon-list-item\">\n\t\t\t\t\t\t\t\t\t\t\t<a href=\"https:\/\/probelle.com.br\/mascara-matizadora\/\">\n\n\t\t\t\t\t\t\t\t\t\t\t\t<span class=\"elementor-icon-list-icon\">\n\t\t\t\t\t\t\t<i aria-hidden=\"true\" class=\"fas fa-chevron-right\"><\/i>\t\t\t\t\t\t<\/span>\n\t\t\t\t\t\t\t\t\t\t<span class=\"elementor-icon-list-text\">Saber mas<\/span>\n\t\t\t\t\t\t\t\t\t\t\t<\/a>\n\t\t\t\t\t\t\t\t\t<\/li>\n\t\t\t\t\t\t<\/ul>\n\t\t\t\t\t\t<\/div>\n\t\t\t\t<\/div>\n\t\t\t\t\t<\/div>\n\t\t<\/div>\n\t\t\t\t<div class=\"elementor-column elementor-col-25 elementor-top-column elementor-element elementor-element-6fa5ad4\" data-id=\"6fa5ad4\" data-element_type=\"column\">\n\t\t\t<div class=\"elementor-widget-wrap elementor-element-populated\">\n\t\t\t\t\t\t<div class=\"elementor-element elementor-element-aebc8b1 elementor-widget elementor-widget-image\" data-id=\"aebc8b1\" data-element_type=\"widget\" data-widget_type=\"image.default\">\n\t\t\t\t<div class=\"elementor-widget-container\">\n\t\t\t\t\t\t\t\t\t\t\t\t\t\t\t<picture><source srcset=\"https:\/\/probelle.com.br\/wp-content\/webp-express\/webp-images\/uploads\/2022\/11\/SHAMPOO-MATIZADOR.png.webp 500w, https:\/\/probelle.com.br\/wp-content\/webp-express\/webp-images\/uploads\/2022\/11\/SHAMPOO-MATIZADOR-300x240.png.webp 300w\" sizes=\"100vw\" type=\"image\/webp\"><img loading=\"lazy\" decoding=\"async\" width=\"500\" height=\"400\" src=\"https:\/\/probelle.com.br\/wp-content\/uploads\/2022\/11\/SHAMPOO-MATIZADOR.png\" class=\"attachment-large size-large wp-image-17532 webpexpress-processed\" alt=\"\" srcset=\"https:\/\/probelle.com.br\/wp-content\/uploads\/2022\/11\/SHAMPOO-MATIZADOR.png 500w, https:\/\/probelle.com.br\/wp-content\/uploads\/2022\/11\/SHAMPOO-MATIZADOR-300x240.png 300w\" sizes=\"100vw\"><\/picture>\t\t\t\t\t\t\t\t\t\t\t\t\t\t\t<\/div>\n\t\t\t\t<\/div>\n\t\t\t\t<div class=\"elementor-element elementor-element-52d80f2 elementor-widget elementor-widget-heading\" data-id=\"52d80f2\" data-element_type=\"widget\" data-widget_type=\"heading.default\">\n\t\t\t\t<div class=\"elementor-widget-container\">\n\t\t\t\t\t<h2 class=\"elementor-heading-title elementor-size-default\">Champ\u00fa Sombreador<\/h2>\t\t\t\t<\/div>\n\t\t\t\t<\/div>\n\t\t\t\t<div class=\"elementor-element elementor-element-b90af08 elementor-widget elementor-widget-text-editor\" data-id=\"b90af08\" data-element_type=\"widget\" data-widget_type=\"text-editor.default\">\n\t\t\t\t<div class=\"elementor-widget-container\">\n\t\t\t\t\t\t\t\t\t<section\n  class=\"elementor-section elementor-top-section elementor-element elementor-element-6d6629f elementor-section-height-min-height elementor-section-boxed elementor-section-height-default elementor-section-items-middle\"\n  data-id=\"6d6629f\"\n  data-element_type=\"section\"\n  data-settings='{\"background_background\":\"classic\"}'\n><\/p>\n<div class=\"elementor-container elementor-column-gap-no\">\n<div\n      class=\"elementor-column elementor-col-50 elementor-top-column elementor-element elementor-element-cd7cbdc\"\n      data-id=\"cd7cbdc\"\n      data-element_type=\"column\"\n    ><\/p>\n<div class=\"elementor-widget-wrap elementor-element-populated\">\n<div\n          class=\"elementor-element elementor-element-18621b2 elementor-widget elementor-widget-text-editor\"\n          data-id=\"18621b2\"\n          data-element_type=\"widget\"\n          data-widget_type=\"text-editor.default\"\n        ><\/p>\n<div class=\"elementor-widget-container\">\n<p>\n                Especialmente desarrollado para eliminar la oxidaci\u00f3n y el platino la<br \/>\n                pelo rubio, con mechas o gris. Adem\u00e1s de restablecer<br \/>\n                profundidad de Amino\u00e1cidos y Queratina.\n            <\/p>\n<\/p><\/div>\n<\/p><\/div>\n<\/p><\/div>\n<\/p><\/div>\n<\/p><\/div>\n<\/section>\n\t\t\t\t\t\t\t\t<\/div>\n\t\t\t\t<\/div>\n\t\t\t\t<div class=\"elementor-element elementor-element-3c888da elementor-mobile-align-center elementor-icon-list--layout-traditional elementor-list-item-link-full_width elementor-widget elementor-widget-icon-list\" data-id=\"3c888da\" data-element_type=\"widget\" data-widget_type=\"icon-list.default\">\n\t\t\t\t<div class=\"elementor-widget-container\">\n\t\t\t\t\t\t\t<ul class=\"elementor-icon-list-items\">\n\t\t\t\t\t\t\t<li class=\"elementor-icon-list-item\">\n\t\t\t\t\t\t\t\t\t\t\t<a href=\"https:\/\/probelle.com.br\/shampoo-matizador\/\">\n\n\t\t\t\t\t\t\t\t\t\t\t\t<span class=\"elementor-icon-list-icon\">\n\t\t\t\t\t\t\t<i aria-hidden=\"true\" class=\"fas fa-chevron-right\"><\/i>\t\t\t\t\t\t<\/span>\n\t\t\t\t\t\t\t\t\t\t<span class=\"elementor-icon-list-text\">Saber mas<\/span>\n\t\t\t\t\t\t\t\t\t\t\t<\/a>\n\t\t\t\t\t\t\t\t\t<\/li>\n\t\t\t\t\t\t<\/ul>\n\t\t\t\t\t\t<\/div>\n\t\t\t\t<\/div>\n\t\t\t\t\t<\/div>\n\t\t<\/div>\n\t\t\t\t\t<\/div>\n\t\t<\/section>\n\t\t\t\t<\/div>\n\t\t","protected":false},"excerpt":{"rendered":"<p>Rubios Rubios sanos, con brillo y movimiento natural. Agua oxigenada Aclarador uniforme sin manchas, f\u00f3rmula con textura cremosa de f\u00e1cil aplicaci\u00f3n. Saber mas Polvo de blanquear Polvo decolorante profesional de alto rendimiento para decoloraciones, mechas y balayage. Saber mas Mascarilla Sombreadora Desarrollado especialmente para eliminar la oxidaci\u00f3n y el cabello rubio platinado, con mechas o &hellip; <\/p>\n<p class=\"link-more\"><a href=\"https:\/\/probelle.com.br\/es\/produtos\/rubios\/\" class=\"more-link\">Continuar leyendo<span class=\"screen-reader-text\"> \u00abRubios\u00bb<\/span><\/a><\/p>\n","protected":false},"author":3,"featured_media":0,"parent":23452,"menu_order":0,"comment_status":"closed","ping_status":"closed","template":"elementor_header_footer","meta":{"_joinchat":[],"footnotes":""},"class_list":["post-21348","page","type-page","status-publish","hentry"],"yoast_head":"<!-- This site is optimized with the Yoast SEO Premium plugin v23.5 (Yoast SEO v26.5) - https:\/\/yoast.com\/wordpress\/plugins\/seo\/ -->\n<title>Rubios ~ Probelle Cosm\u00e9ticos<\/title>\n<meta name=\"robots\" content=\"index, follow, max-snippet:-1, max-image-preview:large, max-video-preview:-1\" \/>\n<link rel=\"canonical\" href=\"https:\/\/probelle.com.br\/es\/produtos\/rubios\/\" \/>\n<meta property=\"og:locale\" content=\"es_ES\" \/>\n<meta property=\"og:type\" content=\"article\" \/>\n<meta property=\"og:title\" content=\"Rubios\" \/>\n<meta property=\"og:description\" content=\"Rubios Rubios sanos, con brillo y movimiento natural. Agua oxigenada Aclarador uniforme sin manchas, f\u00f3rmula con textura cremosa de f\u00e1cil aplicaci\u00f3n. Saber mas Polvo de blanquear Polvo decolorante profesional de alto rendimiento para decoloraciones, mechas y balayage. Saber mas Mascarilla Sombreadora Desarrollado especialmente para eliminar la oxidaci\u00f3n y el cabello rubio platinado, con mechas o &hellip; Continuar leyendo &quot;Rubios&quot;\" \/>\n<meta property=\"og:url\" content=\"https:\/\/probelle.com.br\/es\/produtos\/rubios\/\" \/>\n<meta property=\"og:site_name\" content=\"Probelle Cosm\u00e9ticos\" \/>\n<meta property=\"article:publisher\" content=\"https:\/\/www.facebook.com\/probelle\/\" \/>\n<meta property=\"article:modified_time\" content=\"2023-04-28T20:27:37+00:00\" \/>\n<meta property=\"og:image\" content=\"https:\/\/probelle.com.br\/wp-content\/uploads\/2022\/10\/Agua-Oxigenada-Probelle-Novo.png\" \/>\n<meta name=\"twitter:card\" content=\"summary_large_image\" \/>\n<meta name=\"twitter:label1\" content=\"Tiempo de lectura\" \/>\n\t<meta name=\"twitter:data1\" content=\"1 minuto\" \/>\n<script type=\"application\/ld+json\" class=\"yoast-schema-graph\">{\"@context\":\"https:\/\/schema.org\",\"@graph\":[{\"@type\":\"WebPage\",\"@id\":\"https:\/\/probelle.com.br\/es\/produtos\/rubios\/\",\"url\":\"https:\/\/probelle.com.br\/es\/produtos\/rubios\/\",\"name\":\"Rubios ~ Probelle Cosm\u00e9ticos\",\"isPartOf\":{\"@id\":\"https:\/\/probelle.com.br\/es\/#website\"},\"primaryImageOfPage\":{\"@id\":\"https:\/\/probelle.com.br\/es\/produtos\/rubios\/#primaryimage\"},\"image\":{\"@id\":\"https:\/\/probelle.com.br\/es\/produtos\/rubios\/#primaryimage\"},\"thumbnailUrl\":\"https:\/\/probelle.com.br\/wp-content\/uploads\/2022\/10\/Agua-Oxigenada-Probelle-Novo.png\",\"datePublished\":\"2022-10-13T13:00:12+00:00\",\"dateModified\":\"2023-04-28T20:27:37+00:00\",\"breadcrumb\":{\"@id\":\"https:\/\/probelle.com.br\/es\/produtos\/rubios\/#breadcrumb\"},\"inLanguage\":\"es\",\"potentialAction\":[{\"@type\":\"ReadAction\",\"target\":[\"https:\/\/probelle.com.br\/es\/produtos\/rubios\/\"]}]},{\"@type\":\"ImageObject\",\"inLanguage\":\"es\",\"@id\":\"https:\/\/probelle.com.br\/es\/produtos\/rubios\/#primaryimage\",\"url\":\"https:\/\/probelle.com.br\/wp-content\/uploads\/2022\/10\/Agua-Oxigenada-Probelle-Novo.png\",\"contentUrl\":\"https:\/\/probelle.com.br\/wp-content\/uploads\/2022\/10\/Agua-Oxigenada-Probelle-Novo.png\"},{\"@type\":\"BreadcrumbList\",\"@id\":\"https:\/\/probelle.com.br\/es\/produtos\/rubios\/#breadcrumb\",\"itemListElement\":[{\"@type\":\"ListItem\",\"position\":1,\"name\":\"Home\",\"item\":\"https:\/\/probelle.com.br\/es\/\"},{\"@type\":\"ListItem\",\"position\":2,\"name\":\"Produtos\",\"item\":\"https:\/\/probelle.com.br\/es\/produtos\/\"},{\"@type\":\"ListItem\",\"position\":3,\"name\":\"Rubios\"}]},{\"@type\":\"WebSite\",\"@id\":\"https:\/\/probelle.com.br\/es\/#website\",\"url\":\"https:\/\/probelle.com.br\/es\/\",\"name\":\"Probelle Cosm\u00e9ticos\",\"description\":\"Todo mundo tem em casa.\",\"publisher\":{\"@id\":\"https:\/\/probelle.com.br\/es\/#organization\"},\"potentialAction\":[{\"@type\":\"SearchAction\",\"target\":{\"@type\":\"EntryPoint\",\"urlTemplate\":\"https:\/\/probelle.com.br\/es\/?s={search_term_string}\"},\"query-input\":{\"@type\":\"PropertyValueSpecification\",\"valueRequired\":true,\"valueName\":\"search_term_string\"}}],\"inLanguage\":\"es\"},{\"@type\":\"Organization\",\"@id\":\"https:\/\/probelle.com.br\/es\/#organization\",\"name\":\"Probelle Cosm\u00e9ticos\",\"url\":\"https:\/\/probelle.com.br\/es\/\",\"logo\":{\"@type\":\"ImageObject\",\"inLanguage\":\"es\",\"@id\":\"https:\/\/probelle.com.br\/es\/#\/schema\/logo\/image\/\",\"url\":\"https:\/\/probelle.com.br\/wp-content\/uploads\/2022\/08\/Para-o-sitee.jpg\",\"contentUrl\":\"https:\/\/probelle.com.br\/wp-content\/uploads\/2022\/08\/Para-o-sitee.jpg\",\"width\":1000,\"height\":750,\"caption\":\"Probelle Cosm\u00e9ticos\"},\"image\":{\"@id\":\"https:\/\/probelle.com.br\/es\/#\/schema\/logo\/image\/\"},\"sameAs\":[\"https:\/\/www.facebook.com\/probelle\/\",\"https:\/\/www.instagram.com\/probellecosmeticos\/\",\"https:\/\/www.youtube.com\/c\/ProbelleCosm\u00e9ticos\/\",\"https:\/\/br.linkedin.com\/company\/probellecosmeticos\",\"https:\/\/br.pinterest.com\/probellecosmeticos\/\"]}]}<\/script>\n<!-- \/ Yoast SEO Premium plugin. -->","yoast_head_json":{"title":"Rubios ~ Probelle Cosm\u00e9ticos","robots":{"index":"index","follow":"follow","max-snippet":"max-snippet:-1","max-image-preview":"max-image-preview:large","max-video-preview":"max-video-preview:-1"},"canonical":"https:\/\/probelle.com.br\/es\/produtos\/rubios\/","og_locale":"es_ES","og_type":"article","og_title":"Rubios","og_description":"Rubios Rubios sanos, con brillo y movimiento natural. Agua oxigenada Aclarador uniforme sin manchas, f\u00f3rmula con textura cremosa de f\u00e1cil aplicaci\u00f3n. Saber mas Polvo de blanquear Polvo decolorante profesional de alto rendimiento para decoloraciones, mechas y balayage. Saber mas Mascarilla Sombreadora Desarrollado especialmente para eliminar la oxidaci\u00f3n y el cabello rubio platinado, con mechas o &hellip; Continuar leyendo \"Rubios\"","og_url":"https:\/\/probelle.com.br\/es\/produtos\/rubios\/","og_site_name":"Probelle Cosm\u00e9ticos","article_publisher":"https:\/\/www.facebook.com\/probelle\/","article_modified_time":"2023-04-28T20:27:37+00:00","og_image":[{"url":"https:\/\/probelle.com.br\/wp-content\/uploads\/2022\/10\/Agua-Oxigenada-Probelle-Novo.png","type":"","width":"","height":""}],"twitter_card":"summary_large_image","twitter_misc":{"Tiempo de lectura":"1 minuto"},"schema":{"@context":"https:\/\/schema.org","@graph":[{"@type":"WebPage","@id":"https:\/\/probelle.com.br\/es\/produtos\/rubios\/","url":"https:\/\/probelle.com.br\/es\/produtos\/rubios\/","name":"Rubios ~ Probelle Cosm\u00e9ticos","isPartOf":{"@id":"https:\/\/probelle.com.br\/es\/#website"},"primaryImageOfPage":{"@id":"https:\/\/probelle.com.br\/es\/produtos\/rubios\/#primaryimage"},"image":{"@id":"https:\/\/probelle.com.br\/es\/produtos\/rubios\/#primaryimage"},"thumbnailUrl":"https:\/\/probelle.com.br\/wp-content\/uploads\/2022\/10\/Agua-Oxigenada-Probelle-Novo.png","datePublished":"2022-10-13T13:00:12+00:00","dateModified":"2023-04-28T20:27:37+00:00","breadcrumb":{"@id":"https:\/\/probelle.com.br\/es\/produtos\/rubios\/#breadcrumb"},"inLanguage":"es","potentialAction":[{"@type":"ReadAction","target":["https:\/\/probelle.com.br\/es\/produtos\/rubios\/"]}]},{"@type":"ImageObject","inLanguage":"es","@id":"https:\/\/probelle.com.br\/es\/produtos\/rubios\/#primaryimage","url":"https:\/\/probelle.com.br\/wp-content\/uploads\/2022\/10\/Agua-Oxigenada-Probelle-Novo.png","contentUrl":"https:\/\/probelle.com.br\/wp-content\/uploads\/2022\/10\/Agua-Oxigenada-Probelle-Novo.png"},{"@type":"BreadcrumbList","@id":"https:\/\/probelle.com.br\/es\/produtos\/rubios\/#breadcrumb","itemListElement":[{"@type":"ListItem","position":1,"name":"Home","item":"https:\/\/probelle.com.br\/es\/"},{"@type":"ListItem","position":2,"name":"Produtos","item":"https:\/\/probelle.com.br\/es\/produtos\/"},{"@type":"ListItem","position":3,"name":"Rubios"}]},{"@type":"WebSite","@id":"https:\/\/probelle.com.br\/es\/#website","url":"https:\/\/probelle.com.br\/es\/","name":"Probelle Cosm\u00e9ticos","description":"Todo mundo tem em casa.","publisher":{"@id":"https:\/\/probelle.com.br\/es\/#organization"},"potentialAction":[{"@type":"SearchAction","target":{"@type":"EntryPoint","urlTemplate":"https:\/\/probelle.com.br\/es\/?s={search_term_string}"},"query-input":{"@type":"PropertyValueSpecification","valueRequired":true,"valueName":"search_term_string"}}],"inLanguage":"es"},{"@type":"Organization","@id":"https:\/\/probelle.com.br\/es\/#organization","name":"Probelle Cosm\u00e9ticos","url":"https:\/\/probelle.com.br\/es\/","logo":{"@type":"ImageObject","inLanguage":"es","@id":"https:\/\/probelle.com.br\/es\/#\/schema\/logo\/image\/","url":"https:\/\/probelle.com.br\/wp-content\/uploads\/2022\/08\/Para-o-sitee.jpg","contentUrl":"https:\/\/probelle.com.br\/wp-content\/uploads\/2022\/08\/Para-o-sitee.jpg","width":1000,"height":750,"caption":"Probelle Cosm\u00e9ticos"},"image":{"@id":"https:\/\/probelle.com.br\/es\/#\/schema\/logo\/image\/"},"sameAs":["https:\/\/www.facebook.com\/probelle\/","https:\/\/www.instagram.com\/probellecosmeticos\/","https:\/\/www.youtube.com\/c\/ProbelleCosm\u00e9ticos\/","https:\/\/br.linkedin.com\/company\/probellecosmeticos","https:\/\/br.pinterest.com\/probellecosmeticos\/"]}]}},"_links":{"self":[{"href":"https:\/\/probelle.com.br\/es\/wp-json\/wp\/v2\/pages\/21348","targetHints":{"allow":["GET"]}}],"collection":[{"href":"https:\/\/probelle.com.br\/es\/wp-json\/wp\/v2\/pages"}],"about":[{"href":"https:\/\/probelle.com.br\/es\/wp-json\/wp\/v2\/types\/page"}],"author":[{"embeddable":true,"href":"https:\/\/probelle.com.br\/es\/wp-json\/wp\/v2\/users\/3"}],"replies":[{"embeddable":true,"href":"https:\/\/probelle.com.br\/es\/wp-json\/wp\/v2\/comments?post=21348"}],"version-history":[{"count":1,"href":"https:\/\/probelle.com.br\/es\/wp-json\/wp\/v2\/pages\/21348\/revisions"}],"predecessor-version":[{"id":21349,"href":"https:\/\/probelle.com.br\/es\/wp-json\/wp\/v2\/pages\/21348\/revisions\/21349"}],"up":[{"embeddable":true,"href":"https:\/\/probelle.com.br\/es\/wp-json\/wp\/v2\/pages\/23452"}],"wp:attachment":[{"href":"https:\/\/probelle.com.br\/es\/wp-json\/wp\/v2\/media?parent=21348"}],"curies":[{"name":"wp","href":"https:\/\/api.w.org\/{rel}","templated":true}]}}