{"id":33862,"date":"2025-02-24T14:45:50","date_gmt":"2025-02-24T17:45:50","guid":{"rendered":"https:\/\/probelle.com.br\/?post_type=product&#038;p=33862"},"modified":"2025-02-25T08:04:51","modified_gmt":"2025-02-25T11:04:51","slug":"super-oleo-oleo-milagroso-45ml","status":"publish","type":"product","link":"https:\/\/probelle.com.br\/en\/produto\/super-oleo-oleo-milagroso-45ml\/","title":{"rendered":"Super \u00d3leo &#8211; \u00d3leo Milagroso 45mL"},"content":{"rendered":"<p>O \u00d3leo Milagroso da linha Super \u00d3leos \u00e9 a escolha ideal para quem busca cabelos radiantes e cheios de vida. Com um blend exclusivo de \u00d3leo de Semente de Linha\u00e7a e \u00d3leo de Pistache, este tratamento de nutri\u00e7\u00e3o profunda hidrata intensamente a fibra capilar, reposicionando os lip\u00eddios essenciais e restaurando a vitalidade dos fios. Seus cabelos ficam mais fortes, saud\u00e1veis, disciplinados e com um brilho espelhado incr\u00edvel. Em seu tamanho de 45mL, \u00e9 perfeito para levar na bolsa, seja para o dia a dia ou para viagens, garantindo cabelos deslumbrantes em qualquer lugar!<\/p>\n","protected":false},"excerpt":{"rendered":"<p>Com a combina\u00e7\u00e3o poderosa de \u00d3leo de Semente de Linha\u00e7a e Pistache, o \u00d3leo Milagroso proporciona hidrata\u00e7\u00e3o profunda e restaura os lip\u00eddios essenciais da fibra capilar. Em tamanho de 45mL, oferece praticidade para transportar e cuidar dos seus cabelos em qualquer lugar, deixando-os mais fortes, disciplinados e com brilho irresist\u00edvel.<\/p>\n","protected":false},"featured_media":33863,"template":"","meta":{"_joinchat":[]},"product_brand":[],"product_cat":[24],"product_tag":[594],"class_list":{"0":"post-33862","1":"product","2":"type-product","3":"status-publish","4":"has-post-thumbnail","6":"product_cat-sem-categoria","7":"product_tag-produtos-probelle","9":"first","10":"instock","11":"shipping-taxable","12":"purchasable","13":"product-type-simple"},"yoast_head":"<!-- This site is optimized with the Yoast SEO Premium plugin v23.5 (Yoast SEO v26.5) - https:\/\/yoast.com\/wordpress\/plugins\/seo\/ -->\n<title>Super \u00d3leo - \u00d3leo Milagroso 45mL ~ Probelle Cosm\u00e9ticos<\/title>\n<meta name=\"description\" content=\"\u00d3leo Milagroso Super \u00d3leos (45mL): uma combina\u00e7\u00e3o exclusiva de \u00d3leo de Semente de Linha\u00e7a e Pistache que nutre, hidrata e d\u00e1 brilho espelhado aos seus fios, deixando-os fortes, saud\u00e1veis e com toda a praticidade de um tamanho ideal para levar onde voc\u00ea for.\" \/>\n<meta name=\"robots\" content=\"index, follow, max-snippet:-1, max-image-preview:large, max-video-preview:-1\" \/>\n<link rel=\"canonical\" href=\"https:\/\/probelle.com.br\/en\/produto\/super-oleo-oleo-milagroso-45ml\/\" \/>\n<meta property=\"og:locale\" content=\"en_US\" \/>\n<meta property=\"og:type\" content=\"article\" \/>\n<meta property=\"og:title\" content=\"Super \u00d3leo - \u00d3leo Milagroso 45mL\" \/>\n<meta property=\"og:description\" content=\"\u00d3leo Milagroso Super \u00d3leos (45mL): uma combina\u00e7\u00e3o exclusiva de \u00d3leo de Semente de Linha\u00e7a e Pistache que nutre, hidrata e d\u00e1 brilho espelhado aos seus fios, deixando-os fortes, saud\u00e1veis e com toda a praticidade de um tamanho ideal para levar onde voc\u00ea for.\" \/>\n<meta property=\"og:url\" content=\"https:\/\/probelle.com.br\/en\/produto\/super-oleo-oleo-milagroso-45ml\/\" \/>\n<meta property=\"og:site_name\" content=\"Probelle Cosm\u00e9ticos\" \/>\n<meta property=\"article:publisher\" content=\"https:\/\/www.facebook.com\/probelle\/\" \/>\n<meta property=\"article:modified_time\" content=\"2025-02-25T11:04:51+00:00\" \/>\n<meta property=\"og:image\" content=\"https:\/\/probelle.com.br\/wp-content\/uploads\/2025\/02\/Oleo-Milagroso-45.png\" \/>\n\t<meta property=\"og:image:width\" content=\"400\" \/>\n\t<meta property=\"og:image:height\" content=\"400\" \/>\n\t<meta property=\"og:image:type\" content=\"image\/png\" \/>\n<meta name=\"twitter:card\" content=\"summary_large_image\" \/>\n<meta name=\"twitter:label1\" content=\"Est. reading time\" \/>\n\t<meta name=\"twitter:data1\" content=\"1 minute\" \/>\n<script type=\"application\/ld+json\" class=\"yoast-schema-graph\">{\"@context\":\"https:\/\/schema.org\",\"@graph\":[{\"@type\":\"WebPage\",\"@id\":\"https:\/\/probelle.com.br\/en\/produto\/super-oleo-oleo-milagroso-45ml\/\",\"url\":\"https:\/\/probelle.com.br\/en\/produto\/super-oleo-oleo-milagroso-45ml\/\",\"name\":\"Super \u00d3leo - \u00d3leo Milagroso 45mL ~ Probelle Cosm\u00e9ticos\",\"isPartOf\":{\"@id\":\"https:\/\/probelle.com.br\/en\/#website\"},\"primaryImageOfPage\":{\"@id\":\"https:\/\/probelle.com.br\/en\/produto\/super-oleo-oleo-milagroso-45ml\/#primaryimage\"},\"image\":{\"@id\":\"https:\/\/probelle.com.br\/en\/produto\/super-oleo-oleo-milagroso-45ml\/#primaryimage\"},\"thumbnailUrl\":\"https:\/\/probelle.com.br\/wp-content\/uploads\/2025\/02\/Oleo-Milagroso-45.png\",\"datePublished\":\"2025-02-24T17:45:50+00:00\",\"dateModified\":\"2025-02-25T11:04:51+00:00\",\"description\":\"\u00d3leo Milagroso Super \u00d3leos (45mL): uma combina\u00e7\u00e3o exclusiva de \u00d3leo de Semente de Linha\u00e7a e Pistache que nutre, hidrata e d\u00e1 brilho espelhado aos seus fios, deixando-os fortes, saud\u00e1veis e com toda a praticidade de um tamanho ideal para levar onde voc\u00ea for.\",\"breadcrumb\":{\"@id\":\"https:\/\/probelle.com.br\/en\/produto\/super-oleo-oleo-milagroso-45ml\/#breadcrumb\"},\"inLanguage\":\"en-US\",\"potentialAction\":[{\"@type\":\"ReadAction\",\"target\":[\"https:\/\/probelle.com.br\/en\/produto\/super-oleo-oleo-milagroso-45ml\/\"]}]},{\"@type\":\"ImageObject\",\"inLanguage\":\"en-US\",\"@id\":\"https:\/\/probelle.com.br\/en\/produto\/super-oleo-oleo-milagroso-45ml\/#primaryimage\",\"url\":\"https:\/\/probelle.com.br\/wp-content\/uploads\/2025\/02\/Oleo-Milagroso-45.png\",\"contentUrl\":\"https:\/\/probelle.com.br\/wp-content\/uploads\/2025\/02\/Oleo-Milagroso-45.png\",\"width\":400,\"height\":400},{\"@type\":\"BreadcrumbList\",\"@id\":\"https:\/\/probelle.com.br\/en\/produto\/super-oleo-oleo-milagroso-45ml\/#breadcrumb\",\"itemListElement\":[{\"@type\":\"ListItem\",\"position\":1,\"name\":\"Home\",\"item\":\"https:\/\/probelle.com.br\/en\/\"},{\"@type\":\"ListItem\",\"position\":2,\"name\":\"Loja\",\"item\":\"https:\/\/probelle.com.br\/loja\/\"},{\"@type\":\"ListItem\",\"position\":3,\"name\":\"Super \u00d3leo &#8211; \u00d3leo Milagroso 45mL\"}]},{\"@type\":\"WebSite\",\"@id\":\"https:\/\/probelle.com.br\/en\/#website\",\"url\":\"https:\/\/probelle.com.br\/en\/\",\"name\":\"Probelle Cosm\u00e9ticos\",\"description\":\"Todo mundo tem em casa.\",\"publisher\":{\"@id\":\"https:\/\/probelle.com.br\/en\/#organization\"},\"potentialAction\":[{\"@type\":\"SearchAction\",\"target\":{\"@type\":\"EntryPoint\",\"urlTemplate\":\"https:\/\/probelle.com.br\/en\/?s={search_term_string}\"},\"query-input\":{\"@type\":\"PropertyValueSpecification\",\"valueRequired\":true,\"valueName\":\"search_term_string\"}}],\"inLanguage\":\"en-US\"},{\"@type\":\"Organization\",\"@id\":\"https:\/\/probelle.com.br\/en\/#organization\",\"name\":\"Probelle Cosm\u00e9ticos\",\"url\":\"https:\/\/probelle.com.br\/en\/\",\"logo\":{\"@type\":\"ImageObject\",\"inLanguage\":\"en-US\",\"@id\":\"https:\/\/probelle.com.br\/en\/#\/schema\/logo\/image\/\",\"url\":\"https:\/\/probelle.com.br\/wp-content\/uploads\/2022\/08\/Para-o-sitee.jpg\",\"contentUrl\":\"https:\/\/probelle.com.br\/wp-content\/uploads\/2022\/08\/Para-o-sitee.jpg\",\"width\":1000,\"height\":750,\"caption\":\"Probelle Cosm\u00e9ticos\"},\"image\":{\"@id\":\"https:\/\/probelle.com.br\/en\/#\/schema\/logo\/image\/\"},\"sameAs\":[\"https:\/\/www.facebook.com\/probelle\/\",\"https:\/\/www.instagram.com\/probellecosmeticos\/\",\"https:\/\/www.youtube.com\/c\/ProbelleCosm\u00e9ticos\/\",\"https:\/\/br.linkedin.com\/company\/probellecosmeticos\",\"https:\/\/br.pinterest.com\/probellecosmeticos\/\"]}]}<\/script>\n<!-- \/ Yoast SEO Premium plugin. -->","yoast_head_json":{"title":"Super \u00d3leo - \u00d3leo Milagroso 45mL ~ Probelle Cosm\u00e9ticos","description":"\u00d3leo Milagroso Super \u00d3leos (45mL): uma combina\u00e7\u00e3o exclusiva de \u00d3leo de Semente de Linha\u00e7a e Pistache que nutre, hidrata e d\u00e1 brilho espelhado aos seus fios, deixando-os fortes, saud\u00e1veis e com toda a praticidade de um tamanho ideal para levar onde voc\u00ea for.","robots":{"index":"index","follow":"follow","max-snippet":"max-snippet:-1","max-image-preview":"max-image-preview:large","max-video-preview":"max-video-preview:-1"},"canonical":"https:\/\/probelle.com.br\/en\/produto\/super-oleo-oleo-milagroso-45ml\/","og_locale":"en_US","og_type":"article","og_title":"Super \u00d3leo - \u00d3leo Milagroso 45mL","og_description":"\u00d3leo Milagroso Super \u00d3leos (45mL): uma combina\u00e7\u00e3o exclusiva de \u00d3leo de Semente de Linha\u00e7a e Pistache que nutre, hidrata e d\u00e1 brilho espelhado aos seus fios, deixando-os fortes, saud\u00e1veis e com toda a praticidade de um tamanho ideal para levar onde voc\u00ea for.","og_url":"https:\/\/probelle.com.br\/en\/produto\/super-oleo-oleo-milagroso-45ml\/","og_site_name":"Probelle Cosm\u00e9ticos","article_publisher":"https:\/\/www.facebook.com\/probelle\/","article_modified_time":"2025-02-25T11:04:51+00:00","og_image":[{"width":400,"height":400,"url":"https:\/\/probelle.com.br\/wp-content\/uploads\/2025\/02\/Oleo-Milagroso-45.png","type":"image\/png"}],"twitter_card":"summary_large_image","twitter_misc":{"Est. reading time":"1 minute"},"schema":{"@context":"https:\/\/schema.org","@graph":[{"@type":"WebPage","@id":"https:\/\/probelle.com.br\/en\/produto\/super-oleo-oleo-milagroso-45ml\/","url":"https:\/\/probelle.com.br\/en\/produto\/super-oleo-oleo-milagroso-45ml\/","name":"Super \u00d3leo - \u00d3leo Milagroso 45mL ~ Probelle Cosm\u00e9ticos","isPartOf":{"@id":"https:\/\/probelle.com.br\/en\/#website"},"primaryImageOfPage":{"@id":"https:\/\/probelle.com.br\/en\/produto\/super-oleo-oleo-milagroso-45ml\/#primaryimage"},"image":{"@id":"https:\/\/probelle.com.br\/en\/produto\/super-oleo-oleo-milagroso-45ml\/#primaryimage"},"thumbnailUrl":"https:\/\/probelle.com.br\/wp-content\/uploads\/2025\/02\/Oleo-Milagroso-45.png","datePublished":"2025-02-24T17:45:50+00:00","dateModified":"2025-02-25T11:04:51+00:00","description":"\u00d3leo Milagroso Super \u00d3leos (45mL): uma combina\u00e7\u00e3o exclusiva de \u00d3leo de Semente de Linha\u00e7a e Pistache que nutre, hidrata e d\u00e1 brilho espelhado aos seus fios, deixando-os fortes, saud\u00e1veis e com toda a praticidade de um tamanho ideal para levar onde voc\u00ea for.","breadcrumb":{"@id":"https:\/\/probelle.com.br\/en\/produto\/super-oleo-oleo-milagroso-45ml\/#breadcrumb"},"inLanguage":"en-US","potentialAction":[{"@type":"ReadAction","target":["https:\/\/probelle.com.br\/en\/produto\/super-oleo-oleo-milagroso-45ml\/"]}]},{"@type":"ImageObject","inLanguage":"en-US","@id":"https:\/\/probelle.com.br\/en\/produto\/super-oleo-oleo-milagroso-45ml\/#primaryimage","url":"https:\/\/probelle.com.br\/wp-content\/uploads\/2025\/02\/Oleo-Milagroso-45.png","contentUrl":"https:\/\/probelle.com.br\/wp-content\/uploads\/2025\/02\/Oleo-Milagroso-45.png","width":400,"height":400},{"@type":"BreadcrumbList","@id":"https:\/\/probelle.com.br\/en\/produto\/super-oleo-oleo-milagroso-45ml\/#breadcrumb","itemListElement":[{"@type":"ListItem","position":1,"name":"Home","item":"https:\/\/probelle.com.br\/en\/"},{"@type":"ListItem","position":2,"name":"Loja","item":"https:\/\/probelle.com.br\/loja\/"},{"@type":"ListItem","position":3,"name":"Super \u00d3leo &#8211; \u00d3leo Milagroso 45mL"}]},{"@type":"WebSite","@id":"https:\/\/probelle.com.br\/en\/#website","url":"https:\/\/probelle.com.br\/en\/","name":"Probelle Cosm\u00e9ticos","description":"Todo mundo tem em casa.","publisher":{"@id":"https:\/\/probelle.com.br\/en\/#organization"},"potentialAction":[{"@type":"SearchAction","target":{"@type":"EntryPoint","urlTemplate":"https:\/\/probelle.com.br\/en\/?s={search_term_string}"},"query-input":{"@type":"PropertyValueSpecification","valueRequired":true,"valueName":"search_term_string"}}],"inLanguage":"en-US"},{"@type":"Organization","@id":"https:\/\/probelle.com.br\/en\/#organization","name":"Probelle Cosm\u00e9ticos","url":"https:\/\/probelle.com.br\/en\/","logo":{"@type":"ImageObject","inLanguage":"en-US","@id":"https:\/\/probelle.com.br\/en\/#\/schema\/logo\/image\/","url":"https:\/\/probelle.com.br\/wp-content\/uploads\/2022\/08\/Para-o-sitee.jpg","contentUrl":"https:\/\/probelle.com.br\/wp-content\/uploads\/2022\/08\/Para-o-sitee.jpg","width":1000,"height":750,"caption":"Probelle Cosm\u00e9ticos"},"image":{"@id":"https:\/\/probelle.com.br\/en\/#\/schema\/logo\/image\/"},"sameAs":["https:\/\/www.facebook.com\/probelle\/","https:\/\/www.instagram.com\/probellecosmeticos\/","https:\/\/www.youtube.com\/c\/ProbelleCosm\u00e9ticos\/","https:\/\/br.linkedin.com\/company\/probellecosmeticos","https:\/\/br.pinterest.com\/probellecosmeticos\/"]}]}},"_links":{"self":[{"href":"https:\/\/probelle.com.br\/en\/wp-json\/wp\/v2\/product\/33862","targetHints":{"allow":["GET"]}}],"collection":[{"href":"https:\/\/probelle.com.br\/en\/wp-json\/wp\/v2\/product"}],"about":[{"href":"https:\/\/probelle.com.br\/en\/wp-json\/wp\/v2\/types\/product"}],"wp:featuredmedia":[{"embeddable":true,"href":"https:\/\/probelle.com.br\/en\/wp-json\/wp\/v2\/media\/33863"}],"wp:attachment":[{"href":"https:\/\/probelle.com.br\/en\/wp-json\/wp\/v2\/media?parent=33862"}],"wp:term":[{"taxonomy":"product_brand","embeddable":true,"href":"https:\/\/probelle.com.br\/en\/wp-json\/wp\/v2\/product_brand?post=33862"},{"taxonomy":"product_cat","embeddable":true,"href":"https:\/\/probelle.com.br\/en\/wp-json\/wp\/v2\/product_cat?post=33862"},{"taxonomy":"product_tag","embeddable":true,"href":"https:\/\/probelle.com.br\/en\/wp-json\/wp\/v2\/product_tag?post=33862"}],"curies":[{"name":"wp","href":"https:\/\/api.w.org\/{rel}","templated":true}]}}