{"id":33553,"date":"2025-02-17T08:51:05","date_gmt":"2025-02-17T11:51:05","guid":{"rendered":"https:\/\/probelle.com.br\/?post_type=product&#038;p=33553"},"modified":"2025-02-25T09:16:24","modified_gmt":"2025-02-25T12:16:24","slug":"esfoliante-rostocorpo-150g-pitaya","status":"publish","type":"product","link":"https:\/\/probelle.com.br\/en\/produto\/esfoliante-rostocorpo-150g-pitaya\/","title":{"rendered":"Esfoliante Rosto&#038;Corpo 150g &#8211; Pitaya"},"content":{"rendered":"<p><span style=\"font-weight: 400;\">Desperte a sua beleza natural com a for\u00e7a da Pitaya! Ideal para o dia a dia, o Esfoliante Corporal e Facial de Pitaya, rico em antioxidantes naturais, renova a sua pele, removendo as c\u00e9lulas mortas e impurezas, promovendo a regenera\u00e7\u00e3o celular e protegendo a pele dos danos. A Pitaya, rica em antioxidantes, proporciona uma limpeza profunda e uma hidrata\u00e7\u00e3o intensa, e as part\u00edculas naturais esfoliam suavemente, revelando uma pele mais macia, suave e rejuvenescida. Experimente a sensa\u00e7\u00e3o de uma pele macia, suave e cheia de vida!<\/span><span style=\"font-weight: 400;\"><br \/>\n<\/span><span style=\"font-weight: 400;\"><br \/>\n<\/span><span style=\"font-weight: 400;\"><strong>COMO USAR:<\/strong> Antes de aplicar o esfoliante, certifique-se de que sua pele esteja limpa e \u00famida. Isso pode ser feito durante o banho ou ap\u00f3s o banho. Coloque uma pequena quantidade do esfoliante na palma da m\u00e3o e massageie suavemente sobre a pele \u00famida, realizando movimentos circulares. Evite a \u00e1rea dos olhos. Ap\u00f3s a massagem, enx\u00e1gue abundantemente com \u00e1gua morna.<\/span><\/p>\n","protected":false},"excerpt":{"rendered":"<p>Desperte sua beleza natural com o poder da Pitaya! Este esfoliante 12 em 1 limpa profundamente, renova a pele, hidrata e combate a celulite. Rico em antioxidantes, ele proporciona uma esfolia\u00e7\u00e3o suave, deixando a pele macia, radiante e rejuvenescida, com um toque aveludado e brilho natural.<\/p>\n","protected":false},"featured_media":33554,"template":"","meta":{"_joinchat":[]},"product_brand":[],"product_cat":[24],"product_tag":[594],"class_list":{"0":"post-33553","1":"product","2":"type-product","3":"status-publish","4":"has-post-thumbnail","6":"product_cat-sem-categoria","7":"product_tag-produtos-probelle","9":"first","10":"instock","11":"shipping-taxable","12":"purchasable","13":"product-type-simple"},"yoast_head":"<!-- This site is optimized with the Yoast SEO Premium plugin v23.5 (Yoast SEO v26.5) - https:\/\/yoast.com\/wordpress\/plugins\/seo\/ -->\n<title>Esfoliante Rosto&amp;Corpo 150g - Pitaya ~ Probelle Cosm\u00e9ticos<\/title>\n<meta name=\"description\" content=\"Este esfoliante 12 em 1 limpa profundamente, renova a pele, hidrata e combate a celulite\" \/>\n<meta name=\"robots\" content=\"index, follow, max-snippet:-1, max-image-preview:large, max-video-preview:-1\" \/>\n<link rel=\"canonical\" href=\"https:\/\/probelle.com.br\/en\/produto\/esfoliante-rostocorpo-150g-pitaya\/\" \/>\n<meta property=\"og:locale\" content=\"en_US\" \/>\n<meta property=\"og:type\" content=\"article\" \/>\n<meta property=\"og:title\" content=\"Esfoliante Rosto&amp;Corpo 150g - Pitaya\" \/>\n<meta property=\"og:description\" content=\"Este esfoliante 12 em 1 limpa profundamente, renova a pele, hidrata e combate a celulite\" \/>\n<meta property=\"og:url\" content=\"https:\/\/probelle.com.br\/en\/produto\/esfoliante-rostocorpo-150g-pitaya\/\" \/>\n<meta property=\"og:site_name\" content=\"Probelle Cosm\u00e9ticos\" \/>\n<meta property=\"article:publisher\" content=\"https:\/\/www.facebook.com\/probelle\/\" \/>\n<meta property=\"article:modified_time\" content=\"2025-02-25T12:16:24+00:00\" \/>\n<meta property=\"og:image\" content=\"https:\/\/probelle.com.br\/wp-content\/uploads\/2025\/02\/Condicionador-Force-Ultra-1.png\" \/>\n\t<meta property=\"og:image:width\" content=\"400\" \/>\n\t<meta property=\"og:image:height\" content=\"400\" \/>\n\t<meta property=\"og:image:type\" content=\"image\/png\" \/>\n<meta name=\"twitter:card\" content=\"summary_large_image\" \/>\n<meta name=\"twitter:label1\" content=\"Est. reading time\" \/>\n\t<meta name=\"twitter:data1\" content=\"2 minutes\" \/>\n<script type=\"application\/ld+json\" class=\"yoast-schema-graph\">{\"@context\":\"https:\/\/schema.org\",\"@graph\":[{\"@type\":\"WebPage\",\"@id\":\"https:\/\/probelle.com.br\/en\/produto\/esfoliante-rostocorpo-150g-pitaya\/\",\"url\":\"https:\/\/probelle.com.br\/en\/produto\/esfoliante-rostocorpo-150g-pitaya\/\",\"name\":\"Esfoliante Rosto&Corpo 150g - Pitaya ~ Probelle Cosm\u00e9ticos\",\"isPartOf\":{\"@id\":\"https:\/\/probelle.com.br\/en\/#website\"},\"primaryImageOfPage\":{\"@id\":\"https:\/\/probelle.com.br\/en\/produto\/esfoliante-rostocorpo-150g-pitaya\/#primaryimage\"},\"image\":{\"@id\":\"https:\/\/probelle.com.br\/en\/produto\/esfoliante-rostocorpo-150g-pitaya\/#primaryimage\"},\"thumbnailUrl\":\"https:\/\/probelle.com.br\/wp-content\/uploads\/2025\/02\/Condicionador-Force-Ultra-1.png\",\"datePublished\":\"2025-02-17T11:51:05+00:00\",\"dateModified\":\"2025-02-25T12:16:24+00:00\",\"description\":\"Este esfoliante 12 em 1 limpa profundamente, renova a pele, hidrata e combate a celulite\",\"breadcrumb\":{\"@id\":\"https:\/\/probelle.com.br\/en\/produto\/esfoliante-rostocorpo-150g-pitaya\/#breadcrumb\"},\"inLanguage\":\"en-US\",\"potentialAction\":[{\"@type\":\"ReadAction\",\"target\":[\"https:\/\/probelle.com.br\/en\/produto\/esfoliante-rostocorpo-150g-pitaya\/\"]}]},{\"@type\":\"ImageObject\",\"inLanguage\":\"en-US\",\"@id\":\"https:\/\/probelle.com.br\/en\/produto\/esfoliante-rostocorpo-150g-pitaya\/#primaryimage\",\"url\":\"https:\/\/probelle.com.br\/wp-content\/uploads\/2025\/02\/Condicionador-Force-Ultra-1.png\",\"contentUrl\":\"https:\/\/probelle.com.br\/wp-content\/uploads\/2025\/02\/Condicionador-Force-Ultra-1.png\",\"width\":400,\"height\":400},{\"@type\":\"BreadcrumbList\",\"@id\":\"https:\/\/probelle.com.br\/en\/produto\/esfoliante-rostocorpo-150g-pitaya\/#breadcrumb\",\"itemListElement\":[{\"@type\":\"ListItem\",\"position\":1,\"name\":\"Home\",\"item\":\"https:\/\/probelle.com.br\/en\/\"},{\"@type\":\"ListItem\",\"position\":2,\"name\":\"Loja\",\"item\":\"https:\/\/probelle.com.br\/loja\/\"},{\"@type\":\"ListItem\",\"position\":3,\"name\":\"Esfoliante Rosto&#038;Corpo 150g &#8211; Pitaya\"}]},{\"@type\":\"WebSite\",\"@id\":\"https:\/\/probelle.com.br\/en\/#website\",\"url\":\"https:\/\/probelle.com.br\/en\/\",\"name\":\"Probelle Cosm\u00e9ticos\",\"description\":\"Todo mundo tem em casa.\",\"publisher\":{\"@id\":\"https:\/\/probelle.com.br\/en\/#organization\"},\"potentialAction\":[{\"@type\":\"SearchAction\",\"target\":{\"@type\":\"EntryPoint\",\"urlTemplate\":\"https:\/\/probelle.com.br\/en\/?s={search_term_string}\"},\"query-input\":{\"@type\":\"PropertyValueSpecification\",\"valueRequired\":true,\"valueName\":\"search_term_string\"}}],\"inLanguage\":\"en-US\"},{\"@type\":\"Organization\",\"@id\":\"https:\/\/probelle.com.br\/en\/#organization\",\"name\":\"Probelle Cosm\u00e9ticos\",\"url\":\"https:\/\/probelle.com.br\/en\/\",\"logo\":{\"@type\":\"ImageObject\",\"inLanguage\":\"en-US\",\"@id\":\"https:\/\/probelle.com.br\/en\/#\/schema\/logo\/image\/\",\"url\":\"https:\/\/probelle.com.br\/wp-content\/uploads\/2022\/08\/Para-o-sitee.jpg\",\"contentUrl\":\"https:\/\/probelle.com.br\/wp-content\/uploads\/2022\/08\/Para-o-sitee.jpg\",\"width\":1000,\"height\":750,\"caption\":\"Probelle Cosm\u00e9ticos\"},\"image\":{\"@id\":\"https:\/\/probelle.com.br\/en\/#\/schema\/logo\/image\/\"},\"sameAs\":[\"https:\/\/www.facebook.com\/probelle\/\",\"https:\/\/www.instagram.com\/probellecosmeticos\/\",\"https:\/\/www.youtube.com\/c\/ProbelleCosm\u00e9ticos\/\",\"https:\/\/br.linkedin.com\/company\/probellecosmeticos\",\"https:\/\/br.pinterest.com\/probellecosmeticos\/\"]}]}<\/script>\n<!-- \/ Yoast SEO Premium plugin. -->","yoast_head_json":{"title":"Esfoliante Rosto&Corpo 150g - Pitaya ~ Probelle Cosm\u00e9ticos","description":"Este esfoliante 12 em 1 limpa profundamente, renova a pele, hidrata e combate a celulite","robots":{"index":"index","follow":"follow","max-snippet":"max-snippet:-1","max-image-preview":"max-image-preview:large","max-video-preview":"max-video-preview:-1"},"canonical":"https:\/\/probelle.com.br\/en\/produto\/esfoliante-rostocorpo-150g-pitaya\/","og_locale":"en_US","og_type":"article","og_title":"Esfoliante Rosto&Corpo 150g - Pitaya","og_description":"Este esfoliante 12 em 1 limpa profundamente, renova a pele, hidrata e combate a celulite","og_url":"https:\/\/probelle.com.br\/en\/produto\/esfoliante-rostocorpo-150g-pitaya\/","og_site_name":"Probelle Cosm\u00e9ticos","article_publisher":"https:\/\/www.facebook.com\/probelle\/","article_modified_time":"2025-02-25T12:16:24+00:00","og_image":[{"width":400,"height":400,"url":"https:\/\/probelle.com.br\/wp-content\/uploads\/2025\/02\/Condicionador-Force-Ultra-1.png","type":"image\/png"}],"twitter_card":"summary_large_image","twitter_misc":{"Est. reading time":"2 minutes"},"schema":{"@context":"https:\/\/schema.org","@graph":[{"@type":"WebPage","@id":"https:\/\/probelle.com.br\/en\/produto\/esfoliante-rostocorpo-150g-pitaya\/","url":"https:\/\/probelle.com.br\/en\/produto\/esfoliante-rostocorpo-150g-pitaya\/","name":"Esfoliante Rosto&Corpo 150g - Pitaya ~ Probelle Cosm\u00e9ticos","isPartOf":{"@id":"https:\/\/probelle.com.br\/en\/#website"},"primaryImageOfPage":{"@id":"https:\/\/probelle.com.br\/en\/produto\/esfoliante-rostocorpo-150g-pitaya\/#primaryimage"},"image":{"@id":"https:\/\/probelle.com.br\/en\/produto\/esfoliante-rostocorpo-150g-pitaya\/#primaryimage"},"thumbnailUrl":"https:\/\/probelle.com.br\/wp-content\/uploads\/2025\/02\/Condicionador-Force-Ultra-1.png","datePublished":"2025-02-17T11:51:05+00:00","dateModified":"2025-02-25T12:16:24+00:00","description":"Este esfoliante 12 em 1 limpa profundamente, renova a pele, hidrata e combate a celulite","breadcrumb":{"@id":"https:\/\/probelle.com.br\/en\/produto\/esfoliante-rostocorpo-150g-pitaya\/#breadcrumb"},"inLanguage":"en-US","potentialAction":[{"@type":"ReadAction","target":["https:\/\/probelle.com.br\/en\/produto\/esfoliante-rostocorpo-150g-pitaya\/"]}]},{"@type":"ImageObject","inLanguage":"en-US","@id":"https:\/\/probelle.com.br\/en\/produto\/esfoliante-rostocorpo-150g-pitaya\/#primaryimage","url":"https:\/\/probelle.com.br\/wp-content\/uploads\/2025\/02\/Condicionador-Force-Ultra-1.png","contentUrl":"https:\/\/probelle.com.br\/wp-content\/uploads\/2025\/02\/Condicionador-Force-Ultra-1.png","width":400,"height":400},{"@type":"BreadcrumbList","@id":"https:\/\/probelle.com.br\/en\/produto\/esfoliante-rostocorpo-150g-pitaya\/#breadcrumb","itemListElement":[{"@type":"ListItem","position":1,"name":"Home","item":"https:\/\/probelle.com.br\/en\/"},{"@type":"ListItem","position":2,"name":"Loja","item":"https:\/\/probelle.com.br\/loja\/"},{"@type":"ListItem","position":3,"name":"Esfoliante Rosto&#038;Corpo 150g &#8211; Pitaya"}]},{"@type":"WebSite","@id":"https:\/\/probelle.com.br\/en\/#website","url":"https:\/\/probelle.com.br\/en\/","name":"Probelle Cosm\u00e9ticos","description":"Todo mundo tem em casa.","publisher":{"@id":"https:\/\/probelle.com.br\/en\/#organization"},"potentialAction":[{"@type":"SearchAction","target":{"@type":"EntryPoint","urlTemplate":"https:\/\/probelle.com.br\/en\/?s={search_term_string}"},"query-input":{"@type":"PropertyValueSpecification","valueRequired":true,"valueName":"search_term_string"}}],"inLanguage":"en-US"},{"@type":"Organization","@id":"https:\/\/probelle.com.br\/en\/#organization","name":"Probelle Cosm\u00e9ticos","url":"https:\/\/probelle.com.br\/en\/","logo":{"@type":"ImageObject","inLanguage":"en-US","@id":"https:\/\/probelle.com.br\/en\/#\/schema\/logo\/image\/","url":"https:\/\/probelle.com.br\/wp-content\/uploads\/2022\/08\/Para-o-sitee.jpg","contentUrl":"https:\/\/probelle.com.br\/wp-content\/uploads\/2022\/08\/Para-o-sitee.jpg","width":1000,"height":750,"caption":"Probelle Cosm\u00e9ticos"},"image":{"@id":"https:\/\/probelle.com.br\/en\/#\/schema\/logo\/image\/"},"sameAs":["https:\/\/www.facebook.com\/probelle\/","https:\/\/www.instagram.com\/probellecosmeticos\/","https:\/\/www.youtube.com\/c\/ProbelleCosm\u00e9ticos\/","https:\/\/br.linkedin.com\/company\/probellecosmeticos","https:\/\/br.pinterest.com\/probellecosmeticos\/"]}]}},"_links":{"self":[{"href":"https:\/\/probelle.com.br\/en\/wp-json\/wp\/v2\/product\/33553","targetHints":{"allow":["GET"]}}],"collection":[{"href":"https:\/\/probelle.com.br\/en\/wp-json\/wp\/v2\/product"}],"about":[{"href":"https:\/\/probelle.com.br\/en\/wp-json\/wp\/v2\/types\/product"}],"wp:featuredmedia":[{"embeddable":true,"href":"https:\/\/probelle.com.br\/en\/wp-json\/wp\/v2\/media\/33554"}],"wp:attachment":[{"href":"https:\/\/probelle.com.br\/en\/wp-json\/wp\/v2\/media?parent=33553"}],"wp:term":[{"taxonomy":"product_brand","embeddable":true,"href":"https:\/\/probelle.com.br\/en\/wp-json\/wp\/v2\/product_brand?post=33553"},{"taxonomy":"product_cat","embeddable":true,"href":"https:\/\/probelle.com.br\/en\/wp-json\/wp\/v2\/product_cat?post=33553"},{"taxonomy":"product_tag","embeddable":true,"href":"https:\/\/probelle.com.br\/en\/wp-json\/wp\/v2\/product_tag?post=33553"}],"curies":[{"name":"wp","href":"https:\/\/api.w.org\/{rel}","templated":true}]}}