{"id":33534,"date":"2025-02-17T08:44:37","date_gmt":"2025-02-17T11:44:37","guid":{"rendered":"https:\/\/probelle.com.br\/?post_type=product&#038;p=33534"},"modified":"2025-02-25T09:16:47","modified_gmt":"2025-02-25T12:16:47","slug":"esfoliante-rostocorpo-150g-morango","status":"publish","type":"product","link":"https:\/\/probelle.com.br\/en\/produto\/esfoliante-rostocorpo-150g-morango\/","title":{"rendered":"Esfoliante Rosto&#038;Corpo 150g &#8211; Morango"},"content":{"rendered":"<p>Ilumine sua pele com o poder antioxidante do morango! Nosso Esfoliante Corporal e Facial de Morango \u00e9 formulado com extrato de morango e part\u00edculas esfoliantes naturais, oferecendo 12 benef\u00edcios para sua pele, incluindo limpeza profunda, renova\u00e7\u00e3o celular e hidrata\u00e7\u00e3o intensa. A Vitamina C do morango ajuda a uniformizar o tom da pele, reduzir manchas e proporcionar um brilho natural, enquanto as part\u00edculas esfoliantes removem suavemente as c\u00e9lulas mortas. Al\u00e9m disso, ele alivia a tens\u00e3o muscular, combate a celulite e melhora a firmeza da pele, deixando-a com um toque aveludado e rejuvenescido. Perfeito para todos os tipos de pele, este esfoliante proporciona uma experi\u00eancia sensorial \u00fanica e um cuidado completo.<\/p>\n<p><strong>Como Usar:<\/strong><br \/>\nAplique sobre a pele limpa e \u00famida durante o banho ou ap\u00f3s o banho. Massageie suavemente com movimentos circulares e enx\u00e1gue com \u00e1gua morna. Evite a \u00e1rea dos olhos.<\/p>\n","protected":false},"excerpt":{"rendered":"<p>Ilumine sua pele com o poder antioxidante do morango! Este esfoliante 12 em 1 oferece uma limpeza profunda, remove c\u00e9lulas mortas e impurezas, e hidrata intensamente. Com extrato de morango e part\u00edculas naturais, promove um brilho natural, uniformiza o tom da pele e combate a celulite, deixando sua pele radiante e rejuvenescida.<\/p>\n","protected":false},"featured_media":33550,"template":"","meta":{"_joinchat":[]},"product_brand":[],"product_cat":[24],"product_tag":[594],"class_list":{"0":"post-33534","1":"product","2":"type-product","3":"status-publish","4":"has-post-thumbnail","6":"product_cat-sem-categoria","7":"product_tag-produtos-probelle","9":"first","10":"instock","11":"shipping-taxable","12":"purchasable","13":"product-type-simple"},"yoast_head":"<!-- This site is optimized with the Yoast SEO Premium plugin v23.5 (Yoast SEO v26.5) - https:\/\/yoast.com\/wordpress\/plugins\/seo\/ -->\n<title>Esfoliante Rosto&amp;Corpo 150g - Morango ~ Probelle Cosm\u00e9ticos<\/title>\n<meta name=\"description\" content=\"Nosso Esfoliante Corporal e Facial de Morango \u00e9 formulado com extrato de morango e part\u00edculas esfoliantes naturais, oferecendo 12 benef\u00edcios para sua pele.\" \/>\n<meta name=\"robots\" content=\"index, follow, max-snippet:-1, max-image-preview:large, max-video-preview:-1\" \/>\n<link rel=\"canonical\" href=\"https:\/\/probelle.com.br\/en\/produto\/esfoliante-rostocorpo-150g-morango\/\" \/>\n<meta property=\"og:locale\" content=\"en_US\" \/>\n<meta property=\"og:type\" content=\"article\" \/>\n<meta property=\"og:title\" content=\"Esfoliante Rosto&amp;Corpo 150g - Morango\" \/>\n<meta property=\"og:description\" content=\"Nosso Esfoliante Corporal e Facial de Morango \u00e9 formulado com extrato de morango e part\u00edculas esfoliantes naturais, oferecendo 12 benef\u00edcios para sua pele.\" \/>\n<meta property=\"og:url\" content=\"https:\/\/probelle.com.br\/en\/produto\/esfoliante-rostocorpo-150g-morango\/\" \/>\n<meta property=\"og:site_name\" content=\"Probelle Cosm\u00e9ticos\" \/>\n<meta property=\"article:publisher\" content=\"https:\/\/www.facebook.com\/probelle\/\" \/>\n<meta property=\"article:modified_time\" content=\"2025-02-25T12:16:47+00:00\" \/>\n<meta property=\"og:image\" content=\"https:\/\/probelle.com.br\/wp-content\/uploads\/2025\/02\/Condicionador-Force-Ultra.png\" \/>\n\t<meta property=\"og:image:width\" content=\"400\" \/>\n\t<meta property=\"og:image:height\" content=\"400\" \/>\n\t<meta property=\"og:image:type\" content=\"image\/png\" \/>\n<meta name=\"twitter:card\" content=\"summary_large_image\" \/>\n<meta name=\"twitter:label1\" content=\"Est. reading time\" \/>\n\t<meta name=\"twitter:data1\" content=\"1 minute\" \/>\n<script type=\"application\/ld+json\" class=\"yoast-schema-graph\">{\"@context\":\"https:\/\/schema.org\",\"@graph\":[{\"@type\":\"WebPage\",\"@id\":\"https:\/\/probelle.com.br\/en\/produto\/esfoliante-rostocorpo-150g-morango\/\",\"url\":\"https:\/\/probelle.com.br\/en\/produto\/esfoliante-rostocorpo-150g-morango\/\",\"name\":\"Esfoliante Rosto&Corpo 150g - Morango ~ Probelle Cosm\u00e9ticos\",\"isPartOf\":{\"@id\":\"https:\/\/probelle.com.br\/en\/#website\"},\"primaryImageOfPage\":{\"@id\":\"https:\/\/probelle.com.br\/en\/produto\/esfoliante-rostocorpo-150g-morango\/#primaryimage\"},\"image\":{\"@id\":\"https:\/\/probelle.com.br\/en\/produto\/esfoliante-rostocorpo-150g-morango\/#primaryimage\"},\"thumbnailUrl\":\"https:\/\/probelle.com.br\/wp-content\/uploads\/2025\/02\/Condicionador-Force-Ultra.png\",\"datePublished\":\"2025-02-17T11:44:37+00:00\",\"dateModified\":\"2025-02-25T12:16:47+00:00\",\"description\":\"Nosso Esfoliante Corporal e Facial de Morango \u00e9 formulado com extrato de morango e part\u00edculas esfoliantes naturais, oferecendo 12 benef\u00edcios para sua pele.\",\"breadcrumb\":{\"@id\":\"https:\/\/probelle.com.br\/en\/produto\/esfoliante-rostocorpo-150g-morango\/#breadcrumb\"},\"inLanguage\":\"en-US\",\"potentialAction\":[{\"@type\":\"ReadAction\",\"target\":[\"https:\/\/probelle.com.br\/en\/produto\/esfoliante-rostocorpo-150g-morango\/\"]}]},{\"@type\":\"ImageObject\",\"inLanguage\":\"en-US\",\"@id\":\"https:\/\/probelle.com.br\/en\/produto\/esfoliante-rostocorpo-150g-morango\/#primaryimage\",\"url\":\"https:\/\/probelle.com.br\/wp-content\/uploads\/2025\/02\/Condicionador-Force-Ultra.png\",\"contentUrl\":\"https:\/\/probelle.com.br\/wp-content\/uploads\/2025\/02\/Condicionador-Force-Ultra.png\",\"width\":400,\"height\":400},{\"@type\":\"BreadcrumbList\",\"@id\":\"https:\/\/probelle.com.br\/en\/produto\/esfoliante-rostocorpo-150g-morango\/#breadcrumb\",\"itemListElement\":[{\"@type\":\"ListItem\",\"position\":1,\"name\":\"Home\",\"item\":\"https:\/\/probelle.com.br\/en\/\"},{\"@type\":\"ListItem\",\"position\":2,\"name\":\"Loja\",\"item\":\"https:\/\/probelle.com.br\/loja\/\"},{\"@type\":\"ListItem\",\"position\":3,\"name\":\"Esfoliante Rosto&#038;Corpo 150g &#8211; Morango\"}]},{\"@type\":\"WebSite\",\"@id\":\"https:\/\/probelle.com.br\/en\/#website\",\"url\":\"https:\/\/probelle.com.br\/en\/\",\"name\":\"Probelle Cosm\u00e9ticos\",\"description\":\"Todo mundo tem em casa.\",\"publisher\":{\"@id\":\"https:\/\/probelle.com.br\/en\/#organization\"},\"potentialAction\":[{\"@type\":\"SearchAction\",\"target\":{\"@type\":\"EntryPoint\",\"urlTemplate\":\"https:\/\/probelle.com.br\/en\/?s={search_term_string}\"},\"query-input\":{\"@type\":\"PropertyValueSpecification\",\"valueRequired\":true,\"valueName\":\"search_term_string\"}}],\"inLanguage\":\"en-US\"},{\"@type\":\"Organization\",\"@id\":\"https:\/\/probelle.com.br\/en\/#organization\",\"name\":\"Probelle Cosm\u00e9ticos\",\"url\":\"https:\/\/probelle.com.br\/en\/\",\"logo\":{\"@type\":\"ImageObject\",\"inLanguage\":\"en-US\",\"@id\":\"https:\/\/probelle.com.br\/en\/#\/schema\/logo\/image\/\",\"url\":\"https:\/\/probelle.com.br\/wp-content\/uploads\/2022\/08\/Para-o-sitee.jpg\",\"contentUrl\":\"https:\/\/probelle.com.br\/wp-content\/uploads\/2022\/08\/Para-o-sitee.jpg\",\"width\":1000,\"height\":750,\"caption\":\"Probelle Cosm\u00e9ticos\"},\"image\":{\"@id\":\"https:\/\/probelle.com.br\/en\/#\/schema\/logo\/image\/\"},\"sameAs\":[\"https:\/\/www.facebook.com\/probelle\/\",\"https:\/\/www.instagram.com\/probellecosmeticos\/\",\"https:\/\/www.youtube.com\/c\/ProbelleCosm\u00e9ticos\/\",\"https:\/\/br.linkedin.com\/company\/probellecosmeticos\",\"https:\/\/br.pinterest.com\/probellecosmeticos\/\"]}]}<\/script>\n<!-- \/ Yoast SEO Premium plugin. -->","yoast_head_json":{"title":"Esfoliante Rosto&Corpo 150g - Morango ~ Probelle Cosm\u00e9ticos","description":"Nosso Esfoliante Corporal e Facial de Morango \u00e9 formulado com extrato de morango e part\u00edculas esfoliantes naturais, oferecendo 12 benef\u00edcios para sua pele.","robots":{"index":"index","follow":"follow","max-snippet":"max-snippet:-1","max-image-preview":"max-image-preview:large","max-video-preview":"max-video-preview:-1"},"canonical":"https:\/\/probelle.com.br\/en\/produto\/esfoliante-rostocorpo-150g-morango\/","og_locale":"en_US","og_type":"article","og_title":"Esfoliante Rosto&Corpo 150g - Morango","og_description":"Nosso Esfoliante Corporal e Facial de Morango \u00e9 formulado com extrato de morango e part\u00edculas esfoliantes naturais, oferecendo 12 benef\u00edcios para sua pele.","og_url":"https:\/\/probelle.com.br\/en\/produto\/esfoliante-rostocorpo-150g-morango\/","og_site_name":"Probelle Cosm\u00e9ticos","article_publisher":"https:\/\/www.facebook.com\/probelle\/","article_modified_time":"2025-02-25T12:16:47+00:00","og_image":[{"width":400,"height":400,"url":"https:\/\/probelle.com.br\/wp-content\/uploads\/2025\/02\/Condicionador-Force-Ultra.png","type":"image\/png"}],"twitter_card":"summary_large_image","twitter_misc":{"Est. reading time":"1 minute"},"schema":{"@context":"https:\/\/schema.org","@graph":[{"@type":"WebPage","@id":"https:\/\/probelle.com.br\/en\/produto\/esfoliante-rostocorpo-150g-morango\/","url":"https:\/\/probelle.com.br\/en\/produto\/esfoliante-rostocorpo-150g-morango\/","name":"Esfoliante Rosto&Corpo 150g - Morango ~ Probelle Cosm\u00e9ticos","isPartOf":{"@id":"https:\/\/probelle.com.br\/en\/#website"},"primaryImageOfPage":{"@id":"https:\/\/probelle.com.br\/en\/produto\/esfoliante-rostocorpo-150g-morango\/#primaryimage"},"image":{"@id":"https:\/\/probelle.com.br\/en\/produto\/esfoliante-rostocorpo-150g-morango\/#primaryimage"},"thumbnailUrl":"https:\/\/probelle.com.br\/wp-content\/uploads\/2025\/02\/Condicionador-Force-Ultra.png","datePublished":"2025-02-17T11:44:37+00:00","dateModified":"2025-02-25T12:16:47+00:00","description":"Nosso Esfoliante Corporal e Facial de Morango \u00e9 formulado com extrato de morango e part\u00edculas esfoliantes naturais, oferecendo 12 benef\u00edcios para sua pele.","breadcrumb":{"@id":"https:\/\/probelle.com.br\/en\/produto\/esfoliante-rostocorpo-150g-morango\/#breadcrumb"},"inLanguage":"en-US","potentialAction":[{"@type":"ReadAction","target":["https:\/\/probelle.com.br\/en\/produto\/esfoliante-rostocorpo-150g-morango\/"]}]},{"@type":"ImageObject","inLanguage":"en-US","@id":"https:\/\/probelle.com.br\/en\/produto\/esfoliante-rostocorpo-150g-morango\/#primaryimage","url":"https:\/\/probelle.com.br\/wp-content\/uploads\/2025\/02\/Condicionador-Force-Ultra.png","contentUrl":"https:\/\/probelle.com.br\/wp-content\/uploads\/2025\/02\/Condicionador-Force-Ultra.png","width":400,"height":400},{"@type":"BreadcrumbList","@id":"https:\/\/probelle.com.br\/en\/produto\/esfoliante-rostocorpo-150g-morango\/#breadcrumb","itemListElement":[{"@type":"ListItem","position":1,"name":"Home","item":"https:\/\/probelle.com.br\/en\/"},{"@type":"ListItem","position":2,"name":"Loja","item":"https:\/\/probelle.com.br\/loja\/"},{"@type":"ListItem","position":3,"name":"Esfoliante Rosto&#038;Corpo 150g &#8211; Morango"}]},{"@type":"WebSite","@id":"https:\/\/probelle.com.br\/en\/#website","url":"https:\/\/probelle.com.br\/en\/","name":"Probelle Cosm\u00e9ticos","description":"Todo mundo tem em casa.","publisher":{"@id":"https:\/\/probelle.com.br\/en\/#organization"},"potentialAction":[{"@type":"SearchAction","target":{"@type":"EntryPoint","urlTemplate":"https:\/\/probelle.com.br\/en\/?s={search_term_string}"},"query-input":{"@type":"PropertyValueSpecification","valueRequired":true,"valueName":"search_term_string"}}],"inLanguage":"en-US"},{"@type":"Organization","@id":"https:\/\/probelle.com.br\/en\/#organization","name":"Probelle Cosm\u00e9ticos","url":"https:\/\/probelle.com.br\/en\/","logo":{"@type":"ImageObject","inLanguage":"en-US","@id":"https:\/\/probelle.com.br\/en\/#\/schema\/logo\/image\/","url":"https:\/\/probelle.com.br\/wp-content\/uploads\/2022\/08\/Para-o-sitee.jpg","contentUrl":"https:\/\/probelle.com.br\/wp-content\/uploads\/2022\/08\/Para-o-sitee.jpg","width":1000,"height":750,"caption":"Probelle Cosm\u00e9ticos"},"image":{"@id":"https:\/\/probelle.com.br\/en\/#\/schema\/logo\/image\/"},"sameAs":["https:\/\/www.facebook.com\/probelle\/","https:\/\/www.instagram.com\/probellecosmeticos\/","https:\/\/www.youtube.com\/c\/ProbelleCosm\u00e9ticos\/","https:\/\/br.linkedin.com\/company\/probellecosmeticos","https:\/\/br.pinterest.com\/probellecosmeticos\/"]}]}},"_links":{"self":[{"href":"https:\/\/probelle.com.br\/en\/wp-json\/wp\/v2\/product\/33534","targetHints":{"allow":["GET"]}}],"collection":[{"href":"https:\/\/probelle.com.br\/en\/wp-json\/wp\/v2\/product"}],"about":[{"href":"https:\/\/probelle.com.br\/en\/wp-json\/wp\/v2\/types\/product"}],"wp:featuredmedia":[{"embeddable":true,"href":"https:\/\/probelle.com.br\/en\/wp-json\/wp\/v2\/media\/33550"}],"wp:attachment":[{"href":"https:\/\/probelle.com.br\/en\/wp-json\/wp\/v2\/media?parent=33534"}],"wp:term":[{"taxonomy":"product_brand","embeddable":true,"href":"https:\/\/probelle.com.br\/en\/wp-json\/wp\/v2\/product_brand?post=33534"},{"taxonomy":"product_cat","embeddable":true,"href":"https:\/\/probelle.com.br\/en\/wp-json\/wp\/v2\/product_cat?post=33534"},{"taxonomy":"product_tag","embeddable":true,"href":"https:\/\/probelle.com.br\/en\/wp-json\/wp\/v2\/product_tag?post=33534"}],"curies":[{"name":"wp","href":"https:\/\/api.w.org\/{rel}","templated":true}]}}