{"id":32279,"date":"2024-12-12T10:40:31","date_gmt":"2024-12-12T13:40:31","guid":{"rendered":"https:\/\/probelle.com.br\/?post_type=product&#038;p=32279"},"modified":"2025-02-07T09:10:56","modified_gmt":"2025-02-07T12:10:56","slug":"agua-micelar-vitamina-c","status":"publish","type":"product","link":"https:\/\/probelle.com.br\/en\/produto\/agua-micelar-vitamina-c\/","title":{"rendered":"\u00c1gua Micelar Vitamina C"},"content":{"rendered":"<p><strong>\u00c1gua Micelar Vitamina C<\/strong><br \/>\nIlumine sua pele com o poder da <strong>Vitamina C<\/strong>. Nossa <strong>\u00c1gua Micelar Vitamina C<\/strong> proporciona uma limpeza profunda e uniforme, removendo impurezas enquanto revitaliza e ilumina a pele. Enriquecida com esse ativo poderoso, ela promove uma sensa\u00e7\u00e3o de frescor, deixando sua pele visivelmente mais radiante e com um tom mais uniforme. Ideal para quem busca uma pele com apar\u00eancia saud\u00e1vel e iluminada, a cada aplica\u00e7\u00e3o.<\/p>\n","protected":false},"excerpt":{"rendered":"<p>A <strong>\u00c1gua Micelar Vitamina C<\/strong> limpa profundamente, removendo impurezas e revitalizando a pele. Ela ilumina e uniformiza o tom da pele, deixando-a mais radiante e fresca.<\/p>\n","protected":false},"featured_media":32280,"template":"","meta":{"_joinchat":[]},"product_brand":[],"product_cat":[822],"product_tag":[594],"class_list":{"0":"post-32279","1":"product","2":"type-product","3":"status-publish","4":"has-post-thumbnail","6":"product_cat-agua-micelar","7":"product_tag-produtos-probelle","9":"first","10":"outofstock","11":"shipping-taxable","12":"purchasable","13":"product-type-simple"},"yoast_head":"<!-- This site is optimized with the Yoast SEO Premium plugin v23.5 (Yoast SEO v26.5) - https:\/\/yoast.com\/wordpress\/plugins\/seo\/ -->\n<title>\u00c1gua Micelar Vitamina C ~ Probelle Cosm\u00e9ticos<\/title>\n<meta name=\"description\" content=\"\u00c1gua Micelar Vitamina C proporciona limpeza profunda, removendo impurezas e iluminando a pele. Com Vitamina C, ela deixa sua pele mais radiante e com tom uniforme, trazendo frescor e revitaliza\u00e7\u00e3o.\" \/>\n<meta name=\"robots\" content=\"index, follow, max-snippet:-1, max-image-preview:large, max-video-preview:-1\" \/>\n<link rel=\"canonical\" href=\"https:\/\/probelle.com.br\/en\/produto\/agua-micelar-vitamina-c\/\" \/>\n<meta property=\"og:locale\" content=\"en_US\" \/>\n<meta property=\"og:type\" content=\"article\" \/>\n<meta property=\"og:title\" content=\"\u00c1gua Micelar Vitamina C\" \/>\n<meta property=\"og:description\" content=\"\u00c1gua Micelar Vitamina C proporciona limpeza profunda, removendo impurezas e iluminando a pele. Com Vitamina C, ela deixa sua pele mais radiante e com tom uniforme, trazendo frescor e revitaliza\u00e7\u00e3o.\" \/>\n<meta property=\"og:url\" content=\"https:\/\/probelle.com.br\/en\/produto\/agua-micelar-vitamina-c\/\" \/>\n<meta property=\"og:site_name\" content=\"Probelle Cosm\u00e9ticos\" \/>\n<meta property=\"article:publisher\" content=\"https:\/\/www.facebook.com\/probelle\/\" \/>\n<meta property=\"article:modified_time\" content=\"2025-02-07T12:10:56+00:00\" \/>\n<meta property=\"og:image\" content=\"https:\/\/probelle.com.br\/wp-content\/uploads\/2024\/12\/Vitamina-C.png\" \/>\n\t<meta property=\"og:image:width\" content=\"400\" \/>\n\t<meta property=\"og:image:height\" content=\"400\" \/>\n\t<meta property=\"og:image:type\" content=\"image\/png\" \/>\n<meta name=\"twitter:card\" content=\"summary_large_image\" \/>\n<meta name=\"twitter:label1\" content=\"Est. reading time\" \/>\n\t<meta name=\"twitter:data1\" content=\"1 minute\" \/>\n<script type=\"application\/ld+json\" class=\"yoast-schema-graph\">{\"@context\":\"https:\/\/schema.org\",\"@graph\":[{\"@type\":\"WebPage\",\"@id\":\"https:\/\/probelle.com.br\/en\/produto\/agua-micelar-vitamina-c\/\",\"url\":\"https:\/\/probelle.com.br\/en\/produto\/agua-micelar-vitamina-c\/\",\"name\":\"\u00c1gua Micelar Vitamina C ~ Probelle Cosm\u00e9ticos\",\"isPartOf\":{\"@id\":\"https:\/\/probelle.com.br\/en\/#website\"},\"primaryImageOfPage\":{\"@id\":\"https:\/\/probelle.com.br\/en\/produto\/agua-micelar-vitamina-c\/#primaryimage\"},\"image\":{\"@id\":\"https:\/\/probelle.com.br\/en\/produto\/agua-micelar-vitamina-c\/#primaryimage\"},\"thumbnailUrl\":\"https:\/\/probelle.com.br\/wp-content\/uploads\/2024\/12\/Vitamina-C.png\",\"datePublished\":\"2024-12-12T13:40:31+00:00\",\"dateModified\":\"2025-02-07T12:10:56+00:00\",\"description\":\"\u00c1gua Micelar Vitamina C proporciona limpeza profunda, removendo impurezas e iluminando a pele. Com Vitamina C, ela deixa sua pele mais radiante e com tom uniforme, trazendo frescor e revitaliza\u00e7\u00e3o.\",\"breadcrumb\":{\"@id\":\"https:\/\/probelle.com.br\/en\/produto\/agua-micelar-vitamina-c\/#breadcrumb\"},\"inLanguage\":\"en-US\",\"potentialAction\":[{\"@type\":\"ReadAction\",\"target\":[\"https:\/\/probelle.com.br\/en\/produto\/agua-micelar-vitamina-c\/\"]}]},{\"@type\":\"ImageObject\",\"inLanguage\":\"en-US\",\"@id\":\"https:\/\/probelle.com.br\/en\/produto\/agua-micelar-vitamina-c\/#primaryimage\",\"url\":\"https:\/\/probelle.com.br\/wp-content\/uploads\/2024\/12\/Vitamina-C.png\",\"contentUrl\":\"https:\/\/probelle.com.br\/wp-content\/uploads\/2024\/12\/Vitamina-C.png\",\"width\":400,\"height\":400},{\"@type\":\"BreadcrumbList\",\"@id\":\"https:\/\/probelle.com.br\/en\/produto\/agua-micelar-vitamina-c\/#breadcrumb\",\"itemListElement\":[{\"@type\":\"ListItem\",\"position\":1,\"name\":\"Home\",\"item\":\"https:\/\/probelle.com.br\/en\/\"},{\"@type\":\"ListItem\",\"position\":2,\"name\":\"Loja\",\"item\":\"https:\/\/probelle.com.br\/loja\/\"},{\"@type\":\"ListItem\",\"position\":3,\"name\":\"\u00c1gua Micelar Vitamina C\"}]},{\"@type\":\"WebSite\",\"@id\":\"https:\/\/probelle.com.br\/en\/#website\",\"url\":\"https:\/\/probelle.com.br\/en\/\",\"name\":\"Probelle Cosm\u00e9ticos\",\"description\":\"Todo mundo tem em casa.\",\"publisher\":{\"@id\":\"https:\/\/probelle.com.br\/en\/#organization\"},\"potentialAction\":[{\"@type\":\"SearchAction\",\"target\":{\"@type\":\"EntryPoint\",\"urlTemplate\":\"https:\/\/probelle.com.br\/en\/?s={search_term_string}\"},\"query-input\":{\"@type\":\"PropertyValueSpecification\",\"valueRequired\":true,\"valueName\":\"search_term_string\"}}],\"inLanguage\":\"en-US\"},{\"@type\":\"Organization\",\"@id\":\"https:\/\/probelle.com.br\/en\/#organization\",\"name\":\"Probelle Cosm\u00e9ticos\",\"url\":\"https:\/\/probelle.com.br\/en\/\",\"logo\":{\"@type\":\"ImageObject\",\"inLanguage\":\"en-US\",\"@id\":\"https:\/\/probelle.com.br\/en\/#\/schema\/logo\/image\/\",\"url\":\"https:\/\/probelle.com.br\/wp-content\/uploads\/2022\/08\/Para-o-sitee.jpg\",\"contentUrl\":\"https:\/\/probelle.com.br\/wp-content\/uploads\/2022\/08\/Para-o-sitee.jpg\",\"width\":1000,\"height\":750,\"caption\":\"Probelle Cosm\u00e9ticos\"},\"image\":{\"@id\":\"https:\/\/probelle.com.br\/en\/#\/schema\/logo\/image\/\"},\"sameAs\":[\"https:\/\/www.facebook.com\/probelle\/\",\"https:\/\/www.instagram.com\/probellecosmeticos\/\",\"https:\/\/www.youtube.com\/c\/ProbelleCosm\u00e9ticos\/\",\"https:\/\/br.linkedin.com\/company\/probellecosmeticos\",\"https:\/\/br.pinterest.com\/probellecosmeticos\/\"]}]}<\/script>\n<!-- \/ Yoast SEO Premium plugin. -->","yoast_head_json":{"title":"\u00c1gua Micelar Vitamina C ~ Probelle Cosm\u00e9ticos","description":"\u00c1gua Micelar Vitamina C proporciona limpeza profunda, removendo impurezas e iluminando a pele. Com Vitamina C, ela deixa sua pele mais radiante e com tom uniforme, trazendo frescor e revitaliza\u00e7\u00e3o.","robots":{"index":"index","follow":"follow","max-snippet":"max-snippet:-1","max-image-preview":"max-image-preview:large","max-video-preview":"max-video-preview:-1"},"canonical":"https:\/\/probelle.com.br\/en\/produto\/agua-micelar-vitamina-c\/","og_locale":"en_US","og_type":"article","og_title":"\u00c1gua Micelar Vitamina C","og_description":"\u00c1gua Micelar Vitamina C proporciona limpeza profunda, removendo impurezas e iluminando a pele. Com Vitamina C, ela deixa sua pele mais radiante e com tom uniforme, trazendo frescor e revitaliza\u00e7\u00e3o.","og_url":"https:\/\/probelle.com.br\/en\/produto\/agua-micelar-vitamina-c\/","og_site_name":"Probelle Cosm\u00e9ticos","article_publisher":"https:\/\/www.facebook.com\/probelle\/","article_modified_time":"2025-02-07T12:10:56+00:00","og_image":[{"width":400,"height":400,"url":"https:\/\/probelle.com.br\/wp-content\/uploads\/2024\/12\/Vitamina-C.png","type":"image\/png"}],"twitter_card":"summary_large_image","twitter_misc":{"Est. reading time":"1 minute"},"schema":{"@context":"https:\/\/schema.org","@graph":[{"@type":"WebPage","@id":"https:\/\/probelle.com.br\/en\/produto\/agua-micelar-vitamina-c\/","url":"https:\/\/probelle.com.br\/en\/produto\/agua-micelar-vitamina-c\/","name":"\u00c1gua Micelar Vitamina C ~ Probelle Cosm\u00e9ticos","isPartOf":{"@id":"https:\/\/probelle.com.br\/en\/#website"},"primaryImageOfPage":{"@id":"https:\/\/probelle.com.br\/en\/produto\/agua-micelar-vitamina-c\/#primaryimage"},"image":{"@id":"https:\/\/probelle.com.br\/en\/produto\/agua-micelar-vitamina-c\/#primaryimage"},"thumbnailUrl":"https:\/\/probelle.com.br\/wp-content\/uploads\/2024\/12\/Vitamina-C.png","datePublished":"2024-12-12T13:40:31+00:00","dateModified":"2025-02-07T12:10:56+00:00","description":"\u00c1gua Micelar Vitamina C proporciona limpeza profunda, removendo impurezas e iluminando a pele. Com Vitamina C, ela deixa sua pele mais radiante e com tom uniforme, trazendo frescor e revitaliza\u00e7\u00e3o.","breadcrumb":{"@id":"https:\/\/probelle.com.br\/en\/produto\/agua-micelar-vitamina-c\/#breadcrumb"},"inLanguage":"en-US","potentialAction":[{"@type":"ReadAction","target":["https:\/\/probelle.com.br\/en\/produto\/agua-micelar-vitamina-c\/"]}]},{"@type":"ImageObject","inLanguage":"en-US","@id":"https:\/\/probelle.com.br\/en\/produto\/agua-micelar-vitamina-c\/#primaryimage","url":"https:\/\/probelle.com.br\/wp-content\/uploads\/2024\/12\/Vitamina-C.png","contentUrl":"https:\/\/probelle.com.br\/wp-content\/uploads\/2024\/12\/Vitamina-C.png","width":400,"height":400},{"@type":"BreadcrumbList","@id":"https:\/\/probelle.com.br\/en\/produto\/agua-micelar-vitamina-c\/#breadcrumb","itemListElement":[{"@type":"ListItem","position":1,"name":"Home","item":"https:\/\/probelle.com.br\/en\/"},{"@type":"ListItem","position":2,"name":"Loja","item":"https:\/\/probelle.com.br\/loja\/"},{"@type":"ListItem","position":3,"name":"\u00c1gua Micelar Vitamina C"}]},{"@type":"WebSite","@id":"https:\/\/probelle.com.br\/en\/#website","url":"https:\/\/probelle.com.br\/en\/","name":"Probelle Cosm\u00e9ticos","description":"Todo mundo tem em casa.","publisher":{"@id":"https:\/\/probelle.com.br\/en\/#organization"},"potentialAction":[{"@type":"SearchAction","target":{"@type":"EntryPoint","urlTemplate":"https:\/\/probelle.com.br\/en\/?s={search_term_string}"},"query-input":{"@type":"PropertyValueSpecification","valueRequired":true,"valueName":"search_term_string"}}],"inLanguage":"en-US"},{"@type":"Organization","@id":"https:\/\/probelle.com.br\/en\/#organization","name":"Probelle Cosm\u00e9ticos","url":"https:\/\/probelle.com.br\/en\/","logo":{"@type":"ImageObject","inLanguage":"en-US","@id":"https:\/\/probelle.com.br\/en\/#\/schema\/logo\/image\/","url":"https:\/\/probelle.com.br\/wp-content\/uploads\/2022\/08\/Para-o-sitee.jpg","contentUrl":"https:\/\/probelle.com.br\/wp-content\/uploads\/2022\/08\/Para-o-sitee.jpg","width":1000,"height":750,"caption":"Probelle Cosm\u00e9ticos"},"image":{"@id":"https:\/\/probelle.com.br\/en\/#\/schema\/logo\/image\/"},"sameAs":["https:\/\/www.facebook.com\/probelle\/","https:\/\/www.instagram.com\/probellecosmeticos\/","https:\/\/www.youtube.com\/c\/ProbelleCosm\u00e9ticos\/","https:\/\/br.linkedin.com\/company\/probellecosmeticos","https:\/\/br.pinterest.com\/probellecosmeticos\/"]}]}},"_links":{"self":[{"href":"https:\/\/probelle.com.br\/en\/wp-json\/wp\/v2\/product\/32279","targetHints":{"allow":["GET"]}}],"collection":[{"href":"https:\/\/probelle.com.br\/en\/wp-json\/wp\/v2\/product"}],"about":[{"href":"https:\/\/probelle.com.br\/en\/wp-json\/wp\/v2\/types\/product"}],"wp:featuredmedia":[{"embeddable":true,"href":"https:\/\/probelle.com.br\/en\/wp-json\/wp\/v2\/media\/32280"}],"wp:attachment":[{"href":"https:\/\/probelle.com.br\/en\/wp-json\/wp\/v2\/media?parent=32279"}],"wp:term":[{"taxonomy":"product_brand","embeddable":true,"href":"https:\/\/probelle.com.br\/en\/wp-json\/wp\/v2\/product_brand?post=32279"},{"taxonomy":"product_cat","embeddable":true,"href":"https:\/\/probelle.com.br\/en\/wp-json\/wp\/v2\/product_cat?post=32279"},{"taxonomy":"product_tag","embeddable":true,"href":"https:\/\/probelle.com.br\/en\/wp-json\/wp\/v2\/product_tag?post=32279"}],"curies":[{"name":"wp","href":"https:\/\/api.w.org\/{rel}","templated":true}]}}