{"id":32268,"date":"2024-12-12T10:33:09","date_gmt":"2024-12-12T13:33:09","guid":{"rendered":"https:\/\/probelle.com.br\/?post_type=product&#038;p=32268"},"modified":"2025-02-10T15:39:38","modified_gmt":"2025-02-10T18:39:38","slug":"agua-micelar-acido-hialuronico","status":"publish","type":"product","link":"https:\/\/probelle.com.br\/en\/produto\/agua-micelar-acido-hialuronico\/","title":{"rendered":"\u00c1gua Micelar \u00c1cido Hialur\u00f4nico"},"content":{"rendered":"<p><strong>\u00c1gua Micelar \u00c1cido Hialur\u00f4nico<\/strong><br \/>\nRejuvenes\u00e7a sua pele com o poder do <strong>\u00c1cido Hialur\u00f4nico<\/strong>. Esse ativo potente preenche linhas finas e rugas, proporcionando uma pele com apar\u00eancia mais jovem e saud\u00e1vel. Nossa <strong>\u00c1gua Micelar \u00c1cido Hialur\u00f4nico<\/strong> limpa profundamente enquanto hidrata, removendo impurezas e preparando a pele para os pr\u00f3ximos cuidados. Com o uso di\u00e1rio, sua pele ficar\u00e1 mais fresca, renovada e visivelmente rejuvenescida.<\/p>\n","protected":false},"excerpt":{"rendered":"<p>A <strong>\u00c1gua Micelar \u00c1cido Hialur\u00f4nico<\/strong> limpa e hidrata profundamente, preenchendo linhas finas e rugas, deixando a pele mais jovem, fresca e renovada. Perfeita para uma pele rejuvenescida e saud\u00e1vel.<\/p>\n","protected":false},"featured_media":32269,"template":"","meta":{"_joinchat":[]},"product_brand":[],"product_cat":[822],"product_tag":[594],"class_list":{"0":"post-32268","1":"product","2":"type-product","3":"status-publish","4":"has-post-thumbnail","6":"product_cat-agua-micelar","7":"product_tag-produtos-probelle","9":"first","10":"outofstock","11":"shipping-taxable","12":"purchasable","13":"product-type-simple"},"yoast_head":"<!-- This site is optimized with the Yoast SEO Premium plugin v23.5 (Yoast SEO v26.5) - https:\/\/yoast.com\/wordpress\/plugins\/seo\/ -->\n<title>\u00c1gua Micelar \u00c1cido Hialur\u00f4nico ~ Probelle Cosm\u00e9ticos<\/title>\n<meta name=\"description\" content=\"\u00c1gua Micelar \u00c1cido Hialur\u00f4nico limpa profundamente e hidrata, preenchendo linhas finas e rugas. Revela uma pele mais jovem, fresca e rejuvenescida, preparando sua pele para os cuidados seguintes.\" \/>\n<meta name=\"robots\" content=\"index, follow, max-snippet:-1, max-image-preview:large, max-video-preview:-1\" \/>\n<link rel=\"canonical\" href=\"https:\/\/probelle.com.br\/en\/produto\/agua-micelar-acido-hialuronico\/\" \/>\n<meta property=\"og:locale\" content=\"en_US\" \/>\n<meta property=\"og:type\" content=\"article\" \/>\n<meta property=\"og:title\" content=\"\u00c1gua Micelar \u00c1cido Hialur\u00f4nico\" \/>\n<meta property=\"og:description\" content=\"\u00c1gua Micelar \u00c1cido Hialur\u00f4nico limpa profundamente e hidrata, preenchendo linhas finas e rugas. Revela uma pele mais jovem, fresca e rejuvenescida, preparando sua pele para os cuidados seguintes.\" \/>\n<meta property=\"og:url\" content=\"https:\/\/probelle.com.br\/en\/produto\/agua-micelar-acido-hialuronico\/\" \/>\n<meta property=\"og:site_name\" content=\"Probelle Cosm\u00e9ticos\" \/>\n<meta property=\"article:publisher\" content=\"https:\/\/www.facebook.com\/probelle\/\" \/>\n<meta property=\"article:modified_time\" content=\"2025-02-10T18:39:38+00:00\" \/>\n<meta property=\"og:image\" content=\"https:\/\/probelle.com.br\/wp-content\/uploads\/2024\/12\/Acido-Hialuronico.png\" \/>\n\t<meta property=\"og:image:width\" content=\"400\" \/>\n\t<meta property=\"og:image:height\" content=\"400\" \/>\n\t<meta property=\"og:image:type\" content=\"image\/png\" \/>\n<meta name=\"twitter:card\" content=\"summary_large_image\" \/>\n<meta name=\"twitter:label1\" content=\"Est. reading time\" \/>\n\t<meta name=\"twitter:data1\" content=\"1 minute\" \/>\n<script type=\"application\/ld+json\" class=\"yoast-schema-graph\">{\"@context\":\"https:\/\/schema.org\",\"@graph\":[{\"@type\":\"WebPage\",\"@id\":\"https:\/\/probelle.com.br\/en\/produto\/agua-micelar-acido-hialuronico\/\",\"url\":\"https:\/\/probelle.com.br\/en\/produto\/agua-micelar-acido-hialuronico\/\",\"name\":\"\u00c1gua Micelar \u00c1cido Hialur\u00f4nico ~ Probelle Cosm\u00e9ticos\",\"isPartOf\":{\"@id\":\"https:\/\/probelle.com.br\/en\/#website\"},\"primaryImageOfPage\":{\"@id\":\"https:\/\/probelle.com.br\/en\/produto\/agua-micelar-acido-hialuronico\/#primaryimage\"},\"image\":{\"@id\":\"https:\/\/probelle.com.br\/en\/produto\/agua-micelar-acido-hialuronico\/#primaryimage\"},\"thumbnailUrl\":\"https:\/\/probelle.com.br\/wp-content\/uploads\/2024\/12\/Acido-Hialuronico.png\",\"datePublished\":\"2024-12-12T13:33:09+00:00\",\"dateModified\":\"2025-02-10T18:39:38+00:00\",\"description\":\"\u00c1gua Micelar \u00c1cido Hialur\u00f4nico limpa profundamente e hidrata, preenchendo linhas finas e rugas. Revela uma pele mais jovem, fresca e rejuvenescida, preparando sua pele para os cuidados seguintes.\",\"breadcrumb\":{\"@id\":\"https:\/\/probelle.com.br\/en\/produto\/agua-micelar-acido-hialuronico\/#breadcrumb\"},\"inLanguage\":\"en-US\",\"potentialAction\":[{\"@type\":\"ReadAction\",\"target\":[\"https:\/\/probelle.com.br\/en\/produto\/agua-micelar-acido-hialuronico\/\"]}]},{\"@type\":\"ImageObject\",\"inLanguage\":\"en-US\",\"@id\":\"https:\/\/probelle.com.br\/en\/produto\/agua-micelar-acido-hialuronico\/#primaryimage\",\"url\":\"https:\/\/probelle.com.br\/wp-content\/uploads\/2024\/12\/Acido-Hialuronico.png\",\"contentUrl\":\"https:\/\/probelle.com.br\/wp-content\/uploads\/2024\/12\/Acido-Hialuronico.png\",\"width\":400,\"height\":400},{\"@type\":\"BreadcrumbList\",\"@id\":\"https:\/\/probelle.com.br\/en\/produto\/agua-micelar-acido-hialuronico\/#breadcrumb\",\"itemListElement\":[{\"@type\":\"ListItem\",\"position\":1,\"name\":\"Home\",\"item\":\"https:\/\/probelle.com.br\/en\/\"},{\"@type\":\"ListItem\",\"position\":2,\"name\":\"Loja\",\"item\":\"https:\/\/probelle.com.br\/loja\/\"},{\"@type\":\"ListItem\",\"position\":3,\"name\":\"\u00c1gua Micelar \u00c1cido Hialur\u00f4nico\"}]},{\"@type\":\"WebSite\",\"@id\":\"https:\/\/probelle.com.br\/en\/#website\",\"url\":\"https:\/\/probelle.com.br\/en\/\",\"name\":\"Probelle Cosm\u00e9ticos\",\"description\":\"Todo mundo tem em casa.\",\"publisher\":{\"@id\":\"https:\/\/probelle.com.br\/en\/#organization\"},\"potentialAction\":[{\"@type\":\"SearchAction\",\"target\":{\"@type\":\"EntryPoint\",\"urlTemplate\":\"https:\/\/probelle.com.br\/en\/?s={search_term_string}\"},\"query-input\":{\"@type\":\"PropertyValueSpecification\",\"valueRequired\":true,\"valueName\":\"search_term_string\"}}],\"inLanguage\":\"en-US\"},{\"@type\":\"Organization\",\"@id\":\"https:\/\/probelle.com.br\/en\/#organization\",\"name\":\"Probelle Cosm\u00e9ticos\",\"url\":\"https:\/\/probelle.com.br\/en\/\",\"logo\":{\"@type\":\"ImageObject\",\"inLanguage\":\"en-US\",\"@id\":\"https:\/\/probelle.com.br\/en\/#\/schema\/logo\/image\/\",\"url\":\"https:\/\/probelle.com.br\/wp-content\/uploads\/2022\/08\/Para-o-sitee.jpg\",\"contentUrl\":\"https:\/\/probelle.com.br\/wp-content\/uploads\/2022\/08\/Para-o-sitee.jpg\",\"width\":1000,\"height\":750,\"caption\":\"Probelle Cosm\u00e9ticos\"},\"image\":{\"@id\":\"https:\/\/probelle.com.br\/en\/#\/schema\/logo\/image\/\"},\"sameAs\":[\"https:\/\/www.facebook.com\/probelle\/\",\"https:\/\/www.instagram.com\/probellecosmeticos\/\",\"https:\/\/www.youtube.com\/c\/ProbelleCosm\u00e9ticos\/\",\"https:\/\/br.linkedin.com\/company\/probellecosmeticos\",\"https:\/\/br.pinterest.com\/probellecosmeticos\/\"]}]}<\/script>\n<!-- \/ Yoast SEO Premium plugin. -->","yoast_head_json":{"title":"\u00c1gua Micelar \u00c1cido Hialur\u00f4nico ~ Probelle Cosm\u00e9ticos","description":"\u00c1gua Micelar \u00c1cido Hialur\u00f4nico limpa profundamente e hidrata, preenchendo linhas finas e rugas. Revela uma pele mais jovem, fresca e rejuvenescida, preparando sua pele para os cuidados seguintes.","robots":{"index":"index","follow":"follow","max-snippet":"max-snippet:-1","max-image-preview":"max-image-preview:large","max-video-preview":"max-video-preview:-1"},"canonical":"https:\/\/probelle.com.br\/en\/produto\/agua-micelar-acido-hialuronico\/","og_locale":"en_US","og_type":"article","og_title":"\u00c1gua Micelar \u00c1cido Hialur\u00f4nico","og_description":"\u00c1gua Micelar \u00c1cido Hialur\u00f4nico limpa profundamente e hidrata, preenchendo linhas finas e rugas. Revela uma pele mais jovem, fresca e rejuvenescida, preparando sua pele para os cuidados seguintes.","og_url":"https:\/\/probelle.com.br\/en\/produto\/agua-micelar-acido-hialuronico\/","og_site_name":"Probelle Cosm\u00e9ticos","article_publisher":"https:\/\/www.facebook.com\/probelle\/","article_modified_time":"2025-02-10T18:39:38+00:00","og_image":[{"width":400,"height":400,"url":"https:\/\/probelle.com.br\/wp-content\/uploads\/2024\/12\/Acido-Hialuronico.png","type":"image\/png"}],"twitter_card":"summary_large_image","twitter_misc":{"Est. reading time":"1 minute"},"schema":{"@context":"https:\/\/schema.org","@graph":[{"@type":"WebPage","@id":"https:\/\/probelle.com.br\/en\/produto\/agua-micelar-acido-hialuronico\/","url":"https:\/\/probelle.com.br\/en\/produto\/agua-micelar-acido-hialuronico\/","name":"\u00c1gua Micelar \u00c1cido Hialur\u00f4nico ~ Probelle Cosm\u00e9ticos","isPartOf":{"@id":"https:\/\/probelle.com.br\/en\/#website"},"primaryImageOfPage":{"@id":"https:\/\/probelle.com.br\/en\/produto\/agua-micelar-acido-hialuronico\/#primaryimage"},"image":{"@id":"https:\/\/probelle.com.br\/en\/produto\/agua-micelar-acido-hialuronico\/#primaryimage"},"thumbnailUrl":"https:\/\/probelle.com.br\/wp-content\/uploads\/2024\/12\/Acido-Hialuronico.png","datePublished":"2024-12-12T13:33:09+00:00","dateModified":"2025-02-10T18:39:38+00:00","description":"\u00c1gua Micelar \u00c1cido Hialur\u00f4nico limpa profundamente e hidrata, preenchendo linhas finas e rugas. Revela uma pele mais jovem, fresca e rejuvenescida, preparando sua pele para os cuidados seguintes.","breadcrumb":{"@id":"https:\/\/probelle.com.br\/en\/produto\/agua-micelar-acido-hialuronico\/#breadcrumb"},"inLanguage":"en-US","potentialAction":[{"@type":"ReadAction","target":["https:\/\/probelle.com.br\/en\/produto\/agua-micelar-acido-hialuronico\/"]}]},{"@type":"ImageObject","inLanguage":"en-US","@id":"https:\/\/probelle.com.br\/en\/produto\/agua-micelar-acido-hialuronico\/#primaryimage","url":"https:\/\/probelle.com.br\/wp-content\/uploads\/2024\/12\/Acido-Hialuronico.png","contentUrl":"https:\/\/probelle.com.br\/wp-content\/uploads\/2024\/12\/Acido-Hialuronico.png","width":400,"height":400},{"@type":"BreadcrumbList","@id":"https:\/\/probelle.com.br\/en\/produto\/agua-micelar-acido-hialuronico\/#breadcrumb","itemListElement":[{"@type":"ListItem","position":1,"name":"Home","item":"https:\/\/probelle.com.br\/en\/"},{"@type":"ListItem","position":2,"name":"Loja","item":"https:\/\/probelle.com.br\/loja\/"},{"@type":"ListItem","position":3,"name":"\u00c1gua Micelar \u00c1cido Hialur\u00f4nico"}]},{"@type":"WebSite","@id":"https:\/\/probelle.com.br\/en\/#website","url":"https:\/\/probelle.com.br\/en\/","name":"Probelle Cosm\u00e9ticos","description":"Todo mundo tem em casa.","publisher":{"@id":"https:\/\/probelle.com.br\/en\/#organization"},"potentialAction":[{"@type":"SearchAction","target":{"@type":"EntryPoint","urlTemplate":"https:\/\/probelle.com.br\/en\/?s={search_term_string}"},"query-input":{"@type":"PropertyValueSpecification","valueRequired":true,"valueName":"search_term_string"}}],"inLanguage":"en-US"},{"@type":"Organization","@id":"https:\/\/probelle.com.br\/en\/#organization","name":"Probelle Cosm\u00e9ticos","url":"https:\/\/probelle.com.br\/en\/","logo":{"@type":"ImageObject","inLanguage":"en-US","@id":"https:\/\/probelle.com.br\/en\/#\/schema\/logo\/image\/","url":"https:\/\/probelle.com.br\/wp-content\/uploads\/2022\/08\/Para-o-sitee.jpg","contentUrl":"https:\/\/probelle.com.br\/wp-content\/uploads\/2022\/08\/Para-o-sitee.jpg","width":1000,"height":750,"caption":"Probelle Cosm\u00e9ticos"},"image":{"@id":"https:\/\/probelle.com.br\/en\/#\/schema\/logo\/image\/"},"sameAs":["https:\/\/www.facebook.com\/probelle\/","https:\/\/www.instagram.com\/probellecosmeticos\/","https:\/\/www.youtube.com\/c\/ProbelleCosm\u00e9ticos\/","https:\/\/br.linkedin.com\/company\/probellecosmeticos","https:\/\/br.pinterest.com\/probellecosmeticos\/"]}]}},"_links":{"self":[{"href":"https:\/\/probelle.com.br\/en\/wp-json\/wp\/v2\/product\/32268","targetHints":{"allow":["GET"]}}],"collection":[{"href":"https:\/\/probelle.com.br\/en\/wp-json\/wp\/v2\/product"}],"about":[{"href":"https:\/\/probelle.com.br\/en\/wp-json\/wp\/v2\/types\/product"}],"wp:featuredmedia":[{"embeddable":true,"href":"https:\/\/probelle.com.br\/en\/wp-json\/wp\/v2\/media\/32269"}],"wp:attachment":[{"href":"https:\/\/probelle.com.br\/en\/wp-json\/wp\/v2\/media?parent=32268"}],"wp:term":[{"taxonomy":"product_brand","embeddable":true,"href":"https:\/\/probelle.com.br\/en\/wp-json\/wp\/v2\/product_brand?post=32268"},{"taxonomy":"product_cat","embeddable":true,"href":"https:\/\/probelle.com.br\/en\/wp-json\/wp\/v2\/product_cat?post=32268"},{"taxonomy":"product_tag","embeddable":true,"href":"https:\/\/probelle.com.br\/en\/wp-json\/wp\/v2\/product_tag?post=32268"}],"curies":[{"name":"wp","href":"https:\/\/api.w.org\/{rel}","templated":true}]}}