{"id":32260,"date":"2024-12-12T10:22:42","date_gmt":"2024-12-12T13:22:42","guid":{"rendered":"https:\/\/probelle.com.br\/?post_type=product&#038;p=32260"},"modified":"2025-02-07T09:12:36","modified_gmt":"2025-02-07T12:12:36","slug":"agua-micelar-rosa-mosqueta","status":"publish","type":"product","link":"https:\/\/probelle.com.br\/en\/produto\/agua-micelar-rosa-mosqueta\/","title":{"rendered":"\u00c1gua Micelar Rosa Mosqueta"},"content":{"rendered":"<p>Simplifique sua rotina de cuidados com a <strong>\u00c1gua Micelar de Rosa Mosqueta<\/strong>, ideal para todos os tipos de pele. Ela remove delicadamente a maquiagem e as impurezas, limpando, tonificando, hidratando e suavizando a pele em um \u00fanico passo. Sua f\u00f3rmula especial ajuda a reduzir linhas finas, cicatrizes e manchas, proporcionando uma pele mais uniforme e radiante. A cada aplica\u00e7\u00e3o, voc\u00ea sente frescor e revitaliza\u00e7\u00e3o, mantendo a pele com apar\u00eancia saud\u00e1vel e renovada.<\/p>\n","protected":false},"excerpt":{"rendered":"<p>A <strong>\u00c1gua Micelar de Rosa Mosqueta<\/strong> limpa, tonifica e hidrata a pele enquanto remove maquiagem e impurezas. Com propriedades que reduzem linhas finas e manchas, ela deixa a pele uniforme, suave e radiante.<\/p>\n","protected":false},"featured_media":32261,"template":"","meta":{"_joinchat":[]},"product_brand":[],"product_cat":[822],"product_tag":[594],"class_list":{"0":"post-32260","1":"product","2":"type-product","3":"status-publish","4":"has-post-thumbnail","6":"product_cat-agua-micelar","7":"product_tag-produtos-probelle","9":"first","10":"outofstock","11":"shipping-taxable","12":"purchasable","13":"product-type-simple"},"yoast_head":"<!-- This site is optimized with the Yoast SEO Premium plugin v23.5 (Yoast SEO v26.5) - https:\/\/yoast.com\/wordpress\/plugins\/seo\/ -->\n<title>\u00c1gua Micelar Rosa Mosqueta ~ Probelle Cosm\u00e9ticos<\/title>\n<meta name=\"description\" content=\"\u00c1gua Micelar de Rosa Mosqueta limpa e hidrata a pele, removendo maquiagem e impurezas. Sua f\u00f3rmula ajuda a reduzir linhas finas e manchas, deixando a pele radiante e uniforme. Ideal para todos os tipos de pele.\" \/>\n<meta name=\"robots\" content=\"index, follow, max-snippet:-1, max-image-preview:large, max-video-preview:-1\" \/>\n<link rel=\"canonical\" href=\"https:\/\/probelle.com.br\/en\/produto\/agua-micelar-rosa-mosqueta\/\" \/>\n<meta property=\"og:locale\" content=\"en_US\" \/>\n<meta property=\"og:type\" content=\"article\" \/>\n<meta property=\"og:title\" content=\"\u00c1gua Micelar Rosa Mosqueta\" \/>\n<meta property=\"og:description\" content=\"\u00c1gua Micelar de Rosa Mosqueta limpa e hidrata a pele, removendo maquiagem e impurezas. Sua f\u00f3rmula ajuda a reduzir linhas finas e manchas, deixando a pele radiante e uniforme. Ideal para todos os tipos de pele.\" \/>\n<meta property=\"og:url\" content=\"https:\/\/probelle.com.br\/en\/produto\/agua-micelar-rosa-mosqueta\/\" \/>\n<meta property=\"og:site_name\" content=\"Probelle Cosm\u00e9ticos\" \/>\n<meta property=\"article:publisher\" content=\"https:\/\/www.facebook.com\/probelle\/\" \/>\n<meta property=\"article:modified_time\" content=\"2025-02-07T12:12:36+00:00\" \/>\n<meta property=\"og:image\" content=\"https:\/\/probelle.com.br\/wp-content\/uploads\/2024\/12\/Rosa-Mosqueta.png\" \/>\n\t<meta property=\"og:image:width\" content=\"400\" \/>\n\t<meta property=\"og:image:height\" content=\"400\" \/>\n\t<meta property=\"og:image:type\" content=\"image\/png\" \/>\n<meta name=\"twitter:card\" content=\"summary_large_image\" \/>\n<meta name=\"twitter:label1\" content=\"Est. reading time\" \/>\n\t<meta name=\"twitter:data1\" content=\"1 minute\" \/>\n<script type=\"application\/ld+json\" class=\"yoast-schema-graph\">{\"@context\":\"https:\/\/schema.org\",\"@graph\":[{\"@type\":\"WebPage\",\"@id\":\"https:\/\/probelle.com.br\/en\/produto\/agua-micelar-rosa-mosqueta\/\",\"url\":\"https:\/\/probelle.com.br\/en\/produto\/agua-micelar-rosa-mosqueta\/\",\"name\":\"\u00c1gua Micelar Rosa Mosqueta ~ Probelle Cosm\u00e9ticos\",\"isPartOf\":{\"@id\":\"https:\/\/probelle.com.br\/en\/#website\"},\"primaryImageOfPage\":{\"@id\":\"https:\/\/probelle.com.br\/en\/produto\/agua-micelar-rosa-mosqueta\/#primaryimage\"},\"image\":{\"@id\":\"https:\/\/probelle.com.br\/en\/produto\/agua-micelar-rosa-mosqueta\/#primaryimage\"},\"thumbnailUrl\":\"https:\/\/probelle.com.br\/wp-content\/uploads\/2024\/12\/Rosa-Mosqueta.png\",\"datePublished\":\"2024-12-12T13:22:42+00:00\",\"dateModified\":\"2025-02-07T12:12:36+00:00\",\"description\":\"\u00c1gua Micelar de Rosa Mosqueta limpa e hidrata a pele, removendo maquiagem e impurezas. Sua f\u00f3rmula ajuda a reduzir linhas finas e manchas, deixando a pele radiante e uniforme. Ideal para todos os tipos de pele.\",\"breadcrumb\":{\"@id\":\"https:\/\/probelle.com.br\/en\/produto\/agua-micelar-rosa-mosqueta\/#breadcrumb\"},\"inLanguage\":\"en-US\",\"potentialAction\":[{\"@type\":\"ReadAction\",\"target\":[\"https:\/\/probelle.com.br\/en\/produto\/agua-micelar-rosa-mosqueta\/\"]}]},{\"@type\":\"ImageObject\",\"inLanguage\":\"en-US\",\"@id\":\"https:\/\/probelle.com.br\/en\/produto\/agua-micelar-rosa-mosqueta\/#primaryimage\",\"url\":\"https:\/\/probelle.com.br\/wp-content\/uploads\/2024\/12\/Rosa-Mosqueta.png\",\"contentUrl\":\"https:\/\/probelle.com.br\/wp-content\/uploads\/2024\/12\/Rosa-Mosqueta.png\",\"width\":400,\"height\":400},{\"@type\":\"BreadcrumbList\",\"@id\":\"https:\/\/probelle.com.br\/en\/produto\/agua-micelar-rosa-mosqueta\/#breadcrumb\",\"itemListElement\":[{\"@type\":\"ListItem\",\"position\":1,\"name\":\"Home\",\"item\":\"https:\/\/probelle.com.br\/en\/\"},{\"@type\":\"ListItem\",\"position\":2,\"name\":\"Loja\",\"item\":\"https:\/\/probelle.com.br\/loja\/\"},{\"@type\":\"ListItem\",\"position\":3,\"name\":\"\u00c1gua Micelar Rosa Mosqueta\"}]},{\"@type\":\"WebSite\",\"@id\":\"https:\/\/probelle.com.br\/en\/#website\",\"url\":\"https:\/\/probelle.com.br\/en\/\",\"name\":\"Probelle Cosm\u00e9ticos\",\"description\":\"Todo mundo tem em casa.\",\"publisher\":{\"@id\":\"https:\/\/probelle.com.br\/en\/#organization\"},\"potentialAction\":[{\"@type\":\"SearchAction\",\"target\":{\"@type\":\"EntryPoint\",\"urlTemplate\":\"https:\/\/probelle.com.br\/en\/?s={search_term_string}\"},\"query-input\":{\"@type\":\"PropertyValueSpecification\",\"valueRequired\":true,\"valueName\":\"search_term_string\"}}],\"inLanguage\":\"en-US\"},{\"@type\":\"Organization\",\"@id\":\"https:\/\/probelle.com.br\/en\/#organization\",\"name\":\"Probelle Cosm\u00e9ticos\",\"url\":\"https:\/\/probelle.com.br\/en\/\",\"logo\":{\"@type\":\"ImageObject\",\"inLanguage\":\"en-US\",\"@id\":\"https:\/\/probelle.com.br\/en\/#\/schema\/logo\/image\/\",\"url\":\"https:\/\/probelle.com.br\/wp-content\/uploads\/2022\/08\/Para-o-sitee.jpg\",\"contentUrl\":\"https:\/\/probelle.com.br\/wp-content\/uploads\/2022\/08\/Para-o-sitee.jpg\",\"width\":1000,\"height\":750,\"caption\":\"Probelle Cosm\u00e9ticos\"},\"image\":{\"@id\":\"https:\/\/probelle.com.br\/en\/#\/schema\/logo\/image\/\"},\"sameAs\":[\"https:\/\/www.facebook.com\/probelle\/\",\"https:\/\/www.instagram.com\/probellecosmeticos\/\",\"https:\/\/www.youtube.com\/c\/ProbelleCosm\u00e9ticos\/\",\"https:\/\/br.linkedin.com\/company\/probellecosmeticos\",\"https:\/\/br.pinterest.com\/probellecosmeticos\/\"]}]}<\/script>\n<!-- \/ Yoast SEO Premium plugin. -->","yoast_head_json":{"title":"\u00c1gua Micelar Rosa Mosqueta ~ Probelle Cosm\u00e9ticos","description":"\u00c1gua Micelar de Rosa Mosqueta limpa e hidrata a pele, removendo maquiagem e impurezas. Sua f\u00f3rmula ajuda a reduzir linhas finas e manchas, deixando a pele radiante e uniforme. Ideal para todos os tipos de pele.","robots":{"index":"index","follow":"follow","max-snippet":"max-snippet:-1","max-image-preview":"max-image-preview:large","max-video-preview":"max-video-preview:-1"},"canonical":"https:\/\/probelle.com.br\/en\/produto\/agua-micelar-rosa-mosqueta\/","og_locale":"en_US","og_type":"article","og_title":"\u00c1gua Micelar Rosa Mosqueta","og_description":"\u00c1gua Micelar de Rosa Mosqueta limpa e hidrata a pele, removendo maquiagem e impurezas. Sua f\u00f3rmula ajuda a reduzir linhas finas e manchas, deixando a pele radiante e uniforme. Ideal para todos os tipos de pele.","og_url":"https:\/\/probelle.com.br\/en\/produto\/agua-micelar-rosa-mosqueta\/","og_site_name":"Probelle Cosm\u00e9ticos","article_publisher":"https:\/\/www.facebook.com\/probelle\/","article_modified_time":"2025-02-07T12:12:36+00:00","og_image":[{"width":400,"height":400,"url":"https:\/\/probelle.com.br\/wp-content\/uploads\/2024\/12\/Rosa-Mosqueta.png","type":"image\/png"}],"twitter_card":"summary_large_image","twitter_misc":{"Est. reading time":"1 minute"},"schema":{"@context":"https:\/\/schema.org","@graph":[{"@type":"WebPage","@id":"https:\/\/probelle.com.br\/en\/produto\/agua-micelar-rosa-mosqueta\/","url":"https:\/\/probelle.com.br\/en\/produto\/agua-micelar-rosa-mosqueta\/","name":"\u00c1gua Micelar Rosa Mosqueta ~ Probelle Cosm\u00e9ticos","isPartOf":{"@id":"https:\/\/probelle.com.br\/en\/#website"},"primaryImageOfPage":{"@id":"https:\/\/probelle.com.br\/en\/produto\/agua-micelar-rosa-mosqueta\/#primaryimage"},"image":{"@id":"https:\/\/probelle.com.br\/en\/produto\/agua-micelar-rosa-mosqueta\/#primaryimage"},"thumbnailUrl":"https:\/\/probelle.com.br\/wp-content\/uploads\/2024\/12\/Rosa-Mosqueta.png","datePublished":"2024-12-12T13:22:42+00:00","dateModified":"2025-02-07T12:12:36+00:00","description":"\u00c1gua Micelar de Rosa Mosqueta limpa e hidrata a pele, removendo maquiagem e impurezas. Sua f\u00f3rmula ajuda a reduzir linhas finas e manchas, deixando a pele radiante e uniforme. Ideal para todos os tipos de pele.","breadcrumb":{"@id":"https:\/\/probelle.com.br\/en\/produto\/agua-micelar-rosa-mosqueta\/#breadcrumb"},"inLanguage":"en-US","potentialAction":[{"@type":"ReadAction","target":["https:\/\/probelle.com.br\/en\/produto\/agua-micelar-rosa-mosqueta\/"]}]},{"@type":"ImageObject","inLanguage":"en-US","@id":"https:\/\/probelle.com.br\/en\/produto\/agua-micelar-rosa-mosqueta\/#primaryimage","url":"https:\/\/probelle.com.br\/wp-content\/uploads\/2024\/12\/Rosa-Mosqueta.png","contentUrl":"https:\/\/probelle.com.br\/wp-content\/uploads\/2024\/12\/Rosa-Mosqueta.png","width":400,"height":400},{"@type":"BreadcrumbList","@id":"https:\/\/probelle.com.br\/en\/produto\/agua-micelar-rosa-mosqueta\/#breadcrumb","itemListElement":[{"@type":"ListItem","position":1,"name":"Home","item":"https:\/\/probelle.com.br\/en\/"},{"@type":"ListItem","position":2,"name":"Loja","item":"https:\/\/probelle.com.br\/loja\/"},{"@type":"ListItem","position":3,"name":"\u00c1gua Micelar Rosa Mosqueta"}]},{"@type":"WebSite","@id":"https:\/\/probelle.com.br\/en\/#website","url":"https:\/\/probelle.com.br\/en\/","name":"Probelle Cosm\u00e9ticos","description":"Todo mundo tem em casa.","publisher":{"@id":"https:\/\/probelle.com.br\/en\/#organization"},"potentialAction":[{"@type":"SearchAction","target":{"@type":"EntryPoint","urlTemplate":"https:\/\/probelle.com.br\/en\/?s={search_term_string}"},"query-input":{"@type":"PropertyValueSpecification","valueRequired":true,"valueName":"search_term_string"}}],"inLanguage":"en-US"},{"@type":"Organization","@id":"https:\/\/probelle.com.br\/en\/#organization","name":"Probelle Cosm\u00e9ticos","url":"https:\/\/probelle.com.br\/en\/","logo":{"@type":"ImageObject","inLanguage":"en-US","@id":"https:\/\/probelle.com.br\/en\/#\/schema\/logo\/image\/","url":"https:\/\/probelle.com.br\/wp-content\/uploads\/2022\/08\/Para-o-sitee.jpg","contentUrl":"https:\/\/probelle.com.br\/wp-content\/uploads\/2022\/08\/Para-o-sitee.jpg","width":1000,"height":750,"caption":"Probelle Cosm\u00e9ticos"},"image":{"@id":"https:\/\/probelle.com.br\/en\/#\/schema\/logo\/image\/"},"sameAs":["https:\/\/www.facebook.com\/probelle\/","https:\/\/www.instagram.com\/probellecosmeticos\/","https:\/\/www.youtube.com\/c\/ProbelleCosm\u00e9ticos\/","https:\/\/br.linkedin.com\/company\/probellecosmeticos","https:\/\/br.pinterest.com\/probellecosmeticos\/"]}]}},"_links":{"self":[{"href":"https:\/\/probelle.com.br\/en\/wp-json\/wp\/v2\/product\/32260","targetHints":{"allow":["GET"]}}],"collection":[{"href":"https:\/\/probelle.com.br\/en\/wp-json\/wp\/v2\/product"}],"about":[{"href":"https:\/\/probelle.com.br\/en\/wp-json\/wp\/v2\/types\/product"}],"wp:featuredmedia":[{"embeddable":true,"href":"https:\/\/probelle.com.br\/en\/wp-json\/wp\/v2\/media\/32261"}],"wp:attachment":[{"href":"https:\/\/probelle.com.br\/en\/wp-json\/wp\/v2\/media?parent=32260"}],"wp:term":[{"taxonomy":"product_brand","embeddable":true,"href":"https:\/\/probelle.com.br\/en\/wp-json\/wp\/v2\/product_brand?post=32260"},{"taxonomy":"product_cat","embeddable":true,"href":"https:\/\/probelle.com.br\/en\/wp-json\/wp\/v2\/product_cat?post=32260"},{"taxonomy":"product_tag","embeddable":true,"href":"https:\/\/probelle.com.br\/en\/wp-json\/wp\/v2\/product_tag?post=32260"}],"curies":[{"name":"wp","href":"https:\/\/api.w.org\/{rel}","templated":true}]}}