{"id":32256,"date":"2024-12-12T10:12:56","date_gmt":"2024-12-12T13:12:56","guid":{"rendered":"https:\/\/probelle.com.br\/?post_type=product&#038;p=32256"},"modified":"2024-12-12T10:12:58","modified_gmt":"2024-12-12T13:12:58","slug":"repelente-maxima-protecao-3","status":"publish","type":"product","link":"https:\/\/probelle.com.br\/en\/produto\/repelente-maxima-protecao-3\/","title":{"rendered":"Repelente M\u00e1xima Prote\u00e7\u00e3o"},"content":{"rendered":"<p><strong>Repele Mosquitos com M\u00e1xima Prote\u00e7\u00e3o<\/strong><br \/>\nA lo\u00e7\u00e3o <strong>M\u00e1xima Prote\u00e7\u00e3o<\/strong> oferece seguran\u00e7a e conforto durante todo o dia. Sua f\u00f3rmula eficaz repele mosquitos por at\u00e9 4 horas, garantindo prote\u00e7\u00e3o cont\u00ednua contra insetos. Al\u00e9m disso, sua textura n\u00e3o oleosa hidrata e cuida da pele, deixando-a suave e protegida. Com ingredientes como <strong>Extrato de Aloe Vera<\/strong>, <strong>Extrato de Flor de Camomila<\/strong> e <strong>Pantenol<\/strong>, a lo\u00e7\u00e3o oferece uma camada de prote\u00e7\u00e3o eficaz e um toque suave \u00e0 pele. Desfrute de tranquilidade e bem-estar em qualquer momento!<\/p>\n","protected":false},"excerpt":{"rendered":"<p>A lo\u00e7\u00e3o <strong>M\u00e1xima Prote\u00e7\u00e3o<\/strong> oferece uma barreira eficaz contra mosquitos por at\u00e9 4 horas, cuidando da sua pele com ingredientes como Aloe Vera e Camomila. Sem deixar oleosidade, garante conforto e hidrata\u00e7\u00e3o.<\/p>\n","protected":false},"featured_media":32257,"template":"","meta":{"_joinchat":[]},"product_brand":[],"product_cat":[24],"product_tag":[594],"class_list":{"0":"post-32256","1":"product","2":"type-product","3":"status-publish","4":"has-post-thumbnail","6":"product_cat-sem-categoria","7":"product_tag-produtos-probelle","9":"first","10":"instock","11":"shipping-taxable","12":"purchasable","13":"product-type-simple"},"yoast_head":"<!-- This site is optimized with the Yoast SEO Premium plugin v23.5 (Yoast SEO v26.5) - https:\/\/yoast.com\/wordpress\/plugins\/seo\/ -->\n<title>Repelente M\u00e1xima Prote\u00e7\u00e3o ~ Probelle Cosm\u00e9ticos<\/title>\n<meta name=\"description\" content=\"A lo\u00e7\u00e3o M\u00e1xima Prote\u00e7\u00e3o oferece seguran\u00e7a e conforto durante todo o dia.\" \/>\n<meta name=\"robots\" content=\"index, follow, max-snippet:-1, max-image-preview:large, max-video-preview:-1\" \/>\n<link rel=\"canonical\" href=\"https:\/\/probelle.com.br\/en\/produto\/repelente-maxima-protecao-3\/\" \/>\n<meta property=\"og:locale\" content=\"en_US\" \/>\n<meta property=\"og:type\" content=\"article\" \/>\n<meta property=\"og:title\" content=\"Repelente M\u00e1xima Prote\u00e7\u00e3o\" \/>\n<meta property=\"og:description\" content=\"A lo\u00e7\u00e3o M\u00e1xima Prote\u00e7\u00e3o oferece seguran\u00e7a e conforto durante todo o dia.\" \/>\n<meta property=\"og:url\" content=\"https:\/\/probelle.com.br\/en\/produto\/repelente-maxima-protecao-3\/\" \/>\n<meta property=\"og:site_name\" content=\"Probelle Cosm\u00e9ticos\" \/>\n<meta property=\"article:publisher\" content=\"https:\/\/www.facebook.com\/probelle\/\" \/>\n<meta property=\"article:modified_time\" content=\"2024-12-12T13:12:58+00:00\" \/>\n<meta property=\"og:image\" content=\"https:\/\/probelle.com.br\/wp-content\/uploads\/2024\/12\/Repelente.png\" \/>\n\t<meta property=\"og:image:width\" content=\"400\" \/>\n\t<meta property=\"og:image:height\" content=\"400\" \/>\n\t<meta property=\"og:image:type\" content=\"image\/png\" \/>\n<meta name=\"twitter:card\" content=\"summary_large_image\" \/>\n<meta name=\"twitter:label1\" content=\"Est. reading time\" \/>\n\t<meta name=\"twitter:data1\" content=\"1 minute\" \/>\n<script type=\"application\/ld+json\" class=\"yoast-schema-graph\">{\"@context\":\"https:\/\/schema.org\",\"@graph\":[{\"@type\":\"WebPage\",\"@id\":\"https:\/\/probelle.com.br\/en\/produto\/repelente-maxima-protecao-3\/\",\"url\":\"https:\/\/probelle.com.br\/en\/produto\/repelente-maxima-protecao-3\/\",\"name\":\"Repelente M\u00e1xima Prote\u00e7\u00e3o ~ Probelle Cosm\u00e9ticos\",\"isPartOf\":{\"@id\":\"https:\/\/probelle.com.br\/en\/#website\"},\"primaryImageOfPage\":{\"@id\":\"https:\/\/probelle.com.br\/en\/produto\/repelente-maxima-protecao-3\/#primaryimage\"},\"image\":{\"@id\":\"https:\/\/probelle.com.br\/en\/produto\/repelente-maxima-protecao-3\/#primaryimage\"},\"thumbnailUrl\":\"https:\/\/probelle.com.br\/wp-content\/uploads\/2024\/12\/Repelente.png\",\"datePublished\":\"2024-12-12T13:12:56+00:00\",\"dateModified\":\"2024-12-12T13:12:58+00:00\",\"description\":\"A lo\u00e7\u00e3o M\u00e1xima Prote\u00e7\u00e3o oferece seguran\u00e7a e conforto durante todo o dia.\",\"breadcrumb\":{\"@id\":\"https:\/\/probelle.com.br\/en\/produto\/repelente-maxima-protecao-3\/#breadcrumb\"},\"inLanguage\":\"en-US\",\"potentialAction\":[{\"@type\":\"ReadAction\",\"target\":[\"https:\/\/probelle.com.br\/en\/produto\/repelente-maxima-protecao-3\/\"]}]},{\"@type\":\"ImageObject\",\"inLanguage\":\"en-US\",\"@id\":\"https:\/\/probelle.com.br\/en\/produto\/repelente-maxima-protecao-3\/#primaryimage\",\"url\":\"https:\/\/probelle.com.br\/wp-content\/uploads\/2024\/12\/Repelente.png\",\"contentUrl\":\"https:\/\/probelle.com.br\/wp-content\/uploads\/2024\/12\/Repelente.png\",\"width\":400,\"height\":400},{\"@type\":\"BreadcrumbList\",\"@id\":\"https:\/\/probelle.com.br\/en\/produto\/repelente-maxima-protecao-3\/#breadcrumb\",\"itemListElement\":[{\"@type\":\"ListItem\",\"position\":1,\"name\":\"Home\",\"item\":\"https:\/\/probelle.com.br\/en\/\"},{\"@type\":\"ListItem\",\"position\":2,\"name\":\"Loja\",\"item\":\"https:\/\/probelle.com.br\/loja\/\"},{\"@type\":\"ListItem\",\"position\":3,\"name\":\"Repelente M\u00e1xima Prote\u00e7\u00e3o\"}]},{\"@type\":\"WebSite\",\"@id\":\"https:\/\/probelle.com.br\/en\/#website\",\"url\":\"https:\/\/probelle.com.br\/en\/\",\"name\":\"Probelle Cosm\u00e9ticos\",\"description\":\"Todo mundo tem em casa.\",\"publisher\":{\"@id\":\"https:\/\/probelle.com.br\/en\/#organization\"},\"potentialAction\":[{\"@type\":\"SearchAction\",\"target\":{\"@type\":\"EntryPoint\",\"urlTemplate\":\"https:\/\/probelle.com.br\/en\/?s={search_term_string}\"},\"query-input\":{\"@type\":\"PropertyValueSpecification\",\"valueRequired\":true,\"valueName\":\"search_term_string\"}}],\"inLanguage\":\"en-US\"},{\"@type\":\"Organization\",\"@id\":\"https:\/\/probelle.com.br\/en\/#organization\",\"name\":\"Probelle Cosm\u00e9ticos\",\"url\":\"https:\/\/probelle.com.br\/en\/\",\"logo\":{\"@type\":\"ImageObject\",\"inLanguage\":\"en-US\",\"@id\":\"https:\/\/probelle.com.br\/en\/#\/schema\/logo\/image\/\",\"url\":\"https:\/\/probelle.com.br\/wp-content\/uploads\/2022\/08\/Para-o-sitee.jpg\",\"contentUrl\":\"https:\/\/probelle.com.br\/wp-content\/uploads\/2022\/08\/Para-o-sitee.jpg\",\"width\":1000,\"height\":750,\"caption\":\"Probelle Cosm\u00e9ticos\"},\"image\":{\"@id\":\"https:\/\/probelle.com.br\/en\/#\/schema\/logo\/image\/\"},\"sameAs\":[\"https:\/\/www.facebook.com\/probelle\/\",\"https:\/\/www.instagram.com\/probellecosmeticos\/\",\"https:\/\/www.youtube.com\/c\/ProbelleCosm\u00e9ticos\/\",\"https:\/\/br.linkedin.com\/company\/probellecosmeticos\",\"https:\/\/br.pinterest.com\/probellecosmeticos\/\"]}]}<\/script>\n<!-- \/ Yoast SEO Premium plugin. -->","yoast_head_json":{"title":"Repelente M\u00e1xima Prote\u00e7\u00e3o ~ Probelle Cosm\u00e9ticos","description":"A lo\u00e7\u00e3o M\u00e1xima Prote\u00e7\u00e3o oferece seguran\u00e7a e conforto durante todo o dia.","robots":{"index":"index","follow":"follow","max-snippet":"max-snippet:-1","max-image-preview":"max-image-preview:large","max-video-preview":"max-video-preview:-1"},"canonical":"https:\/\/probelle.com.br\/en\/produto\/repelente-maxima-protecao-3\/","og_locale":"en_US","og_type":"article","og_title":"Repelente M\u00e1xima Prote\u00e7\u00e3o","og_description":"A lo\u00e7\u00e3o M\u00e1xima Prote\u00e7\u00e3o oferece seguran\u00e7a e conforto durante todo o dia.","og_url":"https:\/\/probelle.com.br\/en\/produto\/repelente-maxima-protecao-3\/","og_site_name":"Probelle Cosm\u00e9ticos","article_publisher":"https:\/\/www.facebook.com\/probelle\/","article_modified_time":"2024-12-12T13:12:58+00:00","og_image":[{"width":400,"height":400,"url":"https:\/\/probelle.com.br\/wp-content\/uploads\/2024\/12\/Repelente.png","type":"image\/png"}],"twitter_card":"summary_large_image","twitter_misc":{"Est. reading time":"1 minute"},"schema":{"@context":"https:\/\/schema.org","@graph":[{"@type":"WebPage","@id":"https:\/\/probelle.com.br\/en\/produto\/repelente-maxima-protecao-3\/","url":"https:\/\/probelle.com.br\/en\/produto\/repelente-maxima-protecao-3\/","name":"Repelente M\u00e1xima Prote\u00e7\u00e3o ~ Probelle Cosm\u00e9ticos","isPartOf":{"@id":"https:\/\/probelle.com.br\/en\/#website"},"primaryImageOfPage":{"@id":"https:\/\/probelle.com.br\/en\/produto\/repelente-maxima-protecao-3\/#primaryimage"},"image":{"@id":"https:\/\/probelle.com.br\/en\/produto\/repelente-maxima-protecao-3\/#primaryimage"},"thumbnailUrl":"https:\/\/probelle.com.br\/wp-content\/uploads\/2024\/12\/Repelente.png","datePublished":"2024-12-12T13:12:56+00:00","dateModified":"2024-12-12T13:12:58+00:00","description":"A lo\u00e7\u00e3o M\u00e1xima Prote\u00e7\u00e3o oferece seguran\u00e7a e conforto durante todo o dia.","breadcrumb":{"@id":"https:\/\/probelle.com.br\/en\/produto\/repelente-maxima-protecao-3\/#breadcrumb"},"inLanguage":"en-US","potentialAction":[{"@type":"ReadAction","target":["https:\/\/probelle.com.br\/en\/produto\/repelente-maxima-protecao-3\/"]}]},{"@type":"ImageObject","inLanguage":"en-US","@id":"https:\/\/probelle.com.br\/en\/produto\/repelente-maxima-protecao-3\/#primaryimage","url":"https:\/\/probelle.com.br\/wp-content\/uploads\/2024\/12\/Repelente.png","contentUrl":"https:\/\/probelle.com.br\/wp-content\/uploads\/2024\/12\/Repelente.png","width":400,"height":400},{"@type":"BreadcrumbList","@id":"https:\/\/probelle.com.br\/en\/produto\/repelente-maxima-protecao-3\/#breadcrumb","itemListElement":[{"@type":"ListItem","position":1,"name":"Home","item":"https:\/\/probelle.com.br\/en\/"},{"@type":"ListItem","position":2,"name":"Loja","item":"https:\/\/probelle.com.br\/loja\/"},{"@type":"ListItem","position":3,"name":"Repelente M\u00e1xima Prote\u00e7\u00e3o"}]},{"@type":"WebSite","@id":"https:\/\/probelle.com.br\/en\/#website","url":"https:\/\/probelle.com.br\/en\/","name":"Probelle Cosm\u00e9ticos","description":"Todo mundo tem em casa.","publisher":{"@id":"https:\/\/probelle.com.br\/en\/#organization"},"potentialAction":[{"@type":"SearchAction","target":{"@type":"EntryPoint","urlTemplate":"https:\/\/probelle.com.br\/en\/?s={search_term_string}"},"query-input":{"@type":"PropertyValueSpecification","valueRequired":true,"valueName":"search_term_string"}}],"inLanguage":"en-US"},{"@type":"Organization","@id":"https:\/\/probelle.com.br\/en\/#organization","name":"Probelle Cosm\u00e9ticos","url":"https:\/\/probelle.com.br\/en\/","logo":{"@type":"ImageObject","inLanguage":"en-US","@id":"https:\/\/probelle.com.br\/en\/#\/schema\/logo\/image\/","url":"https:\/\/probelle.com.br\/wp-content\/uploads\/2022\/08\/Para-o-sitee.jpg","contentUrl":"https:\/\/probelle.com.br\/wp-content\/uploads\/2022\/08\/Para-o-sitee.jpg","width":1000,"height":750,"caption":"Probelle Cosm\u00e9ticos"},"image":{"@id":"https:\/\/probelle.com.br\/en\/#\/schema\/logo\/image\/"},"sameAs":["https:\/\/www.facebook.com\/probelle\/","https:\/\/www.instagram.com\/probellecosmeticos\/","https:\/\/www.youtube.com\/c\/ProbelleCosm\u00e9ticos\/","https:\/\/br.linkedin.com\/company\/probellecosmeticos","https:\/\/br.pinterest.com\/probellecosmeticos\/"]}]}},"_links":{"self":[{"href":"https:\/\/probelle.com.br\/en\/wp-json\/wp\/v2\/product\/32256","targetHints":{"allow":["GET"]}}],"collection":[{"href":"https:\/\/probelle.com.br\/en\/wp-json\/wp\/v2\/product"}],"about":[{"href":"https:\/\/probelle.com.br\/en\/wp-json\/wp\/v2\/types\/product"}],"wp:featuredmedia":[{"embeddable":true,"href":"https:\/\/probelle.com.br\/en\/wp-json\/wp\/v2\/media\/32257"}],"wp:attachment":[{"href":"https:\/\/probelle.com.br\/en\/wp-json\/wp\/v2\/media?parent=32256"}],"wp:term":[{"taxonomy":"product_brand","embeddable":true,"href":"https:\/\/probelle.com.br\/en\/wp-json\/wp\/v2\/product_brand?post=32256"},{"taxonomy":"product_cat","embeddable":true,"href":"https:\/\/probelle.com.br\/en\/wp-json\/wp\/v2\/product_cat?post=32256"},{"taxonomy":"product_tag","embeddable":true,"href":"https:\/\/probelle.com.br\/en\/wp-json\/wp\/v2\/product_tag?post=32256"}],"curies":[{"name":"wp","href":"https:\/\/api.w.org\/{rel}","templated":true}]}}