{"id":32113,"date":"2024-11-14T09:55:05","date_gmt":"2024-11-14T12:55:05","guid":{"rendered":"https:\/\/probelle.com.br\/?post_type=product&#038;p=32113"},"modified":"2025-01-29T09:39:55","modified_gmt":"2025-01-29T12:39:55","slug":"sabonete-de-limpeza-facial-em-mousse-vitamina-c","status":"publish","type":"product","link":"https:\/\/probelle.com.br\/en\/produto\/sabonete-de-limpeza-facial-em-mousse-vitamina-c\/","title":{"rendered":"Sabonete de Limpeza Facial em Mousse &#8211; Vitamina C"},"content":{"rendered":"<p>D\u00ea \u00e0 sua pele o cuidado que ela merece com o Sabonete Facial em Mousse de Vitamina C. Formulado com \u00c1cido Asc\u00f3rbico, a poderosa Vitamina C, este sabonete proporciona uma limpeza eficaz e delicada, removendo impurezas e res\u00edduos de maquiagem sem agredir a pele. Sua a\u00e7\u00e3o antioxidante combate os sinais de envelhecimento precoce, suaviza linhas finas e clareia manchas, deixando sua pele mais uniforme, iluminada e com um brilho natural. Ideal para uso di\u00e1rio, sua textura cremosa e leve envolve a pele de maneira suave, enquanto a fragr\u00e2ncia fresca e c\u00edtrica oferece uma experi\u00eancia sensorial revigorante. Al\u00e9m de revitalizar, esse sabonete protege sua pele contra os danos ambientais, promovendo uma pele fresca, radiante e pronta para o pr\u00f3ximo passo da sua rotina de cuidados.<\/p>\n<p><strong>Benef\u00edcios:<\/strong><\/p>\n<ul>\n<li>Limpeza profunda e eficaz<\/li>\n<li>A\u00e7\u00e3o antioxidante e revitalizante<\/li>\n<li>Clareamento e uniformiza\u00e7\u00e3o do tom da pele<\/li>\n<li>Combate ao envelhecimento precoce<\/li>\n<li>Remo\u00e7\u00e3o de maquiagem (demaquilante)<\/li>\n<li>Prote\u00e7\u00e3o contra danos ambientais<\/li>\n<li>F\u00f3rmula leve e cremosa com fragr\u00e2ncia fresca e c\u00edtrica<\/li>\n<\/ul>\n<p><strong>Modo de Uso:<\/strong><br \/>\nPressione o aplicador at\u00e9 sair uma pequena quantidade do Sabonete Facial em Mousse de Vitamina C. Aplique no rosto \u00famido usando o aplicador com cerdas de silicone, massageando suavemente em movimentos circulares. Enx\u00e1gue abundantemente com \u00e1gua morna e sinta sua pele limpa, fresca e pronta para o pr\u00f3ximo passo da sua rotina de cuidados.<\/p>\n","protected":false},"excerpt":{"rendered":"<p>Com o poder da Vitamina C, este sabonete facial em mousse limpa, revitaliza e ilumina a pele, removendo impurezas e maquiagem sem ressecar. Sua a\u00e7\u00e3o antioxidante ajuda a clarear manchas, uniformizar o tom e proteger contra o envelhecimento precoce, deixando a pele radiante e renovada.<\/p>\n<p>&nbsp;<\/p>\n","protected":false},"featured_media":32114,"template":"","meta":{"_joinchat":[]},"product_brand":[],"product_cat":[808],"product_tag":[594],"class_list":{"0":"post-32113","1":"product","2":"type-product","3":"status-publish","4":"has-post-thumbnail","6":"product_cat-mousse-facial","7":"product_tag-produtos-probelle","9":"first","10":"instock","11":"shipping-taxable","12":"purchasable","13":"product-type-simple"},"yoast_head":"<!-- This site is optimized with the Yoast SEO Premium plugin v23.5 (Yoast SEO v26.5) - https:\/\/yoast.com\/wordpress\/plugins\/seo\/ -->\n<title>Sabonete de Limpeza Facial em Mousse - Vitamina C ~ Probelle Cosm\u00e9ticos<\/title>\n<meta name=\"description\" content=\"Com o poder da Vitamina C, este sabonete facial em mousse limpa, revitaliza e ilumina a pele, removendo impurezas e maquiagem sem ressecar\" \/>\n<meta name=\"robots\" content=\"index, follow, max-snippet:-1, max-image-preview:large, max-video-preview:-1\" \/>\n<link rel=\"canonical\" href=\"https:\/\/probelle.com.br\/en\/produto\/sabonete-de-limpeza-facial-em-mousse-vitamina-c\/\" \/>\n<meta property=\"og:locale\" content=\"en_US\" \/>\n<meta property=\"og:type\" content=\"article\" \/>\n<meta property=\"og:title\" content=\"Sabonete de Limpeza Facial em Mousse - Vitamina C\" \/>\n<meta property=\"og:description\" content=\"Com o poder da Vitamina C, este sabonete facial em mousse limpa, revitaliza e ilumina a pele, removendo impurezas e maquiagem sem ressecar\" \/>\n<meta property=\"og:url\" content=\"https:\/\/probelle.com.br\/en\/produto\/sabonete-de-limpeza-facial-em-mousse-vitamina-c\/\" \/>\n<meta property=\"og:site_name\" content=\"Probelle Cosm\u00e9ticos\" \/>\n<meta property=\"article:publisher\" content=\"https:\/\/www.facebook.com\/probelle\/\" \/>\n<meta property=\"article:modified_time\" content=\"2025-01-29T12:39:55+00:00\" \/>\n<meta property=\"og:image\" content=\"https:\/\/probelle.com.br\/wp-content\/uploads\/2024\/11\/Thumbnail-Sites-11.png\" \/>\n\t<meta property=\"og:image:width\" content=\"400\" \/>\n\t<meta property=\"og:image:height\" content=\"400\" \/>\n\t<meta property=\"og:image:type\" content=\"image\/png\" \/>\n<meta name=\"twitter:card\" content=\"summary_large_image\" \/>\n<meta name=\"twitter:label1\" content=\"Est. reading time\" \/>\n\t<meta name=\"twitter:data1\" content=\"2 minutes\" \/>\n<script type=\"application\/ld+json\" class=\"yoast-schema-graph\">{\"@context\":\"https:\/\/schema.org\",\"@graph\":[{\"@type\":\"WebPage\",\"@id\":\"https:\/\/probelle.com.br\/en\/produto\/sabonete-de-limpeza-facial-em-mousse-vitamina-c\/\",\"url\":\"https:\/\/probelle.com.br\/en\/produto\/sabonete-de-limpeza-facial-em-mousse-vitamina-c\/\",\"name\":\"Sabonete de Limpeza Facial em Mousse - Vitamina C ~ Probelle Cosm\u00e9ticos\",\"isPartOf\":{\"@id\":\"https:\/\/probelle.com.br\/en\/#website\"},\"primaryImageOfPage\":{\"@id\":\"https:\/\/probelle.com.br\/en\/produto\/sabonete-de-limpeza-facial-em-mousse-vitamina-c\/#primaryimage\"},\"image\":{\"@id\":\"https:\/\/probelle.com.br\/en\/produto\/sabonete-de-limpeza-facial-em-mousse-vitamina-c\/#primaryimage\"},\"thumbnailUrl\":\"https:\/\/probelle.com.br\/wp-content\/uploads\/2024\/11\/Thumbnail-Sites-11.png\",\"datePublished\":\"2024-11-14T12:55:05+00:00\",\"dateModified\":\"2025-01-29T12:39:55+00:00\",\"description\":\"Com o poder da Vitamina C, este sabonete facial em mousse limpa, revitaliza e ilumina a pele, removendo impurezas e maquiagem sem ressecar\",\"breadcrumb\":{\"@id\":\"https:\/\/probelle.com.br\/en\/produto\/sabonete-de-limpeza-facial-em-mousse-vitamina-c\/#breadcrumb\"},\"inLanguage\":\"en-US\",\"potentialAction\":[{\"@type\":\"ReadAction\",\"target\":[\"https:\/\/probelle.com.br\/en\/produto\/sabonete-de-limpeza-facial-em-mousse-vitamina-c\/\"]}]},{\"@type\":\"ImageObject\",\"inLanguage\":\"en-US\",\"@id\":\"https:\/\/probelle.com.br\/en\/produto\/sabonete-de-limpeza-facial-em-mousse-vitamina-c\/#primaryimage\",\"url\":\"https:\/\/probelle.com.br\/wp-content\/uploads\/2024\/11\/Thumbnail-Sites-11.png\",\"contentUrl\":\"https:\/\/probelle.com.br\/wp-content\/uploads\/2024\/11\/Thumbnail-Sites-11.png\",\"width\":400,\"height\":400},{\"@type\":\"BreadcrumbList\",\"@id\":\"https:\/\/probelle.com.br\/en\/produto\/sabonete-de-limpeza-facial-em-mousse-vitamina-c\/#breadcrumb\",\"itemListElement\":[{\"@type\":\"ListItem\",\"position\":1,\"name\":\"Home\",\"item\":\"https:\/\/probelle.com.br\/en\/\"},{\"@type\":\"ListItem\",\"position\":2,\"name\":\"Loja\",\"item\":\"https:\/\/probelle.com.br\/loja\/\"},{\"@type\":\"ListItem\",\"position\":3,\"name\":\"Sabonete de Limpeza Facial em Mousse &#8211; Vitamina C\"}]},{\"@type\":\"WebSite\",\"@id\":\"https:\/\/probelle.com.br\/en\/#website\",\"url\":\"https:\/\/probelle.com.br\/en\/\",\"name\":\"Probelle Cosm\u00e9ticos\",\"description\":\"Todo mundo tem em casa.\",\"publisher\":{\"@id\":\"https:\/\/probelle.com.br\/en\/#organization\"},\"potentialAction\":[{\"@type\":\"SearchAction\",\"target\":{\"@type\":\"EntryPoint\",\"urlTemplate\":\"https:\/\/probelle.com.br\/en\/?s={search_term_string}\"},\"query-input\":{\"@type\":\"PropertyValueSpecification\",\"valueRequired\":true,\"valueName\":\"search_term_string\"}}],\"inLanguage\":\"en-US\"},{\"@type\":\"Organization\",\"@id\":\"https:\/\/probelle.com.br\/en\/#organization\",\"name\":\"Probelle Cosm\u00e9ticos\",\"url\":\"https:\/\/probelle.com.br\/en\/\",\"logo\":{\"@type\":\"ImageObject\",\"inLanguage\":\"en-US\",\"@id\":\"https:\/\/probelle.com.br\/en\/#\/schema\/logo\/image\/\",\"url\":\"https:\/\/probelle.com.br\/wp-content\/uploads\/2022\/08\/Para-o-sitee.jpg\",\"contentUrl\":\"https:\/\/probelle.com.br\/wp-content\/uploads\/2022\/08\/Para-o-sitee.jpg\",\"width\":1000,\"height\":750,\"caption\":\"Probelle Cosm\u00e9ticos\"},\"image\":{\"@id\":\"https:\/\/probelle.com.br\/en\/#\/schema\/logo\/image\/\"},\"sameAs\":[\"https:\/\/www.facebook.com\/probelle\/\",\"https:\/\/www.instagram.com\/probellecosmeticos\/\",\"https:\/\/www.youtube.com\/c\/ProbelleCosm\u00e9ticos\/\",\"https:\/\/br.linkedin.com\/company\/probellecosmeticos\",\"https:\/\/br.pinterest.com\/probellecosmeticos\/\"]}]}<\/script>\n<!-- \/ Yoast SEO Premium plugin. -->","yoast_head_json":{"title":"Sabonete de Limpeza Facial em Mousse - Vitamina C ~ Probelle Cosm\u00e9ticos","description":"Com o poder da Vitamina C, este sabonete facial em mousse limpa, revitaliza e ilumina a pele, removendo impurezas e maquiagem sem ressecar","robots":{"index":"index","follow":"follow","max-snippet":"max-snippet:-1","max-image-preview":"max-image-preview:large","max-video-preview":"max-video-preview:-1"},"canonical":"https:\/\/probelle.com.br\/en\/produto\/sabonete-de-limpeza-facial-em-mousse-vitamina-c\/","og_locale":"en_US","og_type":"article","og_title":"Sabonete de Limpeza Facial em Mousse - Vitamina C","og_description":"Com o poder da Vitamina C, este sabonete facial em mousse limpa, revitaliza e ilumina a pele, removendo impurezas e maquiagem sem ressecar","og_url":"https:\/\/probelle.com.br\/en\/produto\/sabonete-de-limpeza-facial-em-mousse-vitamina-c\/","og_site_name":"Probelle Cosm\u00e9ticos","article_publisher":"https:\/\/www.facebook.com\/probelle\/","article_modified_time":"2025-01-29T12:39:55+00:00","og_image":[{"width":400,"height":400,"url":"https:\/\/probelle.com.br\/wp-content\/uploads\/2024\/11\/Thumbnail-Sites-11.png","type":"image\/png"}],"twitter_card":"summary_large_image","twitter_misc":{"Est. reading time":"2 minutes"},"schema":{"@context":"https:\/\/schema.org","@graph":[{"@type":"WebPage","@id":"https:\/\/probelle.com.br\/en\/produto\/sabonete-de-limpeza-facial-em-mousse-vitamina-c\/","url":"https:\/\/probelle.com.br\/en\/produto\/sabonete-de-limpeza-facial-em-mousse-vitamina-c\/","name":"Sabonete de Limpeza Facial em Mousse - Vitamina C ~ Probelle Cosm\u00e9ticos","isPartOf":{"@id":"https:\/\/probelle.com.br\/en\/#website"},"primaryImageOfPage":{"@id":"https:\/\/probelle.com.br\/en\/produto\/sabonete-de-limpeza-facial-em-mousse-vitamina-c\/#primaryimage"},"image":{"@id":"https:\/\/probelle.com.br\/en\/produto\/sabonete-de-limpeza-facial-em-mousse-vitamina-c\/#primaryimage"},"thumbnailUrl":"https:\/\/probelle.com.br\/wp-content\/uploads\/2024\/11\/Thumbnail-Sites-11.png","datePublished":"2024-11-14T12:55:05+00:00","dateModified":"2025-01-29T12:39:55+00:00","description":"Com o poder da Vitamina C, este sabonete facial em mousse limpa, revitaliza e ilumina a pele, removendo impurezas e maquiagem sem ressecar","breadcrumb":{"@id":"https:\/\/probelle.com.br\/en\/produto\/sabonete-de-limpeza-facial-em-mousse-vitamina-c\/#breadcrumb"},"inLanguage":"en-US","potentialAction":[{"@type":"ReadAction","target":["https:\/\/probelle.com.br\/en\/produto\/sabonete-de-limpeza-facial-em-mousse-vitamina-c\/"]}]},{"@type":"ImageObject","inLanguage":"en-US","@id":"https:\/\/probelle.com.br\/en\/produto\/sabonete-de-limpeza-facial-em-mousse-vitamina-c\/#primaryimage","url":"https:\/\/probelle.com.br\/wp-content\/uploads\/2024\/11\/Thumbnail-Sites-11.png","contentUrl":"https:\/\/probelle.com.br\/wp-content\/uploads\/2024\/11\/Thumbnail-Sites-11.png","width":400,"height":400},{"@type":"BreadcrumbList","@id":"https:\/\/probelle.com.br\/en\/produto\/sabonete-de-limpeza-facial-em-mousse-vitamina-c\/#breadcrumb","itemListElement":[{"@type":"ListItem","position":1,"name":"Home","item":"https:\/\/probelle.com.br\/en\/"},{"@type":"ListItem","position":2,"name":"Loja","item":"https:\/\/probelle.com.br\/loja\/"},{"@type":"ListItem","position":3,"name":"Sabonete de Limpeza Facial em Mousse &#8211; Vitamina C"}]},{"@type":"WebSite","@id":"https:\/\/probelle.com.br\/en\/#website","url":"https:\/\/probelle.com.br\/en\/","name":"Probelle Cosm\u00e9ticos","description":"Todo mundo tem em casa.","publisher":{"@id":"https:\/\/probelle.com.br\/en\/#organization"},"potentialAction":[{"@type":"SearchAction","target":{"@type":"EntryPoint","urlTemplate":"https:\/\/probelle.com.br\/en\/?s={search_term_string}"},"query-input":{"@type":"PropertyValueSpecification","valueRequired":true,"valueName":"search_term_string"}}],"inLanguage":"en-US"},{"@type":"Organization","@id":"https:\/\/probelle.com.br\/en\/#organization","name":"Probelle Cosm\u00e9ticos","url":"https:\/\/probelle.com.br\/en\/","logo":{"@type":"ImageObject","inLanguage":"en-US","@id":"https:\/\/probelle.com.br\/en\/#\/schema\/logo\/image\/","url":"https:\/\/probelle.com.br\/wp-content\/uploads\/2022\/08\/Para-o-sitee.jpg","contentUrl":"https:\/\/probelle.com.br\/wp-content\/uploads\/2022\/08\/Para-o-sitee.jpg","width":1000,"height":750,"caption":"Probelle Cosm\u00e9ticos"},"image":{"@id":"https:\/\/probelle.com.br\/en\/#\/schema\/logo\/image\/"},"sameAs":["https:\/\/www.facebook.com\/probelle\/","https:\/\/www.instagram.com\/probellecosmeticos\/","https:\/\/www.youtube.com\/c\/ProbelleCosm\u00e9ticos\/","https:\/\/br.linkedin.com\/company\/probellecosmeticos","https:\/\/br.pinterest.com\/probellecosmeticos\/"]}]}},"_links":{"self":[{"href":"https:\/\/probelle.com.br\/en\/wp-json\/wp\/v2\/product\/32113","targetHints":{"allow":["GET"]}}],"collection":[{"href":"https:\/\/probelle.com.br\/en\/wp-json\/wp\/v2\/product"}],"about":[{"href":"https:\/\/probelle.com.br\/en\/wp-json\/wp\/v2\/types\/product"}],"wp:featuredmedia":[{"embeddable":true,"href":"https:\/\/probelle.com.br\/en\/wp-json\/wp\/v2\/media\/32114"}],"wp:attachment":[{"href":"https:\/\/probelle.com.br\/en\/wp-json\/wp\/v2\/media?parent=32113"}],"wp:term":[{"taxonomy":"product_brand","embeddable":true,"href":"https:\/\/probelle.com.br\/en\/wp-json\/wp\/v2\/product_brand?post=32113"},{"taxonomy":"product_cat","embeddable":true,"href":"https:\/\/probelle.com.br\/en\/wp-json\/wp\/v2\/product_cat?post=32113"},{"taxonomy":"product_tag","embeddable":true,"href":"https:\/\/probelle.com.br\/en\/wp-json\/wp\/v2\/product_tag?post=32113"}],"curies":[{"name":"wp","href":"https:\/\/api.w.org\/{rel}","templated":true}]}}