{"id":31996,"date":"2024-11-01T09:46:09","date_gmt":"2024-11-01T12:46:09","guid":{"rendered":"https:\/\/probelle.com.br\/?post_type=product&#038;p=31996"},"modified":"2024-11-01T10:34:27","modified_gmt":"2024-11-01T13:34:27","slug":"kit-super-bonita-acido-hialuronico-1l","status":"publish","type":"product","link":"https:\/\/probelle.com.br\/en\/produto\/kit-super-bonita-acido-hialuronico-1l\/","title":{"rendered":"Kit Super Bonita \u00c1cido Hialur\u00f4nico 1L"},"content":{"rendered":"<p><span style=\"font-weight: 400;\">Descubra os benef\u00edcios transformadores da Super Bonita \u00c1cido Hialur\u00f4nico:<\/span><\/p>\n<ul>\n<li style=\"font-weight: 400;\" aria-level=\"1\"><span style=\"font-weight: 400;\">Hidrata\u00e7\u00e3o Intensa: O \u00c1cido Hialur\u00f4nico, conhecido por sua capacidade de reter \u00e1gua, age como um reservat\u00f3rio de hidrata\u00e7\u00e3o nos fios, combatendo o ressecamento e proporcionando maciez e brilho excepcionais.<\/span><\/li>\n<li style=\"font-weight: 400;\" aria-level=\"1\"><span style=\"font-weight: 400;\">Fortalecimento Profundo: A f\u00f3rmula rica em nutrientes nutre intensamente cada fio, fortalecendo a estrutura capilar e prevenindo a quebra e pontas duplas.<\/span><\/li>\n<li style=\"font-weight: 400;\" aria-level=\"1\"><span style=\"font-weight: 400;\">Revitaliza\u00e7\u00e3o Radiante: Diga adeus aos cabelos opacos e sem vida! O \u00c1cido Hialur\u00f4nico revitaliza os fios da raiz \u00e0s pontas, restaurando a luminosidade natural e proporcionando um toque suave e sedoso.<\/span><\/li>\n<\/ul>\n<p><span style=\"font-weight: 400;\">A linha Super Bonita \u00c1cido Hialur\u00f4nico conta com:<\/span><\/p>\n<ul>\n<li style=\"font-weight: 400;\" aria-level=\"1\"><span style=\"font-weight: 400;\">Shampoo: Limpa com delicadeza, removendo impurezas e preparando os fios para receber os demais produtos da linha.<\/span><\/li>\n<li style=\"font-weight: 400;\" aria-level=\"1\"><span style=\"font-weight: 400;\">Condicionador: Desembara\u00e7a e nutre os cabelos, proporcionando maciez e brilho intensos.<\/span><\/li>\n<li style=\"font-weight: 400;\" aria-level=\"1\"><span style=\"font-weight: 400;\">Creme de Tratamento: Uma dose concentrada de hidrata\u00e7\u00e3o e revitaliza\u00e7\u00e3o para cabelos secos e danificados.<\/span><\/li>\n<\/ul>\n<p><span style=\"font-weight: 400;\">Experimente a Super Bonita \u00c1cido Hialur\u00f4nico e sinta a diferen\u00e7a de cabelos radiantes, hidratados e revitalizados!<\/span><\/p>\n<p><b>Para cabelos ainda mais saud\u00e1veis e bonitos, combine a linha Super Bonita \u00c1cido Hialur\u00f4nico com outros produtos da Probelle.Sua jornada por cabelos radiantes come\u00e7a agora!<\/b><\/p>\n","protected":false},"excerpt":{"rendered":"<p><b>Super Bonita \u00c1cido Hialur\u00f4nico: Uma Jornada de Hidrata\u00e7\u00e3o Profunda para Cabelos Radiantes.<\/b><b><br \/>\n<\/b><span style=\"font-weight: 400;\">Se jogue na linha Super Bonita \u00c1cido Hialur\u00f4nico e sinta a onda de hidrata\u00e7\u00e3o tomar conta de seus fios!<\/span><\/p>\n<p><span style=\"font-weight: 400;\">Enriquecida com o poder revitalizante do \u00c1cido Hialur\u00f4nico, essa linha oferece uma experi\u00eancia sensorial \u00fanica para seus cabelos, restaurando a sa\u00fade e a vitalidade dos fios.<\/span><\/p>\n","protected":false},"featured_media":32026,"template":"","meta":{"_joinchat":[]},"product_brand":[],"product_cat":[311],"product_tag":[594],"class_list":{"0":"post-31996","1":"product","2":"type-product","3":"status-publish","4":"has-post-thumbnail","6":"product_cat-super-bonita","7":"product_tag-produtos-probelle","9":"first","10":"instock","11":"shipping-taxable","12":"purchasable","13":"product-type-simple"},"yoast_head":"<!-- This site is optimized with the Yoast SEO Premium plugin v23.5 (Yoast SEO v26.5) - https:\/\/yoast.com\/wordpress\/plugins\/seo\/ -->\n<title>Kit Super Bonita \u00c1cido Hialur\u00f4nico 1L ~ Probelle Cosm\u00e9ticos<\/title>\n<meta name=\"description\" content=\"Se jogue na linha Super Bonita \u00c1cido Hialur\u00f4nico e sinta a onda de hidrata\u00e7\u00e3o tomar conta de seus fios!\" \/>\n<meta name=\"robots\" content=\"index, follow, max-snippet:-1, max-image-preview:large, max-video-preview:-1\" \/>\n<link rel=\"canonical\" href=\"https:\/\/probelle.com.br\/en\/produto\/kit-super-bonita-acido-hialuronico-1l\/\" \/>\n<meta property=\"og:locale\" content=\"en_US\" \/>\n<meta property=\"og:type\" content=\"article\" \/>\n<meta property=\"og:title\" content=\"Kit Super Bonita \u00c1cido Hialur\u00f4nico 1L\" \/>\n<meta property=\"og:description\" content=\"Se jogue na linha Super Bonita \u00c1cido Hialur\u00f4nico e sinta a onda de hidrata\u00e7\u00e3o tomar conta de seus fios!\" \/>\n<meta property=\"og:url\" content=\"https:\/\/probelle.com.br\/en\/produto\/kit-super-bonita-acido-hialuronico-1l\/\" \/>\n<meta property=\"og:site_name\" content=\"Probelle Cosm\u00e9ticos\" \/>\n<meta property=\"article:publisher\" content=\"https:\/\/www.facebook.com\/probelle\/\" \/>\n<meta property=\"article:modified_time\" content=\"2024-11-01T13:34:27+00:00\" \/>\n<meta property=\"og:image\" content=\"https:\/\/probelle.com.br\/wp-content\/uploads\/2024\/11\/30.png\" \/>\n\t<meta property=\"og:image:width\" content=\"400\" \/>\n\t<meta property=\"og:image:height\" content=\"400\" \/>\n\t<meta property=\"og:image:type\" content=\"image\/png\" \/>\n<meta name=\"twitter:card\" content=\"summary_large_image\" \/>\n<meta name=\"twitter:label1\" content=\"Est. reading time\" \/>\n\t<meta name=\"twitter:data1\" content=\"2 minutes\" \/>\n<script type=\"application\/ld+json\" class=\"yoast-schema-graph\">{\"@context\":\"https:\/\/schema.org\",\"@graph\":[{\"@type\":\"WebPage\",\"@id\":\"https:\/\/probelle.com.br\/en\/produto\/kit-super-bonita-acido-hialuronico-1l\/\",\"url\":\"https:\/\/probelle.com.br\/en\/produto\/kit-super-bonita-acido-hialuronico-1l\/\",\"name\":\"Kit Super Bonita \u00c1cido Hialur\u00f4nico 1L ~ Probelle Cosm\u00e9ticos\",\"isPartOf\":{\"@id\":\"https:\/\/probelle.com.br\/en\/#website\"},\"primaryImageOfPage\":{\"@id\":\"https:\/\/probelle.com.br\/en\/produto\/kit-super-bonita-acido-hialuronico-1l\/#primaryimage\"},\"image\":{\"@id\":\"https:\/\/probelle.com.br\/en\/produto\/kit-super-bonita-acido-hialuronico-1l\/#primaryimage\"},\"thumbnailUrl\":\"https:\/\/probelle.com.br\/wp-content\/uploads\/2024\/11\/30.png\",\"datePublished\":\"2024-11-01T12:46:09+00:00\",\"dateModified\":\"2024-11-01T13:34:27+00:00\",\"description\":\"Se jogue na linha Super Bonita \u00c1cido Hialur\u00f4nico e sinta a onda de hidrata\u00e7\u00e3o tomar conta de seus fios!\",\"breadcrumb\":{\"@id\":\"https:\/\/probelle.com.br\/en\/produto\/kit-super-bonita-acido-hialuronico-1l\/#breadcrumb\"},\"inLanguage\":\"en-US\",\"potentialAction\":[{\"@type\":\"ReadAction\",\"target\":[\"https:\/\/probelle.com.br\/en\/produto\/kit-super-bonita-acido-hialuronico-1l\/\"]}]},{\"@type\":\"ImageObject\",\"inLanguage\":\"en-US\",\"@id\":\"https:\/\/probelle.com.br\/en\/produto\/kit-super-bonita-acido-hialuronico-1l\/#primaryimage\",\"url\":\"https:\/\/probelle.com.br\/wp-content\/uploads\/2024\/11\/30.png\",\"contentUrl\":\"https:\/\/probelle.com.br\/wp-content\/uploads\/2024\/11\/30.png\",\"width\":400,\"height\":400},{\"@type\":\"BreadcrumbList\",\"@id\":\"https:\/\/probelle.com.br\/en\/produto\/kit-super-bonita-acido-hialuronico-1l\/#breadcrumb\",\"itemListElement\":[{\"@type\":\"ListItem\",\"position\":1,\"name\":\"Home\",\"item\":\"https:\/\/probelle.com.br\/en\/\"},{\"@type\":\"ListItem\",\"position\":2,\"name\":\"Loja\",\"item\":\"https:\/\/probelle.com.br\/loja\/\"},{\"@type\":\"ListItem\",\"position\":3,\"name\":\"Kit Super Bonita \u00c1cido Hialur\u00f4nico 1L\"}]},{\"@type\":\"WebSite\",\"@id\":\"https:\/\/probelle.com.br\/en\/#website\",\"url\":\"https:\/\/probelle.com.br\/en\/\",\"name\":\"Probelle Cosm\u00e9ticos\",\"description\":\"Todo mundo tem em casa.\",\"publisher\":{\"@id\":\"https:\/\/probelle.com.br\/en\/#organization\"},\"potentialAction\":[{\"@type\":\"SearchAction\",\"target\":{\"@type\":\"EntryPoint\",\"urlTemplate\":\"https:\/\/probelle.com.br\/en\/?s={search_term_string}\"},\"query-input\":{\"@type\":\"PropertyValueSpecification\",\"valueRequired\":true,\"valueName\":\"search_term_string\"}}],\"inLanguage\":\"en-US\"},{\"@type\":\"Organization\",\"@id\":\"https:\/\/probelle.com.br\/en\/#organization\",\"name\":\"Probelle Cosm\u00e9ticos\",\"url\":\"https:\/\/probelle.com.br\/en\/\",\"logo\":{\"@type\":\"ImageObject\",\"inLanguage\":\"en-US\",\"@id\":\"https:\/\/probelle.com.br\/en\/#\/schema\/logo\/image\/\",\"url\":\"https:\/\/probelle.com.br\/wp-content\/uploads\/2022\/08\/Para-o-sitee.jpg\",\"contentUrl\":\"https:\/\/probelle.com.br\/wp-content\/uploads\/2022\/08\/Para-o-sitee.jpg\",\"width\":1000,\"height\":750,\"caption\":\"Probelle Cosm\u00e9ticos\"},\"image\":{\"@id\":\"https:\/\/probelle.com.br\/en\/#\/schema\/logo\/image\/\"},\"sameAs\":[\"https:\/\/www.facebook.com\/probelle\/\",\"https:\/\/www.instagram.com\/probellecosmeticos\/\",\"https:\/\/www.youtube.com\/c\/ProbelleCosm\u00e9ticos\/\",\"https:\/\/br.linkedin.com\/company\/probellecosmeticos\",\"https:\/\/br.pinterest.com\/probellecosmeticos\/\"]}]}<\/script>\n<!-- \/ Yoast SEO Premium plugin. -->","yoast_head_json":{"title":"Kit Super Bonita \u00c1cido Hialur\u00f4nico 1L ~ Probelle Cosm\u00e9ticos","description":"Se jogue na linha Super Bonita \u00c1cido Hialur\u00f4nico e sinta a onda de hidrata\u00e7\u00e3o tomar conta de seus fios!","robots":{"index":"index","follow":"follow","max-snippet":"max-snippet:-1","max-image-preview":"max-image-preview:large","max-video-preview":"max-video-preview:-1"},"canonical":"https:\/\/probelle.com.br\/en\/produto\/kit-super-bonita-acido-hialuronico-1l\/","og_locale":"en_US","og_type":"article","og_title":"Kit Super Bonita \u00c1cido Hialur\u00f4nico 1L","og_description":"Se jogue na linha Super Bonita \u00c1cido Hialur\u00f4nico e sinta a onda de hidrata\u00e7\u00e3o tomar conta de seus fios!","og_url":"https:\/\/probelle.com.br\/en\/produto\/kit-super-bonita-acido-hialuronico-1l\/","og_site_name":"Probelle Cosm\u00e9ticos","article_publisher":"https:\/\/www.facebook.com\/probelle\/","article_modified_time":"2024-11-01T13:34:27+00:00","og_image":[{"width":400,"height":400,"url":"https:\/\/probelle.com.br\/wp-content\/uploads\/2024\/11\/30.png","type":"image\/png"}],"twitter_card":"summary_large_image","twitter_misc":{"Est. reading time":"2 minutes"},"schema":{"@context":"https:\/\/schema.org","@graph":[{"@type":"WebPage","@id":"https:\/\/probelle.com.br\/en\/produto\/kit-super-bonita-acido-hialuronico-1l\/","url":"https:\/\/probelle.com.br\/en\/produto\/kit-super-bonita-acido-hialuronico-1l\/","name":"Kit Super Bonita \u00c1cido Hialur\u00f4nico 1L ~ Probelle Cosm\u00e9ticos","isPartOf":{"@id":"https:\/\/probelle.com.br\/en\/#website"},"primaryImageOfPage":{"@id":"https:\/\/probelle.com.br\/en\/produto\/kit-super-bonita-acido-hialuronico-1l\/#primaryimage"},"image":{"@id":"https:\/\/probelle.com.br\/en\/produto\/kit-super-bonita-acido-hialuronico-1l\/#primaryimage"},"thumbnailUrl":"https:\/\/probelle.com.br\/wp-content\/uploads\/2024\/11\/30.png","datePublished":"2024-11-01T12:46:09+00:00","dateModified":"2024-11-01T13:34:27+00:00","description":"Se jogue na linha Super Bonita \u00c1cido Hialur\u00f4nico e sinta a onda de hidrata\u00e7\u00e3o tomar conta de seus fios!","breadcrumb":{"@id":"https:\/\/probelle.com.br\/en\/produto\/kit-super-bonita-acido-hialuronico-1l\/#breadcrumb"},"inLanguage":"en-US","potentialAction":[{"@type":"ReadAction","target":["https:\/\/probelle.com.br\/en\/produto\/kit-super-bonita-acido-hialuronico-1l\/"]}]},{"@type":"ImageObject","inLanguage":"en-US","@id":"https:\/\/probelle.com.br\/en\/produto\/kit-super-bonita-acido-hialuronico-1l\/#primaryimage","url":"https:\/\/probelle.com.br\/wp-content\/uploads\/2024\/11\/30.png","contentUrl":"https:\/\/probelle.com.br\/wp-content\/uploads\/2024\/11\/30.png","width":400,"height":400},{"@type":"BreadcrumbList","@id":"https:\/\/probelle.com.br\/en\/produto\/kit-super-bonita-acido-hialuronico-1l\/#breadcrumb","itemListElement":[{"@type":"ListItem","position":1,"name":"Home","item":"https:\/\/probelle.com.br\/en\/"},{"@type":"ListItem","position":2,"name":"Loja","item":"https:\/\/probelle.com.br\/loja\/"},{"@type":"ListItem","position":3,"name":"Kit Super Bonita \u00c1cido Hialur\u00f4nico 1L"}]},{"@type":"WebSite","@id":"https:\/\/probelle.com.br\/en\/#website","url":"https:\/\/probelle.com.br\/en\/","name":"Probelle Cosm\u00e9ticos","description":"Todo mundo tem em casa.","publisher":{"@id":"https:\/\/probelle.com.br\/en\/#organization"},"potentialAction":[{"@type":"SearchAction","target":{"@type":"EntryPoint","urlTemplate":"https:\/\/probelle.com.br\/en\/?s={search_term_string}"},"query-input":{"@type":"PropertyValueSpecification","valueRequired":true,"valueName":"search_term_string"}}],"inLanguage":"en-US"},{"@type":"Organization","@id":"https:\/\/probelle.com.br\/en\/#organization","name":"Probelle Cosm\u00e9ticos","url":"https:\/\/probelle.com.br\/en\/","logo":{"@type":"ImageObject","inLanguage":"en-US","@id":"https:\/\/probelle.com.br\/en\/#\/schema\/logo\/image\/","url":"https:\/\/probelle.com.br\/wp-content\/uploads\/2022\/08\/Para-o-sitee.jpg","contentUrl":"https:\/\/probelle.com.br\/wp-content\/uploads\/2022\/08\/Para-o-sitee.jpg","width":1000,"height":750,"caption":"Probelle Cosm\u00e9ticos"},"image":{"@id":"https:\/\/probelle.com.br\/en\/#\/schema\/logo\/image\/"},"sameAs":["https:\/\/www.facebook.com\/probelle\/","https:\/\/www.instagram.com\/probellecosmeticos\/","https:\/\/www.youtube.com\/c\/ProbelleCosm\u00e9ticos\/","https:\/\/br.linkedin.com\/company\/probellecosmeticos","https:\/\/br.pinterest.com\/probellecosmeticos\/"]}]}},"_links":{"self":[{"href":"https:\/\/probelle.com.br\/en\/wp-json\/wp\/v2\/product\/31996","targetHints":{"allow":["GET"]}}],"collection":[{"href":"https:\/\/probelle.com.br\/en\/wp-json\/wp\/v2\/product"}],"about":[{"href":"https:\/\/probelle.com.br\/en\/wp-json\/wp\/v2\/types\/product"}],"wp:featuredmedia":[{"embeddable":true,"href":"https:\/\/probelle.com.br\/en\/wp-json\/wp\/v2\/media\/32026"}],"wp:attachment":[{"href":"https:\/\/probelle.com.br\/en\/wp-json\/wp\/v2\/media?parent=31996"}],"wp:term":[{"taxonomy":"product_brand","embeddable":true,"href":"https:\/\/probelle.com.br\/en\/wp-json\/wp\/v2\/product_brand?post=31996"},{"taxonomy":"product_cat","embeddable":true,"href":"https:\/\/probelle.com.br\/en\/wp-json\/wp\/v2\/product_cat?post=31996"},{"taxonomy":"product_tag","embeddable":true,"href":"https:\/\/probelle.com.br\/en\/wp-json\/wp\/v2\/product_tag?post=31996"}],"curies":[{"name":"wp","href":"https:\/\/api.w.org\/{rel}","templated":true}]}}