{"id":31988,"date":"2024-11-01T09:16:40","date_gmt":"2024-11-01T12:16:40","guid":{"rendered":"https:\/\/probelle.com.br\/?post_type=product&#038;p=31988"},"modified":"2024-11-01T10:37:16","modified_gmt":"2024-11-01T13:37:16","slug":"kit-super-bonita-colageno-hidrolisado-1l","status":"publish","type":"product","link":"https:\/\/probelle.com.br\/en\/produto\/kit-super-bonita-colageno-hidrolisado-1l\/","title":{"rendered":"Kit Super Bonita Col\u00e1geno Hidrolisado 1L"},"content":{"rendered":"<p><span style=\"font-weight: 400;\">Nossa f\u00f3rmula \u00e9 rica em ativos que proporcionar\u00e3o fios radiantes e saud\u00e1veis:\u00a0<\/span><\/p>\n<ul>\n<li style=\"font-weight: 400;\" aria-level=\"1\"><span style=\"font-weight: 400;\">Col\u00e1geno Hidrolisado: Penetra profundamente na fibra capilar, repondo a prote\u00edna natural dos fios e promovendo for\u00e7a, elasticidade e resist\u00eancia.<\/span><\/li>\n<li style=\"font-weight: 400;\" aria-level=\"1\"><span style=\"font-weight: 400;\">\u00d3leo de Pracaxi: Hidrata intensamente, combate o frizz e proporciona brilho e maciez incompar\u00e1veis.<\/span><\/li>\n<li style=\"font-weight: 400;\" aria-level=\"1\"><span style=\"font-weight: 400;\">\u00d3leo de Semente de Uva: Rico em antioxidantes, protege os fios contra os danos externos, combate os radicais livres e previne o envelhecimento precoce.<\/span><\/li>\n<li style=\"font-weight: 400;\" aria-level=\"1\"><span style=\"font-weight: 400;\">Queratina: Fortalece a estrutura interna dos fios, prevenindo a quebra e garantindo cabelos mais resistentes e saud\u00e1veis.<\/span><\/li>\n<\/ul>\n<p><span style=\"font-weight: 400;\"><br \/>\n<\/span><span style=\"font-weight: 400;\">Explore a linha completa e viva a experi\u00eancia de cabelos radiantes de sa\u00fade em cada etapa da sua rotina de cuidados:<\/span><\/p>\n<ul>\n<li style=\"font-weight: 400;\" aria-level=\"1\"><span style=\"font-weight: 400;\">Shampoo: Limpa suavemente sem agredir os fios.<\/span><\/li>\n<li style=\"font-weight: 400;\" aria-level=\"1\"><span style=\"font-weight: 400;\">Condicionador: Desembara\u00e7a, hidrata e define os fios, proporcionando um toque macio, solto e com movimento natural.<\/span><\/li>\n<li style=\"font-weight: 400;\" aria-level=\"1\"><span style=\"font-weight: 400;\">Creme de Tratamento: Tratamento intensivo que nutre profundamente, reparando e fortalecendo os fios danificados.<\/span><\/li>\n<li style=\"font-weight: 400;\" aria-level=\"1\"><span style=\"font-weight: 400;\">Creme para Pentear com filtro Solar: Facilita o penteado, controlando o frizz e definindo os cachos ou ondas, proporcionando cabelos radiantes de brilho e vitalidade. Al\u00e9m de protegidos dos raios de Sol.\u00a0<\/span><\/li>\n<\/ul>\n<p><span style=\"font-weight: 400;\"><br \/>\n<\/span><b>Super Bonita Col\u00e1geno Hidrolisado: A solu\u00e7\u00e3o completa para cabelos mais fortes, hidratados, volumosos e com brilho espelhado!<\/b><\/p>\n","protected":false},"excerpt":{"rendered":"<p><b>SUPER BONITA COL\u00c1GENO HIDROLISADO: Cabelos mais fortes, hidratados, volumosos e brilhantes!<\/b><\/p>\n<p><span style=\"font-weight: 400;\">Descubra a chave para cabelos radiantes de sa\u00fade, for\u00e7a e beleza com a linha Super Bonita Col\u00e1geno Hidrolisado da Probelle! Formulada com uma sele\u00e7\u00e3o de ingredientes poderosos que agem em todos os n\u00edveis da estrutura capilar, essa linha \u00e9 ideal para todos os tipos de cabelo, proporcionando resultados incr\u00edveis e duradouros.<\/span><\/p>\n","protected":false},"featured_media":32029,"template":"","meta":{"_joinchat":[]},"product_brand":[],"product_cat":[311],"product_tag":[594],"class_list":{"0":"post-31988","1":"product","2":"type-product","3":"status-publish","4":"has-post-thumbnail","6":"product_cat-super-bonita","7":"product_tag-produtos-probelle","9":"first","10":"instock","11":"shipping-taxable","12":"purchasable","13":"product-type-simple"},"yoast_head":"<!-- This site is optimized with the Yoast SEO Premium plugin v23.5 (Yoast SEO v26.5) - https:\/\/yoast.com\/wordpress\/plugins\/seo\/ -->\n<title>Kit Super Bonita Col\u00e1geno Hidrolisado 1L ~ Probelle Cosm\u00e9ticos<\/title>\n<meta name=\"description\" content=\"Descubra a chave para cabelos radiantes de sa\u00fade, for\u00e7a e beleza com a linha Super Bonita Col\u00e1geno Hidrolisado da Probelle!\" \/>\n<meta name=\"robots\" content=\"index, follow, max-snippet:-1, max-image-preview:large, max-video-preview:-1\" \/>\n<link rel=\"canonical\" href=\"https:\/\/probelle.com.br\/en\/produto\/kit-super-bonita-colageno-hidrolisado-1l\/\" \/>\n<meta property=\"og:locale\" content=\"en_US\" \/>\n<meta property=\"og:type\" content=\"article\" \/>\n<meta property=\"og:title\" content=\"Kit Super Bonita Col\u00e1geno Hidrolisado 1L\" \/>\n<meta property=\"og:description\" content=\"Descubra a chave para cabelos radiantes de sa\u00fade, for\u00e7a e beleza com a linha Super Bonita Col\u00e1geno Hidrolisado da Probelle!\" \/>\n<meta property=\"og:url\" content=\"https:\/\/probelle.com.br\/en\/produto\/kit-super-bonita-colageno-hidrolisado-1l\/\" \/>\n<meta property=\"og:site_name\" content=\"Probelle Cosm\u00e9ticos\" \/>\n<meta property=\"article:publisher\" content=\"https:\/\/www.facebook.com\/probelle\/\" \/>\n<meta property=\"article:modified_time\" content=\"2024-11-01T13:37:16+00:00\" \/>\n<meta property=\"og:image\" content=\"https:\/\/probelle.com.br\/wp-content\/uploads\/2024\/11\/31.png\" \/>\n\t<meta property=\"og:image:width\" content=\"400\" \/>\n\t<meta property=\"og:image:height\" content=\"400\" \/>\n\t<meta property=\"og:image:type\" content=\"image\/png\" \/>\n<meta name=\"twitter:card\" content=\"summary_large_image\" \/>\n<meta name=\"twitter:label1\" content=\"Est. reading time\" \/>\n\t<meta name=\"twitter:data1\" content=\"2 minutes\" \/>\n<script type=\"application\/ld+json\" class=\"yoast-schema-graph\">{\"@context\":\"https:\/\/schema.org\",\"@graph\":[{\"@type\":\"WebPage\",\"@id\":\"https:\/\/probelle.com.br\/en\/produto\/kit-super-bonita-colageno-hidrolisado-1l\/\",\"url\":\"https:\/\/probelle.com.br\/en\/produto\/kit-super-bonita-colageno-hidrolisado-1l\/\",\"name\":\"Kit Super Bonita Col\u00e1geno Hidrolisado 1L ~ Probelle Cosm\u00e9ticos\",\"isPartOf\":{\"@id\":\"https:\/\/probelle.com.br\/en\/#website\"},\"primaryImageOfPage\":{\"@id\":\"https:\/\/probelle.com.br\/en\/produto\/kit-super-bonita-colageno-hidrolisado-1l\/#primaryimage\"},\"image\":{\"@id\":\"https:\/\/probelle.com.br\/en\/produto\/kit-super-bonita-colageno-hidrolisado-1l\/#primaryimage\"},\"thumbnailUrl\":\"https:\/\/probelle.com.br\/wp-content\/uploads\/2024\/11\/31.png\",\"datePublished\":\"2024-11-01T12:16:40+00:00\",\"dateModified\":\"2024-11-01T13:37:16+00:00\",\"description\":\"Descubra a chave para cabelos radiantes de sa\u00fade, for\u00e7a e beleza com a linha Super Bonita Col\u00e1geno Hidrolisado da Probelle!\",\"breadcrumb\":{\"@id\":\"https:\/\/probelle.com.br\/en\/produto\/kit-super-bonita-colageno-hidrolisado-1l\/#breadcrumb\"},\"inLanguage\":\"en-US\",\"potentialAction\":[{\"@type\":\"ReadAction\",\"target\":[\"https:\/\/probelle.com.br\/en\/produto\/kit-super-bonita-colageno-hidrolisado-1l\/\"]}]},{\"@type\":\"ImageObject\",\"inLanguage\":\"en-US\",\"@id\":\"https:\/\/probelle.com.br\/en\/produto\/kit-super-bonita-colageno-hidrolisado-1l\/#primaryimage\",\"url\":\"https:\/\/probelle.com.br\/wp-content\/uploads\/2024\/11\/31.png\",\"contentUrl\":\"https:\/\/probelle.com.br\/wp-content\/uploads\/2024\/11\/31.png\",\"width\":400,\"height\":400},{\"@type\":\"BreadcrumbList\",\"@id\":\"https:\/\/probelle.com.br\/en\/produto\/kit-super-bonita-colageno-hidrolisado-1l\/#breadcrumb\",\"itemListElement\":[{\"@type\":\"ListItem\",\"position\":1,\"name\":\"Home\",\"item\":\"https:\/\/probelle.com.br\/en\/\"},{\"@type\":\"ListItem\",\"position\":2,\"name\":\"Loja\",\"item\":\"https:\/\/probelle.com.br\/loja\/\"},{\"@type\":\"ListItem\",\"position\":3,\"name\":\"Kit Super Bonita Col\u00e1geno Hidrolisado 1L\"}]},{\"@type\":\"WebSite\",\"@id\":\"https:\/\/probelle.com.br\/en\/#website\",\"url\":\"https:\/\/probelle.com.br\/en\/\",\"name\":\"Probelle Cosm\u00e9ticos\",\"description\":\"Todo mundo tem em casa.\",\"publisher\":{\"@id\":\"https:\/\/probelle.com.br\/en\/#organization\"},\"potentialAction\":[{\"@type\":\"SearchAction\",\"target\":{\"@type\":\"EntryPoint\",\"urlTemplate\":\"https:\/\/probelle.com.br\/en\/?s={search_term_string}\"},\"query-input\":{\"@type\":\"PropertyValueSpecification\",\"valueRequired\":true,\"valueName\":\"search_term_string\"}}],\"inLanguage\":\"en-US\"},{\"@type\":\"Organization\",\"@id\":\"https:\/\/probelle.com.br\/en\/#organization\",\"name\":\"Probelle Cosm\u00e9ticos\",\"url\":\"https:\/\/probelle.com.br\/en\/\",\"logo\":{\"@type\":\"ImageObject\",\"inLanguage\":\"en-US\",\"@id\":\"https:\/\/probelle.com.br\/en\/#\/schema\/logo\/image\/\",\"url\":\"https:\/\/probelle.com.br\/wp-content\/uploads\/2022\/08\/Para-o-sitee.jpg\",\"contentUrl\":\"https:\/\/probelle.com.br\/wp-content\/uploads\/2022\/08\/Para-o-sitee.jpg\",\"width\":1000,\"height\":750,\"caption\":\"Probelle Cosm\u00e9ticos\"},\"image\":{\"@id\":\"https:\/\/probelle.com.br\/en\/#\/schema\/logo\/image\/\"},\"sameAs\":[\"https:\/\/www.facebook.com\/probelle\/\",\"https:\/\/www.instagram.com\/probellecosmeticos\/\",\"https:\/\/www.youtube.com\/c\/ProbelleCosm\u00e9ticos\/\",\"https:\/\/br.linkedin.com\/company\/probellecosmeticos\",\"https:\/\/br.pinterest.com\/probellecosmeticos\/\"]}]}<\/script>\n<!-- \/ Yoast SEO Premium plugin. -->","yoast_head_json":{"title":"Kit Super Bonita Col\u00e1geno Hidrolisado 1L ~ Probelle Cosm\u00e9ticos","description":"Descubra a chave para cabelos radiantes de sa\u00fade, for\u00e7a e beleza com a linha Super Bonita Col\u00e1geno Hidrolisado da Probelle!","robots":{"index":"index","follow":"follow","max-snippet":"max-snippet:-1","max-image-preview":"max-image-preview:large","max-video-preview":"max-video-preview:-1"},"canonical":"https:\/\/probelle.com.br\/en\/produto\/kit-super-bonita-colageno-hidrolisado-1l\/","og_locale":"en_US","og_type":"article","og_title":"Kit Super Bonita Col\u00e1geno Hidrolisado 1L","og_description":"Descubra a chave para cabelos radiantes de sa\u00fade, for\u00e7a e beleza com a linha Super Bonita Col\u00e1geno Hidrolisado da Probelle!","og_url":"https:\/\/probelle.com.br\/en\/produto\/kit-super-bonita-colageno-hidrolisado-1l\/","og_site_name":"Probelle Cosm\u00e9ticos","article_publisher":"https:\/\/www.facebook.com\/probelle\/","article_modified_time":"2024-11-01T13:37:16+00:00","og_image":[{"width":400,"height":400,"url":"https:\/\/probelle.com.br\/wp-content\/uploads\/2024\/11\/31.png","type":"image\/png"}],"twitter_card":"summary_large_image","twitter_misc":{"Est. reading time":"2 minutes"},"schema":{"@context":"https:\/\/schema.org","@graph":[{"@type":"WebPage","@id":"https:\/\/probelle.com.br\/en\/produto\/kit-super-bonita-colageno-hidrolisado-1l\/","url":"https:\/\/probelle.com.br\/en\/produto\/kit-super-bonita-colageno-hidrolisado-1l\/","name":"Kit Super Bonita Col\u00e1geno Hidrolisado 1L ~ Probelle Cosm\u00e9ticos","isPartOf":{"@id":"https:\/\/probelle.com.br\/en\/#website"},"primaryImageOfPage":{"@id":"https:\/\/probelle.com.br\/en\/produto\/kit-super-bonita-colageno-hidrolisado-1l\/#primaryimage"},"image":{"@id":"https:\/\/probelle.com.br\/en\/produto\/kit-super-bonita-colageno-hidrolisado-1l\/#primaryimage"},"thumbnailUrl":"https:\/\/probelle.com.br\/wp-content\/uploads\/2024\/11\/31.png","datePublished":"2024-11-01T12:16:40+00:00","dateModified":"2024-11-01T13:37:16+00:00","description":"Descubra a chave para cabelos radiantes de sa\u00fade, for\u00e7a e beleza com a linha Super Bonita Col\u00e1geno Hidrolisado da Probelle!","breadcrumb":{"@id":"https:\/\/probelle.com.br\/en\/produto\/kit-super-bonita-colageno-hidrolisado-1l\/#breadcrumb"},"inLanguage":"en-US","potentialAction":[{"@type":"ReadAction","target":["https:\/\/probelle.com.br\/en\/produto\/kit-super-bonita-colageno-hidrolisado-1l\/"]}]},{"@type":"ImageObject","inLanguage":"en-US","@id":"https:\/\/probelle.com.br\/en\/produto\/kit-super-bonita-colageno-hidrolisado-1l\/#primaryimage","url":"https:\/\/probelle.com.br\/wp-content\/uploads\/2024\/11\/31.png","contentUrl":"https:\/\/probelle.com.br\/wp-content\/uploads\/2024\/11\/31.png","width":400,"height":400},{"@type":"BreadcrumbList","@id":"https:\/\/probelle.com.br\/en\/produto\/kit-super-bonita-colageno-hidrolisado-1l\/#breadcrumb","itemListElement":[{"@type":"ListItem","position":1,"name":"Home","item":"https:\/\/probelle.com.br\/en\/"},{"@type":"ListItem","position":2,"name":"Loja","item":"https:\/\/probelle.com.br\/loja\/"},{"@type":"ListItem","position":3,"name":"Kit Super Bonita Col\u00e1geno Hidrolisado 1L"}]},{"@type":"WebSite","@id":"https:\/\/probelle.com.br\/en\/#website","url":"https:\/\/probelle.com.br\/en\/","name":"Probelle Cosm\u00e9ticos","description":"Todo mundo tem em casa.","publisher":{"@id":"https:\/\/probelle.com.br\/en\/#organization"},"potentialAction":[{"@type":"SearchAction","target":{"@type":"EntryPoint","urlTemplate":"https:\/\/probelle.com.br\/en\/?s={search_term_string}"},"query-input":{"@type":"PropertyValueSpecification","valueRequired":true,"valueName":"search_term_string"}}],"inLanguage":"en-US"},{"@type":"Organization","@id":"https:\/\/probelle.com.br\/en\/#organization","name":"Probelle Cosm\u00e9ticos","url":"https:\/\/probelle.com.br\/en\/","logo":{"@type":"ImageObject","inLanguage":"en-US","@id":"https:\/\/probelle.com.br\/en\/#\/schema\/logo\/image\/","url":"https:\/\/probelle.com.br\/wp-content\/uploads\/2022\/08\/Para-o-sitee.jpg","contentUrl":"https:\/\/probelle.com.br\/wp-content\/uploads\/2022\/08\/Para-o-sitee.jpg","width":1000,"height":750,"caption":"Probelle Cosm\u00e9ticos"},"image":{"@id":"https:\/\/probelle.com.br\/en\/#\/schema\/logo\/image\/"},"sameAs":["https:\/\/www.facebook.com\/probelle\/","https:\/\/www.instagram.com\/probellecosmeticos\/","https:\/\/www.youtube.com\/c\/ProbelleCosm\u00e9ticos\/","https:\/\/br.linkedin.com\/company\/probellecosmeticos","https:\/\/br.pinterest.com\/probellecosmeticos\/"]}]}},"_links":{"self":[{"href":"https:\/\/probelle.com.br\/en\/wp-json\/wp\/v2\/product\/31988","targetHints":{"allow":["GET"]}}],"collection":[{"href":"https:\/\/probelle.com.br\/en\/wp-json\/wp\/v2\/product"}],"about":[{"href":"https:\/\/probelle.com.br\/en\/wp-json\/wp\/v2\/types\/product"}],"wp:featuredmedia":[{"embeddable":true,"href":"https:\/\/probelle.com.br\/en\/wp-json\/wp\/v2\/media\/32029"}],"wp:attachment":[{"href":"https:\/\/probelle.com.br\/en\/wp-json\/wp\/v2\/media?parent=31988"}],"wp:term":[{"taxonomy":"product_brand","embeddable":true,"href":"https:\/\/probelle.com.br\/en\/wp-json\/wp\/v2\/product_brand?post=31988"},{"taxonomy":"product_cat","embeddable":true,"href":"https:\/\/probelle.com.br\/en\/wp-json\/wp\/v2\/product_cat?post=31988"},{"taxonomy":"product_tag","embeddable":true,"href":"https:\/\/probelle.com.br\/en\/wp-json\/wp\/v2\/product_tag?post=31988"}],"curies":[{"name":"wp","href":"https:\/\/api.w.org\/{rel}","templated":true}]}}