{"id":26739,"date":"2024-07-02T10:01:47","date_gmt":"2024-07-02T13:01:47","guid":{"rendered":"https:\/\/probelle.com.br\/?post_type=product&#038;p=26739"},"modified":"2024-12-12T11:03:50","modified_gmt":"2024-12-12T14:03:50","slug":"linha-carinho-para-cabelos-cacheados","status":"publish","type":"product","link":"https:\/\/probelle.com.br\/en\/produto\/linha-carinho-para-cabelos-cacheados\/","title":{"rendered":"Linha Carinho para cabelos Cacheados"},"content":{"rendered":"<p><b>Kit Carinho para Cabelos Cacheados &#8211; Cuidado Especial e Encanto Natural. Cachinhos Felizes, Cuidado Carinhoso!<\/b><\/p>\n","protected":false},"excerpt":{"rendered":"<p><span style=\"font-weight: 400;\">Apresentamos o Kit Carinho para Cabelos Cacheados da Linha Infantil Carinho da Probelle. Cuidadosamente formulado para os cachinhos dos pequenos, nosso Shampoo suave limpa e nutre, mantendo os cachos saud\u00e1veis e radiantes. Cachinhos limpos e prontos para um encanto!<\/span><\/p>\n<p><span style=\"font-weight: 400;\">Defini\u00e7\u00e3o M\u00e1gica e Maciez Suave.<\/span><span style=\"font-weight: 400;\"><br \/>\n<\/span><span style=\"font-weight: 400;\"> O Condicionador para Cabelos Cacheados da Linha Infantil Carinho da Probelle \u00e9 como um abra\u00e7o afetuoso. Enriquecido com 6 \u00d3leos Essenciais &#8211; Semente de Uva, Semente de Girassol, Castanha, Flor de L\u00f3tus, Argan e Linha\u00e7a &#8211; ele nutre, desembara\u00e7a e define os cachinhos, deixando-os macios e prontos para arrasar. Cada aplica\u00e7\u00e3o \u00e9 um toque de carinho que fortalece e protege.<\/span><\/p>\n<p><span style=\"font-weight: 400;\">Experi\u00eancia Sensorial Encantadora.<\/span><span style=\"font-weight: 400;\"><br \/>\n<\/span><span style=\"font-weight: 400;\"> A fragr\u00e2ncia suave e encantadora transforma o banho em uma experi\u00eancia sensorial \u00fanica. O Kit Carinho para Cabelos Cacheados oferece um cuidado especial, criando mem\u00f3rias especiais durante os momentos de carinho.<\/span><span style=\"font-weight: 400;\"><br \/>\n<\/span><\/p>\n","protected":false},"featured_media":26395,"template":"","meta":{"_joinchat":[]},"product_brand":[],"product_cat":[823,602],"product_tag":[594],"class_list":{"0":"post-26739","1":"product","2":"type-product","3":"status-publish","4":"has-post-thumbnail","6":"product_cat-carinho","7":"product_cat-tratamento","8":"product_tag-produtos-probelle","10":"first","11":"instock","12":"shipping-taxable","13":"purchasable","14":"product-type-simple"},"yoast_head":"<!-- This site is optimized with the Yoast SEO Premium plugin v23.5 (Yoast SEO v26.5) - https:\/\/yoast.com\/wordpress\/plugins\/seo\/ -->\n<title>Linha Carinho para cabelos Cacheados ~ Probelle Cosm\u00e9ticos<\/title>\n<meta name=\"description\" content=\"Kit Carinho para Cabelos Cacheados - Cuidado Especial e Encanto Natural. Cachinhos Felizes, Cuidado Carinhoso!\" \/>\n<meta name=\"robots\" content=\"index, follow, max-snippet:-1, max-image-preview:large, max-video-preview:-1\" \/>\n<link rel=\"canonical\" href=\"https:\/\/probelle.com.br\/en\/produto\/linha-carinho-para-cabelos-cacheados\/\" \/>\n<meta property=\"og:locale\" content=\"en_US\" \/>\n<meta property=\"og:type\" content=\"article\" \/>\n<meta property=\"og:title\" content=\"Linha Carinho para cabelos Cacheados\" \/>\n<meta property=\"og:description\" content=\"Kit Carinho para Cabelos Cacheados - Cuidado Especial e Encanto Natural. Cachinhos Felizes, Cuidado Carinhoso!\" \/>\n<meta property=\"og:url\" content=\"https:\/\/probelle.com.br\/en\/produto\/linha-carinho-para-cabelos-cacheados\/\" \/>\n<meta property=\"og:site_name\" content=\"Probelle Cosm\u00e9ticos\" \/>\n<meta property=\"article:publisher\" content=\"https:\/\/www.facebook.com\/probelle\/\" \/>\n<meta property=\"article:modified_time\" content=\"2024-12-12T14:03:50+00:00\" \/>\n<meta property=\"og:image\" content=\"https:\/\/probelle.com.br\/wp-content\/uploads\/2024\/06\/Cacheado-1.png\" \/>\n\t<meta property=\"og:image:width\" content=\"1280\" \/>\n\t<meta property=\"og:image:height\" content=\"1920\" \/>\n\t<meta property=\"og:image:type\" content=\"image\/png\" \/>\n<meta name=\"twitter:card\" content=\"summary_large_image\" \/>\n<meta name=\"twitter:label1\" content=\"Est. reading time\" \/>\n\t<meta name=\"twitter:data1\" content=\"1 minute\" \/>\n<script type=\"application\/ld+json\" class=\"yoast-schema-graph\">{\"@context\":\"https:\/\/schema.org\",\"@graph\":[{\"@type\":\"WebPage\",\"@id\":\"https:\/\/probelle.com.br\/en\/produto\/linha-carinho-para-cabelos-cacheados\/\",\"url\":\"https:\/\/probelle.com.br\/en\/produto\/linha-carinho-para-cabelos-cacheados\/\",\"name\":\"Linha Carinho para cabelos Cacheados ~ Probelle Cosm\u00e9ticos\",\"isPartOf\":{\"@id\":\"https:\/\/probelle.com.br\/en\/#website\"},\"primaryImageOfPage\":{\"@id\":\"https:\/\/probelle.com.br\/en\/produto\/linha-carinho-para-cabelos-cacheados\/#primaryimage\"},\"image\":{\"@id\":\"https:\/\/probelle.com.br\/en\/produto\/linha-carinho-para-cabelos-cacheados\/#primaryimage\"},\"thumbnailUrl\":\"https:\/\/probelle.com.br\/wp-content\/uploads\/2024\/06\/Cacheado-1.png\",\"datePublished\":\"2024-07-02T13:01:47+00:00\",\"dateModified\":\"2024-12-12T14:03:50+00:00\",\"description\":\"Kit Carinho para Cabelos Cacheados - Cuidado Especial e Encanto Natural. Cachinhos Felizes, Cuidado Carinhoso!\",\"breadcrumb\":{\"@id\":\"https:\/\/probelle.com.br\/en\/produto\/linha-carinho-para-cabelos-cacheados\/#breadcrumb\"},\"inLanguage\":\"en-US\",\"potentialAction\":[{\"@type\":\"ReadAction\",\"target\":[\"https:\/\/probelle.com.br\/en\/produto\/linha-carinho-para-cabelos-cacheados\/\"]}]},{\"@type\":\"ImageObject\",\"inLanguage\":\"en-US\",\"@id\":\"https:\/\/probelle.com.br\/en\/produto\/linha-carinho-para-cabelos-cacheados\/#primaryimage\",\"url\":\"https:\/\/probelle.com.br\/wp-content\/uploads\/2024\/06\/Cacheado-1.png\",\"contentUrl\":\"https:\/\/probelle.com.br\/wp-content\/uploads\/2024\/06\/Cacheado-1.png\",\"width\":1280,\"height\":1920,\"caption\":\"Linha Carinho para Cabelos Cacheados\"},{\"@type\":\"BreadcrumbList\",\"@id\":\"https:\/\/probelle.com.br\/en\/produto\/linha-carinho-para-cabelos-cacheados\/#breadcrumb\",\"itemListElement\":[{\"@type\":\"ListItem\",\"position\":1,\"name\":\"Home\",\"item\":\"https:\/\/probelle.com.br\/en\/\"},{\"@type\":\"ListItem\",\"position\":2,\"name\":\"Loja\",\"item\":\"https:\/\/probelle.com.br\/loja\/\"},{\"@type\":\"ListItem\",\"position\":3,\"name\":\"Linha Carinho para cabelos Cacheados\"}]},{\"@type\":\"WebSite\",\"@id\":\"https:\/\/probelle.com.br\/en\/#website\",\"url\":\"https:\/\/probelle.com.br\/en\/\",\"name\":\"Probelle Cosm\u00e9ticos\",\"description\":\"Todo mundo tem em casa.\",\"publisher\":{\"@id\":\"https:\/\/probelle.com.br\/en\/#organization\"},\"potentialAction\":[{\"@type\":\"SearchAction\",\"target\":{\"@type\":\"EntryPoint\",\"urlTemplate\":\"https:\/\/probelle.com.br\/en\/?s={search_term_string}\"},\"query-input\":{\"@type\":\"PropertyValueSpecification\",\"valueRequired\":true,\"valueName\":\"search_term_string\"}}],\"inLanguage\":\"en-US\"},{\"@type\":\"Organization\",\"@id\":\"https:\/\/probelle.com.br\/en\/#organization\",\"name\":\"Probelle Cosm\u00e9ticos\",\"url\":\"https:\/\/probelle.com.br\/en\/\",\"logo\":{\"@type\":\"ImageObject\",\"inLanguage\":\"en-US\",\"@id\":\"https:\/\/probelle.com.br\/en\/#\/schema\/logo\/image\/\",\"url\":\"https:\/\/probelle.com.br\/wp-content\/uploads\/2022\/08\/Para-o-sitee.jpg\",\"contentUrl\":\"https:\/\/probelle.com.br\/wp-content\/uploads\/2022\/08\/Para-o-sitee.jpg\",\"width\":1000,\"height\":750,\"caption\":\"Probelle Cosm\u00e9ticos\"},\"image\":{\"@id\":\"https:\/\/probelle.com.br\/en\/#\/schema\/logo\/image\/\"},\"sameAs\":[\"https:\/\/www.facebook.com\/probelle\/\",\"https:\/\/www.instagram.com\/probellecosmeticos\/\",\"https:\/\/www.youtube.com\/c\/ProbelleCosm\u00e9ticos\/\",\"https:\/\/br.linkedin.com\/company\/probellecosmeticos\",\"https:\/\/br.pinterest.com\/probellecosmeticos\/\"]}]}<\/script>\n<!-- \/ Yoast SEO Premium plugin. -->","yoast_head_json":{"title":"Linha Carinho para cabelos Cacheados ~ Probelle Cosm\u00e9ticos","description":"Kit Carinho para Cabelos Cacheados - Cuidado Especial e Encanto Natural. Cachinhos Felizes, Cuidado Carinhoso!","robots":{"index":"index","follow":"follow","max-snippet":"max-snippet:-1","max-image-preview":"max-image-preview:large","max-video-preview":"max-video-preview:-1"},"canonical":"https:\/\/probelle.com.br\/en\/produto\/linha-carinho-para-cabelos-cacheados\/","og_locale":"en_US","og_type":"article","og_title":"Linha Carinho para cabelos Cacheados","og_description":"Kit Carinho para Cabelos Cacheados - Cuidado Especial e Encanto Natural. Cachinhos Felizes, Cuidado Carinhoso!","og_url":"https:\/\/probelle.com.br\/en\/produto\/linha-carinho-para-cabelos-cacheados\/","og_site_name":"Probelle Cosm\u00e9ticos","article_publisher":"https:\/\/www.facebook.com\/probelle\/","article_modified_time":"2024-12-12T14:03:50+00:00","og_image":[{"width":1280,"height":1920,"url":"https:\/\/probelle.com.br\/wp-content\/uploads\/2024\/06\/Cacheado-1.png","type":"image\/png"}],"twitter_card":"summary_large_image","twitter_misc":{"Est. reading time":"1 minute"},"schema":{"@context":"https:\/\/schema.org","@graph":[{"@type":"WebPage","@id":"https:\/\/probelle.com.br\/en\/produto\/linha-carinho-para-cabelos-cacheados\/","url":"https:\/\/probelle.com.br\/en\/produto\/linha-carinho-para-cabelos-cacheados\/","name":"Linha Carinho para cabelos Cacheados ~ Probelle Cosm\u00e9ticos","isPartOf":{"@id":"https:\/\/probelle.com.br\/en\/#website"},"primaryImageOfPage":{"@id":"https:\/\/probelle.com.br\/en\/produto\/linha-carinho-para-cabelos-cacheados\/#primaryimage"},"image":{"@id":"https:\/\/probelle.com.br\/en\/produto\/linha-carinho-para-cabelos-cacheados\/#primaryimage"},"thumbnailUrl":"https:\/\/probelle.com.br\/wp-content\/uploads\/2024\/06\/Cacheado-1.png","datePublished":"2024-07-02T13:01:47+00:00","dateModified":"2024-12-12T14:03:50+00:00","description":"Kit Carinho para Cabelos Cacheados - Cuidado Especial e Encanto Natural. Cachinhos Felizes, Cuidado Carinhoso!","breadcrumb":{"@id":"https:\/\/probelle.com.br\/en\/produto\/linha-carinho-para-cabelos-cacheados\/#breadcrumb"},"inLanguage":"en-US","potentialAction":[{"@type":"ReadAction","target":["https:\/\/probelle.com.br\/en\/produto\/linha-carinho-para-cabelos-cacheados\/"]}]},{"@type":"ImageObject","inLanguage":"en-US","@id":"https:\/\/probelle.com.br\/en\/produto\/linha-carinho-para-cabelos-cacheados\/#primaryimage","url":"https:\/\/probelle.com.br\/wp-content\/uploads\/2024\/06\/Cacheado-1.png","contentUrl":"https:\/\/probelle.com.br\/wp-content\/uploads\/2024\/06\/Cacheado-1.png","width":1280,"height":1920,"caption":"Linha Carinho para Cabelos Cacheados"},{"@type":"BreadcrumbList","@id":"https:\/\/probelle.com.br\/en\/produto\/linha-carinho-para-cabelos-cacheados\/#breadcrumb","itemListElement":[{"@type":"ListItem","position":1,"name":"Home","item":"https:\/\/probelle.com.br\/en\/"},{"@type":"ListItem","position":2,"name":"Loja","item":"https:\/\/probelle.com.br\/loja\/"},{"@type":"ListItem","position":3,"name":"Linha Carinho para cabelos Cacheados"}]},{"@type":"WebSite","@id":"https:\/\/probelle.com.br\/en\/#website","url":"https:\/\/probelle.com.br\/en\/","name":"Probelle Cosm\u00e9ticos","description":"Todo mundo tem em casa.","publisher":{"@id":"https:\/\/probelle.com.br\/en\/#organization"},"potentialAction":[{"@type":"SearchAction","target":{"@type":"EntryPoint","urlTemplate":"https:\/\/probelle.com.br\/en\/?s={search_term_string}"},"query-input":{"@type":"PropertyValueSpecification","valueRequired":true,"valueName":"search_term_string"}}],"inLanguage":"en-US"},{"@type":"Organization","@id":"https:\/\/probelle.com.br\/en\/#organization","name":"Probelle Cosm\u00e9ticos","url":"https:\/\/probelle.com.br\/en\/","logo":{"@type":"ImageObject","inLanguage":"en-US","@id":"https:\/\/probelle.com.br\/en\/#\/schema\/logo\/image\/","url":"https:\/\/probelle.com.br\/wp-content\/uploads\/2022\/08\/Para-o-sitee.jpg","contentUrl":"https:\/\/probelle.com.br\/wp-content\/uploads\/2022\/08\/Para-o-sitee.jpg","width":1000,"height":750,"caption":"Probelle Cosm\u00e9ticos"},"image":{"@id":"https:\/\/probelle.com.br\/en\/#\/schema\/logo\/image\/"},"sameAs":["https:\/\/www.facebook.com\/probelle\/","https:\/\/www.instagram.com\/probellecosmeticos\/","https:\/\/www.youtube.com\/c\/ProbelleCosm\u00e9ticos\/","https:\/\/br.linkedin.com\/company\/probellecosmeticos","https:\/\/br.pinterest.com\/probellecosmeticos\/"]}]}},"_links":{"self":[{"href":"https:\/\/probelle.com.br\/en\/wp-json\/wp\/v2\/product\/26739","targetHints":{"allow":["GET"]}}],"collection":[{"href":"https:\/\/probelle.com.br\/en\/wp-json\/wp\/v2\/product"}],"about":[{"href":"https:\/\/probelle.com.br\/en\/wp-json\/wp\/v2\/types\/product"}],"wp:featuredmedia":[{"embeddable":true,"href":"https:\/\/probelle.com.br\/en\/wp-json\/wp\/v2\/media\/26395"}],"wp:attachment":[{"href":"https:\/\/probelle.com.br\/en\/wp-json\/wp\/v2\/media?parent=26739"}],"wp:term":[{"taxonomy":"product_brand","embeddable":true,"href":"https:\/\/probelle.com.br\/en\/wp-json\/wp\/v2\/product_brand?post=26739"},{"taxonomy":"product_cat","embeddable":true,"href":"https:\/\/probelle.com.br\/en\/wp-json\/wp\/v2\/product_cat?post=26739"},{"taxonomy":"product_tag","embeddable":true,"href":"https:\/\/probelle.com.br\/en\/wp-json\/wp\/v2\/product_tag?post=26739"}],"curies":[{"name":"wp","href":"https:\/\/api.w.org\/{rel}","templated":true}]}}