{"id":25792,"date":"2023-11-22T23:20:19","date_gmt":"2023-11-23T02:20:19","guid":{"rendered":"https:\/\/probelle.com.br\/?post_type=product&#038;p=25792"},"modified":"2023-11-22T23:32:41","modified_gmt":"2023-11-23T02:32:41","slug":"brazilian-protein","status":"publish","type":"product","link":"https:\/\/probelle.com.br\/en\/produto\/brazilian-protein\/","title":{"rendered":"Brazilian Protein"},"content":{"rendered":"<p>Brazilian Protein, nossa mais recente express\u00e3o de excel\u00eancia. Composto por tr\u00eas produtos distintos, esse conjunto vai muito al\u00e9m do mero alisamento, proporcionando uma experi\u00eancia completa de transforma\u00e7\u00e3o capilar.<\/p>\n","protected":false},"excerpt":{"rendered":"<p>Excel\u00eancia em alisamentos capilares.<\/p>\n","protected":false},"featured_media":25794,"template":"","meta":{"_joinchat":[]},"product_brand":[],"product_cat":[593,217],"product_tag":[],"class_list":{"0":"post-25792","1":"product","2":"type-product","3":"status-publish","4":"has-post-thumbnail","6":"product_cat-catalogo","7":"product_cat-progressivas","9":"first","10":"instock","11":"shipping-taxable","12":"product-type-simple"},"yoast_head":"<!-- This site is optimized with the Yoast SEO Premium plugin v23.5 (Yoast SEO v26.5) - https:\/\/yoast.com\/wordpress\/plugins\/seo\/ -->\n<title>Brazilian Protein: Excel\u00eancia em alisamentos capilares.<\/title>\n<meta name=\"description\" content=\"Descubra a revolu\u00e7\u00e3o em alisamentos capilares com a Brazilian Protein da Probelle Cosm\u00e9ticos. Nutri\u00e7\u00e3o intensiva e restaura\u00e7\u00e3o profunda em um conjunto de tr\u00eas produtos, indo al\u00e9m do simples alisamento.\" \/>\n<meta name=\"robots\" content=\"index, follow, max-snippet:-1, max-image-preview:large, max-video-preview:-1\" \/>\n<link rel=\"canonical\" href=\"https:\/\/probelle.com.br\/en\/produto\/brazilian-protein\/\" \/>\n<meta property=\"og:locale\" content=\"en_US\" \/>\n<meta property=\"og:type\" content=\"article\" \/>\n<meta property=\"og:title\" content=\"Brazilian Protein\" \/>\n<meta property=\"og:description\" content=\"Descubra a revolu\u00e7\u00e3o em alisamentos capilares com a Brazilian Protein da Probelle Cosm\u00e9ticos. Nutri\u00e7\u00e3o intensiva e restaura\u00e7\u00e3o profunda em um conjunto de tr\u00eas produtos, indo al\u00e9m do simples alisamento.\" \/>\n<meta property=\"og:url\" content=\"https:\/\/probelle.com.br\/en\/produto\/brazilian-protein\/\" \/>\n<meta property=\"og:site_name\" content=\"Probelle Cosm\u00e9ticos\" \/>\n<meta property=\"article:publisher\" content=\"https:\/\/www.facebook.com\/probelle\/\" \/>\n<meta property=\"article:modified_time\" content=\"2023-11-23T02:32:41+00:00\" \/>\n<meta property=\"og:image\" content=\"https:\/\/probelle.com.br\/wp-content\/uploads\/2023\/11\/Design-sem-nome-1.png\" \/>\n\t<meta property=\"og:image:width\" content=\"1024\" \/>\n\t<meta property=\"og:image:height\" content=\"1024\" \/>\n\t<meta property=\"og:image:type\" content=\"image\/png\" \/>\n<meta name=\"twitter:card\" content=\"summary_large_image\" \/>\n<meta name=\"twitter:label1\" content=\"Est. reading time\" \/>\n\t<meta name=\"twitter:data1\" content=\"1 minute\" \/>\n<script type=\"application\/ld+json\" class=\"yoast-schema-graph\">{\"@context\":\"https:\/\/schema.org\",\"@graph\":[{\"@type\":\"WebPage\",\"@id\":\"https:\/\/probelle.com.br\/en\/produto\/brazilian-protein\/\",\"url\":\"https:\/\/probelle.com.br\/en\/produto\/brazilian-protein\/\",\"name\":\"Brazilian Protein: Excel\u00eancia em alisamentos capilares.\",\"isPartOf\":{\"@id\":\"https:\/\/probelle.com.br\/en\/#website\"},\"primaryImageOfPage\":{\"@id\":\"https:\/\/probelle.com.br\/en\/produto\/brazilian-protein\/#primaryimage\"},\"image\":{\"@id\":\"https:\/\/probelle.com.br\/en\/produto\/brazilian-protein\/#primaryimage\"},\"thumbnailUrl\":\"https:\/\/probelle.com.br\/wp-content\/uploads\/2023\/11\/Design-sem-nome-1.png\",\"datePublished\":\"2023-11-23T02:20:19+00:00\",\"dateModified\":\"2023-11-23T02:32:41+00:00\",\"description\":\"Descubra a revolu\u00e7\u00e3o em alisamentos capilares com a Brazilian Protein da Probelle Cosm\u00e9ticos. Nutri\u00e7\u00e3o intensiva e restaura\u00e7\u00e3o profunda em um conjunto de tr\u00eas produtos, indo al\u00e9m do simples alisamento.\",\"breadcrumb\":{\"@id\":\"https:\/\/probelle.com.br\/en\/produto\/brazilian-protein\/#breadcrumb\"},\"inLanguage\":\"en-US\",\"potentialAction\":[{\"@type\":\"ReadAction\",\"target\":[\"https:\/\/probelle.com.br\/en\/produto\/brazilian-protein\/\"]}]},{\"@type\":\"ImageObject\",\"inLanguage\":\"en-US\",\"@id\":\"https:\/\/probelle.com.br\/en\/produto\/brazilian-protein\/#primaryimage\",\"url\":\"https:\/\/probelle.com.br\/wp-content\/uploads\/2023\/11\/Design-sem-nome-1.png\",\"contentUrl\":\"https:\/\/probelle.com.br\/wp-content\/uploads\/2023\/11\/Design-sem-nome-1.png\",\"width\":1024,\"height\":1024,\"caption\":\"Brazilian Protein\"},{\"@type\":\"BreadcrumbList\",\"@id\":\"https:\/\/probelle.com.br\/en\/produto\/brazilian-protein\/#breadcrumb\",\"itemListElement\":[{\"@type\":\"ListItem\",\"position\":1,\"name\":\"Home\",\"item\":\"https:\/\/probelle.com.br\/en\/\"},{\"@type\":\"ListItem\",\"position\":2,\"name\":\"Loja\",\"item\":\"https:\/\/probelle.com.br\/loja\/\"},{\"@type\":\"ListItem\",\"position\":3,\"name\":\"Brazilian Protein\"}]},{\"@type\":\"WebSite\",\"@id\":\"https:\/\/probelle.com.br\/en\/#website\",\"url\":\"https:\/\/probelle.com.br\/en\/\",\"name\":\"Probelle Cosm\u00e9ticos\",\"description\":\"Todo mundo tem em casa.\",\"publisher\":{\"@id\":\"https:\/\/probelle.com.br\/en\/#organization\"},\"potentialAction\":[{\"@type\":\"SearchAction\",\"target\":{\"@type\":\"EntryPoint\",\"urlTemplate\":\"https:\/\/probelle.com.br\/en\/?s={search_term_string}\"},\"query-input\":{\"@type\":\"PropertyValueSpecification\",\"valueRequired\":true,\"valueName\":\"search_term_string\"}}],\"inLanguage\":\"en-US\"},{\"@type\":\"Organization\",\"@id\":\"https:\/\/probelle.com.br\/en\/#organization\",\"name\":\"Probelle Cosm\u00e9ticos\",\"url\":\"https:\/\/probelle.com.br\/en\/\",\"logo\":{\"@type\":\"ImageObject\",\"inLanguage\":\"en-US\",\"@id\":\"https:\/\/probelle.com.br\/en\/#\/schema\/logo\/image\/\",\"url\":\"https:\/\/probelle.com.br\/wp-content\/uploads\/2022\/08\/Para-o-sitee.jpg\",\"contentUrl\":\"https:\/\/probelle.com.br\/wp-content\/uploads\/2022\/08\/Para-o-sitee.jpg\",\"width\":1000,\"height\":750,\"caption\":\"Probelle Cosm\u00e9ticos\"},\"image\":{\"@id\":\"https:\/\/probelle.com.br\/en\/#\/schema\/logo\/image\/\"},\"sameAs\":[\"https:\/\/www.facebook.com\/probelle\/\",\"https:\/\/www.instagram.com\/probellecosmeticos\/\",\"https:\/\/www.youtube.com\/c\/ProbelleCosm\u00e9ticos\/\",\"https:\/\/br.linkedin.com\/company\/probellecosmeticos\",\"https:\/\/br.pinterest.com\/probellecosmeticos\/\"]}]}<\/script>\n<!-- \/ Yoast SEO Premium plugin. -->","yoast_head_json":{"title":"Brazilian Protein: Excel\u00eancia em alisamentos capilares.","description":"Descubra a revolu\u00e7\u00e3o em alisamentos capilares com a Brazilian Protein da Probelle Cosm\u00e9ticos. Nutri\u00e7\u00e3o intensiva e restaura\u00e7\u00e3o profunda em um conjunto de tr\u00eas produtos, indo al\u00e9m do simples alisamento.","robots":{"index":"index","follow":"follow","max-snippet":"max-snippet:-1","max-image-preview":"max-image-preview:large","max-video-preview":"max-video-preview:-1"},"canonical":"https:\/\/probelle.com.br\/en\/produto\/brazilian-protein\/","og_locale":"en_US","og_type":"article","og_title":"Brazilian Protein","og_description":"Descubra a revolu\u00e7\u00e3o em alisamentos capilares com a Brazilian Protein da Probelle Cosm\u00e9ticos. Nutri\u00e7\u00e3o intensiva e restaura\u00e7\u00e3o profunda em um conjunto de tr\u00eas produtos, indo al\u00e9m do simples alisamento.","og_url":"https:\/\/probelle.com.br\/en\/produto\/brazilian-protein\/","og_site_name":"Probelle Cosm\u00e9ticos","article_publisher":"https:\/\/www.facebook.com\/probelle\/","article_modified_time":"2023-11-23T02:32:41+00:00","og_image":[{"width":1024,"height":1024,"url":"https:\/\/probelle.com.br\/wp-content\/uploads\/2023\/11\/Design-sem-nome-1.png","type":"image\/png"}],"twitter_card":"summary_large_image","twitter_misc":{"Est. reading time":"1 minute"},"schema":{"@context":"https:\/\/schema.org","@graph":[{"@type":"WebPage","@id":"https:\/\/probelle.com.br\/en\/produto\/brazilian-protein\/","url":"https:\/\/probelle.com.br\/en\/produto\/brazilian-protein\/","name":"Brazilian Protein: Excel\u00eancia em alisamentos capilares.","isPartOf":{"@id":"https:\/\/probelle.com.br\/en\/#website"},"primaryImageOfPage":{"@id":"https:\/\/probelle.com.br\/en\/produto\/brazilian-protein\/#primaryimage"},"image":{"@id":"https:\/\/probelle.com.br\/en\/produto\/brazilian-protein\/#primaryimage"},"thumbnailUrl":"https:\/\/probelle.com.br\/wp-content\/uploads\/2023\/11\/Design-sem-nome-1.png","datePublished":"2023-11-23T02:20:19+00:00","dateModified":"2023-11-23T02:32:41+00:00","description":"Descubra a revolu\u00e7\u00e3o em alisamentos capilares com a Brazilian Protein da Probelle Cosm\u00e9ticos. Nutri\u00e7\u00e3o intensiva e restaura\u00e7\u00e3o profunda em um conjunto de tr\u00eas produtos, indo al\u00e9m do simples alisamento.","breadcrumb":{"@id":"https:\/\/probelle.com.br\/en\/produto\/brazilian-protein\/#breadcrumb"},"inLanguage":"en-US","potentialAction":[{"@type":"ReadAction","target":["https:\/\/probelle.com.br\/en\/produto\/brazilian-protein\/"]}]},{"@type":"ImageObject","inLanguage":"en-US","@id":"https:\/\/probelle.com.br\/en\/produto\/brazilian-protein\/#primaryimage","url":"https:\/\/probelle.com.br\/wp-content\/uploads\/2023\/11\/Design-sem-nome-1.png","contentUrl":"https:\/\/probelle.com.br\/wp-content\/uploads\/2023\/11\/Design-sem-nome-1.png","width":1024,"height":1024,"caption":"Brazilian Protein"},{"@type":"BreadcrumbList","@id":"https:\/\/probelle.com.br\/en\/produto\/brazilian-protein\/#breadcrumb","itemListElement":[{"@type":"ListItem","position":1,"name":"Home","item":"https:\/\/probelle.com.br\/en\/"},{"@type":"ListItem","position":2,"name":"Loja","item":"https:\/\/probelle.com.br\/loja\/"},{"@type":"ListItem","position":3,"name":"Brazilian Protein"}]},{"@type":"WebSite","@id":"https:\/\/probelle.com.br\/en\/#website","url":"https:\/\/probelle.com.br\/en\/","name":"Probelle Cosm\u00e9ticos","description":"Todo mundo tem em casa.","publisher":{"@id":"https:\/\/probelle.com.br\/en\/#organization"},"potentialAction":[{"@type":"SearchAction","target":{"@type":"EntryPoint","urlTemplate":"https:\/\/probelle.com.br\/en\/?s={search_term_string}"},"query-input":{"@type":"PropertyValueSpecification","valueRequired":true,"valueName":"search_term_string"}}],"inLanguage":"en-US"},{"@type":"Organization","@id":"https:\/\/probelle.com.br\/en\/#organization","name":"Probelle Cosm\u00e9ticos","url":"https:\/\/probelle.com.br\/en\/","logo":{"@type":"ImageObject","inLanguage":"en-US","@id":"https:\/\/probelle.com.br\/en\/#\/schema\/logo\/image\/","url":"https:\/\/probelle.com.br\/wp-content\/uploads\/2022\/08\/Para-o-sitee.jpg","contentUrl":"https:\/\/probelle.com.br\/wp-content\/uploads\/2022\/08\/Para-o-sitee.jpg","width":1000,"height":750,"caption":"Probelle Cosm\u00e9ticos"},"image":{"@id":"https:\/\/probelle.com.br\/en\/#\/schema\/logo\/image\/"},"sameAs":["https:\/\/www.facebook.com\/probelle\/","https:\/\/www.instagram.com\/probellecosmeticos\/","https:\/\/www.youtube.com\/c\/ProbelleCosm\u00e9ticos\/","https:\/\/br.linkedin.com\/company\/probellecosmeticos","https:\/\/br.pinterest.com\/probellecosmeticos\/"]}]}},"_links":{"self":[{"href":"https:\/\/probelle.com.br\/en\/wp-json\/wp\/v2\/product\/25792","targetHints":{"allow":["GET"]}}],"collection":[{"href":"https:\/\/probelle.com.br\/en\/wp-json\/wp\/v2\/product"}],"about":[{"href":"https:\/\/probelle.com.br\/en\/wp-json\/wp\/v2\/types\/product"}],"wp:featuredmedia":[{"embeddable":true,"href":"https:\/\/probelle.com.br\/en\/wp-json\/wp\/v2\/media\/25794"}],"wp:attachment":[{"href":"https:\/\/probelle.com.br\/en\/wp-json\/wp\/v2\/media?parent=25792"}],"wp:term":[{"taxonomy":"product_brand","embeddable":true,"href":"https:\/\/probelle.com.br\/en\/wp-json\/wp\/v2\/product_brand?post=25792"},{"taxonomy":"product_cat","embeddable":true,"href":"https:\/\/probelle.com.br\/en\/wp-json\/wp\/v2\/product_cat?post=25792"},{"taxonomy":"product_tag","embeddable":true,"href":"https:\/\/probelle.com.br\/en\/wp-json\/wp\/v2\/product_tag?post=25792"}],"curies":[{"name":"wp","href":"https:\/\/api.w.org\/{rel}","templated":true}]}}