{"id":25424,"date":"2023-09-29T11:05:15","date_gmt":"2023-09-29T14:05:15","guid":{"rendered":"https:\/\/probelle.com.br\/?post_type=product&#038;p=25424"},"modified":"2025-02-13T11:01:06","modified_gmt":"2025-02-13T14:01:06","slug":"kit-shampoo-e-mascara-matizadora-marsala","status":"publish","type":"product","link":"https:\/\/probelle.com.br\/en\/produto\/kit-shampoo-e-mascara-matizadora-marsala\/","title":{"rendered":"Kit shampoo e m\u00e1scara matizadora marsala"},"content":{"rendered":"<p>O Kit Matizador Marsala \u00e9 a escolha perfeita para quem deseja manter seu cabelo marsala vibrante e com apar\u00eancia rec\u00e9m-tonalizada. Nosso Shampoo Matizador e M\u00e1scara Matizadora foram desenvolvidos para eliminar a oxida\u00e7\u00e3o e proteger a cor.<\/p>\n<p><strong>A\u00e7\u00e3o do Shampoo &#8211; Vibr\u00e2ncia e Prote\u00e7\u00e3o:<\/strong> Nosso shampoo matizador marsala \u00e9 de alto desempenho, com m\u00e1xima concentra\u00e7\u00e3o de corantes de terceira gera\u00e7\u00e3o.<\/p>\n<p><strong>Resultado do Shampoo:<\/strong> Cabelos com um tom vermelho sofisticado, brilhante, suavidade ao toque e prote\u00e7\u00e3o contra radicais livres.<\/p>\n<p><strong>A\u00e7\u00e3o da M\u00e1scara &#8211; Cor Intensa e Prote\u00e7\u00e3o Solar:<\/strong> Nossa m\u00e1scara matizadora marsala possui uma alta concentra\u00e7\u00e3o de corantes de m\u00e1xima tecnologia, proporcionando um efeito tridimensional.<\/p>\n<p><strong>Resultado da M\u00e1scara:<\/strong> Cabelos com um tom de vermelho vibrante e duradouro, al\u00e9m de prote\u00e7\u00e3o solar e a\u00e7\u00e3o antioxidante para manter a cor radiante por mais tempo. Diga adeus \u00e0 oxida\u00e7\u00e3o e ol\u00e1 ao marsala deslumbrante!<\/p>\n","protected":false},"excerpt":{"rendered":"<p>O Kit Matizador Marsala \u00e9 a escolha perfeita para quem deseja manter seu cabelo marsala vibrante e com apar\u00eancia rec\u00e9m-tonalizada. Nosso Shampoo Matizador e M\u00e1scara Matizadora foram desenvolvidos para eliminar a oxida\u00e7\u00e3o e proteger a cor.<\/p>\n","protected":false},"featured_media":25426,"template":"","meta":{"_joinchat":[]},"product_brand":[],"product_cat":[643],"product_tag":[594],"class_list":{"0":"post-25424","1":"product","2":"type-product","3":"status-publish","4":"has-post-thumbnail","6":"product_cat-kit","7":"product_tag-produtos-probelle","9":"first","10":"outofstock","11":"shipping-taxable","12":"purchasable","13":"product-type-simple"},"yoast_head":"<!-- This site is optimized with the Yoast SEO Premium plugin v23.5 (Yoast SEO v26.5) - https:\/\/yoast.com\/wordpress\/plugins\/seo\/ -->\n<title>Kit Matizador Marsala - Cor Vibrante e Duradoura<\/title>\n<meta name=\"description\" content=\"Preserve a vivacidade do seu cabelo marsala com o Kit Matizador Marsala. Elimine a oxida\u00e7\u00e3o e desfrute de um tom vermelho luxuoso e duradouro.\" \/>\n<meta name=\"robots\" content=\"index, follow, max-snippet:-1, max-image-preview:large, max-video-preview:-1\" \/>\n<link rel=\"canonical\" href=\"https:\/\/probelle.com.br\/en\/produto\/kit-shampoo-e-mascara-matizadora-marsala\/\" \/>\n<meta property=\"og:locale\" content=\"en_US\" \/>\n<meta property=\"og:type\" content=\"article\" \/>\n<meta property=\"og:title\" content=\"Kit shampoo e m\u00e1scara matizadora marsala\" \/>\n<meta property=\"og:description\" content=\"Preserve a vivacidade do seu cabelo marsala com o Kit Matizador Marsala. Elimine a oxida\u00e7\u00e3o e desfrute de um tom vermelho luxuoso e duradouro.\" \/>\n<meta property=\"og:url\" content=\"https:\/\/probelle.com.br\/en\/produto\/kit-shampoo-e-mascara-matizadora-marsala\/\" \/>\n<meta property=\"og:site_name\" content=\"Probelle Cosm\u00e9ticos\" \/>\n<meta property=\"article:publisher\" content=\"https:\/\/www.facebook.com\/probelle\/\" \/>\n<meta property=\"article:modified_time\" content=\"2025-02-13T14:01:06+00:00\" \/>\n<meta property=\"og:image\" content=\"https:\/\/probelle.com.br\/wp-content\/uploads\/2023\/09\/Matizador-Marsala.jpg\" \/>\n\t<meta property=\"og:image:width\" content=\"800\" \/>\n\t<meta property=\"og:image:height\" content=\"800\" \/>\n\t<meta property=\"og:image:type\" content=\"image\/jpeg\" \/>\n<meta name=\"twitter:card\" content=\"summary_large_image\" \/>\n<meta name=\"twitter:label1\" content=\"Est. reading time\" \/>\n\t<meta name=\"twitter:data1\" content=\"1 minute\" \/>\n<script type=\"application\/ld+json\" class=\"yoast-schema-graph\">{\"@context\":\"https:\/\/schema.org\",\"@graph\":[{\"@type\":\"WebPage\",\"@id\":\"https:\/\/probelle.com.br\/en\/produto\/kit-shampoo-e-mascara-matizadora-marsala\/\",\"url\":\"https:\/\/probelle.com.br\/en\/produto\/kit-shampoo-e-mascara-matizadora-marsala\/\",\"name\":\"Kit Matizador Marsala - Cor Vibrante e Duradoura\",\"isPartOf\":{\"@id\":\"https:\/\/probelle.com.br\/en\/#website\"},\"primaryImageOfPage\":{\"@id\":\"https:\/\/probelle.com.br\/en\/produto\/kit-shampoo-e-mascara-matizadora-marsala\/#primaryimage\"},\"image\":{\"@id\":\"https:\/\/probelle.com.br\/en\/produto\/kit-shampoo-e-mascara-matizadora-marsala\/#primaryimage\"},\"thumbnailUrl\":\"https:\/\/probelle.com.br\/wp-content\/uploads\/2023\/09\/Matizador-Marsala.jpg\",\"datePublished\":\"2023-09-29T14:05:15+00:00\",\"dateModified\":\"2025-02-13T14:01:06+00:00\",\"description\":\"Preserve a vivacidade do seu cabelo marsala com o Kit Matizador Marsala. Elimine a oxida\u00e7\u00e3o e desfrute de um tom vermelho luxuoso e duradouro.\",\"breadcrumb\":{\"@id\":\"https:\/\/probelle.com.br\/en\/produto\/kit-shampoo-e-mascara-matizadora-marsala\/#breadcrumb\"},\"inLanguage\":\"en-US\",\"potentialAction\":[{\"@type\":\"ReadAction\",\"target\":[\"https:\/\/probelle.com.br\/en\/produto\/kit-shampoo-e-mascara-matizadora-marsala\/\"]}]},{\"@type\":\"ImageObject\",\"inLanguage\":\"en-US\",\"@id\":\"https:\/\/probelle.com.br\/en\/produto\/kit-shampoo-e-mascara-matizadora-marsala\/#primaryimage\",\"url\":\"https:\/\/probelle.com.br\/wp-content\/uploads\/2023\/09\/Matizador-Marsala.jpg\",\"contentUrl\":\"https:\/\/probelle.com.br\/wp-content\/uploads\/2023\/09\/Matizador-Marsala.jpg\",\"width\":800,\"height\":800,\"caption\":\"Marsala\"},{\"@type\":\"BreadcrumbList\",\"@id\":\"https:\/\/probelle.com.br\/en\/produto\/kit-shampoo-e-mascara-matizadora-marsala\/#breadcrumb\",\"itemListElement\":[{\"@type\":\"ListItem\",\"position\":1,\"name\":\"Home\",\"item\":\"https:\/\/probelle.com.br\/en\/\"},{\"@type\":\"ListItem\",\"position\":2,\"name\":\"Loja\",\"item\":\"https:\/\/probelle.com.br\/loja\/\"},{\"@type\":\"ListItem\",\"position\":3,\"name\":\"Kit shampoo e m\u00e1scara matizadora marsala\"}]},{\"@type\":\"WebSite\",\"@id\":\"https:\/\/probelle.com.br\/en\/#website\",\"url\":\"https:\/\/probelle.com.br\/en\/\",\"name\":\"Probelle Cosm\u00e9ticos\",\"description\":\"Todo mundo tem em casa.\",\"publisher\":{\"@id\":\"https:\/\/probelle.com.br\/en\/#organization\"},\"potentialAction\":[{\"@type\":\"SearchAction\",\"target\":{\"@type\":\"EntryPoint\",\"urlTemplate\":\"https:\/\/probelle.com.br\/en\/?s={search_term_string}\"},\"query-input\":{\"@type\":\"PropertyValueSpecification\",\"valueRequired\":true,\"valueName\":\"search_term_string\"}}],\"inLanguage\":\"en-US\"},{\"@type\":\"Organization\",\"@id\":\"https:\/\/probelle.com.br\/en\/#organization\",\"name\":\"Probelle Cosm\u00e9ticos\",\"url\":\"https:\/\/probelle.com.br\/en\/\",\"logo\":{\"@type\":\"ImageObject\",\"inLanguage\":\"en-US\",\"@id\":\"https:\/\/probelle.com.br\/en\/#\/schema\/logo\/image\/\",\"url\":\"https:\/\/probelle.com.br\/wp-content\/uploads\/2022\/08\/Para-o-sitee.jpg\",\"contentUrl\":\"https:\/\/probelle.com.br\/wp-content\/uploads\/2022\/08\/Para-o-sitee.jpg\",\"width\":1000,\"height\":750,\"caption\":\"Probelle Cosm\u00e9ticos\"},\"image\":{\"@id\":\"https:\/\/probelle.com.br\/en\/#\/schema\/logo\/image\/\"},\"sameAs\":[\"https:\/\/www.facebook.com\/probelle\/\",\"https:\/\/www.instagram.com\/probellecosmeticos\/\",\"https:\/\/www.youtube.com\/c\/ProbelleCosm\u00e9ticos\/\",\"https:\/\/br.linkedin.com\/company\/probellecosmeticos\",\"https:\/\/br.pinterest.com\/probellecosmeticos\/\"]}]}<\/script>\n<!-- \/ Yoast SEO Premium plugin. -->","yoast_head_json":{"title":"Kit Matizador Marsala - Cor Vibrante e Duradoura","description":"Preserve a vivacidade do seu cabelo marsala com o Kit Matizador Marsala. Elimine a oxida\u00e7\u00e3o e desfrute de um tom vermelho luxuoso e duradouro.","robots":{"index":"index","follow":"follow","max-snippet":"max-snippet:-1","max-image-preview":"max-image-preview:large","max-video-preview":"max-video-preview:-1"},"canonical":"https:\/\/probelle.com.br\/en\/produto\/kit-shampoo-e-mascara-matizadora-marsala\/","og_locale":"en_US","og_type":"article","og_title":"Kit shampoo e m\u00e1scara matizadora marsala","og_description":"Preserve a vivacidade do seu cabelo marsala com o Kit Matizador Marsala. Elimine a oxida\u00e7\u00e3o e desfrute de um tom vermelho luxuoso e duradouro.","og_url":"https:\/\/probelle.com.br\/en\/produto\/kit-shampoo-e-mascara-matizadora-marsala\/","og_site_name":"Probelle Cosm\u00e9ticos","article_publisher":"https:\/\/www.facebook.com\/probelle\/","article_modified_time":"2025-02-13T14:01:06+00:00","og_image":[{"width":800,"height":800,"url":"https:\/\/probelle.com.br\/wp-content\/uploads\/2023\/09\/Matizador-Marsala.jpg","type":"image\/jpeg"}],"twitter_card":"summary_large_image","twitter_misc":{"Est. reading time":"1 minute"},"schema":{"@context":"https:\/\/schema.org","@graph":[{"@type":"WebPage","@id":"https:\/\/probelle.com.br\/en\/produto\/kit-shampoo-e-mascara-matizadora-marsala\/","url":"https:\/\/probelle.com.br\/en\/produto\/kit-shampoo-e-mascara-matizadora-marsala\/","name":"Kit Matizador Marsala - Cor Vibrante e Duradoura","isPartOf":{"@id":"https:\/\/probelle.com.br\/en\/#website"},"primaryImageOfPage":{"@id":"https:\/\/probelle.com.br\/en\/produto\/kit-shampoo-e-mascara-matizadora-marsala\/#primaryimage"},"image":{"@id":"https:\/\/probelle.com.br\/en\/produto\/kit-shampoo-e-mascara-matizadora-marsala\/#primaryimage"},"thumbnailUrl":"https:\/\/probelle.com.br\/wp-content\/uploads\/2023\/09\/Matizador-Marsala.jpg","datePublished":"2023-09-29T14:05:15+00:00","dateModified":"2025-02-13T14:01:06+00:00","description":"Preserve a vivacidade do seu cabelo marsala com o Kit Matizador Marsala. Elimine a oxida\u00e7\u00e3o e desfrute de um tom vermelho luxuoso e duradouro.","breadcrumb":{"@id":"https:\/\/probelle.com.br\/en\/produto\/kit-shampoo-e-mascara-matizadora-marsala\/#breadcrumb"},"inLanguage":"en-US","potentialAction":[{"@type":"ReadAction","target":["https:\/\/probelle.com.br\/en\/produto\/kit-shampoo-e-mascara-matizadora-marsala\/"]}]},{"@type":"ImageObject","inLanguage":"en-US","@id":"https:\/\/probelle.com.br\/en\/produto\/kit-shampoo-e-mascara-matizadora-marsala\/#primaryimage","url":"https:\/\/probelle.com.br\/wp-content\/uploads\/2023\/09\/Matizador-Marsala.jpg","contentUrl":"https:\/\/probelle.com.br\/wp-content\/uploads\/2023\/09\/Matizador-Marsala.jpg","width":800,"height":800,"caption":"Marsala"},{"@type":"BreadcrumbList","@id":"https:\/\/probelle.com.br\/en\/produto\/kit-shampoo-e-mascara-matizadora-marsala\/#breadcrumb","itemListElement":[{"@type":"ListItem","position":1,"name":"Home","item":"https:\/\/probelle.com.br\/en\/"},{"@type":"ListItem","position":2,"name":"Loja","item":"https:\/\/probelle.com.br\/loja\/"},{"@type":"ListItem","position":3,"name":"Kit shampoo e m\u00e1scara matizadora marsala"}]},{"@type":"WebSite","@id":"https:\/\/probelle.com.br\/en\/#website","url":"https:\/\/probelle.com.br\/en\/","name":"Probelle Cosm\u00e9ticos","description":"Todo mundo tem em casa.","publisher":{"@id":"https:\/\/probelle.com.br\/en\/#organization"},"potentialAction":[{"@type":"SearchAction","target":{"@type":"EntryPoint","urlTemplate":"https:\/\/probelle.com.br\/en\/?s={search_term_string}"},"query-input":{"@type":"PropertyValueSpecification","valueRequired":true,"valueName":"search_term_string"}}],"inLanguage":"en-US"},{"@type":"Organization","@id":"https:\/\/probelle.com.br\/en\/#organization","name":"Probelle Cosm\u00e9ticos","url":"https:\/\/probelle.com.br\/en\/","logo":{"@type":"ImageObject","inLanguage":"en-US","@id":"https:\/\/probelle.com.br\/en\/#\/schema\/logo\/image\/","url":"https:\/\/probelle.com.br\/wp-content\/uploads\/2022\/08\/Para-o-sitee.jpg","contentUrl":"https:\/\/probelle.com.br\/wp-content\/uploads\/2022\/08\/Para-o-sitee.jpg","width":1000,"height":750,"caption":"Probelle Cosm\u00e9ticos"},"image":{"@id":"https:\/\/probelle.com.br\/en\/#\/schema\/logo\/image\/"},"sameAs":["https:\/\/www.facebook.com\/probelle\/","https:\/\/www.instagram.com\/probellecosmeticos\/","https:\/\/www.youtube.com\/c\/ProbelleCosm\u00e9ticos\/","https:\/\/br.linkedin.com\/company\/probellecosmeticos","https:\/\/br.pinterest.com\/probellecosmeticos\/"]}]}},"_links":{"self":[{"href":"https:\/\/probelle.com.br\/en\/wp-json\/wp\/v2\/product\/25424","targetHints":{"allow":["GET"]}}],"collection":[{"href":"https:\/\/probelle.com.br\/en\/wp-json\/wp\/v2\/product"}],"about":[{"href":"https:\/\/probelle.com.br\/en\/wp-json\/wp\/v2\/types\/product"}],"wp:featuredmedia":[{"embeddable":true,"href":"https:\/\/probelle.com.br\/en\/wp-json\/wp\/v2\/media\/25426"}],"wp:attachment":[{"href":"https:\/\/probelle.com.br\/en\/wp-json\/wp\/v2\/media?parent=25424"}],"wp:term":[{"taxonomy":"product_brand","embeddable":true,"href":"https:\/\/probelle.com.br\/en\/wp-json\/wp\/v2\/product_brand?post=25424"},{"taxonomy":"product_cat","embeddable":true,"href":"https:\/\/probelle.com.br\/en\/wp-json\/wp\/v2\/product_cat?post=25424"},{"taxonomy":"product_tag","embeddable":true,"href":"https:\/\/probelle.com.br\/en\/wp-json\/wp\/v2\/product_tag?post=25424"}],"curies":[{"name":"wp","href":"https:\/\/api.w.org\/{rel}","templated":true}]}}