{"id":25419,"date":"2023-09-29T10:45:00","date_gmt":"2023-09-29T13:45:00","guid":{"rendered":"https:\/\/probelle.com.br\/?post_type=product&#038;p=25419"},"modified":"2025-03-11T10:52:37","modified_gmt":"2025-03-11T13:52:37","slug":"kit-shampoo-e-mascara-matizadora-silver","status":"publish","type":"product","link":"https:\/\/probelle.com.br\/en\/produto\/kit-shampoo-e-mascara-matizadora-silver\/","title":{"rendered":"Kit Shampoo e M\u00e1scara Matizadora SILVER"},"content":{"rendered":"<p><strong>Kit Shampoo + M\u00e1scara Matizadora Silver: Um Cabelo Loiro Perfeito<\/strong><\/p>\n<p>Se voc\u00ea \u00e9 uma apaixonada por cabelos loiros, com mechas ou grisalhos, sabe o quanto \u00e9 importante manter o tom e o brilho sempre impec\u00e1veis. Nosso Kit Shampoo + M\u00e1scara Matizadora Silver foi especialmente desenvolvido para atender \u00e0s necessidades dos cabelos platinados.<\/p>\n<p><strong>A\u00e7\u00e3o do Shampoo &#8211; Platinar e Proteger:<\/strong> Nosso shampoo \u00e9 um verdadeiro aliado na luta contra o amarelamento causado pela oxida\u00e7\u00e3o do sol e outros fatores ambientais. Al\u00e9m disso, rep\u00f5e os amino\u00e1cidos e prote\u00ednas perdidas devido a processos qu\u00edmicos e agress\u00f5es externas. Sua f\u00f3rmula dermocalmante limpa suavemente a fibra capilar e, gra\u00e7as ao efeito platinado, deixa seus cabelos loiros ainda mais deslumbrantes. N\u00e3o se preocupe com a exposi\u00e7\u00e3o ao sol, pois nosso shampoo possui um filtro solar de alta performance.<\/p>\n<p><strong>Resultado do Shampoo:<\/strong> Um cabelo limpo, suave e com aquele efeito platinado que todas amamos. Suas mechas e cabelos grisalhos ficar\u00e3o uniformes e brilhantes, livres do amarelamento indesejado.<\/p>\n<p><strong>A\u00e7\u00e3o da M\u00e1scara &#8211; Platinadora e Repositora:<\/strong> Nossa m\u00e1scara matizadora possui uma f\u00f3rmula sofisticada e uma textura surpreendente. Ela foi projetada para platinar, uniformizar e eliminar o efeito oxidado que pode afetar cabelos loiros. Al\u00e9m disso, age como uma verdadeira guarda-costas dos seus fios, combatendo os radicais livres e penetrando profundamente na fibra capilar para revelar um brilho espetacular e duradouro.<\/p>\n<p><strong>Resultado da M\u00e1scara:<\/strong> A f\u00f3rmula rica em amino\u00e1cidos, queratina e prote\u00ednas proporciona elasticidade, brilho excepcional e um rejuvenescimento surpreendente aos seus cabelos. Suas mechas ficar\u00e3o encapsuladas em um brilho platinado, e a a\u00e7\u00e3o antioxidante da m\u00e1scara manter\u00e1 seus cabelos loiros protegidos e radiantes.<\/p>\n<p>Com nosso Kit Shampoo + M\u00e1scara Matizadora Silver, voc\u00ea ter\u00e1 o poder de manter seus cabelos loiros, com mechas ou grisalhos, impec\u00e1veis e deslumbrantes. Diga adeus ao amarelamento e ol\u00e1 a um loiro perfeito!<\/p>\n","protected":false},"excerpt":{"rendered":"<p>O Kit Matizador Silver \u00e9 a solu\u00e7\u00e3o para quem busca cabelos loiros perfeitos, com mechas ou grisalhos. Nosso Shampoo Platina e nossa M\u00e1scara Matizadora foram desenvolvidos para eliminar o amarelamento indesejado e proteger seus fios.<\/p>\n","protected":false},"featured_media":25421,"template":"","meta":{"_joinchat":[]},"product_brand":[],"product_cat":[643,601,602],"product_tag":[594],"class_list":{"0":"post-25419","1":"product","2":"type-product","3":"status-publish","4":"has-post-thumbnail","6":"product_cat-kit","7":"product_cat-loiros","8":"product_cat-tratamento","9":"product_tag-produtos-probelle","11":"first","12":"outofstock","13":"shipping-taxable","14":"purchasable","15":"product-type-simple"},"yoast_head":"<!-- This site is optimized with the Yoast SEO Premium plugin v23.5 (Yoast SEO v26.5) - https:\/\/yoast.com\/wordpress\/plugins\/seo\/ -->\n<title>Kit Matizador Silver - Cabelos Loiros Perfeitos<\/title>\n<meta name=\"description\" content=\"Mantenha seus cabelos loiros, com mechas ou grisalhos impec\u00e1veis com o Kit Matizador Silver. Elimine o amarelamento e desfrute de um loiro perfeito!\" \/>\n<meta name=\"robots\" content=\"index, follow, max-snippet:-1, max-image-preview:large, max-video-preview:-1\" \/>\n<link rel=\"canonical\" href=\"https:\/\/probelle.com.br\/en\/produto\/kit-shampoo-e-mascara-matizadora-silver\/\" \/>\n<meta property=\"og:locale\" content=\"en_US\" \/>\n<meta property=\"og:type\" content=\"article\" \/>\n<meta property=\"og:title\" content=\"Kit Shampoo e M\u00e1scara Matizadora SILVER\" \/>\n<meta property=\"og:description\" content=\"Mantenha seus cabelos loiros, com mechas ou grisalhos impec\u00e1veis com o Kit Matizador Silver. Elimine o amarelamento e desfrute de um loiro perfeito!\" \/>\n<meta property=\"og:url\" content=\"https:\/\/probelle.com.br\/en\/produto\/kit-shampoo-e-mascara-matizadora-silver\/\" \/>\n<meta property=\"og:site_name\" content=\"Probelle Cosm\u00e9ticos\" \/>\n<meta property=\"article:publisher\" content=\"https:\/\/www.facebook.com\/probelle\/\" \/>\n<meta property=\"article:modified_time\" content=\"2025-03-11T13:52:37+00:00\" \/>\n<meta property=\"og:image\" content=\"https:\/\/probelle.com.br\/wp-content\/uploads\/2023\/09\/Matizador-Silver.jpg\" \/>\n\t<meta property=\"og:image:width\" content=\"800\" \/>\n\t<meta property=\"og:image:height\" content=\"800\" \/>\n\t<meta property=\"og:image:type\" content=\"image\/jpeg\" \/>\n<meta name=\"twitter:card\" content=\"summary_large_image\" \/>\n<meta name=\"twitter:label1\" content=\"Est. reading time\" \/>\n\t<meta name=\"twitter:data1\" content=\"2 minutes\" \/>\n<script type=\"application\/ld+json\" class=\"yoast-schema-graph\">{\"@context\":\"https:\/\/schema.org\",\"@graph\":[{\"@type\":\"WebPage\",\"@id\":\"https:\/\/probelle.com.br\/en\/produto\/kit-shampoo-e-mascara-matizadora-silver\/\",\"url\":\"https:\/\/probelle.com.br\/en\/produto\/kit-shampoo-e-mascara-matizadora-silver\/\",\"name\":\"Kit Matizador Silver - Cabelos Loiros Perfeitos\",\"isPartOf\":{\"@id\":\"https:\/\/probelle.com.br\/en\/#website\"},\"primaryImageOfPage\":{\"@id\":\"https:\/\/probelle.com.br\/en\/produto\/kit-shampoo-e-mascara-matizadora-silver\/#primaryimage\"},\"image\":{\"@id\":\"https:\/\/probelle.com.br\/en\/produto\/kit-shampoo-e-mascara-matizadora-silver\/#primaryimage\"},\"thumbnailUrl\":\"https:\/\/probelle.com.br\/wp-content\/uploads\/2023\/09\/Matizador-Silver.jpg\",\"datePublished\":\"2023-09-29T13:45:00+00:00\",\"dateModified\":\"2025-03-11T13:52:37+00:00\",\"description\":\"Mantenha seus cabelos loiros, com mechas ou grisalhos impec\u00e1veis com o Kit Matizador Silver. Elimine o amarelamento e desfrute de um loiro perfeito!\",\"breadcrumb\":{\"@id\":\"https:\/\/probelle.com.br\/en\/produto\/kit-shampoo-e-mascara-matizadora-silver\/#breadcrumb\"},\"inLanguage\":\"en-US\",\"potentialAction\":[{\"@type\":\"ReadAction\",\"target\":[\"https:\/\/probelle.com.br\/en\/produto\/kit-shampoo-e-mascara-matizadora-silver\/\"]}]},{\"@type\":\"ImageObject\",\"inLanguage\":\"en-US\",\"@id\":\"https:\/\/probelle.com.br\/en\/produto\/kit-shampoo-e-mascara-matizadora-silver\/#primaryimage\",\"url\":\"https:\/\/probelle.com.br\/wp-content\/uploads\/2023\/09\/Matizador-Silver.jpg\",\"contentUrl\":\"https:\/\/probelle.com.br\/wp-content\/uploads\/2023\/09\/Matizador-Silver.jpg\",\"width\":800,\"height\":800,\"caption\":\"Matizador Silver\"},{\"@type\":\"BreadcrumbList\",\"@id\":\"https:\/\/probelle.com.br\/en\/produto\/kit-shampoo-e-mascara-matizadora-silver\/#breadcrumb\",\"itemListElement\":[{\"@type\":\"ListItem\",\"position\":1,\"name\":\"Home\",\"item\":\"https:\/\/probelle.com.br\/en\/\"},{\"@type\":\"ListItem\",\"position\":2,\"name\":\"Loja\",\"item\":\"https:\/\/probelle.com.br\/loja\/\"},{\"@type\":\"ListItem\",\"position\":3,\"name\":\"Kit Shampoo e M\u00e1scara Matizadora SILVER\"}]},{\"@type\":\"WebSite\",\"@id\":\"https:\/\/probelle.com.br\/en\/#website\",\"url\":\"https:\/\/probelle.com.br\/en\/\",\"name\":\"Probelle Cosm\u00e9ticos\",\"description\":\"Todo mundo tem em casa.\",\"publisher\":{\"@id\":\"https:\/\/probelle.com.br\/en\/#organization\"},\"potentialAction\":[{\"@type\":\"SearchAction\",\"target\":{\"@type\":\"EntryPoint\",\"urlTemplate\":\"https:\/\/probelle.com.br\/en\/?s={search_term_string}\"},\"query-input\":{\"@type\":\"PropertyValueSpecification\",\"valueRequired\":true,\"valueName\":\"search_term_string\"}}],\"inLanguage\":\"en-US\"},{\"@type\":\"Organization\",\"@id\":\"https:\/\/probelle.com.br\/en\/#organization\",\"name\":\"Probelle Cosm\u00e9ticos\",\"url\":\"https:\/\/probelle.com.br\/en\/\",\"logo\":{\"@type\":\"ImageObject\",\"inLanguage\":\"en-US\",\"@id\":\"https:\/\/probelle.com.br\/en\/#\/schema\/logo\/image\/\",\"url\":\"https:\/\/probelle.com.br\/wp-content\/uploads\/2022\/08\/Para-o-sitee.jpg\",\"contentUrl\":\"https:\/\/probelle.com.br\/wp-content\/uploads\/2022\/08\/Para-o-sitee.jpg\",\"width\":1000,\"height\":750,\"caption\":\"Probelle Cosm\u00e9ticos\"},\"image\":{\"@id\":\"https:\/\/probelle.com.br\/en\/#\/schema\/logo\/image\/\"},\"sameAs\":[\"https:\/\/www.facebook.com\/probelle\/\",\"https:\/\/www.instagram.com\/probellecosmeticos\/\",\"https:\/\/www.youtube.com\/c\/ProbelleCosm\u00e9ticos\/\",\"https:\/\/br.linkedin.com\/company\/probellecosmeticos\",\"https:\/\/br.pinterest.com\/probellecosmeticos\/\"]}]}<\/script>\n<!-- \/ Yoast SEO Premium plugin. -->","yoast_head_json":{"title":"Kit Matizador Silver - Cabelos Loiros Perfeitos","description":"Mantenha seus cabelos loiros, com mechas ou grisalhos impec\u00e1veis com o Kit Matizador Silver. Elimine o amarelamento e desfrute de um loiro perfeito!","robots":{"index":"index","follow":"follow","max-snippet":"max-snippet:-1","max-image-preview":"max-image-preview:large","max-video-preview":"max-video-preview:-1"},"canonical":"https:\/\/probelle.com.br\/en\/produto\/kit-shampoo-e-mascara-matizadora-silver\/","og_locale":"en_US","og_type":"article","og_title":"Kit Shampoo e M\u00e1scara Matizadora SILVER","og_description":"Mantenha seus cabelos loiros, com mechas ou grisalhos impec\u00e1veis com o Kit Matizador Silver. Elimine o amarelamento e desfrute de um loiro perfeito!","og_url":"https:\/\/probelle.com.br\/en\/produto\/kit-shampoo-e-mascara-matizadora-silver\/","og_site_name":"Probelle Cosm\u00e9ticos","article_publisher":"https:\/\/www.facebook.com\/probelle\/","article_modified_time":"2025-03-11T13:52:37+00:00","og_image":[{"width":800,"height":800,"url":"https:\/\/probelle.com.br\/wp-content\/uploads\/2023\/09\/Matizador-Silver.jpg","type":"image\/jpeg"}],"twitter_card":"summary_large_image","twitter_misc":{"Est. reading time":"2 minutes"},"schema":{"@context":"https:\/\/schema.org","@graph":[{"@type":"WebPage","@id":"https:\/\/probelle.com.br\/en\/produto\/kit-shampoo-e-mascara-matizadora-silver\/","url":"https:\/\/probelle.com.br\/en\/produto\/kit-shampoo-e-mascara-matizadora-silver\/","name":"Kit Matizador Silver - Cabelos Loiros Perfeitos","isPartOf":{"@id":"https:\/\/probelle.com.br\/en\/#website"},"primaryImageOfPage":{"@id":"https:\/\/probelle.com.br\/en\/produto\/kit-shampoo-e-mascara-matizadora-silver\/#primaryimage"},"image":{"@id":"https:\/\/probelle.com.br\/en\/produto\/kit-shampoo-e-mascara-matizadora-silver\/#primaryimage"},"thumbnailUrl":"https:\/\/probelle.com.br\/wp-content\/uploads\/2023\/09\/Matizador-Silver.jpg","datePublished":"2023-09-29T13:45:00+00:00","dateModified":"2025-03-11T13:52:37+00:00","description":"Mantenha seus cabelos loiros, com mechas ou grisalhos impec\u00e1veis com o Kit Matizador Silver. Elimine o amarelamento e desfrute de um loiro perfeito!","breadcrumb":{"@id":"https:\/\/probelle.com.br\/en\/produto\/kit-shampoo-e-mascara-matizadora-silver\/#breadcrumb"},"inLanguage":"en-US","potentialAction":[{"@type":"ReadAction","target":["https:\/\/probelle.com.br\/en\/produto\/kit-shampoo-e-mascara-matizadora-silver\/"]}]},{"@type":"ImageObject","inLanguage":"en-US","@id":"https:\/\/probelle.com.br\/en\/produto\/kit-shampoo-e-mascara-matizadora-silver\/#primaryimage","url":"https:\/\/probelle.com.br\/wp-content\/uploads\/2023\/09\/Matizador-Silver.jpg","contentUrl":"https:\/\/probelle.com.br\/wp-content\/uploads\/2023\/09\/Matizador-Silver.jpg","width":800,"height":800,"caption":"Matizador Silver"},{"@type":"BreadcrumbList","@id":"https:\/\/probelle.com.br\/en\/produto\/kit-shampoo-e-mascara-matizadora-silver\/#breadcrumb","itemListElement":[{"@type":"ListItem","position":1,"name":"Home","item":"https:\/\/probelle.com.br\/en\/"},{"@type":"ListItem","position":2,"name":"Loja","item":"https:\/\/probelle.com.br\/loja\/"},{"@type":"ListItem","position":3,"name":"Kit Shampoo e M\u00e1scara Matizadora SILVER"}]},{"@type":"WebSite","@id":"https:\/\/probelle.com.br\/en\/#website","url":"https:\/\/probelle.com.br\/en\/","name":"Probelle Cosm\u00e9ticos","description":"Todo mundo tem em casa.","publisher":{"@id":"https:\/\/probelle.com.br\/en\/#organization"},"potentialAction":[{"@type":"SearchAction","target":{"@type":"EntryPoint","urlTemplate":"https:\/\/probelle.com.br\/en\/?s={search_term_string}"},"query-input":{"@type":"PropertyValueSpecification","valueRequired":true,"valueName":"search_term_string"}}],"inLanguage":"en-US"},{"@type":"Organization","@id":"https:\/\/probelle.com.br\/en\/#organization","name":"Probelle Cosm\u00e9ticos","url":"https:\/\/probelle.com.br\/en\/","logo":{"@type":"ImageObject","inLanguage":"en-US","@id":"https:\/\/probelle.com.br\/en\/#\/schema\/logo\/image\/","url":"https:\/\/probelle.com.br\/wp-content\/uploads\/2022\/08\/Para-o-sitee.jpg","contentUrl":"https:\/\/probelle.com.br\/wp-content\/uploads\/2022\/08\/Para-o-sitee.jpg","width":1000,"height":750,"caption":"Probelle Cosm\u00e9ticos"},"image":{"@id":"https:\/\/probelle.com.br\/en\/#\/schema\/logo\/image\/"},"sameAs":["https:\/\/www.facebook.com\/probelle\/","https:\/\/www.instagram.com\/probellecosmeticos\/","https:\/\/www.youtube.com\/c\/ProbelleCosm\u00e9ticos\/","https:\/\/br.linkedin.com\/company\/probellecosmeticos","https:\/\/br.pinterest.com\/probellecosmeticos\/"]}]}},"_links":{"self":[{"href":"https:\/\/probelle.com.br\/en\/wp-json\/wp\/v2\/product\/25419","targetHints":{"allow":["GET"]}}],"collection":[{"href":"https:\/\/probelle.com.br\/en\/wp-json\/wp\/v2\/product"}],"about":[{"href":"https:\/\/probelle.com.br\/en\/wp-json\/wp\/v2\/types\/product"}],"wp:featuredmedia":[{"embeddable":true,"href":"https:\/\/probelle.com.br\/en\/wp-json\/wp\/v2\/media\/25421"}],"wp:attachment":[{"href":"https:\/\/probelle.com.br\/en\/wp-json\/wp\/v2\/media?parent=25419"}],"wp:term":[{"taxonomy":"product_brand","embeddable":true,"href":"https:\/\/probelle.com.br\/en\/wp-json\/wp\/v2\/product_brand?post=25419"},{"taxonomy":"product_cat","embeddable":true,"href":"https:\/\/probelle.com.br\/en\/wp-json\/wp\/v2\/product_cat?post=25419"},{"taxonomy":"product_tag","embeddable":true,"href":"https:\/\/probelle.com.br\/en\/wp-json\/wp\/v2\/product_tag?post=25419"}],"curies":[{"name":"wp","href":"https:\/\/api.w.org\/{rel}","templated":true}]}}