{"id":25379,"date":"2023-09-28T13:59:26","date_gmt":"2023-09-28T16:59:26","guid":{"rendered":"https:\/\/probelle.com.br\/?post_type=product&#038;p=25379"},"modified":"2025-02-10T15:51:15","modified_gmt":"2025-02-10T18:51:15","slug":"super-bonita-cachos-ostentacao-kit-linha-completa","status":"publish","type":"product","link":"https:\/\/probelle.com.br\/en\/produto\/super-bonita-cachos-ostentacao-kit-linha-completa\/","title":{"rendered":"Super Bonita Cachos Ostenta\u00e7\u00e3o Kit Linha Completa"},"content":{"rendered":"<p>O pr\u00f3ximo kit \u00e9 o Super Bonita Cachos Ostenta\u00e7\u00e3o indicados para cabelos 2B, 2C, 3A, 3B e 3C. Os produtos s\u00e3o: shampoo, condicionador, creme de pentear, creme de tratamento e gelatina fixadora. A linha conta com f\u00f3rmula enriquecida com complexo de \u00d3leos e uma combina\u00e7\u00e3o intensa de extratos que tratam profundamente o seu cabelo fortalecendo a barreira de umidade do fio, combatem o ressecamento com a\u00e7\u00e3o energizante para que a hidrata\u00e7\u00e3o permane\u00e7a por mais tempo, garantindo assim um cabelo com movimento natural e m\u00e1ximo volume com sedosidade e nutri\u00e7\u00e3o.<br \/>\nO resultado s\u00e3o cachos com volume, brilho e movimento natural. Al\u00e9m disso, esses produtos adicionam um toque extra de brilho e real\u00e7am ainda mais a beleza dos seus cachos.<\/p>\n<p>Realce sua confian\u00e7a e estilo com o kit Super Bonita Cachos Ostenta\u00e7\u00e3o.<\/p>\n","protected":false},"excerpt":{"rendered":"<p>O Kit Super Bonita Cachos Ostenta\u00e7\u00e3o \u00e9 ideal para cabelos dos tipos 2B, 2C, 3A, 3B e 3C. Este conjunto completo inclui shampoo, condicionador, creme de pentear, creme de tratamento e gelatina fixadora. Sua f\u00f3rmula especial \u00e9 enriquecida com um complexo de \u00f3leos e extratos que fortalecem a barreira de umidade dos fios, combatem o ressecamento e mant\u00eam a hidrata\u00e7\u00e3o por mais tempo. Assim, voc\u00ea conquista cachos volumosos, brilhantes e cheios de movimento. D\u00ea aos seus cachos a ostenta\u00e7\u00e3o que eles merecem com este kit de cuidados capilares.<\/p>\n","protected":false},"featured_media":25381,"template":"","meta":{"_joinchat":[]},"product_brand":[],"product_cat":[643,311],"product_tag":[594],"class_list":{"0":"post-25379","1":"product","2":"type-product","3":"status-publish","4":"has-post-thumbnail","6":"product_cat-kit","7":"product_cat-super-bonita","8":"product_tag-produtos-probelle","10":"first","11":"outofstock","12":"shipping-taxable","13":"purchasable","14":"product-type-simple"},"yoast_head":"<!-- This site is optimized with the Yoast SEO Premium plugin v23.5 (Yoast SEO v26.5) - https:\/\/yoast.com\/wordpress\/plugins\/seo\/ -->\n<title>Kit Super Bonita Cachos Ostenta\u00e7\u00e3o - Cabelos 2B, 2C, 3A, 3B e 3C<\/title>\n<meta name=\"description\" content=\"Experimente a ostenta\u00e7\u00e3o dos seus cachos com o Kit Super Bonita Cachos Ostenta\u00e7\u00e3o. Desenvolvido para cabelos dos tipos 2B, 2C, 3A, 3B e 3C, este conjunto completo oferece tratamento profundo com f\u00f3rmula enriquecida com complexo de \u00f3leos e extratos que fortalecem, hidratam e nutrem, proporcionando volume, brilho e movimento natural aos seus cachos. Mime-se com a ostenta\u00e7\u00e3o que seus cachos merecem.\" \/>\n<meta name=\"robots\" content=\"index, follow, max-snippet:-1, max-image-preview:large, max-video-preview:-1\" \/>\n<link rel=\"canonical\" href=\"https:\/\/probelle.com.br\/en\/produto\/super-bonita-cachos-ostentacao-kit-linha-completa\/\" \/>\n<meta property=\"og:locale\" content=\"en_US\" \/>\n<meta property=\"og:type\" content=\"article\" \/>\n<meta property=\"og:title\" content=\"Super Bonita Cachos Ostenta\u00e7\u00e3o Kit Linha Completa\" \/>\n<meta property=\"og:description\" content=\"Experimente a ostenta\u00e7\u00e3o dos seus cachos com o Kit Super Bonita Cachos Ostenta\u00e7\u00e3o. Desenvolvido para cabelos dos tipos 2B, 2C, 3A, 3B e 3C, este conjunto completo oferece tratamento profundo com f\u00f3rmula enriquecida com complexo de \u00f3leos e extratos que fortalecem, hidratam e nutrem, proporcionando volume, brilho e movimento natural aos seus cachos. Mime-se com a ostenta\u00e7\u00e3o que seus cachos merecem.\" \/>\n<meta property=\"og:url\" content=\"https:\/\/probelle.com.br\/en\/produto\/super-bonita-cachos-ostentacao-kit-linha-completa\/\" \/>\n<meta property=\"og:site_name\" content=\"Probelle Cosm\u00e9ticos\" \/>\n<meta property=\"article:publisher\" content=\"https:\/\/www.facebook.com\/probelle\/\" \/>\n<meta property=\"article:modified_time\" content=\"2025-02-10T18:51:15+00:00\" \/>\n<meta property=\"og:image\" content=\"https:\/\/probelle.com.br\/wp-content\/uploads\/2023\/09\/Super-Bonita-Cachos-Ostentacao.jpg\" \/>\n\t<meta property=\"og:image:width\" content=\"800\" \/>\n\t<meta property=\"og:image:height\" content=\"800\" \/>\n\t<meta property=\"og:image:type\" content=\"image\/jpeg\" \/>\n<meta name=\"twitter:card\" content=\"summary_large_image\" \/>\n<meta name=\"twitter:label1\" content=\"Est. reading time\" \/>\n\t<meta name=\"twitter:data1\" content=\"1 minute\" \/>\n<script type=\"application\/ld+json\" class=\"yoast-schema-graph\">{\"@context\":\"https:\/\/schema.org\",\"@graph\":[{\"@type\":\"WebPage\",\"@id\":\"https:\/\/probelle.com.br\/en\/produto\/super-bonita-cachos-ostentacao-kit-linha-completa\/\",\"url\":\"https:\/\/probelle.com.br\/en\/produto\/super-bonita-cachos-ostentacao-kit-linha-completa\/\",\"name\":\"Kit Super Bonita Cachos Ostenta\u00e7\u00e3o - Cabelos 2B, 2C, 3A, 3B e 3C\",\"isPartOf\":{\"@id\":\"https:\/\/probelle.com.br\/en\/#website\"},\"primaryImageOfPage\":{\"@id\":\"https:\/\/probelle.com.br\/en\/produto\/super-bonita-cachos-ostentacao-kit-linha-completa\/#primaryimage\"},\"image\":{\"@id\":\"https:\/\/probelle.com.br\/en\/produto\/super-bonita-cachos-ostentacao-kit-linha-completa\/#primaryimage\"},\"thumbnailUrl\":\"https:\/\/probelle.com.br\/wp-content\/uploads\/2023\/09\/Super-Bonita-Cachos-Ostentacao.jpg\",\"datePublished\":\"2023-09-28T16:59:26+00:00\",\"dateModified\":\"2025-02-10T18:51:15+00:00\",\"description\":\"Experimente a ostenta\u00e7\u00e3o dos seus cachos com o Kit Super Bonita Cachos Ostenta\u00e7\u00e3o. Desenvolvido para cabelos dos tipos 2B, 2C, 3A, 3B e 3C, este conjunto completo oferece tratamento profundo com f\u00f3rmula enriquecida com complexo de \u00f3leos e extratos que fortalecem, hidratam e nutrem, proporcionando volume, brilho e movimento natural aos seus cachos. Mime-se com a ostenta\u00e7\u00e3o que seus cachos merecem.\",\"breadcrumb\":{\"@id\":\"https:\/\/probelle.com.br\/en\/produto\/super-bonita-cachos-ostentacao-kit-linha-completa\/#breadcrumb\"},\"inLanguage\":\"en-US\",\"potentialAction\":[{\"@type\":\"ReadAction\",\"target\":[\"https:\/\/probelle.com.br\/en\/produto\/super-bonita-cachos-ostentacao-kit-linha-completa\/\"]}]},{\"@type\":\"ImageObject\",\"inLanguage\":\"en-US\",\"@id\":\"https:\/\/probelle.com.br\/en\/produto\/super-bonita-cachos-ostentacao-kit-linha-completa\/#primaryimage\",\"url\":\"https:\/\/probelle.com.br\/wp-content\/uploads\/2023\/09\/Super-Bonita-Cachos-Ostentacao.jpg\",\"contentUrl\":\"https:\/\/probelle.com.br\/wp-content\/uploads\/2023\/09\/Super-Bonita-Cachos-Ostentacao.jpg\",\"width\":800,\"height\":800,\"caption\":\"Super Bonita Cachos Ostenta\u00e7\u00e3o\"},{\"@type\":\"BreadcrumbList\",\"@id\":\"https:\/\/probelle.com.br\/en\/produto\/super-bonita-cachos-ostentacao-kit-linha-completa\/#breadcrumb\",\"itemListElement\":[{\"@type\":\"ListItem\",\"position\":1,\"name\":\"Home\",\"item\":\"https:\/\/probelle.com.br\/en\/\"},{\"@type\":\"ListItem\",\"position\":2,\"name\":\"Loja\",\"item\":\"https:\/\/probelle.com.br\/loja\/\"},{\"@type\":\"ListItem\",\"position\":3,\"name\":\"Super Bonita Cachos Ostenta\u00e7\u00e3o Kit Linha Completa\"}]},{\"@type\":\"WebSite\",\"@id\":\"https:\/\/probelle.com.br\/en\/#website\",\"url\":\"https:\/\/probelle.com.br\/en\/\",\"name\":\"Probelle Cosm\u00e9ticos\",\"description\":\"Todo mundo tem em casa.\",\"publisher\":{\"@id\":\"https:\/\/probelle.com.br\/en\/#organization\"},\"potentialAction\":[{\"@type\":\"SearchAction\",\"target\":{\"@type\":\"EntryPoint\",\"urlTemplate\":\"https:\/\/probelle.com.br\/en\/?s={search_term_string}\"},\"query-input\":{\"@type\":\"PropertyValueSpecification\",\"valueRequired\":true,\"valueName\":\"search_term_string\"}}],\"inLanguage\":\"en-US\"},{\"@type\":\"Organization\",\"@id\":\"https:\/\/probelle.com.br\/en\/#organization\",\"name\":\"Probelle Cosm\u00e9ticos\",\"url\":\"https:\/\/probelle.com.br\/en\/\",\"logo\":{\"@type\":\"ImageObject\",\"inLanguage\":\"en-US\",\"@id\":\"https:\/\/probelle.com.br\/en\/#\/schema\/logo\/image\/\",\"url\":\"https:\/\/probelle.com.br\/wp-content\/uploads\/2022\/08\/Para-o-sitee.jpg\",\"contentUrl\":\"https:\/\/probelle.com.br\/wp-content\/uploads\/2022\/08\/Para-o-sitee.jpg\",\"width\":1000,\"height\":750,\"caption\":\"Probelle Cosm\u00e9ticos\"},\"image\":{\"@id\":\"https:\/\/probelle.com.br\/en\/#\/schema\/logo\/image\/\"},\"sameAs\":[\"https:\/\/www.facebook.com\/probelle\/\",\"https:\/\/www.instagram.com\/probellecosmeticos\/\",\"https:\/\/www.youtube.com\/c\/ProbelleCosm\u00e9ticos\/\",\"https:\/\/br.linkedin.com\/company\/probellecosmeticos\",\"https:\/\/br.pinterest.com\/probellecosmeticos\/\"]}]}<\/script>\n<!-- \/ Yoast SEO Premium plugin. -->","yoast_head_json":{"title":"Kit Super Bonita Cachos Ostenta\u00e7\u00e3o - Cabelos 2B, 2C, 3A, 3B e 3C","description":"Experimente a ostenta\u00e7\u00e3o dos seus cachos com o Kit Super Bonita Cachos Ostenta\u00e7\u00e3o. Desenvolvido para cabelos dos tipos 2B, 2C, 3A, 3B e 3C, este conjunto completo oferece tratamento profundo com f\u00f3rmula enriquecida com complexo de \u00f3leos e extratos que fortalecem, hidratam e nutrem, proporcionando volume, brilho e movimento natural aos seus cachos. Mime-se com a ostenta\u00e7\u00e3o que seus cachos merecem.","robots":{"index":"index","follow":"follow","max-snippet":"max-snippet:-1","max-image-preview":"max-image-preview:large","max-video-preview":"max-video-preview:-1"},"canonical":"https:\/\/probelle.com.br\/en\/produto\/super-bonita-cachos-ostentacao-kit-linha-completa\/","og_locale":"en_US","og_type":"article","og_title":"Super Bonita Cachos Ostenta\u00e7\u00e3o Kit Linha Completa","og_description":"Experimente a ostenta\u00e7\u00e3o dos seus cachos com o Kit Super Bonita Cachos Ostenta\u00e7\u00e3o. Desenvolvido para cabelos dos tipos 2B, 2C, 3A, 3B e 3C, este conjunto completo oferece tratamento profundo com f\u00f3rmula enriquecida com complexo de \u00f3leos e extratos que fortalecem, hidratam e nutrem, proporcionando volume, brilho e movimento natural aos seus cachos. Mime-se com a ostenta\u00e7\u00e3o que seus cachos merecem.","og_url":"https:\/\/probelle.com.br\/en\/produto\/super-bonita-cachos-ostentacao-kit-linha-completa\/","og_site_name":"Probelle Cosm\u00e9ticos","article_publisher":"https:\/\/www.facebook.com\/probelle\/","article_modified_time":"2025-02-10T18:51:15+00:00","og_image":[{"width":800,"height":800,"url":"https:\/\/probelle.com.br\/wp-content\/uploads\/2023\/09\/Super-Bonita-Cachos-Ostentacao.jpg","type":"image\/jpeg"}],"twitter_card":"summary_large_image","twitter_misc":{"Est. reading time":"1 minute"},"schema":{"@context":"https:\/\/schema.org","@graph":[{"@type":"WebPage","@id":"https:\/\/probelle.com.br\/en\/produto\/super-bonita-cachos-ostentacao-kit-linha-completa\/","url":"https:\/\/probelle.com.br\/en\/produto\/super-bonita-cachos-ostentacao-kit-linha-completa\/","name":"Kit Super Bonita Cachos Ostenta\u00e7\u00e3o - Cabelos 2B, 2C, 3A, 3B e 3C","isPartOf":{"@id":"https:\/\/probelle.com.br\/en\/#website"},"primaryImageOfPage":{"@id":"https:\/\/probelle.com.br\/en\/produto\/super-bonita-cachos-ostentacao-kit-linha-completa\/#primaryimage"},"image":{"@id":"https:\/\/probelle.com.br\/en\/produto\/super-bonita-cachos-ostentacao-kit-linha-completa\/#primaryimage"},"thumbnailUrl":"https:\/\/probelle.com.br\/wp-content\/uploads\/2023\/09\/Super-Bonita-Cachos-Ostentacao.jpg","datePublished":"2023-09-28T16:59:26+00:00","dateModified":"2025-02-10T18:51:15+00:00","description":"Experimente a ostenta\u00e7\u00e3o dos seus cachos com o Kit Super Bonita Cachos Ostenta\u00e7\u00e3o. Desenvolvido para cabelos dos tipos 2B, 2C, 3A, 3B e 3C, este conjunto completo oferece tratamento profundo com f\u00f3rmula enriquecida com complexo de \u00f3leos e extratos que fortalecem, hidratam e nutrem, proporcionando volume, brilho e movimento natural aos seus cachos. Mime-se com a ostenta\u00e7\u00e3o que seus cachos merecem.","breadcrumb":{"@id":"https:\/\/probelle.com.br\/en\/produto\/super-bonita-cachos-ostentacao-kit-linha-completa\/#breadcrumb"},"inLanguage":"en-US","potentialAction":[{"@type":"ReadAction","target":["https:\/\/probelle.com.br\/en\/produto\/super-bonita-cachos-ostentacao-kit-linha-completa\/"]}]},{"@type":"ImageObject","inLanguage":"en-US","@id":"https:\/\/probelle.com.br\/en\/produto\/super-bonita-cachos-ostentacao-kit-linha-completa\/#primaryimage","url":"https:\/\/probelle.com.br\/wp-content\/uploads\/2023\/09\/Super-Bonita-Cachos-Ostentacao.jpg","contentUrl":"https:\/\/probelle.com.br\/wp-content\/uploads\/2023\/09\/Super-Bonita-Cachos-Ostentacao.jpg","width":800,"height":800,"caption":"Super Bonita Cachos Ostenta\u00e7\u00e3o"},{"@type":"BreadcrumbList","@id":"https:\/\/probelle.com.br\/en\/produto\/super-bonita-cachos-ostentacao-kit-linha-completa\/#breadcrumb","itemListElement":[{"@type":"ListItem","position":1,"name":"Home","item":"https:\/\/probelle.com.br\/en\/"},{"@type":"ListItem","position":2,"name":"Loja","item":"https:\/\/probelle.com.br\/loja\/"},{"@type":"ListItem","position":3,"name":"Super Bonita Cachos Ostenta\u00e7\u00e3o Kit Linha Completa"}]},{"@type":"WebSite","@id":"https:\/\/probelle.com.br\/en\/#website","url":"https:\/\/probelle.com.br\/en\/","name":"Probelle Cosm\u00e9ticos","description":"Todo mundo tem em casa.","publisher":{"@id":"https:\/\/probelle.com.br\/en\/#organization"},"potentialAction":[{"@type":"SearchAction","target":{"@type":"EntryPoint","urlTemplate":"https:\/\/probelle.com.br\/en\/?s={search_term_string}"},"query-input":{"@type":"PropertyValueSpecification","valueRequired":true,"valueName":"search_term_string"}}],"inLanguage":"en-US"},{"@type":"Organization","@id":"https:\/\/probelle.com.br\/en\/#organization","name":"Probelle Cosm\u00e9ticos","url":"https:\/\/probelle.com.br\/en\/","logo":{"@type":"ImageObject","inLanguage":"en-US","@id":"https:\/\/probelle.com.br\/en\/#\/schema\/logo\/image\/","url":"https:\/\/probelle.com.br\/wp-content\/uploads\/2022\/08\/Para-o-sitee.jpg","contentUrl":"https:\/\/probelle.com.br\/wp-content\/uploads\/2022\/08\/Para-o-sitee.jpg","width":1000,"height":750,"caption":"Probelle Cosm\u00e9ticos"},"image":{"@id":"https:\/\/probelle.com.br\/en\/#\/schema\/logo\/image\/"},"sameAs":["https:\/\/www.facebook.com\/probelle\/","https:\/\/www.instagram.com\/probellecosmeticos\/","https:\/\/www.youtube.com\/c\/ProbelleCosm\u00e9ticos\/","https:\/\/br.linkedin.com\/company\/probellecosmeticos","https:\/\/br.pinterest.com\/probellecosmeticos\/"]}]}},"_links":{"self":[{"href":"https:\/\/probelle.com.br\/en\/wp-json\/wp\/v2\/product\/25379","targetHints":{"allow":["GET"]}}],"collection":[{"href":"https:\/\/probelle.com.br\/en\/wp-json\/wp\/v2\/product"}],"about":[{"href":"https:\/\/probelle.com.br\/en\/wp-json\/wp\/v2\/types\/product"}],"wp:featuredmedia":[{"embeddable":true,"href":"https:\/\/probelle.com.br\/en\/wp-json\/wp\/v2\/media\/25381"}],"wp:attachment":[{"href":"https:\/\/probelle.com.br\/en\/wp-json\/wp\/v2\/media?parent=25379"}],"wp:term":[{"taxonomy":"product_brand","embeddable":true,"href":"https:\/\/probelle.com.br\/en\/wp-json\/wp\/v2\/product_brand?post=25379"},{"taxonomy":"product_cat","embeddable":true,"href":"https:\/\/probelle.com.br\/en\/wp-json\/wp\/v2\/product_cat?post=25379"},{"taxonomy":"product_tag","embeddable":true,"href":"https:\/\/probelle.com.br\/en\/wp-json\/wp\/v2\/product_tag?post=25379"}],"curies":[{"name":"wp","href":"https:\/\/api.w.org\/{rel}","templated":true}]}}