{"id":25338,"date":"2023-09-28T08:45:14","date_gmt":"2023-09-28T11:45:14","guid":{"rendered":"https:\/\/probelle.com.br\/?post_type=product&#038;p=25338"},"modified":"2024-12-10T10:48:02","modified_gmt":"2024-12-10T13:48:02","slug":"age-ultra-kit-linha-completa","status":"publish","type":"product","link":"https:\/\/probelle.com.br\/en\/produto\/age-ultra-kit-linha-completa\/","title":{"rendered":"Age Ultra Kit Linha Completa"},"content":{"rendered":"<p><strong>Kit Age Ultra:<\/strong> Este conjunto \u00e9 a solu\u00e7\u00e3o perfeita para cabelos enfraquecidos e que sofreram perda de mat\u00e9ria ao longo do tempo. Composto por shampoo, condicionador e m\u00e1scara, este kit foi cuidadosamente desenvolvido para revitalizar seus fios.<\/p>\n<ul>\n<li><strong>Shampoo Age Ultra:<\/strong> Este shampoo limpa suavemente os cabelos, proporcionando elasticidade e vitalidade. Sua f\u00f3rmula \u00e9 projetada para repor o cimento celular perdido devido \u00e0 a\u00e7\u00e3o do tempo, agress\u00f5es qu\u00edmicas ou escova\u00e7\u00e3o, enquanto restaura o brilho e a textura dos fios.<\/li>\n<li><strong>Condicionador Age Ultra:<\/strong> O condicionador \u00e9 formulado especialmente para devolver elasticidade, densifica\u00e7\u00e3o e movimento natural ao seu cabelo. Al\u00e9m disso, possui efeito dermocalmante para um cuidado completo.<\/li>\n<li><strong>M\u00e1scara Age Ultra:<\/strong> A m\u00e1scara desta linha possui uma textura surpreendente, entre o gel e o creme, o que facilita sua penetra\u00e7\u00e3o profunda na fibra capilar, sem deix\u00e1-la pesada. Esta m\u00e1scara age em profundidade, revitalizando seus fios e restaurando sua vitalidade.<\/li>\n<\/ul>\n<p>Deixe seu cabelo com um aspecto mais saud\u00e1vel, revitalizado e cheio de vida com o kit Age Ultra. Restaure a beleza natural dos seus fios e recupere a confian\u00e7a no seu cabelo.<\/p>\n","protected":false},"excerpt":{"rendered":"<p>O Kit Age Ultra \u00e9 a solu\u00e7\u00e3o perfeita para cabelos enfraquecidos e desgastados pelo tempo e processos qu\u00edmicos. Este conjunto inclui shampoo, condicionador e m\u00e1scara, que trabalham juntos para revitalizar seus fios. O shampoo suave limpa e restaura a elasticidade e o brilho, enquanto o condicionador proporciona densidade e movimento natural aos cabelos. A m\u00e1scara, com sua textura \u00fanica, penetra profundamente na fibra capilar, sem sobrecarreg\u00e1-la, proporcionando uma restaura\u00e7\u00e3o completa. Tenha cabelos mais fortes, saud\u00e1veis e cheios de vida com o Kit Age Ultra.<\/p>\n","protected":false},"featured_media":29943,"template":"","meta":{"_joinchat":[]},"product_brand":[],"product_cat":[293,602],"product_tag":[594],"class_list":{"0":"post-25338","1":"product","2":"type-product","3":"status-publish","4":"has-post-thumbnail","6":"product_cat-age-ultra","7":"product_cat-tratamento","8":"product_tag-produtos-probelle","10":"first","11":"outofstock","12":"sale","13":"shipping-taxable","14":"purchasable","15":"product-type-simple"},"yoast_head":"<!-- This site is optimized with the Yoast SEO Premium plugin v23.5 (Yoast SEO v26.5) - https:\/\/yoast.com\/wordpress\/plugins\/seo\/ -->\n<title>Kit Age Ultra: Restaure a Vitalidade dos Seus Cabelos Danificados<\/title>\n<meta name=\"description\" content=\"Obtenha cabelos revitalizados e cheios de vida com o Kit Age Ultra. Este conjunto completo inclui shampoo, condicionador e m\u00e1scara, formulados para restaurar a vitalidade dos cabelos enfraquecidos e danificados pelo tempo e agress\u00f5es qu\u00edmicas. O shampoo limpa suavemente, devolvendo elasticidade e brilho, enquanto o condicionador proporciona densidade e movimento natural. A m\u00e1scara, com sua textura surpreendente, penetra profundamente na fibra capilar, sem pesar, para uma restaura\u00e7\u00e3o completa. Sinta seus cabelos mais fortes e saud\u00e1veis com o Kit Age Ultra.\" \/>\n<meta name=\"robots\" content=\"index, follow, max-snippet:-1, max-image-preview:large, max-video-preview:-1\" \/>\n<link rel=\"canonical\" href=\"https:\/\/probelle.com.br\/en\/produto\/age-ultra-kit-linha-completa\/\" \/>\n<meta property=\"og:locale\" content=\"en_US\" \/>\n<meta property=\"og:type\" content=\"article\" \/>\n<meta property=\"og:title\" content=\"Age Ultra Kit Linha Completa\" \/>\n<meta property=\"og:description\" content=\"Obtenha cabelos revitalizados e cheios de vida com o Kit Age Ultra. Este conjunto completo inclui shampoo, condicionador e m\u00e1scara, formulados para restaurar a vitalidade dos cabelos enfraquecidos e danificados pelo tempo e agress\u00f5es qu\u00edmicas. O shampoo limpa suavemente, devolvendo elasticidade e brilho, enquanto o condicionador proporciona densidade e movimento natural. A m\u00e1scara, com sua textura surpreendente, penetra profundamente na fibra capilar, sem pesar, para uma restaura\u00e7\u00e3o completa. Sinta seus cabelos mais fortes e saud\u00e1veis com o Kit Age Ultra.\" \/>\n<meta property=\"og:url\" content=\"https:\/\/probelle.com.br\/en\/produto\/age-ultra-kit-linha-completa\/\" \/>\n<meta property=\"og:site_name\" content=\"Probelle Cosm\u00e9ticos\" \/>\n<meta property=\"article:publisher\" content=\"https:\/\/www.facebook.com\/probelle\/\" \/>\n<meta property=\"article:modified_time\" content=\"2024-12-10T13:48:02+00:00\" \/>\n<meta property=\"og:image\" content=\"https:\/\/probelle.com.br\/wp-content\/uploads\/2023\/04\/Age-ultra.webp\" \/>\n\t<meta property=\"og:image:width\" content=\"400\" \/>\n\t<meta property=\"og:image:height\" content=\"400\" \/>\n\t<meta property=\"og:image:type\" content=\"image\/webp\" \/>\n<meta name=\"twitter:card\" content=\"summary_large_image\" \/>\n<meta name=\"twitter:label1\" content=\"Est. reading time\" \/>\n\t<meta name=\"twitter:data1\" content=\"2 minutes\" \/>\n<script type=\"application\/ld+json\" class=\"yoast-schema-graph\">{\"@context\":\"https:\/\/schema.org\",\"@graph\":[{\"@type\":\"WebPage\",\"@id\":\"https:\/\/probelle.com.br\/en\/produto\/age-ultra-kit-linha-completa\/\",\"url\":\"https:\/\/probelle.com.br\/en\/produto\/age-ultra-kit-linha-completa\/\",\"name\":\"Kit Age Ultra: Restaure a Vitalidade dos Seus Cabelos Danificados\",\"isPartOf\":{\"@id\":\"https:\/\/probelle.com.br\/en\/#website\"},\"primaryImageOfPage\":{\"@id\":\"https:\/\/probelle.com.br\/en\/produto\/age-ultra-kit-linha-completa\/#primaryimage\"},\"image\":{\"@id\":\"https:\/\/probelle.com.br\/en\/produto\/age-ultra-kit-linha-completa\/#primaryimage\"},\"thumbnailUrl\":\"https:\/\/probelle.com.br\/wp-content\/uploads\/2023\/04\/Age-ultra.webp\",\"datePublished\":\"2023-09-28T11:45:14+00:00\",\"dateModified\":\"2024-12-10T13:48:02+00:00\",\"description\":\"Obtenha cabelos revitalizados e cheios de vida com o Kit Age Ultra. Este conjunto completo inclui shampoo, condicionador e m\u00e1scara, formulados para restaurar a vitalidade dos cabelos enfraquecidos e danificados pelo tempo e agress\u00f5es qu\u00edmicas. O shampoo limpa suavemente, devolvendo elasticidade e brilho, enquanto o condicionador proporciona densidade e movimento natural. A m\u00e1scara, com sua textura surpreendente, penetra profundamente na fibra capilar, sem pesar, para uma restaura\u00e7\u00e3o completa. Sinta seus cabelos mais fortes e saud\u00e1veis com o Kit Age Ultra.\",\"breadcrumb\":{\"@id\":\"https:\/\/probelle.com.br\/en\/produto\/age-ultra-kit-linha-completa\/#breadcrumb\"},\"inLanguage\":\"en-US\",\"potentialAction\":[{\"@type\":\"ReadAction\",\"target\":[\"https:\/\/probelle.com.br\/en\/produto\/age-ultra-kit-linha-completa\/\"]}]},{\"@type\":\"ImageObject\",\"inLanguage\":\"en-US\",\"@id\":\"https:\/\/probelle.com.br\/en\/produto\/age-ultra-kit-linha-completa\/#primaryimage\",\"url\":\"https:\/\/probelle.com.br\/wp-content\/uploads\/2023\/04\/Age-ultra.webp\",\"contentUrl\":\"https:\/\/probelle.com.br\/wp-content\/uploads\/2023\/04\/Age-ultra.webp\",\"width\":400,\"height\":400},{\"@type\":\"BreadcrumbList\",\"@id\":\"https:\/\/probelle.com.br\/en\/produto\/age-ultra-kit-linha-completa\/#breadcrumb\",\"itemListElement\":[{\"@type\":\"ListItem\",\"position\":1,\"name\":\"Home\",\"item\":\"https:\/\/probelle.com.br\/en\/\"},{\"@type\":\"ListItem\",\"position\":2,\"name\":\"Loja\",\"item\":\"https:\/\/probelle.com.br\/loja\/\"},{\"@type\":\"ListItem\",\"position\":3,\"name\":\"Age Ultra Kit Linha Completa\"}]},{\"@type\":\"WebSite\",\"@id\":\"https:\/\/probelle.com.br\/en\/#website\",\"url\":\"https:\/\/probelle.com.br\/en\/\",\"name\":\"Probelle Cosm\u00e9ticos\",\"description\":\"Todo mundo tem em casa.\",\"publisher\":{\"@id\":\"https:\/\/probelle.com.br\/en\/#organization\"},\"potentialAction\":[{\"@type\":\"SearchAction\",\"target\":{\"@type\":\"EntryPoint\",\"urlTemplate\":\"https:\/\/probelle.com.br\/en\/?s={search_term_string}\"},\"query-input\":{\"@type\":\"PropertyValueSpecification\",\"valueRequired\":true,\"valueName\":\"search_term_string\"}}],\"inLanguage\":\"en-US\"},{\"@type\":\"Organization\",\"@id\":\"https:\/\/probelle.com.br\/en\/#organization\",\"name\":\"Probelle Cosm\u00e9ticos\",\"url\":\"https:\/\/probelle.com.br\/en\/\",\"logo\":{\"@type\":\"ImageObject\",\"inLanguage\":\"en-US\",\"@id\":\"https:\/\/probelle.com.br\/en\/#\/schema\/logo\/image\/\",\"url\":\"https:\/\/probelle.com.br\/wp-content\/uploads\/2022\/08\/Para-o-sitee.jpg\",\"contentUrl\":\"https:\/\/probelle.com.br\/wp-content\/uploads\/2022\/08\/Para-o-sitee.jpg\",\"width\":1000,\"height\":750,\"caption\":\"Probelle Cosm\u00e9ticos\"},\"image\":{\"@id\":\"https:\/\/probelle.com.br\/en\/#\/schema\/logo\/image\/\"},\"sameAs\":[\"https:\/\/www.facebook.com\/probelle\/\",\"https:\/\/www.instagram.com\/probellecosmeticos\/\",\"https:\/\/www.youtube.com\/c\/ProbelleCosm\u00e9ticos\/\",\"https:\/\/br.linkedin.com\/company\/probellecosmeticos\",\"https:\/\/br.pinterest.com\/probellecosmeticos\/\"]}]}<\/script>\n<!-- \/ Yoast SEO Premium plugin. -->","yoast_head_json":{"title":"Kit Age Ultra: Restaure a Vitalidade dos Seus Cabelos Danificados","description":"Obtenha cabelos revitalizados e cheios de vida com o Kit Age Ultra. Este conjunto completo inclui shampoo, condicionador e m\u00e1scara, formulados para restaurar a vitalidade dos cabelos enfraquecidos e danificados pelo tempo e agress\u00f5es qu\u00edmicas. O shampoo limpa suavemente, devolvendo elasticidade e brilho, enquanto o condicionador proporciona densidade e movimento natural. A m\u00e1scara, com sua textura surpreendente, penetra profundamente na fibra capilar, sem pesar, para uma restaura\u00e7\u00e3o completa. Sinta seus cabelos mais fortes e saud\u00e1veis com o Kit Age Ultra.","robots":{"index":"index","follow":"follow","max-snippet":"max-snippet:-1","max-image-preview":"max-image-preview:large","max-video-preview":"max-video-preview:-1"},"canonical":"https:\/\/probelle.com.br\/en\/produto\/age-ultra-kit-linha-completa\/","og_locale":"en_US","og_type":"article","og_title":"Age Ultra Kit Linha Completa","og_description":"Obtenha cabelos revitalizados e cheios de vida com o Kit Age Ultra. Este conjunto completo inclui shampoo, condicionador e m\u00e1scara, formulados para restaurar a vitalidade dos cabelos enfraquecidos e danificados pelo tempo e agress\u00f5es qu\u00edmicas. O shampoo limpa suavemente, devolvendo elasticidade e brilho, enquanto o condicionador proporciona densidade e movimento natural. A m\u00e1scara, com sua textura surpreendente, penetra profundamente na fibra capilar, sem pesar, para uma restaura\u00e7\u00e3o completa. Sinta seus cabelos mais fortes e saud\u00e1veis com o Kit Age Ultra.","og_url":"https:\/\/probelle.com.br\/en\/produto\/age-ultra-kit-linha-completa\/","og_site_name":"Probelle Cosm\u00e9ticos","article_publisher":"https:\/\/www.facebook.com\/probelle\/","article_modified_time":"2024-12-10T13:48:02+00:00","og_image":[{"width":400,"height":400,"url":"https:\/\/probelle.com.br\/wp-content\/uploads\/2023\/04\/Age-ultra.webp","type":"image\/webp"}],"twitter_card":"summary_large_image","twitter_misc":{"Est. reading time":"2 minutes"},"schema":{"@context":"https:\/\/schema.org","@graph":[{"@type":"WebPage","@id":"https:\/\/probelle.com.br\/en\/produto\/age-ultra-kit-linha-completa\/","url":"https:\/\/probelle.com.br\/en\/produto\/age-ultra-kit-linha-completa\/","name":"Kit Age Ultra: Restaure a Vitalidade dos Seus Cabelos Danificados","isPartOf":{"@id":"https:\/\/probelle.com.br\/en\/#website"},"primaryImageOfPage":{"@id":"https:\/\/probelle.com.br\/en\/produto\/age-ultra-kit-linha-completa\/#primaryimage"},"image":{"@id":"https:\/\/probelle.com.br\/en\/produto\/age-ultra-kit-linha-completa\/#primaryimage"},"thumbnailUrl":"https:\/\/probelle.com.br\/wp-content\/uploads\/2023\/04\/Age-ultra.webp","datePublished":"2023-09-28T11:45:14+00:00","dateModified":"2024-12-10T13:48:02+00:00","description":"Obtenha cabelos revitalizados e cheios de vida com o Kit Age Ultra. Este conjunto completo inclui shampoo, condicionador e m\u00e1scara, formulados para restaurar a vitalidade dos cabelos enfraquecidos e danificados pelo tempo e agress\u00f5es qu\u00edmicas. O shampoo limpa suavemente, devolvendo elasticidade e brilho, enquanto o condicionador proporciona densidade e movimento natural. A m\u00e1scara, com sua textura surpreendente, penetra profundamente na fibra capilar, sem pesar, para uma restaura\u00e7\u00e3o completa. Sinta seus cabelos mais fortes e saud\u00e1veis com o Kit Age Ultra.","breadcrumb":{"@id":"https:\/\/probelle.com.br\/en\/produto\/age-ultra-kit-linha-completa\/#breadcrumb"},"inLanguage":"en-US","potentialAction":[{"@type":"ReadAction","target":["https:\/\/probelle.com.br\/en\/produto\/age-ultra-kit-linha-completa\/"]}]},{"@type":"ImageObject","inLanguage":"en-US","@id":"https:\/\/probelle.com.br\/en\/produto\/age-ultra-kit-linha-completa\/#primaryimage","url":"https:\/\/probelle.com.br\/wp-content\/uploads\/2023\/04\/Age-ultra.webp","contentUrl":"https:\/\/probelle.com.br\/wp-content\/uploads\/2023\/04\/Age-ultra.webp","width":400,"height":400},{"@type":"BreadcrumbList","@id":"https:\/\/probelle.com.br\/en\/produto\/age-ultra-kit-linha-completa\/#breadcrumb","itemListElement":[{"@type":"ListItem","position":1,"name":"Home","item":"https:\/\/probelle.com.br\/en\/"},{"@type":"ListItem","position":2,"name":"Loja","item":"https:\/\/probelle.com.br\/loja\/"},{"@type":"ListItem","position":3,"name":"Age Ultra Kit Linha Completa"}]},{"@type":"WebSite","@id":"https:\/\/probelle.com.br\/en\/#website","url":"https:\/\/probelle.com.br\/en\/","name":"Probelle Cosm\u00e9ticos","description":"Todo mundo tem em casa.","publisher":{"@id":"https:\/\/probelle.com.br\/en\/#organization"},"potentialAction":[{"@type":"SearchAction","target":{"@type":"EntryPoint","urlTemplate":"https:\/\/probelle.com.br\/en\/?s={search_term_string}"},"query-input":{"@type":"PropertyValueSpecification","valueRequired":true,"valueName":"search_term_string"}}],"inLanguage":"en-US"},{"@type":"Organization","@id":"https:\/\/probelle.com.br\/en\/#organization","name":"Probelle Cosm\u00e9ticos","url":"https:\/\/probelle.com.br\/en\/","logo":{"@type":"ImageObject","inLanguage":"en-US","@id":"https:\/\/probelle.com.br\/en\/#\/schema\/logo\/image\/","url":"https:\/\/probelle.com.br\/wp-content\/uploads\/2022\/08\/Para-o-sitee.jpg","contentUrl":"https:\/\/probelle.com.br\/wp-content\/uploads\/2022\/08\/Para-o-sitee.jpg","width":1000,"height":750,"caption":"Probelle Cosm\u00e9ticos"},"image":{"@id":"https:\/\/probelle.com.br\/en\/#\/schema\/logo\/image\/"},"sameAs":["https:\/\/www.facebook.com\/probelle\/","https:\/\/www.instagram.com\/probellecosmeticos\/","https:\/\/www.youtube.com\/c\/ProbelleCosm\u00e9ticos\/","https:\/\/br.linkedin.com\/company\/probellecosmeticos","https:\/\/br.pinterest.com\/probellecosmeticos\/"]}]}},"_links":{"self":[{"href":"https:\/\/probelle.com.br\/en\/wp-json\/wp\/v2\/product\/25338","targetHints":{"allow":["GET"]}}],"collection":[{"href":"https:\/\/probelle.com.br\/en\/wp-json\/wp\/v2\/product"}],"about":[{"href":"https:\/\/probelle.com.br\/en\/wp-json\/wp\/v2\/types\/product"}],"wp:featuredmedia":[{"embeddable":true,"href":"https:\/\/probelle.com.br\/en\/wp-json\/wp\/v2\/media\/29943"}],"wp:attachment":[{"href":"https:\/\/probelle.com.br\/en\/wp-json\/wp\/v2\/media?parent=25338"}],"wp:term":[{"taxonomy":"product_brand","embeddable":true,"href":"https:\/\/probelle.com.br\/en\/wp-json\/wp\/v2\/product_brand?post=25338"},{"taxonomy":"product_cat","embeddable":true,"href":"https:\/\/probelle.com.br\/en\/wp-json\/wp\/v2\/product_cat?post=25338"},{"taxonomy":"product_tag","embeddable":true,"href":"https:\/\/probelle.com.br\/en\/wp-json\/wp\/v2\/product_tag?post=25338"}],"curies":[{"name":"wp","href":"https:\/\/api.w.org\/{rel}","templated":true}]}}