{"id":25288,"date":"2023-09-27T15:34:51","date_gmt":"2023-09-27T18:34:51","guid":{"rendered":"https:\/\/probelle.com.br\/?post_type=product&#038;p=25288"},"modified":"2024-12-10T10:49:38","modified_gmt":"2024-12-10T13:49:38","slug":"lumino-max-mais-volume-kit-linha-completa","status":"publish","type":"product","link":"https:\/\/probelle.com.br\/en\/produto\/lumino-max-mais-volume-kit-linha-completa\/","title":{"rendered":"Lumino Max Mais Volume Kit Linha Completa"},"content":{"rendered":"<p><strong>Linha Lumino Max Mais Volume: Volume, Nutri\u00e7\u00e3o e Beleza em Profundidade<\/strong><\/p>\n<p>A nossa <strong>Linha Lumino Max Mais Volume <\/strong>conta com Shampoo, Condicionador e M\u00e1scara, e \u00e9 a resposta para cabelos que precisam de nutri\u00e7\u00e3o profunda e volume incr\u00edvel.<\/p>\n<p><strong>F\u00f3rmula Dermocalmante:<\/strong> Desenvolvemos esta linha com uma f\u00f3rmula dermocalmante \u00fanica. Nossas mat\u00e9rias-primas, ricas em nutrientes, fortalecem as defesas naturais do couro cabeludo, proporcionando uma sensa\u00e7\u00e3o de al\u00edvio e conforto.<\/p>\n<p><strong>Precis\u00e3o Molecular:<\/strong> Apreciamos a ci\u00eancia da nutri\u00e7\u00e3o capilar. Nossa f\u00f3rmula atua com precis\u00e3o molecular, entregando nutri\u00e7\u00e3o onde seus cabelos mais precisam, combatendo as pontas duplas e refor\u00e7ando a elasticidade.<\/p>\n<p><strong>A\u00e7\u00e3o Antiqueda:<\/strong> Al\u00e9m disso, nossa <strong>Linha Lumino Max Mais Volume<\/strong> oferece uma a\u00e7\u00e3o antiqueda poderosa, mantendo seus cabelos mais resistentes e saud\u00e1veis.<\/p>\n<p>Experimente a nutri\u00e7\u00e3o, elasticidade, brilho e vitalidade que seus cabelos merecem. Volume e maciez como voc\u00ea nunca viu antes!<\/p>\n","protected":false},"excerpt":{"rendered":"<p><strong>Linha Lumino Max Mais Volume:<\/strong> Nutri\u00e7\u00e3o Profunda e Volume Espetacular<\/p>\n<p>Nossa <strong>Linha Lumino Max Mais Volume<\/strong> \u00e9 a resposta para cabelos que precisam de cuidados intensivos. Desenvolvida com uma f\u00f3rmula dermocalmante \u00fanica, ela nutre profundamente os fios, proporcionando elasticidade, brilho e vitalidade. Al\u00e9m disso, sua a\u00e7\u00e3o antiqueda fortalece os cabelos, tornando-os mais resistentes.<\/p>\n<p>Aprecie cabelos com mais volume, toque sedoso e o conforto de um couro cabeludo revigorado. Combata as pontas duplas e revele a beleza dos seus fios com a <strong>Linha Lumino Max Mais Volume<\/strong>. Seus cabelos merecem esse tratamento de luxo!<\/p>\n","protected":false},"featured_media":29953,"template":"","meta":{"_joinchat":[]},"product_brand":[],"product_cat":[643,290,602],"product_tag":[594],"class_list":{"0":"post-25288","1":"product","2":"type-product","3":"status-publish","4":"has-post-thumbnail","6":"product_cat-kit","7":"product_cat-lumino-max","8":"product_cat-tratamento","9":"product_tag-produtos-probelle","11":"first","12":"outofstock","13":"shipping-taxable","14":"purchasable","15":"product-type-simple"},"yoast_head":"<!-- This site is optimized with the Yoast SEO Premium plugin v23.5 (Yoast SEO v26.5) - https:\/\/yoast.com\/wordpress\/plugins\/seo\/ -->\n<title>Cabelos com Mais Volume e Nutri\u00e7\u00e3o Profunda - Lumino Max Mais Volume<\/title>\n<meta name=\"description\" content=\"Descubra a Linha Lumino Max Mais Volume, sua aliada para cabelos com volume incr\u00edvel e nutri\u00e7\u00e3o profunda. Nossa f\u00f3rmula dermatologicamente testada oferece elasticidade, brilho e vitalidade, enquanto combate as pontas duplas. Sinta a diferen\u00e7a em seus cabelos!\" \/>\n<meta name=\"robots\" content=\"index, follow, max-snippet:-1, max-image-preview:large, max-video-preview:-1\" \/>\n<link rel=\"canonical\" href=\"https:\/\/probelle.com.br\/en\/produto\/lumino-max-mais-volume-kit-linha-completa\/\" \/>\n<meta property=\"og:locale\" content=\"en_US\" \/>\n<meta property=\"og:type\" content=\"article\" \/>\n<meta property=\"og:title\" content=\"Lumino Max Mais Volume Kit Linha Completa\" \/>\n<meta property=\"og:description\" content=\"Descubra a Linha Lumino Max Mais Volume, sua aliada para cabelos com volume incr\u00edvel e nutri\u00e7\u00e3o profunda. Nossa f\u00f3rmula dermatologicamente testada oferece elasticidade, brilho e vitalidade, enquanto combate as pontas duplas. Sinta a diferen\u00e7a em seus cabelos!\" \/>\n<meta property=\"og:url\" content=\"https:\/\/probelle.com.br\/en\/produto\/lumino-max-mais-volume-kit-linha-completa\/\" \/>\n<meta property=\"og:site_name\" content=\"Probelle Cosm\u00e9ticos\" \/>\n<meta property=\"article:publisher\" content=\"https:\/\/www.facebook.com\/probelle\/\" \/>\n<meta property=\"article:modified_time\" content=\"2024-12-10T13:49:38+00:00\" \/>\n<meta property=\"og:image\" content=\"https:\/\/probelle.com.br\/wp-content\/uploads\/2023\/04\/lumino-max-mais-volume.webp\" \/>\n\t<meta property=\"og:image:width\" content=\"400\" \/>\n\t<meta property=\"og:image:height\" content=\"400\" \/>\n\t<meta property=\"og:image:type\" content=\"image\/webp\" \/>\n<meta name=\"twitter:card\" content=\"summary_large_image\" \/>\n<meta name=\"twitter:label1\" content=\"Est. reading time\" \/>\n\t<meta name=\"twitter:data1\" content=\"1 minute\" \/>\n<script type=\"application\/ld+json\" class=\"yoast-schema-graph\">{\"@context\":\"https:\/\/schema.org\",\"@graph\":[{\"@type\":\"WebPage\",\"@id\":\"https:\/\/probelle.com.br\/en\/produto\/lumino-max-mais-volume-kit-linha-completa\/\",\"url\":\"https:\/\/probelle.com.br\/en\/produto\/lumino-max-mais-volume-kit-linha-completa\/\",\"name\":\"Cabelos com Mais Volume e Nutri\u00e7\u00e3o Profunda - Lumino Max Mais Volume\",\"isPartOf\":{\"@id\":\"https:\/\/probelle.com.br\/en\/#website\"},\"primaryImageOfPage\":{\"@id\":\"https:\/\/probelle.com.br\/en\/produto\/lumino-max-mais-volume-kit-linha-completa\/#primaryimage\"},\"image\":{\"@id\":\"https:\/\/probelle.com.br\/en\/produto\/lumino-max-mais-volume-kit-linha-completa\/#primaryimage\"},\"thumbnailUrl\":\"https:\/\/probelle.com.br\/wp-content\/uploads\/2023\/04\/lumino-max-mais-volume.webp\",\"datePublished\":\"2023-09-27T18:34:51+00:00\",\"dateModified\":\"2024-12-10T13:49:38+00:00\",\"description\":\"Descubra a Linha Lumino Max Mais Volume, sua aliada para cabelos com volume incr\u00edvel e nutri\u00e7\u00e3o profunda. Nossa f\u00f3rmula dermatologicamente testada oferece elasticidade, brilho e vitalidade, enquanto combate as pontas duplas. Sinta a diferen\u00e7a em seus cabelos!\",\"breadcrumb\":{\"@id\":\"https:\/\/probelle.com.br\/en\/produto\/lumino-max-mais-volume-kit-linha-completa\/#breadcrumb\"},\"inLanguage\":\"en-US\",\"potentialAction\":[{\"@type\":\"ReadAction\",\"target\":[\"https:\/\/probelle.com.br\/en\/produto\/lumino-max-mais-volume-kit-linha-completa\/\"]}]},{\"@type\":\"ImageObject\",\"inLanguage\":\"en-US\",\"@id\":\"https:\/\/probelle.com.br\/en\/produto\/lumino-max-mais-volume-kit-linha-completa\/#primaryimage\",\"url\":\"https:\/\/probelle.com.br\/wp-content\/uploads\/2023\/04\/lumino-max-mais-volume.webp\",\"contentUrl\":\"https:\/\/probelle.com.br\/wp-content\/uploads\/2023\/04\/lumino-max-mais-volume.webp\",\"width\":400,\"height\":400},{\"@type\":\"BreadcrumbList\",\"@id\":\"https:\/\/probelle.com.br\/en\/produto\/lumino-max-mais-volume-kit-linha-completa\/#breadcrumb\",\"itemListElement\":[{\"@type\":\"ListItem\",\"position\":1,\"name\":\"Home\",\"item\":\"https:\/\/probelle.com.br\/en\/\"},{\"@type\":\"ListItem\",\"position\":2,\"name\":\"Loja\",\"item\":\"https:\/\/probelle.com.br\/loja\/\"},{\"@type\":\"ListItem\",\"position\":3,\"name\":\"Lumino Max Mais Volume Kit Linha Completa\"}]},{\"@type\":\"WebSite\",\"@id\":\"https:\/\/probelle.com.br\/en\/#website\",\"url\":\"https:\/\/probelle.com.br\/en\/\",\"name\":\"Probelle Cosm\u00e9ticos\",\"description\":\"Todo mundo tem em casa.\",\"publisher\":{\"@id\":\"https:\/\/probelle.com.br\/en\/#organization\"},\"potentialAction\":[{\"@type\":\"SearchAction\",\"target\":{\"@type\":\"EntryPoint\",\"urlTemplate\":\"https:\/\/probelle.com.br\/en\/?s={search_term_string}\"},\"query-input\":{\"@type\":\"PropertyValueSpecification\",\"valueRequired\":true,\"valueName\":\"search_term_string\"}}],\"inLanguage\":\"en-US\"},{\"@type\":\"Organization\",\"@id\":\"https:\/\/probelle.com.br\/en\/#organization\",\"name\":\"Probelle Cosm\u00e9ticos\",\"url\":\"https:\/\/probelle.com.br\/en\/\",\"logo\":{\"@type\":\"ImageObject\",\"inLanguage\":\"en-US\",\"@id\":\"https:\/\/probelle.com.br\/en\/#\/schema\/logo\/image\/\",\"url\":\"https:\/\/probelle.com.br\/wp-content\/uploads\/2022\/08\/Para-o-sitee.jpg\",\"contentUrl\":\"https:\/\/probelle.com.br\/wp-content\/uploads\/2022\/08\/Para-o-sitee.jpg\",\"width\":1000,\"height\":750,\"caption\":\"Probelle Cosm\u00e9ticos\"},\"image\":{\"@id\":\"https:\/\/probelle.com.br\/en\/#\/schema\/logo\/image\/\"},\"sameAs\":[\"https:\/\/www.facebook.com\/probelle\/\",\"https:\/\/www.instagram.com\/probellecosmeticos\/\",\"https:\/\/www.youtube.com\/c\/ProbelleCosm\u00e9ticos\/\",\"https:\/\/br.linkedin.com\/company\/probellecosmeticos\",\"https:\/\/br.pinterest.com\/probellecosmeticos\/\"]}]}<\/script>\n<!-- \/ Yoast SEO Premium plugin. -->","yoast_head_json":{"title":"Cabelos com Mais Volume e Nutri\u00e7\u00e3o Profunda - Lumino Max Mais Volume","description":"Descubra a Linha Lumino Max Mais Volume, sua aliada para cabelos com volume incr\u00edvel e nutri\u00e7\u00e3o profunda. Nossa f\u00f3rmula dermatologicamente testada oferece elasticidade, brilho e vitalidade, enquanto combate as pontas duplas. Sinta a diferen\u00e7a em seus cabelos!","robots":{"index":"index","follow":"follow","max-snippet":"max-snippet:-1","max-image-preview":"max-image-preview:large","max-video-preview":"max-video-preview:-1"},"canonical":"https:\/\/probelle.com.br\/en\/produto\/lumino-max-mais-volume-kit-linha-completa\/","og_locale":"en_US","og_type":"article","og_title":"Lumino Max Mais Volume Kit Linha Completa","og_description":"Descubra a Linha Lumino Max Mais Volume, sua aliada para cabelos com volume incr\u00edvel e nutri\u00e7\u00e3o profunda. Nossa f\u00f3rmula dermatologicamente testada oferece elasticidade, brilho e vitalidade, enquanto combate as pontas duplas. Sinta a diferen\u00e7a em seus cabelos!","og_url":"https:\/\/probelle.com.br\/en\/produto\/lumino-max-mais-volume-kit-linha-completa\/","og_site_name":"Probelle Cosm\u00e9ticos","article_publisher":"https:\/\/www.facebook.com\/probelle\/","article_modified_time":"2024-12-10T13:49:38+00:00","og_image":[{"width":400,"height":400,"url":"https:\/\/probelle.com.br\/wp-content\/uploads\/2023\/04\/lumino-max-mais-volume.webp","type":"image\/webp"}],"twitter_card":"summary_large_image","twitter_misc":{"Est. reading time":"1 minute"},"schema":{"@context":"https:\/\/schema.org","@graph":[{"@type":"WebPage","@id":"https:\/\/probelle.com.br\/en\/produto\/lumino-max-mais-volume-kit-linha-completa\/","url":"https:\/\/probelle.com.br\/en\/produto\/lumino-max-mais-volume-kit-linha-completa\/","name":"Cabelos com Mais Volume e Nutri\u00e7\u00e3o Profunda - Lumino Max Mais Volume","isPartOf":{"@id":"https:\/\/probelle.com.br\/en\/#website"},"primaryImageOfPage":{"@id":"https:\/\/probelle.com.br\/en\/produto\/lumino-max-mais-volume-kit-linha-completa\/#primaryimage"},"image":{"@id":"https:\/\/probelle.com.br\/en\/produto\/lumino-max-mais-volume-kit-linha-completa\/#primaryimage"},"thumbnailUrl":"https:\/\/probelle.com.br\/wp-content\/uploads\/2023\/04\/lumino-max-mais-volume.webp","datePublished":"2023-09-27T18:34:51+00:00","dateModified":"2024-12-10T13:49:38+00:00","description":"Descubra a Linha Lumino Max Mais Volume, sua aliada para cabelos com volume incr\u00edvel e nutri\u00e7\u00e3o profunda. Nossa f\u00f3rmula dermatologicamente testada oferece elasticidade, brilho e vitalidade, enquanto combate as pontas duplas. Sinta a diferen\u00e7a em seus cabelos!","breadcrumb":{"@id":"https:\/\/probelle.com.br\/en\/produto\/lumino-max-mais-volume-kit-linha-completa\/#breadcrumb"},"inLanguage":"en-US","potentialAction":[{"@type":"ReadAction","target":["https:\/\/probelle.com.br\/en\/produto\/lumino-max-mais-volume-kit-linha-completa\/"]}]},{"@type":"ImageObject","inLanguage":"en-US","@id":"https:\/\/probelle.com.br\/en\/produto\/lumino-max-mais-volume-kit-linha-completa\/#primaryimage","url":"https:\/\/probelle.com.br\/wp-content\/uploads\/2023\/04\/lumino-max-mais-volume.webp","contentUrl":"https:\/\/probelle.com.br\/wp-content\/uploads\/2023\/04\/lumino-max-mais-volume.webp","width":400,"height":400},{"@type":"BreadcrumbList","@id":"https:\/\/probelle.com.br\/en\/produto\/lumino-max-mais-volume-kit-linha-completa\/#breadcrumb","itemListElement":[{"@type":"ListItem","position":1,"name":"Home","item":"https:\/\/probelle.com.br\/en\/"},{"@type":"ListItem","position":2,"name":"Loja","item":"https:\/\/probelle.com.br\/loja\/"},{"@type":"ListItem","position":3,"name":"Lumino Max Mais Volume Kit Linha Completa"}]},{"@type":"WebSite","@id":"https:\/\/probelle.com.br\/en\/#website","url":"https:\/\/probelle.com.br\/en\/","name":"Probelle Cosm\u00e9ticos","description":"Todo mundo tem em casa.","publisher":{"@id":"https:\/\/probelle.com.br\/en\/#organization"},"potentialAction":[{"@type":"SearchAction","target":{"@type":"EntryPoint","urlTemplate":"https:\/\/probelle.com.br\/en\/?s={search_term_string}"},"query-input":{"@type":"PropertyValueSpecification","valueRequired":true,"valueName":"search_term_string"}}],"inLanguage":"en-US"},{"@type":"Organization","@id":"https:\/\/probelle.com.br\/en\/#organization","name":"Probelle Cosm\u00e9ticos","url":"https:\/\/probelle.com.br\/en\/","logo":{"@type":"ImageObject","inLanguage":"en-US","@id":"https:\/\/probelle.com.br\/en\/#\/schema\/logo\/image\/","url":"https:\/\/probelle.com.br\/wp-content\/uploads\/2022\/08\/Para-o-sitee.jpg","contentUrl":"https:\/\/probelle.com.br\/wp-content\/uploads\/2022\/08\/Para-o-sitee.jpg","width":1000,"height":750,"caption":"Probelle Cosm\u00e9ticos"},"image":{"@id":"https:\/\/probelle.com.br\/en\/#\/schema\/logo\/image\/"},"sameAs":["https:\/\/www.facebook.com\/probelle\/","https:\/\/www.instagram.com\/probellecosmeticos\/","https:\/\/www.youtube.com\/c\/ProbelleCosm\u00e9ticos\/","https:\/\/br.linkedin.com\/company\/probellecosmeticos","https:\/\/br.pinterest.com\/probellecosmeticos\/"]}]}},"_links":{"self":[{"href":"https:\/\/probelle.com.br\/en\/wp-json\/wp\/v2\/product\/25288","targetHints":{"allow":["GET"]}}],"collection":[{"href":"https:\/\/probelle.com.br\/en\/wp-json\/wp\/v2\/product"}],"about":[{"href":"https:\/\/probelle.com.br\/en\/wp-json\/wp\/v2\/types\/product"}],"wp:featuredmedia":[{"embeddable":true,"href":"https:\/\/probelle.com.br\/en\/wp-json\/wp\/v2\/media\/29953"}],"wp:attachment":[{"href":"https:\/\/probelle.com.br\/en\/wp-json\/wp\/v2\/media?parent=25288"}],"wp:term":[{"taxonomy":"product_brand","embeddable":true,"href":"https:\/\/probelle.com.br\/en\/wp-json\/wp\/v2\/product_brand?post=25288"},{"taxonomy":"product_cat","embeddable":true,"href":"https:\/\/probelle.com.br\/en\/wp-json\/wp\/v2\/product_cat?post=25288"},{"taxonomy":"product_tag","embeddable":true,"href":"https:\/\/probelle.com.br\/en\/wp-json\/wp\/v2\/product_tag?post=25288"}],"curies":[{"name":"wp","href":"https:\/\/api.w.org\/{rel}","templated":true}]}}