{"id":24453,"date":"2023-08-16T12:51:26","date_gmt":"2023-08-16T15:51:26","guid":{"rendered":"https:\/\/probelle.com.br\/?post_type=product&#038;p=24453"},"modified":"2024-10-07T16:14:11","modified_gmt":"2024-10-07T19:14:11","slug":"kit-duplo-clareador","status":"publish","type":"product","link":"https:\/\/probelle.com.br\/en\/produto\/kit-duplo-clareador\/","title":{"rendered":"Kit Duplo Clareador"},"content":{"rendered":"<p><strong>Resultados Incr\u00edveis e Prote\u00e7\u00e3o Anti-Amarelo em um Kit Duplo para Clareamento.<\/strong><\/p>\n<p>Apresentamos o Kit Duplo Clareador, a sua solu\u00e7\u00e3o definitiva para descolora\u00e7\u00e3o, mechas, reflexos, balayages e clareamento. Desenvolvido com alta performance e efeito de longa dura\u00e7\u00e3o, este kit \u00e9 o parceiro que voc\u00ea precisa para alcan\u00e7ar resultados surpreendentes.<\/p>\n<p><strong>Tecnologia de Ponta para Clareamento Perfeito.<\/strong><\/p>\n<p>Nossa f\u00f3rmula \u00e9 uma obra-prima da tecnologia. Com mat\u00e9rias-primas de alta tecnologia, ela possui uma textura incr\u00edvel que minimiza o ressecamento, protegendo seus cabelos dos danos com m\u00e9todos simples e r\u00e1pidos. Voc\u00ea ter\u00e1 o poder de at\u00e9 9 n\u00edveis de clareamento \u00e0 sua disposi\u00e7\u00e3o.<\/p>\n<p><strong>Prote\u00e7\u00e3o Anti-Amarelo.<\/strong><\/p>\n<p>Diga adeus ao amarelamento indesejado. Nosso Kit Duplo Clareador possui uma a\u00e7\u00e3o anti-amarelo que mant\u00e9m seus cabelos com uma apar\u00eancia vibrante e natural, mesmo ap\u00f3s o clareamento.<\/p>\n<p><strong>Resultados de Longa Dura\u00e7\u00e3o.<\/strong><\/p>\n<p>Queremos que seus resultados durem. Com este kit, voc\u00ea n\u00e3o apenas ter\u00e1 resultados incr\u00edveis, mas tamb\u00e9m uma beleza que perdura.<\/p>\n<p>Obtenha mechas e clareamento de qualidade profissional com o Kit Duplo Clareador. Prote\u00e7\u00e3o, desempenho e resultados duradouros, tudo em um kit. <strong>Experimente agora e eleve seu clareamento a um novo n\u00edvel!<\/strong><\/p>\n","protected":false},"excerpt":{"rendered":"<p>Alcance resultados incr\u00edveis com o Kit Duplo Clareador. Prote\u00e7\u00e3o anti-amarelo e clareamento de alta performance em um kit completo.<\/p>\n<p><strong>Experimente agora!<\/strong><\/p>\n","protected":false},"featured_media":29445,"template":"","meta":{"_joinchat":[]},"product_brand":[],"product_cat":[216,601,599],"product_tag":[594],"class_list":{"0":"post-24453","1":"product","2":"type-product","3":"status-publish","4":"has-post-thumbnail","6":"product_cat-descolorantes","7":"product_cat-loiros","8":"product_cat-transformacao","9":"product_tag-produtos-probelle","11":"first","12":"instock","13":"shipping-taxable","14":"purchasable","15":"product-type-simple"},"yoast_head":"<!-- This site is optimized with the Yoast SEO Premium plugin v23.5 (Yoast SEO v26.5) - https:\/\/yoast.com\/wordpress\/plugins\/seo\/ -->\n<title>Kit Duplo Clareador ~ Probelle Cosm\u00e9ticos<\/title>\n<meta name=\"description\" content=\"Formulado especialmente para ser usado em todos os processos de descolora\u00e7\u00e3o, mechas, reflexos, ballayages e clareamento, com alt\u00edssima performance e efeito de longa dura\u00e7\u00e3o.\" \/>\n<meta name=\"robots\" content=\"index, follow, max-snippet:-1, max-image-preview:large, max-video-preview:-1\" \/>\n<link rel=\"canonical\" href=\"https:\/\/probelle.com.br\/en\/produto\/kit-duplo-clareador\/\" \/>\n<meta property=\"og:locale\" content=\"en_US\" \/>\n<meta property=\"og:type\" content=\"article\" \/>\n<meta property=\"og:title\" content=\"Kit Duplo Clareador\" \/>\n<meta property=\"og:description\" content=\"Formulado especialmente para ser usado em todos os processos de descolora\u00e7\u00e3o, mechas, reflexos, ballayages e clareamento, com alt\u00edssima performance e efeito de longa dura\u00e7\u00e3o.\" \/>\n<meta property=\"og:url\" content=\"https:\/\/probelle.com.br\/en\/produto\/kit-duplo-clareador\/\" \/>\n<meta property=\"og:site_name\" content=\"Probelle Cosm\u00e9ticos\" \/>\n<meta property=\"article:publisher\" content=\"https:\/\/www.facebook.com\/probelle\/\" \/>\n<meta property=\"article:modified_time\" content=\"2024-10-07T19:14:11+00:00\" \/>\n<meta property=\"og:image\" content=\"https:\/\/probelle.com.br\/wp-content\/uploads\/2023\/08\/kit-clareador.webp\" \/>\n\t<meta property=\"og:image:width\" content=\"400\" \/>\n\t<meta property=\"og:image:height\" content=\"400\" \/>\n\t<meta property=\"og:image:type\" content=\"image\/webp\" \/>\n<meta name=\"twitter:card\" content=\"summary_large_image\" \/>\n<meta name=\"twitter:label1\" content=\"Est. reading time\" \/>\n\t<meta name=\"twitter:data1\" content=\"2 minutes\" \/>\n<script type=\"application\/ld+json\" class=\"yoast-schema-graph\">{\"@context\":\"https:\/\/schema.org\",\"@graph\":[{\"@type\":\"WebPage\",\"@id\":\"https:\/\/probelle.com.br\/en\/produto\/kit-duplo-clareador\/\",\"url\":\"https:\/\/probelle.com.br\/en\/produto\/kit-duplo-clareador\/\",\"name\":\"Kit Duplo Clareador ~ Probelle Cosm\u00e9ticos\",\"isPartOf\":{\"@id\":\"https:\/\/probelle.com.br\/en\/#website\"},\"primaryImageOfPage\":{\"@id\":\"https:\/\/probelle.com.br\/en\/produto\/kit-duplo-clareador\/#primaryimage\"},\"image\":{\"@id\":\"https:\/\/probelle.com.br\/en\/produto\/kit-duplo-clareador\/#primaryimage\"},\"thumbnailUrl\":\"https:\/\/probelle.com.br\/wp-content\/uploads\/2023\/08\/kit-clareador.webp\",\"datePublished\":\"2023-08-16T15:51:26+00:00\",\"dateModified\":\"2024-10-07T19:14:11+00:00\",\"description\":\"Formulado especialmente para ser usado em todos os processos de descolora\u00e7\u00e3o, mechas, reflexos, ballayages e clareamento, com alt\u00edssima performance e efeito de longa dura\u00e7\u00e3o.\",\"breadcrumb\":{\"@id\":\"https:\/\/probelle.com.br\/en\/produto\/kit-duplo-clareador\/#breadcrumb\"},\"inLanguage\":\"en-US\",\"potentialAction\":[{\"@type\":\"ReadAction\",\"target\":[\"https:\/\/probelle.com.br\/en\/produto\/kit-duplo-clareador\/\"]}]},{\"@type\":\"ImageObject\",\"inLanguage\":\"en-US\",\"@id\":\"https:\/\/probelle.com.br\/en\/produto\/kit-duplo-clareador\/#primaryimage\",\"url\":\"https:\/\/probelle.com.br\/wp-content\/uploads\/2023\/08\/kit-clareador.webp\",\"contentUrl\":\"https:\/\/probelle.com.br\/wp-content\/uploads\/2023\/08\/kit-clareador.webp\",\"width\":400,\"height\":400},{\"@type\":\"BreadcrumbList\",\"@id\":\"https:\/\/probelle.com.br\/en\/produto\/kit-duplo-clareador\/#breadcrumb\",\"itemListElement\":[{\"@type\":\"ListItem\",\"position\":1,\"name\":\"Home\",\"item\":\"https:\/\/probelle.com.br\/en\/\"},{\"@type\":\"ListItem\",\"position\":2,\"name\":\"Loja\",\"item\":\"https:\/\/probelle.com.br\/loja\/\"},{\"@type\":\"ListItem\",\"position\":3,\"name\":\"Kit Duplo Clareador\"}]},{\"@type\":\"WebSite\",\"@id\":\"https:\/\/probelle.com.br\/en\/#website\",\"url\":\"https:\/\/probelle.com.br\/en\/\",\"name\":\"Probelle Cosm\u00e9ticos\",\"description\":\"Todo mundo tem em casa.\",\"publisher\":{\"@id\":\"https:\/\/probelle.com.br\/en\/#organization\"},\"potentialAction\":[{\"@type\":\"SearchAction\",\"target\":{\"@type\":\"EntryPoint\",\"urlTemplate\":\"https:\/\/probelle.com.br\/en\/?s={search_term_string}\"},\"query-input\":{\"@type\":\"PropertyValueSpecification\",\"valueRequired\":true,\"valueName\":\"search_term_string\"}}],\"inLanguage\":\"en-US\"},{\"@type\":\"Organization\",\"@id\":\"https:\/\/probelle.com.br\/en\/#organization\",\"name\":\"Probelle Cosm\u00e9ticos\",\"url\":\"https:\/\/probelle.com.br\/en\/\",\"logo\":{\"@type\":\"ImageObject\",\"inLanguage\":\"en-US\",\"@id\":\"https:\/\/probelle.com.br\/en\/#\/schema\/logo\/image\/\",\"url\":\"https:\/\/probelle.com.br\/wp-content\/uploads\/2022\/08\/Para-o-sitee.jpg\",\"contentUrl\":\"https:\/\/probelle.com.br\/wp-content\/uploads\/2022\/08\/Para-o-sitee.jpg\",\"width\":1000,\"height\":750,\"caption\":\"Probelle Cosm\u00e9ticos\"},\"image\":{\"@id\":\"https:\/\/probelle.com.br\/en\/#\/schema\/logo\/image\/\"},\"sameAs\":[\"https:\/\/www.facebook.com\/probelle\/\",\"https:\/\/www.instagram.com\/probellecosmeticos\/\",\"https:\/\/www.youtube.com\/c\/ProbelleCosm\u00e9ticos\/\",\"https:\/\/br.linkedin.com\/company\/probellecosmeticos\",\"https:\/\/br.pinterest.com\/probellecosmeticos\/\"]}]}<\/script>\n<!-- \/ Yoast SEO Premium plugin. -->","yoast_head_json":{"title":"Kit Duplo Clareador ~ Probelle Cosm\u00e9ticos","description":"Formulado especialmente para ser usado em todos os processos de descolora\u00e7\u00e3o, mechas, reflexos, ballayages e clareamento, com alt\u00edssima performance e efeito de longa dura\u00e7\u00e3o.","robots":{"index":"index","follow":"follow","max-snippet":"max-snippet:-1","max-image-preview":"max-image-preview:large","max-video-preview":"max-video-preview:-1"},"canonical":"https:\/\/probelle.com.br\/en\/produto\/kit-duplo-clareador\/","og_locale":"en_US","og_type":"article","og_title":"Kit Duplo Clareador","og_description":"Formulado especialmente para ser usado em todos os processos de descolora\u00e7\u00e3o, mechas, reflexos, ballayages e clareamento, com alt\u00edssima performance e efeito de longa dura\u00e7\u00e3o.","og_url":"https:\/\/probelle.com.br\/en\/produto\/kit-duplo-clareador\/","og_site_name":"Probelle Cosm\u00e9ticos","article_publisher":"https:\/\/www.facebook.com\/probelle\/","article_modified_time":"2024-10-07T19:14:11+00:00","og_image":[{"width":400,"height":400,"url":"https:\/\/probelle.com.br\/wp-content\/uploads\/2023\/08\/kit-clareador.webp","type":"image\/webp"}],"twitter_card":"summary_large_image","twitter_misc":{"Est. reading time":"2 minutes"},"schema":{"@context":"https:\/\/schema.org","@graph":[{"@type":"WebPage","@id":"https:\/\/probelle.com.br\/en\/produto\/kit-duplo-clareador\/","url":"https:\/\/probelle.com.br\/en\/produto\/kit-duplo-clareador\/","name":"Kit Duplo Clareador ~ Probelle Cosm\u00e9ticos","isPartOf":{"@id":"https:\/\/probelle.com.br\/en\/#website"},"primaryImageOfPage":{"@id":"https:\/\/probelle.com.br\/en\/produto\/kit-duplo-clareador\/#primaryimage"},"image":{"@id":"https:\/\/probelle.com.br\/en\/produto\/kit-duplo-clareador\/#primaryimage"},"thumbnailUrl":"https:\/\/probelle.com.br\/wp-content\/uploads\/2023\/08\/kit-clareador.webp","datePublished":"2023-08-16T15:51:26+00:00","dateModified":"2024-10-07T19:14:11+00:00","description":"Formulado especialmente para ser usado em todos os processos de descolora\u00e7\u00e3o, mechas, reflexos, ballayages e clareamento, com alt\u00edssima performance e efeito de longa dura\u00e7\u00e3o.","breadcrumb":{"@id":"https:\/\/probelle.com.br\/en\/produto\/kit-duplo-clareador\/#breadcrumb"},"inLanguage":"en-US","potentialAction":[{"@type":"ReadAction","target":["https:\/\/probelle.com.br\/en\/produto\/kit-duplo-clareador\/"]}]},{"@type":"ImageObject","inLanguage":"en-US","@id":"https:\/\/probelle.com.br\/en\/produto\/kit-duplo-clareador\/#primaryimage","url":"https:\/\/probelle.com.br\/wp-content\/uploads\/2023\/08\/kit-clareador.webp","contentUrl":"https:\/\/probelle.com.br\/wp-content\/uploads\/2023\/08\/kit-clareador.webp","width":400,"height":400},{"@type":"BreadcrumbList","@id":"https:\/\/probelle.com.br\/en\/produto\/kit-duplo-clareador\/#breadcrumb","itemListElement":[{"@type":"ListItem","position":1,"name":"Home","item":"https:\/\/probelle.com.br\/en\/"},{"@type":"ListItem","position":2,"name":"Loja","item":"https:\/\/probelle.com.br\/loja\/"},{"@type":"ListItem","position":3,"name":"Kit Duplo Clareador"}]},{"@type":"WebSite","@id":"https:\/\/probelle.com.br\/en\/#website","url":"https:\/\/probelle.com.br\/en\/","name":"Probelle Cosm\u00e9ticos","description":"Todo mundo tem em casa.","publisher":{"@id":"https:\/\/probelle.com.br\/en\/#organization"},"potentialAction":[{"@type":"SearchAction","target":{"@type":"EntryPoint","urlTemplate":"https:\/\/probelle.com.br\/en\/?s={search_term_string}"},"query-input":{"@type":"PropertyValueSpecification","valueRequired":true,"valueName":"search_term_string"}}],"inLanguage":"en-US"},{"@type":"Organization","@id":"https:\/\/probelle.com.br\/en\/#organization","name":"Probelle Cosm\u00e9ticos","url":"https:\/\/probelle.com.br\/en\/","logo":{"@type":"ImageObject","inLanguage":"en-US","@id":"https:\/\/probelle.com.br\/en\/#\/schema\/logo\/image\/","url":"https:\/\/probelle.com.br\/wp-content\/uploads\/2022\/08\/Para-o-sitee.jpg","contentUrl":"https:\/\/probelle.com.br\/wp-content\/uploads\/2022\/08\/Para-o-sitee.jpg","width":1000,"height":750,"caption":"Probelle Cosm\u00e9ticos"},"image":{"@id":"https:\/\/probelle.com.br\/en\/#\/schema\/logo\/image\/"},"sameAs":["https:\/\/www.facebook.com\/probelle\/","https:\/\/www.instagram.com\/probellecosmeticos\/","https:\/\/www.youtube.com\/c\/ProbelleCosm\u00e9ticos\/","https:\/\/br.linkedin.com\/company\/probellecosmeticos","https:\/\/br.pinterest.com\/probellecosmeticos\/"]}]}},"_links":{"self":[{"href":"https:\/\/probelle.com.br\/en\/wp-json\/wp\/v2\/product\/24453","targetHints":{"allow":["GET"]}}],"collection":[{"href":"https:\/\/probelle.com.br\/en\/wp-json\/wp\/v2\/product"}],"about":[{"href":"https:\/\/probelle.com.br\/en\/wp-json\/wp\/v2\/types\/product"}],"wp:featuredmedia":[{"embeddable":true,"href":"https:\/\/probelle.com.br\/en\/wp-json\/wp\/v2\/media\/29445"}],"wp:attachment":[{"href":"https:\/\/probelle.com.br\/en\/wp-json\/wp\/v2\/media?parent=24453"}],"wp:term":[{"taxonomy":"product_brand","embeddable":true,"href":"https:\/\/probelle.com.br\/en\/wp-json\/wp\/v2\/product_brand?post=24453"},{"taxonomy":"product_cat","embeddable":true,"href":"https:\/\/probelle.com.br\/en\/wp-json\/wp\/v2\/product_cat?post=24453"},{"taxonomy":"product_tag","embeddable":true,"href":"https:\/\/probelle.com.br\/en\/wp-json\/wp\/v2\/product_tag?post=24453"}],"curies":[{"name":"wp","href":"https:\/\/api.w.org\/{rel}","templated":true}]}}