{"id":23310,"date":"2023-07-28T14:36:08","date_gmt":"2023-07-28T17:36:08","guid":{"rendered":"https:\/\/probelle.com.br\/produto\/creme-de-tratamento-cachos-dos-sonhos-900ml\/"},"modified":"2024-07-03T10:56:40","modified_gmt":"2024-07-03T13:56:40","slug":"creme-de-tratamento-cachos-dos-sonhos-900ml","status":"publish","type":"product","link":"https:\/\/probelle.com.br\/en\/produto\/creme-de-tratamento-cachos-dos-sonhos-900ml\/","title":{"rendered":"Creme de Tratamento Cachos dos Sonhos 900mL"},"content":{"rendered":"<p>O Creme para Pentear Cachos dos Sonhos \u00e9 ideal para cabelos ondulados 2B, 2C e cacheados 3A, 3B e 3C pois possui ativos como: \u00d3leo de Coco, Extrato de Broto de Bambu, Extrato de Centella Asi\u00e1tica e um Blend de 14 Amino\u00e1cidos em sua f\u00f3rmula que garantem o equil\u00edbrio do pH aos fios, cut\u00edculas seladas, nutridas, hidrata\u00e7\u00e3o intensa e cachos sedosos. Al\u00e9m disso, ainda conta com a sinergia do Amido de Milho e Queratina que garantem defini\u00e7\u00e3o da raiz \u00e0s pontas, cachos soltos e volume extra com efeito antigravidade.<\/p>\n","protected":false},"excerpt":{"rendered":"<p>Toda Cacheada merece ter um tratamento dos Sonhos e a linha Super Bonita torna seus sonhos em cachos reais. Para cabelos tipo 2B, 2C, 3A, 3B e 3C.<\/p>\n","protected":false},"featured_media":24731,"template":"","meta":{"_joinchat":[]},"product_brand":[],"product_cat":[311],"product_tag":[594],"class_list":{"0":"post-23310","1":"product","2":"type-product","3":"status-publish","4":"has-post-thumbnail","6":"product_cat-super-bonita","7":"product_tag-produtos-probelle","9":"first","10":"instock","11":"shipping-taxable","12":"purchasable","13":"product-type-simple"},"yoast_head":"<!-- This site is optimized with the Yoast SEO Premium plugin v23.5 (Yoast SEO v26.5) - https:\/\/yoast.com\/wordpress\/plugins\/seo\/ -->\n<title>Creme de Tratamento Cachos dos Sonhos 900mL ~ Probelle Cosm\u00e9ticos<\/title>\n<meta name=\"robots\" content=\"index, follow, max-snippet:-1, max-image-preview:large, max-video-preview:-1\" \/>\n<link rel=\"canonical\" href=\"https:\/\/probelle.com.br\/en\/produto\/creme-de-tratamento-cachos-dos-sonhos-900ml\/\" \/>\n<meta property=\"og:locale\" content=\"en_US\" \/>\n<meta property=\"og:type\" content=\"article\" \/>\n<meta property=\"og:title\" content=\"Creme de Tratamento Cachos dos Sonhos 900mL\" \/>\n<meta property=\"og:description\" content=\"Toda Cacheada merece ter um tratamento dos Sonhos e a linha Super Bonita torna seus sonhos em cachos reais. Para cabelos tipo 2B, 2C, 3A, 3B e 3C.\" \/>\n<meta property=\"og:url\" content=\"https:\/\/probelle.com.br\/en\/produto\/creme-de-tratamento-cachos-dos-sonhos-900ml\/\" \/>\n<meta property=\"og:site_name\" content=\"Probelle Cosm\u00e9ticos\" \/>\n<meta property=\"article:publisher\" content=\"https:\/\/www.facebook.com\/probelle\/\" \/>\n<meta property=\"article:modified_time\" content=\"2024-07-03T13:56:40+00:00\" \/>\n<meta property=\"og:image\" content=\"https:\/\/probelle.com.br\/wp-content\/uploads\/2023\/07\/CREME-DE-TRATAMENTO-1.jpg\" \/>\n\t<meta property=\"og:image:width\" content=\"416\" \/>\n\t<meta property=\"og:image:height\" content=\"416\" \/>\n\t<meta property=\"og:image:type\" content=\"image\/jpeg\" \/>\n<meta name=\"twitter:card\" content=\"summary_large_image\" \/>\n<meta name=\"twitter:label1\" content=\"Est. reading time\" \/>\n\t<meta name=\"twitter:data1\" content=\"1 minute\" \/>\n<script type=\"application\/ld+json\" class=\"yoast-schema-graph\">{\"@context\":\"https:\/\/schema.org\",\"@graph\":[{\"@type\":\"WebPage\",\"@id\":\"https:\/\/probelle.com.br\/en\/produto\/creme-de-tratamento-cachos-dos-sonhos-900ml\/\",\"url\":\"https:\/\/probelle.com.br\/en\/produto\/creme-de-tratamento-cachos-dos-sonhos-900ml\/\",\"name\":\"Creme de Tratamento Cachos dos Sonhos 900mL ~ Probelle Cosm\u00e9ticos\",\"isPartOf\":{\"@id\":\"https:\/\/probelle.com.br\/en\/#website\"},\"primaryImageOfPage\":{\"@id\":\"https:\/\/probelle.com.br\/en\/produto\/creme-de-tratamento-cachos-dos-sonhos-900ml\/#primaryimage\"},\"image\":{\"@id\":\"https:\/\/probelle.com.br\/en\/produto\/creme-de-tratamento-cachos-dos-sonhos-900ml\/#primaryimage\"},\"thumbnailUrl\":\"https:\/\/probelle.com.br\/wp-content\/uploads\/2023\/07\/CREME-DE-TRATAMENTO-1.jpg\",\"datePublished\":\"2023-07-28T17:36:08+00:00\",\"dateModified\":\"2024-07-03T13:56:40+00:00\",\"breadcrumb\":{\"@id\":\"https:\/\/probelle.com.br\/en\/produto\/creme-de-tratamento-cachos-dos-sonhos-900ml\/#breadcrumb\"},\"inLanguage\":\"en-US\",\"potentialAction\":[{\"@type\":\"ReadAction\",\"target\":[\"https:\/\/probelle.com.br\/en\/produto\/creme-de-tratamento-cachos-dos-sonhos-900ml\/\"]}]},{\"@type\":\"ImageObject\",\"inLanguage\":\"en-US\",\"@id\":\"https:\/\/probelle.com.br\/en\/produto\/creme-de-tratamento-cachos-dos-sonhos-900ml\/#primaryimage\",\"url\":\"https:\/\/probelle.com.br\/wp-content\/uploads\/2023\/07\/CREME-DE-TRATAMENTO-1.jpg\",\"contentUrl\":\"https:\/\/probelle.com.br\/wp-content\/uploads\/2023\/07\/CREME-DE-TRATAMENTO-1.jpg\",\"width\":416,\"height\":416},{\"@type\":\"BreadcrumbList\",\"@id\":\"https:\/\/probelle.com.br\/en\/produto\/creme-de-tratamento-cachos-dos-sonhos-900ml\/#breadcrumb\",\"itemListElement\":[{\"@type\":\"ListItem\",\"position\":1,\"name\":\"Home\",\"item\":\"https:\/\/probelle.com.br\/en\/\"},{\"@type\":\"ListItem\",\"position\":2,\"name\":\"Loja\",\"item\":\"https:\/\/probelle.com.br\/loja\/\"},{\"@type\":\"ListItem\",\"position\":3,\"name\":\"Creme de Tratamento Cachos dos Sonhos 900mL\"}]},{\"@type\":\"WebSite\",\"@id\":\"https:\/\/probelle.com.br\/en\/#website\",\"url\":\"https:\/\/probelle.com.br\/en\/\",\"name\":\"Probelle Cosm\u00e9ticos\",\"description\":\"Todo mundo tem em casa.\",\"publisher\":{\"@id\":\"https:\/\/probelle.com.br\/en\/#organization\"},\"potentialAction\":[{\"@type\":\"SearchAction\",\"target\":{\"@type\":\"EntryPoint\",\"urlTemplate\":\"https:\/\/probelle.com.br\/en\/?s={search_term_string}\"},\"query-input\":{\"@type\":\"PropertyValueSpecification\",\"valueRequired\":true,\"valueName\":\"search_term_string\"}}],\"inLanguage\":\"en-US\"},{\"@type\":\"Organization\",\"@id\":\"https:\/\/probelle.com.br\/en\/#organization\",\"name\":\"Probelle Cosm\u00e9ticos\",\"url\":\"https:\/\/probelle.com.br\/en\/\",\"logo\":{\"@type\":\"ImageObject\",\"inLanguage\":\"en-US\",\"@id\":\"https:\/\/probelle.com.br\/en\/#\/schema\/logo\/image\/\",\"url\":\"https:\/\/probelle.com.br\/wp-content\/uploads\/2022\/08\/Para-o-sitee.jpg\",\"contentUrl\":\"https:\/\/probelle.com.br\/wp-content\/uploads\/2022\/08\/Para-o-sitee.jpg\",\"width\":1000,\"height\":750,\"caption\":\"Probelle Cosm\u00e9ticos\"},\"image\":{\"@id\":\"https:\/\/probelle.com.br\/en\/#\/schema\/logo\/image\/\"},\"sameAs\":[\"https:\/\/www.facebook.com\/probelle\/\",\"https:\/\/www.instagram.com\/probellecosmeticos\/\",\"https:\/\/www.youtube.com\/c\/ProbelleCosm\u00e9ticos\/\",\"https:\/\/br.linkedin.com\/company\/probellecosmeticos\",\"https:\/\/br.pinterest.com\/probellecosmeticos\/\"]}]}<\/script>\n<!-- \/ Yoast SEO Premium plugin. -->","yoast_head_json":{"title":"Creme de Tratamento Cachos dos Sonhos 900mL ~ Probelle Cosm\u00e9ticos","robots":{"index":"index","follow":"follow","max-snippet":"max-snippet:-1","max-image-preview":"max-image-preview:large","max-video-preview":"max-video-preview:-1"},"canonical":"https:\/\/probelle.com.br\/en\/produto\/creme-de-tratamento-cachos-dos-sonhos-900ml\/","og_locale":"en_US","og_type":"article","og_title":"Creme de Tratamento Cachos dos Sonhos 900mL","og_description":"Toda Cacheada merece ter um tratamento dos Sonhos e a linha Super Bonita torna seus sonhos em cachos reais. Para cabelos tipo 2B, 2C, 3A, 3B e 3C.","og_url":"https:\/\/probelle.com.br\/en\/produto\/creme-de-tratamento-cachos-dos-sonhos-900ml\/","og_site_name":"Probelle Cosm\u00e9ticos","article_publisher":"https:\/\/www.facebook.com\/probelle\/","article_modified_time":"2024-07-03T13:56:40+00:00","og_image":[{"width":416,"height":416,"url":"https:\/\/probelle.com.br\/wp-content\/uploads\/2023\/07\/CREME-DE-TRATAMENTO-1.jpg","type":"image\/jpeg"}],"twitter_card":"summary_large_image","twitter_misc":{"Est. reading time":"1 minute"},"schema":{"@context":"https:\/\/schema.org","@graph":[{"@type":"WebPage","@id":"https:\/\/probelle.com.br\/en\/produto\/creme-de-tratamento-cachos-dos-sonhos-900ml\/","url":"https:\/\/probelle.com.br\/en\/produto\/creme-de-tratamento-cachos-dos-sonhos-900ml\/","name":"Creme de Tratamento Cachos dos Sonhos 900mL ~ Probelle Cosm\u00e9ticos","isPartOf":{"@id":"https:\/\/probelle.com.br\/en\/#website"},"primaryImageOfPage":{"@id":"https:\/\/probelle.com.br\/en\/produto\/creme-de-tratamento-cachos-dos-sonhos-900ml\/#primaryimage"},"image":{"@id":"https:\/\/probelle.com.br\/en\/produto\/creme-de-tratamento-cachos-dos-sonhos-900ml\/#primaryimage"},"thumbnailUrl":"https:\/\/probelle.com.br\/wp-content\/uploads\/2023\/07\/CREME-DE-TRATAMENTO-1.jpg","datePublished":"2023-07-28T17:36:08+00:00","dateModified":"2024-07-03T13:56:40+00:00","breadcrumb":{"@id":"https:\/\/probelle.com.br\/en\/produto\/creme-de-tratamento-cachos-dos-sonhos-900ml\/#breadcrumb"},"inLanguage":"en-US","potentialAction":[{"@type":"ReadAction","target":["https:\/\/probelle.com.br\/en\/produto\/creme-de-tratamento-cachos-dos-sonhos-900ml\/"]}]},{"@type":"ImageObject","inLanguage":"en-US","@id":"https:\/\/probelle.com.br\/en\/produto\/creme-de-tratamento-cachos-dos-sonhos-900ml\/#primaryimage","url":"https:\/\/probelle.com.br\/wp-content\/uploads\/2023\/07\/CREME-DE-TRATAMENTO-1.jpg","contentUrl":"https:\/\/probelle.com.br\/wp-content\/uploads\/2023\/07\/CREME-DE-TRATAMENTO-1.jpg","width":416,"height":416},{"@type":"BreadcrumbList","@id":"https:\/\/probelle.com.br\/en\/produto\/creme-de-tratamento-cachos-dos-sonhos-900ml\/#breadcrumb","itemListElement":[{"@type":"ListItem","position":1,"name":"Home","item":"https:\/\/probelle.com.br\/en\/"},{"@type":"ListItem","position":2,"name":"Loja","item":"https:\/\/probelle.com.br\/loja\/"},{"@type":"ListItem","position":3,"name":"Creme de Tratamento Cachos dos Sonhos 900mL"}]},{"@type":"WebSite","@id":"https:\/\/probelle.com.br\/en\/#website","url":"https:\/\/probelle.com.br\/en\/","name":"Probelle Cosm\u00e9ticos","description":"Todo mundo tem em casa.","publisher":{"@id":"https:\/\/probelle.com.br\/en\/#organization"},"potentialAction":[{"@type":"SearchAction","target":{"@type":"EntryPoint","urlTemplate":"https:\/\/probelle.com.br\/en\/?s={search_term_string}"},"query-input":{"@type":"PropertyValueSpecification","valueRequired":true,"valueName":"search_term_string"}}],"inLanguage":"en-US"},{"@type":"Organization","@id":"https:\/\/probelle.com.br\/en\/#organization","name":"Probelle Cosm\u00e9ticos","url":"https:\/\/probelle.com.br\/en\/","logo":{"@type":"ImageObject","inLanguage":"en-US","@id":"https:\/\/probelle.com.br\/en\/#\/schema\/logo\/image\/","url":"https:\/\/probelle.com.br\/wp-content\/uploads\/2022\/08\/Para-o-sitee.jpg","contentUrl":"https:\/\/probelle.com.br\/wp-content\/uploads\/2022\/08\/Para-o-sitee.jpg","width":1000,"height":750,"caption":"Probelle Cosm\u00e9ticos"},"image":{"@id":"https:\/\/probelle.com.br\/en\/#\/schema\/logo\/image\/"},"sameAs":["https:\/\/www.facebook.com\/probelle\/","https:\/\/www.instagram.com\/probellecosmeticos\/","https:\/\/www.youtube.com\/c\/ProbelleCosm\u00e9ticos\/","https:\/\/br.linkedin.com\/company\/probellecosmeticos","https:\/\/br.pinterest.com\/probellecosmeticos\/"]}]}},"_links":{"self":[{"href":"https:\/\/probelle.com.br\/en\/wp-json\/wp\/v2\/product\/23310","targetHints":{"allow":["GET"]}}],"collection":[{"href":"https:\/\/probelle.com.br\/en\/wp-json\/wp\/v2\/product"}],"about":[{"href":"https:\/\/probelle.com.br\/en\/wp-json\/wp\/v2\/types\/product"}],"wp:featuredmedia":[{"embeddable":true,"href":"https:\/\/probelle.com.br\/en\/wp-json\/wp\/v2\/media\/24731"}],"wp:attachment":[{"href":"https:\/\/probelle.com.br\/en\/wp-json\/wp\/v2\/media?parent=23310"}],"wp:term":[{"taxonomy":"product_brand","embeddable":true,"href":"https:\/\/probelle.com.br\/en\/wp-json\/wp\/v2\/product_brand?post=23310"},{"taxonomy":"product_cat","embeddable":true,"href":"https:\/\/probelle.com.br\/en\/wp-json\/wp\/v2\/product_cat?post=23310"},{"taxonomy":"product_tag","embeddable":true,"href":"https:\/\/probelle.com.br\/en\/wp-json\/wp\/v2\/product_tag?post=23310"}],"curies":[{"name":"wp","href":"https:\/\/api.w.org\/{rel}","templated":true}]}}