{"id":23305,"date":"2023-07-28T14:36:04","date_gmt":"2023-07-28T17:36:04","guid":{"rendered":"https:\/\/probelle.com.br\/produto\/creme-p-pentear-cachos-dos-sonhos-800ml\/"},"modified":"2024-07-16T23:46:51","modified_gmt":"2024-07-17T02:46:51","slug":"creme-para-pentear-cachos-dos-sonhos-800ml","status":"publish","type":"product","link":"https:\/\/probelle.com.br\/en\/produto\/creme-para-pentear-cachos-dos-sonhos-800ml\/","title":{"rendered":"Creme para Pentear Cachos dos Sonhos 800mL"},"content":{"rendered":"<p>O Creme para Pentear Cachos dos Sonhos \u00e9 um produto sem enx\u00e1gue formulado com \u00f3leo de coco, extrato de broto de bambu, extrato de centella asi\u00e1tica e um blend de 14 amino\u00e1cidos. Esses ingredientes ajudam a hidratar, nutrir, proteger os fios e definir os cachos.<\/p>\n<p>O Creme para Pentear Cachos dos Sonhos \u00e9 ideal para cabelos ondulados 2B, 2C e cacheados 3A, 3B e 3C. Para usar, aplique o creme nos cabelos \u00famidos e penteie como de costume. O creme vai ajudar a definir os cachos, controlar o frizz e facilitar o penteado.<\/p>\n<p>Aqui est\u00e3o alguns dos benef\u00edcios do Creme para Pentear Cachos dos Sonhos:<\/p>\n<ul>\n<li style=\"list-style-type: none;\">\n<ul>\n<li>Hidrata\u00e7\u00e3o intensa<\/li>\n<li>Nutri\u00e7\u00e3o<\/li>\n<li>Prote\u00e7\u00e3o contra danos<\/li>\n<li>Defini\u00e7\u00e3o dos cachos<\/li>\n<li>Controle do frizz<\/li>\n<li>Brilho<\/li>\n<li>Volume extra<\/li>\n<\/ul>\n<\/li>\n<\/ul>\n<p>O Creme para Pentear Cachos dos Sonhos \u00e9 um produto de alta qualidade que vai ajudar voc\u00ea a manter seus cabelos cacheados bonitos e saud\u00e1veis.<\/p>\n","protected":false},"excerpt":{"rendered":"<p>O Creme para Pentear Cachos dos Sonhos \u00e9 um produto sem enx\u00e1gue que ajuda a definir os cachos, controlar o frizz e proporcionar brilho intenso. \u00c9 ideal para cabelos ondulados 2B, 2C e cacheados 3A, 3B e 3C.<\/p>\n","protected":false},"featured_media":23948,"template":"","meta":{"_joinchat":[]},"product_brand":[],"product_cat":[311],"product_tag":[594],"class_list":{"0":"post-23305","1":"product","2":"type-product","3":"status-publish","4":"has-post-thumbnail","6":"product_cat-super-bonita","7":"product_tag-produtos-probelle","9":"first","10":"instock","11":"shipping-taxable","12":"purchasable","13":"product-type-simple"},"yoast_head":"<!-- This site is optimized with the Yoast SEO Premium plugin v23.5 (Yoast SEO v26.5) - https:\/\/yoast.com\/wordpress\/plugins\/seo\/ -->\n<title>Creme para Pentear Cachos dos Sonhos 800mL ~ Probelle Cosm\u00e9ticos<\/title>\n<meta name=\"description\" content=\"Creme para Pentear Cachos dos Sonhos, produto sem enx\u00e1gue, definir cachos, controlar frizz, brilho intenso, \u00f3leo de coco, extrato de broto de bambu, extrato de centella asi\u00e1tica, blend de 14 amino\u00e1cidos, cabelos ondulados 2B, 2C e cacheados 3A, 3B e 3C, hidrata\u00e7\u00e3o, nutri\u00e7\u00e3o, prote\u00e7\u00e3o contra danos, defini\u00e7\u00e3o dos cachos, controle do frizz, brilho, volume extra.\" \/>\n<meta name=\"robots\" content=\"index, follow, max-snippet:-1, max-image-preview:large, max-video-preview:-1\" \/>\n<link rel=\"canonical\" href=\"https:\/\/probelle.com.br\/en\/produto\/creme-para-pentear-cachos-dos-sonhos-800ml\/\" \/>\n<meta property=\"og:locale\" content=\"en_US\" \/>\n<meta property=\"og:type\" content=\"article\" \/>\n<meta property=\"og:title\" content=\"Creme para Pentear Cachos dos Sonhos 800mL\" \/>\n<meta property=\"og:description\" content=\"Creme para Pentear Cachos dos Sonhos, produto sem enx\u00e1gue, definir cachos, controlar frizz, brilho intenso, \u00f3leo de coco, extrato de broto de bambu, extrato de centella asi\u00e1tica, blend de 14 amino\u00e1cidos, cabelos ondulados 2B, 2C e cacheados 3A, 3B e 3C, hidrata\u00e7\u00e3o, nutri\u00e7\u00e3o, prote\u00e7\u00e3o contra danos, defini\u00e7\u00e3o dos cachos, controle do frizz, brilho, volume extra.\" \/>\n<meta property=\"og:url\" content=\"https:\/\/probelle.com.br\/en\/produto\/creme-para-pentear-cachos-dos-sonhos-800ml\/\" \/>\n<meta property=\"og:site_name\" content=\"Probelle Cosm\u00e9ticos\" \/>\n<meta property=\"article:publisher\" content=\"https:\/\/www.facebook.com\/probelle\/\" \/>\n<meta property=\"article:modified_time\" content=\"2024-07-17T02:46:51+00:00\" \/>\n<meta property=\"og:image\" content=\"https:\/\/probelle.com.br\/wp-content\/uploads\/2023\/07\/cachos-dos-sonhos-c.-pentear.jpg\" \/>\n\t<meta property=\"og:image:width\" content=\"1024\" \/>\n\t<meta property=\"og:image:height\" content=\"1024\" \/>\n\t<meta property=\"og:image:type\" content=\"image\/jpeg\" \/>\n<meta name=\"twitter:card\" content=\"summary_large_image\" \/>\n<meta name=\"twitter:label1\" content=\"Est. reading time\" \/>\n\t<meta name=\"twitter:data1\" content=\"2 minutes\" \/>\n<script type=\"application\/ld+json\" class=\"yoast-schema-graph\">{\"@context\":\"https:\/\/schema.org\",\"@graph\":[{\"@type\":\"WebPage\",\"@id\":\"https:\/\/probelle.com.br\/en\/produto\/creme-para-pentear-cachos-dos-sonhos-800ml\/\",\"url\":\"https:\/\/probelle.com.br\/en\/produto\/creme-para-pentear-cachos-dos-sonhos-800ml\/\",\"name\":\"Creme para Pentear Cachos dos Sonhos 800mL ~ Probelle Cosm\u00e9ticos\",\"isPartOf\":{\"@id\":\"https:\/\/probelle.com.br\/en\/#website\"},\"primaryImageOfPage\":{\"@id\":\"https:\/\/probelle.com.br\/en\/produto\/creme-para-pentear-cachos-dos-sonhos-800ml\/#primaryimage\"},\"image\":{\"@id\":\"https:\/\/probelle.com.br\/en\/produto\/creme-para-pentear-cachos-dos-sonhos-800ml\/#primaryimage\"},\"thumbnailUrl\":\"https:\/\/probelle.com.br\/wp-content\/uploads\/2023\/07\/cachos-dos-sonhos-c.-pentear.jpg\",\"datePublished\":\"2023-07-28T17:36:04+00:00\",\"dateModified\":\"2024-07-17T02:46:51+00:00\",\"description\":\"Creme para Pentear Cachos dos Sonhos, produto sem enx\u00e1gue, definir cachos, controlar frizz, brilho intenso, \u00f3leo de coco, extrato de broto de bambu, extrato de centella asi\u00e1tica, blend de 14 amino\u00e1cidos, cabelos ondulados 2B, 2C e cacheados 3A, 3B e 3C, hidrata\u00e7\u00e3o, nutri\u00e7\u00e3o, prote\u00e7\u00e3o contra danos, defini\u00e7\u00e3o dos cachos, controle do frizz, brilho, volume extra.\",\"breadcrumb\":{\"@id\":\"https:\/\/probelle.com.br\/en\/produto\/creme-para-pentear-cachos-dos-sonhos-800ml\/#breadcrumb\"},\"inLanguage\":\"en-US\",\"potentialAction\":[{\"@type\":\"ReadAction\",\"target\":[\"https:\/\/probelle.com.br\/en\/produto\/creme-para-pentear-cachos-dos-sonhos-800ml\/\"]}]},{\"@type\":\"ImageObject\",\"inLanguage\":\"en-US\",\"@id\":\"https:\/\/probelle.com.br\/en\/produto\/creme-para-pentear-cachos-dos-sonhos-800ml\/#primaryimage\",\"url\":\"https:\/\/probelle.com.br\/wp-content\/uploads\/2023\/07\/cachos-dos-sonhos-c.-pentear.jpg\",\"contentUrl\":\"https:\/\/probelle.com.br\/wp-content\/uploads\/2023\/07\/cachos-dos-sonhos-c.-pentear.jpg\",\"width\":1024,\"height\":1024},{\"@type\":\"BreadcrumbList\",\"@id\":\"https:\/\/probelle.com.br\/en\/produto\/creme-para-pentear-cachos-dos-sonhos-800ml\/#breadcrumb\",\"itemListElement\":[{\"@type\":\"ListItem\",\"position\":1,\"name\":\"Home\",\"item\":\"https:\/\/probelle.com.br\/en\/\"},{\"@type\":\"ListItem\",\"position\":2,\"name\":\"Loja\",\"item\":\"https:\/\/probelle.com.br\/loja\/\"},{\"@type\":\"ListItem\",\"position\":3,\"name\":\"Creme para Pentear Cachos dos Sonhos 800mL\"}]},{\"@type\":\"WebSite\",\"@id\":\"https:\/\/probelle.com.br\/en\/#website\",\"url\":\"https:\/\/probelle.com.br\/en\/\",\"name\":\"Probelle Cosm\u00e9ticos\",\"description\":\"Todo mundo tem em casa.\",\"publisher\":{\"@id\":\"https:\/\/probelle.com.br\/en\/#organization\"},\"potentialAction\":[{\"@type\":\"SearchAction\",\"target\":{\"@type\":\"EntryPoint\",\"urlTemplate\":\"https:\/\/probelle.com.br\/en\/?s={search_term_string}\"},\"query-input\":{\"@type\":\"PropertyValueSpecification\",\"valueRequired\":true,\"valueName\":\"search_term_string\"}}],\"inLanguage\":\"en-US\"},{\"@type\":\"Organization\",\"@id\":\"https:\/\/probelle.com.br\/en\/#organization\",\"name\":\"Probelle Cosm\u00e9ticos\",\"url\":\"https:\/\/probelle.com.br\/en\/\",\"logo\":{\"@type\":\"ImageObject\",\"inLanguage\":\"en-US\",\"@id\":\"https:\/\/probelle.com.br\/en\/#\/schema\/logo\/image\/\",\"url\":\"https:\/\/probelle.com.br\/wp-content\/uploads\/2022\/08\/Para-o-sitee.jpg\",\"contentUrl\":\"https:\/\/probelle.com.br\/wp-content\/uploads\/2022\/08\/Para-o-sitee.jpg\",\"width\":1000,\"height\":750,\"caption\":\"Probelle Cosm\u00e9ticos\"},\"image\":{\"@id\":\"https:\/\/probelle.com.br\/en\/#\/schema\/logo\/image\/\"},\"sameAs\":[\"https:\/\/www.facebook.com\/probelle\/\",\"https:\/\/www.instagram.com\/probellecosmeticos\/\",\"https:\/\/www.youtube.com\/c\/ProbelleCosm\u00e9ticos\/\",\"https:\/\/br.linkedin.com\/company\/probellecosmeticos\",\"https:\/\/br.pinterest.com\/probellecosmeticos\/\"]}]}<\/script>\n<!-- \/ Yoast SEO Premium plugin. -->","yoast_head_json":{"title":"Creme para Pentear Cachos dos Sonhos 800mL ~ Probelle Cosm\u00e9ticos","description":"Creme para Pentear Cachos dos Sonhos, produto sem enx\u00e1gue, definir cachos, controlar frizz, brilho intenso, \u00f3leo de coco, extrato de broto de bambu, extrato de centella asi\u00e1tica, blend de 14 amino\u00e1cidos, cabelos ondulados 2B, 2C e cacheados 3A, 3B e 3C, hidrata\u00e7\u00e3o, nutri\u00e7\u00e3o, prote\u00e7\u00e3o contra danos, defini\u00e7\u00e3o dos cachos, controle do frizz, brilho, volume extra.","robots":{"index":"index","follow":"follow","max-snippet":"max-snippet:-1","max-image-preview":"max-image-preview:large","max-video-preview":"max-video-preview:-1"},"canonical":"https:\/\/probelle.com.br\/en\/produto\/creme-para-pentear-cachos-dos-sonhos-800ml\/","og_locale":"en_US","og_type":"article","og_title":"Creme para Pentear Cachos dos Sonhos 800mL","og_description":"Creme para Pentear Cachos dos Sonhos, produto sem enx\u00e1gue, definir cachos, controlar frizz, brilho intenso, \u00f3leo de coco, extrato de broto de bambu, extrato de centella asi\u00e1tica, blend de 14 amino\u00e1cidos, cabelos ondulados 2B, 2C e cacheados 3A, 3B e 3C, hidrata\u00e7\u00e3o, nutri\u00e7\u00e3o, prote\u00e7\u00e3o contra danos, defini\u00e7\u00e3o dos cachos, controle do frizz, brilho, volume extra.","og_url":"https:\/\/probelle.com.br\/en\/produto\/creme-para-pentear-cachos-dos-sonhos-800ml\/","og_site_name":"Probelle Cosm\u00e9ticos","article_publisher":"https:\/\/www.facebook.com\/probelle\/","article_modified_time":"2024-07-17T02:46:51+00:00","og_image":[{"width":1024,"height":1024,"url":"https:\/\/probelle.com.br\/wp-content\/uploads\/2023\/07\/cachos-dos-sonhos-c.-pentear.jpg","type":"image\/jpeg"}],"twitter_card":"summary_large_image","twitter_misc":{"Est. reading time":"2 minutes"},"schema":{"@context":"https:\/\/schema.org","@graph":[{"@type":"WebPage","@id":"https:\/\/probelle.com.br\/en\/produto\/creme-para-pentear-cachos-dos-sonhos-800ml\/","url":"https:\/\/probelle.com.br\/en\/produto\/creme-para-pentear-cachos-dos-sonhos-800ml\/","name":"Creme para Pentear Cachos dos Sonhos 800mL ~ Probelle Cosm\u00e9ticos","isPartOf":{"@id":"https:\/\/probelle.com.br\/en\/#website"},"primaryImageOfPage":{"@id":"https:\/\/probelle.com.br\/en\/produto\/creme-para-pentear-cachos-dos-sonhos-800ml\/#primaryimage"},"image":{"@id":"https:\/\/probelle.com.br\/en\/produto\/creme-para-pentear-cachos-dos-sonhos-800ml\/#primaryimage"},"thumbnailUrl":"https:\/\/probelle.com.br\/wp-content\/uploads\/2023\/07\/cachos-dos-sonhos-c.-pentear.jpg","datePublished":"2023-07-28T17:36:04+00:00","dateModified":"2024-07-17T02:46:51+00:00","description":"Creme para Pentear Cachos dos Sonhos, produto sem enx\u00e1gue, definir cachos, controlar frizz, brilho intenso, \u00f3leo de coco, extrato de broto de bambu, extrato de centella asi\u00e1tica, blend de 14 amino\u00e1cidos, cabelos ondulados 2B, 2C e cacheados 3A, 3B e 3C, hidrata\u00e7\u00e3o, nutri\u00e7\u00e3o, prote\u00e7\u00e3o contra danos, defini\u00e7\u00e3o dos cachos, controle do frizz, brilho, volume extra.","breadcrumb":{"@id":"https:\/\/probelle.com.br\/en\/produto\/creme-para-pentear-cachos-dos-sonhos-800ml\/#breadcrumb"},"inLanguage":"en-US","potentialAction":[{"@type":"ReadAction","target":["https:\/\/probelle.com.br\/en\/produto\/creme-para-pentear-cachos-dos-sonhos-800ml\/"]}]},{"@type":"ImageObject","inLanguage":"en-US","@id":"https:\/\/probelle.com.br\/en\/produto\/creme-para-pentear-cachos-dos-sonhos-800ml\/#primaryimage","url":"https:\/\/probelle.com.br\/wp-content\/uploads\/2023\/07\/cachos-dos-sonhos-c.-pentear.jpg","contentUrl":"https:\/\/probelle.com.br\/wp-content\/uploads\/2023\/07\/cachos-dos-sonhos-c.-pentear.jpg","width":1024,"height":1024},{"@type":"BreadcrumbList","@id":"https:\/\/probelle.com.br\/en\/produto\/creme-para-pentear-cachos-dos-sonhos-800ml\/#breadcrumb","itemListElement":[{"@type":"ListItem","position":1,"name":"Home","item":"https:\/\/probelle.com.br\/en\/"},{"@type":"ListItem","position":2,"name":"Loja","item":"https:\/\/probelle.com.br\/loja\/"},{"@type":"ListItem","position":3,"name":"Creme para Pentear Cachos dos Sonhos 800mL"}]},{"@type":"WebSite","@id":"https:\/\/probelle.com.br\/en\/#website","url":"https:\/\/probelle.com.br\/en\/","name":"Probelle Cosm\u00e9ticos","description":"Todo mundo tem em casa.","publisher":{"@id":"https:\/\/probelle.com.br\/en\/#organization"},"potentialAction":[{"@type":"SearchAction","target":{"@type":"EntryPoint","urlTemplate":"https:\/\/probelle.com.br\/en\/?s={search_term_string}"},"query-input":{"@type":"PropertyValueSpecification","valueRequired":true,"valueName":"search_term_string"}}],"inLanguage":"en-US"},{"@type":"Organization","@id":"https:\/\/probelle.com.br\/en\/#organization","name":"Probelle Cosm\u00e9ticos","url":"https:\/\/probelle.com.br\/en\/","logo":{"@type":"ImageObject","inLanguage":"en-US","@id":"https:\/\/probelle.com.br\/en\/#\/schema\/logo\/image\/","url":"https:\/\/probelle.com.br\/wp-content\/uploads\/2022\/08\/Para-o-sitee.jpg","contentUrl":"https:\/\/probelle.com.br\/wp-content\/uploads\/2022\/08\/Para-o-sitee.jpg","width":1000,"height":750,"caption":"Probelle Cosm\u00e9ticos"},"image":{"@id":"https:\/\/probelle.com.br\/en\/#\/schema\/logo\/image\/"},"sameAs":["https:\/\/www.facebook.com\/probelle\/","https:\/\/www.instagram.com\/probellecosmeticos\/","https:\/\/www.youtube.com\/c\/ProbelleCosm\u00e9ticos\/","https:\/\/br.linkedin.com\/company\/probellecosmeticos","https:\/\/br.pinterest.com\/probellecosmeticos\/"]}]}},"_links":{"self":[{"href":"https:\/\/probelle.com.br\/en\/wp-json\/wp\/v2\/product\/23305","targetHints":{"allow":["GET"]}}],"collection":[{"href":"https:\/\/probelle.com.br\/en\/wp-json\/wp\/v2\/product"}],"about":[{"href":"https:\/\/probelle.com.br\/en\/wp-json\/wp\/v2\/types\/product"}],"wp:featuredmedia":[{"embeddable":true,"href":"https:\/\/probelle.com.br\/en\/wp-json\/wp\/v2\/media\/23948"}],"wp:attachment":[{"href":"https:\/\/probelle.com.br\/en\/wp-json\/wp\/v2\/media?parent=23305"}],"wp:term":[{"taxonomy":"product_brand","embeddable":true,"href":"https:\/\/probelle.com.br\/en\/wp-json\/wp\/v2\/product_brand?post=23305"},{"taxonomy":"product_cat","embeddable":true,"href":"https:\/\/probelle.com.br\/en\/wp-json\/wp\/v2\/product_cat?post=23305"},{"taxonomy":"product_tag","embeddable":true,"href":"https:\/\/probelle.com.br\/en\/wp-json\/wp\/v2\/product_tag?post=23305"}],"curies":[{"name":"wp","href":"https:\/\/api.w.org\/{rel}","templated":true}]}}